{"id":13619,"date":"2024-03-27T16:46:34","date_gmt":"2024-03-27T16:46:34","guid":{"rendered":"https:\/\/alphalearning.com\/valores\/evaluation-session\/"},"modified":"2025-02-01T16:37:30","modified_gmt":"2025-02-01T16:37:30","slug":"sessao-de-avaliacao","status":"publish","type":"page","link":"https:\/\/alphalearning.com\/pt\/valores\/sessao-de-avaliacao\/","title":{"rendered":"Valores da Sess\u00e3o de Avalia\u00e7\u00e3o"},"content":{"rendered":"\n<div class=\"wp-block-uagb-advanced-heading uagb-block-0a84867a\"><h1 class=\"uagb-heading-text\">Pre\u00e7os da Sess\u00e3o de Avalia\u00e7\u00e3o Alphalearning<\/h1><\/div>\n\n\n\n<div class=\"wp-block-uagb-container uagb-block-6c2dfd9c alignfull uagb-is-root-container\"><div class=\"uagb-container-inner-blocks-wrap\">\n<div class=\"wp-block-uagb-advanced-heading uagb-block-d49668b1\"><h2 class=\"uagb-heading-text\">Sess\u00e3o de Avalia\u00e7\u00e3o \u2013 \u20ac 1,500<\/h2><\/div>\n\n\n\n<p>A Sess\u00e3o de Avalia\u00e7\u00e3o dura aproximadamente quatro horas e \u00e9 uma vers\u00e3o compacta do primeiro dia do nosso Curso Saber Aprender. Ela compreende quatro componentes principais:<\/p>\n\n\n\n<ol class=\"wp-block-list\">\n<li>Primeiramente, s\u00e3o realizados diversos testes neurol\u00f3gicos e leituras de EEG (eletroencefalograma) para avaliar o comportamento cerebral antes dos est\u00edmulos.<\/li>\n\n\n\n<li>Em seguida, configuramos o Sistema Brainwave III com programas espec\u00edficos para fornecer est\u00edmulos de luz e som, enquanto registramos continuamente as ondas cerebrais com o equipamento de EEG.<\/li>\n\n\n\n<li>Ap\u00f3s os est\u00edmulos, repetimos os mesmos testes neurol\u00f3gicos e leituras de EEG realizados no in\u00edcio.<\/li>\n\n\n\n<li>Por fim, explicamos em detalhes os resultados dos testes e do EEG, destacando as solu\u00e7\u00f5es potenciais para as quest\u00f5es ou metas do cliente e como atingi-las utilizando as t\u00e9cnicas do Alphalearning e o treinamento com o Sistema Brainwave III.<\/li>\n<\/ol>\n\n\n\n<p>As op\u00e7\u00f5es da Sess\u00e3o de Avalia\u00e7\u00e3o, de acordo com a forma de utiliza\u00e7\u00e3o do Sistema Brainwave III, s\u00e3o:<\/p>\n\n\n\n<ul class=\"wp-block-list\">\n<li>O cliente viaja at\u00e9 Braga (Portugal), onde o Alphalearning disponibiliza seu escrit\u00f3rio para a Sess\u00e3o de Avalia\u00e7\u00e3o.<\/li>\n\n\n\n<li>Se o cliente conhece algu\u00e9m com acesso ao Sistema Brainwave III, a sess\u00e3o pode ser conduzida remotamente via videoconfer\u00eancia, com a participa\u00e7\u00e3o ativa desse terceiro.<\/li>\n\n\n\n<li>Os clientes podem entrar em contato com o Alphalearning para localizar um profissional que utilize a tecnologia Brainwave em seu pa\u00eds. Nesse caso, a sess\u00e3o tamb\u00e9m pode ser conduzida remotamente via videoconfer\u00eancia, com participa\u00e7\u00e3o ativa do profissional.<\/li>\n\n\n\n<li>Existe a op\u00e7\u00e3o em qualquer lugar do mundo: o cliente arca com as despesas de viagem e acomoda\u00e7\u00e3o do instrutor, fornece um local para a Sess\u00e3o de Avalia\u00e7\u00e3o e paga uma taxa adicional de \u20ac 1.500 para cada dia em que o instrutor permanecer fora de seu escrit\u00f3rio.<\/li>\n<\/ul>\n\n\n\n<p>Se voc\u00ea ainda n\u00e3o tem certeza de como o Alphalearning pode ajud\u00e1-lo, <a href=\"https:\/\/alphalearning.com\/contact\/\">envie suas perguntas aqui<\/a>.<\/p>\n\n\n\n<div class=\"wp-block-uagb-advanced-heading uagb-block-19912766\"><h3 class=\"uagb-heading-text\">TERMOS DE PAGAMENTO:<\/h3><\/div>\n\n\n\n<ul class=\"wp-block-list\">\n<li>Para reservar uma Sess\u00e3o de Avalia\u00e7\u00e3o, \u00e9 necess\u00e1rio um dep\u00f3sito de 30% para garantir a sua vaga. O saldo restante deve ser quitado com pelo menos 45 dias de anteced\u00eancia ao in\u00edcio da sua Sess\u00e3o de Avalia\u00e7\u00e3o.<\/li>\n\n\n\n<li>Oferecemos diversas formas de pagamento conforme a sua localiza\u00e7\u00e3o. O Alphalearning recebe pagamentos via Wise e possui contas banc\u00e1rias na regi\u00e3o SEPA da Europa, no Reino Unido, nos EUA e na Austr\u00e1lia. Tamb\u00e9m aceitamos stablecoins (USDC e EURC) e, em circunst\u00e2ncias espec\u00edficas, PayPal\/Cart\u00f5es de Cr\u00e9dito, Bitcoin e Ethereum. As formas de pagamento aplic\u00e1veis ser\u00e3o detalhadas em seu contrato.<\/li>\n<\/ul>\n\n\n\n<p class=\"has-text-align-center\"><a href=\"https:\/\/alphalearning.com\/contact\/\">Entre em contato para agendar uma entrevista por videoconfer\u00eancia e iniciar seu processo de candidatura.<\/a>.<\/p>\n\n\n\n<p class=\"has-text-align-center\"><strong>ALPHALEARNING INTERNATIONAL<\/strong><br>Reino Unido: +44 20 8638 5321 :: Portugal: +351 253 193 321 :: Brasil: +55 11 3280 5321<\/p>\n\n\n\n<p class=\"has-text-align-center\">Explore mais em&nbsp;<a href=\"https:\/\/alphalearning.com\/pt\/\">Alphalearning.com\/pt\/<\/a><\/p>\n<\/div><\/div>\n","protected":false},"excerpt":{"rendered":"<p>Pre\u00e7os da Sess\u00e3o de Avalia\u00e7\u00e3o Alphalearning Sess\u00e3o de Avalia\u00e7\u00e3o \u2013 \u20ac 1,500 A Sess\u00e3o de Avalia\u00e7\u00e3o dura aproximadamente quatro horas [&hellip;]<\/p>\n","protected":false},"author":2,"featured_media":0,"parent":13596,"menu_order":603,"comment_status":"closed","ping_status":"closed","template":"","meta":{"_uag_custom_page_level_css":"","site-sidebar-layout":"default","site-content-layout":"","ast-site-content-layout":"default","site-content-style":"default","site-sidebar-style":"default","ast-global-header-display":"","ast-banner-title-visibility":"","ast-main-header-display":"","ast-hfb-above-header-display":"","ast-hfb-below-header-display":"","ast-hfb-mobile-header-display":"","site-post-title":"disabled","ast-breadcrumbs-content":"","ast-featured-img":"","footer-sml-layout":"","ast-disable-related-posts":"","theme-transparent-header-meta":"","adv-header-id-meta":"","stick-header-meta":"","header-above-stick-meta":"","header-main-stick-meta":"","header-below-stick-meta":"","astra-migrate-meta-layouts":"default","ast-page-background-enabled":"default","ast-page-background-meta":{"desktop":{"background-color":"var(--ast-global-color-4)","background-image":"","background-repeat":"repeat","background-position":"center center","background-size":"auto","background-attachment":"scroll","background-type":"","background-media":"","overlay-type":"","overlay-color":"","overlay-opacity":"","overlay-gradient":""},"tablet":{"background-color":"","background-image":"","background-repeat":"repeat","background-position":"center center","background-size":"auto","background-attachment":"scroll","background-type":"","background-media":"","overlay-type":"","overlay-color":"","overlay-opacity":"","overlay-gradient":""},"mobile":{"background-color":"","background-image":"","background-repeat":"repeat","background-position":"center center","background-size":"auto","background-attachment":"scroll","background-type":"","background-media":"","overlay-type":"","overlay-color":"","overlay-opacity":"","overlay-gradient":""}},"ast-content-background-meta":{"desktop":{"background-color":"var(--ast-global-color-5)","background-image":"","background-repeat":"repeat","background-position":"center center","background-size":"auto","background-attachment":"scroll","background-type":"","background-media":"","overlay-type":"","overlay-color":"","overlay-opacity":"","overlay-gradient":""},"tablet":{"background-color":"var(--ast-global-color-5)","background-image":"","background-repeat":"repeat","background-position":"center center","background-size":"auto","background-attachment":"scroll","background-type":"","background-media":"","overlay-type":"","overlay-color":"","overlay-opacity":"","overlay-gradient":""},"mobile":{"background-color":"var(--ast-global-color-5)","background-image":"","background-repeat":"repeat","background-position":"center center","background-size":"auto","background-attachment":"scroll","background-type":"","background-media":"","overlay-type":"","overlay-color":"","overlay-opacity":"","overlay-gradient":""}},"footnotes":""},"class_list":["post-13619","page","type-page","status-publish","hentry"],"yoast_head":"<!-- This site is optimized with the Yoast SEO plugin v27.1.1 - https:\/\/yoast.com\/product\/yoast-seo-wordpress\/ -->\n<title>Sess\u00e3o de Avalia\u00e7\u00e3o Alphalearning: Pre\u00e7os e Benef\u00edcios<\/title>\n<meta name=\"description\" content=\"Vivencie a Sess\u00e3o de Avalia\u00e7\u00e3o de quatro horas do Alphalearning, descubra os est\u00edmulos do Brainwave III e encontre solu\u00e7\u00f5es para suas metas de aprendizagem.\" \/>\n<meta name=\"robots\" content=\"index, follow, max-snippet:-1, max-image-preview:large, max-video-preview:-1\" \/>\n<link rel=\"canonical\" href=\"https:\/\/alphalearning.com\/pt\/valores\/sessao-de-avaliacao\/\" \/>\n<meta property=\"og:locale\" content=\"pt_PT\" \/>\n<meta property=\"og:type\" content=\"article\" \/>\n<meta property=\"og:title\" content=\"Sess\u00e3o de Avalia\u00e7\u00e3o Alphalearning: Pre\u00e7os e Benef\u00edcios\" \/>\n<meta property=\"og:description\" content=\"Vivencie a Sess\u00e3o de Avalia\u00e7\u00e3o de quatro horas do Alphalearning, descubra os est\u00edmulos do Brainwave III e encontre solu\u00e7\u00f5es para suas metas de aprendizagem.\" \/>\n<meta property=\"og:url\" content=\"https:\/\/alphalearning.com\/pt\/valores\/sessao-de-avaliacao\/\" \/>\n<meta property=\"og:site_name\" content=\"Alphalearning International\" \/>\n<meta property=\"article:modified_time\" content=\"2025-02-01T16:37:30+00:00\" \/>\n<meta property=\"og:image\" content=\"https:\/\/alphalearning.com\/wp-content\/uploads\/2024\/04\/alphalearning-logo_red_1200x675px.png\" \/>\n\t<meta property=\"og:image:width\" content=\"1200\" \/>\n\t<meta property=\"og:image:height\" content=\"675\" \/>\n\t<meta property=\"og:image:type\" content=\"image\/png\" \/>\n<meta name=\"twitter:card\" content=\"summary_large_image\" \/>\n<meta name=\"twitter:label1\" content=\"Est. reading time\" \/>\n\t<meta name=\"twitter:data1\" content=\"2 minutes\" \/>\n<!-- \/ Yoast SEO plugin. -->","yoast_head_json":{"title":"Sess\u00e3o de Avalia\u00e7\u00e3o Alphalearning: Pre\u00e7os e Benef\u00edcios","description":"Vivencie a Sess\u00e3o de Avalia\u00e7\u00e3o de quatro horas do Alphalearning, descubra os est\u00edmulos do Brainwave III e encontre solu\u00e7\u00f5es para suas metas de aprendizagem.","robots":{"index":"index","follow":"follow","max-snippet":"max-snippet:-1","max-image-preview":"max-image-preview:large","max-video-preview":"max-video-preview:-1"},"canonical":"https:\/\/alphalearning.com\/pt\/valores\/sessao-de-avaliacao\/","og_locale":"pt_PT","og_type":"article","og_title":"Sess\u00e3o de Avalia\u00e7\u00e3o Alphalearning: Pre\u00e7os e Benef\u00edcios","og_description":"Vivencie a Sess\u00e3o de Avalia\u00e7\u00e3o de quatro horas do Alphalearning, descubra os est\u00edmulos do Brainwave III e encontre solu\u00e7\u00f5es para suas metas de aprendizagem.","og_url":"https:\/\/alphalearning.com\/pt\/valores\/sessao-de-avaliacao\/","og_site_name":"Alphalearning International","article_modified_time":"2025-02-01T16:37:30+00:00","og_image":[{"width":1200,"height":675,"url":"https:\/\/alphalearning.com\/wp-content\/uploads\/2024\/04\/alphalearning-logo_red_1200x675px.png","type":"image\/png"}],"twitter_card":"summary_large_image","twitter_misc":{"Est. reading time":"2 minutes"},"schema":{"@context":"https:\/\/schema.org","@graph":[{"@type":"WebPage","@id":"https:\/\/alphalearning.com\/pt\/valores\/sessao-de-avaliacao\/","url":"https:\/\/alphalearning.com\/pt\/valores\/sessao-de-avaliacao\/","name":"Sess\u00e3o de Avalia\u00e7\u00e3o Alphalearning: Pre\u00e7os e Benef\u00edcios","isPartOf":{"@id":"https:\/\/alphalearning.com\/pt\/#website"},"datePublished":"2024-03-27T16:46:34+00:00","dateModified":"2025-02-01T16:37:30+00:00","description":"Vivencie a Sess\u00e3o de Avalia\u00e7\u00e3o de quatro horas do Alphalearning, descubra os est\u00edmulos do Brainwave III e encontre solu\u00e7\u00f5es para suas metas de aprendizagem.","breadcrumb":{"@id":"https:\/\/alphalearning.com\/pt\/valores\/sessao-de-avaliacao\/#breadcrumb"},"inLanguage":"pt","potentialAction":[{"@type":"ReadAction","target":["https:\/\/alphalearning.com\/pt\/valores\/sessao-de-avaliacao\/"]}]},{"@type":"BreadcrumbList","@id":"https:\/\/alphalearning.com\/pt\/valores\/sessao-de-avaliacao\/#breadcrumb","itemListElement":[{"@type":"ListItem","position":1,"name":"Home","item":"https:\/\/alphalearning.com\/pt\/"},{"@type":"ListItem","position":2,"name":"Valores","item":"https:\/\/alphalearning.com\/pt\/valores\/"},{"@type":"ListItem","position":3,"name":"Valores da Sess\u00e3o de Avalia\u00e7\u00e3o"}]},{"@type":"WebSite","@id":"https:\/\/alphalearning.com\/pt\/#website","url":"https:\/\/alphalearning.com\/pt\/","name":"Alphalearning International","description":"the brain training institute","publisher":{"@id":"https:\/\/alphalearning.com\/pt\/#organization"},"potentialAction":[{"@type":"SearchAction","target":{"@type":"EntryPoint","urlTemplate":"https:\/\/alphalearning.com\/pt\/?s={search_term_string}"},"query-input":{"@type":"PropertyValueSpecification","valueRequired":true,"valueName":"search_term_string"}}],"inLanguage":"pt"},{"@type":"Organization","@id":"https:\/\/alphalearning.com\/pt\/#organization","name":"Alphalearning International","url":"https:\/\/alphalearning.com\/pt\/","logo":{"@type":"ImageObject","inLanguage":"pt","@id":"https:\/\/alphalearning.com\/pt\/#\/schema\/logo\/image\/","url":"https:\/\/alphalearning.com\/wp-content\/uploads\/2024\/03\/alphalearning_ico2_512px.png","contentUrl":"https:\/\/alphalearning.com\/wp-content\/uploads\/2024\/03\/alphalearning_ico2_512px.png","width":512,"height":512,"caption":"Alphalearning International"},"image":{"@id":"https:\/\/alphalearning.com\/pt\/#\/schema\/logo\/image\/"}}]}},"uagb_featured_image_src":{"full":false,"thumbnail":false,"medium":false,"medium_large":false,"large":false,"1536x1536":false,"2048x2048":false,"gform-image-choice-sm":false,"gform-image-choice-md":false,"gform-image-choice-lg":false},"uagb_author_info":{"display_name":"Julio Machado","author_link":"https:\/\/alphalearning.com\/pt\/author\/julio-machado\/"},"uagb_comment_info":0,"uagb_excerpt":"Pre\u00e7os da Sess\u00e3o de Avalia\u00e7\u00e3o Alphalearning Sess\u00e3o de Avalia\u00e7\u00e3o \u2013 \u20ac 1,500 A Sess\u00e3o de Avalia\u00e7\u00e3o dura aproximadamente quatro horas [&hellip;]","_links":{"self":[{"href":"https:\/\/alphalearning.com\/pt\/wp-json\/wp\/v2\/pages\/13619","targetHints":{"allow":["GET"]}}],"collection":[{"href":"https:\/\/alphalearning.com\/pt\/wp-json\/wp\/v2\/pages"}],"about":[{"href":"https:\/\/alphalearning.com\/pt\/wp-json\/wp\/v2\/types\/page"}],"author":[{"embeddable":true,"href":"https:\/\/alphalearning.com\/pt\/wp-json\/wp\/v2\/users\/2"}],"replies":[{"embeddable":true,"href":"https:\/\/alphalearning.com\/pt\/wp-json\/wp\/v2\/comments?post=13619"}],"version-history":[{"count":2,"href":"https:\/\/alphalearning.com\/pt\/wp-json\/wp\/v2\/pages\/13619\/revisions"}],"predecessor-version":[{"id":14872,"href":"https:\/\/alphalearning.com\/pt\/wp-json\/wp\/v2\/pages\/13619\/revisions\/14872"}],"up":[{"embeddable":true,"href":"https:\/\/alphalearning.com\/pt\/wp-json\/wp\/v2\/pages\/13596"}],"wp:attachment":[{"href":"https:\/\/alphalearning.com\/pt\/wp-json\/wp\/v2\/media?parent=13619"}],"curies":[{"name":"wp","href":"https:\/\/api.w.org\/{rel}","templated":true}]}}