{"id":13612,"date":"2024-03-27T16:46:18","date_gmt":"2024-03-27T16:46:18","guid":{"rendered":"https:\/\/alphalearning.com\/valores\/brainwave-iii\/"},"modified":"2025-02-01T17:38:37","modified_gmt":"2025-02-01T17:38:37","slug":"brainwave-iii","status":"publish","type":"page","link":"https:\/\/alphalearning.com\/pt\/valores\/brainwave-iii\/","title":{"rendered":"Valores do Brainwave III"},"content":{"rendered":"\n<div class=\"wp-block-uagb-advanced-heading uagb-block-cacbafd1\"><h1 class=\"uagb-heading-text\">Pre\u00e7os do Alphalearning Brainwave III<\/h1><\/div>\n\n\n\n<div class=\"wp-block-uagb-advanced-heading uagb-block-3a76af3c\"><h2 class=\"uagb-heading-text\">Custos Detalhados para o Sistema Brainwave III<\/h2><\/div>\n\n\n\n<div class=\"wp-block-uagb-tabs uagb-block-9446f78b uagb-tabs__wrap uagb-tabs__hstyle1-desktop uagb-tabs__vstyle6-tablet uagb-tabs__stack1-mobile\" data-tab-active=\"0\"><ul class=\"uagb-tabs__panel uagb-tabs__align-left\" role=\"tablist\"><li class=\"uagb-tab uagb-tabs__active\" role=\"none\"><a href=\"#uagb-tabs__tab0\" class=\"uagb-tabs-list uagb-tabs__icon-position-left\" data-tab=\"0\" role=\"tab\"><div>Sistema Brainwave III <strong>(para quem j\u00e1 participou de um Curso Saber Aprender do Alphalearning)<\/strong><\/div><\/a><\/li><\/ul><div class=\"uagb-tabs__body-wrap\">\n<div class=\"wp-block-uagb-tabs-child uagb-tabs__body-container uagb-inner-tab-0\" aria-labelledby=\"uagb-tabs__tab0\">\n<p>A elegibilidade para atualizar para o novo Sistema Brainwave III ou adquirir pe\u00e7as adicionais \u00e9 exclusiva para quem j\u00e1 participou de um Curso Saber Aprender do Alphalearning.<\/p>\n\n\n\n<p>O Sistema Brainwave III n\u00e3o necessita mais de um computador para operar as luzes. Saiba mais sobre esta vers\u00e3o inovadora na p\u00e1gina <a href=\"https:\/\/alphalearning.com\/pt\/evolucao-brainwave-alphalearning\/\">A Evolu\u00e7\u00e3o do Sistema Brainwave<\/a>.<\/p>\n\n\n\n<p>Detalhes de pre\u00e7o: \u20ac3.000 pelo Controlador do Brainwave III, \u20ac3.000 pelo Sinergizador Neuronal \u00d3ptico-Ac\u00fastico e \u20ac3.000 pelo Equipamento de Eletroencefalografia &amp; Neurofeedback. O Controlador pode gerenciar simultaneamente at\u00e9 dois conjuntos do Sinergizador Neuronal \u00d3ptico-Ac\u00fastico e \u00e9 compat\u00edvel com todos os conjuntos de luzes do Instituto Alphalearning projetados para o software Lotus.<\/p>\n\n\n\n<p><strong>Para iniciar seu pedido, indique <a href=\"https:\/\/alphalearning.com\/contact\/\">em nossa p\u00e1gina de contato<\/a> que voc\u00ea j\u00e1 participou de um Curso Saber Aprender do Alphalearning e envie-nos uma mensagem.<\/strong><\/p>\n\n\n\n<p>Use a calculadora abaixo para estimar o custo total do seu pedido desejado.<\/p>\n\n\n<div class=\"btQuoteBooking  btQuoteBookingWithColor c69e7985437020\" style=\"color: #961515;\" data-admin_email=\"\" data-cf7_id=\"\" data-email_client=\"\" data-email_gdpr=\"\" data-email_gdpr_text=\"\" data-email_gdpr_not_text=\"\" data-email_rtl=\"\" data-currency=\"\u20ac\" data-currency_after=\"\" data-currency_space=\"yes\" data-url_confirmation=\"\" data-url_ajax=\"https:\/\/alphalearning.com\/wp-admin\/admin-ajax.php\" data-subject=\"\" data-email_header=\"\" data-email_footer=\"\" data-date_text=\"Preferred Service Date\" data-time_text=\"Preferred Service Time\" data-message_please_wait=\"Please wait...\" data-message_success=\"Thank you, we will contact you soon!\" data-message_error=\"Error! Please try again later.\" data-message_mandatory=\"Please fill out all required fields.\" data-rec_secret_key=\"\" data-total_text=\"Total\" data-total_format=\"currency_2\" data-total_decimals=\"0\" data-date_format=\"mm\/dd\/yy\" data-bt_cc_nonce=\"80dae80bb2\" data-hide_total=\"\" data-hide_subtotal=\"\" data-wc_product_id=\"\" data-wc_quote_text=\"Quote\" data-wc_single_product=\"no\" data-wc_product_price=\"\"><div class=\"btQuoteBookingWrap\"><div class=\"btQuoteBookingForm btActive\"><div class=\"btQuoteGBlock \" data-eval=\"dmFyIGJ3X2NvbnRyb2xsZXIgPSAkMTsKdmFyIGJ3X29wdGljYWwgPSAkMjsKdmFyIGJ3X2VlZyA9ICQzOwp2YXIgYndfc2hpcCA9ICQ0Owp2YXIgYndfZGlzYyA9IDA7Cgp2YXIgYndfZGlzYyA9IGJ3X2NvbnRyb2xsZXIgLyA2ICsgYndfb3B0aWNhbCAvIDYKdmFyIGJ3X29wdGlvbmFscyA9IGJ3X2NvbnRyb2xsZXIgKyBid19vcHRpY2FsICsgYndfZWVnICsgYndfc2hpcCArIGJ3X2Rpc2MKCgpzZXRTdWJ0b3RhbCggJ2J3Y29udF90b3RhbCcsIGJ3X2NvbnRyb2xsZXIgKTsKc2V0U3VidG90YWwoICdvbnNfdG90YWwnLCBid19vcHRpY2FsICk7CnNldFN1YnRvdGFsKCAnZWVnX3RvdGFsJywgYndfZWVnICk7CnNldFN1YnRvdGFsKCAnc2hpcF90b3RhbCcsIGJ3X3NoaXAgKTsKc2V0U3VidG90YWwoICdkaXNjX3RvdGFsJywgYndfZGlzYyApOwoKCgppZiAoYndfY29udHJvbGxlciArIGJ3X29wdGljYWwgKyBid19lZWcgPT0gMCkgIGJ3X29wdGlvbmFscyA9IDA7CmlmIChid19jb250cm9sbGVyICsgYndfb3B0aWNhbCArIGJ3X2VlZyA+IDApICBid19vcHRpb25hbHMgPSBid19jb250cm9sbGVyICsgYndfb3B0aWNhbCArIGJ3X2VlZyArIGJ3X3NoaXAgLSAwOwoKcmV0dXJuIGJ3X29wdGlvbmFsczs=\" data-paypal_label=\"\" id=\"btQuoteItem69e798543716b\" style=\"color: #961515;\"><H3>Sistema Brainwave III<\/H3><div class=\"btQuoteItem \" id=\"btQuoteItem69e7985437340\" style=\"color: #961515\"><label>Controlador do Brainwave III<\/label>\n\t\t<div class=\"btQuoteItemInput\"><div class=\"btQuoteSlider btQuoteElement\" data-value=\"0\"  data-initial-value=\"0\" data-min=\"0\" data-max=\"6\" data-step=\"1\" data-price=\"3000\" data-offset=\"0\" data-condition=\"\" data-raw-value-only=\"\"><\/div><span class=\"btQuoteSliderValue\">0<\/span><\/div><\/div><div class=\"btQuoteItem \" id=\"btQuoteItem69e79854374c8\" style=\"color: #961515\"><label>Sinergizador Neuronal \u00d3ptico<\/label>\n\t\t<div class=\"btQuoteItemInput\"><div class=\"btQuoteSlider btQuoteElement\" data-value=\"0\"  data-initial-value=\"0\" data-min=\"0\" data-max=\"6\" data-step=\"1\" data-price=\"3000\" data-offset=\"0\" data-condition=\"\" data-raw-value-only=\"\"><\/div><span class=\"btQuoteSliderValue\">0<\/span><\/div><\/div><div class=\"btQuoteItem \" id=\"btQuoteItem69e7985437630\" style=\"color: #961515\"><label>Equipamento de Eletroencefalografia &amp; Neurofeedback<\/label>\n\t\t<div class=\"btQuoteItemInput\"><div class=\"btQuoteSlider btQuoteElement\" data-value=\"0\"  data-initial-value=\"0\" data-min=\"0\" data-max=\"6\" data-step=\"1\" data-price=\"3000\" data-offset=\"0\" data-condition=\"\" data-raw-value-only=\"\"><\/div><span class=\"btQuoteSliderValue\">0<\/span><\/div><\/div><div class=\"btQuoteItem \" id=\"btQuoteItem69e798543778c\" ><label>Escolha um destino de envio<\/label>\n\t\t<div class=\"btQuoteItemInput\"><div id=\"69e79854377efW428\" class=\"btQuoteSelect btContactField btDropDown btQuoteElement\" data-condition=\"\" data-initial-value=\"1\" data-raw-value-only=\"\"><\/div><\/div><\/div><div id=\"btSubtotalIdbwcont_total\" class=\"btQuoteSubtotal\" data-label=\"Controlador do Brainwave III\"><span class=\"btQuoteSubtotalText\">Controlador do Brainwave III<\/span><span class=\"btQuoteSubtotalCalc\"><\/span><\/div><div id=\"btSubtotalIdons_total\" class=\"btQuoteSubtotal\" data-label=\"Sinergizador Neuronal \u00d3ptico\"><span class=\"btQuoteSubtotalText\">Sinergizador Neuronal \u00d3ptico<\/span><span class=\"btQuoteSubtotalCalc\"><\/span><\/div><div id=\"btSubtotalIdeeg_total\" class=\"btQuoteSubtotal\" data-label=\"Equipamento de Eletroencefalografia &amp; Neurofeedback\"><span class=\"btQuoteSubtotalText\">Equipamento de Eletroencefalografia &amp; Neurofeedback<\/span><span class=\"btQuoteSubtotalCalc\"><\/span><\/div><div id=\"btSubtotalIdship_total\" class=\"btQuoteSubtotal\" data-label=\"Envio\"><span class=\"btQuoteSubtotalText\">Envio<\/span><span class=\"btQuoteSubtotalCalc\"><\/span><\/div><div class=\"bt_cc_separator bt_cc_top_spacing_small bt_cc_bottom_spacing_small bt_cc_border_style_dotted\" id=\"bt_cc_separator69e79854379a8\" ><\/div><\/div><div class=\"btTotalNextWrapper\"><div class=\"btQuoteTotal\"><span class=\"btQuoteTotalText\">Total<\/span><span class=\"btQuoteTotalCurrency\">\u20ac&nbsp;<\/span><span class=\"btQuoteTotalCalc\"><\/span><\/div><\/div><\/div><\/div><\/div>\n<\/div>\n<\/div><\/div>\n\n\n\n<div class=\"wp-block-uagb-container uagb-block-720f4926 alignfull uagb-is-root-container\"><div class=\"uagb-container-inner-blocks-wrap\">\n<div class=\"wp-block-uagb-advanced-heading uagb-block-6e870ead\"><h3 class=\"uagb-heading-text\">Iniciando seu pedido:<\/h3><\/div>\n\n\n\n<ul class=\"wp-block-list\">\n<li><strong>Para iniciar seu pedido, confirme sua participa\u00e7\u00e3o anterior em um curso do Alphalearning <a href=\"https:\/\/alphalearning.com\/contact\/\">na nossa p\u00e1gina de contato<\/a> e envie-nos sua mensagem.<\/strong><\/li>\n<\/ul>\n\n\n\n<p class=\"has-text-align-center\"><strong>ALPHALEARNING INTERNACIONAL<\/strong><br>Reino Unido: +44 20 8638 5321 :: Portugal: +351 253 193 321 :: Brasil: +55 11 3280 5321<\/p>\n\n\n\n<p class=\"has-text-align-center\">Explore mais em&nbsp;<a href=\"https:\/\/alphalearning.com\/pt\/\">Alphalearning.com\/pt\/<\/a><\/p>\n<\/div><\/div>\n","protected":false},"excerpt":{"rendered":"<p>Pre\u00e7os do Alphalearning Brainwave III Custos Detalhados para o Sistema Brainwave III Iniciando seu pedido: ALPHALEARNING INTERNACIONALReino Unido: +44 20 [&hellip;]<\/p>\n","protected":false},"author":2,"featured_media":0,"parent":13596,"menu_order":602,"comment_status":"closed","ping_status":"closed","template":"","meta":{"_uag_custom_page_level_css":"","site-sidebar-layout":"default","site-content-layout":"","ast-site-content-layout":"default","site-content-style":"default","site-sidebar-style":"default","ast-global-header-display":"","ast-banner-title-visibility":"","ast-main-header-display":"","ast-hfb-above-header-display":"","ast-hfb-below-header-display":"","ast-hfb-mobile-header-display":"","site-post-title":"disabled","ast-breadcrumbs-content":"","ast-featured-img":"","footer-sml-layout":"","ast-disable-related-posts":"","theme-transparent-header-meta":"","adv-header-id-meta":"","stick-header-meta":"","header-above-stick-meta":"","header-main-stick-meta":"","header-below-stick-meta":"","astra-migrate-meta-layouts":"default","ast-page-background-enabled":"default","ast-page-background-meta":{"desktop":{"background-color":"var(--ast-global-color-4)","background-image":"","background-repeat":"repeat","background-position":"center center","background-size":"auto","background-attachment":"scroll","background-type":"","background-media":"","overlay-type":"","overlay-color":"","overlay-opacity":"","overlay-gradient":""},"tablet":{"background-color":"","background-image":"","background-repeat":"repeat","background-position":"center center","background-size":"auto","background-attachment":"scroll","background-type":"","background-media":"","overlay-type":"","overlay-color":"","overlay-opacity":"","overlay-gradient":""},"mobile":{"background-color":"","background-image":"","background-repeat":"repeat","background-position":"center center","background-size":"auto","background-attachment":"scroll","background-type":"","background-media":"","overlay-type":"","overlay-color":"","overlay-opacity":"","overlay-gradient":""}},"ast-content-background-meta":{"desktop":{"background-color":"var(--ast-global-color-5)","background-image":"","background-repeat":"repeat","background-position":"center center","background-size":"auto","background-attachment":"scroll","background-type":"","background-media":"","overlay-type":"","overlay-color":"","overlay-opacity":"","overlay-gradient":""},"tablet":{"background-color":"var(--ast-global-color-5)","background-image":"","background-repeat":"repeat","background-position":"center center","background-size":"auto","background-attachment":"scroll","background-type":"","background-media":"","overlay-type":"","overlay-color":"","overlay-opacity":"","overlay-gradient":""},"mobile":{"background-color":"var(--ast-global-color-5)","background-image":"","background-repeat":"repeat","background-position":"center center","background-size":"auto","background-attachment":"scroll","background-type":"","background-media":"","overlay-type":"","overlay-color":"","overlay-opacity":"","overlay-gradient":""}},"footnotes":""},"class_list":["post-13612","page","type-page","status-publish","hentry"],"yoast_head":"<!-- This site is optimized with the Yoast SEO plugin v27.1.1 - https:\/\/yoast.com\/product\/yoast-seo-wordpress\/ -->\n<title>Alphalearning Brainwave III: Pre\u00e7os e Informa\u00e7\u00f5es de Envio<\/title>\n<meta name=\"description\" content=\"Descubra os pre\u00e7os, op\u00e7\u00f5es de envio e upgrades exclusivos para o Brainwave III do Alphalearning. Garanta j\u00e1 o seu.\" \/>\n<meta name=\"robots\" content=\"index, follow, max-snippet:-1, max-image-preview:large, max-video-preview:-1\" \/>\n<link rel=\"canonical\" href=\"https:\/\/alphalearning.com\/pt\/valores\/brainwave-iii\/\" \/>\n<meta property=\"og:locale\" content=\"pt_PT\" \/>\n<meta property=\"og:type\" content=\"article\" \/>\n<meta property=\"og:title\" content=\"Alphalearning Brainwave III: Pre\u00e7os e Informa\u00e7\u00f5es de Envio\" \/>\n<meta property=\"og:description\" content=\"Descubra os pre\u00e7os, op\u00e7\u00f5es de envio e upgrades exclusivos para o Brainwave III do Alphalearning. Garanta j\u00e1 o seu.\" \/>\n<meta property=\"og:url\" content=\"https:\/\/alphalearning.com\/pt\/valores\/brainwave-iii\/\" \/>\n<meta property=\"og:site_name\" content=\"Alphalearning International\" \/>\n<meta property=\"article:modified_time\" content=\"2025-02-01T17:38:37+00:00\" \/>\n<meta property=\"og:image\" content=\"https:\/\/alphalearning.com\/wp-content\/uploads\/2024\/04\/alphalearning-logo_red_1200x675px.png\" \/>\n\t<meta property=\"og:image:width\" content=\"1200\" \/>\n\t<meta property=\"og:image:height\" content=\"675\" \/>\n\t<meta property=\"og:image:type\" content=\"image\/png\" \/>\n<meta name=\"twitter:card\" content=\"summary_large_image\" \/>\n<meta name=\"twitter:label1\" content=\"Est. reading time\" \/>\n\t<meta name=\"twitter:data1\" content=\"1 minute\" \/>\n<!-- \/ Yoast SEO plugin. -->","yoast_head_json":{"title":"Alphalearning Brainwave III: Pre\u00e7os e Informa\u00e7\u00f5es de Envio","description":"Descubra os pre\u00e7os, op\u00e7\u00f5es de envio e upgrades exclusivos para o Brainwave III do Alphalearning. Garanta j\u00e1 o seu.","robots":{"index":"index","follow":"follow","max-snippet":"max-snippet:-1","max-image-preview":"max-image-preview:large","max-video-preview":"max-video-preview:-1"},"canonical":"https:\/\/alphalearning.com\/pt\/valores\/brainwave-iii\/","og_locale":"pt_PT","og_type":"article","og_title":"Alphalearning Brainwave III: Pre\u00e7os e Informa\u00e7\u00f5es de Envio","og_description":"Descubra os pre\u00e7os, op\u00e7\u00f5es de envio e upgrades exclusivos para o Brainwave III do Alphalearning. Garanta j\u00e1 o seu.","og_url":"https:\/\/alphalearning.com\/pt\/valores\/brainwave-iii\/","og_site_name":"Alphalearning International","article_modified_time":"2025-02-01T17:38:37+00:00","og_image":[{"width":1200,"height":675,"url":"https:\/\/alphalearning.com\/wp-content\/uploads\/2024\/04\/alphalearning-logo_red_1200x675px.png","type":"image\/png"}],"twitter_card":"summary_large_image","twitter_misc":{"Est. reading time":"1 minute"},"schema":{"@context":"https:\/\/schema.org","@graph":[{"@type":"WebPage","@id":"https:\/\/alphalearning.com\/pt\/valores\/brainwave-iii\/","url":"https:\/\/alphalearning.com\/pt\/valores\/brainwave-iii\/","name":"Alphalearning Brainwave III: Pre\u00e7os e Informa\u00e7\u00f5es de Envio","isPartOf":{"@id":"https:\/\/alphalearning.com\/pt\/#website"},"datePublished":"2024-03-27T16:46:18+00:00","dateModified":"2025-02-01T17:38:37+00:00","description":"Descubra os pre\u00e7os, op\u00e7\u00f5es de envio e upgrades exclusivos para o Brainwave III do Alphalearning. Garanta j\u00e1 o seu.","breadcrumb":{"@id":"https:\/\/alphalearning.com\/pt\/valores\/brainwave-iii\/#breadcrumb"},"inLanguage":"pt","potentialAction":[{"@type":"ReadAction","target":["https:\/\/alphalearning.com\/pt\/valores\/brainwave-iii\/"]}]},{"@type":"BreadcrumbList","@id":"https:\/\/alphalearning.com\/pt\/valores\/brainwave-iii\/#breadcrumb","itemListElement":[{"@type":"ListItem","position":1,"name":"Home","item":"https:\/\/alphalearning.com\/pt\/"},{"@type":"ListItem","position":2,"name":"Valores","item":"https:\/\/alphalearning.com\/pt\/valores\/"},{"@type":"ListItem","position":3,"name":"Valores do Brainwave III"}]},{"@type":"WebSite","@id":"https:\/\/alphalearning.com\/pt\/#website","url":"https:\/\/alphalearning.com\/pt\/","name":"Alphalearning International","description":"the brain training institute","publisher":{"@id":"https:\/\/alphalearning.com\/pt\/#organization"},"potentialAction":[{"@type":"SearchAction","target":{"@type":"EntryPoint","urlTemplate":"https:\/\/alphalearning.com\/pt\/?s={search_term_string}"},"query-input":{"@type":"PropertyValueSpecification","valueRequired":true,"valueName":"search_term_string"}}],"inLanguage":"pt"},{"@type":"Organization","@id":"https:\/\/alphalearning.com\/pt\/#organization","name":"Alphalearning International","url":"https:\/\/alphalearning.com\/pt\/","logo":{"@type":"ImageObject","inLanguage":"pt","@id":"https:\/\/alphalearning.com\/pt\/#\/schema\/logo\/image\/","url":"https:\/\/alphalearning.com\/wp-content\/uploads\/2024\/03\/alphalearning_ico2_512px.png","contentUrl":"https:\/\/alphalearning.com\/wp-content\/uploads\/2024\/03\/alphalearning_ico2_512px.png","width":512,"height":512,"caption":"Alphalearning International"},"image":{"@id":"https:\/\/alphalearning.com\/pt\/#\/schema\/logo\/image\/"}}]}},"uagb_featured_image_src":{"full":false,"thumbnail":false,"medium":false,"medium_large":false,"large":false,"1536x1536":false,"2048x2048":false,"gform-image-choice-sm":false,"gform-image-choice-md":false,"gform-image-choice-lg":false},"uagb_author_info":{"display_name":"Julio Machado","author_link":"https:\/\/alphalearning.com\/pt\/author\/julio-machado\/"},"uagb_comment_info":0,"uagb_excerpt":"Pre\u00e7os do Alphalearning Brainwave III Custos Detalhados para o Sistema Brainwave III Iniciando seu pedido: ALPHALEARNING INTERNACIONALReino Unido: +44 20 [&hellip;]","_links":{"self":[{"href":"https:\/\/alphalearning.com\/pt\/wp-json\/wp\/v2\/pages\/13612","targetHints":{"allow":["GET"]}}],"collection":[{"href":"https:\/\/alphalearning.com\/pt\/wp-json\/wp\/v2\/pages"}],"about":[{"href":"https:\/\/alphalearning.com\/pt\/wp-json\/wp\/v2\/types\/page"}],"author":[{"embeddable":true,"href":"https:\/\/alphalearning.com\/pt\/wp-json\/wp\/v2\/users\/2"}],"replies":[{"embeddable":true,"href":"https:\/\/alphalearning.com\/pt\/wp-json\/wp\/v2\/comments?post=13612"}],"version-history":[{"count":3,"href":"https:\/\/alphalearning.com\/pt\/wp-json\/wp\/v2\/pages\/13612\/revisions"}],"predecessor-version":[{"id":14885,"href":"https:\/\/alphalearning.com\/pt\/wp-json\/wp\/v2\/pages\/13612\/revisions\/14885"}],"up":[{"embeddable":true,"href":"https:\/\/alphalearning.com\/pt\/wp-json\/wp\/v2\/pages\/13596"}],"wp:attachment":[{"href":"https:\/\/alphalearning.com\/pt\/wp-json\/wp\/v2\/media?parent=13612"}],"curies":[{"name":"wp","href":"https:\/\/api.w.org\/{rel}","templated":true}]}}