{"id":13567,"date":"2024-03-27T16:44:51","date_gmt":"2024-03-27T16:44:51","guid":{"rendered":"https:\/\/alphalearning.com\/nossos-servicos\/professional-application-course\/"},"modified":"2025-05-01T07:24:41","modified_gmt":"2025-05-01T06:24:41","slug":"curso-aplicacao-profissional","status":"publish","type":"page","link":"https:\/\/alphalearning.com\/pt\/nossos-servicos\/curso-aplicacao-profissional\/","title":{"rendered":"Curso Para Aplica\u00e7\u00e3o Profissional"},"content":{"rendered":"\n<div class=\"wp-block-uagb-advanced-heading uagb-block-46d2fee2\"><h1 class=\"uagb-heading-text\">Curso para Aplica\u00e7\u00e3o Profissional<\/h1><\/div>\n\n\n\n<div class=\"wp-block-uagb-container uagb-block-cbd21ef5 alignfull uagb-is-root-container\"><div class=\"uagb-container-inner-blocks-wrap\">\n<div class=\"wp-block-uagb-advanced-heading uagb-block-feb16430\"><h2 class=\"uagb-heading-text\">Por que o <em>Curso para Aplica\u00e7\u00e3o Profissional?<\/em><\/h2><\/div>\n\n\n\n<p>O <strong>Curso para Aplica\u00e7\u00e3o Profissional<\/strong> foi criado de forma \u00fanica para profissionais que desejam <strong>incorporar os equipamentos e t\u00e9cnicas de ponta do Alphalearning \u00e0 sua pr\u00e1tica.<\/strong> Este curso exclusivo de cinco dias, indicado para <strong>1 a 4 participantes<\/strong>, n\u00e3o apenas aprimora suas ferramentas profissionais, mas tamb\u00e9m enriquece suas habilidades cognitivas pessoais, de modo semelhante \u00e0s experi\u00eancias transformadoras dos participantes de nosso Curso Individual ou Familiar.<\/p>\n\n\n\n<div class=\"wp-block-uagb-advanced-heading uagb-block-20ffead5\"><h2 class=\"uagb-heading-text\">Sobre Este Curso<\/h2><\/div>\n\n\n\n<p>Focado na <strong>aplica\u00e7\u00e3o profissional<\/strong> <strong>do\u202fSistema Brainwave III<\/strong>\u202fe <strong>das\u202fT\u00e9cnicas Alphalearning<\/strong>, o curso requer a aquisi\u00e7\u00e3o de um conjunto completo do Sistema Brainwave III para cada localidade representada, viabilizando a aplica\u00e7\u00e3o dos m\u00e9todos do Alphalearning em contexto profissional. <strong>Al\u00e9m<\/strong> de ampliar sua atua\u00e7\u00e3o profissional, os participantes alcan\u00e7ar\u00e3o um profundo crescimento pessoal e dominar\u00e3o o controle de suas frequ\u00eancias cerebrais para otimizar o desempenho cognitivo.<\/p>\n\n\n\n<div class=\"wp-block-uagb-advanced-heading uagb-block-a2945d14\"><h2 class=\"uagb-heading-text\">Para Quem \u00c9 Este Curso<\/h2><\/div>\n\n\n\n<p>Ideal para <strong>m\u00e9dicos, psic\u00f3logos, terapeutas, educadores e outros profissionais<\/strong>, o curso funciona como um canal para integrar <strong>t\u00e9cnicas de neurofeedback e aprimoramento cognitivo<\/strong> aos servi\u00e7os profissionais, oferecendo o benef\u00edcio duplo de melhorar tanto o bem-estar pessoal quanto a pr\u00e1tica profissional.<\/p>\n\n\n\n<div class=\"wp-block-uagb-advanced-heading uagb-block-a087c216\"><h2 class=\"uagb-heading-text\">Estrutura do Curso<\/h2><\/div>\n\n\n\n<p>Este <strong>curso intensivo de cinco dias<\/strong> \u00e9 estruturado para atender \u00e0s necessidades espec\u00edficas de profissionais. Os participantes se aprofundar\u00e3o nos aspectos te\u00f3ricos e nas aplica\u00e7\u00f5es pr\u00e1ticas da tecnologia do <strong>Sistema Brainwave III<\/strong>, garantindo uma compreens\u00e3o abrangente e a habilidade de aplicar essas t\u00e9cnicas em seu ambiente de trabalho, al\u00e9m de impulsionar o pr\u00f3prio desenvolvimento pessoal.<\/p>\n\n\n\n<div class=\"wp-block-uagb-advanced-heading uagb-block-dd6511ed\"><h2 class=\"uagb-heading-text\">O Que Voc\u00ea Vai Aprender<\/h2><\/div>\n\n\n\n<ul class=\"wp-block-list\">\n<li>Compreens\u00e3o e aplica\u00e7\u00e3o abrangentes das <strong>t\u00e9cnicas Alphalearning<\/strong> para uso profissional e pessoal.<\/li>\n\n\n\n<li>Uso eficaz <strong>do\u202fSistema Brainwave III<\/strong> para potencializar clareza mental, foco e efici\u00eancia de aprendizagem.<\/li>\n\n\n\n<li><strong>Opera\u00e7\u00e3o pr\u00e1tica<\/strong> do\u202fSistema Brainwave III, adquirindo seguran\u00e7a para treinamentos e aplica\u00e7\u00f5es futuras.<\/li>\n\n\n\n<li>Estrat\u00e9gias para melhorar <strong>mem\u00f3ria, velocidade de leitura, compreens\u00e3o<\/strong> e gerenciamento de estresse.<\/li>\n\n\n\n<li>T\u00e9cnicas para comandar o c\u00e9rebro a atingir imediatamente cada uma das quatro principais frequ\u00eancias cerebrais: <strong>Delta, Teta, Alfa e Beta.<\/strong><\/li>\n<\/ul>\n\n\n\n<div class=\"wp-block-uagb-advanced-heading uagb-block-6fe66c83\"><h2 class=\"uagb-heading-text\">Benef\u00edcios Adicionais do Curso<\/h2><\/div>\n\n\n\n<p>Al\u00e9m do avan\u00e7o profissional, participar do Curso para Aplica\u00e7\u00e3o Profissional traz benef\u00edcios pessoais significativos:<\/p>\n\n\n\n<ul class=\"wp-block-list\">\n<li>Capacidade de <strong>dominar as frequ\u00eancias cerebrais<\/strong> para relaxamento profundo, aprimoramento da mem\u00f3ria, aprendizagem e tomada de decis\u00f5es.<\/li>\n\n\n\n<li>Fortalecimento das <strong>habilidades cognitivas<\/strong> e aumento do QI para impulsionar o sucesso profissional e pessoal.<\/li>\n\n\n\n<li><strong>Base s\u00f3lida<\/strong> para o aprendizado cont\u00ednuo e desenvolvimento pessoal, aliada \u00e0 aplica\u00e7\u00e3o profissional.<\/li>\n\n\n\n<li><strong>Acesso exclusivo<\/strong> \u00e0 tecnologia e \u00e0s t\u00e9cnicas do\u202fAlphalearning, estabelecendo um novo padr\u00e3o em servi\u00e7os de aprimoramento cognitivo.<\/li>\n\n\n\n<li>Amplia\u00e7\u00e3o dos servi\u00e7os profissionais com solu\u00e7\u00f5es inovadoras para desafios de cogni\u00e7\u00e3o e aprendizagem, oferecendo <strong>vantagem competitiva em sua \u00e1rea.<\/strong><\/li>\n<\/ul>\n\n\n\n<div class=\"wp-block-uagb-advanced-heading uagb-block-f962d272\"><h2 class=\"uagb-heading-text\">Como se Inscrever<\/h2><\/div>\n\n\n\n<p>Profissionais que desejam transcender as fronteiras tradicionais em sua pr\u00e1tica s\u00e3o convidados a embarcar nesta jornada com o\u202fAlphalearning. Personalize seu desenvolvimento profissional com <strong>nosso\u202fCurso Para Aplica\u00e7\u00e3o Profissional<\/strong>, que busca n\u00e3o apenas transformar sua pr\u00e1tica, mas tamb\u00e9m enriquecer suas capacidades cognitivas pessoais. <a href=\"https:\/\/alphalearning.com\/personalised-consultation\/\"><strong>Agende hoje mesmo sua\u202fConsulta Personalizada e inicie sua jornada transformadora<\/strong><\/a>.<\/p>\n<\/div><\/div>\n\n\n\n<div class=\"wp-block-uagb-container uagb-block-e7248b38 alignfull uagb-is-root-container\"><div class=\"uagb-container-inner-blocks-wrap\">\n<div class=\"wp-block-uagb-container uagb-block-1ec55a6b\">\n<div class=\"wp-block-uagb-buttons uagb-buttons__outer-wrap uagb-btn__default-btn uagb-btn-tablet__default-btn uagb-btn-mobile__default-btn uagb-block-379c62b6\"><div class=\"uagb-buttons__wrap uagb-buttons-layout-wrap \">\n<div class=\"wp-block-uagb-buttons-child uagb-buttons__outer-wrap uagb-block-31b8dfca wp-block-button\"><div class=\"uagb-button__wrapper\"><a class=\"uagb-buttons-repeater wp-block-button__link\" aria-label=\"\" href=\"https:\/\/alphalearning.com\/pt\/consulta-personalizada\/\" rel=\"nofollow noopener\" target=\"_self\" role=\"button\"><div class=\"uagb-button__link\">Agende sua Consulta Personalizada<\/div><\/a><\/div><\/div>\n<\/div><\/div>\n<\/div>\n\n\n\n<div class=\"wp-block-uagb-container uagb-block-18fb636a\">\n<div class=\"wp-block-uagb-buttons uagb-buttons__outer-wrap uagb-btn__default-btn uagb-btn-tablet__default-btn uagb-btn-mobile__default-btn uagb-block-cc81ba1e\"><div class=\"uagb-buttons__wrap uagb-buttons-layout-wrap \">\n<div class=\"wp-block-uagb-buttons-child uagb-buttons__outer-wrap uagb-block-248d2c85 wp-block-button\"><div class=\"uagb-button__wrapper\"><a class=\"uagb-buttons-repeater wp-block-button__link\" aria-label=\"\" href=\"https:\/\/alphalearning.com\/pt\/inscricao\/\" rel=\"nofollow noopener\" target=\"_self\" role=\"button\"><div class=\"uagb-button__link\">Estou Pronto para Iniciar a Inscri\u00e7\u00e3o<\/div><\/a><\/div><\/div>\n<\/div><\/div>\n<\/div>\n<\/div><\/div>\n\n\n\n<div class=\"wp-block-uagb-container uagb-block-3de2eb10 alignfull uagb-is-root-container\"><div class=\"uagb-container-inner-blocks-wrap\">\n<hr class=\"wp-block-separator has-text-color has-alpha-channel-opacity has-background is-style-wide\" style=\"background-color:#f4524d;color:#f4524d\"\/>\n\n\n\n<p class=\"has-text-align-right\"><strong>Leitura adicional:<\/strong><br><a href=\"https:\/\/alphalearning.com\/pt\/comentarios-de-clientes-alphalearning\/\">Coment\u00e1rios de Clientes do Alphalearning<\/a><br><a href=\"https:\/\/alphalearning.com\/pt\/imprensa-internacional\/\">Alphalearning na Imprensa Internacional<\/a><br><a href=\"https:\/\/alphalearning.com\/pt\/introducao-ao-equilibrio-cerebral\/\">Introdu\u00e7\u00e3o ao Equil\u00edbrio Cerebral<\/a><br><a href=\"https:\/\/alphalearning.com\/pt\/o-que-sao-as-ondas-alpha-e-theta\/\">O que s\u00e3o ondas cerebrais Alfa e Teta?<\/a><\/p>\n<\/div><\/div>\n","protected":false},"excerpt":{"rendered":"<p>Curso para Aplica\u00e7\u00e3o Profissional Por que o Curso para Aplica\u00e7\u00e3o Profissional? O Curso para Aplica\u00e7\u00e3o Profissional foi criado de forma [&hellip;]<\/p>\n","protected":false},"author":2,"featured_media":0,"parent":13514,"menu_order":535,"comment_status":"closed","ping_status":"closed","template":"","meta":{"_uag_custom_page_level_css":"","site-sidebar-layout":"default","site-content-layout":"","ast-site-content-layout":"default","site-content-style":"default","site-sidebar-style":"default","ast-global-header-display":"","ast-banner-title-visibility":"","ast-main-header-display":"","ast-hfb-above-header-display":"","ast-hfb-below-header-display":"","ast-hfb-mobile-header-display":"","site-post-title":"disabled","ast-breadcrumbs-content":"","ast-featured-img":"","footer-sml-layout":"","ast-disable-related-posts":"","theme-transparent-header-meta":"","adv-header-id-meta":"","stick-header-meta":"","header-above-stick-meta":"","header-main-stick-meta":"","header-below-stick-meta":"","astra-migrate-meta-layouts":"default","ast-page-background-enabled":"default","ast-page-background-meta":{"desktop":{"background-color":"var(--ast-global-color-4)","background-image":"","background-repeat":"repeat","background-position":"center center","background-size":"auto","background-attachment":"scroll","background-type":"","background-media":"","overlay-type":"","overlay-color":"","overlay-opacity":"","overlay-gradient":""},"tablet":{"background-color":"","background-image":"","background-repeat":"repeat","background-position":"center center","background-size":"auto","background-attachment":"scroll","background-type":"","background-media":"","overlay-type":"","overlay-color":"","overlay-opacity":"","overlay-gradient":""},"mobile":{"background-color":"","background-image":"","background-repeat":"repeat","background-position":"center center","background-size":"auto","background-attachment":"scroll","background-type":"","background-media":"","overlay-type":"","overlay-color":"","overlay-opacity":"","overlay-gradient":""}},"ast-content-background-meta":{"desktop":{"background-color":"var(--ast-global-color-5)","background-image":"","background-repeat":"repeat","background-position":"center center","background-size":"auto","background-attachment":"scroll","background-type":"","background-media":"","overlay-type":"","overlay-color":"","overlay-opacity":"","overlay-gradient":""},"tablet":{"background-color":"var(--ast-global-color-5)","background-image":"","background-repeat":"repeat","background-position":"center center","background-size":"auto","background-attachment":"scroll","background-type":"","background-media":"","overlay-type":"","overlay-color":"","overlay-opacity":"","overlay-gradient":""},"mobile":{"background-color":"var(--ast-global-color-5)","background-image":"","background-repeat":"repeat","background-position":"center center","background-size":"auto","background-attachment":"scroll","background-type":"","background-media":"","overlay-type":"","overlay-color":"","overlay-opacity":"","overlay-gradient":""}},"footnotes":""},"class_list":["post-13567","page","type-page","status-publish","hentry"],"yoast_head":"<!-- This site is optimized with the Yoast SEO plugin v27.1.1 - https:\/\/yoast.com\/product\/yoast-seo-wordpress\/ -->\n<title>Curso Profissional Alphalearning: Eleve a Sua Pr\u00e1tica<\/title>\n<meta name=\"description\" content=\"Agende o seu Curso de Aplica\u00e7\u00e3o Profissional de 5 dias no Alphalearning. Use o neurofeedback para aprimorar sua cogni\u00e7\u00e3o e crescer profissionalmente.\" \/>\n<meta name=\"robots\" content=\"index, follow, max-snippet:-1, max-image-preview:large, max-video-preview:-1\" \/>\n<link rel=\"canonical\" href=\"https:\/\/alphalearning.com\/pt\/nossos-servicos\/curso-aplicacao-profissional\/\" \/>\n<meta property=\"og:locale\" content=\"pt_PT\" \/>\n<meta property=\"og:type\" content=\"article\" \/>\n<meta property=\"og:title\" content=\"Curso Profissional Alphalearning: Eleve a Sua Pr\u00e1tica\" \/>\n<meta property=\"og:description\" content=\"Agende o seu Curso de Aplica\u00e7\u00e3o Profissional de 5 dias no Alphalearning. Use o neurofeedback para aprimorar sua cogni\u00e7\u00e3o e crescer profissionalmente.\" \/>\n<meta property=\"og:url\" content=\"https:\/\/alphalearning.com\/pt\/nossos-servicos\/curso-aplicacao-profissional\/\" \/>\n<meta property=\"og:site_name\" content=\"Alphalearning International\" \/>\n<meta property=\"article:modified_time\" content=\"2025-05-01T06:24:41+00:00\" \/>\n<meta property=\"og:image\" content=\"https:\/\/alphalearning.com\/wp-content\/uploads\/2024\/04\/alphalearning-logo_red_1200x675px.png\" \/>\n\t<meta property=\"og:image:width\" content=\"1200\" \/>\n\t<meta property=\"og:image:height\" content=\"675\" \/>\n\t<meta property=\"og:image:type\" content=\"image\/png\" \/>\n<meta name=\"twitter:card\" content=\"summary_large_image\" \/>\n<meta name=\"twitter:label1\" content=\"Est. reading time\" \/>\n\t<meta name=\"twitter:data1\" content=\"3 minutes\" \/>\n<!-- \/ Yoast SEO plugin. -->","yoast_head_json":{"title":"Curso Profissional Alphalearning: Eleve a Sua Pr\u00e1tica","description":"Agende o seu Curso de Aplica\u00e7\u00e3o Profissional de 5 dias no Alphalearning. Use o neurofeedback para aprimorar sua cogni\u00e7\u00e3o e crescer profissionalmente.","robots":{"index":"index","follow":"follow","max-snippet":"max-snippet:-1","max-image-preview":"max-image-preview:large","max-video-preview":"max-video-preview:-1"},"canonical":"https:\/\/alphalearning.com\/pt\/nossos-servicos\/curso-aplicacao-profissional\/","og_locale":"pt_PT","og_type":"article","og_title":"Curso Profissional Alphalearning: Eleve a Sua Pr\u00e1tica","og_description":"Agende o seu Curso de Aplica\u00e7\u00e3o Profissional de 5 dias no Alphalearning. Use o neurofeedback para aprimorar sua cogni\u00e7\u00e3o e crescer profissionalmente.","og_url":"https:\/\/alphalearning.com\/pt\/nossos-servicos\/curso-aplicacao-profissional\/","og_site_name":"Alphalearning International","article_modified_time":"2025-05-01T06:24:41+00:00","og_image":[{"width":1200,"height":675,"url":"https:\/\/alphalearning.com\/wp-content\/uploads\/2024\/04\/alphalearning-logo_red_1200x675px.png","type":"image\/png"}],"twitter_card":"summary_large_image","twitter_misc":{"Est. reading time":"3 minutes"},"schema":{"@context":"https:\/\/schema.org","@graph":[{"@type":"WebPage","@id":"https:\/\/alphalearning.com\/pt\/nossos-servicos\/curso-aplicacao-profissional\/","url":"https:\/\/alphalearning.com\/pt\/nossos-servicos\/curso-aplicacao-profissional\/","name":"Curso Profissional Alphalearning: Eleve a Sua Pr\u00e1tica","isPartOf":{"@id":"https:\/\/alphalearning.com\/pt\/#website"},"datePublished":"2024-03-27T16:44:51+00:00","dateModified":"2025-05-01T06:24:41+00:00","description":"Agende o seu Curso de Aplica\u00e7\u00e3o Profissional de 5 dias no Alphalearning. Use o neurofeedback para aprimorar sua cogni\u00e7\u00e3o e crescer profissionalmente.","breadcrumb":{"@id":"https:\/\/alphalearning.com\/pt\/nossos-servicos\/curso-aplicacao-profissional\/#breadcrumb"},"inLanguage":"pt","potentialAction":[{"@type":"ReadAction","target":["https:\/\/alphalearning.com\/pt\/nossos-servicos\/curso-aplicacao-profissional\/"]}]},{"@type":"BreadcrumbList","@id":"https:\/\/alphalearning.com\/pt\/nossos-servicos\/curso-aplicacao-profissional\/#breadcrumb","itemListElement":[{"@type":"ListItem","position":1,"name":"Home","item":"https:\/\/alphalearning.com\/pt\/"},{"@type":"ListItem","position":2,"name":"Nossos Servi\u00e7os","item":"https:\/\/alphalearning.com\/pt\/nossos-servicos\/"},{"@type":"ListItem","position":3,"name":"Curso Para Aplica\u00e7\u00e3o Profissional"}]},{"@type":"WebSite","@id":"https:\/\/alphalearning.com\/pt\/#website","url":"https:\/\/alphalearning.com\/pt\/","name":"Alphalearning International","description":"the brain training institute","publisher":{"@id":"https:\/\/alphalearning.com\/pt\/#organization"},"potentialAction":[{"@type":"SearchAction","target":{"@type":"EntryPoint","urlTemplate":"https:\/\/alphalearning.com\/pt\/?s={search_term_string}"},"query-input":{"@type":"PropertyValueSpecification","valueRequired":true,"valueName":"search_term_string"}}],"inLanguage":"pt"},{"@type":"Organization","@id":"https:\/\/alphalearning.com\/pt\/#organization","name":"Alphalearning International","url":"https:\/\/alphalearning.com\/pt\/","logo":{"@type":"ImageObject","inLanguage":"pt","@id":"https:\/\/alphalearning.com\/pt\/#\/schema\/logo\/image\/","url":"https:\/\/alphalearning.com\/wp-content\/uploads\/2024\/03\/alphalearning_ico2_512px.png","contentUrl":"https:\/\/alphalearning.com\/wp-content\/uploads\/2024\/03\/alphalearning_ico2_512px.png","width":512,"height":512,"caption":"Alphalearning International"},"image":{"@id":"https:\/\/alphalearning.com\/pt\/#\/schema\/logo\/image\/"}}]}},"uagb_featured_image_src":{"full":false,"thumbnail":false,"medium":false,"medium_large":false,"large":false,"1536x1536":false,"2048x2048":false,"gform-image-choice-sm":false,"gform-image-choice-md":false,"gform-image-choice-lg":false},"uagb_author_info":{"display_name":"Julio Machado","author_link":"https:\/\/alphalearning.com\/pt\/author\/julio-machado\/"},"uagb_comment_info":0,"uagb_excerpt":"Curso para Aplica\u00e7\u00e3o Profissional Por que o Curso para Aplica\u00e7\u00e3o Profissional? O Curso para Aplica\u00e7\u00e3o Profissional foi criado de forma [&hellip;]","_links":{"self":[{"href":"https:\/\/alphalearning.com\/pt\/wp-json\/wp\/v2\/pages\/13567","targetHints":{"allow":["GET"]}}],"collection":[{"href":"https:\/\/alphalearning.com\/pt\/wp-json\/wp\/v2\/pages"}],"about":[{"href":"https:\/\/alphalearning.com\/pt\/wp-json\/wp\/v2\/types\/page"}],"author":[{"embeddable":true,"href":"https:\/\/alphalearning.com\/pt\/wp-json\/wp\/v2\/users\/2"}],"replies":[{"embeddable":true,"href":"https:\/\/alphalearning.com\/pt\/wp-json\/wp\/v2\/comments?post=13567"}],"version-history":[{"count":3,"href":"https:\/\/alphalearning.com\/pt\/wp-json\/wp\/v2\/pages\/13567\/revisions"}],"predecessor-version":[{"id":15195,"href":"https:\/\/alphalearning.com\/pt\/wp-json\/wp\/v2\/pages\/13567\/revisions\/15195"}],"up":[{"embeddable":true,"href":"https:\/\/alphalearning.com\/pt\/wp-json\/wp\/v2\/pages\/13514"}],"wp:attachment":[{"href":"https:\/\/alphalearning.com\/pt\/wp-json\/wp\/v2\/media?parent=13567"}],"curies":[{"name":"wp","href":"https:\/\/api.w.org\/{rel}","templated":true}]}}