{"id":13560,"date":"2024-03-27T16:44:36","date_gmt":"2024-03-27T16:44:36","guid":{"rendered":"https:\/\/alphalearning.com\/nossos-servicos\/intensive-private-course\/"},"modified":"2025-05-01T05:59:57","modified_gmt":"2025-05-01T04:59:57","slug":"curso-intensivo-private","status":"publish","type":"page","link":"https:\/\/alphalearning.com\/pt\/nossos-servicos\/curso-intensivo-private\/","title":{"rendered":"Curso Saber Aprender &#8211; Intensivo e Individual"},"content":{"rendered":"\n<div class=\"wp-block-uagb-advanced-heading uagb-block-3de2a146\"><h1 class=\"uagb-heading-text\">Curso Intensivo e Individual<\/h1><\/div>\n\n\n\n<div class=\"wp-block-uagb-container uagb-block-bb3b9bf4 alignfull uagb-is-root-container\"><div class=\"uagb-container-inner-blocks-wrap\">\n<div class=\"wp-block-uagb-advanced-heading uagb-block-908d6cfc\"><h2 class=\"uagb-heading-text\">Por que o <em>Curso Intensivo e Individual?<\/em><\/h2><\/div>\n\n\n\n<p>Bem-vindo ao <strong>Curso Intensivo e Individual<\/strong> do Alphalearning, uma vers\u00e3o simplificada do nosso Curso Saber Aprender. Adaptado para quem tem a agenda cheia, este formato condensado ocorre em tr\u00eas dias, com sess\u00f5es abrangentes de dez horas a cada dia.<\/p>\n\n\n\n<p>Aprender \u00e9 fundamental para o desenvolvimento pessoal e profissional. O Curso Intensivo e Individual acelera esse processo, pois adapta nossas t\u00e9cnicas comprovadas a uma agenda mais compacta, sem comprometer a profundidade do aprendizado nem a aten\u00e7\u00e3o individualizada.<\/p>\n\n\n\n<p>No Curso Intensivo e Individual, voc\u00ea ter\u00e1 uma experi\u00eancia de aprendizado personalizada e focada e adquirir\u00e1 dom\u00ednio sobre as frequ\u00eancias cerebrais em menos tempo. \u00c9 a op\u00e7\u00e3o ideal para quem prefere ou precisa de um formato mais concentrado.<\/p>\n\n\n\n<p>O curso come\u00e7a com uma <strong>videoconfer\u00eancia<\/strong> inicial para entendermos seus objetivos espec\u00edficos. Em seguida, ocorre um treinamento intensivo de tr\u00eas dias, planejado para se encaixar na sua rotina atribulada.<\/p>\n\n\n\n<div class=\"wp-block-uagb-advanced-heading uagb-block-619c9ed6\"><h2 class=\"uagb-heading-text\">Sobre Este Curso<\/h2><\/div>\n\n\n\n<p>Projetado para capacit\u00e1-lo com <strong>t\u00e9cnicas inovadoras<\/strong> em um per\u00edodo reduzido, este curso utiliza o avan\u00e7ado Sistema Brainwave III para potencializar suas habilidades cognitivas, garantindo um dom\u00ednio abrangente das compet\u00eancias de aprendizagem em apenas tr\u00eas dias.<\/p>\n\n\n\n<p>Ao concluir o curso, voc\u00ea receber\u00e1 seu pr\u00f3prio <a href=\"https:\/\/alphalearning.com\/pt\/brainwave\/\">Sistema Brainwave III<\/a>, o que possibilita o aprimoramento cont\u00ednuo das suas habilidades com o suporte do Alphalearning Internacional.<\/p>\n\n\n\n<p>At\u00e9 o final do treinamento, voc\u00ea ser\u00e1 capaz de comandar seu c\u00e9rebro para alcan\u00e7ar imediatamente as quatro principais frequ\u00eancias cerebrais, tornando mais simples o caminho para relaxar, melhorar a mem\u00f3ria, potencializar o aprendizado e resolver problemas.<\/p>\n\n\n\n<div class=\"wp-block-uagb-advanced-heading uagb-block-306fefce\"><h2 class=\"uagb-heading-text\">Para Quem \u00c9 Este Curso?<\/h2><\/div>\n\n\n\n<p>Este curso foi especialmente concebido para pessoas que buscam uma experi\u00eancia de aprendizado acelerado. \u00c9 perfeito para quem prefere um ambiente de aprendizagem individual ou tem disponibilidade de tempo limitada, mas ainda assim deseja aproveitar as metodologias abrangentes de treinamento cerebral do Alphalearning.<\/p>\n\n\n\n<div class=\"wp-block-uagb-advanced-heading uagb-block-bfe18b56\"><h2 class=\"uagb-heading-text\">Estrutura do Curso<\/h2><\/div>\n\n\n\n<p>O <strong>Curso Intensivo e Individual<\/strong> consiste em um treinamento altamente focado, realizado ao longo de tr\u00eas dias, oferecendo uma abordagem personalizada para atender \u00e0s suas necessidades de aprendizado. Cada dia conta com sess\u00f5es de dez horas voltadas ao aprendizado pr\u00e1tico e te\u00f3rico com o Sistema Brainwave III.<\/p>\n\n\n\n<div class=\"wp-block-uagb-advanced-heading uagb-block-b599dd31\"><h2 class=\"uagb-heading-text\">O que Voc\u00ea Vai Aprender<\/h2><\/div>\n\n\n\n<ul class=\"wp-block-list\">\n<li>T\u00e9cnicas de aprendizado acelerado para desenvolvimento pessoal e profissional.<\/li>\n\n\n\n<li>Uso eficaz do equipamento Brainwave III para aprimorar clareza mental e foco.<\/li>\n\n\n\n<li>Opera\u00e7\u00e3o pr\u00e1tica do Sistema Brainwave III para seu autodesenvolvimento cont\u00ednuo.<\/li>\n\n\n\n<li>Estrat\u00e9gias para melhorar a mem\u00f3ria, aumentar a velocidade de leitura, aperfei\u00e7oar a compreens\u00e3o e gerenciar o estresse.<\/li>\n\n\n\n<li>T\u00e9cnicas personalizadas para alcan\u00e7ar rapidamente as frequ\u00eancias cerebrais ideais, voltadas ao aprendizado e \u00e0 resolu\u00e7\u00e3o de problemas.<\/li>\n<\/ul>\n\n\n\n<div class=\"wp-block-uagb-advanced-heading uagb-block-48f3db1c\"><h2 class=\"uagb-heading-text\">Benef\u00edcios Adicionais do Curso<\/h2><\/div>\n\n\n\n<p>Al\u00e9m de aprender a comandar suas frequ\u00eancias cerebrais, o Curso Intensivo e Individual oferece:<\/p>\n\n\n\n<ul class=\"wp-block-list\">\n<li>Aprimoramento das habilidades cognitivas e aumento do QI em um per\u00edodo condensado.<\/li>\n\n\n\n<li>Uma base s\u00f3lida para aprendizado ao longo da vida e desenvolvimento pessoal.<\/li>\n\n\n\n<li>Acesso exclusivo \u00e0 tecnologia e \u00e0s t\u00e9cnicas pioneiras do Alphalearning.<\/li>\n\n\n\n<li>Melhoria na tomada de decis\u00f5es, maior concentra\u00e7\u00e3o e redu\u00e7\u00e3o do estresse.<\/li>\n\n\n\n<li>Hor\u00e1rios flex\u00edveis para se adaptar facilmente ao seu estilo de vida agitado.<\/li>\n<\/ul>\n\n\n\n<div class=\"wp-block-uagb-advanced-heading uagb-block-32b2b43a\"><h2 class=\"uagb-heading-text\">Como se Inscrever<\/h2><\/div>\n\n\n\n<p>Convidamos voc\u00ea a <a href=\"https:\/\/alphalearning.com\/personalised-consultation\/\">agendar sua Consulta Personalizada<\/a> para embarcar na sua jornada com o Curso Intensivo e Individual do Alphalearning. Personalize sua experi\u00eancia de aprendizado de acordo com suas necessidades e hor\u00e1rios. <a href=\"https:\/\/alphalearning.com\/personalised-consultation\/\"><strong>Agende sua Consulta Personalizada hoje mesmo<\/strong><\/a>.<\/p>\n<\/div><\/div>\n\n\n\n<div class=\"wp-block-uagb-container uagb-block-e7248b38 alignfull uagb-is-root-container\"><div class=\"uagb-container-inner-blocks-wrap\">\n<div class=\"wp-block-uagb-container uagb-block-1ec55a6b\">\n<div class=\"wp-block-uagb-buttons uagb-buttons__outer-wrap uagb-btn__default-btn uagb-btn-tablet__default-btn uagb-btn-mobile__default-btn uagb-block-379c62b6\"><div class=\"uagb-buttons__wrap uagb-buttons-layout-wrap \">\n<div class=\"wp-block-uagb-buttons-child uagb-buttons__outer-wrap uagb-block-31b8dfca wp-block-button\"><div class=\"uagb-button__wrapper\"><a class=\"uagb-buttons-repeater wp-block-button__link\" aria-label=\"\" href=\"https:\/\/alphalearning.com\/pt\/consulta-personalizada\/\" rel=\"nofollow noopener\" target=\"_self\" role=\"button\"><div class=\"uagb-button__link\">Agende sua Consulta Personalizada<\/div><\/a><\/div><\/div>\n<\/div><\/div>\n<\/div>\n\n\n\n<div class=\"wp-block-uagb-container uagb-block-18fb636a\">\n<div class=\"wp-block-uagb-buttons uagb-buttons__outer-wrap uagb-btn__default-btn uagb-btn-tablet__default-btn uagb-btn-mobile__default-btn uagb-block-cc81ba1e\"><div class=\"uagb-buttons__wrap uagb-buttons-layout-wrap \">\n<div class=\"wp-block-uagb-buttons-child uagb-buttons__outer-wrap uagb-block-248d2c85 wp-block-button\"><div class=\"uagb-button__wrapper\"><a class=\"uagb-buttons-repeater wp-block-button__link\" aria-label=\"\" href=\"https:\/\/alphalearning.com\/pt\/inscricao\/\" rel=\"nofollow noopener\" target=\"_self\" role=\"button\"><div class=\"uagb-button__link\">Estou Pronto para Iniciar a Inscri\u00e7\u00e3o<\/div><\/a><\/div><\/div>\n<\/div><\/div>\n<\/div>\n<\/div><\/div>\n\n\n\n<div class=\"wp-block-uagb-container uagb-block-3de2eb10 alignfull uagb-is-root-container\"><div class=\"uagb-container-inner-blocks-wrap\">\n<hr class=\"wp-block-separator has-text-color has-alpha-channel-opacity has-background is-style-wide\" style=\"background-color:#f4524d;color:#f4524d\"\/>\n\n\n\n<p class=\"has-text-align-right\"><strong>Leitura adicional:<\/strong><br><a href=\"https:\/\/alphalearning.com\/pt\/comentarios-de-clientes-alphalearning\/\">Coment\u00e1rios de Clientes do Alphalearning<\/a><br><a href=\"https:\/\/alphalearning.com\/pt\/imprensa-internacional\/\">Alphalearning na Imprensa Internacional<\/a><br><a href=\"https:\/\/alphalearning.com\/pt\/introducao-ao-equilibrio-cerebral\/\">Introdu\u00e7\u00e3o ao Equil\u00edbrio Cerebral<\/a><br><a href=\"https:\/\/alphalearning.com\/pt\/o-que-sao-as-ondas-alpha-e-theta\/\">O que s\u00e3o ondas cerebrais Alfa e Teta?<\/a><\/p>\n<\/div><\/div>\n","protected":false},"excerpt":{"rendered":"<p>Curso Intensivo e Individual Por que o Curso Intensivo e Individual? Bem-vindo ao Curso Intensivo e Individual do Alphalearning, uma [&hellip;]<\/p>\n","protected":false},"author":2,"featured_media":0,"parent":13514,"menu_order":530,"comment_status":"closed","ping_status":"closed","template":"","meta":{"_uag_custom_page_level_css":"","site-sidebar-layout":"default","site-content-layout":"","ast-site-content-layout":"default","site-content-style":"default","site-sidebar-style":"default","ast-global-header-display":"","ast-banner-title-visibility":"","ast-main-header-display":"","ast-hfb-above-header-display":"","ast-hfb-below-header-display":"","ast-hfb-mobile-header-display":"","site-post-title":"disabled","ast-breadcrumbs-content":"","ast-featured-img":"","footer-sml-layout":"","ast-disable-related-posts":"","theme-transparent-header-meta":"","adv-header-id-meta":"","stick-header-meta":"","header-above-stick-meta":"","header-main-stick-meta":"","header-below-stick-meta":"","astra-migrate-meta-layouts":"default","ast-page-background-enabled":"default","ast-page-background-meta":{"desktop":{"background-color":"var(--ast-global-color-4)","background-image":"","background-repeat":"repeat","background-position":"center center","background-size":"auto","background-attachment":"scroll","background-type":"","background-media":"","overlay-type":"","overlay-color":"","overlay-opacity":"","overlay-gradient":""},"tablet":{"background-color":"","background-image":"","background-repeat":"repeat","background-position":"center center","background-size":"auto","background-attachment":"scroll","background-type":"","background-media":"","overlay-type":"","overlay-color":"","overlay-opacity":"","overlay-gradient":""},"mobile":{"background-color":"","background-image":"","background-repeat":"repeat","background-position":"center center","background-size":"auto","background-attachment":"scroll","background-type":"","background-media":"","overlay-type":"","overlay-color":"","overlay-opacity":"","overlay-gradient":""}},"ast-content-background-meta":{"desktop":{"background-color":"var(--ast-global-color-5)","background-image":"","background-repeat":"repeat","background-position":"center center","background-size":"auto","background-attachment":"scroll","background-type":"","background-media":"","overlay-type":"","overlay-color":"","overlay-opacity":"","overlay-gradient":""},"tablet":{"background-color":"var(--ast-global-color-5)","background-image":"","background-repeat":"repeat","background-position":"center center","background-size":"auto","background-attachment":"scroll","background-type":"","background-media":"","overlay-type":"","overlay-color":"","overlay-opacity":"","overlay-gradient":""},"mobile":{"background-color":"var(--ast-global-color-5)","background-image":"","background-repeat":"repeat","background-position":"center center","background-size":"auto","background-attachment":"scroll","background-type":"","background-media":"","overlay-type":"","overlay-color":"","overlay-opacity":"","overlay-gradient":""}},"footnotes":""},"class_list":["post-13560","page","type-page","status-publish","hentry"],"yoast_head":"<!-- This site is optimized with the Yoast SEO plugin v27.1.1 - https:\/\/yoast.com\/product\/yoast-seo-wordpress\/ -->\n<title>Treinamento Cerebral Intensivo de 3 Dias | Alphalearning<\/title>\n<meta name=\"description\" content=\"Acelere seu aprendizado com o curso intensivo de 3 dias do Alphalearning, dominando as frequ\u00eancias cerebrais para um r\u00e1pido aprimoramento cognitivo.\" \/>\n<meta name=\"robots\" content=\"index, follow, max-snippet:-1, max-image-preview:large, max-video-preview:-1\" \/>\n<link rel=\"canonical\" href=\"https:\/\/alphalearning.com\/pt\/nossos-servicos\/curso-intensivo-private\/\" \/>\n<meta property=\"og:locale\" content=\"pt_PT\" \/>\n<meta property=\"og:type\" content=\"article\" \/>\n<meta property=\"og:title\" content=\"Treinamento Cerebral Intensivo de 3 Dias | Alphalearning\" \/>\n<meta property=\"og:description\" content=\"Acelere seu aprendizado com o curso intensivo de 3 dias do Alphalearning, dominando as frequ\u00eancias cerebrais para um r\u00e1pido aprimoramento cognitivo.\" \/>\n<meta property=\"og:url\" content=\"https:\/\/alphalearning.com\/pt\/nossos-servicos\/curso-intensivo-private\/\" \/>\n<meta property=\"og:site_name\" content=\"Alphalearning International\" \/>\n<meta property=\"article:modified_time\" content=\"2025-05-01T04:59:57+00:00\" \/>\n<meta property=\"og:image\" content=\"https:\/\/alphalearning.com\/wp-content\/uploads\/2024\/04\/alphalearning-logo_red_1200x675px.png\" \/>\n\t<meta property=\"og:image:width\" content=\"1200\" \/>\n\t<meta property=\"og:image:height\" content=\"675\" \/>\n\t<meta property=\"og:image:type\" content=\"image\/png\" \/>\n<meta name=\"twitter:card\" content=\"summary_large_image\" \/>\n<meta name=\"twitter:label1\" content=\"Est. reading time\" \/>\n\t<meta name=\"twitter:data1\" content=\"3 minutes\" \/>\n<!-- \/ Yoast SEO plugin. -->","yoast_head_json":{"title":"Treinamento Cerebral Intensivo de 3 Dias | Alphalearning","description":"Acelere seu aprendizado com o curso intensivo de 3 dias do Alphalearning, dominando as frequ\u00eancias cerebrais para um r\u00e1pido aprimoramento cognitivo.","robots":{"index":"index","follow":"follow","max-snippet":"max-snippet:-1","max-image-preview":"max-image-preview:large","max-video-preview":"max-video-preview:-1"},"canonical":"https:\/\/alphalearning.com\/pt\/nossos-servicos\/curso-intensivo-private\/","og_locale":"pt_PT","og_type":"article","og_title":"Treinamento Cerebral Intensivo de 3 Dias | Alphalearning","og_description":"Acelere seu aprendizado com o curso intensivo de 3 dias do Alphalearning, dominando as frequ\u00eancias cerebrais para um r\u00e1pido aprimoramento cognitivo.","og_url":"https:\/\/alphalearning.com\/pt\/nossos-servicos\/curso-intensivo-private\/","og_site_name":"Alphalearning International","article_modified_time":"2025-05-01T04:59:57+00:00","og_image":[{"width":1200,"height":675,"url":"https:\/\/alphalearning.com\/wp-content\/uploads\/2024\/04\/alphalearning-logo_red_1200x675px.png","type":"image\/png"}],"twitter_card":"summary_large_image","twitter_misc":{"Est. reading time":"3 minutes"},"schema":{"@context":"https:\/\/schema.org","@graph":[{"@type":"WebPage","@id":"https:\/\/alphalearning.com\/pt\/nossos-servicos\/curso-intensivo-private\/","url":"https:\/\/alphalearning.com\/pt\/nossos-servicos\/curso-intensivo-private\/","name":"Treinamento Cerebral Intensivo de 3 Dias | Alphalearning","isPartOf":{"@id":"https:\/\/alphalearning.com\/pt\/#website"},"datePublished":"2024-03-27T16:44:36+00:00","dateModified":"2025-05-01T04:59:57+00:00","description":"Acelere seu aprendizado com o curso intensivo de 3 dias do Alphalearning, dominando as frequ\u00eancias cerebrais para um r\u00e1pido aprimoramento cognitivo.","breadcrumb":{"@id":"https:\/\/alphalearning.com\/pt\/nossos-servicos\/curso-intensivo-private\/#breadcrumb"},"inLanguage":"pt","potentialAction":[{"@type":"ReadAction","target":["https:\/\/alphalearning.com\/pt\/nossos-servicos\/curso-intensivo-private\/"]}]},{"@type":"BreadcrumbList","@id":"https:\/\/alphalearning.com\/pt\/nossos-servicos\/curso-intensivo-private\/#breadcrumb","itemListElement":[{"@type":"ListItem","position":1,"name":"Home","item":"https:\/\/alphalearning.com\/pt\/"},{"@type":"ListItem","position":2,"name":"Nossos Servi\u00e7os","item":"https:\/\/alphalearning.com\/pt\/nossos-servicos\/"},{"@type":"ListItem","position":3,"name":"Curso Saber Aprender &#8211; Intensivo e Individual"}]},{"@type":"WebSite","@id":"https:\/\/alphalearning.com\/pt\/#website","url":"https:\/\/alphalearning.com\/pt\/","name":"Alphalearning International","description":"the brain training institute","publisher":{"@id":"https:\/\/alphalearning.com\/pt\/#organization"},"potentialAction":[{"@type":"SearchAction","target":{"@type":"EntryPoint","urlTemplate":"https:\/\/alphalearning.com\/pt\/?s={search_term_string}"},"query-input":{"@type":"PropertyValueSpecification","valueRequired":true,"valueName":"search_term_string"}}],"inLanguage":"pt"},{"@type":"Organization","@id":"https:\/\/alphalearning.com\/pt\/#organization","name":"Alphalearning International","url":"https:\/\/alphalearning.com\/pt\/","logo":{"@type":"ImageObject","inLanguage":"pt","@id":"https:\/\/alphalearning.com\/pt\/#\/schema\/logo\/image\/","url":"https:\/\/alphalearning.com\/wp-content\/uploads\/2024\/03\/alphalearning_ico2_512px.png","contentUrl":"https:\/\/alphalearning.com\/wp-content\/uploads\/2024\/03\/alphalearning_ico2_512px.png","width":512,"height":512,"caption":"Alphalearning International"},"image":{"@id":"https:\/\/alphalearning.com\/pt\/#\/schema\/logo\/image\/"}}]}},"uagb_featured_image_src":{"full":false,"thumbnail":false,"medium":false,"medium_large":false,"large":false,"1536x1536":false,"2048x2048":false,"gform-image-choice-sm":false,"gform-image-choice-md":false,"gform-image-choice-lg":false},"uagb_author_info":{"display_name":"Julio Machado","author_link":"https:\/\/alphalearning.com\/pt\/author\/julio-machado\/"},"uagb_comment_info":0,"uagb_excerpt":"Curso Intensivo e Individual Por que o Curso Intensivo e Individual? Bem-vindo ao Curso Intensivo e Individual do Alphalearning, uma [&hellip;]","_links":{"self":[{"href":"https:\/\/alphalearning.com\/pt\/wp-json\/wp\/v2\/pages\/13560","targetHints":{"allow":["GET"]}}],"collection":[{"href":"https:\/\/alphalearning.com\/pt\/wp-json\/wp\/v2\/pages"}],"about":[{"href":"https:\/\/alphalearning.com\/pt\/wp-json\/wp\/v2\/types\/page"}],"author":[{"embeddable":true,"href":"https:\/\/alphalearning.com\/pt\/wp-json\/wp\/v2\/users\/2"}],"replies":[{"embeddable":true,"href":"https:\/\/alphalearning.com\/pt\/wp-json\/wp\/v2\/comments?post=13560"}],"version-history":[{"count":3,"href":"https:\/\/alphalearning.com\/pt\/wp-json\/wp\/v2\/pages\/13560\/revisions"}],"predecessor-version":[{"id":15197,"href":"https:\/\/alphalearning.com\/pt\/wp-json\/wp\/v2\/pages\/13560\/revisions\/15197"}],"up":[{"embeddable":true,"href":"https:\/\/alphalearning.com\/pt\/wp-json\/wp\/v2\/pages\/13514"}],"wp:attachment":[{"href":"https:\/\/alphalearning.com\/pt\/wp-json\/wp\/v2\/media?parent=13560"}],"curies":[{"name":"wp","href":"https:\/\/api.w.org\/{rel}","templated":true}]}}