{"id":13553,"date":"2024-03-27T16:44:16","date_gmt":"2024-03-27T16:44:16","guid":{"rendered":"https:\/\/alphalearning.com\/nossos-servicos\/individual-family-course\/"},"modified":"2025-04-30T16:03:42","modified_gmt":"2025-04-30T15:03:42","slug":"curso-individual-familiar","status":"publish","type":"page","link":"https:\/\/alphalearning.com\/pt\/nossos-servicos\/curso-individual-familiar\/","title":{"rendered":"Curso Saber Aprender &#8211; Individual ou Familiar"},"content":{"rendered":"\n<div class=\"wp-block-uagb-advanced-heading uagb-block-2abc9685\"><h1 class=\"uagb-heading-text\">Curso Saber Aprender Individual ou Familiar<\/h1><\/div>\n\n\n\n<div class=\"wp-block-uagb-container uagb-block-fdfa9594 alignfull uagb-is-root-container\"><div class=\"uagb-container-inner-blocks-wrap\">\n<div class=\"wp-block-uagb-advanced-heading uagb-block-8d407b25\"><h2 class=\"uagb-heading-text\">Por que o Curso Saber Aprender?<\/h2><\/div>\n\n\n\n<p>Bem-vindo ao cerne das experi\u00eancias transformadoras de aprendizagem do Alphalearning \u2013 o <strong>Curso Saber Aprender<\/strong>.<\/p>\n\n\n\n<p>Aprender \u00e9 instintivo para todo ser vivo e essencial \u00e0 sobreviv\u00eancia. Se essa capacidade for comprometida por qualquer motivo (problemas de nascimento, trauma f\u00edsico ou psicol\u00f3gico severo), o crescimento natural fica desequilibrado e gera conflitos aparentemente insol\u00faveis e dificuldades que fogem ao comportamento normal do indiv\u00edduo.<\/p>\n\n\n\n<p>No <em>Curso Saber Aprender<\/em>, ensinamos indiv\u00edduos e fam\u00edlias a dominar e controlar suas frequ\u00eancias cerebrais. Assim, a aprendizagem passa a ocorrer da maneira correta, o que permite desenvolver plenamente habilidades e \u00e1reas de conhecimento que antes n\u00e3o eram exploradas em seu m\u00e1ximo potencial.<\/p>\n\n\n\n<p>Consideramos que o curso come\u00e7a na primeira <strong>videoconfer\u00eancia<\/strong>, momento em que o instrutor conhece voc\u00ea e seus objetivos. \u00c9 nessa hora que o Alphalearning inicia o planejamento do curso, o que permite que voc\u00ea alcance essas metas em 5 dias de treinamento.<\/p>\n\n\n\n<div class=\"wp-block-uagb-advanced-heading uagb-block-ee6b7a07\"><h2 class=\"uagb-heading-text\">Sobre Este Curso<\/h2><\/div>\n\n\n\n<p>Desenvolvido para capacitar indiv\u00edduos e fam\u00edlias com <strong>t\u00e9cnicas inovadoras<\/strong>, este curso utiliza o avan\u00e7ado Sistema Brainwave III para aprimorar as habilidades cognitivas, garantindo um dom\u00ednio completo das compet\u00eancias de aprendizagem.<\/p>\n\n\n\n<p>Depois do curso, voc\u00ea ter\u00e1 seu pr\u00f3prio <a href=\"https:\/\/alphalearning.com\/pt\/brainwave\/\">Sistema Brainwave III<\/a> e poder\u00e1 aprimorar ainda mais suas habilidades, sempre com a assist\u00eancia do Alphalearning Internacional.<\/p>\n\n\n\n<p>Ao final do quinto dia, voc\u00ea ser\u00e1 capaz de comandar seu c\u00e9rebro para alcan\u00e7ar imediatamente cada uma das quatro principais frequ\u00eancias das ondas cerebrais:<\/p>\n\n\n\n<ul class=\"wp-block-list\">\n<li><strong>Beta<\/strong> = (14 Hertz) \u2013 Tomada de decis\u00f5es, l\u00f3gica e resolu\u00e7\u00e3o de problemas.<\/li>\n\n\n\n<li><strong>Alpha<\/strong> = (7 Hertz) \u2013 Aprendizagem, leitura e assimila\u00e7\u00e3o.<\/li>\n\n\n\n<li><strong>Theta<\/strong> = (3 Hertz) \u2013 Mem\u00f3ria (tanto memoriza\u00e7\u00e3o quanto lembran\u00e7a), criatividade e aumento de QI.<\/li>\n\n\n\n<li><strong>Delta<\/strong> = (1 Hertz) \u2013 Relaxamento f\u00edsico profundo, controle da dor e al\u00edvio do estresse.<\/li>\n<\/ul>\n\n\n\n<div class=\"wp-block-uagb-advanced-heading uagb-block-6396ea0e\"><h2 class=\"uagb-heading-text\">Para Quem \u00c9 Este Curso?<\/h2><\/div>\n\n\n\n<p>Destinado a qualquer pessoa que deseje aprimorar suas capacidades cerebrais, o <strong>Curso Individual ou Familiar<\/strong> \u00e9 ideal para at\u00e9 seis participantes, tornando-se perfeito para fam\u00edlias que queiram potencializar suas habilidades de aprendizagem juntas. Atendemos grupos familiares de dois a quatro adultos, com a op\u00e7\u00e3o de incluir crian\u00e7as nas vagas restantes. Um grupo \u00e9 considerado familiar quando todos os membros podem acessar facilmente seu Sistema Brainwave III ap\u00f3s o curso, <strong>o que garante<\/strong> um caminho unificado para melhoria do desempenho cognitivo e da efici\u00eancia na aprendizagem.<\/p>\n\n\n\n<div class=\"wp-block-uagb-advanced-heading uagb-block-4efb86df\"><h2 class=\"uagb-heading-text\">Estrutura do Curso<\/h2><\/div>\n\n\n\n<p>Este <strong>curso intensivo de cinco dias<\/strong> \u00e9 estruturado para atender \u00e0s diferentes necessidades de nossos clientes, sejam indiv\u00edduos ou fam\u00edlias. Cada dia \u00e9 cuidadosamente planejado para garantir que os participantes aproveitem ao m\u00e1ximo nossas metodologias de aprendizagem de ponta e a tecnologia do Sistema Brainwave III. Durante todos os cinco dias, voc\u00ea treinar\u00e1 com o <a href=\"https:\/\/alphalearning.com\/pt\/brainwave\/\">Sistema Brainwave III<\/a> e aprender\u00e1 a controlar e equilibrar suas frequ\u00eancias cerebrais.<\/p>\n\n\n\n<div class=\"wp-block-uagb-advanced-heading uagb-block-30854605\"><h2 class=\"uagb-heading-text\">O que Voc\u00ea Vai Aprender<\/h2><\/div>\n\n\n\n<ul class=\"wp-block-list\">\n<li>T\u00e9cnicas avan\u00e7adas de <strong>aprendizagem acelerada<\/strong> para potencializar habilidades cognitivas.<\/li>\n\n\n\n<li>Uso do <strong>Sistema Brainwave III<\/strong> para aprimorar <strong>clareza mental, foco<\/strong> e <strong>concentra\u00e7\u00e3o<\/strong>.<\/li>\n\n\n\n<li><strong>Opera\u00e7\u00e3o pr\u00e1tica do Sistema Brainwave III,<\/strong> o que garante que voc\u00ea possa aplicar a tecnologia com confian\u00e7a para um aprimoramento cont\u00ednuo.<\/li>\n\n\n\n<li>Dom\u00ednio de t\u00e9cnicas de <strong>leitura din\u00e2mica<\/strong> para aumentar em 300% a velocidade de leitura e, ao mesmo tempo, fortalecer a compreens\u00e3o e a reten\u00e7\u00e3o.<\/li>\n\n\n\n<li>M\u00e9todos para <strong>redu\u00e7\u00e3o de estresse<\/strong> e alcance de um <strong>estado mental equilibrado<\/strong> que favore\u00e7a o aprendizado.<\/li>\n\n\n\n<li>Explora\u00e7\u00e3o da ci\u00eancia por tr\u00e1s das <strong>m\u00e9tricas de desempenho cerebral<\/strong> por meio de <strong>an\u00e1lise detalhada de EEG<\/strong> e <strong>testes de QI amplamente reconhecidos<\/strong>.<\/li>\n\n\n\n<li>M\u00e9todos de <strong>corre\u00e7\u00e3o postural e alinhamento f\u00edsico<\/strong> para maximizar a efici\u00eancia de aprendizagem e a fun\u00e7\u00e3o cerebral.<\/li>\n\n\n\n<li>Desenvolvimento de habilidades em <strong>Programa\u00e7\u00e3o Neurolingu\u00edstica (PNL)<\/strong>.<\/li>\n\n\n\n<li>Aperfei\u00e7oamento no uso de <strong>t\u00e9cnicas de visualiza\u00e7\u00e3o<\/strong> para melhorar a mem\u00f3ria e o pensamento criativo, apoiado por exerc\u00edcios na frequ\u00eancia de onda cerebral Theta.<\/li>\n\n\n\n<li><strong>T\u00e9cnica de Estudo Straight-A<\/strong>, que fornece etapas fundamentais para <strong>h\u00e1bitos de estudo eficazes<\/strong> e visa a reten\u00e7\u00e3o de longo prazo e uma compreens\u00e3o profunda.<\/li>\n\n\n\n<li><strong>Aquisi\u00e7\u00e3o Acelerada de Idiomas<\/strong> por meio da otimiza\u00e7\u00e3o de ondas cerebrais, o que aprimora rapidamente as habilidades lingu\u00edsticas.<\/li>\n\n\n\n<li>Exerc\u00edcios e pr\u00e1ticas para alcan\u00e7ar e manter o <strong>estado Alpha<\/strong>, ideal para aprender.<\/li>\n\n\n\n<li>Aplica\u00e7\u00e3o dos <strong>estados Alpha e Theta<\/strong> de ondas cerebrais para aprimorar a resolu\u00e7\u00e3o criativa de problemas e o pensamento inovador.<\/li>\n<\/ul>\n\n\n\n<div class=\"wp-block-uagb-advanced-heading uagb-block-a3063133\"><h2 class=\"uagb-heading-text\">Benef\u00edcios Adicionais do Curso<\/h2><\/div>\n\n\n\n<p>Al\u00e9m de conseguir comandar seu c\u00e9rebro para atingir imediatamente cada uma das quatro principais frequ\u00eancias de ondas cerebrais, voc\u00ea tamb\u00e9m alcan\u00e7ar\u00e1:<\/p>\n\n\n\n<ul class=\"wp-block-list\">\n<li>Fortalecimento dos <strong>la\u00e7os familiares<\/strong> por meio de experi\u00eancias de aprendizagem compartilhadas.<\/li>\n\n\n\n<li><strong>Habilidades cognitivas<\/strong> aprimoradas para adultos e crian\u00e7as, com <strong>aumento de QI.<\/strong><\/li>\n\n\n\n<li>Uma base s\u00f3lida para <strong>aprendizagem e desenvolvimento pessoal duradouros.<\/strong><\/li>\n\n\n\n<li>Acesso \u00e0 tecnologia e \u00e0s t\u00e9cnicas <strong>exclusivas <\/strong>do Alphalearning.<\/li>\n\n\n\n<li>Maior capacidade de <strong>tomada de decis\u00f5es.<\/strong><\/li>\n\n\n\n<li>Controle de <strong>estados alterados de consci\u00eancia.<\/strong><\/li>\n\n\n\n<li>Melhora na <strong>concentra\u00e7\u00e3o e no foco.<\/strong><\/li>\n\n\n\n<li><strong>Redu\u00e7\u00e3o dr\u00e1stica do estresse.<\/strong><\/li>\n\n\n\n<li><strong>Equil\u00edbrio e controle<\/strong> mental e f\u00edsico.<\/li>\n\n\n\n<li><strong>Controle da dor.<\/strong><\/li>\n\n\n\n<li><strong>Cura da dislexia<\/strong> (para disl\u00e9xicos).<\/li>\n\n\n\n<li>Melhora da <strong>postura.<\/strong><\/li>\n<\/ul>\n\n\n\n<div class=\"wp-block-uagb-advanced-heading uagb-block-3073be81\"><h2 class=\"uagb-heading-text\">Como se Inscrever<\/h2><\/div>\n\n\n\n<p>Inicie sua jornada de aprendizagem transformadora com o Curso Saber Aprender do Alphalearning. Convidamos voc\u00ea a <a href=\"https:\/\/alphalearning.com\/personalised-consultation\/\">agendar sua Consulta Personalizada<\/a> hoje mesmo. Nossa equipe de especialistas ir\u00e1 personalizar sua experi\u00eancia de aprendizagem para alinhar-se \u00e0s aspira\u00e7\u00f5es e objetivos \u00fanicos seus ou de sua fam\u00edlia. <a href=\"https:\/\/alphalearning.com\/personalised-consultation\/\"><strong>Agende sua consulta aqui.<\/strong><\/a><\/p>\n<\/div><\/div>\n\n\n\n<div class=\"wp-block-uagb-container uagb-block-e7248b38 alignfull uagb-is-root-container\"><div class=\"uagb-container-inner-blocks-wrap\">\n<div class=\"wp-block-uagb-container uagb-block-1ec55a6b\">\n<div class=\"wp-block-uagb-buttons uagb-buttons__outer-wrap uagb-btn__default-btn uagb-btn-tablet__default-btn uagb-btn-mobile__default-btn uagb-block-379c62b6\"><div class=\"uagb-buttons__wrap uagb-buttons-layout-wrap \">\n<div class=\"wp-block-uagb-buttons-child uagb-buttons__outer-wrap uagb-block-31b8dfca wp-block-button\"><div class=\"uagb-button__wrapper\"><a class=\"uagb-buttons-repeater wp-block-button__link\" aria-label=\"\" href=\"https:\/\/alphalearning.com\/pt\/consulta-personalizada\/\" rel=\"nofollow noopener\" target=\"_self\" role=\"button\"><div class=\"uagb-button__link\">Agende sua Consulta Personalizada<\/div><\/a><\/div><\/div>\n<\/div><\/div>\n<\/div>\n\n\n\n<div class=\"wp-block-uagb-container uagb-block-18fb636a\">\n<div class=\"wp-block-uagb-buttons uagb-buttons__outer-wrap uagb-btn__default-btn uagb-btn-tablet__default-btn uagb-btn-mobile__default-btn uagb-block-cc81ba1e\"><div class=\"uagb-buttons__wrap uagb-buttons-layout-wrap \">\n<div class=\"wp-block-uagb-buttons-child uagb-buttons__outer-wrap uagb-block-248d2c85 wp-block-button\"><div class=\"uagb-button__wrapper\"><a class=\"uagb-buttons-repeater wp-block-button__link\" aria-label=\"\" href=\"https:\/\/alphalearning.com\/pt\/inscricao\/\" rel=\"nofollow noopener\" target=\"_self\" role=\"button\"><div class=\"uagb-button__link\">Estou Pronto para Iniciar a Inscri\u00e7\u00e3o<\/div><\/a><\/div><\/div>\n<\/div><\/div>\n<\/div>\n<\/div><\/div>\n\n\n\n<div class=\"wp-block-uagb-container uagb-block-3de2eb10 alignfull uagb-is-root-container\"><div class=\"uagb-container-inner-blocks-wrap\">\n<hr class=\"wp-block-separator has-text-color has-alpha-channel-opacity has-background is-style-wide\" style=\"background-color:#f4524d;color:#f4524d\"\/>\n\n\n\n<p class=\"has-text-align-right\"><strong>Leitura adicional:<\/strong><br><a href=\"https:\/\/alphalearning.com\/pt\/comentarios-de-clientes-alphalearning\/\">Coment\u00e1rios de Clientes do Alphalearning<\/a><br><a href=\"https:\/\/alphalearning.com\/pt\/imprensa-internacional\/\">Alphalearning na Imprensa Internacional<\/a><br><a href=\"https:\/\/alphalearning.com\/pt\/introducao-ao-equilibrio-cerebral\/\">Introdu\u00e7\u00e3o ao Equil\u00edbrio Cerebral<\/a><br><a href=\"https:\/\/alphalearning.com\/pt\/o-que-sao-as-ondas-alpha-e-theta\/\">O que s\u00e3o ondas cerebrais Alfa e Teta?<\/a><\/p>\n<\/div><\/div>\n","protected":false},"excerpt":{"rendered":"<p>Curso Saber Aprender Individual ou Familiar Por que o Curso Saber Aprender? Bem-vindo ao cerne das experi\u00eancias transformadoras de aprendizagem [&hellip;]<\/p>\n","protected":false},"author":2,"featured_media":0,"parent":13514,"menu_order":525,"comment_status":"closed","ping_status":"closed","template":"","meta":{"_uag_custom_page_level_css":"","site-sidebar-layout":"default","site-content-layout":"","ast-site-content-layout":"default","site-content-style":"default","site-sidebar-style":"default","ast-global-header-display":"","ast-banner-title-visibility":"","ast-main-header-display":"","ast-hfb-above-header-display":"","ast-hfb-below-header-display":"","ast-hfb-mobile-header-display":"","site-post-title":"disabled","ast-breadcrumbs-content":"","ast-featured-img":"","footer-sml-layout":"","ast-disable-related-posts":"","theme-transparent-header-meta":"","adv-header-id-meta":"","stick-header-meta":"","header-above-stick-meta":"","header-main-stick-meta":"","header-below-stick-meta":"","astra-migrate-meta-layouts":"default","ast-page-background-enabled":"default","ast-page-background-meta":{"desktop":{"background-color":"var(--ast-global-color-4)","background-image":"","background-repeat":"repeat","background-position":"center center","background-size":"auto","background-attachment":"scroll","background-type":"","background-media":"","overlay-type":"","overlay-color":"","overlay-opacity":"","overlay-gradient":""},"tablet":{"background-color":"","background-image":"","background-repeat":"repeat","background-position":"center center","background-size":"auto","background-attachment":"scroll","background-type":"","background-media":"","overlay-type":"","overlay-color":"","overlay-opacity":"","overlay-gradient":""},"mobile":{"background-color":"","background-image":"","background-repeat":"repeat","background-position":"center center","background-size":"auto","background-attachment":"scroll","background-type":"","background-media":"","overlay-type":"","overlay-color":"","overlay-opacity":"","overlay-gradient":""}},"ast-content-background-meta":{"desktop":{"background-color":"var(--ast-global-color-5)","background-image":"","background-repeat":"repeat","background-position":"center center","background-size":"auto","background-attachment":"scroll","background-type":"","background-media":"","overlay-type":"","overlay-color":"","overlay-opacity":"","overlay-gradient":""},"tablet":{"background-color":"var(--ast-global-color-5)","background-image":"","background-repeat":"repeat","background-position":"center center","background-size":"auto","background-attachment":"scroll","background-type":"","background-media":"","overlay-type":"","overlay-color":"","overlay-opacity":"","overlay-gradient":""},"mobile":{"background-color":"var(--ast-global-color-5)","background-image":"","background-repeat":"repeat","background-position":"center center","background-size":"auto","background-attachment":"scroll","background-type":"","background-media":"","overlay-type":"","overlay-color":"","overlay-opacity":"","overlay-gradient":""}},"footnotes":""},"class_list":["post-13553","page","type-page","status-publish","hentry"],"yoast_head":"<!-- This site is optimized with the Yoast SEO plugin v27.1.1 - https:\/\/yoast.com\/product\/yoast-seo-wordpress\/ -->\n<title>Alcance o seu Potencial: Curso de 5 Dias Alphalearning<\/title>\n<meta name=\"description\" content=\"Descubra o curso de 5 dias do Alphalearning para impulsionar a aprendizagem com o Sistema Brainwave III. Perfeito para fam\u00edlias e indiv\u00edduos.\" \/>\n<meta name=\"robots\" content=\"index, follow, max-snippet:-1, max-image-preview:large, max-video-preview:-1\" \/>\n<link rel=\"canonical\" href=\"https:\/\/alphalearning.com\/pt\/nossos-servicos\/curso-individual-familiar\/\" \/>\n<meta property=\"og:locale\" content=\"pt_PT\" \/>\n<meta property=\"og:type\" content=\"article\" \/>\n<meta property=\"og:title\" content=\"Alcance o seu Potencial: Curso de 5 Dias Alphalearning\" \/>\n<meta property=\"og:description\" content=\"Descubra o curso de 5 dias do Alphalearning para impulsionar a aprendizagem com o Sistema Brainwave III. Perfeito para fam\u00edlias e indiv\u00edduos.\" \/>\n<meta property=\"og:url\" content=\"https:\/\/alphalearning.com\/pt\/nossos-servicos\/curso-individual-familiar\/\" \/>\n<meta property=\"og:site_name\" content=\"Alphalearning International\" \/>\n<meta property=\"article:modified_time\" content=\"2025-04-30T15:03:42+00:00\" \/>\n<meta property=\"og:image\" content=\"https:\/\/alphalearning.com\/wp-content\/uploads\/2024\/04\/alphalearning-logo_red_1200x675px.png\" \/>\n\t<meta property=\"og:image:width\" content=\"1200\" \/>\n\t<meta property=\"og:image:height\" content=\"675\" \/>\n\t<meta property=\"og:image:type\" content=\"image\/png\" \/>\n<meta name=\"twitter:card\" content=\"summary_large_image\" \/>\n<meta name=\"twitter:label1\" content=\"Est. reading time\" \/>\n\t<meta name=\"twitter:data1\" content=\"4 minutes\" \/>\n<!-- \/ Yoast SEO plugin. -->","yoast_head_json":{"title":"Alcance o seu Potencial: Curso de 5 Dias Alphalearning","description":"Descubra o curso de 5 dias do Alphalearning para impulsionar a aprendizagem com o Sistema Brainwave III. Perfeito para fam\u00edlias e indiv\u00edduos.","robots":{"index":"index","follow":"follow","max-snippet":"max-snippet:-1","max-image-preview":"max-image-preview:large","max-video-preview":"max-video-preview:-1"},"canonical":"https:\/\/alphalearning.com\/pt\/nossos-servicos\/curso-individual-familiar\/","og_locale":"pt_PT","og_type":"article","og_title":"Alcance o seu Potencial: Curso de 5 Dias Alphalearning","og_description":"Descubra o curso de 5 dias do Alphalearning para impulsionar a aprendizagem com o Sistema Brainwave III. Perfeito para fam\u00edlias e indiv\u00edduos.","og_url":"https:\/\/alphalearning.com\/pt\/nossos-servicos\/curso-individual-familiar\/","og_site_name":"Alphalearning International","article_modified_time":"2025-04-30T15:03:42+00:00","og_image":[{"width":1200,"height":675,"url":"https:\/\/alphalearning.com\/wp-content\/uploads\/2024\/04\/alphalearning-logo_red_1200x675px.png","type":"image\/png"}],"twitter_card":"summary_large_image","twitter_misc":{"Est. reading time":"4 minutes"},"schema":{"@context":"https:\/\/schema.org","@graph":[{"@type":"WebPage","@id":"https:\/\/alphalearning.com\/pt\/nossos-servicos\/curso-individual-familiar\/","url":"https:\/\/alphalearning.com\/pt\/nossos-servicos\/curso-individual-familiar\/","name":"Alcance o seu Potencial: Curso de 5 Dias Alphalearning","isPartOf":{"@id":"https:\/\/alphalearning.com\/pt\/#website"},"datePublished":"2024-03-27T16:44:16+00:00","dateModified":"2025-04-30T15:03:42+00:00","description":"Descubra o curso de 5 dias do Alphalearning para impulsionar a aprendizagem com o Sistema Brainwave III. Perfeito para fam\u00edlias e indiv\u00edduos.","breadcrumb":{"@id":"https:\/\/alphalearning.com\/pt\/nossos-servicos\/curso-individual-familiar\/#breadcrumb"},"inLanguage":"pt","potentialAction":[{"@type":"ReadAction","target":["https:\/\/alphalearning.com\/pt\/nossos-servicos\/curso-individual-familiar\/"]}]},{"@type":"BreadcrumbList","@id":"https:\/\/alphalearning.com\/pt\/nossos-servicos\/curso-individual-familiar\/#breadcrumb","itemListElement":[{"@type":"ListItem","position":1,"name":"Home","item":"https:\/\/alphalearning.com\/pt\/"},{"@type":"ListItem","position":2,"name":"Nossos Servi\u00e7os","item":"https:\/\/alphalearning.com\/pt\/nossos-servicos\/"},{"@type":"ListItem","position":3,"name":"Curso Saber Aprender &#8211; Individual ou Familiar"}]},{"@type":"WebSite","@id":"https:\/\/alphalearning.com\/pt\/#website","url":"https:\/\/alphalearning.com\/pt\/","name":"Alphalearning International","description":"the brain training institute","publisher":{"@id":"https:\/\/alphalearning.com\/pt\/#organization"},"potentialAction":[{"@type":"SearchAction","target":{"@type":"EntryPoint","urlTemplate":"https:\/\/alphalearning.com\/pt\/?s={search_term_string}"},"query-input":{"@type":"PropertyValueSpecification","valueRequired":true,"valueName":"search_term_string"}}],"inLanguage":"pt"},{"@type":"Organization","@id":"https:\/\/alphalearning.com\/pt\/#organization","name":"Alphalearning International","url":"https:\/\/alphalearning.com\/pt\/","logo":{"@type":"ImageObject","inLanguage":"pt","@id":"https:\/\/alphalearning.com\/pt\/#\/schema\/logo\/image\/","url":"https:\/\/alphalearning.com\/wp-content\/uploads\/2024\/03\/alphalearning_ico2_512px.png","contentUrl":"https:\/\/alphalearning.com\/wp-content\/uploads\/2024\/03\/alphalearning_ico2_512px.png","width":512,"height":512,"caption":"Alphalearning International"},"image":{"@id":"https:\/\/alphalearning.com\/pt\/#\/schema\/logo\/image\/"}}]}},"uagb_featured_image_src":{"full":false,"thumbnail":false,"medium":false,"medium_large":false,"large":false,"1536x1536":false,"2048x2048":false,"gform-image-choice-sm":false,"gform-image-choice-md":false,"gform-image-choice-lg":false},"uagb_author_info":{"display_name":"Julio Machado","author_link":"https:\/\/alphalearning.com\/pt\/author\/julio-machado\/"},"uagb_comment_info":0,"uagb_excerpt":"Curso Saber Aprender Individual ou Familiar Por que o Curso Saber Aprender? Bem-vindo ao cerne das experi\u00eancias transformadoras de aprendizagem [&hellip;]","_links":{"self":[{"href":"https:\/\/alphalearning.com\/pt\/wp-json\/wp\/v2\/pages\/13553","targetHints":{"allow":["GET"]}}],"collection":[{"href":"https:\/\/alphalearning.com\/pt\/wp-json\/wp\/v2\/pages"}],"about":[{"href":"https:\/\/alphalearning.com\/pt\/wp-json\/wp\/v2\/types\/page"}],"author":[{"embeddable":true,"href":"https:\/\/alphalearning.com\/pt\/wp-json\/wp\/v2\/users\/2"}],"replies":[{"embeddable":true,"href":"https:\/\/alphalearning.com\/pt\/wp-json\/wp\/v2\/comments?post=13553"}],"version-history":[{"count":3,"href":"https:\/\/alphalearning.com\/pt\/wp-json\/wp\/v2\/pages\/13553\/revisions"}],"predecessor-version":[{"id":15193,"href":"https:\/\/alphalearning.com\/pt\/wp-json\/wp\/v2\/pages\/13553\/revisions\/15193"}],"up":[{"embeddable":true,"href":"https:\/\/alphalearning.com\/pt\/wp-json\/wp\/v2\/pages\/13514"}],"wp:attachment":[{"href":"https:\/\/alphalearning.com\/pt\/wp-json\/wp\/v2\/media?parent=13553"}],"curies":[{"name":"wp","href":"https:\/\/api.w.org\/{rel}","templated":true}]}}