{"id":13545,"date":"2024-03-27T16:44:00","date_gmt":"2024-03-27T16:44:00","guid":{"rendered":"https:\/\/alphalearning.com\/nossos-servicos\/evaluation-session\/"},"modified":"2025-04-29T19:38:40","modified_gmt":"2025-04-29T18:38:40","slug":"sessao-de-avalicao","status":"publish","type":"page","link":"https:\/\/alphalearning.com\/pt\/nossos-servicos\/sessao-de-avalicao\/","title":{"rendered":"Sess\u00e3o de Avalia\u00e7\u00e3o Alphalearning"},"content":{"rendered":"\n<div class=\"wp-block-uagb-advanced-heading uagb-block-1cb493ba\"><h1 class=\"uagb-heading-text\">Sess\u00e3o de Avalia\u00e7\u00e3o<\/h1><\/div>\n\n\n\n<div class=\"wp-block-uagb-container uagb-block-5fa5c57c alignfull uagb-is-root-container\"><div class=\"uagb-container-inner-blocks-wrap\">\n<div class=\"wp-block-uagb-advanced-heading uagb-block-6e980d86\"><h2 class=\"uagb-heading-text\">Introdu\u00e7\u00e3o \u00e0 Sess\u00e3o de Avalia\u00e7\u00e3o<\/h2><\/div>\n\n\n\n<p>A <strong>Sess\u00e3o de Avalia\u00e7\u00e3o<\/strong> do Alphalearning oferece uma oportunidade \u00fanica para potenciais novos clientes vivenciarem, em primeira m\u00e3o, a efic\u00e1cia do Sistema Brainwave III do Alphalearning e de suas t\u00e9cnicas. Concebida como um precursor do abrangente Curso Saber Aprender, essa sess\u00e3o de quatro horas serve como ponto de contato inicial, o que evidencia o potencial transformador de nossos m\u00e9todos.<\/p>\n\n\n\n<p>Originalmente destinada a avaliar a adequa\u00e7\u00e3o dos candidatos aos nossos cursos, a Sess\u00e3o de Avalia\u00e7\u00e3o se tornou uma ferramenta essencial para demonstrar os benef\u00edcios imediatos de nossas t\u00e9cnicas de treinamento cerebral, baseadas em leituras de EEG em tempo real.<\/p>\n\n\n\n<div class=\"wp-block-uagb-advanced-heading uagb-block-4e3b2f60\"><h2 class=\"uagb-heading-text\">O que esperar<\/h2><\/div>\n\n\n\n<p>A Sess\u00e3o de Avalia\u00e7\u00e3o inclui quatro componentes centrais:<\/p>\n\n\n\n<ol class=\"wp-block-list\">\n<li>Iniciar com uma s\u00e9rie de testes neurol\u00f3gicos e leituras de EEG para avaliar o comportamento cerebral antes dos est\u00edmulos.<\/li>\n\n\n\n<li>Ajustar o Sistema Brainwave III com programas espec\u00edficos de est\u00edmulos de luz e som, enquanto as ondas cerebrais s\u00e3o monitoradas em tempo real.<\/li>\n\n\n\n<li>Realizar testes neurol\u00f3gicos e leituras de EEG ap\u00f3s os est\u00edmulos para replicar as avalia\u00e7\u00f5es iniciais.<\/li>\n\n\n\n<li>Explicar detalhadamente os resultados, destacar poss\u00edveis melhorias e recomendar estrat\u00e9gias personalizadas para aplicar as t\u00e9cnicas do Alphalearning no dia a dia.<\/li>\n<\/ol>\n\n\n\n<div class=\"wp-block-uagb-advanced-heading uagb-block-ae789424\"><h2 class=\"uagb-heading-text\">Op\u00e7\u00f5es de Sess\u00e3o<\/h2><\/div>\n\n\n\n<p>Para atender \u00e0s diversas necessidades dos clientes, oferecemos v\u00e1rias op\u00e7\u00f5es para participar da Sess\u00e3o de Avalia\u00e7\u00e3o:<\/p>\n\n\n\n<ul class=\"wp-block-list\">\n<li>Visite-nos em Braga, Portugal, e vivencie a sess\u00e3o em nossas instala\u00e7\u00f5es.<\/li>\n\n\n\n<li>Para sess\u00f5es remotas, caso voc\u00ea conhe\u00e7a algu\u00e9m com acesso ao Sistema Brainwave III, a sess\u00e3o pode ocorrer por videoconfer\u00eancia com o aux\u00edlio dessa pessoa.<\/li>\n\n\n\n<li>Entre em contato com o Alphalearning para localizar um profissional em seu pa\u00eds que possa oferecer a sess\u00e3o remotamente, com o uso do Sistema Brainwave III.<\/li>\n\n\n\n<li>Disponibilizamos a possibilidade de um instrutor viajar at\u00e9 voc\u00ea para uma sess\u00e3o presencial no local de sua escolha. Neste caso, os custos de viagem, acomoda\u00e7\u00e3o e taxas adicionais ficam por conta do cliente.<\/li>\n<\/ul>\n\n\n\n<div class=\"wp-block-uagb-advanced-heading uagb-block-f77d39a4\"><h2 class=\"uagb-heading-text\">Descubra a diferen\u00e7a do Alphalearning<\/h2><\/div>\n\n\n\n<p>Seja por interesse em desenvolvimento pessoal, aprimoramento profissional ou simples curiosidade, a Sess\u00e3o de Avalia\u00e7\u00e3o \u00e9 a sua porta de entrada para compreender como nossas t\u00e9cnicas e equipamentos podem revolucionar sua forma de aprender e sua fun\u00e7\u00e3o cognitiva. Vivencie o impacto imediato de nossos m\u00e9todos de treinamento cerebral e d\u00ea o primeiro passo rumo \u00e0 libera\u00e7\u00e3o de todo o seu potencial.<\/p>\n\n\n\n<p>Pronto para experimentar o poder do Alphalearning? <a href=\"https:\/\/alphalearning.com\/pt\/contato\/\"><strong>Entre em contato conosco<\/strong><\/a> para agendar sua Sess\u00e3o de Avalia\u00e7\u00e3o e inicie agora sua jornada de aprimoramento cognitivo.<\/p>\n<\/div><\/div>\n\n\n\n<div class=\"wp-block-uagb-container uagb-block-3de2eb10 alignfull uagb-is-root-container\"><div class=\"uagb-container-inner-blocks-wrap\">\n<hr class=\"wp-block-separator has-text-color has-alpha-channel-opacity has-background is-style-wide\" style=\"background-color:#f4524d;color:#f4524d\"\/>\n\n\n\n<p class=\"has-text-align-right\"><strong>Leituras adicionais:<\/strong><br><a href=\"https:\/\/alphalearning.com\/pt\/comentarios-de-clientes-alphalearning\/\">Coment\u00e1rios de Clientes do Alphalearning<\/a><br><a href=\"https:\/\/alphalearning.com\/pt\/imprensa-internacional\/\">Alphalearning na Imprensa Internacional<\/a><br><a href=\"https:\/\/alphalearning.com\/pt\/introducao-ao-equilibrio-cerebral\/\">Introdu\u00e7\u00e3o ao Equil\u00edbrio Cerebral<\/a><br><a href=\"https:\/\/alphalearning.com\/pt\/o-que-sao-as-ondas-alpha-e-theta\/\">O que s\u00e3o ondas cerebrais Alfa e Teta?<\/a><\/p>\n<\/div><\/div>\n","protected":false},"excerpt":{"rendered":"<p>Sess\u00e3o de Avalia\u00e7\u00e3o Introdu\u00e7\u00e3o \u00e0 Sess\u00e3o de Avalia\u00e7\u00e3o A Sess\u00e3o de Avalia\u00e7\u00e3o do Alphalearning oferece uma oportunidade \u00fanica para potenciais [&hellip;]<\/p>\n","protected":false},"author":2,"featured_media":0,"parent":13514,"menu_order":520,"comment_status":"closed","ping_status":"closed","template":"","meta":{"_uag_custom_page_level_css":"","site-sidebar-layout":"default","site-content-layout":"","ast-site-content-layout":"default","site-content-style":"default","site-sidebar-style":"default","ast-global-header-display":"","ast-banner-title-visibility":"","ast-main-header-display":"","ast-hfb-above-header-display":"","ast-hfb-below-header-display":"","ast-hfb-mobile-header-display":"","site-post-title":"disabled","ast-breadcrumbs-content":"","ast-featured-img":"","footer-sml-layout":"","ast-disable-related-posts":"","theme-transparent-header-meta":"","adv-header-id-meta":"","stick-header-meta":"","header-above-stick-meta":"","header-main-stick-meta":"","header-below-stick-meta":"","astra-migrate-meta-layouts":"default","ast-page-background-enabled":"default","ast-page-background-meta":{"desktop":{"background-color":"var(--ast-global-color-4)","background-image":"","background-repeat":"repeat","background-position":"center center","background-size":"auto","background-attachment":"scroll","background-type":"","background-media":"","overlay-type":"","overlay-color":"","overlay-opacity":"","overlay-gradient":""},"tablet":{"background-color":"","background-image":"","background-repeat":"repeat","background-position":"center center","background-size":"auto","background-attachment":"scroll","background-type":"","background-media":"","overlay-type":"","overlay-color":"","overlay-opacity":"","overlay-gradient":""},"mobile":{"background-color":"","background-image":"","background-repeat":"repeat","background-position":"center center","background-size":"auto","background-attachment":"scroll","background-type":"","background-media":"","overlay-type":"","overlay-color":"","overlay-opacity":"","overlay-gradient":""}},"ast-content-background-meta":{"desktop":{"background-color":"var(--ast-global-color-5)","background-image":"","background-repeat":"repeat","background-position":"center center","background-size":"auto","background-attachment":"scroll","background-type":"","background-media":"","overlay-type":"","overlay-color":"","overlay-opacity":"","overlay-gradient":""},"tablet":{"background-color":"var(--ast-global-color-5)","background-image":"","background-repeat":"repeat","background-position":"center center","background-size":"auto","background-attachment":"scroll","background-type":"","background-media":"","overlay-type":"","overlay-color":"","overlay-opacity":"","overlay-gradient":""},"mobile":{"background-color":"var(--ast-global-color-5)","background-image":"","background-repeat":"repeat","background-position":"center center","background-size":"auto","background-attachment":"scroll","background-type":"","background-media":"","overlay-type":"","overlay-color":"","overlay-opacity":"","overlay-gradient":""}},"footnotes":""},"class_list":["post-13545","page","type-page","status-publish","hentry"],"yoast_head":"<!-- This site is optimized with the Yoast SEO plugin v27.1.1 - https:\/\/yoast.com\/product\/yoast-seo-wordpress\/ -->\n<title>Sess\u00e3o de Avalia\u00e7\u00e3o Alphalearning | Descubra Seu Potencial<\/title>\n<meta name=\"description\" content=\"Experimente a Sess\u00e3o de Avalia\u00e7\u00e3o do Alphalearning. Um insight de 4 horas em nossas t\u00e9cnicas de treinamento cerebral para desvendar capacidades de aprendizagem.\" \/>\n<meta name=\"robots\" content=\"index, follow, max-snippet:-1, max-image-preview:large, max-video-preview:-1\" \/>\n<link rel=\"canonical\" href=\"https:\/\/alphalearning.com\/pt\/nossos-servicos\/sessao-de-avalicao\/\" \/>\n<meta property=\"og:locale\" content=\"pt_PT\" \/>\n<meta property=\"og:type\" content=\"article\" \/>\n<meta property=\"og:title\" content=\"Sess\u00e3o de Avalia\u00e7\u00e3o Alphalearning | Descubra Seu Potencial\" \/>\n<meta property=\"og:description\" content=\"Experimente a Sess\u00e3o de Avalia\u00e7\u00e3o do Alphalearning. Um insight de 4 horas em nossas t\u00e9cnicas de treinamento cerebral para desvendar capacidades de aprendizagem.\" \/>\n<meta property=\"og:url\" content=\"https:\/\/alphalearning.com\/pt\/nossos-servicos\/sessao-de-avalicao\/\" \/>\n<meta property=\"og:site_name\" content=\"Alphalearning International\" \/>\n<meta property=\"article:modified_time\" content=\"2025-04-29T18:38:40+00:00\" \/>\n<meta property=\"og:image\" content=\"https:\/\/alphalearning.com\/wp-content\/uploads\/2024\/04\/alphalearning-logo_red_1200x675px.png\" \/>\n\t<meta property=\"og:image:width\" content=\"1200\" \/>\n\t<meta property=\"og:image:height\" content=\"675\" \/>\n\t<meta property=\"og:image:type\" content=\"image\/png\" \/>\n<meta name=\"twitter:card\" content=\"summary_large_image\" \/>\n<meta name=\"twitter:label1\" content=\"Est. reading time\" \/>\n\t<meta name=\"twitter:data1\" content=\"2 minutes\" \/>\n<!-- \/ Yoast SEO plugin. -->","yoast_head_json":{"title":"Sess\u00e3o de Avalia\u00e7\u00e3o Alphalearning | Descubra Seu Potencial","description":"Experimente a Sess\u00e3o de Avalia\u00e7\u00e3o do Alphalearning. Um insight de 4 horas em nossas t\u00e9cnicas de treinamento cerebral para desvendar capacidades de aprendizagem.","robots":{"index":"index","follow":"follow","max-snippet":"max-snippet:-1","max-image-preview":"max-image-preview:large","max-video-preview":"max-video-preview:-1"},"canonical":"https:\/\/alphalearning.com\/pt\/nossos-servicos\/sessao-de-avalicao\/","og_locale":"pt_PT","og_type":"article","og_title":"Sess\u00e3o de Avalia\u00e7\u00e3o Alphalearning | Descubra Seu Potencial","og_description":"Experimente a Sess\u00e3o de Avalia\u00e7\u00e3o do Alphalearning. Um insight de 4 horas em nossas t\u00e9cnicas de treinamento cerebral para desvendar capacidades de aprendizagem.","og_url":"https:\/\/alphalearning.com\/pt\/nossos-servicos\/sessao-de-avalicao\/","og_site_name":"Alphalearning International","article_modified_time":"2025-04-29T18:38:40+00:00","og_image":[{"width":1200,"height":675,"url":"https:\/\/alphalearning.com\/wp-content\/uploads\/2024\/04\/alphalearning-logo_red_1200x675px.png","type":"image\/png"}],"twitter_card":"summary_large_image","twitter_misc":{"Est. reading time":"2 minutes"},"schema":{"@context":"https:\/\/schema.org","@graph":[{"@type":"WebPage","@id":"https:\/\/alphalearning.com\/pt\/nossos-servicos\/sessao-de-avalicao\/","url":"https:\/\/alphalearning.com\/pt\/nossos-servicos\/sessao-de-avalicao\/","name":"Sess\u00e3o de Avalia\u00e7\u00e3o Alphalearning | Descubra Seu Potencial","isPartOf":{"@id":"https:\/\/alphalearning.com\/pt\/#website"},"datePublished":"2024-03-27T16:44:00+00:00","dateModified":"2025-04-29T18:38:40+00:00","description":"Experimente a Sess\u00e3o de Avalia\u00e7\u00e3o do Alphalearning. Um insight de 4 horas em nossas t\u00e9cnicas de treinamento cerebral para desvendar capacidades de aprendizagem.","breadcrumb":{"@id":"https:\/\/alphalearning.com\/pt\/nossos-servicos\/sessao-de-avalicao\/#breadcrumb"},"inLanguage":"pt","potentialAction":[{"@type":"ReadAction","target":["https:\/\/alphalearning.com\/pt\/nossos-servicos\/sessao-de-avalicao\/"]}]},{"@type":"BreadcrumbList","@id":"https:\/\/alphalearning.com\/pt\/nossos-servicos\/sessao-de-avalicao\/#breadcrumb","itemListElement":[{"@type":"ListItem","position":1,"name":"Home","item":"https:\/\/alphalearning.com\/pt\/"},{"@type":"ListItem","position":2,"name":"Nossos Servi\u00e7os","item":"https:\/\/alphalearning.com\/pt\/nossos-servicos\/"},{"@type":"ListItem","position":3,"name":"Sess\u00e3o de Avalia\u00e7\u00e3o Alphalearning"}]},{"@type":"WebSite","@id":"https:\/\/alphalearning.com\/pt\/#website","url":"https:\/\/alphalearning.com\/pt\/","name":"Alphalearning International","description":"the brain training institute","publisher":{"@id":"https:\/\/alphalearning.com\/pt\/#organization"},"potentialAction":[{"@type":"SearchAction","target":{"@type":"EntryPoint","urlTemplate":"https:\/\/alphalearning.com\/pt\/?s={search_term_string}"},"query-input":{"@type":"PropertyValueSpecification","valueRequired":true,"valueName":"search_term_string"}}],"inLanguage":"pt"},{"@type":"Organization","@id":"https:\/\/alphalearning.com\/pt\/#organization","name":"Alphalearning International","url":"https:\/\/alphalearning.com\/pt\/","logo":{"@type":"ImageObject","inLanguage":"pt","@id":"https:\/\/alphalearning.com\/pt\/#\/schema\/logo\/image\/","url":"https:\/\/alphalearning.com\/wp-content\/uploads\/2024\/03\/alphalearning_ico2_512px.png","contentUrl":"https:\/\/alphalearning.com\/wp-content\/uploads\/2024\/03\/alphalearning_ico2_512px.png","width":512,"height":512,"caption":"Alphalearning International"},"image":{"@id":"https:\/\/alphalearning.com\/pt\/#\/schema\/logo\/image\/"}}]}},"uagb_featured_image_src":{"full":false,"thumbnail":false,"medium":false,"medium_large":false,"large":false,"1536x1536":false,"2048x2048":false,"gform-image-choice-sm":false,"gform-image-choice-md":false,"gform-image-choice-lg":false},"uagb_author_info":{"display_name":"Julio Machado","author_link":"https:\/\/alphalearning.com\/pt\/author\/julio-machado\/"},"uagb_comment_info":0,"uagb_excerpt":"Sess\u00e3o de Avalia\u00e7\u00e3o Introdu\u00e7\u00e3o \u00e0 Sess\u00e3o de Avalia\u00e7\u00e3o A Sess\u00e3o de Avalia\u00e7\u00e3o do Alphalearning oferece uma oportunidade \u00fanica para potenciais [&hellip;]","_links":{"self":[{"href":"https:\/\/alphalearning.com\/pt\/wp-json\/wp\/v2\/pages\/13545","targetHints":{"allow":["GET"]}}],"collection":[{"href":"https:\/\/alphalearning.com\/pt\/wp-json\/wp\/v2\/pages"}],"about":[{"href":"https:\/\/alphalearning.com\/pt\/wp-json\/wp\/v2\/types\/page"}],"author":[{"embeddable":true,"href":"https:\/\/alphalearning.com\/pt\/wp-json\/wp\/v2\/users\/2"}],"replies":[{"embeddable":true,"href":"https:\/\/alphalearning.com\/pt\/wp-json\/wp\/v2\/comments?post=13545"}],"version-history":[{"count":5,"href":"https:\/\/alphalearning.com\/pt\/wp-json\/wp\/v2\/pages\/13545\/revisions"}],"predecessor-version":[{"id":15216,"href":"https:\/\/alphalearning.com\/pt\/wp-json\/wp\/v2\/pages\/13545\/revisions\/15216"}],"up":[{"embeddable":true,"href":"https:\/\/alphalearning.com\/pt\/wp-json\/wp\/v2\/pages\/13514"}],"wp:attachment":[{"href":"https:\/\/alphalearning.com\/pt\/wp-json\/wp\/v2\/media?parent=13545"}],"curies":[{"name":"wp","href":"https:\/\/api.w.org\/{rel}","templated":true}]}}