{"id":13537,"date":"2024-03-27T16:43:44","date_gmt":"2024-03-27T16:43:44","guid":{"rendered":"https:\/\/alphalearning.com\/nossos-servicos\/corporate-course\/"},"modified":"2025-08-14T16:49:37","modified_gmt":"2025-08-14T15:49:37","slug":"curso-corporativo","status":"publish","type":"page","link":"https:\/\/alphalearning.com\/pt\/nossos-servicos\/curso-corporativo\/","title":{"rendered":"Curso Saber Aprender &#8211; Corporativo"},"content":{"rendered":"\n<div class=\"wp-block-uagb-advanced-heading uagb-block-c896b855\"><h1 class=\"uagb-heading-text\">Curso Corporativo<\/h1><\/div>\n\n\n\n<div class=\"wp-block-uagb-container uagb-block-f08b3372 alignfull uagb-is-root-container\"><div class=\"uagb-container-inner-blocks-wrap\">\n<div class=\"wp-block-uagb-advanced-heading uagb-block-5d87b37b\"><h2 class=\"uagb-heading-text\">Desbloqueando a Excel\u00eancia Corporativa com o Alphalearning<\/h2><\/div>\n\n\n\n<p>O Curso Corporativo do Alphalearning combina os princ\u00edpios centrais da nossa aclamada metodologia do Curso Saber Aprender com um foco direcionado ao ambiente profissional, o que oferece um caminho inigual\u00e1vel para a excel\u00eancia corporativa. Por meio de t\u00e9cnicas avan\u00e7adas de treinamento cerebral, an\u00e1lise de EEG em tempo real e o uso inovador do Sistema Brainwave III, os participantes iniciam uma jornada transformadora. Com mais de 30 anos de hist\u00f3ria do Alphalearning, este curso \u00e9 sua porta de entrada para um crescimento cognitivo e profissional espetacular.<\/p>\n\n\n\n<div class=\"wp-block-uagb-advanced-heading uagb-block-893ba876\"><h2 class=\"uagb-heading-text\">Objetivos do Curso<\/h2><\/div>\n\n\n\n<p>Desenvolvido exclusivamente para CEOs, diretores e executivos de alto n\u00edvel, este curso fornece aos l\u00edderes corporativos habilidades fundamentais para a excel\u00eancia profissional. Os participantes dominar\u00e3o tomada de decis\u00f5es, comunica\u00e7\u00e3o, aumento de produtividade e gest\u00e3o de tempo, cada compet\u00eancia minuciosamente ensinada para garantir compreens\u00e3o e aplica\u00e7\u00e3o plenas no ambiente corporativo.<\/p>\n\n\n\n<div class=\"wp-block-uagb-advanced-heading uagb-block-cc5efd8f\"><h2 class=\"uagb-heading-text\">O que distingue nosso Curso Corporativo<\/h2><\/div>\n\n\n\n<ol class=\"wp-block-list\">\n<li><strong>Tomada de decis\u00f5es aprimorada<\/strong>: Alcan\u00e7ar e manter as frequ\u00eancias de Beta exatas, cruciais para uma tomada de decis\u00f5es clara e efetiva.<\/li>\n\n\n\n<li><strong>Habilidades de comunica\u00e7\u00e3o revolucion\u00e1rias<\/strong>: Elevar a comunica\u00e7\u00e3o interna por meio da exclusiva Teoria da Comunica\u00e7\u00e3o da Alphalearning, amparada por an\u00e1lise de EEG.<\/li>\n\n\n\n<li><strong>Produtividade aumentada<\/strong>: Aplicar t\u00e9cnicas da Alphalearning para um incremento significativo na produtividade da empresa, ajustadas ao seu ambiente corporativo.<\/li>\n\n\n\n<li><strong>Gest\u00e3o de tempo avan\u00e7ada<\/strong>: Vivenciar uma abordagem personalizada de gerenciamento do tempo, que une t\u00e9cnicas comprovadas a profundos insights filos\u00f3ficos.<\/li>\n<\/ol>\n\n\n\n<div class=\"wp-block-uagb-advanced-heading uagb-block-005c0cb1\"><h2 class=\"uagb-heading-text\">Hist\u00f3rias de Sucesso<\/h2><\/div>\n\n\n\n<p><em>\u201cPara ir direto ao ponto: o conhecimento e a compet\u00eancia do Instituto Alphalearning s\u00e3o de consider\u00e1vel import\u00e2ncia para nossa sociedade e precisam ser amplamente divulgados.\u201d<\/em> \u2013 Monique Quint, Membro do Parlamento, Pa\u00edses Baixos.<\/p>\n\n\n\n<p>Nosso curso tem catalisado mudan\u00e7as transformadoras em diversos setores. Desde a ICL Fujitsu aprimorando a din\u00e2mica de equipe, passando pela Henkel ao estimular a inova\u00e7\u00e3o, at\u00e9 a Raychem que vivenciou um crescimento profissional expressivo, l\u00edderes testemunharam os benef\u00edcios tang\u00edveis de nosso programa. Cada depoimento ressalta o impacto profundo que a Alphalearning exerce na efici\u00eancia e no sucesso corporativo.<\/p>\n\n\n\n<div class=\"wp-block-uagb-advanced-heading uagb-block-e257af7b\"><h2 class=\"uagb-heading-text\">Log\u00edstica e Personaliza\u00e7\u00e3o do Curso<\/h2><\/div>\n\n\n\n<p>Como conduzimos uma pesquisa profunda para reconhecer as necessidades e desafios espec\u00edficos de cada empresa, o Curso Corporativo oferece uma flexibilidade incompar\u00e1vel em termos de log\u00edstica e conte\u00fado. Seja conduzido nas instala\u00e7\u00f5es da sua companhia, em nossas depend\u00eancias dedicadas ou em um local neutro, garantimos que o curso se alinhe perfeitamente aos objetivos de sua organiza\u00e7\u00e3o. O curr\u00edculo \u00e9 altamente personaliz\u00e1vel, abordando desafios e metas corporativas particulares, o que torna cada sess\u00e3o uma experi\u00eancia de aprendizagem sob medida, que se traduz diretamente em resultados empresariais mensur\u00e1veis.<\/p>\n\n\n\n<div class=\"wp-block-uagb-advanced-heading uagb-block-6c123354\"><h2 class=\"uagb-heading-text\">Investindo no Futuro da Sua Empresa<\/h2><\/div>\n\n\n\n<p>Um investimento no Curso Corporativo \u00e9 um investimento no futuro da sua empresa. Dados hist\u00f3ricos dos \u00faltimos 30 anos mostram que as empresas recuperam todo o valor investido em at\u00e9 seis meses, baseando-se apenas na aplica\u00e7\u00e3o de novas habilidades e estrat\u00e9gias adquiridas durante o curso. E isso sem considerar as melhorias financeiras e operacionais mais amplas que ocorrem naturalmente quando h\u00e1 um aperfei\u00e7oamento no desempenho executivo e na capacidade de tomada de decis\u00f5es.<\/p>\n\n\n\n<div class=\"wp-block-uagb-advanced-heading uagb-block-307888ef\"><h2 class=\"uagb-heading-text\">Inicie Sua Transforma\u00e7\u00e3o<\/h2><\/div>\n\n\n\n<p>Pronto para elevar as capacidades da sua equipe executiva e impulsionar um sucesso incompar\u00e1vel na empresa? <a href=\"https:\/\/alphalearning.com\/personalised-consultation\/\"><strong>Agende hoje mesmo sua Consulta Personalizada<\/strong><\/a> e descubra como nosso Curso Corporativo pode ser adaptado \u00e0s necessidades exclusivas da sua organiza\u00e7\u00e3o.<\/p>\n<\/div><\/div>\n\n\n\n<div class=\"wp-block-uagb-container uagb-block-e7248b38 alignfull uagb-is-root-container\"><div class=\"uagb-container-inner-blocks-wrap\">\n<div class=\"wp-block-uagb-container uagb-block-1ec55a6b\">\n<div class=\"wp-block-uagb-buttons uagb-buttons__outer-wrap uagb-btn__default-btn uagb-btn-tablet__default-btn uagb-btn-mobile__default-btn uagb-block-379c62b6\"><div class=\"uagb-buttons__wrap uagb-buttons-layout-wrap \">\n<div class=\"wp-block-uagb-buttons-child uagb-buttons__outer-wrap uagb-block-31b8dfca wp-block-button\"><div class=\"uagb-button__wrapper\"><a class=\"uagb-buttons-repeater wp-block-button__link\" aria-label=\"\" href=\"https:\/\/alphalearning.com\/pt\/consulta-personalizada\/\" rel=\"nofollow noopener\" target=\"_self\" role=\"button\"><div class=\"uagb-button__link\">Agende sua Consulta Personalizada<\/div><\/a><\/div><\/div>\n<\/div><\/div>\n<\/div>\n\n\n\n<div class=\"wp-block-uagb-container uagb-block-18fb636a\">\n<div class=\"wp-block-uagb-buttons uagb-buttons__outer-wrap uagb-btn__default-btn uagb-btn-tablet__default-btn uagb-btn-mobile__default-btn uagb-block-cc81ba1e\"><div class=\"uagb-buttons__wrap uagb-buttons-layout-wrap \">\n<div class=\"wp-block-uagb-buttons-child uagb-buttons__outer-wrap uagb-block-248d2c85 wp-block-button\"><div class=\"uagb-button__wrapper\"><a class=\"uagb-buttons-repeater wp-block-button__link\" aria-label=\"\" href=\"https:\/\/alphalearning.com\/pt\/inscricao\/\" rel=\"nofollow noopener\" target=\"_self\" role=\"button\"><div class=\"uagb-button__link\">Estou Pronto para Iniciar a Inscri\u00e7\u00e3o<\/div><\/a><\/div><\/div>\n<\/div><\/div>\n<\/div>\n<\/div><\/div>\n\n\n\n<div class=\"wp-block-uagb-container uagb-block-3de2eb10 alignfull uagb-is-root-container\"><div class=\"uagb-container-inner-blocks-wrap\">\n<hr class=\"wp-block-separator has-text-color has-alpha-channel-opacity has-background is-style-wide\" style=\"background-color:#f4524d;color:#f4524d\"\/>\n\n\n\n<p class=\"has-text-align-right\"><strong>Leitura Adicional:<\/strong><br><a href=\"https:\/\/alphalearning.com\/pt\/comentarios-de-clientes-alphalearning\/\">Coment\u00e1rios de Clientes Alphalearning<\/a><br><a href=\"https:\/\/alphalearning.com\/pt\/imprensa-internacional\/\">Alphalearning na Imprensa Internacional<\/a><br><a href=\"https:\/\/alphalearning.com\/pt\/introducao-ao-equilibrio-cerebral\/\">Introdu\u00e7\u00e3o ao Equil\u00edbrio Cerebral<\/a><br><a href=\"https:\/\/alphalearning.com\/pt\/o-que-sao-as-ondas-alpha-e-theta\/\">O que s\u00e3o as ondas cerebrais alfa e teta?<\/a><\/p>\n<\/div><\/div>\n","protected":false},"excerpt":{"rendered":"<p>Curso Corporativo Desbloqueando a Excel\u00eancia Corporativa com o Alphalearning O Curso Corporativo do Alphalearning combina os princ\u00edpios centrais da nossa [&hellip;]<\/p>\n","protected":false},"author":2,"featured_media":0,"parent":13514,"menu_order":515,"comment_status":"closed","ping_status":"closed","template":"","meta":{"_uag_custom_page_level_css":"","site-sidebar-layout":"default","site-content-layout":"","ast-site-content-layout":"default","site-content-style":"default","site-sidebar-style":"default","ast-global-header-display":"","ast-banner-title-visibility":"","ast-main-header-display":"","ast-hfb-above-header-display":"","ast-hfb-below-header-display":"","ast-hfb-mobile-header-display":"","site-post-title":"disabled","ast-breadcrumbs-content":"","ast-featured-img":"","footer-sml-layout":"","ast-disable-related-posts":"","theme-transparent-header-meta":"","adv-header-id-meta":"","stick-header-meta":"","header-above-stick-meta":"","header-main-stick-meta":"","header-below-stick-meta":"","astra-migrate-meta-layouts":"default","ast-page-background-enabled":"default","ast-page-background-meta":{"desktop":{"background-color":"var(--ast-global-color-4)","background-image":"","background-repeat":"repeat","background-position":"center center","background-size":"auto","background-attachment":"scroll","background-type":"","background-media":"","overlay-type":"","overlay-color":"","overlay-opacity":"","overlay-gradient":""},"tablet":{"background-color":"","background-image":"","background-repeat":"repeat","background-position":"center center","background-size":"auto","background-attachment":"scroll","background-type":"","background-media":"","overlay-type":"","overlay-color":"","overlay-opacity":"","overlay-gradient":""},"mobile":{"background-color":"","background-image":"","background-repeat":"repeat","background-position":"center center","background-size":"auto","background-attachment":"scroll","background-type":"","background-media":"","overlay-type":"","overlay-color":"","overlay-opacity":"","overlay-gradient":""}},"ast-content-background-meta":{"desktop":{"background-color":"var(--ast-global-color-5)","background-image":"","background-repeat":"repeat","background-position":"center center","background-size":"auto","background-attachment":"scroll","background-type":"","background-media":"","overlay-type":"","overlay-color":"","overlay-opacity":"","overlay-gradient":""},"tablet":{"background-color":"var(--ast-global-color-5)","background-image":"","background-repeat":"repeat","background-position":"center center","background-size":"auto","background-attachment":"scroll","background-type":"","background-media":"","overlay-type":"","overlay-color":"","overlay-opacity":"","overlay-gradient":""},"mobile":{"background-color":"var(--ast-global-color-5)","background-image":"","background-repeat":"repeat","background-position":"center center","background-size":"auto","background-attachment":"scroll","background-type":"","background-media":"","overlay-type":"","overlay-color":"","overlay-opacity":"","overlay-gradient":""}},"footnotes":""},"class_list":["post-13537","page","type-page","status-publish","hentry"],"yoast_head":"<!-- This site is optimized with the Yoast SEO plugin v27.1.1 - https:\/\/yoast.com\/product\/yoast-seo-wordpress\/ -->\n<title>Curso Corporativo Alphalearning: Eleve o Desempenho Executivo<\/title>\n<meta name=\"description\" content=\"Descubra o Curso Corporativo do Alphalearning, criado para aprimorar decis\u00f5es, produtividade e a din\u00e2mica de equipe com t\u00e9cnicas cerebrais avan\u00e7adas.\" \/>\n<meta name=\"robots\" content=\"index, follow, max-snippet:-1, max-image-preview:large, max-video-preview:-1\" \/>\n<link rel=\"canonical\" href=\"https:\/\/alphalearning.com\/pt\/nossos-servicos\/curso-corporativo\/\" \/>\n<meta property=\"og:locale\" content=\"pt_PT\" \/>\n<meta property=\"og:type\" content=\"article\" \/>\n<meta property=\"og:title\" content=\"Curso Corporativo Alphalearning: Eleve o Desempenho Executivo\" \/>\n<meta property=\"og:description\" content=\"Descubra o Curso Corporativo do Alphalearning, criado para aprimorar decis\u00f5es, produtividade e a din\u00e2mica de equipe com t\u00e9cnicas cerebrais avan\u00e7adas.\" \/>\n<meta property=\"og:url\" content=\"https:\/\/alphalearning.com\/pt\/nossos-servicos\/curso-corporativo\/\" \/>\n<meta property=\"og:site_name\" content=\"Alphalearning International\" \/>\n<meta property=\"article:modified_time\" content=\"2025-08-14T15:49:37+00:00\" \/>\n<meta property=\"og:image\" content=\"https:\/\/alphalearning.com\/wp-content\/uploads\/2024\/04\/alphalearning-logo_red_1200x675px.png\" \/>\n\t<meta property=\"og:image:width\" content=\"1200\" \/>\n\t<meta property=\"og:image:height\" content=\"675\" \/>\n\t<meta property=\"og:image:type\" content=\"image\/png\" \/>\n<meta name=\"twitter:card\" content=\"summary_large_image\" \/>\n<meta name=\"twitter:label1\" content=\"Est. reading time\" \/>\n\t<meta name=\"twitter:data1\" content=\"3 minutes\" \/>\n<!-- \/ Yoast SEO plugin. -->","yoast_head_json":{"title":"Curso Corporativo Alphalearning: Eleve o Desempenho Executivo","description":"Descubra o Curso Corporativo do Alphalearning, criado para aprimorar decis\u00f5es, produtividade e a din\u00e2mica de equipe com t\u00e9cnicas cerebrais avan\u00e7adas.","robots":{"index":"index","follow":"follow","max-snippet":"max-snippet:-1","max-image-preview":"max-image-preview:large","max-video-preview":"max-video-preview:-1"},"canonical":"https:\/\/alphalearning.com\/pt\/nossos-servicos\/curso-corporativo\/","og_locale":"pt_PT","og_type":"article","og_title":"Curso Corporativo Alphalearning: Eleve o Desempenho Executivo","og_description":"Descubra o Curso Corporativo do Alphalearning, criado para aprimorar decis\u00f5es, produtividade e a din\u00e2mica de equipe com t\u00e9cnicas cerebrais avan\u00e7adas.","og_url":"https:\/\/alphalearning.com\/pt\/nossos-servicos\/curso-corporativo\/","og_site_name":"Alphalearning International","article_modified_time":"2025-08-14T15:49:37+00:00","og_image":[{"width":1200,"height":675,"url":"https:\/\/alphalearning.com\/wp-content\/uploads\/2024\/04\/alphalearning-logo_red_1200x675px.png","type":"image\/png"}],"twitter_card":"summary_large_image","twitter_misc":{"Est. reading time":"3 minutes"},"schema":{"@context":"https:\/\/schema.org","@graph":[{"@type":"WebPage","@id":"https:\/\/alphalearning.com\/pt\/nossos-servicos\/curso-corporativo\/","url":"https:\/\/alphalearning.com\/pt\/nossos-servicos\/curso-corporativo\/","name":"Curso Corporativo Alphalearning: Eleve o Desempenho Executivo","isPartOf":{"@id":"https:\/\/alphalearning.com\/pt\/#website"},"datePublished":"2024-03-27T16:43:44+00:00","dateModified":"2025-08-14T15:49:37+00:00","description":"Descubra o Curso Corporativo do Alphalearning, criado para aprimorar decis\u00f5es, produtividade e a din\u00e2mica de equipe com t\u00e9cnicas cerebrais avan\u00e7adas.","breadcrumb":{"@id":"https:\/\/alphalearning.com\/pt\/nossos-servicos\/curso-corporativo\/#breadcrumb"},"inLanguage":"pt","potentialAction":[{"@type":"ReadAction","target":["https:\/\/alphalearning.com\/pt\/nossos-servicos\/curso-corporativo\/"]}]},{"@type":"BreadcrumbList","@id":"https:\/\/alphalearning.com\/pt\/nossos-servicos\/curso-corporativo\/#breadcrumb","itemListElement":[{"@type":"ListItem","position":1,"name":"Home","item":"https:\/\/alphalearning.com\/pt\/"},{"@type":"ListItem","position":2,"name":"Nossos Servi\u00e7os","item":"https:\/\/alphalearning.com\/pt\/nossos-servicos\/"},{"@type":"ListItem","position":3,"name":"Curso Saber Aprender &#8211; Corporativo"}]},{"@type":"WebSite","@id":"https:\/\/alphalearning.com\/pt\/#website","url":"https:\/\/alphalearning.com\/pt\/","name":"Alphalearning International","description":"the brain training institute","publisher":{"@id":"https:\/\/alphalearning.com\/pt\/#organization"},"potentialAction":[{"@type":"SearchAction","target":{"@type":"EntryPoint","urlTemplate":"https:\/\/alphalearning.com\/pt\/?s={search_term_string}"},"query-input":{"@type":"PropertyValueSpecification","valueRequired":true,"valueName":"search_term_string"}}],"inLanguage":"pt"},{"@type":"Organization","@id":"https:\/\/alphalearning.com\/pt\/#organization","name":"Alphalearning International","url":"https:\/\/alphalearning.com\/pt\/","logo":{"@type":"ImageObject","inLanguage":"pt","@id":"https:\/\/alphalearning.com\/pt\/#\/schema\/logo\/image\/","url":"https:\/\/alphalearning.com\/wp-content\/uploads\/2024\/03\/alphalearning_ico2_512px.png","contentUrl":"https:\/\/alphalearning.com\/wp-content\/uploads\/2024\/03\/alphalearning_ico2_512px.png","width":512,"height":512,"caption":"Alphalearning International"},"image":{"@id":"https:\/\/alphalearning.com\/pt\/#\/schema\/logo\/image\/"}}]}},"uagb_featured_image_src":{"full":false,"thumbnail":false,"medium":false,"medium_large":false,"large":false,"1536x1536":false,"2048x2048":false,"gform-image-choice-sm":false,"gform-image-choice-md":false,"gform-image-choice-lg":false},"uagb_author_info":{"display_name":"Julio Machado","author_link":"https:\/\/alphalearning.com\/pt\/author\/julio-machado\/"},"uagb_comment_info":0,"uagb_excerpt":"Curso Corporativo Desbloqueando a Excel\u00eancia Corporativa com o Alphalearning O Curso Corporativo do Alphalearning combina os princ\u00edpios centrais da nossa [&hellip;]","_links":{"self":[{"href":"https:\/\/alphalearning.com\/pt\/wp-json\/wp\/v2\/pages\/13537","targetHints":{"allow":["GET"]}}],"collection":[{"href":"https:\/\/alphalearning.com\/pt\/wp-json\/wp\/v2\/pages"}],"about":[{"href":"https:\/\/alphalearning.com\/pt\/wp-json\/wp\/v2\/types\/page"}],"author":[{"embeddable":true,"href":"https:\/\/alphalearning.com\/pt\/wp-json\/wp\/v2\/users\/2"}],"replies":[{"embeddable":true,"href":"https:\/\/alphalearning.com\/pt\/wp-json\/wp\/v2\/comments?post=13537"}],"version-history":[{"count":8,"href":"https:\/\/alphalearning.com\/pt\/wp-json\/wp\/v2\/pages\/13537\/revisions"}],"predecessor-version":[{"id":15205,"href":"https:\/\/alphalearning.com\/pt\/wp-json\/wp\/v2\/pages\/13537\/revisions\/15205"}],"up":[{"embeddable":true,"href":"https:\/\/alphalearning.com\/pt\/wp-json\/wp\/v2\/pages\/13514"}],"wp:attachment":[{"href":"https:\/\/alphalearning.com\/pt\/wp-json\/wp\/v2\/media?parent=13537"}],"curies":[{"name":"wp","href":"https:\/\/api.w.org\/{rel}","templated":true}]}}