{"id":13521,"date":"2024-03-27T16:43:04","date_gmt":"2024-03-27T16:43:04","guid":{"rendered":"https:\/\/alphalearning.com\/nossos-servicos\/7-day-immersive-mastery-course\/"},"modified":"2025-04-29T10:57:24","modified_gmt":"2025-04-29T09:57:24","slug":"curso-imersivo-alphalearning-7-dias","status":"publish","type":"page","link":"https:\/\/alphalearning.com\/pt\/nossos-servicos\/curso-imersivo-alphalearning-7-dias\/","title":{"rendered":"Curso Imersivo Alphalearning de 7 Dias"},"content":{"rendered":"\n<div class=\"wp-block-uagb-advanced-heading uagb-block-71cd6479\"><h1 class=\"uagb-heading-text\">Curso Imersivo Alphalearning de 7 Dias<\/h1><\/div>\n\n\n\n<div class=\"wp-block-uagb-container uagb-block-162ca34b alignfull uagb-is-root-container\"><div class=\"uagb-container-inner-blocks-wrap\">\n<div class=\"wp-block-uagb-advanced-heading uagb-block-712e5710\"><h2 class=\"uagb-heading-text\">Vis\u00e3o Geral do Curso<\/h2><\/div>\n\n\n\n<p>O <strong>Curso Imersivo Alphalearning de 7 Dias<\/strong>, oferecido pelo Alphalearning, \u00e9 o \u00e1pice do aprimoramento cognitivo e do desenvolvimento pessoal. Ele transcende as fronteiras tradicionais da aprendizagem, oferecendo uma explora\u00e7\u00e3o hol\u00edstica e profunda das t\u00e9cnicas de treinamento cerebral para indiv\u00edduos que buscam elevar suas habilidades cognitivas, aprimorar seu bem-estar pessoal e desbloquear novas dimens\u00f5es de realiza\u00e7\u00e3o profissional.<\/p>\n\n\n\n<div class=\"wp-block-uagb-advanced-heading uagb-block-ea7abf84\"><h2 class=\"uagb-heading-text\">Objetivos Abrangentes do Curso<\/h2><\/div>\n\n\n\n<p>Este curso abrange uma ampla gama de objetivos, o que garante que os participantes alcancem:<\/p>\n\n\n\n<ul class=\"wp-block-list\">\n<li><strong>Dom\u00ednio avan\u00e7ado<\/strong> em leitura r\u00e1pida e absor\u00e7\u00e3o de conhecimento.<\/li>\n\n\n\n<li><strong>Melhora no desempenho acad\u00eamico e profissional<\/strong> por meio de t\u00e9cnicas cuidadosamente elaboradas.<\/li>\n\n\n\n<li><strong>Melhorias significativas na gest\u00e3o do tempo<\/strong>, aproveitando as metodologias exclusivas do Alphalearning.<\/li>\n\n\n\n<li>Compreens\u00e3o e pr\u00e1tica mais profundas de <strong>medita\u00e7\u00e3o e estados alterados de consci\u00eancia<\/strong> para um crescimento pessoal profundo.<\/li>\n\n\n\n<li><strong>Sess\u00f5es de pr\u00e1tica personalizadas<\/strong> com base nas prioridades individuais, que podem incluir defesa de tese, performance art\u00edstica e tomada de decis\u00f5es executivas.<\/li>\n<\/ul>\n\n\n\n<div class=\"wp-block-uagb-advanced-heading uagb-block-09ae0bd9\"><h2 class=\"uagb-heading-text\">Caracter\u00edsticas Distintivas do Curso<\/h2><\/div>\n\n\n\n<p>Os participantes do Curso Imersivo Alphalearning de 7 Dias se beneficiam de recursos exclusivos:<\/p>\n\n\n\n<ul class=\"wp-block-list\">\n<li><strong>Aten\u00e7\u00e3o Personalizada<\/strong>: Orienta\u00e7\u00e3o individual direta do Diretor de Pesquisa do Alphalearning.<\/li>\n\n\n\n<li><strong>Desenvolvimento de Compet\u00eancias Diversificadas<\/strong>: Um curr\u00edculo que abrange uma ampla variedade de habilidades cognitivas e profissionais.<\/li>\n\n\n\n<li><strong>Ambiente de Aprendizado Premium<\/strong>: Realizado em um hotel de luxo cinco estrelas no Porto (Portugal), o que proporciona uma atmosfera de aprendizado ideal.<\/li>\n\n\n\n<li><strong>T\u00e9cnicas Exclusivas do Alphalearning<\/strong>: Acesso a metodologias propriet\u00e1rias de treinamento e aprimoramento cerebral.<\/li>\n<\/ul>\n\n\n\n<div class=\"wp-block-uagb-advanced-heading uagb-block-d04eb24e\"><h2 class=\"uagb-heading-text\">Experi\u00eancia de Aprendizagem Aprimorada<\/h2><\/div>\n\n\n\n<p>Sua jornada com o Curso Imersivo Alphalearning de 7 Dias inclui:<\/p>\n\n\n\n<ul class=\"wp-block-list\">\n<li><strong>Acomoda\u00e7\u00f5es luxuosas em um hotel cinco estrelas<\/strong>, cuidadosamente selecionado para oferecer conforto e serenidade prop\u00edcios ao aprendizado.<\/li>\n\n\n\n<li><strong>Sele\u00e7\u00f5es de caf\u00e9 da manh\u00e3 gourmet a cada manh\u00e3,<\/strong> o que fornece a energia ideal para as intensivas sess\u00f5es de estudo.<\/li>\n\n\n\n<li><strong>Servi\u00e7o de translado do aeroporto<\/strong>, assegurando uma experi\u00eancia de viagem tranquila e sem preocupa\u00e7\u00f5es.<\/li>\n\n\n\n<li><strong>Suporte e orienta\u00e7\u00e3o cont\u00ednuos ap\u00f3s o curso<\/strong>, para integrar e aplicar efetivamente as t\u00e9cnicas aprendidas.<\/li>\n<\/ul>\n\n\n\n<div class=\"wp-block-uagb-advanced-heading uagb-block-4d47ca75\"><h2 class=\"uagb-heading-text\">Embarque na Sua Jornada de Maestria<\/h2><\/div>\n\n\n\n<p>Eleve suas capacidades cognitivas e alcance um equil\u00edbrio harmonioso entre realiza\u00e7\u00e3o pessoal e excel\u00eancia profissional. <a href=\"https:\/\/alphalearning.com\/personalised-consultation\/\">Agende hoje mesmo sua Consultoria Personalizada<\/a> para adaptar o Curso Imersivo Alphalearning de 7 Dias \u00e0s suas aspira\u00e7\u00f5es.<\/p>\n<\/div><\/div>\n\n\n\n<div class=\"wp-block-uagb-container uagb-block-e7248b38 alignfull uagb-is-root-container\"><div class=\"uagb-container-inner-blocks-wrap\">\n<div class=\"wp-block-uagb-container uagb-block-1ec55a6b\">\n<div class=\"wp-block-uagb-buttons uagb-buttons__outer-wrap uagb-btn__default-btn uagb-btn-tablet__default-btn uagb-btn-mobile__default-btn uagb-block-379c62b6\"><div class=\"uagb-buttons__wrap uagb-buttons-layout-wrap \">\n<div class=\"wp-block-uagb-buttons-child uagb-buttons__outer-wrap uagb-block-31b8dfca wp-block-button\"><div class=\"uagb-button__wrapper\"><a class=\"uagb-buttons-repeater wp-block-button__link\" aria-label=\"\" href=\"https:\/\/alphalearning.com\/pt\/consulta-personalizada\/\" rel=\"nofollow noopener\" target=\"_self\" role=\"button\"><div class=\"uagb-button__link\">Agende sua Consulta Personalizada<\/div><\/a><\/div><\/div>\n<\/div><\/div>\n<\/div>\n\n\n\n<div class=\"wp-block-uagb-container uagb-block-18fb636a\">\n<div class=\"wp-block-uagb-buttons uagb-buttons__outer-wrap uagb-btn__default-btn uagb-btn-tablet__default-btn uagb-btn-mobile__default-btn uagb-block-cc81ba1e\"><div class=\"uagb-buttons__wrap uagb-buttons-layout-wrap \">\n<div class=\"wp-block-uagb-buttons-child uagb-buttons__outer-wrap uagb-block-248d2c85 wp-block-button\"><div class=\"uagb-button__wrapper\"><a class=\"uagb-buttons-repeater wp-block-button__link\" aria-label=\"\" href=\"https:\/\/alphalearning.com\/pt\/inscricao\/\" rel=\"nofollow noopener\" target=\"_self\" role=\"button\"><div class=\"uagb-button__link\">Estou Pronto para Iniciar a Inscri\u00e7\u00e3o<\/div><\/a><\/div><\/div>\n<\/div><\/div>\n<\/div>\n<\/div><\/div>\n\n\n\n<div class=\"wp-block-uagb-container uagb-block-3de2eb10 alignfull uagb-is-root-container\"><div class=\"uagb-container-inner-blocks-wrap\">\n<hr class=\"wp-block-separator has-text-color has-alpha-channel-opacity has-background is-style-wide\" style=\"background-color:#f4524d;color:#f4524d\"\/>\n\n\n\n<p class=\"has-text-align-right\"><strong>Leitura adicional:<\/strong><br><a href=\"https:\/\/alphalearning.com\/pt\/comentarios-de-clientes-alphalearning\/\">Coment\u00e1rios de Clientes do Alphalearning<\/a><br><a href=\"https:\/\/alphalearning.com\/pt\/imprensa-internacional\/\">Alphalearning na Imprensa Internacional<\/a><br><a href=\"https:\/\/alphalearning.com\/pt\/introducao-ao-equilibrio-cerebral\/\">Introdu\u00e7\u00e3o ao Equil\u00edbrio Cerebral<\/a><br><a href=\"https:\/\/alphalearning.com\/pt\/o-que-sao-as-ondas-alpha-e-theta\/\">O que s\u00e3o ondas cerebrais Alfa e Teta?<\/a><\/p>\n<\/div><\/div>\n","protected":false},"excerpt":{"rendered":"<p>Curso Imersivo Alphalearning de 7 Dias Vis\u00e3o Geral do Curso O Curso Imersivo Alphalearning de 7 Dias, oferecido pelo Alphalearning, [&hellip;]<\/p>\n","protected":false},"author":2,"featured_media":0,"parent":13514,"menu_order":505,"comment_status":"closed","ping_status":"closed","template":"","meta":{"_uag_custom_page_level_css":"","site-sidebar-layout":"default","site-content-layout":"","ast-site-content-layout":"default","site-content-style":"default","site-sidebar-style":"default","ast-global-header-display":"","ast-banner-title-visibility":"","ast-main-header-display":"","ast-hfb-above-header-display":"","ast-hfb-below-header-display":"","ast-hfb-mobile-header-display":"","site-post-title":"disabled","ast-breadcrumbs-content":"","ast-featured-img":"","footer-sml-layout":"","ast-disable-related-posts":"","theme-transparent-header-meta":"","adv-header-id-meta":"","stick-header-meta":"","header-above-stick-meta":"","header-main-stick-meta":"","header-below-stick-meta":"","astra-migrate-meta-layouts":"default","ast-page-background-enabled":"default","ast-page-background-meta":{"desktop":{"background-color":"var(--ast-global-color-4)","background-image":"","background-repeat":"repeat","background-position":"center center","background-size":"auto","background-attachment":"scroll","background-type":"","background-media":"","overlay-type":"","overlay-color":"","overlay-opacity":"","overlay-gradient":""},"tablet":{"background-color":"","background-image":"","background-repeat":"repeat","background-position":"center center","background-size":"auto","background-attachment":"scroll","background-type":"","background-media":"","overlay-type":"","overlay-color":"","overlay-opacity":"","overlay-gradient":""},"mobile":{"background-color":"","background-image":"","background-repeat":"repeat","background-position":"center center","background-size":"auto","background-attachment":"scroll","background-type":"","background-media":"","overlay-type":"","overlay-color":"","overlay-opacity":"","overlay-gradient":""}},"ast-content-background-meta":{"desktop":{"background-color":"var(--ast-global-color-5)","background-image":"","background-repeat":"repeat","background-position":"center center","background-size":"auto","background-attachment":"scroll","background-type":"","background-media":"","overlay-type":"","overlay-color":"","overlay-opacity":"","overlay-gradient":""},"tablet":{"background-color":"var(--ast-global-color-5)","background-image":"","background-repeat":"repeat","background-position":"center center","background-size":"auto","background-attachment":"scroll","background-type":"","background-media":"","overlay-type":"","overlay-color":"","overlay-opacity":"","overlay-gradient":""},"mobile":{"background-color":"var(--ast-global-color-5)","background-image":"","background-repeat":"repeat","background-position":"center center","background-size":"auto","background-attachment":"scroll","background-type":"","background-media":"","overlay-type":"","overlay-color":"","overlay-opacity":"","overlay-gradient":""}},"footnotes":""},"class_list":["post-13521","page","type-page","status-publish","hentry"],"yoast_head":"<!-- This site is optimized with the Yoast SEO plugin v27.1.1 - https:\/\/yoast.com\/product\/yoast-seo-wordpress\/ -->\n<title>Curso Imersivo Alphalearning de 7 Dias | Alphalearning<\/title>\n<meta name=\"description\" content=\"Eleve suas habilidades cognitivas com o Curso Imersivo Alphalearning de 7 Dias. Experimente treinamento cerebral em ambiente de luxo para seu crescimento.\" \/>\n<meta name=\"robots\" content=\"index, follow, max-snippet:-1, max-image-preview:large, max-video-preview:-1\" \/>\n<link rel=\"canonical\" href=\"https:\/\/alphalearning.com\/pt\/nossos-servicos\/curso-imersivo-alphalearning-7-dias\/\" \/>\n<meta property=\"og:locale\" content=\"pt_PT\" \/>\n<meta property=\"og:type\" content=\"article\" \/>\n<meta property=\"og:title\" content=\"Curso Imersivo Alphalearning de 7 Dias | Alphalearning\" \/>\n<meta property=\"og:description\" content=\"Eleve suas habilidades cognitivas com o Curso Imersivo Alphalearning de 7 Dias. Experimente treinamento cerebral em ambiente de luxo para seu crescimento.\" \/>\n<meta property=\"og:url\" content=\"https:\/\/alphalearning.com\/pt\/nossos-servicos\/curso-imersivo-alphalearning-7-dias\/\" \/>\n<meta property=\"og:site_name\" content=\"Alphalearning International\" \/>\n<meta property=\"article:modified_time\" content=\"2025-04-29T09:57:24+00:00\" \/>\n<meta property=\"og:image\" content=\"https:\/\/alphalearning.com\/wp-content\/uploads\/2024\/04\/alphalearning-logo_red_1200x675px.png\" \/>\n\t<meta property=\"og:image:width\" content=\"1200\" \/>\n\t<meta property=\"og:image:height\" content=\"675\" \/>\n\t<meta property=\"og:image:type\" content=\"image\/png\" \/>\n<meta name=\"twitter:card\" content=\"summary_large_image\" \/>\n<meta name=\"twitter:label1\" content=\"Est. reading time\" \/>\n\t<meta name=\"twitter:data1\" content=\"2 minutes\" \/>\n<!-- \/ Yoast SEO plugin. -->","yoast_head_json":{"title":"Curso Imersivo Alphalearning de 7 Dias | Alphalearning","description":"Eleve suas habilidades cognitivas com o Curso Imersivo Alphalearning de 7 Dias. Experimente treinamento cerebral em ambiente de luxo para seu crescimento.","robots":{"index":"index","follow":"follow","max-snippet":"max-snippet:-1","max-image-preview":"max-image-preview:large","max-video-preview":"max-video-preview:-1"},"canonical":"https:\/\/alphalearning.com\/pt\/nossos-servicos\/curso-imersivo-alphalearning-7-dias\/","og_locale":"pt_PT","og_type":"article","og_title":"Curso Imersivo Alphalearning de 7 Dias | Alphalearning","og_description":"Eleve suas habilidades cognitivas com o Curso Imersivo Alphalearning de 7 Dias. Experimente treinamento cerebral em ambiente de luxo para seu crescimento.","og_url":"https:\/\/alphalearning.com\/pt\/nossos-servicos\/curso-imersivo-alphalearning-7-dias\/","og_site_name":"Alphalearning International","article_modified_time":"2025-04-29T09:57:24+00:00","og_image":[{"width":1200,"height":675,"url":"https:\/\/alphalearning.com\/wp-content\/uploads\/2024\/04\/alphalearning-logo_red_1200x675px.png","type":"image\/png"}],"twitter_card":"summary_large_image","twitter_misc":{"Est. reading time":"2 minutes"},"schema":{"@context":"https:\/\/schema.org","@graph":[{"@type":"WebPage","@id":"https:\/\/alphalearning.com\/pt\/nossos-servicos\/curso-imersivo-alphalearning-7-dias\/","url":"https:\/\/alphalearning.com\/pt\/nossos-servicos\/curso-imersivo-alphalearning-7-dias\/","name":"Curso Imersivo Alphalearning de 7 Dias | Alphalearning","isPartOf":{"@id":"https:\/\/alphalearning.com\/pt\/#website"},"datePublished":"2024-03-27T16:43:04+00:00","dateModified":"2025-04-29T09:57:24+00:00","description":"Eleve suas habilidades cognitivas com o Curso Imersivo Alphalearning de 7 Dias. Experimente treinamento cerebral em ambiente de luxo para seu crescimento.","breadcrumb":{"@id":"https:\/\/alphalearning.com\/pt\/nossos-servicos\/curso-imersivo-alphalearning-7-dias\/#breadcrumb"},"inLanguage":"pt","potentialAction":[{"@type":"ReadAction","target":["https:\/\/alphalearning.com\/pt\/nossos-servicos\/curso-imersivo-alphalearning-7-dias\/"]}]},{"@type":"BreadcrumbList","@id":"https:\/\/alphalearning.com\/pt\/nossos-servicos\/curso-imersivo-alphalearning-7-dias\/#breadcrumb","itemListElement":[{"@type":"ListItem","position":1,"name":"Home","item":"https:\/\/alphalearning.com\/pt\/"},{"@type":"ListItem","position":2,"name":"Nossos Servi\u00e7os","item":"https:\/\/alphalearning.com\/pt\/nossos-servicos\/"},{"@type":"ListItem","position":3,"name":"Curso Imersivo Alphalearning de 7 Dias"}]},{"@type":"WebSite","@id":"https:\/\/alphalearning.com\/pt\/#website","url":"https:\/\/alphalearning.com\/pt\/","name":"Alphalearning International","description":"the brain training institute","publisher":{"@id":"https:\/\/alphalearning.com\/pt\/#organization"},"potentialAction":[{"@type":"SearchAction","target":{"@type":"EntryPoint","urlTemplate":"https:\/\/alphalearning.com\/pt\/?s={search_term_string}"},"query-input":{"@type":"PropertyValueSpecification","valueRequired":true,"valueName":"search_term_string"}}],"inLanguage":"pt"},{"@type":"Organization","@id":"https:\/\/alphalearning.com\/pt\/#organization","name":"Alphalearning International","url":"https:\/\/alphalearning.com\/pt\/","logo":{"@type":"ImageObject","inLanguage":"pt","@id":"https:\/\/alphalearning.com\/pt\/#\/schema\/logo\/image\/","url":"https:\/\/alphalearning.com\/wp-content\/uploads\/2024\/03\/alphalearning_ico2_512px.png","contentUrl":"https:\/\/alphalearning.com\/wp-content\/uploads\/2024\/03\/alphalearning_ico2_512px.png","width":512,"height":512,"caption":"Alphalearning International"},"image":{"@id":"https:\/\/alphalearning.com\/pt\/#\/schema\/logo\/image\/"}}]}},"uagb_featured_image_src":{"full":false,"thumbnail":false,"medium":false,"medium_large":false,"large":false,"1536x1536":false,"2048x2048":false,"gform-image-choice-sm":false,"gform-image-choice-md":false,"gform-image-choice-lg":false},"uagb_author_info":{"display_name":"Julio Machado","author_link":"https:\/\/alphalearning.com\/pt\/author\/julio-machado\/"},"uagb_comment_info":0,"uagb_excerpt":"Curso Imersivo Alphalearning de 7 Dias Vis\u00e3o Geral do Curso O Curso Imersivo Alphalearning de 7 Dias, oferecido pelo Alphalearning, [&hellip;]","_links":{"self":[{"href":"https:\/\/alphalearning.com\/pt\/wp-json\/wp\/v2\/pages\/13521","targetHints":{"allow":["GET"]}}],"collection":[{"href":"https:\/\/alphalearning.com\/pt\/wp-json\/wp\/v2\/pages"}],"about":[{"href":"https:\/\/alphalearning.com\/pt\/wp-json\/wp\/v2\/types\/page"}],"author":[{"embeddable":true,"href":"https:\/\/alphalearning.com\/pt\/wp-json\/wp\/v2\/users\/2"}],"replies":[{"embeddable":true,"href":"https:\/\/alphalearning.com\/pt\/wp-json\/wp\/v2\/comments?post=13521"}],"version-history":[{"count":4,"href":"https:\/\/alphalearning.com\/pt\/wp-json\/wp\/v2\/pages\/13521\/revisions"}],"predecessor-version":[{"id":15204,"href":"https:\/\/alphalearning.com\/pt\/wp-json\/wp\/v2\/pages\/13521\/revisions\/15204"}],"up":[{"embeddable":true,"href":"https:\/\/alphalearning.com\/pt\/wp-json\/wp\/v2\/pages\/13514"}],"wp:attachment":[{"href":"https:\/\/alphalearning.com\/pt\/wp-json\/wp\/v2\/media?parent=13521"}],"curies":[{"name":"wp","href":"https:\/\/api.w.org\/{rel}","templated":true}]}}