{"id":13514,"date":"2024-03-27T16:18:19","date_gmt":"2024-03-27T16:18:19","guid":{"rendered":"https:\/\/alphalearning.com\/our-services\/"},"modified":"2025-02-09T12:57:16","modified_gmt":"2025-02-09T12:57:16","slug":"nossos-servicos","status":"publish","type":"page","link":"https:\/\/alphalearning.com\/pt\/nossos-servicos\/","title":{"rendered":"Nossos Servi\u00e7os"},"content":{"rendered":"\n<div class=\"wp-block-uagb-advanced-heading uagb-block-bc09456b\"><h1 class=\"uagb-heading-text\">Cursos Saber Aprender e Vis\u00e3o Geral dos Servi\u00e7os do Alphalearning<\/h1><\/div>\n\n\n\n<div class=\"wp-block-uagb-container uagb-block-5560f71f alignfull uagb-is-root-container\"><div class=\"uagb-container-inner-blocks-wrap\">\n<div class=\"wp-block-uagb-advanced-heading uagb-block-6a953baf\"><h2 class=\"uagb-heading-text\">Encontre o curso certo do Alphalearning para voc\u00ea, sua fam\u00edlia ou sua empresa<\/h2><\/div>\n\n\n\n<p>Nosso curso principal, o \u201cCurso Saber Aprender,\u201d foi desenvolvido para que nossos clientes compreendam e utilizem plenamente nossas t\u00e9cnicas inovadoras em conjunto com o equipamento do Sistema Brainwave III (Brainwave III). Dada a import\u00e2ncia fundamental desse equipamento na pr\u00e1tica e no aperfei\u00e7oamento dessas t\u00e9cnicas, a aquisi\u00e7\u00e3o de pelo menos um conjunto que inclua o Controlador do Sistema Brainwave III (Brainwave III Controller) e uma unidade do Sinergizador Neuronal \u00d3ptico-Ac\u00fastico (Optical Neuron Synergizer) \u00e9 obrigat\u00f3ria ao reservar um curso.<\/p>\n\n\n\n<p>Propomos um formato de curso vers\u00e1til para acomodar diversas necessidades \u2014 desde indiv\u00edduos e fam\u00edlias at\u00e9 grupos empresariais e potenciais parceiros. Cada estrutura de curso \u00e9 desenvolvida com base nas necessidades e pr\u00e9-requisitos de aprendizagem de cada cliente.<\/p>\n<\/div><\/div>\n\n\n\n<div class=\"wp-block-uagb-advanced-heading uagb-block-e618fe4a\"><h3 class=\"uagb-heading-text\">Cursos Saber Aprender<\/h3><\/div>\n\n\n\n<div class=\"wp-block-uagb-container uagb-block-df0ea12a alignfull uagb-is-root-container\"><div class=\"uagb-container-inner-blocks-wrap\">\n<div class=\"wp-block-uagb-container uagb-block-e0d0a832\">\n<div class=\"wp-block-uagb-info-box uagb-block-0d7712dd uagb-infobox__content-wrap  uagb-infobox-icon-above-title uagb-infobox-image-valign-top\"><div class=\"uagb-ifb-content\"><div class=\"uagb-ifb-title-wrap\"><h4 class=\"uagb-ifb-title\"><a href=\"https:\/\/alphalearning.com\/our-services\/individual-family-course\/\">Curso Individual ou Familiar<\/a><\/h4><\/div><p class=\"uagb-ifb-desc\">Este curso de cinco dias acomoda at\u00e9 seis participantes. Grupos familiares podem ser formados por dois a quatro adultos, com as vagas restantes dispon\u00edveis para crian\u00e7as. Consideramos um grupo como familiar quando todos os membros podem, de forma conveniente, ter acesso ao equipamento do Sistema Brainwave III ap\u00f3s o curso.<\/p><\/div><\/div>\n<\/div>\n\n\n\n<div class=\"wp-block-uagb-container uagb-block-424d8dd1\">\n<div class=\"wp-block-uagb-info-box uagb-block-0077158f uagb-infobox__content-wrap  uagb-infobox-icon-above-title uagb-infobox-image-valign-top\"><div class=\"uagb-ifb-content\"><div class=\"uagb-ifb-title-wrap\"><h4 class=\"uagb-ifb-title\"><a href=\"https:\/\/alphalearning.com\/our-services\/professional-application-course\/\">Curso para Aplica\u00e7\u00e3o Profissional<\/a><\/h4><\/div><p class=\"uagb-ifb-desc\">Esta modalidade destina-se a profissionais que desejam incorporar os equipamentos e t\u00e9cnicas do Alphalearning em sua pr\u00e1tica profissional. Trata-se de um curso de cinco dias, planejado para 1 a 4 participantes, com foco na aplica\u00e7\u00e3o dos m\u00e9todos do Alphalearning em um contexto profissional.<\/p><\/div><\/div>\n<\/div>\n\n\n\n<div class=\"wp-block-uagb-container uagb-block-725e4062\">\n<div class=\"wp-block-uagb-info-box uagb-block-c452fda7 uagb-infobox__content-wrap  uagb-infobox-icon-above-title uagb-infobox-image-valign-top\"><div class=\"uagb-ifb-content\"><div class=\"uagb-ifb-title-wrap\"><h4 class=\"uagb-ifb-title\"><a href=\"https:\/\/alphalearning.com\/our-services\/intensive-private-course\/\">Curso Intensivo e Individual<\/a><\/h4><\/div><p class=\"uagb-ifb-desc\">Ideal para quem prefere um formato mais condensado ou disp\u00f5e de tempo limitado, este curso foi especificamente planejado para adequar-se a agendas mais intensas. O curso \u00e9 realizado em tr\u00eas dias, e cada dia abrange uma programa\u00e7\u00e3o completa de dez horas de aula.<\/p><\/div><\/div>\n<\/div>\n\n\n\n<div class=\"wp-block-uagb-container uagb-block-d15d0e1b\">\n<div class=\"wp-block-uagb-info-box uagb-block-66975132 uagb-infobox__content-wrap  uagb-infobox-icon-above-title uagb-infobox-image-valign-top\"><div class=\"uagb-ifb-content\"><div class=\"uagb-ifb-title-wrap\"><h4 class=\"uagb-ifb-title\"><a href=\"https:\/\/alphalearning.com\/our-services\/corporate-course\/\">Curso Corporativo<\/a><\/h4><\/div><p class=\"uagb-ifb-desc\">Este curso de cinco dias \u00e9 voltado para grupos corporativos de 2 a 4 participantes. Assim como ocorre com as fam\u00edlias, consideramos um grupo corporativo como tal quando todos os seus membros podem utilizar com facilidade o equipamento do Sistema Brainwave III ap\u00f3s o curso.<\/p><\/div><\/div>\n<\/div>\n\n\n\n<div class=\"wp-block-uagb-container uagb-block-7fa1ed66\">\n<div class=\"wp-block-uagb-info-box uagb-block-e8032e3d uagb-infobox__content-wrap  uagb-infobox-icon-above-title uagb-infobox-image-valign-top\"><div class=\"uagb-ifb-content\"><div class=\"uagb-ifb-title-wrap\"><h4 class=\"uagb-ifb-title\"><a href=\"https:\/\/alphalearning.com\/our-services\/7-day-immersive-mastery-course\/\">Curso Imersivo Alphalearning de 7 Dias<\/a><\/h4><\/div><p class=\"uagb-ifb-desc\">Este curso \u00e9 direcionado a pessoas que desejam aprimorar suas capacidades cognitivas, elevar o bem-estar pessoal e alcan\u00e7ar novas dimens\u00f5es de sucesso profissional. \u00c9 uma explora\u00e7\u00e3o hol\u00edstica e aprofundada de t\u00e9cnicas de treinamento cerebral, ideal para um ou dois participantes \u2014 seja um casal ou amigos muito pr\u00f3ximos \u2014 que ter\u00e3o acesso ao equipamento do Sistema Brainwave III ap\u00f3s o curso.<\/p><\/div><\/div>\n<\/div>\n<\/div><\/div>\n\n\n\n<div class=\"wp-block-uagb-container uagb-block-82ad21af alignfull uagb-is-root-container\"><div class=\"uagb-container-inner-blocks-wrap\">\n<p>Para o Curso de Aplica\u00e7\u00e3o Profissional, a compra de um sistema completo do Sistema Brainwave III (que inclui Eletroencefal\u00f3grafo e Equipamento de Neurofeedback) para cada localidade representada \u00e9 obrigat\u00f3ria. Por exemplo, um grupo de quatro participantes, composto por dois profissionais que atuam em conjunto no Reino Unido, um em Portugal e outro na Alemanha, precisaria adquirir tr\u00eas sistemas do Brainwave III para o curso.<\/p>\n\n\n\n<p>Pronto para iniciar sua jornada com o Alphalearning?<br>Use nossa <a href=\"https:\/\/alphalearning.com\/pt\/valores\/saber-aprender\/\">calculadora interativa<\/a> para determinar com precis\u00e3o o valor do seu curso, com base no n\u00famero de participantes e na quantidade de unidades do Sistema Brainwave III necess\u00e1rias.<\/p>\n\n\n\n<div class=\"wp-block-uagb-advanced-heading uagb-block-f281bd6e\"><h3 class=\"uagb-heading-text\"><a href=\"https:\/\/alphalearning.com\/our-services\/evaluation-session\/\">Sess\u00e3o de Avalia\u00e7\u00e3o<\/a><\/h3><\/div>\n\n\n\n<p>A <strong>Sess\u00e3o de Avalia\u00e7\u00e3o<\/strong> oferece uma oportunidade singular para potenciais clientes vivenciarem vivenciarem em primeira m\u00e3o a efic\u00e1cia do equipamento e das t\u00e9cnicas do Alphalearning, com base no Sistema Brainwave III. Desenvolvida como um pr\u00e9-requisito para o abrangente Curso Saber Aprender, esta sess\u00e3o de quatro horas serve como ponto de contato inicial e demonstra o potencial transformador de nossos m\u00e9todos.<\/p>\n\n\n\n<p>Originalmente destinada a avaliar a adequa\u00e7\u00e3o dos candidatos aos nossos cursos, a Sess\u00e3o de Avalia\u00e7\u00e3o tornou-se uma ferramenta fundamental para evidenciar os benef\u00edcios imediatos de nossas t\u00e9cnicas de treinamento cerebral, por meio de leituras de EEG em tempo real.<\/p>\n<\/div><\/div>\n","protected":false},"excerpt":{"rendered":"<p>Cursos Saber Aprender e Vis\u00e3o Geral dos Servi\u00e7os do Alphalearning Encontre o curso certo do Alphalearning para voc\u00ea, sua fam\u00edlia [&hellip;]<\/p>\n","protected":false},"author":2,"featured_media":0,"parent":0,"menu_order":500,"comment_status":"closed","ping_status":"closed","template":"","meta":{"_uag_custom_page_level_css":"","site-sidebar-layout":"default","site-content-layout":"","ast-site-content-layout":"default","site-content-style":"default","site-sidebar-style":"default","ast-global-header-display":"","ast-banner-title-visibility":"","ast-main-header-display":"","ast-hfb-above-header-display":"","ast-hfb-below-header-display":"","ast-hfb-mobile-header-display":"","site-post-title":"disabled","ast-breadcrumbs-content":"","ast-featured-img":"","footer-sml-layout":"","ast-disable-related-posts":"","theme-transparent-header-meta":"","adv-header-id-meta":"","stick-header-meta":"","header-above-stick-meta":"","header-main-stick-meta":"","header-below-stick-meta":"","astra-migrate-meta-layouts":"default","ast-page-background-enabled":"default","ast-page-background-meta":{"desktop":{"background-color":"var(--ast-global-color-4)","background-image":"","background-repeat":"repeat","background-position":"center center","background-size":"auto","background-attachment":"scroll","background-type":"","background-media":"","overlay-type":"","overlay-color":"","overlay-opacity":"","overlay-gradient":""},"tablet":{"background-color":"","background-image":"","background-repeat":"repeat","background-position":"center center","background-size":"auto","background-attachment":"scroll","background-type":"","background-media":"","overlay-type":"","overlay-color":"","overlay-opacity":"","overlay-gradient":""},"mobile":{"background-color":"","background-image":"","background-repeat":"repeat","background-position":"center center","background-size":"auto","background-attachment":"scroll","background-type":"","background-media":"","overlay-type":"","overlay-color":"","overlay-opacity":"","overlay-gradient":""}},"ast-content-background-meta":{"desktop":{"background-color":"var(--ast-global-color-5)","background-image":"","background-repeat":"repeat","background-position":"center center","background-size":"auto","background-attachment":"scroll","background-type":"","background-media":"","overlay-type":"","overlay-color":"","overlay-opacity":"","overlay-gradient":""},"tablet":{"background-color":"var(--ast-global-color-5)","background-image":"","background-repeat":"repeat","background-position":"center center","background-size":"auto","background-attachment":"scroll","background-type":"","background-media":"","overlay-type":"","overlay-color":"","overlay-opacity":"","overlay-gradient":""},"mobile":{"background-color":"var(--ast-global-color-5)","background-image":"","background-repeat":"repeat","background-position":"center center","background-size":"auto","background-attachment":"scroll","background-type":"","background-media":"","overlay-type":"","overlay-color":"","overlay-opacity":"","overlay-gradient":""}},"footnotes":""},"class_list":["post-13514","page","type-page","status-publish","hentry"],"yoast_head":"<!-- This site is optimized with the Yoast SEO plugin v27.1.1 - https:\/\/yoast.com\/product\/yoast-seo-wordpress\/ -->\n<title>Descubra os Cursos Alphalearning &amp; Servi\u00e7os Brainwave III<\/title>\n<meta name=\"description\" content=\"Explore nossos Cursos Alphalearning, do \u2018Curso Saber Aprender\u2019 ao treinamento corporativo, com o Sistema Brainwave III para resultados transformadores.\" \/>\n<meta name=\"robots\" content=\"index, follow, max-snippet:-1, max-image-preview:large, max-video-preview:-1\" \/>\n<link rel=\"canonical\" href=\"https:\/\/alphalearning.com\/pt\/nossos-servicos\/\" \/>\n<meta property=\"og:locale\" content=\"pt_PT\" \/>\n<meta property=\"og:type\" content=\"article\" \/>\n<meta property=\"og:title\" content=\"Descubra os Cursos Alphalearning &amp; Servi\u00e7os Brainwave III\" \/>\n<meta property=\"og:description\" content=\"Explore nossos Cursos Alphalearning, do \u2018Curso Saber Aprender\u2019 ao treinamento corporativo, com o Sistema Brainwave III para resultados transformadores.\" \/>\n<meta property=\"og:url\" content=\"https:\/\/alphalearning.com\/pt\/nossos-servicos\/\" \/>\n<meta property=\"og:site_name\" content=\"Alphalearning International\" \/>\n<meta property=\"article:modified_time\" content=\"2025-02-09T12:57:16+00:00\" \/>\n<meta property=\"og:image\" content=\"https:\/\/alphalearning.com\/wp-content\/uploads\/2024\/04\/alphalearning-logo_red_1200x675px.png\" \/>\n\t<meta property=\"og:image:width\" content=\"1200\" \/>\n\t<meta property=\"og:image:height\" content=\"675\" \/>\n\t<meta property=\"og:image:type\" content=\"image\/png\" \/>\n<meta name=\"twitter:card\" content=\"summary_large_image\" \/>\n<meta name=\"twitter:label1\" content=\"Est. reading time\" \/>\n\t<meta name=\"twitter:data1\" content=\"3 minutes\" \/>\n<!-- \/ Yoast SEO plugin. -->","yoast_head_json":{"title":"Descubra os Cursos Alphalearning & Servi\u00e7os Brainwave III","description":"Explore nossos Cursos Alphalearning, do \u2018Curso Saber Aprender\u2019 ao treinamento corporativo, com o Sistema Brainwave III para resultados transformadores.","robots":{"index":"index","follow":"follow","max-snippet":"max-snippet:-1","max-image-preview":"max-image-preview:large","max-video-preview":"max-video-preview:-1"},"canonical":"https:\/\/alphalearning.com\/pt\/nossos-servicos\/","og_locale":"pt_PT","og_type":"article","og_title":"Descubra os Cursos Alphalearning & Servi\u00e7os Brainwave III","og_description":"Explore nossos Cursos Alphalearning, do \u2018Curso Saber Aprender\u2019 ao treinamento corporativo, com o Sistema Brainwave III para resultados transformadores.","og_url":"https:\/\/alphalearning.com\/pt\/nossos-servicos\/","og_site_name":"Alphalearning International","article_modified_time":"2025-02-09T12:57:16+00:00","og_image":[{"width":1200,"height":675,"url":"https:\/\/alphalearning.com\/wp-content\/uploads\/2024\/04\/alphalearning-logo_red_1200x675px.png","type":"image\/png"}],"twitter_card":"summary_large_image","twitter_misc":{"Est. reading time":"3 minutes"},"schema":{"@context":"https:\/\/schema.org","@graph":[{"@type":"WebPage","@id":"https:\/\/alphalearning.com\/pt\/nossos-servicos\/","url":"https:\/\/alphalearning.com\/pt\/nossos-servicos\/","name":"Descubra os Cursos Alphalearning & Servi\u00e7os Brainwave III","isPartOf":{"@id":"https:\/\/alphalearning.com\/pt\/#website"},"datePublished":"2024-03-27T16:18:19+00:00","dateModified":"2025-02-09T12:57:16+00:00","description":"Explore nossos Cursos Alphalearning, do \u2018Curso Saber Aprender\u2019 ao treinamento corporativo, com o Sistema Brainwave III para resultados transformadores.","breadcrumb":{"@id":"https:\/\/alphalearning.com\/pt\/nossos-servicos\/#breadcrumb"},"inLanguage":"pt","potentialAction":[{"@type":"ReadAction","target":["https:\/\/alphalearning.com\/pt\/nossos-servicos\/"]}]},{"@type":"BreadcrumbList","@id":"https:\/\/alphalearning.com\/pt\/nossos-servicos\/#breadcrumb","itemListElement":[{"@type":"ListItem","position":1,"name":"Home","item":"https:\/\/alphalearning.com\/pt\/"},{"@type":"ListItem","position":2,"name":"Nossos Servi\u00e7os"}]},{"@type":"WebSite","@id":"https:\/\/alphalearning.com\/pt\/#website","url":"https:\/\/alphalearning.com\/pt\/","name":"Alphalearning International","description":"the brain training institute","publisher":{"@id":"https:\/\/alphalearning.com\/pt\/#organization"},"potentialAction":[{"@type":"SearchAction","target":{"@type":"EntryPoint","urlTemplate":"https:\/\/alphalearning.com\/pt\/?s={search_term_string}"},"query-input":{"@type":"PropertyValueSpecification","valueRequired":true,"valueName":"search_term_string"}}],"inLanguage":"pt"},{"@type":"Organization","@id":"https:\/\/alphalearning.com\/pt\/#organization","name":"Alphalearning International","url":"https:\/\/alphalearning.com\/pt\/","logo":{"@type":"ImageObject","inLanguage":"pt","@id":"https:\/\/alphalearning.com\/pt\/#\/schema\/logo\/image\/","url":"https:\/\/alphalearning.com\/wp-content\/uploads\/2024\/03\/alphalearning_ico2_512px.png","contentUrl":"https:\/\/alphalearning.com\/wp-content\/uploads\/2024\/03\/alphalearning_ico2_512px.png","width":512,"height":512,"caption":"Alphalearning International"},"image":{"@id":"https:\/\/alphalearning.com\/pt\/#\/schema\/logo\/image\/"}}]}},"uagb_featured_image_src":{"full":false,"thumbnail":false,"medium":false,"medium_large":false,"large":false,"1536x1536":false,"2048x2048":false,"gform-image-choice-sm":false,"gform-image-choice-md":false,"gform-image-choice-lg":false},"uagb_author_info":{"display_name":"Julio Machado","author_link":"https:\/\/alphalearning.com\/pt\/author\/julio-machado\/"},"uagb_comment_info":0,"uagb_excerpt":"Cursos Saber Aprender e Vis\u00e3o Geral dos Servi\u00e7os do Alphalearning Encontre o curso certo do Alphalearning para voc\u00ea, sua fam\u00edlia [&hellip;]","_links":{"self":[{"href":"https:\/\/alphalearning.com\/pt\/wp-json\/wp\/v2\/pages\/13514","targetHints":{"allow":["GET"]}}],"collection":[{"href":"https:\/\/alphalearning.com\/pt\/wp-json\/wp\/v2\/pages"}],"about":[{"href":"https:\/\/alphalearning.com\/pt\/wp-json\/wp\/v2\/types\/page"}],"author":[{"embeddable":true,"href":"https:\/\/alphalearning.com\/pt\/wp-json\/wp\/v2\/users\/2"}],"replies":[{"embeddable":true,"href":"https:\/\/alphalearning.com\/pt\/wp-json\/wp\/v2\/comments?post=13514"}],"version-history":[{"count":9,"href":"https:\/\/alphalearning.com\/pt\/wp-json\/wp\/v2\/pages\/13514\/revisions"}],"predecessor-version":[{"id":15191,"href":"https:\/\/alphalearning.com\/pt\/wp-json\/wp\/v2\/pages\/13514\/revisions\/15191"}],"wp:attachment":[{"href":"https:\/\/alphalearning.com\/pt\/wp-json\/wp\/v2\/media?parent=13514"}],"curies":[{"name":"wp","href":"https:\/\/api.w.org\/{rel}","templated":true}]}}