{"id":13491,"date":"2024-03-27T16:47:42","date_gmt":"2024-03-27T16:47:42","guid":{"rendered":"https:\/\/alphalearning.com\/the-alphalearning-brainwave-evolution\/"},"modified":"2025-01-31T10:31:01","modified_gmt":"2025-01-31T10:31:01","slug":"evolucao-brainwave-alphalearning","status":"publish","type":"page","link":"https:\/\/alphalearning.com\/pt\/evolucao-brainwave-alphalearning\/","title":{"rendered":"A Evolu\u00e7\u00e3o do Sistema Brainwave"},"content":{"rendered":"\n<div class=\"wp-block-uagb-advanced-heading uagb-block-8df8f3b4\"><h1 class=\"uagb-heading-text\">A Evolu\u00e7\u00e3o do Alphalearning Brainwave<\/h1><\/div>\n\n\n\n<div class=\"wp-block-uagb-advanced-heading uagb-block-3319fc9c\"><h2 class=\"uagb-heading-text\">Brainwave 1 e Lotus software<\/h2><\/div>\n\n\n\n<figure class=\"wp-block-image alignleft size-large is-resized\"><img loading=\"lazy\" decoding=\"async\" width=\"1024\" height=\"726\" src=\"https:\/\/alphalearning.com\/wp-content\/uploads\/2024\/04\/brainwave-i-old-pc-1024x726.jpg\" alt=\"\" class=\"wp-image-793\" style=\"object-fit:cover;width:300px;height:213px\" srcset=\"https:\/\/alphalearning.com\/wp-content\/uploads\/2024\/04\/brainwave-i-old-pc-1024x726.jpg 1024w, https:\/\/alphalearning.com\/wp-content\/uploads\/2024\/04\/brainwave-i-old-pc-300x213.jpg 300w, https:\/\/alphalearning.com\/wp-content\/uploads\/2024\/04\/brainwave-i-old-pc-768x545.jpg 768w, https:\/\/alphalearning.com\/wp-content\/uploads\/2024\/04\/brainwave-i-old-pc-1536x1089.jpg 1536w, https:\/\/alphalearning.com\/wp-content\/uploads\/2024\/04\/brainwave-i-old-pc.jpg 1692w\" sizes=\"auto, (max-width: 1024px) 100vw, 1024px\" \/><figcaption class=\"wp-element-caption\"><em>Lotus software original em um PC antigo<\/em><\/figcaption><\/figure>\n\n\n\n<p>A imprensa recebeu o Brainwave 1 como um avan\u00e7o genu\u00edno. O Synapsia Journal o chamou de <em>\u201cNeurocirurgia com luz e som.\u201d<\/em> Depois de apresentar uma vers\u00e3o rudimentar a Tony Buzan, foram necess\u00e1rios cinco anos de pesquisa, US$ 5.000.000 de investimento \u2014 e patrocinadores como a American Management Association, Raychem, ICL e Henkel \u2014 para desenvolver o Brainwave 1.<\/p>\n\n\n\n<p>Em sua ess\u00eancia, um conjunto de quatro luzes douradas suaves piscava em cada olho, enquanto sons suaves eram transmitidos a cada ouvido, permitindo ao c\u00e9rebro vivenciar equil\u00edbrio, relaxamento e controle. Para controlar as luzes e sons intermitentes, o Lotus software e sua placa de expans\u00e3o precisavam de um PC. Um segundo computador rodava continuamente um eletroencefalograma para monitorar como o c\u00e9rebro reagia aos est\u00edmulos de luz e som. Essa configura\u00e7\u00e3o de dois computadores funcionou por v\u00e1rios anos.<\/p>\n\n\n\n<div class=\"wp-block-uagb-advanced-heading uagb-block-183a9647\"><h2 class=\"uagb-heading-text\">O PC segue um novo caminho<\/h2><\/div>\n\n\n\n<p>V\u00e1rias aplica\u00e7\u00f5es industriais e altamente personalizadas foram afetadas quando o Microsoft Windows XP foi lan\u00e7ado em 2001. O Brainwave 1 do Instituto Alphalearning n\u00e3o foi exce\u00e7\u00e3o. Ele foi projetado para usar a porta de impressora para controlar as luzes e uma placa de som compat\u00edvel com Sound Blaster 16 para oferecer som est\u00e9reo. Al\u00e9m disso, para garantir a coordena\u00e7\u00e3o e o tempo preciso entre luzes e sons, o Lotus software precisava ter controle exclusivo de v\u00e1rios recursos de hardware do PC. Em nome da estabilidade do sistema operacional, desde o Windows XP nenhum software pode exercer esse n\u00edvel de controle sobre o PC.<\/p>\n\n\n\n<p>Nos anos que se seguiram, o Lotus software foi reescrito para rodar no Windows XP e Vista, com placas de som diferentes da SB e, ap\u00f3s o desaparecimento da porta de impressora, para usar o ent\u00e3o novo padr\u00e3o USB para controlar as luzes. Todas essas tentativas fracassaram por uma raz\u00e3o simples: ningu\u00e9m quer colocar o pr\u00f3prio c\u00e9rebro em risco. \u2014 O software \u00e9 sens\u00edvel ao tempo, e o Windows altera sua velocidade e coordena\u00e7\u00e3o quando decide executar uma atualiza\u00e7\u00e3o, uma indexa\u00e7\u00e3o ou qualquer outra das diversas tarefas que realiza em segundo plano, sem permitir qualquer controle do usu\u00e1rio.<\/p>\n\n\n\n<div style=\"height:2px\" aria-hidden=\"true\" class=\"wp-block-spacer\"><\/div>\n\n\n\n<div class=\"wp-block-uagb-advanced-heading uagb-block-4be2ea50\"><h2 class=\"uagb-heading-text\">Controlador Brainwave III e um novo software Lotus<\/h2><\/div>\n\n\n\n<figure class=\"wp-block-image alignleft size-large is-resized\"><img loading=\"lazy\" decoding=\"async\" width=\"1024\" height=\"576\" src=\"https:\/\/alphalearning.com\/wp-content\/uploads\/2024\/04\/brainwave-iii-detail-1024x576.jpg\" alt=\"\" class=\"wp-image-794\" style=\"object-fit:cover;width:300px;height:169px\" srcset=\"https:\/\/alphalearning.com\/wp-content\/uploads\/2024\/04\/brainwave-iii-detail-1024x576.jpg 1024w, https:\/\/alphalearning.com\/wp-content\/uploads\/2024\/04\/brainwave-iii-detail-300x169.jpg 300w, https:\/\/alphalearning.com\/wp-content\/uploads\/2024\/04\/brainwave-iii-detail-768x432.jpg 768w, https:\/\/alphalearning.com\/wp-content\/uploads\/2024\/04\/brainwave-iii-detail-1536x864.jpg 1536w, https:\/\/alphalearning.com\/wp-content\/uploads\/2024\/04\/brainwave-iii-detail-2048x1152.jpg 2048w\" sizes=\"auto, (max-width: 1024px) 100vw, 1024px\" \/><figcaption class=\"wp-element-caption\"><em>Grava\u00e7\u00e3o de luxo no Brainwave III<\/em><\/figcaption><\/figure>\n\n\n\n<p>A \u00fanica solu\u00e7\u00e3o poss\u00edvel foi criar um hardware de prop\u00f3sito espec\u00edfico e desenvolver um novo software, ambos em perfeita sinergia, sem a interfer\u00eancia de um sistema operacional de terceiros. Al\u00e9m disso, ele deveria ser capaz de controlar qualquer vers\u00e3o anterior do Sinergizador Neuronal \u00d3ptico-Ac\u00fastico produzida pelo Instituto Alphalearning desde a d\u00e9cada de 1990. Depois de dois anos de pesquisa, desenvolvimento e testes, o Brainwave III foi finalmente montado no outono de 2020. A precis\u00e3o e os recursos alcan\u00e7ados com esta vers\u00e3o v\u00e3o muito al\u00e9m do que era poss\u00edvel com o PC e o Lotus software original.<\/p>\n\n\n\n<div style=\"height:2px\" aria-hidden=\"true\" class=\"wp-block-spacer\"><\/div>\n\n\n\n<div class=\"wp-block-uagb-advanced-heading uagb-block-2cd721e7\"><h3 class=\"uagb-heading-text\">O hardware do Controlador Brainwave III \u00e9 composto por:<\/h3><\/div>\n\n\n\n<figure class=\"wp-block-image alignleft size-large is-resized\"><img loading=\"lazy\" decoding=\"async\" width=\"1024\" height=\"576\" src=\"https:\/\/alphalearning.com\/wp-content\/uploads\/2024\/04\/brainwave-iii-controller-1024x576.jpg\" alt=\"\" class=\"wp-image-795\" style=\"aspect-ratio:1.6623376623376624;object-fit:cover;width:447px;height:auto\" srcset=\"https:\/\/alphalearning.com\/wp-content\/uploads\/2024\/04\/brainwave-iii-controller-1024x576.jpg 1024w, https:\/\/alphalearning.com\/wp-content\/uploads\/2024\/04\/brainwave-iii-controller-300x169.jpg 300w, https:\/\/alphalearning.com\/wp-content\/uploads\/2024\/04\/brainwave-iii-controller-768x432.jpg 768w, https:\/\/alphalearning.com\/wp-content\/uploads\/2024\/04\/brainwave-iii-controller-1536x864.jpg 1536w\" sizes=\"auto, (max-width: 1024px) 100vw, 1024px\" \/><\/figure>\n\n\n\n<ul class=\"wp-block-list\">\n<li>Dois processadores independentes<\/li>\n\n\n\n<li>Tela capacitiva sens\u00edvel ao toque de 7 polegadas<\/li>\n\n\n\n<li>Placa de som dedicada,  em projeto propriet\u00e1rio<\/li>\n\n\n\n<li>Som est\u00e9reo em 32 bits, 44,1 kHz<\/li>\n\n\n\n<li>Entrada de \u00e1udio (line-in) dispon\u00edvel<\/li>\n\n\n\n<li>Duas portas, permitindo que duas pessoas o utilizem simultaneamente<\/li>\n\n\n\n<li>Conector de energia USB-C, com carregador e cabo inclusos<\/li>\n\n\n\n<li>Cart\u00e3o SD remov\u00edvel para editar e criar novas sequ\u00eancias<\/li>\n<\/ul>\n\n\n\n<div style=\"height:2px\" aria-hidden=\"true\" class=\"wp-block-spacer\"><\/div>\n\n\n\n<div class=\"wp-block-uagb-advanced-heading uagb-block-4bf91a7e\"><h3 class=\"uagb-heading-text\">E o novo Lotus software possui:<\/h3><\/div>\n\n\n\n<ul class=\"wp-block-list\">\n<li>Temporiza\u00e7\u00e3o precisa para sincronizar luzes e som est\u00e9reo<\/li>\n\n\n\n<li>Design intuitivo e f\u00e1cil de usar<\/li>\n\n\n\n<li>Controle aprimorado do brilho das luzes<\/li>\n\n\n\n<li>Controle mais preciso do equil\u00edbrio entre luz e som<\/li>\n\n\n\n<li>Bot\u00f5es de Play, Pause e Stop dispon\u00edveis durante a execu\u00e7\u00e3o de uma sequ\u00eancia<\/li>\n\n\n\n<li>\u00c9 poss\u00edvel pular para qualquer parte da sequ\u00eancia sem interromp\u00ea-la<\/li>\n\n\n\n<li>Licen\u00e7a vital\u00edcia e atualiza\u00e7\u00f5es<\/li>\n<\/ul>\n\n\n\n<div class=\"wp-block-uagb-advanced-heading uagb-block-be79df38\"><h2 class=\"uagb-heading-text\">Um novo Sinergizador Neuronal \u00d3ptico<\/h2><\/div>\n\n\n\n<figure class=\"wp-block-image alignleft size-large is-resized\"><img loading=\"lazy\" decoding=\"async\" width=\"1024\" height=\"576\" src=\"https:\/\/alphalearning.com\/wp-content\/uploads\/2024\/04\/brainwave-iii-32-lights-1024x576.jpg\" alt=\"\" class=\"wp-image-798\" style=\"object-fit:cover;width:300px;height:169px\" srcset=\"https:\/\/alphalearning.com\/wp-content\/uploads\/2024\/04\/brainwave-iii-32-lights-1024x576.jpg 1024w, https:\/\/alphalearning.com\/wp-content\/uploads\/2024\/04\/brainwave-iii-32-lights-300x169.jpg 300w, https:\/\/alphalearning.com\/wp-content\/uploads\/2024\/04\/brainwave-iii-32-lights-768x432.jpg 768w, https:\/\/alphalearning.com\/wp-content\/uploads\/2024\/04\/brainwave-iii-32-lights-1536x864.jpg 1536w, https:\/\/alphalearning.com\/wp-content\/uploads\/2024\/04\/brainwave-iii-32-lights-2048x1152.jpg 2048w\" sizes=\"auto, (max-width: 1024px) 100vw, 1024px\" \/><figcaption class=\"wp-element-caption\"><em>Sinergizador Neuronal \u00d3ptico com 16+16 luzes<\/em><\/figcaption><\/figure>\n\n\n\n<p>Sinergizador Neuronal \u00d3ptico-Ac\u00fastico com 16+16 luzes<br>Um novo Sinergizador Neuronal \u00d3ptico-Ac\u00fastico<\/p>\n\n\n\n<p>Seguindo a vers\u00e3o original do Brainwave 1 com quatro luzes, o Alphalearning desenvolveu modelos de 16, 70 e, por fim, 32 luzes, j\u00e1 em uso h\u00e1 v\u00e1rios anos. Embora a vers\u00e3o de 32 luzes induza um efeito mais profundo no c\u00e9rebro, os modelos anteriores funcionam perfeitamente com o novo controlador Brainwave III, mantendo o mesmo efeito de antes.<\/p>\n\n\n\n<div class=\"wp-block-uagb-advanced-heading uagb-block-380a1d2d\"><h2 class=\"uagb-heading-text\">Programa de atualiza\u00e7\u00e3o Alphalearning<\/h2><\/div>\n\n\n\n<p>Se, em algum momento no passado, o Instituto Alphalearning enriqueceu sua vida, a vida de sua fam\u00edlia ou contribuiu para o seu neg\u00f3cio, chegou a hora de restabelecer contato conosco. Como pode ser dif\u00edcil, sen\u00e3o imposs\u00edvel, ajustar seu PC para continuar rodando o Lotus software original, o Brainwave III \u00e9 a solu\u00e7\u00e3o \u2014 e voc\u00ea pode continuar usando seu conjunto de luzes ou fazer um upgrade para o conjunto de LEDs 16+16. <a href=\"https:\/\/alphalearning.com\/contact\/\">Entre em contato e deixe-nos organizar tudo para que voc\u00ea receba seu novo Brainwave em poucos dias.<\/a><\/p>\n\n\n\n<p><a href=\"https:\/\/alphalearning.com\/pt\/brainwave\/dispositivo-optico-acustico\/\">Saiba mais sobre o Sinergizador Neuronal \u00d3ptico-Ac\u00fastico Brainwave III<\/a><\/p>\n","protected":false},"excerpt":{"rendered":"<p>A Evolu\u00e7\u00e3o do Alphalearning Brainwave Brainwave 1 e Lotus software A imprensa recebeu o Brainwave 1 como um avan\u00e7o genu\u00edno. [&hellip;]<\/p>\n","protected":false},"author":2,"featured_media":12339,"parent":0,"menu_order":450,"comment_status":"closed","ping_status":"closed","template":"","meta":{"_uag_custom_page_level_css":"","site-sidebar-layout":"default","site-content-layout":"","ast-site-content-layout":"default","site-content-style":"default","site-sidebar-style":"default","ast-global-header-display":"","ast-banner-title-visibility":"","ast-main-header-display":"","ast-hfb-above-header-display":"","ast-hfb-below-header-display":"","ast-hfb-mobile-header-display":"","site-post-title":"disabled","ast-breadcrumbs-content":"","ast-featured-img":"","footer-sml-layout":"","ast-disable-related-posts":"","theme-transparent-header-meta":"","adv-header-id-meta":"","stick-header-meta":"","header-above-stick-meta":"","header-main-stick-meta":"","header-below-stick-meta":"","astra-migrate-meta-layouts":"default","ast-page-background-enabled":"default","ast-page-background-meta":{"desktop":{"background-color":"var(--ast-global-color-4)","background-image":"","background-repeat":"repeat","background-position":"center center","background-size":"auto","background-attachment":"scroll","background-type":"","background-media":"","overlay-type":"","overlay-color":"","overlay-opacity":"","overlay-gradient":""},"tablet":{"background-color":"","background-image":"","background-repeat":"repeat","background-position":"center center","background-size":"auto","background-attachment":"scroll","background-type":"","background-media":"","overlay-type":"","overlay-color":"","overlay-opacity":"","overlay-gradient":""},"mobile":{"background-color":"","background-image":"","background-repeat":"repeat","background-position":"center center","background-size":"auto","background-attachment":"scroll","background-type":"","background-media":"","overlay-type":"","overlay-color":"","overlay-opacity":"","overlay-gradient":""}},"ast-content-background-meta":{"desktop":{"background-color":"var(--ast-global-color-5)","background-image":"","background-repeat":"repeat","background-position":"center center","background-size":"auto","background-attachment":"scroll","background-type":"","background-media":"","overlay-type":"","overlay-color":"","overlay-opacity":"","overlay-gradient":""},"tablet":{"background-color":"var(--ast-global-color-5)","background-image":"","background-repeat":"repeat","background-position":"center center","background-size":"auto","background-attachment":"scroll","background-type":"","background-media":"","overlay-type":"","overlay-color":"","overlay-opacity":"","overlay-gradient":""},"mobile":{"background-color":"var(--ast-global-color-5)","background-image":"","background-repeat":"repeat","background-position":"center center","background-size":"auto","background-attachment":"scroll","background-type":"","background-media":"","overlay-type":"","overlay-color":"","overlay-opacity":"","overlay-gradient":""}},"footnotes":""},"class_list":["post-13491","page","type-page","status-publish","has-post-thumbnail","hentry"],"yoast_head":"<!-- This site is optimized with the Yoast SEO plugin v27.1.1 - https:\/\/yoast.com\/product\/yoast-seo-wordpress\/ -->\n<title>Alphalearning: A Evolu\u00e7\u00e3o do Brainwave do I ao III<\/title>\n<meta name=\"description\" content=\"Explore a jornada do Alphalearning desde o revolucion\u00e1rio Brainwave I \u2014 aclamado como \u201cNeurocirurgia com luz e som\u201d \u2014 at\u00e9 o inovador Brainwave III.\" \/>\n<meta name=\"robots\" content=\"index, follow, max-snippet:-1, max-image-preview:large, max-video-preview:-1\" \/>\n<link rel=\"canonical\" href=\"https:\/\/alphalearning.com\/pt\/evolucao-brainwave-alphalearning\/\" \/>\n<meta property=\"og:locale\" content=\"pt_PT\" \/>\n<meta property=\"og:type\" content=\"article\" \/>\n<meta property=\"og:title\" content=\"Alphalearning: A Evolu\u00e7\u00e3o do Brainwave do I ao III\" \/>\n<meta property=\"og:description\" content=\"Explore a jornada do Alphalearning desde o revolucion\u00e1rio Brainwave I \u2014 aclamado como \u201cNeurocirurgia com luz e som\u201d \u2014 at\u00e9 o inovador Brainwave III.\" \/>\n<meta property=\"og:url\" content=\"https:\/\/alphalearning.com\/pt\/evolucao-brainwave-alphalearning\/\" \/>\n<meta property=\"og:site_name\" content=\"Alphalearning International\" \/>\n<meta property=\"article:modified_time\" content=\"2025-01-31T10:31:01+00:00\" \/>\n<meta property=\"og:image\" content=\"https:\/\/alphalearning.com\/wp-content\/uploads\/2024\/04\/brainwave-iii-detail-scaled.jpg\" \/>\n\t<meta property=\"og:image:width\" content=\"2560\" \/>\n\t<meta property=\"og:image:height\" content=\"1440\" \/>\n\t<meta property=\"og:image:type\" content=\"image\/jpeg\" \/>\n<meta name=\"twitter:card\" content=\"summary_large_image\" \/>\n<meta name=\"twitter:label1\" content=\"Est. reading time\" \/>\n\t<meta name=\"twitter:data1\" content=\"5 minutes\" \/>\n<!-- \/ Yoast SEO plugin. -->","yoast_head_json":{"title":"Alphalearning: A Evolu\u00e7\u00e3o do Brainwave do I ao III","description":"Explore a jornada do Alphalearning desde o revolucion\u00e1rio Brainwave I \u2014 aclamado como \u201cNeurocirurgia com luz e som\u201d \u2014 at\u00e9 o inovador Brainwave III.","robots":{"index":"index","follow":"follow","max-snippet":"max-snippet:-1","max-image-preview":"max-image-preview:large","max-video-preview":"max-video-preview:-1"},"canonical":"https:\/\/alphalearning.com\/pt\/evolucao-brainwave-alphalearning\/","og_locale":"pt_PT","og_type":"article","og_title":"Alphalearning: A Evolu\u00e7\u00e3o do Brainwave do I ao III","og_description":"Explore a jornada do Alphalearning desde o revolucion\u00e1rio Brainwave I \u2014 aclamado como \u201cNeurocirurgia com luz e som\u201d \u2014 at\u00e9 o inovador Brainwave III.","og_url":"https:\/\/alphalearning.com\/pt\/evolucao-brainwave-alphalearning\/","og_site_name":"Alphalearning International","article_modified_time":"2025-01-31T10:31:01+00:00","og_image":[{"width":2560,"height":1440,"url":"https:\/\/alphalearning.com\/wp-content\/uploads\/2024\/04\/brainwave-iii-detail-scaled.jpg","type":"image\/jpeg"}],"twitter_card":"summary_large_image","twitter_misc":{"Est. reading time":"5 minutes"},"schema":{"@context":"https:\/\/schema.org","@graph":[{"@type":"WebPage","@id":"https:\/\/alphalearning.com\/pt\/evolucao-brainwave-alphalearning\/","url":"https:\/\/alphalearning.com\/pt\/evolucao-brainwave-alphalearning\/","name":"Alphalearning: A Evolu\u00e7\u00e3o do Brainwave do I ao III","isPartOf":{"@id":"https:\/\/alphalearning.com\/pt\/#website"},"primaryImageOfPage":{"@id":"https:\/\/alphalearning.com\/pt\/evolucao-brainwave-alphalearning\/#primaryimage"},"image":{"@id":"https:\/\/alphalearning.com\/pt\/evolucao-brainwave-alphalearning\/#primaryimage"},"thumbnailUrl":"https:\/\/alphalearning.com\/wp-content\/uploads\/2024\/04\/brainwave-iii-detail-scaled.jpg","datePublished":"2024-03-27T16:47:42+00:00","dateModified":"2025-01-31T10:31:01+00:00","description":"Explore a jornada do Alphalearning desde o revolucion\u00e1rio Brainwave I \u2014 aclamado como \u201cNeurocirurgia com luz e som\u201d \u2014 at\u00e9 o inovador Brainwave III.","breadcrumb":{"@id":"https:\/\/alphalearning.com\/pt\/evolucao-brainwave-alphalearning\/#breadcrumb"},"inLanguage":"pt","potentialAction":[{"@type":"ReadAction","target":["https:\/\/alphalearning.com\/pt\/evolucao-brainwave-alphalearning\/"]}]},{"@type":"ImageObject","inLanguage":"pt","@id":"https:\/\/alphalearning.com\/pt\/evolucao-brainwave-alphalearning\/#primaryimage","url":"https:\/\/alphalearning.com\/wp-content\/uploads\/2024\/04\/brainwave-iii-detail-scaled.jpg","contentUrl":"https:\/\/alphalearning.com\/wp-content\/uploads\/2024\/04\/brainwave-iii-detail-scaled.jpg","width":2560,"height":1440},{"@type":"BreadcrumbList","@id":"https:\/\/alphalearning.com\/pt\/evolucao-brainwave-alphalearning\/#breadcrumb","itemListElement":[{"@type":"ListItem","position":1,"name":"Home","item":"https:\/\/alphalearning.com\/pt\/"},{"@type":"ListItem","position":2,"name":"A Evolu\u00e7\u00e3o do Sistema Brainwave"}]},{"@type":"WebSite","@id":"https:\/\/alphalearning.com\/pt\/#website","url":"https:\/\/alphalearning.com\/pt\/","name":"Alphalearning International","description":"the brain training institute","publisher":{"@id":"https:\/\/alphalearning.com\/pt\/#organization"},"potentialAction":[{"@type":"SearchAction","target":{"@type":"EntryPoint","urlTemplate":"https:\/\/alphalearning.com\/pt\/?s={search_term_string}"},"query-input":{"@type":"PropertyValueSpecification","valueRequired":true,"valueName":"search_term_string"}}],"inLanguage":"pt"},{"@type":"Organization","@id":"https:\/\/alphalearning.com\/pt\/#organization","name":"Alphalearning International","url":"https:\/\/alphalearning.com\/pt\/","logo":{"@type":"ImageObject","inLanguage":"pt","@id":"https:\/\/alphalearning.com\/pt\/#\/schema\/logo\/image\/","url":"https:\/\/alphalearning.com\/wp-content\/uploads\/2024\/03\/alphalearning_ico2_512px.png","contentUrl":"https:\/\/alphalearning.com\/wp-content\/uploads\/2024\/03\/alphalearning_ico2_512px.png","width":512,"height":512,"caption":"Alphalearning International"},"image":{"@id":"https:\/\/alphalearning.com\/pt\/#\/schema\/logo\/image\/"}}]}},"uagb_featured_image_src":{"full":["https:\/\/alphalearning.com\/wp-content\/uploads\/2024\/04\/brainwave-iii-detail-scaled.jpg",2560,1440,false],"thumbnail":["https:\/\/alphalearning.com\/wp-content\/uploads\/2024\/04\/brainwave-iii-detail-150x150.jpg",150,150,true],"medium":["https:\/\/alphalearning.com\/wp-content\/uploads\/2024\/04\/brainwave-iii-detail-300x169.jpg",300,169,true],"medium_large":["https:\/\/alphalearning.com\/wp-content\/uploads\/2024\/04\/brainwave-iii-detail-768x432.jpg",768,432,true],"large":["https:\/\/alphalearning.com\/wp-content\/uploads\/2024\/04\/brainwave-iii-detail-1024x576.jpg",1024,576,true],"1536x1536":["https:\/\/alphalearning.com\/wp-content\/uploads\/2024\/04\/brainwave-iii-detail-1536x864.jpg",1536,864,true],"2048x2048":["https:\/\/alphalearning.com\/wp-content\/uploads\/2024\/04\/brainwave-iii-detail-2048x1152.jpg",2048,1152,true],"gform-image-choice-sm":["https:\/\/alphalearning.com\/wp-content\/uploads\/2024\/04\/brainwave-iii-detail-scaled.jpg",300,169,false],"gform-image-choice-md":["https:\/\/alphalearning.com\/wp-content\/uploads\/2024\/04\/brainwave-iii-detail-scaled.jpg",400,225,false],"gform-image-choice-lg":["https:\/\/alphalearning.com\/wp-content\/uploads\/2024\/04\/brainwave-iii-detail-scaled.jpg",600,338,false]},"uagb_author_info":{"display_name":"Julio Machado","author_link":"https:\/\/alphalearning.com\/pt\/author\/julio-machado\/"},"uagb_comment_info":0,"uagb_excerpt":"A Evolu\u00e7\u00e3o do Alphalearning Brainwave Brainwave 1 e Lotus software A imprensa recebeu o Brainwave 1 como um avan\u00e7o genu\u00edno. [&hellip;]","_links":{"self":[{"href":"https:\/\/alphalearning.com\/pt\/wp-json\/wp\/v2\/pages\/13491","targetHints":{"allow":["GET"]}}],"collection":[{"href":"https:\/\/alphalearning.com\/pt\/wp-json\/wp\/v2\/pages"}],"about":[{"href":"https:\/\/alphalearning.com\/pt\/wp-json\/wp\/v2\/types\/page"}],"author":[{"embeddable":true,"href":"https:\/\/alphalearning.com\/pt\/wp-json\/wp\/v2\/users\/2"}],"replies":[{"embeddable":true,"href":"https:\/\/alphalearning.com\/pt\/wp-json\/wp\/v2\/comments?post=13491"}],"version-history":[{"count":2,"href":"https:\/\/alphalearning.com\/pt\/wp-json\/wp\/v2\/pages\/13491\/revisions"}],"predecessor-version":[{"id":14764,"href":"https:\/\/alphalearning.com\/pt\/wp-json\/wp\/v2\/pages\/13491\/revisions\/14764"}],"wp:featuredmedia":[{"embeddable":true,"href":"https:\/\/alphalearning.com\/pt\/wp-json\/wp\/v2\/media\/12339"}],"wp:attachment":[{"href":"https:\/\/alphalearning.com\/pt\/wp-json\/wp\/v2\/media?parent=13491"}],"curies":[{"name":"wp","href":"https:\/\/api.w.org\/{rel}","templated":true}]}}