{"id":13480,"date":"2024-03-27T16:47:55","date_gmt":"2024-03-27T16:47:55","guid":{"rendered":"https:\/\/alphalearning.com\/what-are-alpha-and-theta-brain-waves\/"},"modified":"2025-02-09T07:54:07","modified_gmt":"2025-02-09T07:54:07","slug":"o-que-sao-as-ondas-alpha-e-theta","status":"publish","type":"page","link":"https:\/\/alphalearning.com\/pt\/o-que-sao-as-ondas-alpha-e-theta\/","title":{"rendered":"O que s\u00e3o as Ondas Alpha e Theta?"},"content":{"rendered":"\n<div class=\"wp-block-uagb-advanced-heading uagb-block-4ee66d6d\"><h1 class=\"uagb-heading-text\">O que s\u00e3o as ondas cerebrais Alfa e Teta?<\/h1><\/div>\n\n\n\n<div class=\"wp-block-uagb-container uagb-block-1e67c3a1 alignfull uagb-is-root-container\"><div class=\"uagb-container-inner-blocks-wrap\">\n<p><strong>O que s\u00e3o as ondas cerebrais Alfa e Teta?<\/strong><\/p>\n\n\n\n<p>Alfa \u00e9 um estado de relaxamento concentrado t\u00edpico de uma onda cerebral em torno de 7 ciclos por segundo (7 Hz). Ele permite concentra\u00e7\u00e3o total e sincroniza\u00e7\u00e3o dos hemisf\u00e9rios esquerdo e direito do c\u00e9rebro. Esse \u00e9 o estado ideal para leitura, audi\u00e7\u00e3o e outras formas de recep\u00e7\u00e3o de informa\u00e7\u00f5es.<\/p>\n\n\n\n<p>Teta \u00e9 um estado mental ainda mais tranquilo, t\u00edpico de uma onda cerebral em torno de 3 ciclos por segundo (3 Hz). Esse estado \u00e9 o melhor para memoriza\u00e7\u00e3o, criatividade e resolu\u00e7\u00e3o de problemas. Voc\u00ea pode aprender a usar essas frequ\u00eancias cerebrais de forma simples, sem esfor\u00e7o e eficiente.<\/p>\n\n\n\n<p class=\"has-text-align-center\"><strong>Os clientes do Alphalearning s\u00e3o capazes de controlar<\/strong><br><strong>suas ondas cerebrais em 4 frequ\u00eancias principais:<\/strong><\/p>\n\n\n\n<p class=\"has-text-align-center\"><strong>DELTA<\/strong>\u00a0= 1-2 Hz (ciclos por segundo)<br>Relaxamento f\u00edsico profundo, controle da dor e libera\u00e7\u00e3o do estresse.<\/p>\n\n\n\n<p class=\"has-text-align-center\"><strong>TETA<\/strong>\u00a0= 3-5 Hz (ciclos por segundo)<br>Mem\u00f3ria, tanto memoriza\u00e7\u00e3o quanto recorda\u00e7\u00e3o, e aumento de QI.<\/p>\n\n\n\n<p class=\"has-text-align-center\"><strong>ALFA<\/strong>\u00a0= 7-9 Hz (ciclos por segundo)<br>Aprendizagem, leitura e assimila\u00e7\u00e3o.<\/p>\n\n\n\n<p class=\"has-text-align-center\"><strong>BETA<\/strong>\u00a0= 12-14 Hz (ciclos por segundo)<br>Tomada de decis\u00e3o, l\u00f3gica e resolu\u00e7\u00e3o de problemas.<\/p>\n\n\n\n<p>Usar a frequ\u00eancia de onda apropriada para cada etapa do aprendizado \u2014 por exemplo, para escuta versus memoriza\u00e7\u00e3o \u2014 \u00e9 a chave para o aprendizado acelerado e o aumento da reten\u00e7\u00e3o. Uma vez que o indiv\u00edduo tenha \u201caprendido\u201d as frequ\u00eancias adequadas, pode utiliz\u00e1-las \u00e0 vontade sempre que necessitar de uma fun\u00e7\u00e3o espec\u00edfica. O uso extensivo de equipamento computadorizado de treinamento de ondas cerebrais \u00f3ptico-ac\u00fastico e de an\u00e1lise de eletroencefalografia possibilita que cada pessoa acompanhe seu progresso di\u00e1rio ao longo do curso.<\/p>\n\n\n\n<p class=\"has-text-align-center\"><strong>GEO: \u201cO computador \u00e9 o novo guru. O novo Brainwave pode gerar aumentos r\u00e1pidos e dr\u00e1sticos na intelig\u00eancia e na velocidade de leitura, al\u00e9m de auxiliar na gest\u00e3o do estresse e no desempenho esportivo.\u201d<\/strong><\/p>\n\n\n\n<p class=\"has-text-align-center\"><strong>\u201cAgora voc\u00ea pode treinar seu c\u00e9rebro para alcan\u00e7ar qualquer frequ\u00eancia desejada com Brainwave.\u201d<\/strong><\/p>\n\n\n\n<p>Michael Hutchinson, Megabrain (livro n\u00ba 1 sobre tecnologia cerebral):<\/p>\n\n\n\n<p class=\"has-text-align-center\"><strong>\u201cSomente aqueles monges Zen que meditaram por mais de 20 anos s\u00e3o capazes de entrar nos estados Alfa \u2013 Teta \u00e0 vontade.\u201d<\/strong><\/p>\n\n\n\n<p>Maxwell Cade, The Awakened Mind (mais de 4.500 EEGs testados):<\/p>\n\n\n\n<p class=\"has-text-align-center\"><strong>\u201cAlcan\u00e7ar uma frequ\u00eancia Alfa de 9 Hz exige de dois a cinco anos de experi\u00eancia em medita\u00e7\u00e3o. Com dez a vinte anos de pr\u00e1tica, encontramos a frequ\u00eancia Alfa em torno de 7 Hz.\u201d<\/strong><\/p>\n\n\n\n<p><strong>BRAINWAVE III realiza em poucos dias o que antes se acreditava exigir de 10 a 20 anos.<\/strong><\/p>\n\n\n\n<p><a href=\"https:\/\/alphalearning.com\/pt\/neurofeedback-possibilidades-sistema-brainwave\/\">Voc\u00ea j\u00e1 sabe em quais \u00e1reas o Neurofeedback e o Treinamento Cerebral podem ser utilizados?<\/a><\/p>\n\n\n\n<p class=\"has-text-align-right\"><a href=\"https:\/\/alphalearning.com\/our-services\/\">Saiba mais sobre o nosso curso neste link.<\/a><\/p>\n<\/div><\/div>\n","protected":false},"excerpt":{"rendered":"<p>O que s\u00e3o as ondas cerebrais Alfa e Teta? O que s\u00e3o as ondas cerebrais Alfa e Teta? Alfa \u00e9 [&hellip;]<\/p>\n","protected":false},"author":2,"featured_media":0,"parent":0,"menu_order":451,"comment_status":"closed","ping_status":"closed","template":"","meta":{"_uag_custom_page_level_css":"","site-sidebar-layout":"default","site-content-layout":"","ast-site-content-layout":"default","site-content-style":"default","site-sidebar-style":"default","ast-global-header-display":"","ast-banner-title-visibility":"","ast-main-header-display":"","ast-hfb-above-header-display":"","ast-hfb-below-header-display":"","ast-hfb-mobile-header-display":"","site-post-title":"disabled","ast-breadcrumbs-content":"","ast-featured-img":"","footer-sml-layout":"","ast-disable-related-posts":"","theme-transparent-header-meta":"","adv-header-id-meta":"","stick-header-meta":"","header-above-stick-meta":"","header-main-stick-meta":"","header-below-stick-meta":"","astra-migrate-meta-layouts":"default","ast-page-background-enabled":"default","ast-page-background-meta":{"desktop":{"background-color":"var(--ast-global-color-4)","background-image":"","background-repeat":"repeat","background-position":"center center","background-size":"auto","background-attachment":"scroll","background-type":"","background-media":"","overlay-type":"","overlay-color":"","overlay-opacity":"","overlay-gradient":""},"tablet":{"background-color":"","background-image":"","background-repeat":"repeat","background-position":"center center","background-size":"auto","background-attachment":"scroll","background-type":"","background-media":"","overlay-type":"","overlay-color":"","overlay-opacity":"","overlay-gradient":""},"mobile":{"background-color":"","background-image":"","background-repeat":"repeat","background-position":"center center","background-size":"auto","background-attachment":"scroll","background-type":"","background-media":"","overlay-type":"","overlay-color":"","overlay-opacity":"","overlay-gradient":""}},"ast-content-background-meta":{"desktop":{"background-color":"var(--ast-global-color-5)","background-image":"","background-repeat":"repeat","background-position":"center center","background-size":"auto","background-attachment":"scroll","background-type":"","background-media":"","overlay-type":"","overlay-color":"","overlay-opacity":"","overlay-gradient":""},"tablet":{"background-color":"var(--ast-global-color-5)","background-image":"","background-repeat":"repeat","background-position":"center center","background-size":"auto","background-attachment":"scroll","background-type":"","background-media":"","overlay-type":"","overlay-color":"","overlay-opacity":"","overlay-gradient":""},"mobile":{"background-color":"var(--ast-global-color-5)","background-image":"","background-repeat":"repeat","background-position":"center center","background-size":"auto","background-attachment":"scroll","background-type":"","background-media":"","overlay-type":"","overlay-color":"","overlay-opacity":"","overlay-gradient":""}},"footnotes":""},"class_list":["post-13480","page","type-page","status-publish","hentry"],"yoast_head":"<!-- This site is optimized with the Yoast SEO plugin v27.1.1 - https:\/\/yoast.com\/product\/yoast-seo-wordpress\/ -->\n<title>O que s\u00e3o ondas Alfa e Teta? - Alphalearning Internacional<\/title>\n<meta name=\"description\" content=\"Descubra como dominar as ondas Alfa e Teta para acelerar seu aprendizado, aprimorar a mem\u00f3ria e desenvolver a criatividade com o Alphalearning.\" \/>\n<meta name=\"robots\" content=\"index, follow, max-snippet:-1, max-image-preview:large, max-video-preview:-1\" \/>\n<link rel=\"canonical\" href=\"https:\/\/alphalearning.com\/pt\/o-que-sao-as-ondas-alpha-e-theta\/\" \/>\n<meta property=\"og:locale\" content=\"pt_PT\" \/>\n<meta property=\"og:type\" content=\"article\" \/>\n<meta property=\"og:title\" content=\"O que s\u00e3o ondas Alfa e Teta? - Alphalearning Internacional\" \/>\n<meta property=\"og:description\" content=\"Descubra como dominar as ondas Alfa e Teta para acelerar seu aprendizado, aprimorar a mem\u00f3ria e desenvolver a criatividade com o Alphalearning.\" \/>\n<meta property=\"og:url\" content=\"https:\/\/alphalearning.com\/pt\/o-que-sao-as-ondas-alpha-e-theta\/\" \/>\n<meta property=\"og:site_name\" content=\"Alphalearning International\" \/>\n<meta property=\"article:modified_time\" content=\"2025-02-09T07:54:07+00:00\" \/>\n<meta property=\"og:image\" content=\"https:\/\/alphalearning.com\/wp-content\/uploads\/2024\/04\/alphalearning-logo_red_1200x675px.png\" \/>\n\t<meta property=\"og:image:width\" content=\"1200\" \/>\n\t<meta property=\"og:image:height\" content=\"675\" \/>\n\t<meta property=\"og:image:type\" content=\"image\/png\" \/>\n<meta name=\"twitter:card\" content=\"summary_large_image\" \/>\n<meta name=\"twitter:label1\" content=\"Est. reading time\" \/>\n\t<meta name=\"twitter:data1\" content=\"2 minutes\" \/>\n<!-- \/ Yoast SEO plugin. -->","yoast_head_json":{"title":"O que s\u00e3o ondas Alfa e Teta? - Alphalearning Internacional","description":"Descubra como dominar as ondas Alfa e Teta para acelerar seu aprendizado, aprimorar a mem\u00f3ria e desenvolver a criatividade com o Alphalearning.","robots":{"index":"index","follow":"follow","max-snippet":"max-snippet:-1","max-image-preview":"max-image-preview:large","max-video-preview":"max-video-preview:-1"},"canonical":"https:\/\/alphalearning.com\/pt\/o-que-sao-as-ondas-alpha-e-theta\/","og_locale":"pt_PT","og_type":"article","og_title":"O que s\u00e3o ondas Alfa e Teta? - Alphalearning Internacional","og_description":"Descubra como dominar as ondas Alfa e Teta para acelerar seu aprendizado, aprimorar a mem\u00f3ria e desenvolver a criatividade com o Alphalearning.","og_url":"https:\/\/alphalearning.com\/pt\/o-que-sao-as-ondas-alpha-e-theta\/","og_site_name":"Alphalearning International","article_modified_time":"2025-02-09T07:54:07+00:00","og_image":[{"width":1200,"height":675,"url":"https:\/\/alphalearning.com\/wp-content\/uploads\/2024\/04\/alphalearning-logo_red_1200x675px.png","type":"image\/png"}],"twitter_card":"summary_large_image","twitter_misc":{"Est. reading time":"2 minutes"},"schema":{"@context":"https:\/\/schema.org","@graph":[{"@type":"WebPage","@id":"https:\/\/alphalearning.com\/pt\/o-que-sao-as-ondas-alpha-e-theta\/","url":"https:\/\/alphalearning.com\/pt\/o-que-sao-as-ondas-alpha-e-theta\/","name":"O que s\u00e3o ondas Alfa e Teta? - Alphalearning Internacional","isPartOf":{"@id":"https:\/\/alphalearning.com\/pt\/#website"},"datePublished":"2024-03-27T16:47:55+00:00","dateModified":"2025-02-09T07:54:07+00:00","description":"Descubra como dominar as ondas Alfa e Teta para acelerar seu aprendizado, aprimorar a mem\u00f3ria e desenvolver a criatividade com o Alphalearning.","breadcrumb":{"@id":"https:\/\/alphalearning.com\/pt\/o-que-sao-as-ondas-alpha-e-theta\/#breadcrumb"},"inLanguage":"pt","potentialAction":[{"@type":"ReadAction","target":["https:\/\/alphalearning.com\/pt\/o-que-sao-as-ondas-alpha-e-theta\/"]}]},{"@type":"BreadcrumbList","@id":"https:\/\/alphalearning.com\/pt\/o-que-sao-as-ondas-alpha-e-theta\/#breadcrumb","itemListElement":[{"@type":"ListItem","position":1,"name":"Home","item":"https:\/\/alphalearning.com\/pt\/"},{"@type":"ListItem","position":2,"name":"O que s\u00e3o as Ondas Alpha e Theta?"}]},{"@type":"WebSite","@id":"https:\/\/alphalearning.com\/pt\/#website","url":"https:\/\/alphalearning.com\/pt\/","name":"Alphalearning International","description":"the brain training institute","publisher":{"@id":"https:\/\/alphalearning.com\/pt\/#organization"},"potentialAction":[{"@type":"SearchAction","target":{"@type":"EntryPoint","urlTemplate":"https:\/\/alphalearning.com\/pt\/?s={search_term_string}"},"query-input":{"@type":"PropertyValueSpecification","valueRequired":true,"valueName":"search_term_string"}}],"inLanguage":"pt"},{"@type":"Organization","@id":"https:\/\/alphalearning.com\/pt\/#organization","name":"Alphalearning International","url":"https:\/\/alphalearning.com\/pt\/","logo":{"@type":"ImageObject","inLanguage":"pt","@id":"https:\/\/alphalearning.com\/pt\/#\/schema\/logo\/image\/","url":"https:\/\/alphalearning.com\/wp-content\/uploads\/2024\/03\/alphalearning_ico2_512px.png","contentUrl":"https:\/\/alphalearning.com\/wp-content\/uploads\/2024\/03\/alphalearning_ico2_512px.png","width":512,"height":512,"caption":"Alphalearning International"},"image":{"@id":"https:\/\/alphalearning.com\/pt\/#\/schema\/logo\/image\/"}}]}},"uagb_featured_image_src":{"full":false,"thumbnail":false,"medium":false,"medium_large":false,"large":false,"1536x1536":false,"2048x2048":false,"gform-image-choice-sm":false,"gform-image-choice-md":false,"gform-image-choice-lg":false},"uagb_author_info":{"display_name":"Julio Machado","author_link":"https:\/\/alphalearning.com\/pt\/author\/julio-machado\/"},"uagb_comment_info":0,"uagb_excerpt":"O que s\u00e3o as ondas cerebrais Alfa e Teta? O que s\u00e3o as ondas cerebrais Alfa e Teta? Alfa \u00e9 [&hellip;]","_links":{"self":[{"href":"https:\/\/alphalearning.com\/pt\/wp-json\/wp\/v2\/pages\/13480","targetHints":{"allow":["GET"]}}],"collection":[{"href":"https:\/\/alphalearning.com\/pt\/wp-json\/wp\/v2\/pages"}],"about":[{"href":"https:\/\/alphalearning.com\/pt\/wp-json\/wp\/v2\/types\/page"}],"author":[{"embeddable":true,"href":"https:\/\/alphalearning.com\/pt\/wp-json\/wp\/v2\/users\/2"}],"replies":[{"embeddable":true,"href":"https:\/\/alphalearning.com\/pt\/wp-json\/wp\/v2\/comments?post=13480"}],"version-history":[{"count":4,"href":"https:\/\/alphalearning.com\/pt\/wp-json\/wp\/v2\/pages\/13480\/revisions"}],"predecessor-version":[{"id":15139,"href":"https:\/\/alphalearning.com\/pt\/wp-json\/wp\/v2\/pages\/13480\/revisions\/15139"}],"wp:attachment":[{"href":"https:\/\/alphalearning.com\/pt\/wp-json\/wp\/v2\/media?parent=13480"}],"curies":[{"name":"wp","href":"https:\/\/api.w.org\/{rel}","templated":true}]}}