{"id":13471,"date":"2024-03-27T16:22:05","date_gmt":"2024-03-27T16:22:05","guid":{"rendered":"https:\/\/alphalearning.com\/brainwave\/introduction-to-brainwave-system\/"},"modified":"2025-01-30T06:45:03","modified_gmt":"2025-01-30T06:45:03","slug":"introducao-ao-sistema-brainwave","status":"publish","type":"page","link":"https:\/\/alphalearning.com\/pt\/brainwave\/introducao-ao-sistema-brainwave\/","title":{"rendered":"Introdu\u00e7\u00e3o ao Sistema Brainwave"},"content":{"rendered":"\n<div class=\"wp-block-uagb-advanced-heading uagb-block-6d6baad8\"><h1 class=\"uagb-heading-text\">Introdu\u00e7\u00e3o ao Sistema Brainwave<\/h1><\/div>\n\n\n\n<div class=\"wp-block-uagb-advanced-heading uagb-block-3d09987c\"><h2 class=\"uagb-heading-text\">Por que o Sistema Brainwave foi desenvolvido<\/h2><\/div>\n\n\n\n<p>\u00c0 medida que os executivos corporativos se tornavam cada vez mais sobrecarregados de informa\u00e7\u00f5es no final da d\u00e9cada de 1980, perceberam que precisavam dominar t\u00e9cnicas de aprendizagem novas e mais eficientes.<\/p>\n\n\n\n<p>Em coopera\u00e7\u00e3o com executivos de mais de 100 corpora\u00e7\u00f5es internacionais, o Instituto Alphalearning iniciou, em 1989, um projeto de pesquisa para determinar se o treinamento de frequ\u00eancias cerebrais poderia aumentar a efici\u00eancia no aprendizado.<\/p>\n\n\n\n<div class=\"wp-block-uagb-advanced-heading uagb-block-d2e394bb\"><h2 class=\"uagb-heading-text\">Como o Sistema Brainwave foi desenvolvido<\/h2><\/div>\n\n\n\n<p>Ao testar e estudar o c\u00e9rebro de centenas de indiv\u00edduos de alto desempenho \u2014 ou seja, executivos seniores de empresas, autoridades militares e gestores governamentais \u2014 foi poss\u00edvel descobrir as frequ\u00eancias cerebrais exatas necess\u00e1rias para executar diversas atividades mentais e f\u00edsicas.<\/p>\n\n\n\n<p>Este foi o primeiro estudo de ondas cerebrais realizado em sujeitos de \u201csuperalto desempenho\u201d, em vez de indiv\u00edduos com dist\u00farbios cerebrais conhecidos ou sujeitos \u201cnormais\u201d.<\/p>\n\n\n\n<p>Ficou claro que profissionais de alto desempenho em diversas \u00e1reas \u2014 como leitura, mem\u00f3ria, criatividade e persuas\u00e3o, entre outras \u2014 utilizavam diferentes frequ\u00eancias cerebrais e todos apresentavam a mesma an\u00e1lise de frequ\u00eancia para cada fun\u00e7\u00e3o.<\/p>\n\n\n\n<p>Assim, finalmente se comprovou quais frequ\u00eancias eram as melhores para cada finalidade.<\/p>\n\n\n\n<p>Ent\u00e3o, tornou-se poss\u00edvel programar o computador para \u201cler\u201d o c\u00e9rebro e ajust\u00e1-lo \u00e0 frequ\u00eancia \u201cperfeita\u201d. Uma vez que o indiv\u00edduo tenha \u201caprendido\u201d as frequ\u00eancias adequadas, ele(a) pode utiliz\u00e1-las \u00e0 vontade sempre que precisar de uma determinada fun\u00e7\u00e3o.<\/p>\n\n\n\n<div class=\"wp-block-uagb-advanced-heading uagb-block-df875fe6\"><h2 class=\"uagb-heading-text\">Como o Sistema Brainwave funciona?<\/h2><\/div>\n\n\n\n<p>Para aprender a usar corretamente as frequ\u00eancias cerebrais, \u00e9 necess\u00e1rio recorrer ao <a href=\"https:\/\/alphalearning.com\/pt\/brainwave\/\">Sistema Brainwave<\/a>; uma combina\u00e7\u00e3o de um <a href=\"https:\/\/alphalearning.com\/pt\/brainwave\/eeg-neurofeedback\/\">eletroencefal\u00f3grafo<\/a> (equipamento que l\u00ea as ondas cerebrais) e de um <a href=\"https:\/\/alphalearning.com\/pt\/brainwave\/dispositivo-optico-acustico\/\">Sinergizador Neuronal \u00d3ptico-Ac\u00fastico<\/a> (equipamento que controla a entrada das ondas cerebrais).<\/p>\n\n\n\n<p>H\u00e1 muito tempo se sabe que a estimula\u00e7\u00e3o do c\u00e9rebro com ondas de luz e som faz com que ele se aproxime da mesma frequ\u00eancia.<\/p>\n\n\n\n<p>A luz e o som s\u00e3o utilizados h\u00e1 milhares de anos para influenciar o estado mental e emocional da humanidade. As primeiras vers\u00f5es (65.000 anos atr\u00e1s) eram dan\u00e7arinos ao redor de fogueiras, criando os primeiros efeitos de \u201cluz estrobosc\u00f3pica\u201d. No in\u00edcio da d\u00e9cada de 1970, surgiram as primeiras m\u00e1quinas eletr\u00f4nicas program\u00e1veis de luz e som para aprimorar a aprecia\u00e7\u00e3o musical e as experi\u00eancias meditativas.<\/p>\n\n\n\n<p>Al\u00e9m disso, no come\u00e7o dos anos 1970, t\u00e9cnicas de controle cerebral e aprimoramento da intelig\u00eancia \u2014 usando visualiza\u00e7\u00e3o e pensamento criativo \u2014 comprovaram que aumentos de QI eram poss\u00edveis.<\/p>\n\n\n\n<p>O problema, durante o per\u00edodo de 1970 a 1990, era que eram necess\u00e1rios 40 a 60 minutos di\u00e1rios de exerc\u00edcio para se obter um efeito mensur\u00e1vel no c\u00e9rebro \u2014 e esse exerc\u00edcio precisava ser mantido para sempre, a fim de conservar o resultado \u2014 assim como o exerc\u00edcio f\u00edsico convencional, para manter o condicionamento aer\u00f3bico, exige de 40 a 60 minutos por dia.<\/p>\n\n\n\n<p>A maioria das pessoas hoje n\u00e3o investe esse tempo nem na mente nem no corpo.<\/p>\n\n\n\n<p>O segundo problema era que, embora o equipamento de luz e som pudesse alterar com facilidade as frequ\u00eancias do c\u00e9rebro \u2014 e, portanto, controlar os processos de pensamento e as fun\u00e7\u00f5es f\u00edsicas do corpo \u2014 n\u00e3o produzia um efeito duradouro. <strong>Luzes desligadas \u2014 efeito encerrado.<\/strong><\/p>\n\n\n\n<p>A solu\u00e7\u00e3o mostrou ser um programa personalizado para o c\u00e9rebro de cada pessoa. E, \u00e0 medida que o c\u00e9rebro de cada indiv\u00edduo se modifica devido a fatores externos \u2014 estresse, acidentes, medita\u00e7\u00e3o e exerc\u00edcios \u2014 esses programas personalizados precisam acompanhar essas mudan\u00e7as para garantir um ajuste continuamente perfeito.<\/p>\n\n\n\n<p>\u00c9 como ter um terno sob medida capaz de (1) adaptar-se ao peso corporal de cada pessoa, conforme ele oscila para mais ou para menos, e (2) conduzir suavemente o corpo de volta ao peso ideal.<\/p>\n\n\n\n<p>Assim, o c\u00e9rebro passa a aceitar as novas informa\u00e7\u00f5es e ret\u00ea-las para uso futuro.<\/p>\n\n\n\n<p>Resultado final: <strong>luzes desligadas \u2014 efeito permanente!<\/strong><\/p>\n\n\n\n<p>Os passos do processo s\u00e3o:<\/p>\n\n\n\n<ol class=\"wp-block-list\">\n<li>\u00c9 feito um registro de EEG (eletroencefalograma) por meio de quatro pequenos fios presos \u00e0 cabe\u00e7a com adesivos descart\u00e1veis, para visualizar a atividade cerebral na tela do computador. Em seguida, essa grava\u00e7\u00e3o \u00e9 avaliada para determinar as \u00e1reas fracas e fortes do c\u00e9rebro.<\/li>\n\n\n\n<li>S\u00e3o utilizados luzes e fones de ouvido para inserir determinadas frequ\u00eancias e sincronizar as quatro principais regi\u00f5es do c\u00e9rebro. O programa exato \u00e9 definido com base nos resultados do primeiro EEG.<\/li>\n\n\n\n<li>S\u00e3o realizados exerc\u00edcios de biofeedback, permitindo ao usu\u00e1rio ouvir e ver as pr\u00f3prias frequ\u00eancias cerebrais e o equil\u00edbrio entre o hemisf\u00e9rio esquerdo e o direito. O c\u00e9rebro \u00e9 atra\u00eddo pelos sons e imagens de equil\u00edbrio perfeito e, portanto, equilibra-se e sintoniza-se por conta pr\u00f3pria.<\/li>\n\n\n\n<li>\u00c9 feito um segundo registro de EEG para comparar com o primeiro, a fim de medir o efeito e os resultados da sess\u00e3o de treinamento. Esse EEG \u00e9 utilizado para determinar a configura\u00e7\u00e3o da pr\u00f3xima sess\u00e3o de treinamento com luz e som.<\/li>\n<\/ol>\n\n\n\n<p>A sequ\u00eancia acima requer cerca de 30 minutos.<\/p>\n\n\n\n<p>O uso recomendado pode variar de di\u00e1rio a mensal, dependendo da aplica\u00e7\u00e3o individual. Em casos de les\u00e3o cerebral grave, podem ser utilizadas de 2 a 4 sess\u00f5es di\u00e1rias nos primeiros meses, reduzindo para sess\u00f5es di\u00e1rias depois.<\/p>\n\n\n\n<p>Profissionais atletas \u2014 tanto da mente quanto do corpo \u2014 tamb\u00e9m podem seguir os mesmos cronogramas.<\/p>\n\n\n\n<p>Para a maioria das pessoas interessadas apenas em aprimoramento da intelig\u00eancia e treinamento de equil\u00edbrio mental\/f\u00edsico, basta a sequ\u00eancia completa de treinamento uma vez por m\u00eas e a sequ\u00eancia de luz e som (10 minutos) de uma a tr\u00eas vezes por semana.<\/p>\n\n\n\n<div class=\"wp-block-uagb-advanced-heading uagb-block-b00f55cc\"><h2 class=\"uagb-heading-text\">O que o EEG no Sistema Brainwave avalia?<\/h2><\/div>\n\n\n\n<p>Para avaliar adequadamente as fun\u00e7\u00f5es cerebrais, realizar a sincroniza\u00e7\u00e3o, validar os resultados e fornecer an\u00e1lise e recomenda\u00e7\u00f5es futuras, \u00e9 necess\u00e1rio o seguinte procedimento:<\/p>\n\n\n\n<p>EEG (4 minutos) registrando o desempenho do c\u00e9rebro em frequ\u00eancia e amplitude, tanto no lado esquerdo quanto no direito, enquanto se executam as 6 fun\u00e7\u00f5es a seguir:<\/p>\n\n\n\n<ol class=\"wp-block-list\">\n<li>Ouvir novas informa\u00e7\u00f5es<\/li>\n\n\n\n<li>Relaxar \u2013 meditar<\/li>\n\n\n\n<li>Ler<\/li>\n\n\n\n<li>Memorizar<\/li>\n\n\n\n<li>Recordar<\/li>\n\n\n\n<li>Tomar decis\u00f5es<\/li>\n<\/ol>\n\n\n\n<p>Assim, em apenas 4 minutos, verificam-se 6 fun\u00e7\u00f5es nos dois lados (esquerdo e direito) = 12 pontos de dados x frequ\u00eancia e amplitude = 24 maneiras de avaliar o EEG e compar\u00e1-lo aos 30.000 registros do banco de dados principal.<\/p>\n\n\n\n<p class=\"has-text-align-right\"><strong>Saiba mais sobre:<\/strong><br><a href=\"https:\/\/alphalearning.com\/pt\/neurofeedback-possibilidades-sistema-brainwave\/\">Neurofeedback e as possibilidades do Sistema Brainwave<\/a><br><a href=\"https:\/\/alphalearning.com\/pt\/brainwave\/dispositivo-optico-acustico\/\">Sinergizador Neuronal \u00d3ptico-Ac\u00fastico<\/a><br><a href=\"https:\/\/alphalearning.com\/pt\/brainwave\/\">Tecnologia do Sistema Brainwave<\/a><br><a href=\"https:\/\/alphalearning.com\/our-services\/individual-family-course\/\">Curso Saber Aprender | Alphalearning<\/a><\/p>\n","protected":false},"excerpt":{"rendered":"<p>Introdu\u00e7\u00e3o ao Sistema Brainwave Por que o Sistema Brainwave foi desenvolvido \u00c0 medida que os executivos corporativos se tornavam cada [&hellip;]<\/p>\n","protected":false},"author":2,"featured_media":0,"parent":13425,"menu_order":403,"comment_status":"closed","ping_status":"closed","template":"","meta":{"_uag_custom_page_level_css":"","site-sidebar-layout":"default","site-content-layout":"","ast-site-content-layout":"default","site-content-style":"default","site-sidebar-style":"default","ast-global-header-display":"","ast-banner-title-visibility":"","ast-main-header-display":"","ast-hfb-above-header-display":"","ast-hfb-below-header-display":"","ast-hfb-mobile-header-display":"","site-post-title":"disabled","ast-breadcrumbs-content":"","ast-featured-img":"","footer-sml-layout":"","ast-disable-related-posts":"","theme-transparent-header-meta":"","adv-header-id-meta":"","stick-header-meta":"","header-above-stick-meta":"","header-main-stick-meta":"","header-below-stick-meta":"","astra-migrate-meta-layouts":"default","ast-page-background-enabled":"default","ast-page-background-meta":{"desktop":{"background-color":"var(--ast-global-color-4)","background-image":"","background-repeat":"repeat","background-position":"center center","background-size":"auto","background-attachment":"scroll","background-type":"","background-media":"","overlay-type":"","overlay-color":"","overlay-opacity":"","overlay-gradient":""},"tablet":{"background-color":"","background-image":"","background-repeat":"repeat","background-position":"center center","background-size":"auto","background-attachment":"scroll","background-type":"","background-media":"","overlay-type":"","overlay-color":"","overlay-opacity":"","overlay-gradient":""},"mobile":{"background-color":"","background-image":"","background-repeat":"repeat","background-position":"center center","background-size":"auto","background-attachment":"scroll","background-type":"","background-media":"","overlay-type":"","overlay-color":"","overlay-opacity":"","overlay-gradient":""}},"ast-content-background-meta":{"desktop":{"background-color":"var(--ast-global-color-5)","background-image":"","background-repeat":"repeat","background-position":"center center","background-size":"auto","background-attachment":"scroll","background-type":"","background-media":"","overlay-type":"","overlay-color":"","overlay-opacity":"","overlay-gradient":""},"tablet":{"background-color":"var(--ast-global-color-5)","background-image":"","background-repeat":"repeat","background-position":"center center","background-size":"auto","background-attachment":"scroll","background-type":"","background-media":"","overlay-type":"","overlay-color":"","overlay-opacity":"","overlay-gradient":""},"mobile":{"background-color":"var(--ast-global-color-5)","background-image":"","background-repeat":"repeat","background-position":"center center","background-size":"auto","background-attachment":"scroll","background-type":"","background-media":"","overlay-type":"","overlay-color":"","overlay-opacity":"","overlay-gradient":""}},"footnotes":""},"class_list":["post-13471","page","type-page","status-publish","hentry"],"yoast_head":"<!-- This site is optimized with the Yoast SEO plugin v27.1.1 - https:\/\/yoast.com\/product\/yoast-seo-wordpress\/ -->\n<title>Sistema Brainwave \u2013 Alphalearning Internacional<\/title>\n<meta name=\"description\" content=\"Descubra como o Sistema Brainwave foi desenvolvido, como funciona e supera as mind machines para aprimorar a aprendizagem e otimizar desempenho.\" \/>\n<meta name=\"robots\" content=\"index, follow, max-snippet:-1, max-image-preview:large, max-video-preview:-1\" \/>\n<link rel=\"canonical\" href=\"https:\/\/alphalearning.com\/pt\/brainwave\/introducao-ao-sistema-brainwave\/\" \/>\n<meta property=\"og:locale\" content=\"pt_PT\" \/>\n<meta property=\"og:type\" content=\"article\" \/>\n<meta property=\"og:title\" content=\"Sistema Brainwave \u2013 Alphalearning Internacional\" \/>\n<meta property=\"og:description\" content=\"Descubra como o Sistema Brainwave foi desenvolvido, como funciona e supera as mind machines para aprimorar a aprendizagem e otimizar desempenho.\" \/>\n<meta property=\"og:url\" content=\"https:\/\/alphalearning.com\/pt\/brainwave\/introducao-ao-sistema-brainwave\/\" \/>\n<meta property=\"og:site_name\" content=\"Alphalearning International\" \/>\n<meta property=\"article:modified_time\" content=\"2025-01-30T06:45:03+00:00\" \/>\n<meta property=\"og:image\" content=\"https:\/\/alphalearning.com\/wp-content\/uploads\/2024\/04\/alphalearning-logo_red_1200x675px.png\" \/>\n\t<meta property=\"og:image:width\" content=\"1200\" \/>\n\t<meta property=\"og:image:height\" content=\"675\" \/>\n\t<meta property=\"og:image:type\" content=\"image\/png\" \/>\n<meta name=\"twitter:card\" content=\"summary_large_image\" \/>\n<meta name=\"twitter:label1\" content=\"Est. reading time\" \/>\n\t<meta name=\"twitter:data1\" content=\"5 minutes\" \/>\n<!-- \/ Yoast SEO plugin. -->","yoast_head_json":{"title":"Sistema Brainwave \u2013 Alphalearning Internacional","description":"Descubra como o Sistema Brainwave foi desenvolvido, como funciona e supera as mind machines para aprimorar a aprendizagem e otimizar desempenho.","robots":{"index":"index","follow":"follow","max-snippet":"max-snippet:-1","max-image-preview":"max-image-preview:large","max-video-preview":"max-video-preview:-1"},"canonical":"https:\/\/alphalearning.com\/pt\/brainwave\/introducao-ao-sistema-brainwave\/","og_locale":"pt_PT","og_type":"article","og_title":"Sistema Brainwave \u2013 Alphalearning Internacional","og_description":"Descubra como o Sistema Brainwave foi desenvolvido, como funciona e supera as mind machines para aprimorar a aprendizagem e otimizar desempenho.","og_url":"https:\/\/alphalearning.com\/pt\/brainwave\/introducao-ao-sistema-brainwave\/","og_site_name":"Alphalearning International","article_modified_time":"2025-01-30T06:45:03+00:00","og_image":[{"width":1200,"height":675,"url":"https:\/\/alphalearning.com\/wp-content\/uploads\/2024\/04\/alphalearning-logo_red_1200x675px.png","type":"image\/png"}],"twitter_card":"summary_large_image","twitter_misc":{"Est. reading time":"5 minutes"},"schema":{"@context":"https:\/\/schema.org","@graph":[{"@type":"WebPage","@id":"https:\/\/alphalearning.com\/pt\/brainwave\/introducao-ao-sistema-brainwave\/","url":"https:\/\/alphalearning.com\/pt\/brainwave\/introducao-ao-sistema-brainwave\/","name":"Sistema Brainwave \u2013 Alphalearning Internacional","isPartOf":{"@id":"https:\/\/alphalearning.com\/pt\/#website"},"datePublished":"2024-03-27T16:22:05+00:00","dateModified":"2025-01-30T06:45:03+00:00","description":"Descubra como o Sistema Brainwave foi desenvolvido, como funciona e supera as mind machines para aprimorar a aprendizagem e otimizar desempenho.","breadcrumb":{"@id":"https:\/\/alphalearning.com\/pt\/brainwave\/introducao-ao-sistema-brainwave\/#breadcrumb"},"inLanguage":"pt","potentialAction":[{"@type":"ReadAction","target":["https:\/\/alphalearning.com\/pt\/brainwave\/introducao-ao-sistema-brainwave\/"]}]},{"@type":"BreadcrumbList","@id":"https:\/\/alphalearning.com\/pt\/brainwave\/introducao-ao-sistema-brainwave\/#breadcrumb","itemListElement":[{"@type":"ListItem","position":1,"name":"Home","item":"https:\/\/alphalearning.com\/pt\/"},{"@type":"ListItem","position":2,"name":"Sistema Brainwave III","item":"https:\/\/alphalearning.com\/pt\/brainwave\/"},{"@type":"ListItem","position":3,"name":"Introdu\u00e7\u00e3o ao Sistema Brainwave"}]},{"@type":"WebSite","@id":"https:\/\/alphalearning.com\/pt\/#website","url":"https:\/\/alphalearning.com\/pt\/","name":"Alphalearning International","description":"the brain training institute","publisher":{"@id":"https:\/\/alphalearning.com\/pt\/#organization"},"potentialAction":[{"@type":"SearchAction","target":{"@type":"EntryPoint","urlTemplate":"https:\/\/alphalearning.com\/pt\/?s={search_term_string}"},"query-input":{"@type":"PropertyValueSpecification","valueRequired":true,"valueName":"search_term_string"}}],"inLanguage":"pt"},{"@type":"Organization","@id":"https:\/\/alphalearning.com\/pt\/#organization","name":"Alphalearning International","url":"https:\/\/alphalearning.com\/pt\/","logo":{"@type":"ImageObject","inLanguage":"pt","@id":"https:\/\/alphalearning.com\/pt\/#\/schema\/logo\/image\/","url":"https:\/\/alphalearning.com\/wp-content\/uploads\/2024\/03\/alphalearning_ico2_512px.png","contentUrl":"https:\/\/alphalearning.com\/wp-content\/uploads\/2024\/03\/alphalearning_ico2_512px.png","width":512,"height":512,"caption":"Alphalearning International"},"image":{"@id":"https:\/\/alphalearning.com\/pt\/#\/schema\/logo\/image\/"}}]}},"uagb_featured_image_src":{"full":false,"thumbnail":false,"medium":false,"medium_large":false,"large":false,"1536x1536":false,"2048x2048":false,"gform-image-choice-sm":false,"gform-image-choice-md":false,"gform-image-choice-lg":false},"uagb_author_info":{"display_name":"Julio Machado","author_link":"https:\/\/alphalearning.com\/pt\/author\/julio-machado\/"},"uagb_comment_info":0,"uagb_excerpt":"Introdu\u00e7\u00e3o ao Sistema Brainwave Por que o Sistema Brainwave foi desenvolvido \u00c0 medida que os executivos corporativos se tornavam cada [&hellip;]","_links":{"self":[{"href":"https:\/\/alphalearning.com\/pt\/wp-json\/wp\/v2\/pages\/13471","targetHints":{"allow":["GET"]}}],"collection":[{"href":"https:\/\/alphalearning.com\/pt\/wp-json\/wp\/v2\/pages"}],"about":[{"href":"https:\/\/alphalearning.com\/pt\/wp-json\/wp\/v2\/types\/page"}],"author":[{"embeddable":true,"href":"https:\/\/alphalearning.com\/pt\/wp-json\/wp\/v2\/users\/2"}],"replies":[{"embeddable":true,"href":"https:\/\/alphalearning.com\/pt\/wp-json\/wp\/v2\/comments?post=13471"}],"version-history":[{"count":2,"href":"https:\/\/alphalearning.com\/pt\/wp-json\/wp\/v2\/pages\/13471\/revisions"}],"predecessor-version":[{"id":14652,"href":"https:\/\/alphalearning.com\/pt\/wp-json\/wp\/v2\/pages\/13471\/revisions\/14652"}],"up":[{"embeddable":true,"href":"https:\/\/alphalearning.com\/pt\/wp-json\/wp\/v2\/pages\/13425"}],"wp:attachment":[{"href":"https:\/\/alphalearning.com\/pt\/wp-json\/wp\/v2\/media?parent=13471"}],"curies":[{"name":"wp","href":"https:\/\/api.w.org\/{rel}","templated":true}]}}