{"id":13462,"date":"2024-03-27T16:22:21","date_gmt":"2024-03-27T16:22:21","guid":{"rendered":"https:\/\/alphalearning.com\/brainwave\/neurofeedback-eeg\/"},"modified":"2025-01-30T06:20:53","modified_gmt":"2025-01-30T06:20:53","slug":"eeg-neurofeedback","status":"publish","type":"page","link":"https:\/\/alphalearning.com\/pt\/brainwave\/eeg-neurofeedback\/","title":{"rendered":"Dispositivo de EEG e Neurofeedback"},"content":{"rendered":"\n<div class=\"wp-block-uagb-advanced-heading uagb-block-f85b6e61\"><h1 class=\"uagb-heading-text\">Brainwave III \u2013 Equipamento de Eletroencefalografia e Neurofeedback<\/h1><\/div>\n\n\n\n<div class=\"wp-block-uagb-container uagb-block-a67c8036 alignfull uagb-is-root-container\"><div class=\"uagb-container-inner-blocks-wrap\">\n<div class=\"wp-block-uagb-container uagb-block-e9d1660d\">\n<figure class=\"wp-block-image size-large\"><img decoding=\"async\" src=\"https:\/\/alphalearning.com\/wp-content\/uploads\/2024\/03\/screenset2-1024x508.jpg\" alt=\"\"\/><figcaption class=\"wp-element-caption\"><em>O Brainwave III EEG permite o monitoramento cient\u00edfico cont\u00ednuo do progresso ap\u00f3s o curso e a escolha adequada de configura\u00e7\u00f5es ideais para cada novo treinamento.<\/em><\/figcaption><\/figure>\n<\/div>\n\n\n\n<div class=\"wp-block-uagb-container uagb-block-10af873a\">\n<p>Como parte integrante do <a href=\"https:\/\/alphalearning.com\/pt\/brainwave\/\">Sistema Brainwave III<\/a>, nosso dispositivo Brainwave III EEG, desenvolvido sob medida, desempenha um papel fundamental na leitura, an\u00e1lise e treinamento de frequ\u00eancias cerebrais complexas durante o <a href=\"https:\/\/alphalearning.com\/our-services\/individual-family-course\/\">Curso Saber Aprender<\/a>. Esse equipamento avan\u00e7ado, fruto de anos de pesquisa, alia robustez e facilidade de uso, tornando-se a base do nosso sistema.<\/p>\n\n\n\n<p>Nosso Brainwave III EEG possibilita o monitoramento cient\u00edfico cont\u00ednuo do progresso ap\u00f3s o curso. Esse n\u00edvel de acompanhamento orienta a sele\u00e7\u00e3o das configura\u00e7\u00f5es ideais para cada novo treinamento, garantindo experi\u00eancias de aprendizagem personalizadas e eficazes a cada usu\u00e1rio.<\/p>\n\n\n\n<p>Al\u00e9m de suas capacidades aut\u00f4nomas, o Brainwave III EEG funciona em conjunto com o <a href=\"https:\/\/alphalearning.com\/pt\/brainwave\/dispositivo-optico-acustico\/\">Sinergizador Neuronal \u00d3ptico-Ac\u00fastico<\/a>. Essa combina\u00e7\u00e3o poderosa oferece uma abordagem \u00fanica para equilibrar o c\u00e9rebro, ajudando os usu\u00e1rios a atingir e manter as ondas cerebrais Alfa e Teta.<\/p>\n<\/div>\n\n\n\n<div class=\"wp-block-uagb-container uagb-block-dc83fcee\">\n<figure class=\"wp-block-image size-large\"><img decoding=\"async\" src=\"https:\/\/alphalearning.com\/wp-content\/uploads\/2024\/03\/screenset3-1024x508.jpg\" alt=\"\"\/><figcaption class=\"wp-element-caption\"><em>Compara\u00e7\u00e3o de diferentes segmentos de uma sess\u00e3o de EEG gravada<\/em><\/figcaption><\/figure>\n<\/div>\n<\/div><\/div>\n\n\n\n<p>O Brainwave III EEG, aliado ao nosso software exclusivo, oferece um n\u00edvel de servi\u00e7o incompar\u00e1vel em precis\u00e3o e funcionalidade. Os recursos de p\u00f3s-an\u00e1lise, exclusivos do Sistema Alphalearning, garantem aos nossos usu\u00e1rios um servi\u00e7o que n\u00e3o \u00e9 apenas \u00fanico, mas tamb\u00e9m superior em suas funcionalidades.<\/p>\n\n\n\n<p>Temos grande satisfa\u00e7\u00e3o em ajud\u00e1-lo(a) a explorar todo o potencial do Sistema Brainwave III e sua capacidade de aprimorar a jornada de aprendizagem. Para saber mais sobre como o Sistema Brainwave III pode transformar sua experi\u00eancia com treinamento cerebral, an\u00e1lise de EEG e neurofeedback, visite nossa <a href=\"https:\/\/alphalearning.com\/pt\/contato\/\">p\u00e1gina de contato<\/a> para falar com a equipe do Alphalearning.<\/p>\n\n\n\n<p class=\"has-text-align-right\"><a href=\"https:\/\/alphalearning.com\/pt\/brainwave\/dispositivo-optico-acustico\/\">Saiba mais sobre o Brainwave III \u2013 Sinergizador Neuronal \u00d3ptico-Ac\u00fastico<\/a><br><a href=\"https:\/\/alphalearning.com\/what-are-alpha-and-theta-brain-waves\/\">O que s\u00e3o ondas cerebrais Alfa e Teta?<\/a><br><a href=\"https:\/\/alphalearning.com\/pt\/imprensa-internacional\/\">Alphalearning na imprensa Internacional<\/a><\/p>\n","protected":false},"excerpt":{"rendered":"<p>Brainwave III \u2013 Equipamento de Eletroencefalografia e Neurofeedback Como parte integrante do Sistema Brainwave III, nosso dispositivo Brainwave III EEG, [&hellip;]<\/p>\n","protected":false},"author":2,"featured_media":0,"parent":13425,"menu_order":402,"comment_status":"closed","ping_status":"closed","template":"","meta":{"_uag_custom_page_level_css":"","site-sidebar-layout":"default","site-content-layout":"","ast-site-content-layout":"default","site-content-style":"default","site-sidebar-style":"default","ast-global-header-display":"","ast-banner-title-visibility":"","ast-main-header-display":"","ast-hfb-above-header-display":"","ast-hfb-below-header-display":"","ast-hfb-mobile-header-display":"","site-post-title":"disabled","ast-breadcrumbs-content":"","ast-featured-img":"","footer-sml-layout":"","ast-disable-related-posts":"","theme-transparent-header-meta":"","adv-header-id-meta":"","stick-header-meta":"","header-above-stick-meta":"","header-main-stick-meta":"","header-below-stick-meta":"","astra-migrate-meta-layouts":"default","ast-page-background-enabled":"default","ast-page-background-meta":{"desktop":{"background-color":"var(--ast-global-color-4)","background-image":"","background-repeat":"repeat","background-position":"center center","background-size":"auto","background-attachment":"scroll","background-type":"","background-media":"","overlay-type":"","overlay-color":"","overlay-opacity":"","overlay-gradient":""},"tablet":{"background-color":"","background-image":"","background-repeat":"repeat","background-position":"center center","background-size":"auto","background-attachment":"scroll","background-type":"","background-media":"","overlay-type":"","overlay-color":"","overlay-opacity":"","overlay-gradient":""},"mobile":{"background-color":"","background-image":"","background-repeat":"repeat","background-position":"center center","background-size":"auto","background-attachment":"scroll","background-type":"","background-media":"","overlay-type":"","overlay-color":"","overlay-opacity":"","overlay-gradient":""}},"ast-content-background-meta":{"desktop":{"background-color":"var(--ast-global-color-5)","background-image":"","background-repeat":"repeat","background-position":"center center","background-size":"auto","background-attachment":"scroll","background-type":"","background-media":"","overlay-type":"","overlay-color":"","overlay-opacity":"","overlay-gradient":""},"tablet":{"background-color":"var(--ast-global-color-5)","background-image":"","background-repeat":"repeat","background-position":"center center","background-size":"auto","background-attachment":"scroll","background-type":"","background-media":"","overlay-type":"","overlay-color":"","overlay-opacity":"","overlay-gradient":""},"mobile":{"background-color":"var(--ast-global-color-5)","background-image":"","background-repeat":"repeat","background-position":"center center","background-size":"auto","background-attachment":"scroll","background-type":"","background-media":"","overlay-type":"","overlay-color":"","overlay-opacity":"","overlay-gradient":""}},"footnotes":""},"class_list":["post-13462","page","type-page","status-publish","hentry"],"yoast_head":"<!-- This site is optimized with the Yoast SEO plugin v27.1.1 - https:\/\/yoast.com\/product\/yoast-seo-wordpress\/ -->\n<title>Brainwave III: Equipamento EEG &amp; Neurofeedback Avan\u00e7ado<\/title>\n<meta name=\"description\" content=\"Experimente tecnologia avan\u00e7ada de EEG e neurofeedback para an\u00e1lise precisa das frequ\u00eancias cerebrais e aprendizado aprimorado, exclusivamente com o Brainwave III.\" \/>\n<meta name=\"robots\" content=\"index, follow, max-snippet:-1, max-image-preview:large, max-video-preview:-1\" \/>\n<link rel=\"canonical\" href=\"https:\/\/alphalearning.com\/pt\/brainwave\/eeg-neurofeedback\/\" \/>\n<meta property=\"og:locale\" content=\"pt_PT\" \/>\n<meta property=\"og:type\" content=\"article\" \/>\n<meta property=\"og:title\" content=\"Brainwave III: Equipamento EEG &amp; Neurofeedback Avan\u00e7ado\" \/>\n<meta property=\"og:description\" content=\"Experimente tecnologia avan\u00e7ada de EEG e neurofeedback para an\u00e1lise precisa das frequ\u00eancias cerebrais e aprendizado aprimorado, exclusivamente com o Brainwave III.\" \/>\n<meta property=\"og:url\" content=\"https:\/\/alphalearning.com\/pt\/brainwave\/eeg-neurofeedback\/\" \/>\n<meta property=\"og:site_name\" content=\"Alphalearning International\" \/>\n<meta property=\"article:modified_time\" content=\"2025-01-30T06:20:53+00:00\" \/>\n<meta property=\"og:image\" content=\"https:\/\/alphalearning.com\/wp-content\/uploads\/2024\/03\/screenset2-1024x508.jpg\" \/>\n<meta name=\"twitter:card\" content=\"summary_large_image\" \/>\n<meta name=\"twitter:label1\" content=\"Est. reading time\" \/>\n\t<meta name=\"twitter:data1\" content=\"2 minutes\" \/>\n<!-- \/ Yoast SEO plugin. -->","yoast_head_json":{"title":"Brainwave III: Equipamento EEG & Neurofeedback Avan\u00e7ado","description":"Experimente tecnologia avan\u00e7ada de EEG e neurofeedback para an\u00e1lise precisa das frequ\u00eancias cerebrais e aprendizado aprimorado, exclusivamente com o Brainwave III.","robots":{"index":"index","follow":"follow","max-snippet":"max-snippet:-1","max-image-preview":"max-image-preview:large","max-video-preview":"max-video-preview:-1"},"canonical":"https:\/\/alphalearning.com\/pt\/brainwave\/eeg-neurofeedback\/","og_locale":"pt_PT","og_type":"article","og_title":"Brainwave III: Equipamento EEG & Neurofeedback Avan\u00e7ado","og_description":"Experimente tecnologia avan\u00e7ada de EEG e neurofeedback para an\u00e1lise precisa das frequ\u00eancias cerebrais e aprendizado aprimorado, exclusivamente com o Brainwave III.","og_url":"https:\/\/alphalearning.com\/pt\/brainwave\/eeg-neurofeedback\/","og_site_name":"Alphalearning International","article_modified_time":"2025-01-30T06:20:53+00:00","og_image":[{"url":"https:\/\/alphalearning.com\/wp-content\/uploads\/2024\/03\/screenset2-1024x508.jpg","type":"","width":"","height":""}],"twitter_card":"summary_large_image","twitter_misc":{"Est. reading time":"2 minutes"},"schema":{"@context":"https:\/\/schema.org","@graph":[{"@type":"WebPage","@id":"https:\/\/alphalearning.com\/pt\/brainwave\/eeg-neurofeedback\/","url":"https:\/\/alphalearning.com\/pt\/brainwave\/eeg-neurofeedback\/","name":"Brainwave III: Equipamento EEG & Neurofeedback Avan\u00e7ado","isPartOf":{"@id":"https:\/\/alphalearning.com\/pt\/#website"},"primaryImageOfPage":{"@id":"https:\/\/alphalearning.com\/pt\/brainwave\/eeg-neurofeedback\/#primaryimage"},"image":{"@id":"https:\/\/alphalearning.com\/pt\/brainwave\/eeg-neurofeedback\/#primaryimage"},"thumbnailUrl":"https:\/\/alphalearning.com\/wp-content\/uploads\/2024\/03\/screenset2-1024x508.jpg","datePublished":"2024-03-27T16:22:21+00:00","dateModified":"2025-01-30T06:20:53+00:00","description":"Experimente tecnologia avan\u00e7ada de EEG e neurofeedback para an\u00e1lise precisa das frequ\u00eancias cerebrais e aprendizado aprimorado, exclusivamente com o Brainwave III.","breadcrumb":{"@id":"https:\/\/alphalearning.com\/pt\/brainwave\/eeg-neurofeedback\/#breadcrumb"},"inLanguage":"pt","potentialAction":[{"@type":"ReadAction","target":["https:\/\/alphalearning.com\/pt\/brainwave\/eeg-neurofeedback\/"]}]},{"@type":"ImageObject","inLanguage":"pt","@id":"https:\/\/alphalearning.com\/pt\/brainwave\/eeg-neurofeedback\/#primaryimage","url":"https:\/\/alphalearning.com\/wp-content\/uploads\/2024\/03\/screenset2-1024x508.jpg","contentUrl":"https:\/\/alphalearning.com\/wp-content\/uploads\/2024\/03\/screenset2-1024x508.jpg"},{"@type":"BreadcrumbList","@id":"https:\/\/alphalearning.com\/pt\/brainwave\/eeg-neurofeedback\/#breadcrumb","itemListElement":[{"@type":"ListItem","position":1,"name":"Home","item":"https:\/\/alphalearning.com\/pt\/"},{"@type":"ListItem","position":2,"name":"Sistema Brainwave III","item":"https:\/\/alphalearning.com\/pt\/brainwave\/"},{"@type":"ListItem","position":3,"name":"Dispositivo de EEG e Neurofeedback"}]},{"@type":"WebSite","@id":"https:\/\/alphalearning.com\/pt\/#website","url":"https:\/\/alphalearning.com\/pt\/","name":"Alphalearning International","description":"the brain training institute","publisher":{"@id":"https:\/\/alphalearning.com\/pt\/#organization"},"potentialAction":[{"@type":"SearchAction","target":{"@type":"EntryPoint","urlTemplate":"https:\/\/alphalearning.com\/pt\/?s={search_term_string}"},"query-input":{"@type":"PropertyValueSpecification","valueRequired":true,"valueName":"search_term_string"}}],"inLanguage":"pt"},{"@type":"Organization","@id":"https:\/\/alphalearning.com\/pt\/#organization","name":"Alphalearning International","url":"https:\/\/alphalearning.com\/pt\/","logo":{"@type":"ImageObject","inLanguage":"pt","@id":"https:\/\/alphalearning.com\/pt\/#\/schema\/logo\/image\/","url":"https:\/\/alphalearning.com\/wp-content\/uploads\/2024\/03\/alphalearning_ico2_512px.png","contentUrl":"https:\/\/alphalearning.com\/wp-content\/uploads\/2024\/03\/alphalearning_ico2_512px.png","width":512,"height":512,"caption":"Alphalearning International"},"image":{"@id":"https:\/\/alphalearning.com\/pt\/#\/schema\/logo\/image\/"}}]}},"uagb_featured_image_src":{"full":false,"thumbnail":false,"medium":false,"medium_large":false,"large":false,"1536x1536":false,"2048x2048":false,"gform-image-choice-sm":false,"gform-image-choice-md":false,"gform-image-choice-lg":false},"uagb_author_info":{"display_name":"Julio Machado","author_link":"https:\/\/alphalearning.com\/pt\/author\/julio-machado\/"},"uagb_comment_info":0,"uagb_excerpt":"Brainwave III \u2013 Equipamento de Eletroencefalografia e Neurofeedback Como parte integrante do Sistema Brainwave III, nosso dispositivo Brainwave III EEG, [&hellip;]","_links":{"self":[{"href":"https:\/\/alphalearning.com\/pt\/wp-json\/wp\/v2\/pages\/13462","targetHints":{"allow":["GET"]}}],"collection":[{"href":"https:\/\/alphalearning.com\/pt\/wp-json\/wp\/v2\/pages"}],"about":[{"href":"https:\/\/alphalearning.com\/pt\/wp-json\/wp\/v2\/types\/page"}],"author":[{"embeddable":true,"href":"https:\/\/alphalearning.com\/pt\/wp-json\/wp\/v2\/users\/2"}],"replies":[{"embeddable":true,"href":"https:\/\/alphalearning.com\/pt\/wp-json\/wp\/v2\/comments?post=13462"}],"version-history":[{"count":5,"href":"https:\/\/alphalearning.com\/pt\/wp-json\/wp\/v2\/pages\/13462\/revisions"}],"predecessor-version":[{"id":14649,"href":"https:\/\/alphalearning.com\/pt\/wp-json\/wp\/v2\/pages\/13462\/revisions\/14649"}],"up":[{"embeddable":true,"href":"https:\/\/alphalearning.com\/pt\/wp-json\/wp\/v2\/pages\/13425"}],"wp:attachment":[{"href":"https:\/\/alphalearning.com\/pt\/wp-json\/wp\/v2\/media?parent=13462"}],"curies":[{"name":"wp","href":"https:\/\/api.w.org\/{rel}","templated":true}]}}