{"id":13425,"date":"2024-03-27T16:21:50","date_gmt":"2024-03-27T16:21:50","guid":{"rendered":"https:\/\/alphalearning.com\/brainwave\/"},"modified":"2025-04-26T12:10:32","modified_gmt":"2025-04-26T11:10:32","slug":"brainwave","status":"publish","type":"page","link":"https:\/\/alphalearning.com\/pt\/brainwave\/","title":{"rendered":"Sistema Brainwave III"},"content":{"rendered":"\n<div class=\"wp-block-uagb-advanced-heading uagb-block-7dcebca1\"><h1 class=\"uagb-heading-text\">Sistema Brainwave III<\/h1><\/div>\n\n\n\n<p>O <strong>Brainwave III<\/strong> \u00e9 a evolu\u00e7\u00e3o de um sistema que revoluciona a forma de alcan\u00e7ar o potencial humano. Ele \u00e9 composto por um <a href=\"https:\/\/alphalearning.com\/brainwave\/optical-acoustical-neuron-synergizer\/\">Sinergizador Neuronal \u00d3ptico-Ac\u00fastico<\/a> e um <a href=\"https:\/\/alphalearning.com\/brainwave\/neurofeedback-eeg\/\">dispositivo de Eletroencefalografia e Neurofeedback<\/a>, cada um com seus respectivos softwares.<\/p>\n\n\n\n<div class=\"wp-block-uagb-advanced-heading uagb-block-e0fdadb9\"><h2 class=\"uagb-heading-text\">Sinergizador Neuronal \u00d3ptico-Ac\u00fastico<\/h2><\/div>\n\n\n\n<div class=\"wp-block-uagb-container uagb-block-0dfde346 alignfull uagb-is-root-container\"><div class=\"uagb-container-inner-blocks-wrap\">\n<div class=\"wp-block-uagb-container uagb-block-8dda67ee\">\n<figure class=\"wp-block-image size-full is-resized\"><a href=\"https:\/\/alphalearning.com\/pt\/brainwave\/dispositivo-optico-acustico\/\"><img loading=\"lazy\" decoding=\"async\" width=\"2560\" height=\"1440\" src=\"https:\/\/alphalearning.com\/wp-content\/uploads\/2024\/03\/brainwave-iii-1-scaled.jpg\" alt=\"\" class=\"wp-image-339\" style=\"width:274px;height:auto\" srcset=\"https:\/\/alphalearning.com\/wp-content\/uploads\/2024\/03\/brainwave-iii-1-scaled.jpg 2560w, https:\/\/alphalearning.com\/wp-content\/uploads\/2024\/03\/brainwave-iii-1-300x169.jpg 300w, https:\/\/alphalearning.com\/wp-content\/uploads\/2024\/03\/brainwave-iii-1-1024x576.jpg 1024w, https:\/\/alphalearning.com\/wp-content\/uploads\/2024\/03\/brainwave-iii-1-768x432.jpg 768w, https:\/\/alphalearning.com\/wp-content\/uploads\/2024\/03\/brainwave-iii-1-1536x864.jpg 1536w, https:\/\/alphalearning.com\/wp-content\/uploads\/2024\/03\/brainwave-iii-1-2048x1152.jpg 2048w\" sizes=\"auto, (max-width: 2560px) 100vw, 2560px\" \/><\/a><\/figure>\n<\/div>\n\n\n\n<div class=\"wp-block-uagb-container uagb-block-2787823e\">\n<p>O <a href=\"https:\/\/alphalearning.com\/brainwave\/optical-acoustical-neuron-synergizer\/\">Sinergizador Neuronal \u00d3ptico-Ac\u00fastico<\/a> conta com 32 LEDs para maximizar o efeito com pot\u00eancia m\u00ednima, garantindo total seguran\u00e7a para os olhos. Os ciclos por segundo (Hertz) s\u00e3o controlados por computador, assegurando a precis\u00e3o necess\u00e1ria para o treinamento e a seguran\u00e7a do cliente. Eles s\u00e3o totalmente ajust\u00e1veis para proporcionar conforto e efici\u00eancia. <\/p>\n\n\n\n<p>O software permite visualizar a tela ao longo de todo o processo de treinamento. Possui menus para controle de intensidade, modelagem de som, equil\u00edbrio entre os lados esquerdo e direito e diversos outros recursos para atender melhor \u00e0s necessidades de cada cliente.<\/p>\n\n\n\n<p>Em 2019\/2020, o Alphalearning desenvolveu um computador altamente especializado para operar o Sinergizador Neuronal \u00d3ptico-Ac\u00fastico. Ele \u00e9 totalmente compat\u00edvel com todas as luzes do Instituto Alphalearning produzidas nos \u00faltimos 30 anos. \u00c9 mais f\u00e1cil de transportar do que os notebooks IBM ThinkPad convencionais e conta com uma tela sens\u00edvel ao toque de 7\u2033. Todos os recursos do software Lotus est\u00e3o dispon\u00edveis, al\u00e9m de novas possibilidades que foram adicionadas.<\/p>\n<\/div>\n<\/div><\/div>\n\n\n\n<div class=\"wp-block-uagb-advanced-heading uagb-block-fef35267\"><h2 class=\"uagb-heading-text\">Eletroencefal\u00f3grafo e Equipamento de Neurofeedback<\/h2><\/div>\n\n\n\n<div class=\"wp-block-uagb-container uagb-block-5bcadbd1 alignfull uagb-is-root-container\"><div class=\"uagb-container-inner-blocks-wrap\">\n<div class=\"wp-block-uagb-container uagb-block-ddd32c49\">\n<div class=\"wp-block-uagb-image uagb-block-c488e743 wp-block-uagb-image--layout-default wp-block-uagb-image--effect-static wp-block-uagb-image--align-none\"><figure class=\"wp-block-uagb-image__figure\"><a class=\"\" href=\"https:\/\/alphalearning.com\/pt\/brainwave\/eeg-neurofeedback\/\" target=\"\" rel=\"noopener\"><img decoding=\"async\" srcset=\"https:\/\/alphalearning.com\/wp-content\/uploads\/2024\/03\/screenset2-1024x508.jpg ,https:\/\/alphalearning.com\/wp-content\/uploads\/2024\/03\/screenset2.jpg 780w, https:\/\/alphalearning.com\/wp-content\/uploads\/2024\/03\/screenset2.jpg 360w\" sizes=\"auto, (max-width: 480px) 150px\" src=\"https:\/\/alphalearning.com\/wp-content\/uploads\/2024\/03\/screenset2-1024x508.jpg\" alt=\"\" class=\"uag-image-347\" width=\"1855\" height=\"921\" title=\"\" loading=\"lazy\" role=\"img\"\/><\/a><\/figure><\/div>\n<\/div>\n\n\n\n<div class=\"wp-block-uagb-container uagb-block-735208f1\">\n<p>No final de 2020, o Alphalearning iniciou uma jornada pioneira para revolucionar nossa capacidade de an\u00e1lise de EEG e neurofeedback. Ap\u00f3s mais de dois anos de intensa pesquisa e desenvolvimento, temos o orgulho de apresentar nossa mais recente adi\u00e7\u00e3o: o Brainwave III \u2013 Eletroencefal\u00f3grafo e Equipamento de Neurofeedback, ou simplesmente, <a href=\"https:\/\/alphalearning.com\/brainwave\/neurofeedback-eeg\/\">Brainwave III EEG<\/a>.<\/p>\n\n\n\n<p>Projetado com meticulosa precis\u00e3o, o Brainwave III \u00e9 capaz de registrar EEGs em tempo real com extraordin\u00e1ria exatid\u00e3o. Essa tecnologia de ponta elimina qualquer poss\u00edvel atraso, garantindo respostas imediatas e precisas, aprimorando assim a experi\u00eancia do usu\u00e1rio.<\/p>\n<\/div>\n<\/div><\/div>\n\n\n\n<p>Nosso novo sistema mant\u00e9m o objetivo central do Sistema Brainwave \u2013 orientar o c\u00e9rebro a aprender com o comportamento de pessoas de alto desempenho em diversas \u00e1reas, como arte, esporte, acad\u00eamica, ci\u00eancia e neg\u00f3cios. O Sistema Brainwave III eleva ainda mais esse prop\u00f3sito ao oferecer um n\u00edvel de precis\u00e3o e funcionalidade sem precedentes.<\/p>\n\n\n\n<p>O que diferencia o Brainwave III EEG s\u00e3o seus recursos exclusivos de p\u00f3s-an\u00e1lise. Desenvolvidas sob medida em conjunto com o Alphalearning, essas funcionalidades permitem uma revis\u00e3o detalhada das sess\u00f5es de EEG gravadas, oferecendo insights mais profundos sobre o desempenho cerebral. Essa ferramenta de p\u00f3s-an\u00e1lise, exclusiva do Sistema Alphalearning, garante que nossos usu\u00e1rios recebam um servi\u00e7o n\u00e3o apenas \u00fanico, mas tamb\u00e9m superior em suas capacidades.<\/p>\n\n\n\n<p>Convidamos voc\u00ea a explorar os links abaixo para conhecer em detalhes como o Sistema Brainwave III foi idealizado, como funciona na pr\u00e1tica e como pode aprimorar sua jornada de aprendizado com o Alphalearning. Experimente a pr\u00f3xima gera\u00e7\u00e3o de treinamento cerebral, an\u00e1lise de EEG e Neurofeedback com o Sistema Brainwave III.<\/p>\n\n\n\n<p class=\"has-text-align-right\"><a href=\"https:\/\/alphalearning.com\/brainwave\/optical-acoustical-neuron-synergizer\/\">Sinergizador Neuronal \u00d3ptico-Ac\u00fastico<\/a><br><a href=\"https:\/\/alphalearning.com\/brainwave\/neurofeedback-eeg\/\">Eletroencefal\u00f3grafo e Equipamento de Neurofeedback<\/a><br><a href=\"https:\/\/alphalearning.com\/brainwave\/introduction-to-brainwave-system\/\">Introdu\u00e7\u00e3o ao Sistema Brainwave<\/a><\/p>\n","protected":false},"excerpt":{"rendered":"<p>Sistema Brainwave III O Brainwave III \u00e9 a evolu\u00e7\u00e3o de um sistema que revoluciona a forma de alcan\u00e7ar o potencial [&hellip;]<\/p>\n","protected":false},"author":2,"featured_media":0,"parent":0,"menu_order":400,"comment_status":"closed","ping_status":"closed","template":"","meta":{"_uag_custom_page_level_css":"","site-sidebar-layout":"default","site-content-layout":"","ast-site-content-layout":"default","site-content-style":"default","site-sidebar-style":"default","ast-global-header-display":"","ast-banner-title-visibility":"","ast-main-header-display":"","ast-hfb-above-header-display":"","ast-hfb-below-header-display":"","ast-hfb-mobile-header-display":"","site-post-title":"disabled","ast-breadcrumbs-content":"","ast-featured-img":"","footer-sml-layout":"","ast-disable-related-posts":"","theme-transparent-header-meta":"","adv-header-id-meta":"","stick-header-meta":"","header-above-stick-meta":"","header-main-stick-meta":"","header-below-stick-meta":"","astra-migrate-meta-layouts":"default","ast-page-background-enabled":"default","ast-page-background-meta":{"desktop":{"background-color":"var(--ast-global-color-4)","background-image":"","background-repeat":"repeat","background-position":"center center","background-size":"auto","background-attachment":"scroll","background-type":"","background-media":"","overlay-type":"","overlay-color":"","overlay-opacity":"","overlay-gradient":""},"tablet":{"background-color":"","background-image":"","background-repeat":"repeat","background-position":"center center","background-size":"auto","background-attachment":"scroll","background-type":"","background-media":"","overlay-type":"","overlay-color":"","overlay-opacity":"","overlay-gradient":""},"mobile":{"background-color":"","background-image":"","background-repeat":"repeat","background-position":"center center","background-size":"auto","background-attachment":"scroll","background-type":"","background-media":"","overlay-type":"","overlay-color":"","overlay-opacity":"","overlay-gradient":""}},"ast-content-background-meta":{"desktop":{"background-color":"var(--ast-global-color-5)","background-image":"","background-repeat":"repeat","background-position":"center center","background-size":"auto","background-attachment":"scroll","background-type":"","background-media":"","overlay-type":"","overlay-color":"","overlay-opacity":"","overlay-gradient":""},"tablet":{"background-color":"var(--ast-global-color-5)","background-image":"","background-repeat":"repeat","background-position":"center center","background-size":"auto","background-attachment":"scroll","background-type":"","background-media":"","overlay-type":"","overlay-color":"","overlay-opacity":"","overlay-gradient":""},"mobile":{"background-color":"var(--ast-global-color-5)","background-image":"","background-repeat":"repeat","background-position":"center center","background-size":"auto","background-attachment":"scroll","background-type":"","background-media":"","overlay-type":"","overlay-color":"","overlay-opacity":"","overlay-gradient":""}},"footnotes":""},"class_list":["post-13425","page","type-page","status-publish","hentry"],"yoast_head":"<!-- This site is optimized with the Yoast SEO plugin v27.1.1 - https:\/\/yoast.com\/product\/yoast-seo-wordpress\/ -->\n<title>Brainwave III: Tecnologia \u00d3ptico-Ac\u00fastica e Neurofeedback<\/title>\n<meta name=\"description\" content=\"O Brainwave III une um Sinergizador Neuronal \u00d3ptico-Ac\u00fastico ao EEG de Neurofeedback para aprimorar o desempenho cerebral.\" \/>\n<meta name=\"robots\" content=\"index, follow, max-snippet:-1, max-image-preview:large, max-video-preview:-1\" \/>\n<link rel=\"canonical\" href=\"https:\/\/alphalearning.com\/pt\/brainwave\/\" \/>\n<meta property=\"og:locale\" content=\"pt_PT\" \/>\n<meta property=\"og:type\" content=\"article\" \/>\n<meta property=\"og:title\" content=\"Brainwave III: Tecnologia \u00d3ptico-Ac\u00fastica e Neurofeedback\" \/>\n<meta property=\"og:description\" content=\"O Brainwave III une um Sinergizador Neuronal \u00d3ptico-Ac\u00fastico ao EEG de Neurofeedback para aprimorar o desempenho cerebral.\" \/>\n<meta property=\"og:url\" content=\"https:\/\/alphalearning.com\/pt\/brainwave\/\" \/>\n<meta property=\"og:site_name\" content=\"Alphalearning International\" \/>\n<meta property=\"article:modified_time\" content=\"2025-04-26T11:10:32+00:00\" \/>\n<meta property=\"og:image\" content=\"https:\/\/alphalearning.com\/wp-content\/uploads\/2024\/03\/brainwave-iii-1-scaled.jpg\" \/>\n\t<meta property=\"og:image:width\" content=\"2560\" \/>\n\t<meta property=\"og:image:height\" content=\"1440\" \/>\n\t<meta property=\"og:image:type\" content=\"image\/jpeg\" \/>\n<meta name=\"twitter:card\" content=\"summary_large_image\" \/>\n<meta name=\"twitter:label1\" content=\"Est. reading time\" \/>\n\t<meta name=\"twitter:data1\" content=\"3 minutes\" \/>\n<!-- \/ Yoast SEO plugin. -->","yoast_head_json":{"title":"Brainwave III: Tecnologia \u00d3ptico-Ac\u00fastica e Neurofeedback","description":"O Brainwave III une um Sinergizador Neuronal \u00d3ptico-Ac\u00fastico ao EEG de Neurofeedback para aprimorar o desempenho cerebral.","robots":{"index":"index","follow":"follow","max-snippet":"max-snippet:-1","max-image-preview":"max-image-preview:large","max-video-preview":"max-video-preview:-1"},"canonical":"https:\/\/alphalearning.com\/pt\/brainwave\/","og_locale":"pt_PT","og_type":"article","og_title":"Brainwave III: Tecnologia \u00d3ptico-Ac\u00fastica e Neurofeedback","og_description":"O Brainwave III une um Sinergizador Neuronal \u00d3ptico-Ac\u00fastico ao EEG de Neurofeedback para aprimorar o desempenho cerebral.","og_url":"https:\/\/alphalearning.com\/pt\/brainwave\/","og_site_name":"Alphalearning International","article_modified_time":"2025-04-26T11:10:32+00:00","og_image":[{"width":2560,"height":1440,"url":"https:\/\/alphalearning.com\/wp-content\/uploads\/2024\/03\/brainwave-iii-1-scaled.jpg","type":"image\/jpeg"}],"twitter_card":"summary_large_image","twitter_misc":{"Est. reading time":"3 minutes"},"schema":{"@context":"https:\/\/schema.org","@graph":[{"@type":"WebPage","@id":"https:\/\/alphalearning.com\/pt\/brainwave\/","url":"https:\/\/alphalearning.com\/pt\/brainwave\/","name":"Brainwave III: Tecnologia \u00d3ptico-Ac\u00fastica e Neurofeedback","isPartOf":{"@id":"https:\/\/alphalearning.com\/pt\/#website"},"primaryImageOfPage":{"@id":"https:\/\/alphalearning.com\/pt\/brainwave\/#primaryimage"},"image":{"@id":"https:\/\/alphalearning.com\/pt\/brainwave\/#primaryimage"},"thumbnailUrl":"https:\/\/alphalearning.com\/wp-content\/uploads\/2024\/03\/brainwave-iii-1-scaled.jpg","datePublished":"2024-03-27T16:21:50+00:00","dateModified":"2025-04-26T11:10:32+00:00","description":"O Brainwave III une um Sinergizador Neuronal \u00d3ptico-Ac\u00fastico ao EEG de Neurofeedback para aprimorar o desempenho cerebral.","breadcrumb":{"@id":"https:\/\/alphalearning.com\/pt\/brainwave\/#breadcrumb"},"inLanguage":"pt","potentialAction":[{"@type":"ReadAction","target":["https:\/\/alphalearning.com\/pt\/brainwave\/"]}]},{"@type":"ImageObject","inLanguage":"pt","@id":"https:\/\/alphalearning.com\/pt\/brainwave\/#primaryimage","url":"https:\/\/alphalearning.com\/wp-content\/uploads\/2024\/03\/brainwave-iii-1-scaled.jpg","contentUrl":"https:\/\/alphalearning.com\/wp-content\/uploads\/2024\/03\/brainwave-iii-1-scaled.jpg"},{"@type":"BreadcrumbList","@id":"https:\/\/alphalearning.com\/pt\/brainwave\/#breadcrumb","itemListElement":[{"@type":"ListItem","position":1,"name":"Home","item":"https:\/\/alphalearning.com\/pt\/"},{"@type":"ListItem","position":2,"name":"Sistema Brainwave III"}]},{"@type":"WebSite","@id":"https:\/\/alphalearning.com\/pt\/#website","url":"https:\/\/alphalearning.com\/pt\/","name":"Alphalearning International","description":"the brain training institute","publisher":{"@id":"https:\/\/alphalearning.com\/pt\/#organization"},"potentialAction":[{"@type":"SearchAction","target":{"@type":"EntryPoint","urlTemplate":"https:\/\/alphalearning.com\/pt\/?s={search_term_string}"},"query-input":{"@type":"PropertyValueSpecification","valueRequired":true,"valueName":"search_term_string"}}],"inLanguage":"pt"},{"@type":"Organization","@id":"https:\/\/alphalearning.com\/pt\/#organization","name":"Alphalearning International","url":"https:\/\/alphalearning.com\/pt\/","logo":{"@type":"ImageObject","inLanguage":"pt","@id":"https:\/\/alphalearning.com\/pt\/#\/schema\/logo\/image\/","url":"https:\/\/alphalearning.com\/wp-content\/uploads\/2024\/03\/alphalearning_ico2_512px.png","contentUrl":"https:\/\/alphalearning.com\/wp-content\/uploads\/2024\/03\/alphalearning_ico2_512px.png","width":512,"height":512,"caption":"Alphalearning International"},"image":{"@id":"https:\/\/alphalearning.com\/pt\/#\/schema\/logo\/image\/"}}]}},"uagb_featured_image_src":{"full":false,"thumbnail":false,"medium":false,"medium_large":false,"large":false,"1536x1536":false,"2048x2048":false,"gform-image-choice-sm":false,"gform-image-choice-md":false,"gform-image-choice-lg":false},"uagb_author_info":{"display_name":"Julio Machado","author_link":"https:\/\/alphalearning.com\/pt\/author\/julio-machado\/"},"uagb_comment_info":0,"uagb_excerpt":"Sistema Brainwave III O Brainwave III \u00e9 a evolu\u00e7\u00e3o de um sistema que revoluciona a forma de alcan\u00e7ar o potencial [&hellip;]","_links":{"self":[{"href":"https:\/\/alphalearning.com\/pt\/wp-json\/wp\/v2\/pages\/13425","targetHints":{"allow":["GET"]}}],"collection":[{"href":"https:\/\/alphalearning.com\/pt\/wp-json\/wp\/v2\/pages"}],"about":[{"href":"https:\/\/alphalearning.com\/pt\/wp-json\/wp\/v2\/types\/page"}],"author":[{"embeddable":true,"href":"https:\/\/alphalearning.com\/pt\/wp-json\/wp\/v2\/users\/2"}],"replies":[{"embeddable":true,"href":"https:\/\/alphalearning.com\/pt\/wp-json\/wp\/v2\/comments?post=13425"}],"version-history":[{"count":3,"href":"https:\/\/alphalearning.com\/pt\/wp-json\/wp\/v2\/pages\/13425\/revisions"}],"predecessor-version":[{"id":16119,"href":"https:\/\/alphalearning.com\/pt\/wp-json\/wp\/v2\/pages\/13425\/revisions\/16119"}],"wp:attachment":[{"href":"https:\/\/alphalearning.com\/pt\/wp-json\/wp\/v2\/media?parent=13425"}],"curies":[{"name":"wp","href":"https:\/\/api.w.org\/{rel}","templated":true}]}}