{"id":13405,"date":"2024-03-27T16:39:38","date_gmt":"2024-03-27T16:39:38","guid":{"rendered":"https:\/\/alphalearning.com\/neurofeedback-athletics-and-sports\/"},"modified":"2025-01-30T07:55:05","modified_gmt":"2025-01-30T07:55:05","slug":"neurofeedback-para-atletas-desportistas","status":"publish","type":"page","link":"https:\/\/alphalearning.com\/pt\/neurofeedback-para-atletas-desportistas\/","title":{"rendered":"Neurofeedback Para Atletas e Desportistas"},"content":{"rendered":"\n<div class=\"wp-block-uagb-advanced-heading uagb-block-04748237\"><h1 class=\"uagb-heading-text\">Neurofeedback em Atletismo e Esportes<\/h1><\/div>\n\n\n\n<div class=\"wp-block-uagb-container uagb-block-711c43af alignfull uagb-is-root-container\"><div class=\"uagb-container-inner-blocks-wrap\">\n<p><em>Londres, 24 de outubro de 2000:<\/em><\/p>\n\n\n\n<p><strong>O primeiro medalhista de ouro ol\u00edmpico a admitir o uso do equipamento de treinamento cerebral do Instituto Alphalearning.<\/strong><\/p>\n\n\n\n<p><a href=\"https:\/\/en.wikipedia.org\/wiki\/Richard_Faulds\" target=\"_blank\" rel=\"noreferrer noopener\">Richard Faulds<\/a> diz: <em>\u201cAlphalearning ajudou a fazer a diferen\u00e7a vital entre a medalha de ouro e a de prata em Sydney. A capacidade de focar, concentrar e manter a calma sob press\u00e3o \u2013 chaves para o desempenho.\u201d<\/em> Algumas semanas antes de Sydney, Richard Faulds teve seu c\u00e9rebro treinado eletronicamente para alternar instantaneamente entre excita\u00e7\u00e3o, concentra\u00e7\u00e3o e relaxamento. Funcionou? Ele afirma: <em>\u201cA tecnologia de ondas cerebrais \u00e9 o futuro dos esportes competitivos.\u201d<\/em><\/p>\n\n\n\n<p>Por que um atleta de n\u00edvel mundial arriscaria seu c\u00e9rebro com um equipamento eletr\u00f4nico apenas algumas semanas antes das Olimp\u00edadas? Estresse \u2013 o tormento dos esportes de precis\u00e3o, um tiro ruim = estresse = mais tiros ruins. Com o controle das frequ\u00eancias cerebrais, \u00e9 poss\u00edvel controlar o estresse e \u201creconfigurar\u201d o c\u00e9rebro entre cada disparo. Seja com espingarda, rifle, taco de golfe ou raquete de t\u00eanis, o denominador comum \u00e9 a capacidade de se recuperar, descansar e se concentrar muito rapidamente entre cada a\u00e7\u00e3o.<\/p>\n\n\n\n<p>O Brainwave I \u00e9 uma combina\u00e7\u00e3o de um sofisticado biofeedback de EEG, que registra a condi\u00e7\u00e3o e as mudan\u00e7as instant\u00e2neas no c\u00e9rebro, e de um estimulador neuronal \u00f3ptico-ac\u00fastico que sincroniza a frequ\u00eancia de disparo dos 300 bilh\u00f5es de neur\u00f4nios do c\u00e9rebro e, ao mesmo tempo, equilibra os hemisf\u00e9rios esquerdo e direito.<\/p>\n\n\n\n<p>O equipamento tem sido amplamente usado para conquistas intelectuais e agora est\u00e1 entrando no universo esportivo e de treinamento f\u00edsico em alto n\u00edvel.<\/p>\n\n\n\n<p><a href=\"https:\/\/pt.wikipedia.org\/wiki\/Dominic_O%27Brien\" target=\"_blank\" rel=\"noreferrer noopener\">Dominic O\u2019Brien<\/a> \u2013 campe\u00e3o mundial de mem\u00f3ria (7 vezes e atual) \u2013 declara: <em>\u201cUso o Brainwave I h\u00e1 3 anos e continuo batendo meus pr\u00f3prios recordes.\u201d<\/em><\/p>\n\n\n\n<p><a href=\"https:\/\/alphalearning.com\/pt\/comentarios-de-clientes-alphalearning\/atletas\/jan-verfaellie\/\">Jan Verfaellie<\/a> \u2013 campe\u00e3o j\u00fanior de golfe da B\u00e9lgica \u2013 comenta: <em>\u201cCom o treinamento do Brainwave I, consigo jogar 20 horas de golfe em 15 minutos \u2013 na minha cabe\u00e7a \u2013 perfeitamente.\u201d<\/em><\/p>\n\n\n\n<p><a href=\"https:\/\/alphalearning.com\/pt\/comentarios-de-clientes-alphalearning\/atletas\/paul-verfaellie\/\">Paul Verfaellie<\/a>&nbsp;\u2013 Alphalearning melhora o meu resultado e, a melhor parte, \u00e9 que faz o meu golf mais divertido!<\/p>\n\n\n\n<p>Outras aplica\u00e7\u00f5es ocorreram na F\u00f3rmula 1, com <a href=\"https:\/\/pt.wikipedia.org\/wiki\/David_Coulthard\">David <\/a><a href=\"https:\/\/pt.wikipedia.org\/wiki\/David_Coulthard\" target=\"_blank\" rel=\"noreferrer noopener\">Coulthard<\/a>; em corridas de bal\u00e3o, com <a href=\"https:\/\/en.wikipedia.org\/wiki\/Richard_Branson\" target=\"_blank\" rel=\"noreferrer noopener\">Sir <\/a><a href=\"https:\/\/en.wikipedia.org\/wiki\/Richard_Branson\">Richard Branson<\/a>; e para pilotos de jato.<\/p>\n\n\n\n<p>Henry Hopking, o principal treinador esportivo do Instituto Alphalearning, recentemente tamb\u00e9m treinou o atirador de skeet Ben Brunton, que afirma: <em>\u201cO Alphalearning me ensinou a focar e me concentrar sob press\u00e3o. Sem d\u00favida, isso me ajudou a <strong>me tornar o mais jovem campe\u00e3o mundial FITASC da hist\u00f3ria.<\/strong>\u201d<\/em><\/p>\n\n\n\n<p><strong>Curt Selestam, Oslo, Noruega<\/strong><br><em>\u201cAlpha realmente funciona para o golfe.<br>Quando me aflijo, agora tenho a habilidade de me acalmar e relaxar.\u201d<\/em><\/p>\n\n\n\n<p><strong>Bert Talhoo, Utrecht, Holanda<\/strong><br><em>\u201cO swing para o golfe funciona, Alpha me deu uma sensa\u00e7\u00e3o de alerta relaxado, sem tantos gritos internos.\u201d<\/em><\/p>\n\n\n\n<p><strong>Cris van Aeken, Londres, Inglaterra<\/strong><br><em>\u201cAntes do Alpha eu n\u00e3o podia manter meu bra\u00e7o esquerdo corretamente no swing.<br>Agora est\u00e1 perfeito. Fant\u00e1stico!\u201d<\/em><\/p>\n\n\n\n<p><strong>Doug Ewing, Louvain, B\u00e9lgica<\/strong><br><em>\u201cGanhei o primeiro pr\u00eamio no torneio de clubes uma semana ap\u00f3s o curso utilizando o sistema Alphalearning. \u2018Bola no buraco\u2019 funciona!\u201d<\/em><\/p>\n\n\n\n<p class=\"has-text-align-center\"><strong>Desempenho sob press\u00e3o \u2013 o equipamento desenvolvido para executivos que lidam com alta press\u00e3o agora tamb\u00e9m faz parte do mundo dos esportes.<\/strong><\/p>\n<\/div><\/div>\n","protected":false},"excerpt":{"rendered":"<p>Neurofeedback em Atletismo e Esportes Londres, 24 de outubro de 2000: O primeiro medalhista de ouro ol\u00edmpico a admitir o [&hellip;]<\/p>\n","protected":false},"author":2,"featured_media":0,"parent":0,"menu_order":370,"comment_status":"closed","ping_status":"closed","template":"","meta":{"_uag_custom_page_level_css":"","site-sidebar-layout":"default","site-content-layout":"","ast-site-content-layout":"default","site-content-style":"default","site-sidebar-style":"default","ast-global-header-display":"","ast-banner-title-visibility":"","ast-main-header-display":"","ast-hfb-above-header-display":"","ast-hfb-below-header-display":"","ast-hfb-mobile-header-display":"","site-post-title":"disabled","ast-breadcrumbs-content":"","ast-featured-img":"","footer-sml-layout":"","ast-disable-related-posts":"","theme-transparent-header-meta":"","adv-header-id-meta":"","stick-header-meta":"","header-above-stick-meta":"","header-main-stick-meta":"","header-below-stick-meta":"","astra-migrate-meta-layouts":"default","ast-page-background-enabled":"default","ast-page-background-meta":{"desktop":{"background-color":"var(--ast-global-color-4)","background-image":"","background-repeat":"repeat","background-position":"center center","background-size":"auto","background-attachment":"scroll","background-type":"","background-media":"","overlay-type":"","overlay-color":"","overlay-opacity":"","overlay-gradient":""},"tablet":{"background-color":"","background-image":"","background-repeat":"repeat","background-position":"center center","background-size":"auto","background-attachment":"scroll","background-type":"","background-media":"","overlay-type":"","overlay-color":"","overlay-opacity":"","overlay-gradient":""},"mobile":{"background-color":"","background-image":"","background-repeat":"repeat","background-position":"center center","background-size":"auto","background-attachment":"scroll","background-type":"","background-media":"","overlay-type":"","overlay-color":"","overlay-opacity":"","overlay-gradient":""}},"ast-content-background-meta":{"desktop":{"background-color":"var(--ast-global-color-5)","background-image":"","background-repeat":"repeat","background-position":"center center","background-size":"auto","background-attachment":"scroll","background-type":"","background-media":"","overlay-type":"","overlay-color":"","overlay-opacity":"","overlay-gradient":""},"tablet":{"background-color":"var(--ast-global-color-5)","background-image":"","background-repeat":"repeat","background-position":"center center","background-size":"auto","background-attachment":"scroll","background-type":"","background-media":"","overlay-type":"","overlay-color":"","overlay-opacity":"","overlay-gradient":""},"mobile":{"background-color":"var(--ast-global-color-5)","background-image":"","background-repeat":"repeat","background-position":"center center","background-size":"auto","background-attachment":"scroll","background-type":"","background-media":"","overlay-type":"","overlay-color":"","overlay-opacity":"","overlay-gradient":""}},"footnotes":""},"class_list":["post-13405","page","type-page","status-publish","hentry"],"yoast_head":"<!-- This site is optimized with the Yoast SEO plugin v27.1.1 - https:\/\/yoast.com\/product\/yoast-seo-wordpress\/ -->\n<title>Neurofeedback para Desempenho Esportivo \u2013 Alphalearning<\/title>\n<meta name=\"description\" content=\"Richard Faulds usou o treinamento do Alphalearning para conquistar o ouro ol\u00edmpico. Saiba como o neurofeedback aprimora foco, calma e desempenho m\u00e1ximo.\" \/>\n<meta name=\"robots\" content=\"index, follow, max-snippet:-1, max-image-preview:large, max-video-preview:-1\" \/>\n<link rel=\"canonical\" href=\"https:\/\/alphalearning.com\/pt\/neurofeedback-para-atletas-desportistas\/\" \/>\n<meta property=\"og:locale\" content=\"pt_PT\" \/>\n<meta property=\"og:type\" content=\"article\" \/>\n<meta property=\"og:title\" content=\"Neurofeedback para Desempenho Esportivo \u2013 Alphalearning\" \/>\n<meta property=\"og:description\" content=\"Richard Faulds usou o treinamento do Alphalearning para conquistar o ouro ol\u00edmpico. Saiba como o neurofeedback aprimora foco, calma e desempenho m\u00e1ximo.\" \/>\n<meta property=\"og:url\" content=\"https:\/\/alphalearning.com\/pt\/neurofeedback-para-atletas-desportistas\/\" \/>\n<meta property=\"og:site_name\" content=\"Alphalearning International\" \/>\n<meta property=\"article:modified_time\" content=\"2025-01-30T07:55:05+00:00\" \/>\n<meta property=\"og:image\" content=\"https:\/\/alphalearning.com\/wp-content\/uploads\/2024\/04\/alphalearning-logo_red_1200x675px.png\" \/>\n\t<meta property=\"og:image:width\" content=\"1200\" \/>\n\t<meta property=\"og:image:height\" content=\"675\" \/>\n\t<meta property=\"og:image:type\" content=\"image\/png\" \/>\n<meta name=\"twitter:card\" content=\"summary_large_image\" \/>\n<meta name=\"twitter:label1\" content=\"Est. reading time\" \/>\n\t<meta name=\"twitter:data1\" content=\"3 minutes\" \/>\n<!-- \/ Yoast SEO plugin. -->","yoast_head_json":{"title":"Neurofeedback para Desempenho Esportivo \u2013 Alphalearning","description":"Richard Faulds usou o treinamento do Alphalearning para conquistar o ouro ol\u00edmpico. Saiba como o neurofeedback aprimora foco, calma e desempenho m\u00e1ximo.","robots":{"index":"index","follow":"follow","max-snippet":"max-snippet:-1","max-image-preview":"max-image-preview:large","max-video-preview":"max-video-preview:-1"},"canonical":"https:\/\/alphalearning.com\/pt\/neurofeedback-para-atletas-desportistas\/","og_locale":"pt_PT","og_type":"article","og_title":"Neurofeedback para Desempenho Esportivo \u2013 Alphalearning","og_description":"Richard Faulds usou o treinamento do Alphalearning para conquistar o ouro ol\u00edmpico. Saiba como o neurofeedback aprimora foco, calma e desempenho m\u00e1ximo.","og_url":"https:\/\/alphalearning.com\/pt\/neurofeedback-para-atletas-desportistas\/","og_site_name":"Alphalearning International","article_modified_time":"2025-01-30T07:55:05+00:00","og_image":[{"width":1200,"height":675,"url":"https:\/\/alphalearning.com\/wp-content\/uploads\/2024\/04\/alphalearning-logo_red_1200x675px.png","type":"image\/png"}],"twitter_card":"summary_large_image","twitter_misc":{"Est. reading time":"3 minutes"},"schema":{"@context":"https:\/\/schema.org","@graph":[{"@type":"WebPage","@id":"https:\/\/alphalearning.com\/pt\/neurofeedback-para-atletas-desportistas\/","url":"https:\/\/alphalearning.com\/pt\/neurofeedback-para-atletas-desportistas\/","name":"Neurofeedback para Desempenho Esportivo \u2013 Alphalearning","isPartOf":{"@id":"https:\/\/alphalearning.com\/pt\/#website"},"datePublished":"2024-03-27T16:39:38+00:00","dateModified":"2025-01-30T07:55:05+00:00","description":"Richard Faulds usou o treinamento do Alphalearning para conquistar o ouro ol\u00edmpico. Saiba como o neurofeedback aprimora foco, calma e desempenho m\u00e1ximo.","breadcrumb":{"@id":"https:\/\/alphalearning.com\/pt\/neurofeedback-para-atletas-desportistas\/#breadcrumb"},"inLanguage":"pt","potentialAction":[{"@type":"ReadAction","target":["https:\/\/alphalearning.com\/pt\/neurofeedback-para-atletas-desportistas\/"]}]},{"@type":"BreadcrumbList","@id":"https:\/\/alphalearning.com\/pt\/neurofeedback-para-atletas-desportistas\/#breadcrumb","itemListElement":[{"@type":"ListItem","position":1,"name":"Home","item":"https:\/\/alphalearning.com\/pt\/"},{"@type":"ListItem","position":2,"name":"Neurofeedback Para Atletas e Desportistas"}]},{"@type":"WebSite","@id":"https:\/\/alphalearning.com\/pt\/#website","url":"https:\/\/alphalearning.com\/pt\/","name":"Alphalearning International","description":"the brain training institute","publisher":{"@id":"https:\/\/alphalearning.com\/pt\/#organization"},"potentialAction":[{"@type":"SearchAction","target":{"@type":"EntryPoint","urlTemplate":"https:\/\/alphalearning.com\/pt\/?s={search_term_string}"},"query-input":{"@type":"PropertyValueSpecification","valueRequired":true,"valueName":"search_term_string"}}],"inLanguage":"pt"},{"@type":"Organization","@id":"https:\/\/alphalearning.com\/pt\/#organization","name":"Alphalearning International","url":"https:\/\/alphalearning.com\/pt\/","logo":{"@type":"ImageObject","inLanguage":"pt","@id":"https:\/\/alphalearning.com\/pt\/#\/schema\/logo\/image\/","url":"https:\/\/alphalearning.com\/wp-content\/uploads\/2024\/03\/alphalearning_ico2_512px.png","contentUrl":"https:\/\/alphalearning.com\/wp-content\/uploads\/2024\/03\/alphalearning_ico2_512px.png","width":512,"height":512,"caption":"Alphalearning International"},"image":{"@id":"https:\/\/alphalearning.com\/pt\/#\/schema\/logo\/image\/"}}]}},"uagb_featured_image_src":{"full":false,"thumbnail":false,"medium":false,"medium_large":false,"large":false,"1536x1536":false,"2048x2048":false,"gform-image-choice-sm":false,"gform-image-choice-md":false,"gform-image-choice-lg":false},"uagb_author_info":{"display_name":"Julio Machado","author_link":"https:\/\/alphalearning.com\/pt\/author\/julio-machado\/"},"uagb_comment_info":0,"uagb_excerpt":"Neurofeedback em Atletismo e Esportes Londres, 24 de outubro de 2000: O primeiro medalhista de ouro ol\u00edmpico a admitir o [&hellip;]","_links":{"self":[{"href":"https:\/\/alphalearning.com\/pt\/wp-json\/wp\/v2\/pages\/13405","targetHints":{"allow":["GET"]}}],"collection":[{"href":"https:\/\/alphalearning.com\/pt\/wp-json\/wp\/v2\/pages"}],"about":[{"href":"https:\/\/alphalearning.com\/pt\/wp-json\/wp\/v2\/types\/page"}],"author":[{"embeddable":true,"href":"https:\/\/alphalearning.com\/pt\/wp-json\/wp\/v2\/users\/2"}],"replies":[{"embeddable":true,"href":"https:\/\/alphalearning.com\/pt\/wp-json\/wp\/v2\/comments?post=13405"}],"version-history":[{"count":4,"href":"https:\/\/alphalearning.com\/pt\/wp-json\/wp\/v2\/pages\/13405\/revisions"}],"predecessor-version":[{"id":14667,"href":"https:\/\/alphalearning.com\/pt\/wp-json\/wp\/v2\/pages\/13405\/revisions\/14667"}],"wp:attachment":[{"href":"https:\/\/alphalearning.com\/pt\/wp-json\/wp\/v2\/media?parent=13405"}],"curies":[{"name":"wp","href":"https:\/\/api.w.org\/{rel}","templated":true}]}}