{"id":13397,"date":"2024-03-27T16:39:13","date_gmt":"2024-03-27T16:39:13","guid":{"rendered":"https:\/\/alphalearning.com\/neurofeedback-and-adhd\/"},"modified":"2025-01-30T08:14:25","modified_gmt":"2025-01-30T08:14:25","slug":"neurofeedback-e-tdah","status":"publish","type":"page","link":"https:\/\/alphalearning.com\/pt\/neurofeedback-e-tdah\/","title":{"rendered":"Neurofeedback e TDAH"},"content":{"rendered":"\n<div class=\"wp-block-uagb-advanced-heading uagb-block-96f57fb1\"><h1 class=\"uagb-heading-text\">Neurofeedback e TDAH<\/h1><\/div>\n\n\n\n<div class=\"wp-block-uagb-container uagb-block-ffc77c9d alignfull uagb-is-root-container\"><div class=\"uagb-container-inner-blocks-wrap\">\n<div class=\"wp-block-uagb-advanced-heading uagb-block-902087f5\"><h2 class=\"uagb-heading-text\">TDAH \u2013 Transtorno de D\u00e9ficit de Aten\u00e7\u00e3o e Hiperatividade<\/h2><\/div>\n\n\n\n<p>Para saber mais sobre este assunto, gostar\u00edamos de convid\u00e1-lo(a) a ler a carta de um cliente que enfrentou essa situa\u00e7\u00e3o no passado.<\/p>\n\n\n\n<p><strong>Dr. H. J. H. Richards \u2013 Espanha<\/strong><\/p>\n\n\n\n<p>Ao Alphalearning,<\/p>\n\n\n\n<p>Durante uma visita \u00e0 minha filha em Hong Kong, fiquei impressionado com uma reportagem em <a href=\"https:\/\/alphalearning.com\/pt\/imprensa-internacional\/sunday-morning-post\/\">uma revista de jornal de domingo<\/a> que descrevia as pesquisas e os resultados por tr\u00e1s do sucesso do Instituto Alphalearning.<\/p>\n\n\n\n<p>Minha esposa e eu ingressamos no Curso Saber Aprender, na esperan\u00e7a de descobrir como poder\u00edamos ajudar nossos dois netos, de 18 e 15 anos.<\/p>\n\n\n\n<p>Psic\u00f3logos infantis diagnosticaram ambos os meninos como disl\u00e9xicos. O mais velho era menos prejudicado que o mais novo, que tamb\u00e9m sofria de TDA grave, andava com o p\u00e9 direito voltado para dentro e tinha pouca ou nenhuma coordena\u00e7\u00e3o motora. Embora fosse um jovem educado e encantador, \u00e0s vezes tinha acessos de raiva, sem d\u00favida resultado de frustra\u00e7\u00e3o. Em decorr\u00eancia de um trauma pr\u00e9-natal, ele apresentava danos cerebrais, que vinham sendo monitorados por um especialista no Hospital Infantil Great Ormond Street, em Londres.<\/p>\n\n\n\n<p>Um cirurgi\u00e3o ortop\u00e9dico chegou a considerar seriamente a corre\u00e7\u00e3o de sua marcha com o uso de uma \u00f3rtese, mas acabou desistindo. M\u00e9dicos especialistas e psic\u00f3logos infantis n\u00e3o alimentavam nenhuma esperan\u00e7a de sucesso acad\u00eamico e avisaram minha filha de que ele jamais seria capaz de prestar qualquer exame acad\u00eamico.<\/p>\n\n\n\n<p>Admito que est\u00e1vamos c\u00e9ticos em rela\u00e7\u00e3o \u00e0s alegadas conquistas quase milagrosas mencionadas na reportagem. Como fam\u00edlia, j\u00e1 hav\u00edamos tentado de tudo. Meu genro sempre deu apoio especial aos enteados e n\u00e3o poupou recursos em escolas internas especiais, aulas extras, tutores etc. Minha esposa e eu entramos no curso dispostos a tentar, mas preparados para mais uma decep\u00e7\u00e3o. No entanto, foi uma revela\u00e7\u00e3o. O benef\u00edcio pessoal para n\u00f3s dois foi consider\u00e1vel. A melhora nos jovens presentes, levados por seus pais, era quase inacredit\u00e1vel. Decidimos que nossos netos tamb\u00e9m precisavam ter a oportunidade de conhec\u00ea-los.<\/p>\n\n\n\n<p>Nossos netos vieram conosco e participaram do Curso Saber Aprender. Seu carisma e estilo descontra\u00eddo os conquistaram imediatamente. Ap\u00f3s apenas dois dias, o neto mais novo j\u00e1 andava perfeitamente, sem sequer perceber! Seu equil\u00edbrio melhorou e sua capacidade de aten\u00e7\u00e3o foi incr\u00edvel. Seu entusiasmo contagiava a todos. Ele conheceu Sam, uma jovem ador\u00e1vel que, com sua ajuda, havia superado uma dislexia grave. Ela lhe contou como voc\u00ea transformou completamente a vida dela. Ele ficou muito impressionado!<\/p>\n\n\n\n<p>Ao final do curso, voc\u00ea pediu a todos os participantes que escrevessem suas observa\u00e7\u00f5es. Ele ficou envergonhado porque nem mesmo os professores que o conheciam bem conseguiam ler sua letra. Queria ditar seus coment\u00e1rios para a av\u00f3, mas ela o encorajou gentilmente a escrever sozinho. Ele ficou surpreso e euf\u00f3rico ao perceber que agora conseguia escrever de forma leg\u00edvel e que todos podiam ler sem dificuldade. Isso talvez pare\u00e7a pouco para a maioria das pessoas, mas para ele foi um marco gigantesco.<\/p>\n\n\n\n<p>De volta \u00e0 escola na Inglaterra, veio a prova de fogo: ser\u00e1 que a melhora seria passageira? N\u00e3o foi. Seu desempenho melhorou de forma dram\u00e1tica. Quando percebia que sua concentra\u00e7\u00e3o estava caindo, rapidamente se colocava em estado Alfa e, em quest\u00e3o de segundos, voltava a ficar atento e envolvido. Seu boletim de fim de semestre foi excelente.<\/p>\n\n\n\n<p>Ele passou tr\u00eas semanas conosco em nossa casa na Espanha. Por vontade pr\u00f3pria, estudou concentrado de quatro a cinco horas todos os dias, revisando conte\u00fados que antes n\u00e3o tinha compreendido ou conclu\u00eddo. Para algu\u00e9m que enfrentava tantas dificuldades, essa evolu\u00e7\u00e3o em concentra\u00e7\u00e3o, capacidade de aprender e memorizar \u00e9 quase inacredit\u00e1vel. Com a nova autoconfian\u00e7a e muito mais coordena\u00e7\u00e3o, os acessos de raiva ficaram no passado.<\/p>\n\n\n\n<p>Uma prova dessa melhora se reflete em seus resultados no GCSE. Para um garoto que n\u00e3o deveria alcan\u00e7ar sucesso acad\u00eamico algum, conquistar 2 notas B, 1 nota C, 1 nota D e 1 nota E foi um feito altamente louv\u00e1vel.<\/p>\n\n\n\n<p>Suas palavras de despedida ao partir de Hong Kong para ingressar em seu novo Sixth Form College foram: \u201cEu posso fazer isso e vou fazer isso. E tudo gra\u00e7as \u00e0 minha fam\u00edlia, mas principalmente ao Instituto Alphalearning, que tornou isso poss\u00edvel\u201d. Minha esposa e eu dizemos \u201cAm\u00e9m a isso\u201d.<\/p>\n\n\n\n<p>O neto mais velho agora est\u00e1 na universidade. Ele tamb\u00e9m pratica diariamente as rotinas simples que voc\u00ea nos ensinou. \u00c9 um jovem feliz, bem adaptado, com grande potencial. Ele \u00e9 o primeiro a reconhecer a ajuda que recebeu \u2014 e que continua recebendo \u2014 do Alphalearning.<\/p>\n\n\n\n<p>Ajudar outras pessoas foi um b\u00f4nus para n\u00f3s. Vimos em primeira m\u00e3o como o sistema foi capaz de eliminar explos\u00f5es irracionais de raiva, trazendo paz e tranquilidade a um lar; como dores cr\u00f4nicas foram aliviadas; como um jovem profissional foi resgatado da beira de um colapso nervoso \u2014 a lista \u00e9 longa e cresce a cada semana.<\/p>\n\n\n\n<p>Tendo me aposentado ap\u00f3s uma vida inteira dedicada \u00e0 Educa\u00e7\u00e3o, lamento profundamente que essa pesquisa n\u00e3o estivesse dispon\u00edvel quando conclu\u00ed minha forma\u00e7\u00e3o. Teria me possibilitado ser muito mais eficaz em minha carreira. Eu teria garantido que todos os meus professores fossem qualificados no Curso Saber Aprender. Minha experi\u00eancia pessoal me convenceu de que TDA e dislexia podem ser facilmente superados e n\u00e3o precisam mais ser o tormento dos jovens, como foram no passado.<\/p>\n\n\n\n<p>Nossos mais sinceros agradecimentos ao Instituto Alphalearning por essa grande iniciativa.<\/p>\n\n\n\n<p>Atenciosamente,<\/p>\n\n\n\n<p>H J H Richards, BA, MA (Ed), Ph.D. \u2013 Espanha<\/p>\n<\/div><\/div>\n","protected":false},"excerpt":{"rendered":"<p>Neurofeedback e TDAH TDAH \u2013 Transtorno de D\u00e9ficit de Aten\u00e7\u00e3o e Hiperatividade Para saber mais sobre este assunto, gostar\u00edamos de [&hellip;]<\/p>\n","protected":false},"author":2,"featured_media":0,"parent":0,"menu_order":360,"comment_status":"closed","ping_status":"closed","template":"","meta":{"_uag_custom_page_level_css":"","site-sidebar-layout":"default","site-content-layout":"","ast-site-content-layout":"default","site-content-style":"default","site-sidebar-style":"default","ast-global-header-display":"","ast-banner-title-visibility":"","ast-main-header-display":"","ast-hfb-above-header-display":"","ast-hfb-below-header-display":"","ast-hfb-mobile-header-display":"","site-post-title":"disabled","ast-breadcrumbs-content":"","ast-featured-img":"","footer-sml-layout":"","ast-disable-related-posts":"","theme-transparent-header-meta":"","adv-header-id-meta":"","stick-header-meta":"","header-above-stick-meta":"","header-main-stick-meta":"","header-below-stick-meta":"","astra-migrate-meta-layouts":"default","ast-page-background-enabled":"default","ast-page-background-meta":{"desktop":{"background-color":"var(--ast-global-color-4)","background-image":"","background-repeat":"repeat","background-position":"center center","background-size":"auto","background-attachment":"scroll","background-type":"","background-media":"","overlay-type":"","overlay-color":"","overlay-opacity":"","overlay-gradient":""},"tablet":{"background-color":"","background-image":"","background-repeat":"repeat","background-position":"center center","background-size":"auto","background-attachment":"scroll","background-type":"","background-media":"","overlay-type":"","overlay-color":"","overlay-opacity":"","overlay-gradient":""},"mobile":{"background-color":"","background-image":"","background-repeat":"repeat","background-position":"center center","background-size":"auto","background-attachment":"scroll","background-type":"","background-media":"","overlay-type":"","overlay-color":"","overlay-opacity":"","overlay-gradient":""}},"ast-content-background-meta":{"desktop":{"background-color":"var(--ast-global-color-5)","background-image":"","background-repeat":"repeat","background-position":"center center","background-size":"auto","background-attachment":"scroll","background-type":"","background-media":"","overlay-type":"","overlay-color":"","overlay-opacity":"","overlay-gradient":""},"tablet":{"background-color":"var(--ast-global-color-5)","background-image":"","background-repeat":"repeat","background-position":"center center","background-size":"auto","background-attachment":"scroll","background-type":"","background-media":"","overlay-type":"","overlay-color":"","overlay-opacity":"","overlay-gradient":""},"mobile":{"background-color":"var(--ast-global-color-5)","background-image":"","background-repeat":"repeat","background-position":"center center","background-size":"auto","background-attachment":"scroll","background-type":"","background-media":"","overlay-type":"","overlay-color":"","overlay-opacity":"","overlay-gradient":""}},"footnotes":""},"class_list":["post-13397","page","type-page","status-publish","hentry"],"yoast_head":"<!-- This site is optimized with the Yoast SEO plugin v27.1.1 - https:\/\/yoast.com\/product\/yoast-seo-wordpress\/ -->\n<title>Neurofeedback e TDAH: Resultados Comprovados no Alphalearning<\/title>\n<meta name=\"description\" content=\"Descubra como o Neurofeedback do Alphalearning transforma o TDAH e a dislexia, com resultados reais comprovados por clientes e educadores.\" \/>\n<meta name=\"robots\" content=\"index, follow, max-snippet:-1, max-image-preview:large, max-video-preview:-1\" \/>\n<link rel=\"canonical\" href=\"https:\/\/alphalearning.com\/pt\/neurofeedback-e-tdah\/\" \/>\n<meta property=\"og:locale\" content=\"pt_PT\" \/>\n<meta property=\"og:type\" content=\"article\" \/>\n<meta property=\"og:title\" content=\"Neurofeedback e TDAH: Resultados Comprovados no Alphalearning\" \/>\n<meta property=\"og:description\" content=\"Descubra como o Neurofeedback do Alphalearning transforma o TDAH e a dislexia, com resultados reais comprovados por clientes e educadores.\" \/>\n<meta property=\"og:url\" content=\"https:\/\/alphalearning.com\/pt\/neurofeedback-e-tdah\/\" \/>\n<meta property=\"og:site_name\" content=\"Alphalearning International\" \/>\n<meta property=\"article:modified_time\" content=\"2025-01-30T08:14:25+00:00\" \/>\n<meta property=\"og:image\" content=\"https:\/\/alphalearning.com\/wp-content\/uploads\/2024\/04\/alphalearning-logo_red_1200x675px.png\" \/>\n\t<meta property=\"og:image:width\" content=\"1200\" \/>\n\t<meta property=\"og:image:height\" content=\"675\" \/>\n\t<meta property=\"og:image:type\" content=\"image\/png\" \/>\n<meta name=\"twitter:card\" content=\"summary_large_image\" \/>\n<meta name=\"twitter:label1\" content=\"Est. reading time\" \/>\n\t<meta name=\"twitter:data1\" content=\"4 minutes\" \/>\n<!-- \/ Yoast SEO plugin. -->","yoast_head_json":{"title":"Neurofeedback e TDAH: Resultados Comprovados no Alphalearning","description":"Descubra como o Neurofeedback do Alphalearning transforma o TDAH e a dislexia, com resultados reais comprovados por clientes e educadores.","robots":{"index":"index","follow":"follow","max-snippet":"max-snippet:-1","max-image-preview":"max-image-preview:large","max-video-preview":"max-video-preview:-1"},"canonical":"https:\/\/alphalearning.com\/pt\/neurofeedback-e-tdah\/","og_locale":"pt_PT","og_type":"article","og_title":"Neurofeedback e TDAH: Resultados Comprovados no Alphalearning","og_description":"Descubra como o Neurofeedback do Alphalearning transforma o TDAH e a dislexia, com resultados reais comprovados por clientes e educadores.","og_url":"https:\/\/alphalearning.com\/pt\/neurofeedback-e-tdah\/","og_site_name":"Alphalearning International","article_modified_time":"2025-01-30T08:14:25+00:00","og_image":[{"width":1200,"height":675,"url":"https:\/\/alphalearning.com\/wp-content\/uploads\/2024\/04\/alphalearning-logo_red_1200x675px.png","type":"image\/png"}],"twitter_card":"summary_large_image","twitter_misc":{"Est. reading time":"4 minutes"},"schema":{"@context":"https:\/\/schema.org","@graph":[{"@type":"WebPage","@id":"https:\/\/alphalearning.com\/pt\/neurofeedback-e-tdah\/","url":"https:\/\/alphalearning.com\/pt\/neurofeedback-e-tdah\/","name":"Neurofeedback e TDAH: Resultados Comprovados no Alphalearning","isPartOf":{"@id":"https:\/\/alphalearning.com\/pt\/#website"},"datePublished":"2024-03-27T16:39:13+00:00","dateModified":"2025-01-30T08:14:25+00:00","description":"Descubra como o Neurofeedback do Alphalearning transforma o TDAH e a dislexia, com resultados reais comprovados por clientes e educadores.","breadcrumb":{"@id":"https:\/\/alphalearning.com\/pt\/neurofeedback-e-tdah\/#breadcrumb"},"inLanguage":"pt","potentialAction":[{"@type":"ReadAction","target":["https:\/\/alphalearning.com\/pt\/neurofeedback-e-tdah\/"]}]},{"@type":"BreadcrumbList","@id":"https:\/\/alphalearning.com\/pt\/neurofeedback-e-tdah\/#breadcrumb","itemListElement":[{"@type":"ListItem","position":1,"name":"Home","item":"https:\/\/alphalearning.com\/pt\/"},{"@type":"ListItem","position":2,"name":"Neurofeedback e TDAH"}]},{"@type":"WebSite","@id":"https:\/\/alphalearning.com\/pt\/#website","url":"https:\/\/alphalearning.com\/pt\/","name":"Alphalearning International","description":"the brain training institute","publisher":{"@id":"https:\/\/alphalearning.com\/pt\/#organization"},"potentialAction":[{"@type":"SearchAction","target":{"@type":"EntryPoint","urlTemplate":"https:\/\/alphalearning.com\/pt\/?s={search_term_string}"},"query-input":{"@type":"PropertyValueSpecification","valueRequired":true,"valueName":"search_term_string"}}],"inLanguage":"pt"},{"@type":"Organization","@id":"https:\/\/alphalearning.com\/pt\/#organization","name":"Alphalearning International","url":"https:\/\/alphalearning.com\/pt\/","logo":{"@type":"ImageObject","inLanguage":"pt","@id":"https:\/\/alphalearning.com\/pt\/#\/schema\/logo\/image\/","url":"https:\/\/alphalearning.com\/wp-content\/uploads\/2024\/03\/alphalearning_ico2_512px.png","contentUrl":"https:\/\/alphalearning.com\/wp-content\/uploads\/2024\/03\/alphalearning_ico2_512px.png","width":512,"height":512,"caption":"Alphalearning International"},"image":{"@id":"https:\/\/alphalearning.com\/pt\/#\/schema\/logo\/image\/"}}]}},"uagb_featured_image_src":{"full":false,"thumbnail":false,"medium":false,"medium_large":false,"large":false,"1536x1536":false,"2048x2048":false,"gform-image-choice-sm":false,"gform-image-choice-md":false,"gform-image-choice-lg":false},"uagb_author_info":{"display_name":"Julio Machado","author_link":"https:\/\/alphalearning.com\/pt\/author\/julio-machado\/"},"uagb_comment_info":0,"uagb_excerpt":"Neurofeedback e TDAH TDAH \u2013 Transtorno de D\u00e9ficit de Aten\u00e7\u00e3o e Hiperatividade Para saber mais sobre este assunto, gostar\u00edamos de [&hellip;]","_links":{"self":[{"href":"https:\/\/alphalearning.com\/pt\/wp-json\/wp\/v2\/pages\/13397","targetHints":{"allow":["GET"]}}],"collection":[{"href":"https:\/\/alphalearning.com\/pt\/wp-json\/wp\/v2\/pages"}],"about":[{"href":"https:\/\/alphalearning.com\/pt\/wp-json\/wp\/v2\/types\/page"}],"author":[{"embeddable":true,"href":"https:\/\/alphalearning.com\/pt\/wp-json\/wp\/v2\/users\/2"}],"replies":[{"embeddable":true,"href":"https:\/\/alphalearning.com\/pt\/wp-json\/wp\/v2\/comments?post=13397"}],"version-history":[{"count":2,"href":"https:\/\/alphalearning.com\/pt\/wp-json\/wp\/v2\/pages\/13397\/revisions"}],"predecessor-version":[{"id":14674,"href":"https:\/\/alphalearning.com\/pt\/wp-json\/wp\/v2\/pages\/13397\/revisions\/14674"}],"wp:attachment":[{"href":"https:\/\/alphalearning.com\/pt\/wp-json\/wp\/v2\/media?parent=13397"}],"curies":[{"name":"wp","href":"https:\/\/api.w.org\/{rel}","templated":true}]}}