{"id":13366,"date":"2024-03-27T16:42:10","date_gmt":"2024-03-27T16:42:10","guid":{"rendered":"https:\/\/alphalearning.com\/meditacao-alivio-stress-neurofeedback\/meditation-experience-is-associated-with-increased-cortical-thickness\/"},"modified":"2025-01-29T14:41:22","modified_gmt":"2025-01-29T14:41:22","slug":"meditacao-aumento-espessura-cortical","status":"publish","type":"page","link":"https:\/\/alphalearning.com\/pt\/meditacao-alivio-stress-neurofeedback\/meditacao-aumento-espessura-cortical\/","title":{"rendered":"Medita\u00e7\u00e3o e Aumento da Espessura Cortical"},"content":{"rendered":"\n<div class=\"wp-block-uagb-advanced-heading uagb-block-27ffd304\"><h1 class=\"uagb-heading-text\">A experi\u00eancia de medita\u00e7\u00e3o est\u00e1 associada ao aumento da espessura cortical<\/h1><\/div>\n\n\n\n<p>Esses dados fornecem a primeira evid\u00eancia estrutural de plasticidade cortical dependente de experi\u00eancia associada \u00e0 pr\u00e1tica de medita\u00e7\u00e3o. As regi\u00f5es cerebrais ligadas \u00e0 aten\u00e7\u00e3o, interocep\u00e7\u00e3o e processamento sensorial apresentaram maior espessura nos participantes que meditavam em compara\u00e7\u00e3o aos controles correspondentes, incluindo o c\u00f3rtex pr\u00e9-frontal e a \u00ednsula anterior direita.<\/p>\n\n\n\n<div class=\"wp-block-uagb-image aligncenter uagb-block-b753d378 wp-block-uagb-image--layout-default wp-block-uagb-image--effect-static wp-block-uagb-image--align-center\"><figure class=\"wp-block-uagb-image__figure\"><img decoding=\"async\" srcset=\"https:\/\/alphalearning.com\/wp-content\/uploads\/2024\/04\/brain-cortical-thickness-both.jpg ,https:\/\/alphalearning.com\/wp-content\/uploads\/2024\/04\/brain-cortical-thickness-both.jpg 780w, https:\/\/alphalearning.com\/wp-content\/uploads\/2024\/04\/brain-cortical-thickness-both.jpg 360w\" sizes=\"auto, (max-width: 480px) 150px\" src=\"https:\/\/alphalearning.com\/wp-content\/uploads\/2024\/04\/brain-cortical-thickness-both.jpg\" alt=\"\" class=\"uag-image-730\" width=\"420\" height=\"161\" title=\"\" loading=\"lazy\" role=\"img\"\/><figcaption class=\"uagb-image-caption\"><em>Acima: Regi\u00f5es corticais mais espessas em meditadores do que em controles em ambos os hemisf\u00e9rios.<br>Este mapa estat\u00edstico mostra as diferen\u00e7as de espessura entre os grupos em cada ponto da superf\u00edcie cortical.<\/em><\/figcaption><\/figure><\/div>\n\n\n\n<p>As diferen\u00e7as de espessura do c\u00f3rtex pr\u00e9-frontal entre os grupos foram mais pronunciadas em participantes mais velhos, sugerindo que a medita\u00e7\u00e3o pode compensar o afinamento cortical relacionado \u00e0 idade.<\/p>\n\n\n\n<figure class=\"wp-block-image alignleft size-full\"><img loading=\"lazy\" decoding=\"async\" width=\"522\" height=\"180\" src=\"https:\/\/alphalearning.com\/wp-content\/uploads\/2024\/04\/increased-cortical-thickness-en.png\" alt=\"\" class=\"wp-image-731\" srcset=\"https:\/\/alphalearning.com\/wp-content\/uploads\/2024\/04\/increased-cortical-thickness-en.png 522w, https:\/\/alphalearning.com\/wp-content\/uploads\/2024\/04\/increased-cortical-thickness-en-300x103.png 300w\" sizes=\"auto, (max-width: 522px) 100vw, 522px\" \/><\/figure>\n\n\n\n<p>Nestes gr\u00e1ficos, a espessura cortical m\u00e9dia de cada participante na regi\u00e3o da \u00ednsula (\u00e0 esquerda) e na \u00e1rea de Brodmann 9\/10 (\u00e0 direita) \u00e9 plotada em fun\u00e7\u00e3o da idade. Os meditadores s\u00e3o representados por <span style=\"color: #0000ff;\">c\u00edrculos azuis<\/span> e os participantes de controle por <span style=\"color: #ff0000;\">quadrados vermelhos<\/span>. Observe que os meditadores mantiveram a espessura cortical ao longo de suas vidas, enquanto o grupo de controle apresentou diminui\u00e7\u00e3o nessas regi\u00f5es.<\/p>\n\n\n\n<p>O Alphalearning observou ao longo dos anos, por meio de sua abordagem \u00fanica em Neurofeedback e treinamento cerebral, que o controle e o equil\u00edbrio das ondas cerebrais s\u00e3o a chave para a resolu\u00e7\u00e3o de diversas disfun\u00e7\u00f5es relacionadas ao campo bioel\u00e9trico do c\u00e9rebro. <a href=\"https:\/\/alphalearning.com\/pt\/dislexia-pode-ser-curada\/\">Dislexia<\/a> e <a href=\"https:\/\/alphalearning.com\/neurofeedback-and-adhd\/\">TDAH<\/a>, <a href=\"https:\/\/alphalearning.com\/birth-problems\/\">transtornos que podem resultar de problemas de nascimento<\/a>, solu\u00e7\u00e3o de fibromialgia e <a href=\"https:\/\/alphalearning.com\/pt\/transtornos-do-espectro-autista\/aplicacao-neurofeedback-para-espectro-autista\/\">redu\u00e7\u00e3o de sintomas relacionados ao espectro do autismo<\/a> s\u00e3o apenas alguns exemplos entre muitos outros.<\/p>\n\n\n\n<p><a href=\"https:\/\/alphalearning.com\/pt\/meditacao-alivio-stress-neurofeedback\/#stress-relief-through-eeg-guided-meditation\">Saiba como alcan\u00e7ar esses resultados por meio do curso Alphalearning Internacional.<\/a><\/p>\n\n\n\n<p class=\"has-text-align-right\"><a href=\"https:\/\/alphalearning.com\/servepdf.php?year=2024&amp;month=04&amp;file=alphalearning-meditation-experience-is-associated-with-increased-cortical-thickness.pdf\" target=\"_blank\" rel=\"noreferrer noopener nofollow\">Baixe o artigo completo em formato PDF<\/a><\/p>\n","protected":false},"excerpt":{"rendered":"<p>A experi\u00eancia de medita\u00e7\u00e3o est\u00e1 associada ao aumento da espessura cortical Esses dados fornecem a primeira evid\u00eancia estrutural de plasticidade [&hellip;]<\/p>\n","protected":false},"author":2,"featured_media":0,"parent":13320,"menu_order":0,"comment_status":"closed","ping_status":"closed","template":"","meta":{"_uag_custom_page_level_css":"","site-sidebar-layout":"default","site-content-layout":"","ast-site-content-layout":"default","site-content-style":"default","site-sidebar-style":"default","ast-global-header-display":"","ast-banner-title-visibility":"","ast-main-header-display":"","ast-hfb-above-header-display":"","ast-hfb-below-header-display":"","ast-hfb-mobile-header-display":"","site-post-title":"disabled","ast-breadcrumbs-content":"","ast-featured-img":"","footer-sml-layout":"","ast-disable-related-posts":"","theme-transparent-header-meta":"","adv-header-id-meta":"","stick-header-meta":"","header-above-stick-meta":"","header-main-stick-meta":"","header-below-stick-meta":"","astra-migrate-meta-layouts":"default","ast-page-background-enabled":"default","ast-page-background-meta":{"desktop":{"background-color":"var(--ast-global-color-4)","background-image":"","background-repeat":"repeat","background-position":"center center","background-size":"auto","background-attachment":"scroll","background-type":"","background-media":"","overlay-type":"","overlay-color":"","overlay-opacity":"","overlay-gradient":""},"tablet":{"background-color":"","background-image":"","background-repeat":"repeat","background-position":"center center","background-size":"auto","background-attachment":"scroll","background-type":"","background-media":"","overlay-type":"","overlay-color":"","overlay-opacity":"","overlay-gradient":""},"mobile":{"background-color":"","background-image":"","background-repeat":"repeat","background-position":"center center","background-size":"auto","background-attachment":"scroll","background-type":"","background-media":"","overlay-type":"","overlay-color":"","overlay-opacity":"","overlay-gradient":""}},"ast-content-background-meta":{"desktop":{"background-color":"var(--ast-global-color-5)","background-image":"","background-repeat":"repeat","background-position":"center center","background-size":"auto","background-attachment":"scroll","background-type":"","background-media":"","overlay-type":"","overlay-color":"","overlay-opacity":"","overlay-gradient":""},"tablet":{"background-color":"var(--ast-global-color-5)","background-image":"","background-repeat":"repeat","background-position":"center center","background-size":"auto","background-attachment":"scroll","background-type":"","background-media":"","overlay-type":"","overlay-color":"","overlay-opacity":"","overlay-gradient":""},"mobile":{"background-color":"var(--ast-global-color-5)","background-image":"","background-repeat":"repeat","background-position":"center center","background-size":"auto","background-attachment":"scroll","background-type":"","background-media":"","overlay-type":"","overlay-color":"","overlay-opacity":"","overlay-gradient":""}},"footnotes":""},"class_list":["post-13366","page","type-page","status-publish","hentry"],"yoast_head":"<!-- This site is optimized with the Yoast SEO plugin v27.1.1 - https:\/\/yoast.com\/product\/yoast-seo-wordpress\/ -->\n<title>A medita\u00e7\u00e3o aumenta a espessura cortical \u2013 Alphalearning<\/title>\n<meta name=\"description\" content=\"A medita\u00e7\u00e3o contribui para a sa\u00fade cerebral ao aumentar a espessura cortical em \u00e1reas ligadas \u00e0 aten\u00e7\u00e3o, interocep\u00e7\u00e3o e processamento sensorial \u2013 Alphalearning\" \/>\n<meta name=\"robots\" content=\"index, follow, max-snippet:-1, max-image-preview:large, max-video-preview:-1\" \/>\n<link rel=\"canonical\" href=\"https:\/\/alphalearning.com\/pt\/meditacao-alivio-stress-neurofeedback\/meditacao-aumento-espessura-cortical\/\" \/>\n<meta property=\"og:locale\" content=\"pt_PT\" \/>\n<meta property=\"og:type\" content=\"article\" \/>\n<meta property=\"og:title\" content=\"A medita\u00e7\u00e3o aumenta a espessura cortical \u2013 Alphalearning\" \/>\n<meta property=\"og:description\" content=\"A medita\u00e7\u00e3o contribui para a sa\u00fade cerebral ao aumentar a espessura cortical em \u00e1reas ligadas \u00e0 aten\u00e7\u00e3o, interocep\u00e7\u00e3o e processamento sensorial \u2013 Alphalearning\" \/>\n<meta property=\"og:url\" content=\"https:\/\/alphalearning.com\/pt\/meditacao-alivio-stress-neurofeedback\/meditacao-aumento-espessura-cortical\/\" \/>\n<meta property=\"og:site_name\" content=\"Alphalearning International\" \/>\n<meta property=\"article:modified_time\" content=\"2025-01-29T14:41:22+00:00\" \/>\n<meta property=\"og:image\" content=\"https:\/\/alphalearning.com\/wp-content\/uploads\/2024\/04\/brain-cortical-thickness-both.jpg\" \/>\n<meta name=\"twitter:card\" content=\"summary_large_image\" \/>\n<meta name=\"twitter:label1\" content=\"Est. reading time\" \/>\n\t<meta name=\"twitter:data1\" content=\"2 minutes\" \/>\n<!-- \/ Yoast SEO plugin. -->","yoast_head_json":{"title":"A medita\u00e7\u00e3o aumenta a espessura cortical \u2013 Alphalearning","description":"A medita\u00e7\u00e3o contribui para a sa\u00fade cerebral ao aumentar a espessura cortical em \u00e1reas ligadas \u00e0 aten\u00e7\u00e3o, interocep\u00e7\u00e3o e processamento sensorial \u2013 Alphalearning","robots":{"index":"index","follow":"follow","max-snippet":"max-snippet:-1","max-image-preview":"max-image-preview:large","max-video-preview":"max-video-preview:-1"},"canonical":"https:\/\/alphalearning.com\/pt\/meditacao-alivio-stress-neurofeedback\/meditacao-aumento-espessura-cortical\/","og_locale":"pt_PT","og_type":"article","og_title":"A medita\u00e7\u00e3o aumenta a espessura cortical \u2013 Alphalearning","og_description":"A medita\u00e7\u00e3o contribui para a sa\u00fade cerebral ao aumentar a espessura cortical em \u00e1reas ligadas \u00e0 aten\u00e7\u00e3o, interocep\u00e7\u00e3o e processamento sensorial \u2013 Alphalearning","og_url":"https:\/\/alphalearning.com\/pt\/meditacao-alivio-stress-neurofeedback\/meditacao-aumento-espessura-cortical\/","og_site_name":"Alphalearning International","article_modified_time":"2025-01-29T14:41:22+00:00","og_image":[{"url":"https:\/\/alphalearning.com\/wp-content\/uploads\/2024\/04\/brain-cortical-thickness-both.jpg","type":"","width":"","height":""}],"twitter_card":"summary_large_image","twitter_misc":{"Est. reading time":"2 minutes"},"schema":{"@context":"https:\/\/schema.org","@graph":[{"@type":"WebPage","@id":"https:\/\/alphalearning.com\/pt\/meditacao-alivio-stress-neurofeedback\/meditacao-aumento-espessura-cortical\/","url":"https:\/\/alphalearning.com\/pt\/meditacao-alivio-stress-neurofeedback\/meditacao-aumento-espessura-cortical\/","name":"A medita\u00e7\u00e3o aumenta a espessura cortical \u2013 Alphalearning","isPartOf":{"@id":"https:\/\/alphalearning.com\/pt\/#website"},"primaryImageOfPage":{"@id":"https:\/\/alphalearning.com\/pt\/meditacao-alivio-stress-neurofeedback\/meditacao-aumento-espessura-cortical\/#primaryimage"},"image":{"@id":"https:\/\/alphalearning.com\/pt\/meditacao-alivio-stress-neurofeedback\/meditacao-aumento-espessura-cortical\/#primaryimage"},"thumbnailUrl":"https:\/\/alphalearning.com\/wp-content\/uploads\/2024\/04\/brain-cortical-thickness-both.jpg","datePublished":"2024-03-27T16:42:10+00:00","dateModified":"2025-01-29T14:41:22+00:00","description":"A medita\u00e7\u00e3o contribui para a sa\u00fade cerebral ao aumentar a espessura cortical em \u00e1reas ligadas \u00e0 aten\u00e7\u00e3o, interocep\u00e7\u00e3o e processamento sensorial \u2013 Alphalearning","breadcrumb":{"@id":"https:\/\/alphalearning.com\/pt\/meditacao-alivio-stress-neurofeedback\/meditacao-aumento-espessura-cortical\/#breadcrumb"},"inLanguage":"pt","potentialAction":[{"@type":"ReadAction","target":["https:\/\/alphalearning.com\/pt\/meditacao-alivio-stress-neurofeedback\/meditacao-aumento-espessura-cortical\/"]}]},{"@type":"ImageObject","inLanguage":"pt","@id":"https:\/\/alphalearning.com\/pt\/meditacao-alivio-stress-neurofeedback\/meditacao-aumento-espessura-cortical\/#primaryimage","url":"https:\/\/alphalearning.com\/wp-content\/uploads\/2024\/04\/brain-cortical-thickness-both.jpg","contentUrl":"https:\/\/alphalearning.com\/wp-content\/uploads\/2024\/04\/brain-cortical-thickness-both.jpg"},{"@type":"BreadcrumbList","@id":"https:\/\/alphalearning.com\/pt\/meditacao-alivio-stress-neurofeedback\/meditacao-aumento-espessura-cortical\/#breadcrumb","itemListElement":[{"@type":"ListItem","position":1,"name":"Home","item":"https:\/\/alphalearning.com\/pt\/"},{"@type":"ListItem","position":2,"name":"Medita\u00e7\u00e3o e Al\u00edvio do Stress Atrav\u00e9s do Neurofeedback","item":"https:\/\/alphalearning.com\/pt\/meditacao-alivio-stress-neurofeedback\/"},{"@type":"ListItem","position":3,"name":"Medita\u00e7\u00e3o e Aumento da Espessura Cortical"}]},{"@type":"WebSite","@id":"https:\/\/alphalearning.com\/pt\/#website","url":"https:\/\/alphalearning.com\/pt\/","name":"Alphalearning International","description":"the brain training institute","publisher":{"@id":"https:\/\/alphalearning.com\/pt\/#organization"},"potentialAction":[{"@type":"SearchAction","target":{"@type":"EntryPoint","urlTemplate":"https:\/\/alphalearning.com\/pt\/?s={search_term_string}"},"query-input":{"@type":"PropertyValueSpecification","valueRequired":true,"valueName":"search_term_string"}}],"inLanguage":"pt"},{"@type":"Organization","@id":"https:\/\/alphalearning.com\/pt\/#organization","name":"Alphalearning International","url":"https:\/\/alphalearning.com\/pt\/","logo":{"@type":"ImageObject","inLanguage":"pt","@id":"https:\/\/alphalearning.com\/pt\/#\/schema\/logo\/image\/","url":"https:\/\/alphalearning.com\/wp-content\/uploads\/2024\/03\/alphalearning_ico2_512px.png","contentUrl":"https:\/\/alphalearning.com\/wp-content\/uploads\/2024\/03\/alphalearning_ico2_512px.png","width":512,"height":512,"caption":"Alphalearning International"},"image":{"@id":"https:\/\/alphalearning.com\/pt\/#\/schema\/logo\/image\/"}}]}},"uagb_featured_image_src":{"full":false,"thumbnail":false,"medium":false,"medium_large":false,"large":false,"1536x1536":false,"2048x2048":false,"gform-image-choice-sm":false,"gform-image-choice-md":false,"gform-image-choice-lg":false},"uagb_author_info":{"display_name":"Julio Machado","author_link":"https:\/\/alphalearning.com\/pt\/author\/julio-machado\/"},"uagb_comment_info":0,"uagb_excerpt":"A experi\u00eancia de medita\u00e7\u00e3o est\u00e1 associada ao aumento da espessura cortical Esses dados fornecem a primeira evid\u00eancia estrutural de plasticidade [&hellip;]","_links":{"self":[{"href":"https:\/\/alphalearning.com\/pt\/wp-json\/wp\/v2\/pages\/13366","targetHints":{"allow":["GET"]}}],"collection":[{"href":"https:\/\/alphalearning.com\/pt\/wp-json\/wp\/v2\/pages"}],"about":[{"href":"https:\/\/alphalearning.com\/pt\/wp-json\/wp\/v2\/types\/page"}],"author":[{"embeddable":true,"href":"https:\/\/alphalearning.com\/pt\/wp-json\/wp\/v2\/users\/2"}],"replies":[{"embeddable":true,"href":"https:\/\/alphalearning.com\/pt\/wp-json\/wp\/v2\/comments?post=13366"}],"version-history":[{"count":2,"href":"https:\/\/alphalearning.com\/pt\/wp-json\/wp\/v2\/pages\/13366\/revisions"}],"predecessor-version":[{"id":14606,"href":"https:\/\/alphalearning.com\/pt\/wp-json\/wp\/v2\/pages\/13366\/revisions\/14606"}],"up":[{"embeddable":true,"href":"https:\/\/alphalearning.com\/pt\/wp-json\/wp\/v2\/pages\/13320"}],"wp:attachment":[{"href":"https:\/\/alphalearning.com\/pt\/wp-json\/wp\/v2\/media?parent=13366"}],"curies":[{"name":"wp","href":"https:\/\/api.w.org\/{rel}","templated":true}]}}