{"id":13333,"date":"2024-03-27T16:40:53","date_gmt":"2024-03-27T16:40:53","guid":{"rendered":"https:\/\/alphalearning.com\/meditacao-alivio-stress-neurofeedback\/age-defying-effects-of-long-term-meditation-on-gray-matter-atrophy\/"},"modified":"2025-01-29T14:02:17","modified_gmt":"2025-01-29T14:02:17","slug":"efeitos-antienvelhecimento-meditacao","status":"publish","type":"page","link":"https:\/\/alphalearning.com\/pt\/meditacao-alivio-stress-neurofeedback\/efeitos-antienvelhecimento-meditacao\/","title":{"rendered":"Efeitos Antienvelhecimento da Medita\u00e7\u00e3o Sobre a Atrofia de Subst\u00e2ncia Cinzenta"},"content":{"rendered":"\n<div class=\"wp-block-uagb-advanced-heading uagb-block-45bc08c7\"><h1 class=\"uagb-heading-text\">Para Sempre Jovem (ou Mais Jovem): Potenciais efeitos antienvelhecimento da medita\u00e7\u00e3o de longo prazo na atrofia da subst\u00e2ncia cinzenta<\/h1><\/div>\n\n\n\n<div class=\"wp-block-uagb-container uagb-block-bf846846 alignfull uagb-is-root-container\"><div class=\"uagb-container-inner-blocks-wrap\">\n<p>Desde 1970, a expectativa de vida em todo o mundo aumentou drasticamente, com as pessoas vivendo mais de 10 anos a mais. Essa \u00e9 a boa not\u00edcia.<\/p>\n\n\n\n<p>A m\u00e1 not\u00edcia \u00e9 que, a partir dos vinte e poucos anos (meados at\u00e9 o final dos 20 anos), o c\u00e9rebro come\u00e7a a definhar \u2014 seu volume e peso passam a diminuir. \u00c0 medida que isso ocorre, o c\u00e9rebro pode perder parte de suas capacidades funcionais.<\/p>\n\n\n\n<p>Portanto, embora as pessoas possam viver mais, os anos adicionais geralmente v\u00eam acompanhados de riscos maiores de doen\u00e7as mentais e neurodegenerativas.<\/p>\n\n\n\n<p>Felizmente, um novo estudo mostra que a medita\u00e7\u00e3o pode ser uma forma de minimizar esses riscos.<\/p>\n\n\n\n<p>Com base em trabalhos anteriores que sugeriam que pessoas que meditam apresentam menos atrofia relacionada \u00e0 idade na subst\u00e2ncia branca do c\u00e9rebro, nesta nova pesquisa da Universidade da Calif\u00f3rnia, em Los Angeles (UCLA), os pesquisadores descobriram que a medita\u00e7\u00e3o parece ajudar a preservar a subst\u00e2ncia cinzenta do c\u00e9rebro, que cont\u00e9m neur\u00f4nios.<\/p>\n\n\n\n<p>Os cientistas analisaram especificamente a associa\u00e7\u00e3o entre idade e subst\u00e2ncia cinzenta. Eles compararam 50 pessoas que haviam meditado por anos e 50 que n\u00e3o meditavam. Em ambos os grupos, houve perda de subst\u00e2ncia cinzenta com o envelhecimento. No entanto, os pesquisadores constataram que, entre os que meditavam, o volume de subst\u00e2ncia cinzenta n\u00e3o diminuiu tanto quanto entre aqueles que n\u00e3o praticavam medita\u00e7\u00e3o.<\/p>\n\n\n\n<p>O Dr. Florian Kurth, coautor do estudo e pesquisador de p\u00f3s-doutorado no UCLA Brain Mapping Center, afirmou que os pesquisadores ficaram surpresos com a magnitude da diferen\u00e7a.<\/p>\n\n\n\n<p><em>\u201cEsper\u00e1vamos efeitos relativamente pequenos e pontuais, localizados em algumas regi\u00f5es que anteriormente haviam sido associadas \u00e0 medita\u00e7\u00e3o\u201d, disse ele. \u201cEm vez disso, o que observamos foi um efeito abrangente da medita\u00e7\u00e3o que englobou regi\u00f5es em todo o c\u00e9rebro.\u201d<\/em><\/p>\n\n\n\n<div class=\"wp-block-uagb-image aligncenter uagb-block-cb1a058b wp-block-uagb-image--layout-default wp-block-uagb-image--effect-static wp-block-uagb-image--align-center\"><figure class=\"wp-block-uagb-image__figure\"><img decoding=\"async\" srcset=\"https:\/\/alphalearning.com\/wp-content\/uploads\/2024\/04\/group-by-age-interactions-gray-matter.jpg ,https:\/\/alphalearning.com\/wp-content\/uploads\/2024\/04\/group-by-age-interactions-gray-matter.jpg 780w, https:\/\/alphalearning.com\/wp-content\/uploads\/2024\/04\/group-by-age-interactions-gray-matter.jpg 360w\" sizes=\"auto, (max-width: 480px) 150px\" src=\"https:\/\/alphalearning.com\/wp-content\/uploads\/2024\/04\/group-by-age-interactions-gray-matter.jpg\" alt=\"\" class=\"uag-image-713\" width=\"586\" height=\"102\" title=\"\" loading=\"lazy\" role=\"img\"\/><figcaption class=\"uagb-image-caption\"><em>\u00c1reas onde as correla\u00e7\u00f5es entre a subst\u00e2ncia cinzenta local e a idade s\u00e3o significativamente diferentes entre meditadores e indiv\u00edduos de controle.<\/em><\/figcaption><\/figure><\/div>\n\n\n\n<p>O Alphalearning tem observado ao longo dos anos, por meio de sua abordagem \u00fanica em Neurofeedback e treinamento cerebral, que o controle e o equil\u00edbrio das ondas cerebrais s\u00e3o fundamentais para a resolu\u00e7\u00e3o de diversas disfun\u00e7\u00f5es relacionadas ao campo bioel\u00e9trico do c\u00e9rebro. <a href=\"https:\/\/alphalearning.com\/pt\/dislexia-pode-ser-curada\/\">Dislexia<\/a> e <a href=\"https:\/\/alphalearning.com\/neurofeedback-and-adhd\/\">TDAH<\/a>, <a href=\"https:\/\/alphalearning.com\/birth-problems\/\">dist\u00farbios decorrentes de problemas ao nascer<\/a>, a solu\u00e7\u00e3o da fibromialgia e a <a href=\"https:\/\/alphalearning.com\/pt\/transtornos-do-espectro-autista\/aplicacao-neurofeedback-para-espectro-autista\/\">redu\u00e7\u00e3o de sintomas relacionados ao espectro do autismo<\/a> s\u00e3o alguns exemplos, entre muitos outros.<\/p>\n\n\n\n<p><a href=\"https:\/\/alphalearning.com\/pt\/meditacao-alivio-stress-neurofeedback\/#stress-relief-through-eeg-guided-meditation\">Saiba como alcan\u00e7ar esses resultados por meio do curso Alphalearning Internacional<\/a><\/p>\n\n\n\n<p class=\"has-text-align-right\"><a href=\"https:\/\/alphalearning.com\/servepdf.php?year=2024&amp;month=04&amp;file=alphalearning-forever-younger-potential-age-defying-effects-of-long-term-meditation-on-gray-matter-atrophy.pdf\" target=\"_blank\" rel=\"noreferrer noopener nofollow\">Baixe o artigo completo em formato PDF<\/a><\/p>\n<\/div><\/div>\n","protected":false},"excerpt":{"rendered":"<p>Para Sempre Jovem (ou Mais Jovem): Potenciais efeitos antienvelhecimento da medita\u00e7\u00e3o de longo prazo na atrofia da subst\u00e2ncia cinzenta Desde [&hellip;]<\/p>\n","protected":false},"author":2,"featured_media":0,"parent":13320,"menu_order":341,"comment_status":"closed","ping_status":"closed","template":"","meta":{"_uag_custom_page_level_css":"","site-sidebar-layout":"default","site-content-layout":"","ast-site-content-layout":"default","site-content-style":"default","site-sidebar-style":"default","ast-global-header-display":"","ast-banner-title-visibility":"","ast-main-header-display":"","ast-hfb-above-header-display":"","ast-hfb-below-header-display":"","ast-hfb-mobile-header-display":"","site-post-title":"disabled","ast-breadcrumbs-content":"","ast-featured-img":"","footer-sml-layout":"","ast-disable-related-posts":"","theme-transparent-header-meta":"","adv-header-id-meta":"","stick-header-meta":"","header-above-stick-meta":"","header-main-stick-meta":"","header-below-stick-meta":"","astra-migrate-meta-layouts":"default","ast-page-background-enabled":"default","ast-page-background-meta":{"desktop":{"background-color":"var(--ast-global-color-4)","background-image":"","background-repeat":"repeat","background-position":"center center","background-size":"auto","background-attachment":"scroll","background-type":"","background-media":"","overlay-type":"","overlay-color":"","overlay-opacity":"","overlay-gradient":""},"tablet":{"background-color":"","background-image":"","background-repeat":"repeat","background-position":"center center","background-size":"auto","background-attachment":"scroll","background-type":"","background-media":"","overlay-type":"","overlay-color":"","overlay-opacity":"","overlay-gradient":""},"mobile":{"background-color":"","background-image":"","background-repeat":"repeat","background-position":"center center","background-size":"auto","background-attachment":"scroll","background-type":"","background-media":"","overlay-type":"","overlay-color":"","overlay-opacity":"","overlay-gradient":""}},"ast-content-background-meta":{"desktop":{"background-color":"var(--ast-global-color-5)","background-image":"","background-repeat":"repeat","background-position":"center center","background-size":"auto","background-attachment":"scroll","background-type":"","background-media":"","overlay-type":"","overlay-color":"","overlay-opacity":"","overlay-gradient":""},"tablet":{"background-color":"var(--ast-global-color-5)","background-image":"","background-repeat":"repeat","background-position":"center center","background-size":"auto","background-attachment":"scroll","background-type":"","background-media":"","overlay-type":"","overlay-color":"","overlay-opacity":"","overlay-gradient":""},"mobile":{"background-color":"var(--ast-global-color-5)","background-image":"","background-repeat":"repeat","background-position":"center center","background-size":"auto","background-attachment":"scroll","background-type":"","background-media":"","overlay-type":"","overlay-color":"","overlay-opacity":"","overlay-gradient":""}},"footnotes":""},"class_list":["post-13333","page","type-page","status-publish","hentry"],"yoast_head":"<!-- This site is optimized with the Yoast SEO plugin v27.1.1 - https:\/\/yoast.com\/product\/yoast-seo-wordpress\/ -->\n<title>Medita\u00e7\u00e3o Anti-envelhecimento: Preserve o C\u00e9rebro | Alphalearning<\/title>\n<meta name=\"description\" content=\"A pr\u00e1tica de medita\u00e7\u00e3o em longo prazo pode reduzir a perda da subst\u00e2ncia cinzenta relacionada \u00e0 idade. Aprenda essa abordagem com o Alphalearning.\" \/>\n<meta name=\"robots\" content=\"index, follow, max-snippet:-1, max-image-preview:large, max-video-preview:-1\" \/>\n<link rel=\"canonical\" href=\"https:\/\/alphalearning.com\/pt\/meditacao-alivio-stress-neurofeedback\/efeitos-antienvelhecimento-meditacao\/\" \/>\n<meta property=\"og:locale\" content=\"pt_PT\" \/>\n<meta property=\"og:type\" content=\"article\" \/>\n<meta property=\"og:title\" content=\"Medita\u00e7\u00e3o Anti-envelhecimento: Preserve o C\u00e9rebro | Alphalearning\" \/>\n<meta property=\"og:description\" content=\"A pr\u00e1tica de medita\u00e7\u00e3o em longo prazo pode reduzir a perda da subst\u00e2ncia cinzenta relacionada \u00e0 idade. Aprenda essa abordagem com o Alphalearning.\" \/>\n<meta property=\"og:url\" content=\"https:\/\/alphalearning.com\/pt\/meditacao-alivio-stress-neurofeedback\/efeitos-antienvelhecimento-meditacao\/\" \/>\n<meta property=\"og:site_name\" content=\"Alphalearning International\" \/>\n<meta property=\"article:modified_time\" content=\"2025-01-29T14:02:17+00:00\" \/>\n<meta property=\"og:image\" content=\"https:\/\/alphalearning.com\/wp-content\/uploads\/2024\/04\/group-by-age-interactions-gray-matter.jpg\" \/>\n<meta name=\"twitter:card\" content=\"summary_large_image\" \/>\n<meta name=\"twitter:label1\" content=\"Est. reading time\" \/>\n\t<meta name=\"twitter:data1\" content=\"3 minutes\" \/>\n<!-- \/ Yoast SEO plugin. -->","yoast_head_json":{"title":"Medita\u00e7\u00e3o Anti-envelhecimento: Preserve o C\u00e9rebro | Alphalearning","description":"A pr\u00e1tica de medita\u00e7\u00e3o em longo prazo pode reduzir a perda da subst\u00e2ncia cinzenta relacionada \u00e0 idade. Aprenda essa abordagem com o Alphalearning.","robots":{"index":"index","follow":"follow","max-snippet":"max-snippet:-1","max-image-preview":"max-image-preview:large","max-video-preview":"max-video-preview:-1"},"canonical":"https:\/\/alphalearning.com\/pt\/meditacao-alivio-stress-neurofeedback\/efeitos-antienvelhecimento-meditacao\/","og_locale":"pt_PT","og_type":"article","og_title":"Medita\u00e7\u00e3o Anti-envelhecimento: Preserve o C\u00e9rebro | Alphalearning","og_description":"A pr\u00e1tica de medita\u00e7\u00e3o em longo prazo pode reduzir a perda da subst\u00e2ncia cinzenta relacionada \u00e0 idade. Aprenda essa abordagem com o Alphalearning.","og_url":"https:\/\/alphalearning.com\/pt\/meditacao-alivio-stress-neurofeedback\/efeitos-antienvelhecimento-meditacao\/","og_site_name":"Alphalearning International","article_modified_time":"2025-01-29T14:02:17+00:00","og_image":[{"url":"https:\/\/alphalearning.com\/wp-content\/uploads\/2024\/04\/group-by-age-interactions-gray-matter.jpg","type":"","width":"","height":""}],"twitter_card":"summary_large_image","twitter_misc":{"Est. reading time":"3 minutes"},"schema":{"@context":"https:\/\/schema.org","@graph":[{"@type":"WebPage","@id":"https:\/\/alphalearning.com\/pt\/meditacao-alivio-stress-neurofeedback\/efeitos-antienvelhecimento-meditacao\/","url":"https:\/\/alphalearning.com\/pt\/meditacao-alivio-stress-neurofeedback\/efeitos-antienvelhecimento-meditacao\/","name":"Medita\u00e7\u00e3o Anti-envelhecimento: Preserve o C\u00e9rebro | Alphalearning","isPartOf":{"@id":"https:\/\/alphalearning.com\/pt\/#website"},"primaryImageOfPage":{"@id":"https:\/\/alphalearning.com\/pt\/meditacao-alivio-stress-neurofeedback\/efeitos-antienvelhecimento-meditacao\/#primaryimage"},"image":{"@id":"https:\/\/alphalearning.com\/pt\/meditacao-alivio-stress-neurofeedback\/efeitos-antienvelhecimento-meditacao\/#primaryimage"},"thumbnailUrl":"https:\/\/alphalearning.com\/wp-content\/uploads\/2024\/04\/group-by-age-interactions-gray-matter.jpg","datePublished":"2024-03-27T16:40:53+00:00","dateModified":"2025-01-29T14:02:17+00:00","description":"A pr\u00e1tica de medita\u00e7\u00e3o em longo prazo pode reduzir a perda da subst\u00e2ncia cinzenta relacionada \u00e0 idade. Aprenda essa abordagem com o Alphalearning.","breadcrumb":{"@id":"https:\/\/alphalearning.com\/pt\/meditacao-alivio-stress-neurofeedback\/efeitos-antienvelhecimento-meditacao\/#breadcrumb"},"inLanguage":"pt","potentialAction":[{"@type":"ReadAction","target":["https:\/\/alphalearning.com\/pt\/meditacao-alivio-stress-neurofeedback\/efeitos-antienvelhecimento-meditacao\/"]}]},{"@type":"ImageObject","inLanguage":"pt","@id":"https:\/\/alphalearning.com\/pt\/meditacao-alivio-stress-neurofeedback\/efeitos-antienvelhecimento-meditacao\/#primaryimage","url":"https:\/\/alphalearning.com\/wp-content\/uploads\/2024\/04\/group-by-age-interactions-gray-matter.jpg","contentUrl":"https:\/\/alphalearning.com\/wp-content\/uploads\/2024\/04\/group-by-age-interactions-gray-matter.jpg"},{"@type":"BreadcrumbList","@id":"https:\/\/alphalearning.com\/pt\/meditacao-alivio-stress-neurofeedback\/efeitos-antienvelhecimento-meditacao\/#breadcrumb","itemListElement":[{"@type":"ListItem","position":1,"name":"Home","item":"https:\/\/alphalearning.com\/pt\/"},{"@type":"ListItem","position":2,"name":"Medita\u00e7\u00e3o e Al\u00edvio do Stress Atrav\u00e9s do Neurofeedback","item":"https:\/\/alphalearning.com\/pt\/meditacao-alivio-stress-neurofeedback\/"},{"@type":"ListItem","position":3,"name":"Efeitos Antienvelhecimento da Medita\u00e7\u00e3o Sobre a Atrofia de Subst\u00e2ncia Cinzenta"}]},{"@type":"WebSite","@id":"https:\/\/alphalearning.com\/pt\/#website","url":"https:\/\/alphalearning.com\/pt\/","name":"Alphalearning International","description":"the brain training institute","publisher":{"@id":"https:\/\/alphalearning.com\/pt\/#organization"},"potentialAction":[{"@type":"SearchAction","target":{"@type":"EntryPoint","urlTemplate":"https:\/\/alphalearning.com\/pt\/?s={search_term_string}"},"query-input":{"@type":"PropertyValueSpecification","valueRequired":true,"valueName":"search_term_string"}}],"inLanguage":"pt"},{"@type":"Organization","@id":"https:\/\/alphalearning.com\/pt\/#organization","name":"Alphalearning International","url":"https:\/\/alphalearning.com\/pt\/","logo":{"@type":"ImageObject","inLanguage":"pt","@id":"https:\/\/alphalearning.com\/pt\/#\/schema\/logo\/image\/","url":"https:\/\/alphalearning.com\/wp-content\/uploads\/2024\/03\/alphalearning_ico2_512px.png","contentUrl":"https:\/\/alphalearning.com\/wp-content\/uploads\/2024\/03\/alphalearning_ico2_512px.png","width":512,"height":512,"caption":"Alphalearning International"},"image":{"@id":"https:\/\/alphalearning.com\/pt\/#\/schema\/logo\/image\/"}}]}},"uagb_featured_image_src":{"full":false,"thumbnail":false,"medium":false,"medium_large":false,"large":false,"1536x1536":false,"2048x2048":false,"gform-image-choice-sm":false,"gform-image-choice-md":false,"gform-image-choice-lg":false},"uagb_author_info":{"display_name":"Julio Machado","author_link":"https:\/\/alphalearning.com\/pt\/author\/julio-machado\/"},"uagb_comment_info":0,"uagb_excerpt":"Para Sempre Jovem (ou Mais Jovem): Potenciais efeitos antienvelhecimento da medita\u00e7\u00e3o de longo prazo na atrofia da subst\u00e2ncia cinzenta Desde [&hellip;]","_links":{"self":[{"href":"https:\/\/alphalearning.com\/pt\/wp-json\/wp\/v2\/pages\/13333","targetHints":{"allow":["GET"]}}],"collection":[{"href":"https:\/\/alphalearning.com\/pt\/wp-json\/wp\/v2\/pages"}],"about":[{"href":"https:\/\/alphalearning.com\/pt\/wp-json\/wp\/v2\/types\/page"}],"author":[{"embeddable":true,"href":"https:\/\/alphalearning.com\/pt\/wp-json\/wp\/v2\/users\/2"}],"replies":[{"embeddable":true,"href":"https:\/\/alphalearning.com\/pt\/wp-json\/wp\/v2\/comments?post=13333"}],"version-history":[{"count":2,"href":"https:\/\/alphalearning.com\/pt\/wp-json\/wp\/v2\/pages\/13333\/revisions"}],"predecessor-version":[{"id":14596,"href":"https:\/\/alphalearning.com\/pt\/wp-json\/wp\/v2\/pages\/13333\/revisions\/14596"}],"up":[{"embeddable":true,"href":"https:\/\/alphalearning.com\/pt\/wp-json\/wp\/v2\/pages\/13320"}],"wp:attachment":[{"href":"https:\/\/alphalearning.com\/pt\/wp-json\/wp\/v2\/media?parent=13333"}],"curies":[{"name":"wp","href":"https:\/\/api.w.org\/{rel}","templated":true}]}}