{"id":13320,"date":"2024-03-27T16:39:54","date_gmt":"2024-03-27T16:39:54","guid":{"rendered":"https:\/\/alphalearning.com\/neurofeedback-meditation-stress-relief\/"},"modified":"2025-04-25T18:08:24","modified_gmt":"2025-04-25T17:08:24","slug":"meditacao-alivio-stress-neurofeedback","status":"publish","type":"page","link":"https:\/\/alphalearning.com\/pt\/meditacao-alivio-stress-neurofeedback\/","title":{"rendered":"Medita\u00e7\u00e3o e Al\u00edvio do Stress Atrav\u00e9s do Neurofeedback"},"content":{"rendered":"\n<div class=\"wp-block-uagb-advanced-heading uagb-block-e44d9a05\"><h1 class=\"uagb-heading-text\">Medita\u00e7\u00e3o, Neurofeedback e Treinamento Cerebral s\u00e3o a chave para o al\u00edvio do estresse<\/h1><\/div>\n\n\n\n<div class=\"wp-block-uagb-container uagb-block-c61c0197 alignfull uagb-is-root-container\"><div class=\"uagb-container-inner-blocks-wrap\">\n<div class=\"wp-block-uagb-advanced-heading uagb-block-5242079f\"><h2 class=\"uagb-heading-text\">Medita\u00e7\u00e3o, Neurofeedback e estados alterados de consci\u00eancia \u2013 pesquisa do Dr. Cade<\/h2><\/div>\n\n\n\n<p>Pesquisas realizadas em Londres pelo psicobi\u00f3logo Maxwell Cade, membro da Royal Society of Medicine, deram uma base cient\u00edfica para a medita\u00e7\u00e3o e possibilitaram o desenvolvimento do neurofeedback. Na d\u00e9cada de 1970, o Dr. Cade criou seu pr\u00f3prio equipamento de EEG-Neurofeedback (MindMirror) e conduziu extensas pesquisas com swamis, iogues e monges budistas para descobrir o que ocorria na fisiologia de seus c\u00e9rebros no momento da medita\u00e7\u00e3o. O Dr. Cade abriu caminho para aperfei\u00e7oar esse processo, explicando cientificamente o que antes era interpretado apenas sob um ponto de vista espiritual. Seu livro sobre essa pesquisa, The Awakened Mind (1979), continua impressionante at\u00e9 hoje.<\/p>\n\n\n\n<div class=\"wp-block-uagb-advanced-heading uagb-block-5b77ff4e\"><h2 class=\"uagb-heading-text\">Dra. Lazar \u2013 Efeitos ainda mais ben\u00e9ficos da medita\u00e7\u00e3o medidos por resson\u00e2ncia magn\u00e9tica<\/h2><\/div>\n\n\n\n<p>Com o avan\u00e7o da tecnologia de resson\u00e2ncia magn\u00e9tica de alta resolu\u00e7\u00e3o para estudos do c\u00e9rebro, novas pesquisas foram realizadas mostrando que os efeitos da medita\u00e7\u00e3o v\u00e3o muito al\u00e9m do que se poderia imaginar inicialmente. O aumento de massa cinzenta no c\u00f3rtex frontal, em \u00e1reas relacionadas \u00e0 mem\u00f3ria e \u00e0 tomada de decis\u00f5es, \u00e9 especialmente relevante porque h\u00e1 ampla documenta\u00e7\u00e3o de que o c\u00f3rtex diminui de tamanho conforme o indiv\u00edduo envelhece, e o c\u00e9rebro come\u00e7a a perder parte de suas fun\u00e7\u00f5es. Verificou-se que pessoas na faixa dos 50 anos que meditavam apresentavam a mesma por\u00e7\u00e3o de massa cinzenta no c\u00f3rtex pr\u00e9-frontal de indiv\u00edduos de 20 anos.<\/p>\n\n\n\n<div class=\"wp-block-uagb-image aligncenter uagb-block-c05495ad wp-block-uagb-image--layout-default wp-block-uagb-image--effect-static wp-block-uagb-image--align-center\"><figure class=\"wp-block-uagb-image__figure\"><img decoding=\"async\" srcset=\"https:\/\/alphalearning.com\/wp-content\/uploads\/2024\/04\/meditation-brain.jpg ,https:\/\/alphalearning.com\/wp-content\/uploads\/2024\/04\/meditation-brain.jpg 780w, https:\/\/alphalearning.com\/wp-content\/uploads\/2024\/04\/meditation-brain.jpg 360w\" sizes=\"auto, (max-width: 480px) 150px\" src=\"https:\/\/alphalearning.com\/wp-content\/uploads\/2024\/04\/meditation-brain.jpg\" alt=\"\" class=\"uag-image-707\" width=\"640\" height=\"425\" title=\"\" loading=\"lazy\" role=\"img\"\/><figcaption class=\"uagb-image-caption\"><em>\u00c1reas do c\u00e9rebro afetadas pelo envelhecimento (em vermelho) s\u00e3o menos numerosas e menos abrangentes em pessoas que meditam (linha inferior) do que naquelas que n\u00e3o meditam. Cortesia da Dra. Eileen Luders \/ UCLA<\/em><\/figcaption><\/figure><\/div>\n\n\n\n<p>Ao comparar o c\u00e9rebro de pessoas que meditam com o de um grupo de controle, foi encontrada uma <a href=\"https:\/\/alphalearning.com\/neurofeedback-meditation-stress-relief\/mindfulness-practice-leads-to-increases-in-regional-brain-gray-matter-density\/\">diferen\u00e7a em cinco \u00e1reas cerebrais<\/a>. Em quatro delas, houve um aumento de volume:<\/p>\n\n\n\n<ol class=\"wp-block-list\">\n<li>A principal diferen\u00e7a foi encontrada no c\u00edngulo posterior, que est\u00e1 envolvido em divaga\u00e7\u00f5es mentais e na relev\u00e2ncia do pr\u00f3prio indiv\u00edduo.<\/li>\n\n\n\n<li>O hipocampo esquerdo, que auxilia no aprendizado, na cogni\u00e7\u00e3o, na mem\u00f3ria e na regula\u00e7\u00e3o emocional.<\/li>\n\n\n\n<li>A jun\u00e7\u00e3o temporoparietal (JTP), associada \u00e0 tomada de perspectiva, empatia e compaix\u00e3o.<\/li>\n\n\n\n<li>Uma \u00e1rea do tronco encef\u00e1lico chamada Ponte, onde s\u00e3o produzidos muitos neurotransmissores reguladores.<\/li>\n<\/ol>\n\n\n\n<p>A am\u00edgdala, a parte do c\u00e9rebro relacionada \u00e0 resposta de \u201cluta ou fuga\u201d e fundamental para ansiedade, medo e estresse em geral, ficou menor no grupo que participou do programa de redu\u00e7\u00e3o de estresse baseado em mindfulness<a href=\"https:\/\/www.ncbi.nlm.nih.gov\/pmc\/articles\/PMC2840837\/\" target=\"_blank\" rel=\"noreferrer noopener\">*<\/a>. A mudan\u00e7a na am\u00edgdala tamb\u00e9m se correlacionou a uma redu\u00e7\u00e3o nos n\u00edveis de estresse.<\/p>\n\n\n\n<div class=\"wp-block-uagb-advanced-heading uagb-block-6fee78a5\"><h2 class=\"uagb-heading-text\">Como o estresse est\u00e1, literalmente, destruindo o seu c\u00e9rebro<\/h2><\/div>\n\n\n\n<p>Os efeitos prejudiciais do estresse no c\u00e9rebro s\u00e3o conhecidos desde 1991, causados principalmente pelo cortisol e pela adrenalina. Esses horm\u00f4nios relacionados ao estresse afetam n\u00e3o apenas as fun\u00e7\u00f5es cerebrais, mas tamb\u00e9m modificam a estrutura f\u00edsica do c\u00e9rebro.<\/p>\n\n\n\n<p>O horm\u00f4nio do estresse, o cortisol, pode matar, atrofiar e interromper a gera\u00e7\u00e3o de novos neur\u00f4nios em uma parte do c\u00e9rebro chamada hipocampo<a href=\"https:\/\/alphalearning.com\/neurofeedback-meditation-stress-relief\/#\">*<\/a>. O hipocampo \u00e9 fundamental para aprendizado, mem\u00f3ria e regula\u00e7\u00e3o emocional, al\u00e9m de desligar a resposta ao estresse ap\u00f3s um evento estressante \u2014 processos essenciais tanto em nossa vida profissional quanto pessoal.<\/p>\n\n\n\n<p>O estresse cr\u00f4nico tamb\u00e9m pode reduzir o c\u00f3rtex pr\u00e9-frontal medial<a href=\"https:\/\/alphalearning.com\/neurofeedback-meditation-stress-relief\/#\">*<\/a>. Isso afeta negativamente a tomada de decis\u00f5es, a mem\u00f3ria de trabalho e o controle de comportamentos impulsivos. O estresse ainda tem a capacidade de afetar <a href=\"https:\/\/en.wikipedia.org\/wiki\/Neural_stem_cell\">c\u00e9lulas-tronco <\/a><a href=\"https:\/\/pt.wikipedia.org\/wiki\/C%C3%A9lula_estaminal_neural\" target=\"_blank\" rel=\"noreferrer noopener\">neurais<\/a>, inibindo o acesso ao c\u00f3rtex pr\u00e9-frontal, onde planejamos comportamentos cognitivos complexos e moderamos intera\u00e7\u00f5es sociais. O resultado \u00e9 um c\u00e9rebro menos apto a aprender e formar novas mem\u00f3rias, al\u00e9m de mais propenso \u00e0 ansiedade e depress\u00e3o.<\/p>\n\n\n\n<p>Essas altera\u00e7\u00f5es cerebrais podem ter consequ\u00eancias significativas na forma como interagimos com os outros, em nossa capacidade de aprender, lembrar, tomar decis\u00f5es e alcan\u00e7ar objetivos de longo prazo. Elas tamb\u00e9m tornam mais dif\u00edcil gerenciar situa\u00e7\u00f5es estressantes no futuro, levando a um ciclo vicioso.<\/p>\n\n\n\n<div style=\"height:2px\" aria-hidden=\"true\" id=\"stress-relief-through-eeg-guided-meditation\" class=\"wp-block-spacer\"><\/div>\n\n\n\n<div class=\"wp-block-uagb-advanced-heading uagb-block-9ead7cd8\"><h2 class=\"uagb-heading-text\">Neurofeedback e Treinamento Cerebral \u2013 al\u00edvio do estresse por meio de medita\u00e7\u00e3o guiada por EEG<\/h2><\/div>\n\n\n\n<p>O Dr. Cade, depois de mais de 4.500 eletroencefalogramas registrados, conseguiu identificar o estado Alfa como o cerne da medita\u00e7\u00e3o. Ao medir as ondas cerebrais de uma pessoa que est\u00e1 nesse estado meditativo, mas mentalmente focada, o monitor mostra uma onda alfa lenta em torno de 7 Hz.<\/p>\n\n\n\n<p>No livro The Awakened Mind, o Dr. Cade conclui: \u201cPara atingir uma frequ\u00eancia alfa de 9 Hz, \u00e9 necess\u00e1rio de dois a cinco anos de experi\u00eancia em medita\u00e7\u00e3o. Com dez a vinte anos de pr\u00e1tica, encontramos a frequ\u00eancia alfa em cerca de 7 Hz.\u201d Essa conclus\u00e3o \u00e9 refor\u00e7ada pela pesquisa de Michael Hutchison, que afirma: \u201cSomente monges zen que meditaram por mais de 20 anos conseguem entrar nos estados Alfa (7 Hz) \u2013 Teta (3 Hz) \u00e0 vontade.\u201d<br><\/p>\n\n\n\n<p><strong>O Brainwave III atinge, em quest\u00e3o de dias, o que antes se acreditava exigir de 10 a 20 anos.<\/strong><\/p>\n<\/div><\/div>\n\n\n\n<figure class=\"wp-block-image alignleft size-large is-resized\"><img loading=\"lazy\" decoding=\"async\" width=\"1024\" height=\"458\" src=\"https:\/\/alphalearning.com\/wp-content\/uploads\/2024\/04\/alpha-meditation-alphalearning-1024x458.jpg\" alt=\"\" class=\"wp-image-708\" style=\"width:698px;height:auto\" srcset=\"https:\/\/alphalearning.com\/wp-content\/uploads\/2024\/04\/alpha-meditation-alphalearning-1024x458.jpg 1024w, https:\/\/alphalearning.com\/wp-content\/uploads\/2024\/04\/alpha-meditation-alphalearning-300x134.jpg 300w, https:\/\/alphalearning.com\/wp-content\/uploads\/2024\/04\/alpha-meditation-alphalearning-768x343.jpg 768w, https:\/\/alphalearning.com\/wp-content\/uploads\/2024\/04\/alpha-meditation-alphalearning-1536x687.jpg 1536w, https:\/\/alphalearning.com\/wp-content\/uploads\/2024\/04\/alpha-meditation-alphalearning.jpg 1899w\" sizes=\"auto, (max-width: 1024px) 100vw, 1024px\" \/><\/figure>\n\n\n\n<p>A Esta\u00e7\u00e3o Brainwave \u00e9 composta por um m\u00f3dulo EEG-Neurofeedback (equipamento de EEG que, conectado a um computador, registra as frequ\u00eancias cerebrais em tempo real e auxilia no treinamento) e um m\u00f3dulo de est\u00edmulos \u00f3ptico-ac\u00fasticos (que, conectado a outro computador, implementa no c\u00e9rebro as frequ\u00eancias desejadas). Este equipamento \u00e9 entregue ao cliente.<\/p>\n\n\n\n<p>O processo b\u00e1sico segue as etapas abaixo, sempre com an\u00e1lise de EEG em tempo real:<\/p>\n\n\n\n<p>1. Inicialmente, registramos um EEG enquanto o cliente realiza um teste de 4 minutos que envolve seis diferentes fun\u00e7\u00f5es intelectuais, resultando em 24 aspectos distintos dessa leitura de EEG.<\/p>\n\n\n\n<p>2. Ap\u00f3s a an\u00e1lise dessa leitura, escolhemos (ou elaboramos) um programa de est\u00edmulos \u00f3ptico-ac\u00fasticos que dar\u00e1 in\u00edcio ao treinamento propriamente dito, com dura\u00e7\u00e3o de 12 minutos. Esse equipamento implementa certas frequ\u00eancias diretamente no c\u00e9rebro. Nesse momento, o cliente aprende a alcan\u00e7ar imediatamente o estado Alfa e Teta, e o computador confirma que ele est\u00e1 dentro dos par\u00e2metros corretos dessas frequ\u00eancias.<\/p>\n\n\n\n<p>3. Em seguida, o teste de 4 minutos (passo 1) \u00e9 realizado novamente.<\/p>\n\n\n\n<p>4. Agora, com tr\u00eas leituras de EEG dispon\u00edveis para an\u00e1lise, preparamos atividades e o treinamento a ser feito com o aux\u00edlio do est\u00edmulo \u00f3ptico-ac\u00fastico.<\/p>\n\n\n\n<p>Em cinco dias, 100% de nossos clientes conseguem:<\/p>\n\n\n\n<ul class=\"wp-block-list\">\n<li>Entrar nos estados Alfa e Teta imediatamente, \u00e0 vontade<\/li>\n\n\n\n<li>Manter esses estados pelo tempo que desejarem<\/li>\n\n\n\n<li>Eliminar completamente o estresse em ambientes profissionais e pessoais<\/li>\n\n\n\n<li>Operar com facilidade a Brainwave station e seu software<\/li>\n<\/ul>\n\n\n\n<div class=\"wp-block-uagb-container uagb-block-6b4aaca5 alignfull uagb-is-root-container\"><div class=\"uagb-container-inner-blocks-wrap\">\n<p>Al\u00e9m disso, conforme o caso de cada cliente, diversas outras demandas podem ser atendidas, como solu\u00e7\u00e3o para <a href=\"https:\/\/alphalearning.com\/neurofeedback-and-adhd\/\">TDAH<\/a> e <a href=\"https:\/\/alphalearning.com\/pt\/dislexia-pode-ser-curada\/\">dislexia<\/a>, aumento de <a href=\"https:\/\/alphalearning.com\/pt\/desempenho-academico\/\">desempenho acad\u00eamico ou art\u00edstico<\/a>, dist\u00farbios decorrentes de <a href=\"https:\/\/alphalearning.com\/birth-problems\/\">problemas de nascimento<\/a>, solu\u00e7\u00e3o de fibromialgia e <a href=\"https:\/\/alphalearning.com\/pt\/transtornos-do-espectro-autista\/aplicacao-neurofeedback-para-espectro-autista\/\">redu\u00e7\u00e3o de sintomas relacionados ao espectro do autismo<\/a>.<\/p>\n\n\n\n<p>Ap\u00f3s o curso, o cliente conta com a supervis\u00e3o remota cont\u00ednua do Alphalearning Internacional pelo tempo que for necess\u00e1rio para dominar a leitura dos EEGs e operar com confian\u00e7a o software de neurofeedback e est\u00edmulo \u00f3ptico-ac\u00fastico. Ademais, uma agenda que desenvolve plenamente os clientes pode levar meses da sua vida, e fazemos quest\u00e3o de acompanhar a implementa\u00e7\u00e3o dessas metas.<\/p>\n\n\n\n<p><a href=\"https:\/\/alphalearning.com\/pt\/contato\/\">Entre em contato conosco<\/a> para agendar uma entrevista, esclarecer suas d\u00favidas e marcar o seu curso.<\/p>\n<\/div><\/div>\n","protected":false},"excerpt":{"rendered":"<p>Medita\u00e7\u00e3o, Neurofeedback e Treinamento Cerebral s\u00e3o a chave para o al\u00edvio do estresse Medita\u00e7\u00e3o, Neurofeedback e estados alterados de consci\u00eancia [&hellip;]<\/p>\n","protected":false},"author":2,"featured_media":0,"parent":0,"menu_order":340,"comment_status":"closed","ping_status":"closed","template":"","meta":{"_uag_custom_page_level_css":"","site-sidebar-layout":"default","site-content-layout":"","ast-site-content-layout":"default","site-content-style":"default","site-sidebar-style":"default","ast-global-header-display":"","ast-banner-title-visibility":"","ast-main-header-display":"","ast-hfb-above-header-display":"","ast-hfb-below-header-display":"","ast-hfb-mobile-header-display":"","site-post-title":"disabled","ast-breadcrumbs-content":"","ast-featured-img":"","footer-sml-layout":"","ast-disable-related-posts":"","theme-transparent-header-meta":"","adv-header-id-meta":"","stick-header-meta":"","header-above-stick-meta":"","header-main-stick-meta":"","header-below-stick-meta":"","astra-migrate-meta-layouts":"default","ast-page-background-enabled":"default","ast-page-background-meta":{"desktop":{"background-color":"var(--ast-global-color-4)","background-image":"","background-repeat":"repeat","background-position":"center center","background-size":"auto","background-attachment":"scroll","background-type":"","background-media":"","overlay-type":"","overlay-color":"","overlay-opacity":"","overlay-gradient":""},"tablet":{"background-color":"","background-image":"","background-repeat":"repeat","background-position":"center center","background-size":"auto","background-attachment":"scroll","background-type":"","background-media":"","overlay-type":"","overlay-color":"","overlay-opacity":"","overlay-gradient":""},"mobile":{"background-color":"","background-image":"","background-repeat":"repeat","background-position":"center center","background-size":"auto","background-attachment":"scroll","background-type":"","background-media":"","overlay-type":"","overlay-color":"","overlay-opacity":"","overlay-gradient":""}},"ast-content-background-meta":{"desktop":{"background-color":"var(--ast-global-color-5)","background-image":"","background-repeat":"repeat","background-position":"center center","background-size":"auto","background-attachment":"scroll","background-type":"","background-media":"","overlay-type":"","overlay-color":"","overlay-opacity":"","overlay-gradient":""},"tablet":{"background-color":"var(--ast-global-color-5)","background-image":"","background-repeat":"repeat","background-position":"center center","background-size":"auto","background-attachment":"scroll","background-type":"","background-media":"","overlay-type":"","overlay-color":"","overlay-opacity":"","overlay-gradient":""},"mobile":{"background-color":"var(--ast-global-color-5)","background-image":"","background-repeat":"repeat","background-position":"center center","background-size":"auto","background-attachment":"scroll","background-type":"","background-media":"","overlay-type":"","overlay-color":"","overlay-opacity":"","overlay-gradient":""}},"footnotes":""},"class_list":["post-13320","page","type-page","status-publish","hentry"],"yoast_head":"<!-- This site is optimized with the Yoast SEO plugin v27.1.1 - https:\/\/yoast.com\/product\/yoast-seo-wordpress\/ -->\n<title>Medita\u00e7\u00e3o, Neurofeedback &amp; Treinamento Cerebral Antiestresse<\/title>\n<meta name=\"description\" content=\"Conhe\u00e7a como a medita\u00e7\u00e3o, o neurofeedback e o Sistema Brainwave III reduzem o estresse, aprimoram o c\u00e9rebro e retardam o envelhecimento.\" \/>\n<meta name=\"robots\" content=\"index, follow, max-snippet:-1, max-image-preview:large, max-video-preview:-1\" \/>\n<link rel=\"canonical\" href=\"https:\/\/alphalearning.com\/pt\/meditacao-alivio-stress-neurofeedback\/\" \/>\n<meta property=\"og:locale\" content=\"pt_PT\" \/>\n<meta property=\"og:type\" content=\"article\" \/>\n<meta property=\"og:title\" content=\"Medita\u00e7\u00e3o, Neurofeedback &amp; Treinamento Cerebral Antiestresse\" \/>\n<meta property=\"og:description\" content=\"Conhe\u00e7a como a medita\u00e7\u00e3o, o neurofeedback e o Sistema Brainwave III reduzem o estresse, aprimoram o c\u00e9rebro e retardam o envelhecimento.\" \/>\n<meta property=\"og:url\" content=\"https:\/\/alphalearning.com\/pt\/meditacao-alivio-stress-neurofeedback\/\" \/>\n<meta property=\"og:site_name\" content=\"Alphalearning International\" \/>\n<meta property=\"article:modified_time\" content=\"2025-04-25T17:08:24+00:00\" \/>\n<meta property=\"og:image\" content=\"https:\/\/alphalearning.com\/wp-content\/uploads\/2024\/04\/meditation-brain.jpg\" \/>\n<meta name=\"twitter:card\" content=\"summary_large_image\" \/>\n<meta name=\"twitter:label1\" content=\"Est. reading time\" \/>\n\t<meta name=\"twitter:data1\" content=\"6 minutes\" \/>\n<!-- \/ Yoast SEO plugin. -->","yoast_head_json":{"title":"Medita\u00e7\u00e3o, Neurofeedback & Treinamento Cerebral Antiestresse","description":"Conhe\u00e7a como a medita\u00e7\u00e3o, o neurofeedback e o Sistema Brainwave III reduzem o estresse, aprimoram o c\u00e9rebro e retardam o envelhecimento.","robots":{"index":"index","follow":"follow","max-snippet":"max-snippet:-1","max-image-preview":"max-image-preview:large","max-video-preview":"max-video-preview:-1"},"canonical":"https:\/\/alphalearning.com\/pt\/meditacao-alivio-stress-neurofeedback\/","og_locale":"pt_PT","og_type":"article","og_title":"Medita\u00e7\u00e3o, Neurofeedback & Treinamento Cerebral Antiestresse","og_description":"Conhe\u00e7a como a medita\u00e7\u00e3o, o neurofeedback e o Sistema Brainwave III reduzem o estresse, aprimoram o c\u00e9rebro e retardam o envelhecimento.","og_url":"https:\/\/alphalearning.com\/pt\/meditacao-alivio-stress-neurofeedback\/","og_site_name":"Alphalearning International","article_modified_time":"2025-04-25T17:08:24+00:00","og_image":[{"url":"https:\/\/alphalearning.com\/wp-content\/uploads\/2024\/04\/meditation-brain.jpg","type":"","width":"","height":""}],"twitter_card":"summary_large_image","twitter_misc":{"Est. reading time":"6 minutes"},"schema":{"@context":"https:\/\/schema.org","@graph":[{"@type":"WebPage","@id":"https:\/\/alphalearning.com\/pt\/meditacao-alivio-stress-neurofeedback\/","url":"https:\/\/alphalearning.com\/pt\/meditacao-alivio-stress-neurofeedback\/","name":"Medita\u00e7\u00e3o, Neurofeedback & Treinamento Cerebral Antiestresse","isPartOf":{"@id":"https:\/\/alphalearning.com\/pt\/#website"},"primaryImageOfPage":{"@id":"https:\/\/alphalearning.com\/pt\/meditacao-alivio-stress-neurofeedback\/#primaryimage"},"image":{"@id":"https:\/\/alphalearning.com\/pt\/meditacao-alivio-stress-neurofeedback\/#primaryimage"},"thumbnailUrl":"https:\/\/alphalearning.com\/wp-content\/uploads\/2024\/04\/meditation-brain.jpg","datePublished":"2024-03-27T16:39:54+00:00","dateModified":"2025-04-25T17:08:24+00:00","description":"Conhe\u00e7a como a medita\u00e7\u00e3o, o neurofeedback e o Sistema Brainwave III reduzem o estresse, aprimoram o c\u00e9rebro e retardam o envelhecimento.","breadcrumb":{"@id":"https:\/\/alphalearning.com\/pt\/meditacao-alivio-stress-neurofeedback\/#breadcrumb"},"inLanguage":"pt","potentialAction":[{"@type":"ReadAction","target":["https:\/\/alphalearning.com\/pt\/meditacao-alivio-stress-neurofeedback\/"]}]},{"@type":"ImageObject","inLanguage":"pt","@id":"https:\/\/alphalearning.com\/pt\/meditacao-alivio-stress-neurofeedback\/#primaryimage","url":"https:\/\/alphalearning.com\/wp-content\/uploads\/2024\/04\/meditation-brain.jpg","contentUrl":"https:\/\/alphalearning.com\/wp-content\/uploads\/2024\/04\/meditation-brain.jpg"},{"@type":"BreadcrumbList","@id":"https:\/\/alphalearning.com\/pt\/meditacao-alivio-stress-neurofeedback\/#breadcrumb","itemListElement":[{"@type":"ListItem","position":1,"name":"Home","item":"https:\/\/alphalearning.com\/pt\/"},{"@type":"ListItem","position":2,"name":"Medita\u00e7\u00e3o e Al\u00edvio do Stress Atrav\u00e9s do Neurofeedback"}]},{"@type":"WebSite","@id":"https:\/\/alphalearning.com\/pt\/#website","url":"https:\/\/alphalearning.com\/pt\/","name":"Alphalearning International","description":"the brain training institute","publisher":{"@id":"https:\/\/alphalearning.com\/pt\/#organization"},"potentialAction":[{"@type":"SearchAction","target":{"@type":"EntryPoint","urlTemplate":"https:\/\/alphalearning.com\/pt\/?s={search_term_string}"},"query-input":{"@type":"PropertyValueSpecification","valueRequired":true,"valueName":"search_term_string"}}],"inLanguage":"pt"},{"@type":"Organization","@id":"https:\/\/alphalearning.com\/pt\/#organization","name":"Alphalearning International","url":"https:\/\/alphalearning.com\/pt\/","logo":{"@type":"ImageObject","inLanguage":"pt","@id":"https:\/\/alphalearning.com\/pt\/#\/schema\/logo\/image\/","url":"https:\/\/alphalearning.com\/wp-content\/uploads\/2024\/03\/alphalearning_ico2_512px.png","contentUrl":"https:\/\/alphalearning.com\/wp-content\/uploads\/2024\/03\/alphalearning_ico2_512px.png","width":512,"height":512,"caption":"Alphalearning International"},"image":{"@id":"https:\/\/alphalearning.com\/pt\/#\/schema\/logo\/image\/"}}]}},"uagb_featured_image_src":{"full":false,"thumbnail":false,"medium":false,"medium_large":false,"large":false,"1536x1536":false,"2048x2048":false,"gform-image-choice-sm":false,"gform-image-choice-md":false,"gform-image-choice-lg":false},"uagb_author_info":{"display_name":"Julio Machado","author_link":"https:\/\/alphalearning.com\/pt\/author\/julio-machado\/"},"uagb_comment_info":0,"uagb_excerpt":"Medita\u00e7\u00e3o, Neurofeedback e Treinamento Cerebral s\u00e3o a chave para o al\u00edvio do estresse Medita\u00e7\u00e3o, Neurofeedback e estados alterados de consci\u00eancia [&hellip;]","_links":{"self":[{"href":"https:\/\/alphalearning.com\/pt\/wp-json\/wp\/v2\/pages\/13320","targetHints":{"allow":["GET"]}}],"collection":[{"href":"https:\/\/alphalearning.com\/pt\/wp-json\/wp\/v2\/pages"}],"about":[{"href":"https:\/\/alphalearning.com\/pt\/wp-json\/wp\/v2\/types\/page"}],"author":[{"embeddable":true,"href":"https:\/\/alphalearning.com\/pt\/wp-json\/wp\/v2\/users\/2"}],"replies":[{"embeddable":true,"href":"https:\/\/alphalearning.com\/pt\/wp-json\/wp\/v2\/comments?post=13320"}],"version-history":[{"count":3,"href":"https:\/\/alphalearning.com\/pt\/wp-json\/wp\/v2\/pages\/13320\/revisions"}],"predecessor-version":[{"id":16054,"href":"https:\/\/alphalearning.com\/pt\/wp-json\/wp\/v2\/pages\/13320\/revisions\/16054"}],"wp:attachment":[{"href":"https:\/\/alphalearning.com\/pt\/wp-json\/wp\/v2\/media?parent=13320"}],"curies":[{"name":"wp","href":"https:\/\/api.w.org\/{rel}","templated":true}]}}