{"id":13310,"date":"2024-03-27T16:39:26","date_gmt":"2024-03-27T16:39:26","guid":{"rendered":"https:\/\/alphalearning.com\/neurofeedback-and-brainwave-system-possibilities\/"},"modified":"2025-01-26T12:34:35","modified_gmt":"2025-01-26T12:34:35","slug":"neurofeedback-possibilidades-sistema-brainwave","status":"publish","type":"page","link":"https:\/\/alphalearning.com\/pt\/neurofeedback-possibilidades-sistema-brainwave\/","title":{"rendered":"Neurofeedback e Possibilidades do Sistema Brainwave"},"content":{"rendered":"\n<div class=\"wp-block-uagb-advanced-heading uagb-block-aaf832f1\"><h1 class=\"uagb-heading-text\">Possibilidades do Neurofeedback e do Sistema Brainwave III<\/h1><\/div>\n\n\n\n<div class=\"wp-block-uagb-container uagb-block-0af584cd alignfull uagb-is-root-container\"><div class=\"uagb-container-inner-blocks-wrap\">\n<div class=\"wp-block-uagb-container uagb-block-8c8ed38f\">\n<div class=\"wp-block-uagb-advanced-heading uagb-block-c6e92ffa\"><h4 class=\"uagb-heading-text\">Solu\u00e7\u00e3o para Dislexia<\/h4><\/div>\n\n\n\n<p>Depois de testar o sistema em 500 pessoas, em 1995 foi poss\u00edvel declarar publicamente que a dislexia \u00e9 um problema que tem solu\u00e7\u00e3o.<\/p>\n\n\n\n<p>Isso exige de 10 a 30 horas de treinamento.<\/p>\n\n\n\n<p>Atrav\u00e9s dos links abaixo, voc\u00ea pode se informar e compreender como a dislexia pode ser curada permanentemente em 5 dias, sem medicamentos e com muitos benef\u00edcios extras.<\/p>\n\n\n\n<ul class=\"wp-block-list\">\n<li><a href=\"https:\/\/alphalearning.com\/pt\/dislexia-pode-ser-curada\/dislexia-e-neurofeedback\/\">O dia a dia de um curso<\/a><\/li>\n\n\n\n<li><a href=\"https:\/\/alphalearning.com\/pt\/dislexia-pode-ser-curada\/dislexia-estudo-duplo-cego\/\">Estudo Duplo-Cego<\/a><\/li>\n\n\n\n<li><a href=\"https:\/\/alphalearning.com\/pt\/dislexia-pode-ser-curada\/dislexia-estudo-de-caso\/\">Estudo de Caso<\/a><\/li>\n\n\n\n<li><a href=\"https:\/\/alphalearning.com\/pt\/comentarios-de-clientes-alphalearning\/familias-e-individuos\/julia-lowes\/\">Julia Lowes \u2013 A hist\u00f3ria de uma ex-disl\u00e9xica<\/a><\/li>\n\n\n\n<li><a href=\"https:\/\/alphalearning.com\/pt\/comentarios-de-clientes-alphalearning\/familias-e-individuos\/james-douglas\/\">James Douglas (Dislexia e TDAH)<\/a><\/li>\n\n\n\n<li><a href=\"https:\/\/alphalearning.com\/pt\/comentarios-de-clientes-alphalearning\/familias-e-individuos\/dr-h-j-h-richards\/\">H. J. H. Richards, BA, MA (Ed), Ph.D. (Dislexia e TDAH)<\/a><\/li>\n<\/ul>\n<\/div>\n\n\n\n<div class=\"wp-block-uagb-container uagb-block-7e58f84d\">\n<p>Dominar a capacidade de controlar as frequ\u00eancias cerebrais \u00e9 o melhor meio de alcan\u00e7ar os pr\u00f3prios objetivos na vida pessoal, familiar e profissional. As possibilidades de Neurofeedback e do Sistema Brainwave III listadas abaixo s\u00e3o apenas algumas, j\u00e1 bem documentadas, com as quais o Alphalearning pode ajudar. Durante o curso, o cliente aprende como aplicar todas as t\u00e9cnicas trabalhadas em t\u00f3picos como:<\/p>\n\n\n\n<ul class=\"wp-block-list\">\n<li><a href=\"https:\/\/alphalearning.com\/pt\/transtornos-do-espectro-autista\/\">Transtorno do Espectro Autista<\/a><\/li>\n\n\n\n<li><a href=\"https:\/\/alphalearning.com\/pt\/dislexia-pode-ser-curada\/\">Solu\u00e7\u00e3o da Dislexia<\/a>\u00a0(veja mais links na barra lateral)<\/li>\n\n\n\n<li><a href=\"https:\/\/alphalearning.com\/neurofeedback-meditation-stress-relief\/\">Medita\u00e7\u00e3o e al\u00edvio do estresse por meio de Neurofeedback<\/a><\/li>\n\n\n\n<li><a href=\"https:\/\/alphalearning.com\/neurofeedback\/\">Neurofeedback<\/a><\/li>\n\n\n\n<li><a href=\"https:\/\/alphalearning.com\/pt\/desempenho-academico\/\">Desempenho acad\u00eamico<\/a><\/li>\n\n\n\n<li><a href=\"https:\/\/alphalearning.com\/neurofeedback-and-adhd\/\">Solu\u00e7\u00e3o do TDAH<\/a><\/li>\n\n\n\n<li>Melhora da mem\u00f3ria e da concentra\u00e7\u00e3o<\/li>\n\n\n\n<li>Tomada de decis\u00e3o e resolu\u00e7\u00e3o de conflitos<\/li>\n\n\n\n<li>Leitura din\u00e2mica e anota\u00e7\u00f5es neurais<\/li>\n\n\n\n<li>Performance Art\u00edstica<\/li>\n\n\n\n<li><a href=\"https:\/\/alphalearning.com\/neurofeedback-athletics-and-sports\/\">Atletismo e esportes<\/a><\/li>\n\n\n\n<li>Gerenciamento do estresse<\/li>\n\n\n\n<li>Fibromialgia, controle da dor e relaxamento f\u00edsico<\/li>\n\n\n\n<li>Equil\u00edbrio f\u00edsico e mental<\/li>\n\n\n\n<li>Expans\u00e3o da rede neural (maior percep\u00e7\u00e3o e criatividade)<\/li>\n\n\n\n<li><a href=\"https:\/\/alphalearning.com\/birth-problems\/\">Resolu\u00e7\u00e3o de dist\u00farbios decorrentes de problemas de nascimento<\/a><\/li>\n\n\n\n<li>Corre\u00e7\u00e3o de defici\u00eancias intelectuais para elevar o QI ao seu verdadeiro potencial<\/li>\n<\/ul>\n\n\n\n<p>Muitas outras atividades s\u00e3o aprimoradas e diversas situa\u00e7\u00f5es s\u00e3o resolvidas com o controle das frequ\u00eancias cerebrais. Se voc\u00ea n\u00e3o encontrou seu objetivo na lista acima ou n\u00e3o tem certeza se este treinamento \u00e9 adequado para voc\u00ea, <a href=\"https:\/\/alphalearning.com\/pt\/contato\/\">entre em contato conosco<\/a> para confirmar se podemos ajudar ou n\u00e3o.<\/p>\n<\/div>\n<\/div><\/div>\n","protected":false},"excerpt":{"rendered":"<p>Possibilidades do Neurofeedback e do Sistema Brainwave III Solu\u00e7\u00e3o para Dislexia Depois de testar o sistema em 500 pessoas, em [&hellip;]<\/p>\n","protected":false},"author":2,"featured_media":0,"parent":0,"menu_order":300,"comment_status":"closed","ping_status":"closed","template":"","meta":{"_uag_custom_page_level_css":"","site-sidebar-layout":"default","site-content-layout":"","ast-site-content-layout":"default","site-content-style":"default","site-sidebar-style":"default","ast-global-header-display":"","ast-banner-title-visibility":"","ast-main-header-display":"","ast-hfb-above-header-display":"","ast-hfb-below-header-display":"","ast-hfb-mobile-header-display":"","site-post-title":"disabled","ast-breadcrumbs-content":"","ast-featured-img":"","footer-sml-layout":"","ast-disable-related-posts":"","theme-transparent-header-meta":"","adv-header-id-meta":"","stick-header-meta":"","header-above-stick-meta":"","header-main-stick-meta":"","header-below-stick-meta":"","astra-migrate-meta-layouts":"default","ast-page-background-enabled":"default","ast-page-background-meta":{"desktop":{"background-color":"var(--ast-global-color-4)","background-image":"","background-repeat":"repeat","background-position":"center center","background-size":"auto","background-attachment":"scroll","background-type":"","background-media":"","overlay-type":"","overlay-color":"","overlay-opacity":"","overlay-gradient":""},"tablet":{"background-color":"","background-image":"","background-repeat":"repeat","background-position":"center center","background-size":"auto","background-attachment":"scroll","background-type":"","background-media":"","overlay-type":"","overlay-color":"","overlay-opacity":"","overlay-gradient":""},"mobile":{"background-color":"","background-image":"","background-repeat":"repeat","background-position":"center center","background-size":"auto","background-attachment":"scroll","background-type":"","background-media":"","overlay-type":"","overlay-color":"","overlay-opacity":"","overlay-gradient":""}},"ast-content-background-meta":{"desktop":{"background-color":"var(--ast-global-color-5)","background-image":"","background-repeat":"repeat","background-position":"center center","background-size":"auto","background-attachment":"scroll","background-type":"","background-media":"","overlay-type":"","overlay-color":"","overlay-opacity":"","overlay-gradient":""},"tablet":{"background-color":"var(--ast-global-color-5)","background-image":"","background-repeat":"repeat","background-position":"center center","background-size":"auto","background-attachment":"scroll","background-type":"","background-media":"","overlay-type":"","overlay-color":"","overlay-opacity":"","overlay-gradient":""},"mobile":{"background-color":"var(--ast-global-color-5)","background-image":"","background-repeat":"repeat","background-position":"center center","background-size":"auto","background-attachment":"scroll","background-type":"","background-media":"","overlay-type":"","overlay-color":"","overlay-opacity":"","overlay-gradient":""}},"footnotes":""},"class_list":["post-13310","page","type-page","status-publish","hentry"],"yoast_head":"<!-- This site is optimized with the Yoast SEO plugin v27.1.1 - https:\/\/yoast.com\/product\/yoast-seo-wordpress\/ -->\n<title>Neurofeedback e Solu\u00e7\u00f5es Brainwave | Alphalearning<\/title>\n<meta name=\"description\" content=\"Supere Dislexia e TDAH, reduza o estresse e melhore a mem\u00f3ria com o Neurofeedback e o Sistema Brainwave III do Alphalearning. Desperte todo o seu potencial.\" \/>\n<meta name=\"robots\" content=\"index, follow, max-snippet:-1, max-image-preview:large, max-video-preview:-1\" \/>\n<link rel=\"canonical\" href=\"https:\/\/alphalearning.com\/pt\/neurofeedback-possibilidades-sistema-brainwave\/\" \/>\n<meta property=\"og:locale\" content=\"pt_PT\" \/>\n<meta property=\"og:type\" content=\"article\" \/>\n<meta property=\"og:title\" content=\"Neurofeedback e Solu\u00e7\u00f5es Brainwave | Alphalearning\" \/>\n<meta property=\"og:description\" content=\"Supere Dislexia e TDAH, reduza o estresse e melhore a mem\u00f3ria com o Neurofeedback e o Sistema Brainwave III do Alphalearning. Desperte todo o seu potencial.\" \/>\n<meta property=\"og:url\" content=\"https:\/\/alphalearning.com\/pt\/neurofeedback-possibilidades-sistema-brainwave\/\" \/>\n<meta property=\"og:site_name\" content=\"Alphalearning International\" \/>\n<meta property=\"article:modified_time\" content=\"2025-01-26T12:34:35+00:00\" \/>\n<meta property=\"og:image\" content=\"https:\/\/alphalearning.com\/wp-content\/uploads\/2024\/04\/alphalearning-logo_red_1200x675px.png\" \/>\n\t<meta property=\"og:image:width\" content=\"1200\" \/>\n\t<meta property=\"og:image:height\" content=\"675\" \/>\n\t<meta property=\"og:image:type\" content=\"image\/png\" \/>\n<meta name=\"twitter:card\" content=\"summary_large_image\" \/>\n<meta name=\"twitter:label1\" content=\"Est. reading time\" \/>\n\t<meta name=\"twitter:data1\" content=\"2 minutes\" \/>\n<!-- \/ Yoast SEO plugin. -->","yoast_head_json":{"title":"Neurofeedback e Solu\u00e7\u00f5es Brainwave | Alphalearning","description":"Supere Dislexia e TDAH, reduza o estresse e melhore a mem\u00f3ria com o Neurofeedback e o Sistema Brainwave III do Alphalearning. Desperte todo o seu potencial.","robots":{"index":"index","follow":"follow","max-snippet":"max-snippet:-1","max-image-preview":"max-image-preview:large","max-video-preview":"max-video-preview:-1"},"canonical":"https:\/\/alphalearning.com\/pt\/neurofeedback-possibilidades-sistema-brainwave\/","og_locale":"pt_PT","og_type":"article","og_title":"Neurofeedback e Solu\u00e7\u00f5es Brainwave | Alphalearning","og_description":"Supere Dislexia e TDAH, reduza o estresse e melhore a mem\u00f3ria com o Neurofeedback e o Sistema Brainwave III do Alphalearning. Desperte todo o seu potencial.","og_url":"https:\/\/alphalearning.com\/pt\/neurofeedback-possibilidades-sistema-brainwave\/","og_site_name":"Alphalearning International","article_modified_time":"2025-01-26T12:34:35+00:00","og_image":[{"width":1200,"height":675,"url":"https:\/\/alphalearning.com\/wp-content\/uploads\/2024\/04\/alphalearning-logo_red_1200x675px.png","type":"image\/png"}],"twitter_card":"summary_large_image","twitter_misc":{"Est. reading time":"2 minutes"},"schema":{"@context":"https:\/\/schema.org","@graph":[{"@type":"WebPage","@id":"https:\/\/alphalearning.com\/pt\/neurofeedback-possibilidades-sistema-brainwave\/","url":"https:\/\/alphalearning.com\/pt\/neurofeedback-possibilidades-sistema-brainwave\/","name":"Neurofeedback e Solu\u00e7\u00f5es Brainwave | Alphalearning","isPartOf":{"@id":"https:\/\/alphalearning.com\/pt\/#website"},"datePublished":"2024-03-27T16:39:26+00:00","dateModified":"2025-01-26T12:34:35+00:00","description":"Supere Dislexia e TDAH, reduza o estresse e melhore a mem\u00f3ria com o Neurofeedback e o Sistema Brainwave III do Alphalearning. Desperte todo o seu potencial.","breadcrumb":{"@id":"https:\/\/alphalearning.com\/pt\/neurofeedback-possibilidades-sistema-brainwave\/#breadcrumb"},"inLanguage":"pt","potentialAction":[{"@type":"ReadAction","target":["https:\/\/alphalearning.com\/pt\/neurofeedback-possibilidades-sistema-brainwave\/"]}]},{"@type":"BreadcrumbList","@id":"https:\/\/alphalearning.com\/pt\/neurofeedback-possibilidades-sistema-brainwave\/#breadcrumb","itemListElement":[{"@type":"ListItem","position":1,"name":"Home","item":"https:\/\/alphalearning.com\/pt\/"},{"@type":"ListItem","position":2,"name":"Neurofeedback e Possibilidades do Sistema Brainwave"}]},{"@type":"WebSite","@id":"https:\/\/alphalearning.com\/pt\/#website","url":"https:\/\/alphalearning.com\/pt\/","name":"Alphalearning International","description":"the brain training institute","publisher":{"@id":"https:\/\/alphalearning.com\/pt\/#organization"},"potentialAction":[{"@type":"SearchAction","target":{"@type":"EntryPoint","urlTemplate":"https:\/\/alphalearning.com\/pt\/?s={search_term_string}"},"query-input":{"@type":"PropertyValueSpecification","valueRequired":true,"valueName":"search_term_string"}}],"inLanguage":"pt"},{"@type":"Organization","@id":"https:\/\/alphalearning.com\/pt\/#organization","name":"Alphalearning International","url":"https:\/\/alphalearning.com\/pt\/","logo":{"@type":"ImageObject","inLanguage":"pt","@id":"https:\/\/alphalearning.com\/pt\/#\/schema\/logo\/image\/","url":"https:\/\/alphalearning.com\/wp-content\/uploads\/2024\/03\/alphalearning_ico2_512px.png","contentUrl":"https:\/\/alphalearning.com\/wp-content\/uploads\/2024\/03\/alphalearning_ico2_512px.png","width":512,"height":512,"caption":"Alphalearning International"},"image":{"@id":"https:\/\/alphalearning.com\/pt\/#\/schema\/logo\/image\/"}}]}},"uagb_featured_image_src":{"full":false,"thumbnail":false,"medium":false,"medium_large":false,"large":false,"1536x1536":false,"2048x2048":false,"gform-image-choice-sm":false,"gform-image-choice-md":false,"gform-image-choice-lg":false},"uagb_author_info":{"display_name":"Julio Machado","author_link":"https:\/\/alphalearning.com\/pt\/author\/julio-machado\/"},"uagb_comment_info":0,"uagb_excerpt":"Possibilidades do Neurofeedback e do Sistema Brainwave III Solu\u00e7\u00e3o para Dislexia Depois de testar o sistema em 500 pessoas, em [&hellip;]","_links":{"self":[{"href":"https:\/\/alphalearning.com\/pt\/wp-json\/wp\/v2\/pages\/13310","targetHints":{"allow":["GET"]}}],"collection":[{"href":"https:\/\/alphalearning.com\/pt\/wp-json\/wp\/v2\/pages"}],"about":[{"href":"https:\/\/alphalearning.com\/pt\/wp-json\/wp\/v2\/types\/page"}],"author":[{"embeddable":true,"href":"https:\/\/alphalearning.com\/pt\/wp-json\/wp\/v2\/users\/2"}],"replies":[{"embeddable":true,"href":"https:\/\/alphalearning.com\/pt\/wp-json\/wp\/v2\/comments?post=13310"}],"version-history":[{"count":2,"href":"https:\/\/alphalearning.com\/pt\/wp-json\/wp\/v2\/pages\/13310\/revisions"}],"predecessor-version":[{"id":14403,"href":"https:\/\/alphalearning.com\/pt\/wp-json\/wp\/v2\/pages\/13310\/revisions\/14403"}],"wp:attachment":[{"href":"https:\/\/alphalearning.com\/pt\/wp-json\/wp\/v2\/media?parent=13310"}],"curies":[{"name":"wp","href":"https:\/\/api.w.org\/{rel}","templated":true}]}}