{"id":13297,"date":"2024-03-27T16:38:47","date_gmt":"2024-03-27T16:38:47","guid":{"rendered":"https:\/\/alphalearning.com\/ormus\/what-is-monatomic-gold\/"},"modified":"2025-04-29T07:07:13","modified_gmt":"2025-04-29T06:07:13","slug":"o-que-e-ouro-monoatomico","status":"publish","type":"page","link":"https:\/\/alphalearning.com\/pt\/ormus\/o-que-e-ouro-monoatomico\/","title":{"rendered":"O que \u00e9 Ouro Monoat\u00f4mico"},"content":{"rendered":"\n<div class=\"wp-block-uagb-advanced-heading uagb-block-465c3b9c\"><h1 class=\"uagb-heading-text\">O que \u00e9 o Ouro Monoat\u00f4mico?<\/h1><\/div>\n\n\n\n<div class=\"wp-block-uagb-container uagb-block-be02c777 alignfull uagb-is-root-container\"><div class=\"uagb-container-inner-blocks-wrap\">\n<p>O Ouro Monoat\u00f4mico, tamb\u00e9m conhecido como Etherium Gold ou Ormus, \u00e9 um oligoelemento encontrado na natureza. Reconhecido por seu potencial de otimizar a fun\u00e7\u00e3o cerebral, as capacidades de aprendizagem e o neurofeedback, tornou-se objeto de uma pesquisa cada vez mais intrigante.<\/p>\n\n\n\n<div class=\"wp-block-uagb-advanced-heading uagb-block-06ef66b2\"><h2 class=\"uagb-heading-text\">Compreendendo o Ouro Monoat\u00f4mico<\/h2><\/div>\n\n\n\n<p>O Ouro Monoat\u00f4mico, como parte da fam\u00edlia ORME (Orbitally Rearranged Monoatomic Element), \u00e9 composto por \u00e1tomos que n\u00e3o est\u00e3o interligados em uma configura\u00e7\u00e3o molecular, permitindo que cada \u00e1tomo de ouro permane\u00e7a de forma independente. Acredita-se que esses \u00e1tomos isolados estimulem rea\u00e7\u00f5es eletroqu\u00edmicas \u00fanicas no c\u00e9rebro, o que resulta em um maior equil\u00edbrio entre os hemisf\u00e9rios cerebrais.. Os efeitos resultantes incluem intelig\u00eancia aprimorada, criatividade elevada, coordena\u00e7\u00e3o avan\u00e7ada entre mente e corpo e redu\u00e7\u00e3o dos n\u00edveis de estresse.<\/p>\n\n\n\n<div class=\"wp-block-uagb-advanced-heading uagb-block-17bdbce4\"><h2 class=\"uagb-heading-text\">A Jornada Hist\u00f3rica do Ouro Monoat\u00f4mico<\/h2><\/div>\n\n\n\n<p>Remontando \u00e0s civiliza\u00e7\u00f5es antigas, a hist\u00f3ria do Ouro Monoat\u00f4mico (ou Ouro Ormus) se entrela\u00e7a com diversas culturas e \u00e9pocas. Os antigos eg\u00edpcios o chamavam de \u201cMfkzt\u201d (Mufkuzt), reconhecendo seu potencial para intensificar experi\u00eancias espirituais e a conex\u00e3o com o divino. Outras refer\u00eancias hist\u00f3ricas incluem \u201cA Pedra Filosofal\u201d, \u201cO P\u00f3 Branco de Ouro\u201d e \u201cO Elixir da Vida\u201d.<\/p>\n\n\n\n<p>Na d\u00e9cada de 1970, David Radius Hudson, um fazendeiro do Arizona, trouxe essa subst\u00e2ncia singular de volta aos holofotes ao se deparar com ela durante a minera\u00e7\u00e3o de ouro e prata. A descoberta desses elementos \u00fanicos, que Hudson chamou de ORMEs, deu in\u00edcio a uma onda de pesquisas cont\u00ednuas sobre essa mat\u00e9ria potencialmente transformadora.<\/p>\n\n\n\n<div class=\"wp-block-uagb-advanced-heading uagb-block-8df4cb3a\"><h2 class=\"uagb-heading-text\">O Impacto do Ouro Monoat\u00f4mico no C\u00e9rebro<\/h2><\/div>\n\n\n\n<p>Pesquisas realizadas no Instituto Alphalearning apoiam a hip\u00f3tese de que o Ouro Monoat\u00f4mico pode promover equil\u00edbrio cerebral e capacidade cognitiva. Quando esses elementos s\u00e3o isolados, exibem propriedades que podem estar relacionadas ao seu impacto no c\u00e9rebro. Por exemplo, relatos indicam que o Ouro Ormus intensifica a vibra\u00e7\u00e3o do usu\u00e1rio em n\u00edvel espiritual, o que frequentemente ativa a energia kundalini. A estrutura monoat\u00f4mica penetra em cada c\u00e9lula do corpo humano, elevando sua frequ\u00eancia. Esse processo pode resultar em experi\u00eancias perceptivas intensificadas, como telepatia n\u00e3o intencional, visualiza\u00e7\u00e3o de auras e campos de energia, sonhos l\u00facidos e manifesta\u00e7\u00e3o instant\u00e2nea.<\/p>\n\n\n\n<div class=\"wp-block-uagb-advanced-heading uagb-block-977bd8ff\"><h2 class=\"uagb-heading-text\">O Ouro Monoat\u00f4mico no Neurofeedback<\/h2><\/div>\n\n\n\n<p>O neurofeedback, um ramo do biofeedback, utiliza exibi\u00e7\u00f5es em tempo real da atividade cerebral para ensinar a autorregula\u00e7\u00e3o das fun\u00e7\u00f5es do c\u00e9rebro. O Ouro Monoat\u00f4mico demonstrou potencial nessa \u00e1rea, e estudos sugerem que ele pode auxiliar o c\u00e9rebro a alcan\u00e7ar um estado de homeostase ou equil\u00edbrio. Al\u00e9m disso, a descoberta dos ORMEs, incluindo o Ouro Monoat\u00f4mico, amplia potencialmente o leque de aplica\u00e7\u00f5es no neurofeedback. Em especial, h\u00e1 relatos de usu\u00e1rios afirmando que o Ouro Ormus pode gerar um estado de serenidade e clareza, o que os impulsiona para os estados de onda teta no c\u00e9rebro, o que, por sua vez, fortalece a intui\u00e7\u00e3o. Tais estados cerebrais costumam ser o resultado de medita\u00e7\u00e3o profunda, e muitos usu\u00e1rios relatam conseguir atingi-los quase imediatamente ap\u00f3s ingerir o Ouro Ormus.<\/p>\n\n\n\n<div class=\"wp-block-uagb-advanced-heading uagb-block-9152629b\"><h2 class=\"uagb-heading-text\">O Ouro Monoat\u00f4mico e o Bem-Estar<\/h2><\/div>\n\n\n\n<p>Al\u00e9m de suas potenciais vantagens para a funcionalidade cerebral e a aprendizagem, acredita-se que o Ouro Monoat\u00f4mico e outros ORMEs potencializem a capacidade natural de cura do corpo e contribuam para o bem-estar geral. Em n\u00edvel f\u00edsico, o Ouro Ormus \u00e9 reconhecido por fortalecer o sistema imunol\u00f3gico, reparar danos ao DNA e acelerar a recupera\u00e7\u00e3o do organismo. H\u00e1 at\u00e9 relatos de usu\u00e1rios sobre a autocorre\u00e7\u00e3o de problemas dent\u00e1rios e cicatriza\u00e7\u00e3o r\u00e1pida de feridas ap\u00f3s a ingest\u00e3o de Ouro Ormus. Ademais, devido ao papel vital que exerce no corpo, afirma-se que a ingest\u00e3o de Ouro Ormus produz um efeito rejuvenescedor ou antienvelhecimento na pele, nos cabelos e nas unhas. Al\u00e9m disso, s\u00e3o frequentemente associados a experi\u00eancias espirituais e m\u00edsticas, com usu\u00e1rios relatando maior intui\u00e7\u00e3o, habilidades ps\u00edquicas e sensa\u00e7\u00f5es de ilumina\u00e7\u00e3o.<\/p>\n\n\n\n<p class=\"has-text-align-right\"><strong>Saiba mais sobre Ouro Monoat\u00f4mico:<\/strong><br><a href=\"https:\/\/alphalearning.com\/pt\/ormus\/pesquisa\/\">Pesquisas sobre Ouro Monoat\u00f4mico<\/a><br><a href=\"https:\/\/alphalearning.com\/pt\/ormus\/pesquisa\/estudo-sobre-ouro-monoatomico\/\">Estudo do Instituto Alphalearning<\/a><br><a href=\"https:\/\/alphalearning.com\/pt\/ormus\/pesquisa\/efeitos-bio-neurologicos-ouro-monoatomico\/\">Efeitos Biol\u00f3gicos e Neurofisiol\u00f3gicos do Etherium Gold<\/a><br><a href=\"https:\/\/alphalearning.com\/pt\/ormus\/pesquisa\/beneficios\/\">Benef\u00edcios do Ouro Monoat\u00f4mico<\/a><\/p>\n<\/div><\/div>\n","protected":false},"excerpt":{"rendered":"<p>O que \u00e9 o Ouro Monoat\u00f4mico? O Ouro Monoat\u00f4mico, tamb\u00e9m conhecido como Etherium Gold ou Ormus, \u00e9 um oligoelemento encontrado [&hellip;]<\/p>\n","protected":false},"author":2,"featured_media":0,"parent":13192,"menu_order":469,"comment_status":"closed","ping_status":"closed","template":"","meta":{"_uag_custom_page_level_css":"","site-sidebar-layout":"default","site-content-layout":"","ast-site-content-layout":"default","site-content-style":"default","site-sidebar-style":"default","ast-global-header-display":"","ast-banner-title-visibility":"","ast-main-header-display":"","ast-hfb-above-header-display":"","ast-hfb-below-header-display":"","ast-hfb-mobile-header-display":"","site-post-title":"disabled","ast-breadcrumbs-content":"","ast-featured-img":"","footer-sml-layout":"","ast-disable-related-posts":"","theme-transparent-header-meta":"","adv-header-id-meta":"","stick-header-meta":"","header-above-stick-meta":"","header-main-stick-meta":"","header-below-stick-meta":"","astra-migrate-meta-layouts":"default","ast-page-background-enabled":"default","ast-page-background-meta":{"desktop":{"background-color":"var(--ast-global-color-4)","background-image":"","background-repeat":"repeat","background-position":"center center","background-size":"auto","background-attachment":"scroll","background-type":"","background-media":"","overlay-type":"","overlay-color":"","overlay-opacity":"","overlay-gradient":""},"tablet":{"background-color":"","background-image":"","background-repeat":"repeat","background-position":"center center","background-size":"auto","background-attachment":"scroll","background-type":"","background-media":"","overlay-type":"","overlay-color":"","overlay-opacity":"","overlay-gradient":""},"mobile":{"background-color":"","background-image":"","background-repeat":"repeat","background-position":"center center","background-size":"auto","background-attachment":"scroll","background-type":"","background-media":"","overlay-type":"","overlay-color":"","overlay-opacity":"","overlay-gradient":""}},"ast-content-background-meta":{"desktop":{"background-color":"var(--ast-global-color-5)","background-image":"","background-repeat":"repeat","background-position":"center center","background-size":"auto","background-attachment":"scroll","background-type":"","background-media":"","overlay-type":"","overlay-color":"","overlay-opacity":"","overlay-gradient":""},"tablet":{"background-color":"var(--ast-global-color-5)","background-image":"","background-repeat":"repeat","background-position":"center center","background-size":"auto","background-attachment":"scroll","background-type":"","background-media":"","overlay-type":"","overlay-color":"","overlay-opacity":"","overlay-gradient":""},"mobile":{"background-color":"var(--ast-global-color-5)","background-image":"","background-repeat":"repeat","background-position":"center center","background-size":"auto","background-attachment":"scroll","background-type":"","background-media":"","overlay-type":"","overlay-color":"","overlay-opacity":"","overlay-gradient":""}},"footnotes":""},"class_list":["post-13297","page","type-page","status-publish","hentry"],"yoast_head":"<!-- This site is optimized with the Yoast SEO plugin v27.1.1 - https:\/\/yoast.com\/product\/yoast-seo-wordpress\/ -->\n<title>O que \u00e9 o Ouro Monoat\u00f4mico? Desvende o Mist\u00e9rio | Alphalearning<\/title>\n<meta name=\"description\" content=\"Explore as propriedades \u00fanicas do Ouro Monoat\u00f4mico, seus efeitos na fun\u00e7\u00e3o cerebral e potenciais benef\u00edcios para o bem-estar no Alphalearning\" \/>\n<meta name=\"robots\" content=\"index, follow, max-snippet:-1, max-image-preview:large, max-video-preview:-1\" \/>\n<link rel=\"canonical\" href=\"https:\/\/alphalearning.com\/pt\/ormus\/o-que-e-ouro-monoatomico\/\" \/>\n<meta property=\"og:locale\" content=\"pt_PT\" \/>\n<meta property=\"og:type\" content=\"article\" \/>\n<meta property=\"og:title\" content=\"O que \u00e9 o Ouro Monoat\u00f4mico? Desvende o Mist\u00e9rio | Alphalearning\" \/>\n<meta property=\"og:description\" content=\"Explore as propriedades \u00fanicas do Ouro Monoat\u00f4mico, seus efeitos na fun\u00e7\u00e3o cerebral e potenciais benef\u00edcios para o bem-estar no Alphalearning\" \/>\n<meta property=\"og:url\" content=\"https:\/\/alphalearning.com\/pt\/ormus\/o-que-e-ouro-monoatomico\/\" \/>\n<meta property=\"og:site_name\" content=\"Alphalearning International\" \/>\n<meta property=\"article:modified_time\" content=\"2025-04-29T06:07:13+00:00\" \/>\n<meta property=\"og:image\" content=\"https:\/\/alphalearning.com\/wp-content\/uploads\/2024\/04\/alphalearning-logo_red_1200x675px.png\" \/>\n\t<meta property=\"og:image:width\" content=\"1200\" \/>\n\t<meta property=\"og:image:height\" content=\"675\" \/>\n\t<meta property=\"og:image:type\" content=\"image\/png\" \/>\n<meta name=\"twitter:card\" content=\"summary_large_image\" \/>\n<meta name=\"twitter:label1\" content=\"Est. reading time\" \/>\n\t<meta name=\"twitter:data1\" content=\"3 minutes\" \/>\n<!-- \/ Yoast SEO plugin. -->","yoast_head_json":{"title":"O que \u00e9 o Ouro Monoat\u00f4mico? Desvende o Mist\u00e9rio | Alphalearning","description":"Explore as propriedades \u00fanicas do Ouro Monoat\u00f4mico, seus efeitos na fun\u00e7\u00e3o cerebral e potenciais benef\u00edcios para o bem-estar no Alphalearning","robots":{"index":"index","follow":"follow","max-snippet":"max-snippet:-1","max-image-preview":"max-image-preview:large","max-video-preview":"max-video-preview:-1"},"canonical":"https:\/\/alphalearning.com\/pt\/ormus\/o-que-e-ouro-monoatomico\/","og_locale":"pt_PT","og_type":"article","og_title":"O que \u00e9 o Ouro Monoat\u00f4mico? Desvende o Mist\u00e9rio | Alphalearning","og_description":"Explore as propriedades \u00fanicas do Ouro Monoat\u00f4mico, seus efeitos na fun\u00e7\u00e3o cerebral e potenciais benef\u00edcios para o bem-estar no Alphalearning","og_url":"https:\/\/alphalearning.com\/pt\/ormus\/o-que-e-ouro-monoatomico\/","og_site_name":"Alphalearning International","article_modified_time":"2025-04-29T06:07:13+00:00","og_image":[{"width":1200,"height":675,"url":"https:\/\/alphalearning.com\/wp-content\/uploads\/2024\/04\/alphalearning-logo_red_1200x675px.png","type":"image\/png"}],"twitter_card":"summary_large_image","twitter_misc":{"Est. reading time":"3 minutes"},"schema":{"@context":"https:\/\/schema.org","@graph":[{"@type":"WebPage","@id":"https:\/\/alphalearning.com\/pt\/ormus\/o-que-e-ouro-monoatomico\/","url":"https:\/\/alphalearning.com\/pt\/ormus\/o-que-e-ouro-monoatomico\/","name":"O que \u00e9 o Ouro Monoat\u00f4mico? Desvende o Mist\u00e9rio | Alphalearning","isPartOf":{"@id":"https:\/\/alphalearning.com\/pt\/#website"},"datePublished":"2024-03-27T16:38:47+00:00","dateModified":"2025-04-29T06:07:13+00:00","description":"Explore as propriedades \u00fanicas do Ouro Monoat\u00f4mico, seus efeitos na fun\u00e7\u00e3o cerebral e potenciais benef\u00edcios para o bem-estar no Alphalearning","breadcrumb":{"@id":"https:\/\/alphalearning.com\/pt\/ormus\/o-que-e-ouro-monoatomico\/#breadcrumb"},"inLanguage":"pt","potentialAction":[{"@type":"ReadAction","target":["https:\/\/alphalearning.com\/pt\/ormus\/o-que-e-ouro-monoatomico\/"]}]},{"@type":"BreadcrumbList","@id":"https:\/\/alphalearning.com\/pt\/ormus\/o-que-e-ouro-monoatomico\/#breadcrumb","itemListElement":[{"@type":"ListItem","position":1,"name":"Home","item":"https:\/\/alphalearning.com\/pt\/"},{"@type":"ListItem","position":2,"name":"Ouro Monoat\u00f4mico","item":"https:\/\/alphalearning.com\/pt\/ormus\/"},{"@type":"ListItem","position":3,"name":"O que \u00e9 Ouro Monoat\u00f4mico"}]},{"@type":"WebSite","@id":"https:\/\/alphalearning.com\/pt\/#website","url":"https:\/\/alphalearning.com\/pt\/","name":"Alphalearning International","description":"the brain training institute","publisher":{"@id":"https:\/\/alphalearning.com\/pt\/#organization"},"potentialAction":[{"@type":"SearchAction","target":{"@type":"EntryPoint","urlTemplate":"https:\/\/alphalearning.com\/pt\/?s={search_term_string}"},"query-input":{"@type":"PropertyValueSpecification","valueRequired":true,"valueName":"search_term_string"}}],"inLanguage":"pt"},{"@type":"Organization","@id":"https:\/\/alphalearning.com\/pt\/#organization","name":"Alphalearning International","url":"https:\/\/alphalearning.com\/pt\/","logo":{"@type":"ImageObject","inLanguage":"pt","@id":"https:\/\/alphalearning.com\/pt\/#\/schema\/logo\/image\/","url":"https:\/\/alphalearning.com\/wp-content\/uploads\/2024\/03\/alphalearning_ico2_512px.png","contentUrl":"https:\/\/alphalearning.com\/wp-content\/uploads\/2024\/03\/alphalearning_ico2_512px.png","width":512,"height":512,"caption":"Alphalearning International"},"image":{"@id":"https:\/\/alphalearning.com\/pt\/#\/schema\/logo\/image\/"}}]}},"uagb_featured_image_src":{"full":false,"thumbnail":false,"medium":false,"medium_large":false,"large":false,"1536x1536":false,"2048x2048":false,"gform-image-choice-sm":false,"gform-image-choice-md":false,"gform-image-choice-lg":false},"uagb_author_info":{"display_name":"Julio Machado","author_link":"https:\/\/alphalearning.com\/pt\/author\/julio-machado\/"},"uagb_comment_info":0,"uagb_excerpt":"O que \u00e9 o Ouro Monoat\u00f4mico? O Ouro Monoat\u00f4mico, tamb\u00e9m conhecido como Etherium Gold ou Ormus, \u00e9 um oligoelemento encontrado [&hellip;]","_links":{"self":[{"href":"https:\/\/alphalearning.com\/pt\/wp-json\/wp\/v2\/pages\/13297","targetHints":{"allow":["GET"]}}],"collection":[{"href":"https:\/\/alphalearning.com\/pt\/wp-json\/wp\/v2\/pages"}],"about":[{"href":"https:\/\/alphalearning.com\/pt\/wp-json\/wp\/v2\/types\/page"}],"author":[{"embeddable":true,"href":"https:\/\/alphalearning.com\/pt\/wp-json\/wp\/v2\/users\/2"}],"replies":[{"embeddable":true,"href":"https:\/\/alphalearning.com\/pt\/wp-json\/wp\/v2\/comments?post=13297"}],"version-history":[{"count":4,"href":"https:\/\/alphalearning.com\/pt\/wp-json\/wp\/v2\/pages\/13297\/revisions"}],"predecessor-version":[{"id":15160,"href":"https:\/\/alphalearning.com\/pt\/wp-json\/wp\/v2\/pages\/13297\/revisions\/15160"}],"up":[{"embeddable":true,"href":"https:\/\/alphalearning.com\/pt\/wp-json\/wp\/v2\/pages\/13192"}],"wp:attachment":[{"href":"https:\/\/alphalearning.com\/pt\/wp-json\/wp\/v2\/media?parent=13297"}],"curies":[{"name":"wp","href":"https:\/\/api.w.org\/{rel}","templated":true}]}}