{"id":13215,"date":"2024-03-27T16:38:06","date_gmt":"2024-03-27T16:38:06","guid":{"rendered":"https:\/\/alphalearning.com\/ormus\/pesquisa\/bio-neurological-effects-etherium-gold\/"},"modified":"2025-02-09T11:52:52","modified_gmt":"2025-02-09T11:52:52","slug":"efeitos-bio-neurologicos-ouro-monoatomico","status":"publish","type":"page","link":"https:\/\/alphalearning.com\/pt\/ormus\/pesquisa\/efeitos-bio-neurologicos-ouro-monoatomico\/","title":{"rendered":"Efeitos biol\u00f3gicos e Neurofisiol\u00f3gicos do Ouro Monoat\u00f4mico"},"content":{"rendered":"\n<div class=\"wp-block-uagb-advanced-heading uagb-block-a32129a8\"><h1 class=\"uagb-heading-text\">Uma Investiga\u00e7\u00e3o Preliminar dos Efeitos Biol\u00f3gicos e Neurofisiol\u00f3gicos do Etherium Gold<\/h1><\/div>\n\n\n\n<div class=\"wp-block-uagb-container uagb-block-1362439c alignfull uagb-is-root-container\"><div class=\"uagb-container-inner-blocks-wrap\">\n<div class=\"wp-block-uagb-advanced-heading uagb-block-8351fb54\"><h2 class=\"uagb-heading-text\">Etherium Gold<\/h2><\/div>\n\n\n\n<p>Uma investiga\u00e7\u00e3o de biofeedback e neurofeedback sobre os efeitos biol\u00f3gicos e neurofisiol\u00f3gicos da ingest\u00e3o sublingual do p\u00f3 Etherium Gold; um dep\u00f3sito mineral tra\u00e7o de ocorr\u00eancia natural, distribu\u00eddo pela Harmonic Innerprizes, P.O. Box 530455, Henderson, NV 89053.<\/p>\n\n\n\n<div class=\"wp-block-uagb-advanced-heading uagb-block-ca5f3d5a\"><h2 class=\"uagb-heading-text\">Sujeitos<\/h2><\/div>\n\n\n\n<p>Este estudo inicial contou com dez pessoas, cinco homens e cinco mulheres, com idades variando entre 17 e 52 anos. Elas n\u00e3o apresentavam problemas f\u00edsicos, emocionais ou mentais conhecidos no momento do estudo. Todas receberam uma explica\u00e7\u00e3o b\u00e1sica do procedimento de teste e da natureza do Etherium Gold. Nenhum resultado esperado foi discutido com os participantes, tampouco o experimentador fez suposi\u00e7\u00f5es sobre poss\u00edveis resultados ou explicou os objetivos at\u00e9 que o procedimento fosse conclu\u00eddo.<\/p>\n\n\n\n<div class=\"wp-block-uagb-advanced-heading uagb-block-06c8c0cb\"><h2 class=\"uagb-heading-text\">Equipamento<\/h2><\/div>\n\n\n\n<p>Foi utilizado um aparelho de biofeedback J&amp;J I-410 com um software desenvolvido pela Physiodata Corporation para registrar e compilar os dados. Isso permitiu ao pesquisador monitorar continuamente, durante toda a sess\u00e3o experimental, os padr\u00f5es de ondas cerebrais, a frequ\u00eancia card\u00edaca, a press\u00e3o de volume sangu\u00edneo, a condut\u00e2ncia da pele (GSR) e a temperatura superficial da pele. Os sujeitos foram acomodados confortavelmente em uma poltrona reclin\u00e1vel t\u00edpica, de modo que o cansa\u00e7o ou desconforto f\u00edsico n\u00e3o interferisse ao longo do processo. Foram utilizados eletrodos e gel novos para cada participante. Um frasco novo de Etherium Gold foi fornecido pela Etherium Technology para administra\u00e7\u00e3o.<\/p>\n\n\n\n<div class=\"wp-block-uagb-advanced-heading uagb-block-43705af2\"><h2 class=\"uagb-heading-text\">Procedimento<\/h2><\/div>\n\n\n\n<p>Dados foram coletados de cada participante em duas sess\u00f5es separadas. A primeira sess\u00e3o foi utilizada para desenvolver dados de linha de base. Cada sujeito, por sua vez, foi conectado aos equipamentos de biofeedback e neurofeedback. Foram registrados dados referentes aos seus padr\u00f5es predominantes de ondas cerebrais, frequ\u00eancia card\u00edaca, condut\u00e2ncia (GSR) e temperatura da pele. O GSR mede a varia\u00e7\u00e3o do potencial el\u00e9trico da pele, e uma maior produ\u00e7\u00e3o de umidade (sinal de maior ativa\u00e7\u00e3o emocional) \u00e9 demonstrada por um aumento desse potencial. Esses indicadores s\u00e3o exibidos em gr\u00e1ficos na tela do computador. Foram tomadas precau\u00e7\u00f5es para assegurar que se tratava de uma leitura t\u00edpica, isto \u00e9, que n\u00e3o havia influ\u00eancias fora do comum em seus estados mentais, emocionais ou f\u00edsicos.<\/p>\n\n\n\n<p>A segunda sess\u00e3o foi realizada uma semana ap\u00f3s o primeiro registro de linhas de base. Os participantes foram conectados novamente sob as mesmas condi\u00e7\u00f5es, e novas linhas de base foram registradas e comparadas com as originais da primeira sess\u00e3o.<\/p>\n\n\n\n<p>Em todos os dez casos, a segunda linha de base correspondeu quase exatamente \u00e0 leitura anterior. Com o cliente ainda conectado ao monitor, e com o registro cont\u00ednuo dos dados, foi administrado cerca de 1\/8 de colher de ch\u00e1 de Etherium Gold de forma sublingual. Os dados de biofeedback e neurofeedback continuaram a ser registrados por mais 15 minutos. O software permite analisar os dados obtidos ao longo de um per\u00edodo em tabelas de resumo. Os dados coletados foram ent\u00e3o examinados para determinar quais mudan\u00e7as, se houvesse alguma, ocorreram tanto em n\u00edvel biol\u00f3gico quanto neurol\u00f3gico, comparando-se as medi\u00e7\u00f5es pr\u00e9vias e posteriores \u00e0 administra\u00e7\u00e3o do Etherium Gold.<\/p>\n\n\n\n<div class=\"wp-block-uagb-advanced-heading uagb-block-727f2ea5\"><h2 class=\"uagb-heading-text\">Resultados<\/h2><\/div>\n\n\n\n<p>Em cinco dos dez casos, os sinais biol\u00f3gicos foram diferentes antes e depois da administra\u00e7\u00e3o do Etherium Gold. Em nove dos dez casos, verificou-se que os padr\u00f5es de ondas cerebrais apresentaram diferen\u00e7as significativas ap\u00f3s a administra\u00e7\u00e3o do Etherium Gold. Na maioria dos casos, essa diferen\u00e7a ocorreu entre 30 segundos e 3 minutos ap\u00f3s a administra\u00e7\u00e3o e continuou evidente pelo restante da sess\u00e3o de registro, que durou entre 10 e 15 minutos.<\/p>\n\n\n\n<p>Nos cinco casos com altera\u00e7\u00f5es nos sinais biol\u00f3gicos:<\/p>\n\n\n\n<ul class=\"wp-block-list\">\n<li>Dois sujeitos apresentaram flutua\u00e7\u00f5es dr\u00e1sticas nas medi\u00e7\u00f5es de GSR. Em ambos os casos, os sinais de GSR se tornaram muito mais est\u00e1veis depois da administra\u00e7\u00e3o.<\/li>\n\n\n\n<li>Dois sujeitos mostraram aumento de temperatura, medido na ponta dos dedos, de aproximadamente 4 graus em m\u00e9dia.<\/li>\n\n\n\n<li>Um sujeito, cujas medi\u00e7\u00f5es de linha de base indicavam um padr\u00e3o de frequ\u00eancia card\u00edaca acima do esperado para sua idade e peso, apresentou queda para a faixa normal.<\/li>\n<\/ul>\n\n\n\n<p>As mudan\u00e7as neurol\u00f3gicas foram claramente distintas em cada caso, mas com temas em comum. Os sujeitos se enquadraram em tr\u00eas categorias b\u00e1sicas de atividade predominante de ondas cerebrais, de acordo com as medi\u00e7\u00f5es de linha de base:<\/p>\n\n\n\n<ul class=\"wp-block-list\">\n<li>Alta teta \u2013 baixa beta<\/li>\n\n\n\n<li>Alta beta \u2013 baixa teta<\/li>\n\n\n\n<li>Equil\u00edbrio entre teta e beta<\/li>\n<\/ul>\n\n\n\n<p>Dentro dessas tr\u00eas categorias:<\/p>\n\n\n\n<ul class=\"wp-block-list\">\n<li>Quatro sujeitos com atividade alta de ondas teta e baixa de ondas beta tenderam a se equilibrar ap\u00f3s a administra\u00e7\u00e3o, com queda em teta e eleva\u00e7\u00e3o em beta. A atividade de ondas alfa apresentou aumento.<\/li>\n\n\n\n<li>Um sujeito com alta teta \u2013 baixa beta n\u00e3o apresentou mudan\u00e7a.<\/li>\n\n\n\n<li>Dois sujeitos com alta beta \u2013 baixa teta tenderam a se equilibrar ap\u00f3s a administra\u00e7\u00e3o, com queda em beta e eleva\u00e7\u00e3o em teta. A atividade de ondas alfa mostrou aumento.<\/li>\n\n\n\n<li>Tr\u00eas sujeitos com equil\u00edbrio entre beta e teta apresentaram aumento de atividade de ondas alfa.<\/li>\n<\/ul>\n\n\n\n<p>Nos nove casos em que se registrou alguma mudan\u00e7a, observou-se uma forte tend\u00eancia de maior intensidade em todas as faixas de frequ\u00eancia.<\/p>\n\n\n\n<div class=\"wp-block-uagb-advanced-heading uagb-block-c5d81373\"><h2 class=\"uagb-heading-text\">Discuss\u00e3o<\/h2><\/div>\n\n\n\n<p>Este foi um exame introdut\u00f3rio do impacto do Etherium Gold sobre os estados biol\u00f3gicos e neurol\u00f3gicos em seres humanos. Os resultados indicam que h\u00e1 uma clara necessidade de pesquisa adicional nessa \u00e1rea, pois fica evidente que ocorre algum tipo de impacto. O impacto parece ser menos percept\u00edvel nas medi\u00e7\u00f5es biol\u00f3gicas do que nas neurol\u00f3gicas, pelo menos nos sujeitos analisados. De modo geral, os dados sugerem que os indiv\u00edduos tornam-se mais equilibrados e tranquilos ap\u00f3s a administra\u00e7\u00e3o do Etherium Gold. As mudan\u00e7as em GSR apontam para uma diminui\u00e7\u00e3o na reatividade emocional, enquanto o aumento da temperatura na ponta dos dedos indica maior circula\u00e7\u00e3o perif\u00e9rica, o que sugere um estado de maior relaxamento.<\/p>\n\n\n\n<p>Os resultados mais not\u00e1veis e consistentes ocorreram nas medi\u00e7\u00f5es de EEG:<\/p>\n\n\n\n<ul class=\"wp-block-list\">\n<li>As frequ\u00eancias de ondas cerebrais tenderam a se equilibrar.<\/li>\n\n\n\n<li>Todas as faixas de frequ\u00eancia apresentaram maior ativa\u00e7\u00e3o.<\/li>\n<\/ul>\n\n\n\n<p>De modo mais informal, poder\u00edamos dizer que pessoas com alta atividade de ondas teta (em compara\u00e7\u00e3o \u00e0s ondas beta) s\u00e3o consideradas \u201cc\u00e9rebro direito\u201d (criativas, meditativas, art\u00edsticas, orientadas para o espa\u00e7o). J\u00e1 aquelas com alta atividade de ondas beta (em compara\u00e7\u00e3o \u00e0s ondas teta) s\u00e3o consideradas \u201cc\u00e9rebro esquerdo\u201d (l\u00f3gicas, inclinadas \u00e0 matem\u00e1tica, orientadas de forma linear). O Etherium Gold parece equilibrar as diferen\u00e7as na for\u00e7a dessas faixas de frequ\u00eancia. Portanto, podemos dizer que o Etherium Gold tende a auxiliar que as pessoas desenvolvam um c\u00e9rebro plenamente integrado, ou seja, um uso mais equilibrado de ambos os hemisf\u00e9rios cerebrais.<\/p>\n\n\n\n<p>Seriam necess\u00e1rios outros estudos mais aprofundados para determinar a consist\u00eancia desses resultados, bem como a dura\u00e7\u00e3o dos efeitos e a poss\u00edvel exist\u00eancia de efeitos cumulativos decorrentes de administra\u00e7\u00f5es repetidas. Um efeito surpreendente, mas claramente dominante, da ingest\u00e3o do Etherium Gold foi o aumento relativo de \u201cenergia neurol\u00f3gica\u201d em todas as faixas de frequ\u00eancia. Ao que tudo indica, o Etherium Gold exerce algum tipo de efeito de energiza\u00e7\u00e3o ou abertura das vias neurais. Este estudo preliminar evidenciou claramente um impacto neurol\u00f3gico positivo, pelo menos tempor\u00e1rio, resultante da administra\u00e7\u00e3o do Etherium Gold. O ind\u00edcio \u00e9 que, de alguma forma, ele fornece um ambiente no qual o c\u00e9rebro tende a se aproximar de um estado de homeostase. Estudos neurol\u00f3gicos anteriores indicaram que, quando o c\u00e9rebro, por algum m\u00e9todo como o treinamento de ondas cerebrais, libera o controle de seus padr\u00f5es, ele tende a entrar em um estado mais equilibrado. Este estudo sugere que o Etherium Gold pode auxiliar na cria\u00e7\u00e3o desse ambiente. Independentemente de o efeito do Etherium Gold manter-se de forma consistente no processamento neurol\u00f3gico ao longo do tempo, a subst\u00e2ncia proporcionou ao c\u00e9rebro a oportunidade de \u201ccompreender\u201d como \u00e9 a sensa\u00e7\u00e3o de equil\u00edbrio.<\/p>\n\n\n\n<p>Na opini\u00e3o deste pesquisador, os resultados indicam claramente que a ingest\u00e3o do Etherium Gold cria uma resposta neurol\u00f3gica e provavelmente fisiol\u00f3gica positiva. Certamente, mais pesquisas se fazem necess\u00e1rias, especialmente no que diz respeito a quanto dessa mudan\u00e7a se mant\u00e9m ao longo do tempo.<\/p>\n\n\n\n<p><strong>Robert E. Dallas, Ph.D.<br>Diretor Cl\u00ednico<br>The Mind Spa<br>2 de junho de 1998<\/strong><\/p>\n<\/div><\/div>\n","protected":false},"excerpt":{"rendered":"<p>Uma Investiga\u00e7\u00e3o Preliminar dos Efeitos Biol\u00f3gicos e Neurofisiol\u00f3gicos do Etherium Gold Etherium Gold Uma investiga\u00e7\u00e3o de biofeedback e neurofeedback sobre [&hellip;]<\/p>\n","protected":false},"author":2,"featured_media":0,"parent":13200,"menu_order":466,"comment_status":"closed","ping_status":"closed","template":"","meta":{"_uag_custom_page_level_css":"","site-sidebar-layout":"default","site-content-layout":"","ast-site-content-layout":"default","site-content-style":"default","site-sidebar-style":"default","ast-global-header-display":"","ast-banner-title-visibility":"","ast-main-header-display":"","ast-hfb-above-header-display":"","ast-hfb-below-header-display":"","ast-hfb-mobile-header-display":"","site-post-title":"disabled","ast-breadcrumbs-content":"","ast-featured-img":"","footer-sml-layout":"","ast-disable-related-posts":"","theme-transparent-header-meta":"","adv-header-id-meta":"","stick-header-meta":"","header-above-stick-meta":"","header-main-stick-meta":"","header-below-stick-meta":"","astra-migrate-meta-layouts":"default","ast-page-background-enabled":"default","ast-page-background-meta":{"desktop":{"background-color":"var(--ast-global-color-4)","background-image":"","background-repeat":"repeat","background-position":"center center","background-size":"auto","background-attachment":"scroll","background-type":"","background-media":"","overlay-type":"","overlay-color":"","overlay-opacity":"","overlay-gradient":""},"tablet":{"background-color":"","background-image":"","background-repeat":"repeat","background-position":"center center","background-size":"auto","background-attachment":"scroll","background-type":"","background-media":"","overlay-type":"","overlay-color":"","overlay-opacity":"","overlay-gradient":""},"mobile":{"background-color":"","background-image":"","background-repeat":"repeat","background-position":"center center","background-size":"auto","background-attachment":"scroll","background-type":"","background-media":"","overlay-type":"","overlay-color":"","overlay-opacity":"","overlay-gradient":""}},"ast-content-background-meta":{"desktop":{"background-color":"var(--ast-global-color-5)","background-image":"","background-repeat":"repeat","background-position":"center center","background-size":"auto","background-attachment":"scroll","background-type":"","background-media":"","overlay-type":"","overlay-color":"","overlay-opacity":"","overlay-gradient":""},"tablet":{"background-color":"var(--ast-global-color-5)","background-image":"","background-repeat":"repeat","background-position":"center center","background-size":"auto","background-attachment":"scroll","background-type":"","background-media":"","overlay-type":"","overlay-color":"","overlay-opacity":"","overlay-gradient":""},"mobile":{"background-color":"var(--ast-global-color-5)","background-image":"","background-repeat":"repeat","background-position":"center center","background-size":"auto","background-attachment":"scroll","background-type":"","background-media":"","overlay-type":"","overlay-color":"","overlay-opacity":"","overlay-gradient":""}},"footnotes":""},"class_list":["post-13215","page","type-page","status-publish","hentry"],"yoast_head":"<!-- This site is optimized with the Yoast SEO plugin v27.1.1 - https:\/\/yoast.com\/product\/yoast-seo-wordpress\/ -->\n<title>Etherium Gold: Resultados Bio-Neuro Preliminares<\/title>\n<meta name=\"description\" content=\"Descubra como o Etherium Gold afeta o equil\u00edbrio das ondas cerebrais, a reatividade emocional e as respostas biol\u00f3gicas neste estudo pioneiro de biofeedback e neurofeedback.\" \/>\n<meta name=\"robots\" content=\"index, follow, max-snippet:-1, max-image-preview:large, max-video-preview:-1\" \/>\n<link rel=\"canonical\" href=\"https:\/\/alphalearning.com\/pt\/ormus\/pesquisa\/efeitos-bio-neurologicos-ouro-monoatomico\/\" \/>\n<meta property=\"og:locale\" content=\"pt_PT\" \/>\n<meta property=\"og:type\" content=\"article\" \/>\n<meta property=\"og:title\" content=\"Etherium Gold: Resultados Bio-Neuro Preliminares\" \/>\n<meta property=\"og:description\" content=\"Descubra como o Etherium Gold afeta o equil\u00edbrio das ondas cerebrais, a reatividade emocional e as respostas biol\u00f3gicas neste estudo pioneiro de biofeedback e neurofeedback.\" \/>\n<meta property=\"og:url\" content=\"https:\/\/alphalearning.com\/pt\/ormus\/pesquisa\/efeitos-bio-neurologicos-ouro-monoatomico\/\" \/>\n<meta property=\"og:site_name\" content=\"Alphalearning International\" \/>\n<meta property=\"article:modified_time\" content=\"2025-02-09T11:52:52+00:00\" \/>\n<meta property=\"og:image\" content=\"https:\/\/alphalearning.com\/wp-content\/uploads\/2024\/04\/alphalearning-logo_red_1200x675px.png\" \/>\n\t<meta property=\"og:image:width\" content=\"1200\" \/>\n\t<meta property=\"og:image:height\" content=\"675\" \/>\n\t<meta property=\"og:image:type\" content=\"image\/png\" \/>\n<meta name=\"twitter:card\" content=\"summary_large_image\" \/>\n<meta name=\"twitter:label1\" content=\"Est. reading time\" \/>\n\t<meta name=\"twitter:data1\" content=\"6 minutes\" \/>\n<!-- \/ Yoast SEO plugin. -->","yoast_head_json":{"title":"Etherium Gold: Resultados Bio-Neuro Preliminares","description":"Descubra como o Etherium Gold afeta o equil\u00edbrio das ondas cerebrais, a reatividade emocional e as respostas biol\u00f3gicas neste estudo pioneiro de biofeedback e neurofeedback.","robots":{"index":"index","follow":"follow","max-snippet":"max-snippet:-1","max-image-preview":"max-image-preview:large","max-video-preview":"max-video-preview:-1"},"canonical":"https:\/\/alphalearning.com\/pt\/ormus\/pesquisa\/efeitos-bio-neurologicos-ouro-monoatomico\/","og_locale":"pt_PT","og_type":"article","og_title":"Etherium Gold: Resultados Bio-Neuro Preliminares","og_description":"Descubra como o Etherium Gold afeta o equil\u00edbrio das ondas cerebrais, a reatividade emocional e as respostas biol\u00f3gicas neste estudo pioneiro de biofeedback e neurofeedback.","og_url":"https:\/\/alphalearning.com\/pt\/ormus\/pesquisa\/efeitos-bio-neurologicos-ouro-monoatomico\/","og_site_name":"Alphalearning International","article_modified_time":"2025-02-09T11:52:52+00:00","og_image":[{"width":1200,"height":675,"url":"https:\/\/alphalearning.com\/wp-content\/uploads\/2024\/04\/alphalearning-logo_red_1200x675px.png","type":"image\/png"}],"twitter_card":"summary_large_image","twitter_misc":{"Est. reading time":"6 minutes"},"schema":{"@context":"https:\/\/schema.org","@graph":[{"@type":"WebPage","@id":"https:\/\/alphalearning.com\/pt\/ormus\/pesquisa\/efeitos-bio-neurologicos-ouro-monoatomico\/","url":"https:\/\/alphalearning.com\/pt\/ormus\/pesquisa\/efeitos-bio-neurologicos-ouro-monoatomico\/","name":"Etherium Gold: Resultados Bio-Neuro Preliminares","isPartOf":{"@id":"https:\/\/alphalearning.com\/pt\/#website"},"datePublished":"2024-03-27T16:38:06+00:00","dateModified":"2025-02-09T11:52:52+00:00","description":"Descubra como o Etherium Gold afeta o equil\u00edbrio das ondas cerebrais, a reatividade emocional e as respostas biol\u00f3gicas neste estudo pioneiro de biofeedback e neurofeedback.","breadcrumb":{"@id":"https:\/\/alphalearning.com\/pt\/ormus\/pesquisa\/efeitos-bio-neurologicos-ouro-monoatomico\/#breadcrumb"},"inLanguage":"pt","potentialAction":[{"@type":"ReadAction","target":["https:\/\/alphalearning.com\/pt\/ormus\/pesquisa\/efeitos-bio-neurologicos-ouro-monoatomico\/"]}]},{"@type":"BreadcrumbList","@id":"https:\/\/alphalearning.com\/pt\/ormus\/pesquisa\/efeitos-bio-neurologicos-ouro-monoatomico\/#breadcrumb","itemListElement":[{"@type":"ListItem","position":1,"name":"Home","item":"https:\/\/alphalearning.com\/pt\/"},{"@type":"ListItem","position":2,"name":"Ouro Monoat\u00f4mico","item":"https:\/\/alphalearning.com\/pt\/ormus\/"},{"@type":"ListItem","position":3,"name":"Pesquisa sobre Ouro Monoat\u00f4mico","item":"https:\/\/alphalearning.com\/pt\/ormus\/pesquisa\/"},{"@type":"ListItem","position":4,"name":"Efeitos biol\u00f3gicos e Neurofisiol\u00f3gicos do Ouro Monoat\u00f4mico"}]},{"@type":"WebSite","@id":"https:\/\/alphalearning.com\/pt\/#website","url":"https:\/\/alphalearning.com\/pt\/","name":"Alphalearning International","description":"the brain training institute","publisher":{"@id":"https:\/\/alphalearning.com\/pt\/#organization"},"potentialAction":[{"@type":"SearchAction","target":{"@type":"EntryPoint","urlTemplate":"https:\/\/alphalearning.com\/pt\/?s={search_term_string}"},"query-input":{"@type":"PropertyValueSpecification","valueRequired":true,"valueName":"search_term_string"}}],"inLanguage":"pt"},{"@type":"Organization","@id":"https:\/\/alphalearning.com\/pt\/#organization","name":"Alphalearning International","url":"https:\/\/alphalearning.com\/pt\/","logo":{"@type":"ImageObject","inLanguage":"pt","@id":"https:\/\/alphalearning.com\/pt\/#\/schema\/logo\/image\/","url":"https:\/\/alphalearning.com\/wp-content\/uploads\/2024\/03\/alphalearning_ico2_512px.png","contentUrl":"https:\/\/alphalearning.com\/wp-content\/uploads\/2024\/03\/alphalearning_ico2_512px.png","width":512,"height":512,"caption":"Alphalearning International"},"image":{"@id":"https:\/\/alphalearning.com\/pt\/#\/schema\/logo\/image\/"}}]}},"uagb_featured_image_src":{"full":false,"thumbnail":false,"medium":false,"medium_large":false,"large":false,"1536x1536":false,"2048x2048":false,"gform-image-choice-sm":false,"gform-image-choice-md":false,"gform-image-choice-lg":false},"uagb_author_info":{"display_name":"Julio Machado","author_link":"https:\/\/alphalearning.com\/pt\/author\/julio-machado\/"},"uagb_comment_info":0,"uagb_excerpt":"Uma Investiga\u00e7\u00e3o Preliminar dos Efeitos Biol\u00f3gicos e Neurofisiol\u00f3gicos do Etherium Gold Etherium Gold Uma investiga\u00e7\u00e3o de biofeedback e neurofeedback sobre [&hellip;]","_links":{"self":[{"href":"https:\/\/alphalearning.com\/pt\/wp-json\/wp\/v2\/pages\/13215","targetHints":{"allow":["GET"]}}],"collection":[{"href":"https:\/\/alphalearning.com\/pt\/wp-json\/wp\/v2\/pages"}],"about":[{"href":"https:\/\/alphalearning.com\/pt\/wp-json\/wp\/v2\/types\/page"}],"author":[{"embeddable":true,"href":"https:\/\/alphalearning.com\/pt\/wp-json\/wp\/v2\/users\/2"}],"replies":[{"embeddable":true,"href":"https:\/\/alphalearning.com\/pt\/wp-json\/wp\/v2\/comments?post=13215"}],"version-history":[{"count":9,"href":"https:\/\/alphalearning.com\/pt\/wp-json\/wp\/v2\/pages\/13215\/revisions"}],"predecessor-version":[{"id":15174,"href":"https:\/\/alphalearning.com\/pt\/wp-json\/wp\/v2\/pages\/13215\/revisions\/15174"}],"up":[{"embeddable":true,"href":"https:\/\/alphalearning.com\/pt\/wp-json\/wp\/v2\/pages\/13200"}],"wp:attachment":[{"href":"https:\/\/alphalearning.com\/pt\/wp-json\/wp\/v2\/media?parent=13215"}],"curies":[{"name":"wp","href":"https:\/\/api.w.org\/{rel}","templated":true}]}}