{"id":13208,"date":"2024-03-27T16:37:05","date_gmt":"2024-03-27T16:37:05","guid":{"rendered":"https:\/\/alphalearning.com\/ormus\/pesquisa\/benefits\/"},"modified":"2025-04-27T17:57:50","modified_gmt":"2025-04-27T16:57:50","slug":"beneficios","status":"publish","type":"page","link":"https:\/\/alphalearning.com\/pt\/ormus\/pesquisa\/beneficios\/","title":{"rendered":"Benef\u00edcios do Ouro Monoat\u00f4mico"},"content":{"rendered":"\n<div class=\"wp-block-uagb-advanced-heading uagb-block-2e0eb4bb\"><h1 class=\"uagb-heading-text\">Benef\u00edcios do Ouro Monoat\u00f4mico<\/h1><\/div>\n\n\n\n<p>O Ouro Monoat\u00f4mico, tamb\u00e9m conhecido como Etherium Gold ou Ormus, \u00e9 objeto de v\u00e1rios estudos devido ao seu potencial para aprimorar o aprendizado, a performance, o neurofeedback, o bem-estar e a espiritualidade. A seguir, examinamos os benef\u00edcios do Ouro Monoat\u00f4mico nessas \u00e1reas.<\/p>\n\n\n\n<div class=\"wp-block-uagb-container uagb-block-65c2c7ad alignfull uagb-is-root-container\"><div class=\"uagb-container-inner-blocks-wrap\">\n<div class=\"wp-block-uagb-advanced-heading uagb-block-b947b7b0\"><h2 class=\"uagb-heading-text\">Ouro Monoat\u00f4mico e o Aprendizado<\/h2><\/div>\n\n\n\n<p>Pesquisas conduzidas no Instituto Alphalearning indicam que o Ouro Monoat\u00f4mico pode melhorar o equil\u00edbrio cerebral e a capacidade de aprendizado. Acredita-se que ele estimule rea\u00e7\u00f5es eletroqu\u00edmicas no c\u00e9rebro, o que gera um equil\u00edbrio entre os hemisf\u00e9rios esquerdo e direito. Esse equil\u00edbrio se associa a um aprendizado mais f\u00e1cil, melhor mem\u00f3ria e a um corpo mais saud\u00e1vel. O consumo de Ouro Monoat\u00f4mico tamb\u00e9m \u00e9 relacionado \u00e0 manifesta\u00e7\u00e3o instant\u00e2nea de objetivos e a uma compreens\u00e3o mais profunda de como os pensamentos influenciam a realidade.<\/p>\n\n\n\n<p>Nossos estudos demonstraram que os efeitos do Ouro Monoat\u00f4mico no aprendizado s\u00e3o virtualmente instant\u00e2neos e id\u00eanticos em todos os indiv\u00edduos. Os principais resultados incluem um equil\u00edbrio maior entre os dois hemisf\u00e9rios cerebrais e uma tend\u00eancia \u00e0s frequ\u00eancias de ondas cerebrais alfa, associadas a uma maior capacidade de aprendizado.<\/p>\n\n\n\n<div class=\"wp-block-uagb-advanced-heading uagb-block-a593e525\"><h2 class=\"uagb-heading-text\">Ouro Monoat\u00f4mico e Alta Performance<\/h2><\/div>\n\n\n\n<p>Al\u00e9m de seus benef\u00edcios para o aprendizado, o Ouro Monoat\u00f4mico tamb\u00e9m pode auxiliar na busca pela alta performance. O equil\u00edbrio que ele promove no c\u00e9rebro pode melhorar a coordena\u00e7\u00e3o mente\/corpo, essencial para o alto desempenho em diversas \u00e1reas, como esportes, atividades acad\u00eamicas e cria\u00e7\u00f5es art\u00edsticas.<\/p>\n\n\n\n<p>Al\u00e9m disso, a capacidade do Ouro Monoat\u00f4mico de estimular as ondas cerebrais alfa se associa a maior criatividade e menos estresse, fatores que podem contribuir para melhorar a performance em uma ampla gama de atividades. Dessa forma, o Ouro Monoat\u00f4mico se revela um recurso promissor para quem deseja aprimorar seu desempenho.<\/p>\n\n\n\n<p>Enquanto acelera a taxa de cura no corpo e aumenta a for\u00e7a f\u00edsica, o Ouro Monoat\u00f4mico tamb\u00e9m est\u00e1 relacionado ao desenvolvimento da intui\u00e7\u00e3o e da intelig\u00eancia.<\/p>\n\n\n\n<div class=\"wp-block-uagb-advanced-heading uagb-block-f4c7a539\"><h2 class=\"uagb-heading-text\">Ouro Monoat\u00f4mico, Bem-Estar e Reparo de DNA<\/h2><\/div>\n\n\n\n<p>Al\u00e9m dos benef\u00edcios cognitivos, o Ouro Monoat\u00f4mico tamb\u00e9m \u00e9 associado \u00e0 promo\u00e7\u00e3o do bem-estar geral. Acredita-se que ele ajude na renova\u00e7\u00e3o celular e na melhora das defesas naturais do corpo. O Ouro Monoat\u00f4mico refor\u00e7a o sistema imunol\u00f3gico e, segundo relatos, repara danos ao DNA. Ele exerce um efeito antienvelhecimento na pele, nos cabelos e nas unhas, sendo por vezes chamado de \u201cElixir da Vida\u201d. Embora sejam necess\u00e1rias mais pesquisas para se compreender completamente esses benef\u00edcios, descobertas preliminares sugerem que o Ouro Monoat\u00f4mico pode ser um complemento valioso em uma abordagem hol\u00edstica de sa\u00fade e bem-estar.<\/p>\n\n\n\n<div class=\"wp-block-uagb-advanced-heading uagb-block-d974ca42\"><h2 class=\"uagb-heading-text\">Ouro Monoat\u00f4mico, Neurofeedback e Espiritualidade<\/h2><\/div>\n\n\n\n<p>O Ouro Monoat\u00f4mico tamb\u00e9m apresenta resultados promissores no campo do neurofeedback, tipo de biofeedback que utiliza a visualiza\u00e7\u00e3o em tempo real da atividade cerebral para promover a autorregula\u00e7\u00e3o das fun\u00e7\u00f5es do c\u00e9rebro. Estudos indicam que o Ouro Monoat\u00f4mico pode auxiliar o c\u00e9rebro a caminhar em dire\u00e7\u00e3o \u00e0 homeostase, ou seja, ao equil\u00edbrio, ao mesmo tempo que estimula frequ\u00eancias cerebrais ben\u00e9ficas, o que potencializa o treinamento de neurofeedback.<\/p>\n\n\n\n<p>Historicamente, o Ouro Monoat\u00f4mico j\u00e1 era utilizado em pr\u00e1ticas espirituais, com culturas antigas acreditando em sua capacidade de elevar a consci\u00eancia espiritual e promover a ilumina\u00e7\u00e3o. O Ormus eleva a vibra\u00e7\u00e3o do usu\u00e1rio, o que frequentemente ativa a kundalini e possibilitando viv\u00eancias de telepatia n\u00e3o intencional, visualiza\u00e7\u00e3o de auras e campos energ\u00e9ticos, al\u00e9m de sonhos l\u00facidos. Muitos relatam uma sensa\u00e7\u00e3o maior de paz, aumento da intui\u00e7\u00e3o e uma conex\u00e3o mais profunda com seu lado espiritual.<\/p>\n\n\n\n<p>Em conclus\u00e3o, o Ouro Monoat\u00f4mico \u00e9 uma subst\u00e2ncia singular, com uma ampla gama de benef\u00edcios potenciais nas \u00e1reas de aprendizado, alta performance, bem-estar, neurofeedback e espiritualidade. Suas propriedades \u00fanicas e efeitos no c\u00e9rebro continuam sendo objeto de pesquisas, e seus poss\u00edveis benef\u00edcios para a sa\u00fade global e aspectos espirituais aumentam ainda mais o interesse e o fasc\u00ednio em torno desse tema.<\/p>\n\n\n\n<p class=\"has-text-align-right\"><strong>Leia mais sobre Ouro Monoat\u00f4mico:<\/strong><br><a href=\"https:\/\/alphalearning.com\/monatomic-gold\/what-is-monatomic-gold\/\">O que \u00e9 Ouro Monoat\u00f4mico?<\/a><br><a href=\"https:\/\/alphalearning.com\/pt\/ormus\/pesquisa\/\">Pesquisas sobre Ouro Monoat\u00f4mico<\/a><br><a href=\"https:\/\/alphalearning.com\/monatomic-gold\/research\/etherium-gold-study\/\">Estudo do Instituto Alphalearning<\/a><br><a href=\"https:\/\/alphalearning.com\/monatomic-gold\/research\/bio-neurological-effects-etherium-gold\/\">Efeitos Biol\u00f3gicos e Neurofisiol\u00f3gicos do Etherium Gold<\/a><\/p>\n<\/div><\/div>\n","protected":false},"excerpt":{"rendered":"<p>Benef\u00edcios do Ouro Monoat\u00f4mico O Ouro Monoat\u00f4mico, tamb\u00e9m conhecido como Etherium Gold ou Ormus, \u00e9 objeto de v\u00e1rios estudos devido [&hellip;]<\/p>\n","protected":false},"author":2,"featured_media":0,"parent":13200,"menu_order":464,"comment_status":"closed","ping_status":"closed","template":"","meta":{"_uag_custom_page_level_css":"","site-sidebar-layout":"default","site-content-layout":"","ast-site-content-layout":"default","site-content-style":"default","site-sidebar-style":"default","ast-global-header-display":"","ast-banner-title-visibility":"","ast-main-header-display":"","ast-hfb-above-header-display":"","ast-hfb-below-header-display":"","ast-hfb-mobile-header-display":"","site-post-title":"disabled","ast-breadcrumbs-content":"","ast-featured-img":"","footer-sml-layout":"","ast-disable-related-posts":"","theme-transparent-header-meta":"","adv-header-id-meta":"","stick-header-meta":"","header-above-stick-meta":"","header-main-stick-meta":"","header-below-stick-meta":"","astra-migrate-meta-layouts":"default","ast-page-background-enabled":"default","ast-page-background-meta":{"desktop":{"background-color":"var(--ast-global-color-4)","background-image":"","background-repeat":"repeat","background-position":"center center","background-size":"auto","background-attachment":"scroll","background-type":"","background-media":"","overlay-type":"","overlay-color":"","overlay-opacity":"","overlay-gradient":""},"tablet":{"background-color":"","background-image":"","background-repeat":"repeat","background-position":"center center","background-size":"auto","background-attachment":"scroll","background-type":"","background-media":"","overlay-type":"","overlay-color":"","overlay-opacity":"","overlay-gradient":""},"mobile":{"background-color":"","background-image":"","background-repeat":"repeat","background-position":"center center","background-size":"auto","background-attachment":"scroll","background-type":"","background-media":"","overlay-type":"","overlay-color":"","overlay-opacity":"","overlay-gradient":""}},"ast-content-background-meta":{"desktop":{"background-color":"var(--ast-global-color-5)","background-image":"","background-repeat":"repeat","background-position":"center center","background-size":"auto","background-attachment":"scroll","background-type":"","background-media":"","overlay-type":"","overlay-color":"","overlay-opacity":"","overlay-gradient":""},"tablet":{"background-color":"var(--ast-global-color-5)","background-image":"","background-repeat":"repeat","background-position":"center center","background-size":"auto","background-attachment":"scroll","background-type":"","background-media":"","overlay-type":"","overlay-color":"","overlay-opacity":"","overlay-gradient":""},"mobile":{"background-color":"var(--ast-global-color-5)","background-image":"","background-repeat":"repeat","background-position":"center center","background-size":"auto","background-attachment":"scroll","background-type":"","background-media":"","overlay-type":"","overlay-color":"","overlay-opacity":"","overlay-gradient":""}},"footnotes":""},"class_list":["post-13208","page","type-page","status-publish","hentry"],"yoast_head":"<!-- This site is optimized with the Yoast SEO plugin v27.1.1 - https:\/\/yoast.com\/product\/yoast-seo-wordpress\/ -->\n<title>Ouro Monoat\u00f4mico eleva aprendizado, performance e bem-estar.<\/title>\n<meta name=\"description\" content=\"Descubra como o Ouro Monoat\u00f4mico promove equil\u00edbrio cerebral, aprimora a performance e favorece o bem-estar e o crescimento espiritual.\" \/>\n<meta name=\"robots\" content=\"index, follow, max-snippet:-1, max-image-preview:large, max-video-preview:-1\" \/>\n<link rel=\"canonical\" href=\"https:\/\/alphalearning.com\/pt\/ormus\/pesquisa\/beneficios\/\" \/>\n<meta property=\"og:locale\" content=\"pt_PT\" \/>\n<meta property=\"og:type\" content=\"article\" \/>\n<meta property=\"og:title\" content=\"Ouro Monoat\u00f4mico eleva aprendizado, performance e bem-estar.\" \/>\n<meta property=\"og:description\" content=\"Descubra como o Ouro Monoat\u00f4mico promove equil\u00edbrio cerebral, aprimora a performance e favorece o bem-estar e o crescimento espiritual.\" \/>\n<meta property=\"og:url\" content=\"https:\/\/alphalearning.com\/pt\/ormus\/pesquisa\/beneficios\/\" \/>\n<meta property=\"og:site_name\" content=\"Alphalearning International\" \/>\n<meta property=\"article:modified_time\" content=\"2025-04-27T16:57:50+00:00\" \/>\n<meta property=\"og:image\" content=\"https:\/\/alphalearning.com\/wp-content\/uploads\/2024\/04\/alphalearning-logo_red_1200x675px.png\" \/>\n\t<meta property=\"og:image:width\" content=\"1200\" \/>\n\t<meta property=\"og:image:height\" content=\"675\" \/>\n\t<meta property=\"og:image:type\" content=\"image\/png\" \/>\n<meta name=\"twitter:card\" content=\"summary_large_image\" \/>\n<meta name=\"twitter:label1\" content=\"Est. reading time\" \/>\n\t<meta name=\"twitter:data1\" content=\"3 minutes\" \/>\n<!-- \/ Yoast SEO plugin. -->","yoast_head_json":{"title":"Ouro Monoat\u00f4mico eleva aprendizado, performance e bem-estar.","description":"Descubra como o Ouro Monoat\u00f4mico promove equil\u00edbrio cerebral, aprimora a performance e favorece o bem-estar e o crescimento espiritual.","robots":{"index":"index","follow":"follow","max-snippet":"max-snippet:-1","max-image-preview":"max-image-preview:large","max-video-preview":"max-video-preview:-1"},"canonical":"https:\/\/alphalearning.com\/pt\/ormus\/pesquisa\/beneficios\/","og_locale":"pt_PT","og_type":"article","og_title":"Ouro Monoat\u00f4mico eleva aprendizado, performance e bem-estar.","og_description":"Descubra como o Ouro Monoat\u00f4mico promove equil\u00edbrio cerebral, aprimora a performance e favorece o bem-estar e o crescimento espiritual.","og_url":"https:\/\/alphalearning.com\/pt\/ormus\/pesquisa\/beneficios\/","og_site_name":"Alphalearning International","article_modified_time":"2025-04-27T16:57:50+00:00","og_image":[{"width":1200,"height":675,"url":"https:\/\/alphalearning.com\/wp-content\/uploads\/2024\/04\/alphalearning-logo_red_1200x675px.png","type":"image\/png"}],"twitter_card":"summary_large_image","twitter_misc":{"Est. reading time":"3 minutes"},"schema":{"@context":"https:\/\/schema.org","@graph":[{"@type":"WebPage","@id":"https:\/\/alphalearning.com\/pt\/ormus\/pesquisa\/beneficios\/","url":"https:\/\/alphalearning.com\/pt\/ormus\/pesquisa\/beneficios\/","name":"Ouro Monoat\u00f4mico eleva aprendizado, performance e bem-estar.","isPartOf":{"@id":"https:\/\/alphalearning.com\/pt\/#website"},"datePublished":"2024-03-27T16:37:05+00:00","dateModified":"2025-04-27T16:57:50+00:00","description":"Descubra como o Ouro Monoat\u00f4mico promove equil\u00edbrio cerebral, aprimora a performance e favorece o bem-estar e o crescimento espiritual.","breadcrumb":{"@id":"https:\/\/alphalearning.com\/pt\/ormus\/pesquisa\/beneficios\/#breadcrumb"},"inLanguage":"pt","potentialAction":[{"@type":"ReadAction","target":["https:\/\/alphalearning.com\/pt\/ormus\/pesquisa\/beneficios\/"]}]},{"@type":"BreadcrumbList","@id":"https:\/\/alphalearning.com\/pt\/ormus\/pesquisa\/beneficios\/#breadcrumb","itemListElement":[{"@type":"ListItem","position":1,"name":"Home","item":"https:\/\/alphalearning.com\/pt\/"},{"@type":"ListItem","position":2,"name":"Ouro Monoat\u00f4mico","item":"https:\/\/alphalearning.com\/pt\/ormus\/"},{"@type":"ListItem","position":3,"name":"Pesquisa sobre Ouro Monoat\u00f4mico","item":"https:\/\/alphalearning.com\/pt\/ormus\/pesquisa\/"},{"@type":"ListItem","position":4,"name":"Benef\u00edcios do Ouro Monoat\u00f4mico"}]},{"@type":"WebSite","@id":"https:\/\/alphalearning.com\/pt\/#website","url":"https:\/\/alphalearning.com\/pt\/","name":"Alphalearning International","description":"the brain training institute","publisher":{"@id":"https:\/\/alphalearning.com\/pt\/#organization"},"potentialAction":[{"@type":"SearchAction","target":{"@type":"EntryPoint","urlTemplate":"https:\/\/alphalearning.com\/pt\/?s={search_term_string}"},"query-input":{"@type":"PropertyValueSpecification","valueRequired":true,"valueName":"search_term_string"}}],"inLanguage":"pt"},{"@type":"Organization","@id":"https:\/\/alphalearning.com\/pt\/#organization","name":"Alphalearning International","url":"https:\/\/alphalearning.com\/pt\/","logo":{"@type":"ImageObject","inLanguage":"pt","@id":"https:\/\/alphalearning.com\/pt\/#\/schema\/logo\/image\/","url":"https:\/\/alphalearning.com\/wp-content\/uploads\/2024\/03\/alphalearning_ico2_512px.png","contentUrl":"https:\/\/alphalearning.com\/wp-content\/uploads\/2024\/03\/alphalearning_ico2_512px.png","width":512,"height":512,"caption":"Alphalearning International"},"image":{"@id":"https:\/\/alphalearning.com\/pt\/#\/schema\/logo\/image\/"}}]}},"uagb_featured_image_src":{"full":false,"thumbnail":false,"medium":false,"medium_large":false,"large":false,"1536x1536":false,"2048x2048":false,"gform-image-choice-sm":false,"gform-image-choice-md":false,"gform-image-choice-lg":false},"uagb_author_info":{"display_name":"Julio Machado","author_link":"https:\/\/alphalearning.com\/pt\/author\/julio-machado\/"},"uagb_comment_info":0,"uagb_excerpt":"Benef\u00edcios do Ouro Monoat\u00f4mico O Ouro Monoat\u00f4mico, tamb\u00e9m conhecido como Etherium Gold ou Ormus, \u00e9 objeto de v\u00e1rios estudos devido [&hellip;]","_links":{"self":[{"href":"https:\/\/alphalearning.com\/pt\/wp-json\/wp\/v2\/pages\/13208","targetHints":{"allow":["GET"]}}],"collection":[{"href":"https:\/\/alphalearning.com\/pt\/wp-json\/wp\/v2\/pages"}],"about":[{"href":"https:\/\/alphalearning.com\/pt\/wp-json\/wp\/v2\/types\/page"}],"author":[{"embeddable":true,"href":"https:\/\/alphalearning.com\/pt\/wp-json\/wp\/v2\/users\/2"}],"replies":[{"embeddable":true,"href":"https:\/\/alphalearning.com\/pt\/wp-json\/wp\/v2\/comments?post=13208"}],"version-history":[{"count":3,"href":"https:\/\/alphalearning.com\/pt\/wp-json\/wp\/v2\/pages\/13208\/revisions"}],"predecessor-version":[{"id":15164,"href":"https:\/\/alphalearning.com\/pt\/wp-json\/wp\/v2\/pages\/13208\/revisions\/15164"}],"up":[{"embeddable":true,"href":"https:\/\/alphalearning.com\/pt\/wp-json\/wp\/v2\/pages\/13200"}],"wp:attachment":[{"href":"https:\/\/alphalearning.com\/pt\/wp-json\/wp\/v2\/media?parent=13208"}],"curies":[{"name":"wp","href":"https:\/\/api.w.org\/{rel}","templated":true}]}}