{"id":13200,"date":"2024-03-27T16:36:03","date_gmt":"2024-03-27T16:36:03","guid":{"rendered":"https:\/\/alphalearning.com\/ormus\/research\/"},"modified":"2025-04-27T17:27:55","modified_gmt":"2025-04-27T16:27:55","slug":"pesquisa","status":"publish","type":"page","link":"https:\/\/alphalearning.com\/pt\/ormus\/pesquisa\/","title":{"rendered":"Pesquisa sobre Ouro Monoat\u00f4mico"},"content":{"rendered":"\n<div class=\"wp-block-uagb-advanced-heading uagb-block-e7f27043\"><h1 class=\"uagb-heading-text\">Pesquisa sobre Ouro Monoat\u00f4mico<\/h1><\/div>\n\n\n\n<div class=\"wp-block-uagb-container uagb-block-59bdf78c alignfull uagb-is-root-container\"><div class=\"uagb-container-inner-blocks-wrap\">\n<p>O Ouro Monoat\u00f4mico, tamb\u00e9m conhecido como Etherium Gold, tem sido objeto de diversos estudos devido ao seu potencial para aprimorar a aprendizagem, o desempenho e o neurofeedback. Esta p\u00e1gina fornece uma vis\u00e3o geral das principais pesquisas realizadas sobre o Ouro Monoat\u00f4mico.<\/p>\n\n\n\n<div class=\"wp-block-uagb-advanced-heading uagb-block-27a280f0\"><h2 class=\"uagb-heading-text\">Estudo do Instituto Alphalearning<\/h2><\/div>\n\n\n\n<p>O Instituto Alphalearning conduziu um estudo sobre Etherium Gold, com foco em seus efeitos no equil\u00edbrio cerebral e na capacidade de aprendizagem. O estudo constatou que o Etherium Gold estimula rea\u00e7\u00f5es eletroqu\u00edmicas no c\u00e9rebro, o que resulta em equil\u00edbrio entre os hemisf\u00e9rios esquerdo e direito. Esse equil\u00edbrio est\u00e1 associado \u00e0 facilita\u00e7\u00e3o da aprendizagem, \u00e0 melhoria da mem\u00f3ria e \u00e0 manuten\u00e7\u00e3o de um corpo mais saud\u00e1vel.<\/p>\n\n\n\n<p>Constatou-se que os efeitos do Etherium Gold na aprendizagem eram virtualmente instant\u00e2neos e id\u00eanticos em todos os indiv\u00edduos. Os principais resultados incluem o aumento do equil\u00edbrio entre os hemisf\u00e9rios esquerdo e direito do c\u00e9rebro e uma tend\u00eancia \u00e0s frequ\u00eancias de ondas cerebrais em alfa, associadas a uma maior capacidade de aprendizagem.<\/p>\n\n\n\n<p>Para mais detalhes sobre este estudo, visite a p\u00e1gina do <a href=\"https:\/\/alphalearning.com\/monatomic-gold\/research\/etherium-gold-study\/\">Estudo do Instituto Alphalearning<\/a>.<\/p>\n\n\n\n<div class=\"wp-block-uagb-advanced-heading uagb-block-d33b7db0\"><h2 class=\"uagb-heading-text\">Uma Investiga\u00e7\u00e3o Preliminar sobre os Efeitos Biol\u00f3gicos e Neurofisiol\u00f3gicos do Etherium Gold<\/h2><\/div>\n\n\n\n<p>Este estudo examinou os efeitos biol\u00f3gicos e neurofisiol\u00f3gicos da ingest\u00e3o sublingual do p\u00f3 de Etherium Gold. Os resultados indicaram que o Etherium Gold gera uma resposta neurol\u00f3gica positiva e possivelmente fisiol\u00f3gica. A ingest\u00e3o de Etherium Gold mostrou criar um ambiente em que o c\u00e9rebro caminha para um estado de homeostase, ou equil\u00edbrio.<\/p>\n\n\n\n<p>Al\u00e9m disso, o estudo constatou que o Etherium Gold tende a equilibrar as diferen\u00e7as na intensidade das faixas de frequ\u00eancia das ondas cerebrais, o que auxilia as pessoas a desenvolver um c\u00e9rebro plenamente integrado..<\/p>\n\n\n\n<p>Para mais detalhes sobre este estudo, visite a p\u00e1gina de <a href=\"https:\/\/alphalearning.com\/monatomic-gold\/research\/bio-neurological-effects-etherium-gold\/\">Investiga\u00e7\u00e3o Preliminar sobre os Efeitos Biol\u00f3gicos e Neurofisiol\u00f3gicos do Etherium Gold<\/a>.<\/p>\n\n\n\n<div class=\"wp-block-uagb-advanced-heading uagb-block-274b0621\"><h2 class=\"uagb-heading-text\">Ouro Monoat\u00f4mico em Culturas Antigas<\/h2><\/div>\n\n\n\n<p>Textos hist\u00f3ricos e evid\u00eancias arqueol\u00f3gicas sugerem que o Ouro Monoat\u00f4mico era conhecido e utilizado por civiliza\u00e7\u00f5es antigas, particularmente pelos eg\u00edpcios e sum\u00e9rios. Essas culturas acreditavam nos benef\u00edcios espirituais e f\u00edsicos do Ouro Monoat\u00f4mico e o empregavam para ilumina\u00e7\u00e3o espiritual, longevidade e bem-estar geral. Embora esses usos hist\u00f3ricos n\u00e3o constituam pesquisa cient\u00edfica em si, fornecem insights interessantes sobre o antigo interesse pelo Ouro Monoat\u00f4mico.<\/p>\n\n\n\n<div class=\"wp-block-uagb-advanced-heading uagb-block-63cceaad\"><h2 class=\"uagb-heading-text\">Dire\u00e7\u00f5es para Pesquisas Futuras<\/h2><\/div>\n\n\n\n<p>Embora as pesquisas atuais sobre o Ouro Monoat\u00f4mico apresentem resultados promissores, ainda h\u00e1 muito a ser explorado. Pesquisas futuras podem se concentrar nos efeitos de longo prazo do Ouro Monoat\u00f4mico, em seus poss\u00edveis benef\u00edcios para condi\u00e7\u00f5es ou popula\u00e7\u00f5es espec\u00edficas e em seus mecanismos de a\u00e7\u00e3o. Compreender esses aspectos pode ajudar a maximizar os benef\u00edcios do Ouro Monoat\u00f4mico e ampliar suas aplica\u00e7\u00f5es.<\/p>\n\n\n\n<p>Em conclus\u00e3o, as pesquisas realizadas at\u00e9 agora sobre o Ouro Monoat\u00f4mico t\u00eam mostrado resultados promissores em rela\u00e7\u00e3o aos seus efeitos na aprendizagem, no desempenho e no neurofeedback. No entanto, s\u00e3o necess\u00e1rias mais pesquisas para compreender plenamente todo o alcance dos benef\u00edcios e das poss\u00edveis aplica\u00e7\u00f5es dessa subst\u00e2ncia singular.<\/p>\n\n\n\n<p class=\"has-text-align-right\"><strong>Leia mais sobre Ouro Monoat\u00f4mico:<\/strong><br><a href=\"https:\/\/alphalearning.com\/monatomic-gold\/what-is-monatomic-gold\/\">O que \u00e9 Ouro Monoat\u00f4mico?<\/a><br><a href=\"https:\/\/alphalearning.com\/monatomic-gold\/research\/etherium-gold-study\/\">Estudo do Instituto Alphalearning<\/a><br><a href=\"https:\/\/alphalearning.com\/monatomic-gold\/research\/bio-neurological-effects-etherium-gold\/\">Efeitos Biol\u00f3gicos e Neurofisiol\u00f3gicos do Etherium Gold<\/a><br><a href=\"https:\/\/alphalearning.com\/monatomic-gold\/research\/benefits\/\">Benef\u00edcios do Ouro Monoat\u00f4mico<\/a><\/p>\n<\/div><\/div>\n","protected":false},"excerpt":{"rendered":"<p>Pesquisa sobre Ouro Monoat\u00f4mico O Ouro Monoat\u00f4mico, tamb\u00e9m conhecido como Etherium Gold, tem sido objeto de diversos estudos devido ao [&hellip;]<\/p>\n","protected":false},"author":2,"featured_media":0,"parent":13192,"menu_order":462,"comment_status":"closed","ping_status":"closed","template":"","meta":{"_uag_custom_page_level_css":"","site-sidebar-layout":"default","site-content-layout":"","ast-site-content-layout":"default","site-content-style":"default","site-sidebar-style":"default","ast-global-header-display":"","ast-banner-title-visibility":"","ast-main-header-display":"","ast-hfb-above-header-display":"","ast-hfb-below-header-display":"","ast-hfb-mobile-header-display":"","site-post-title":"disabled","ast-breadcrumbs-content":"","ast-featured-img":"","footer-sml-layout":"","ast-disable-related-posts":"","theme-transparent-header-meta":"","adv-header-id-meta":"","stick-header-meta":"","header-above-stick-meta":"","header-main-stick-meta":"","header-below-stick-meta":"","astra-migrate-meta-layouts":"default","ast-page-background-enabled":"default","ast-page-background-meta":{"desktop":{"background-color":"var(--ast-global-color-4)","background-image":"","background-repeat":"repeat","background-position":"center center","background-size":"auto","background-attachment":"scroll","background-type":"","background-media":"","overlay-type":"","overlay-color":"","overlay-opacity":"","overlay-gradient":""},"tablet":{"background-color":"","background-image":"","background-repeat":"repeat","background-position":"center center","background-size":"auto","background-attachment":"scroll","background-type":"","background-media":"","overlay-type":"","overlay-color":"","overlay-opacity":"","overlay-gradient":""},"mobile":{"background-color":"","background-image":"","background-repeat":"repeat","background-position":"center center","background-size":"auto","background-attachment":"scroll","background-type":"","background-media":"","overlay-type":"","overlay-color":"","overlay-opacity":"","overlay-gradient":""}},"ast-content-background-meta":{"desktop":{"background-color":"var(--ast-global-color-5)","background-image":"","background-repeat":"repeat","background-position":"center center","background-size":"auto","background-attachment":"scroll","background-type":"","background-media":"","overlay-type":"","overlay-color":"","overlay-opacity":"","overlay-gradient":""},"tablet":{"background-color":"var(--ast-global-color-5)","background-image":"","background-repeat":"repeat","background-position":"center center","background-size":"auto","background-attachment":"scroll","background-type":"","background-media":"","overlay-type":"","overlay-color":"","overlay-opacity":"","overlay-gradient":""},"mobile":{"background-color":"var(--ast-global-color-5)","background-image":"","background-repeat":"repeat","background-position":"center center","background-size":"auto","background-attachment":"scroll","background-type":"","background-media":"","overlay-type":"","overlay-color":"","overlay-opacity":"","overlay-gradient":""}},"footnotes":""},"class_list":["post-13200","page","type-page","status-publish","hentry"],"yoast_head":"<!-- This site is optimized with the Yoast SEO plugin v27.1.1 - https:\/\/yoast.com\/product\/yoast-seo-wordpress\/ -->\n<title>Em Profundidade: Estudos Cient\u00edficos sobre Ouro Monoat\u00f4mico<\/title>\n<meta name=\"description\" content=\"Conhe\u00e7a estudos avan\u00e7ados sobre Ouro Monoat\u00f4mico, relacionando-o a uma aprendizagem aperfei\u00e7oada, equil\u00edbrio cerebral e desempenho otimizado no Alphalearning.\" \/>\n<meta name=\"robots\" content=\"index, follow, max-snippet:-1, max-image-preview:large, max-video-preview:-1\" \/>\n<link rel=\"canonical\" href=\"https:\/\/alphalearning.com\/pt\/ormus\/pesquisa\/\" \/>\n<meta property=\"og:locale\" content=\"pt_PT\" \/>\n<meta property=\"og:type\" content=\"article\" \/>\n<meta property=\"og:title\" content=\"Em Profundidade: Estudos Cient\u00edficos sobre Ouro Monoat\u00f4mico\" \/>\n<meta property=\"og:description\" content=\"Conhe\u00e7a estudos avan\u00e7ados sobre Ouro Monoat\u00f4mico, relacionando-o a uma aprendizagem aperfei\u00e7oada, equil\u00edbrio cerebral e desempenho otimizado no Alphalearning.\" \/>\n<meta property=\"og:url\" content=\"https:\/\/alphalearning.com\/pt\/ormus\/pesquisa\/\" \/>\n<meta property=\"og:site_name\" content=\"Alphalearning International\" \/>\n<meta property=\"article:modified_time\" content=\"2025-04-27T16:27:55+00:00\" \/>\n<meta property=\"og:image\" content=\"https:\/\/alphalearning.com\/wp-content\/uploads\/2024\/04\/alphalearning-logo_red_1200x675px.png\" \/>\n\t<meta property=\"og:image:width\" content=\"1200\" \/>\n\t<meta property=\"og:image:height\" content=\"675\" \/>\n\t<meta property=\"og:image:type\" content=\"image\/png\" \/>\n<meta name=\"twitter:card\" content=\"summary_large_image\" \/>\n<meta name=\"twitter:label1\" content=\"Est. reading time\" \/>\n\t<meta name=\"twitter:data1\" content=\"3 minutes\" \/>\n<!-- \/ Yoast SEO plugin. -->","yoast_head_json":{"title":"Em Profundidade: Estudos Cient\u00edficos sobre Ouro Monoat\u00f4mico","description":"Conhe\u00e7a estudos avan\u00e7ados sobre Ouro Monoat\u00f4mico, relacionando-o a uma aprendizagem aperfei\u00e7oada, equil\u00edbrio cerebral e desempenho otimizado no Alphalearning.","robots":{"index":"index","follow":"follow","max-snippet":"max-snippet:-1","max-image-preview":"max-image-preview:large","max-video-preview":"max-video-preview:-1"},"canonical":"https:\/\/alphalearning.com\/pt\/ormus\/pesquisa\/","og_locale":"pt_PT","og_type":"article","og_title":"Em Profundidade: Estudos Cient\u00edficos sobre Ouro Monoat\u00f4mico","og_description":"Conhe\u00e7a estudos avan\u00e7ados sobre Ouro Monoat\u00f4mico, relacionando-o a uma aprendizagem aperfei\u00e7oada, equil\u00edbrio cerebral e desempenho otimizado no Alphalearning.","og_url":"https:\/\/alphalearning.com\/pt\/ormus\/pesquisa\/","og_site_name":"Alphalearning International","article_modified_time":"2025-04-27T16:27:55+00:00","og_image":[{"width":1200,"height":675,"url":"https:\/\/alphalearning.com\/wp-content\/uploads\/2024\/04\/alphalearning-logo_red_1200x675px.png","type":"image\/png"}],"twitter_card":"summary_large_image","twitter_misc":{"Est. reading time":"3 minutes"},"schema":{"@context":"https:\/\/schema.org","@graph":[{"@type":"WebPage","@id":"https:\/\/alphalearning.com\/pt\/ormus\/pesquisa\/","url":"https:\/\/alphalearning.com\/pt\/ormus\/pesquisa\/","name":"Em Profundidade: Estudos Cient\u00edficos sobre Ouro Monoat\u00f4mico","isPartOf":{"@id":"https:\/\/alphalearning.com\/pt\/#website"},"datePublished":"2024-03-27T16:36:03+00:00","dateModified":"2025-04-27T16:27:55+00:00","description":"Conhe\u00e7a estudos avan\u00e7ados sobre Ouro Monoat\u00f4mico, relacionando-o a uma aprendizagem aperfei\u00e7oada, equil\u00edbrio cerebral e desempenho otimizado no Alphalearning.","breadcrumb":{"@id":"https:\/\/alphalearning.com\/pt\/ormus\/pesquisa\/#breadcrumb"},"inLanguage":"pt","potentialAction":[{"@type":"ReadAction","target":["https:\/\/alphalearning.com\/pt\/ormus\/pesquisa\/"]}]},{"@type":"BreadcrumbList","@id":"https:\/\/alphalearning.com\/pt\/ormus\/pesquisa\/#breadcrumb","itemListElement":[{"@type":"ListItem","position":1,"name":"Home","item":"https:\/\/alphalearning.com\/pt\/"},{"@type":"ListItem","position":2,"name":"Ouro Monoat\u00f4mico","item":"https:\/\/alphalearning.com\/pt\/ormus\/"},{"@type":"ListItem","position":3,"name":"Pesquisa sobre Ouro Monoat\u00f4mico"}]},{"@type":"WebSite","@id":"https:\/\/alphalearning.com\/pt\/#website","url":"https:\/\/alphalearning.com\/pt\/","name":"Alphalearning International","description":"the brain training institute","publisher":{"@id":"https:\/\/alphalearning.com\/pt\/#organization"},"potentialAction":[{"@type":"SearchAction","target":{"@type":"EntryPoint","urlTemplate":"https:\/\/alphalearning.com\/pt\/?s={search_term_string}"},"query-input":{"@type":"PropertyValueSpecification","valueRequired":true,"valueName":"search_term_string"}}],"inLanguage":"pt"},{"@type":"Organization","@id":"https:\/\/alphalearning.com\/pt\/#organization","name":"Alphalearning International","url":"https:\/\/alphalearning.com\/pt\/","logo":{"@type":"ImageObject","inLanguage":"pt","@id":"https:\/\/alphalearning.com\/pt\/#\/schema\/logo\/image\/","url":"https:\/\/alphalearning.com\/wp-content\/uploads\/2024\/03\/alphalearning_ico2_512px.png","contentUrl":"https:\/\/alphalearning.com\/wp-content\/uploads\/2024\/03\/alphalearning_ico2_512px.png","width":512,"height":512,"caption":"Alphalearning International"},"image":{"@id":"https:\/\/alphalearning.com\/pt\/#\/schema\/logo\/image\/"}}]}},"uagb_featured_image_src":{"full":false,"thumbnail":false,"medium":false,"medium_large":false,"large":false,"1536x1536":false,"2048x2048":false,"gform-image-choice-sm":false,"gform-image-choice-md":false,"gform-image-choice-lg":false},"uagb_author_info":{"display_name":"Julio Machado","author_link":"https:\/\/alphalearning.com\/pt\/author\/julio-machado\/"},"uagb_comment_info":0,"uagb_excerpt":"Pesquisa sobre Ouro Monoat\u00f4mico O Ouro Monoat\u00f4mico, tamb\u00e9m conhecido como Etherium Gold, tem sido objeto de diversos estudos devido ao [&hellip;]","_links":{"self":[{"href":"https:\/\/alphalearning.com\/pt\/wp-json\/wp\/v2\/pages\/13200","targetHints":{"allow":["GET"]}}],"collection":[{"href":"https:\/\/alphalearning.com\/pt\/wp-json\/wp\/v2\/pages"}],"about":[{"href":"https:\/\/alphalearning.com\/pt\/wp-json\/wp\/v2\/types\/page"}],"author":[{"embeddable":true,"href":"https:\/\/alphalearning.com\/pt\/wp-json\/wp\/v2\/users\/2"}],"replies":[{"embeddable":true,"href":"https:\/\/alphalearning.com\/pt\/wp-json\/wp\/v2\/comments?post=13200"}],"version-history":[{"count":3,"href":"https:\/\/alphalearning.com\/pt\/wp-json\/wp\/v2\/pages\/13200\/revisions"}],"predecessor-version":[{"id":15162,"href":"https:\/\/alphalearning.com\/pt\/wp-json\/wp\/v2\/pages\/13200\/revisions\/15162"}],"up":[{"embeddable":true,"href":"https:\/\/alphalearning.com\/pt\/wp-json\/wp\/v2\/pages\/13192"}],"wp:attachment":[{"href":"https:\/\/alphalearning.com\/pt\/wp-json\/wp\/v2\/media?parent=13200"}],"curies":[{"name":"wp","href":"https:\/\/api.w.org\/{rel}","templated":true}]}}