{"id":13192,"date":"2024-03-27T16:35:41","date_gmt":"2024-03-27T16:35:41","guid":{"rendered":"https:\/\/alphalearning.com\/monatomic-gold\/"},"modified":"2025-04-27T16:42:26","modified_gmt":"2025-04-27T15:42:26","slug":"ormus","status":"publish","type":"page","link":"https:\/\/alphalearning.com\/pt\/ormus\/","title":{"rendered":"Ouro Monoat\u00f4mico"},"content":{"rendered":"\n<div class=\"wp-block-uagb-advanced-heading uagb-block-523d4e69\"><h1 class=\"uagb-heading-text\">Ouro Monoat\u00f4mico: Aprimorando o Aprendizado, o Desempenho e o Neurofeedback<\/h1><\/div>\n\n\n\n<div class=\"wp-block-uagb-container uagb-block-7cbabe30 alignfull uagb-is-root-container\"><div class=\"uagb-container-inner-blocks-wrap\">\n<p>Bem-vindo \u00e0 nossa se\u00e7\u00e3o abrangente dedicada ao Ouro Monoat\u00f4mico, uma subst\u00e2ncia fascinante que \u00e9 objeto de in\u00fameros estudos e pesquisas nas \u00e1reas de aprendizado, alta performance e neurofeedback.<\/p>\n\n\n\n<p>O Ouro Monoat\u00f4mico, tamb\u00e9m conhecido como Etherium Gold, \u00e9 um dep\u00f3sito mineral em forma de tra\u00e7o que ocorre naturalmente. Constatou-se que ele estimula rea\u00e7\u00f5es eletroqu\u00edmicas no c\u00e9rebro, o que gera equil\u00edbrio entre os hemisf\u00e9rios esquerdo e direito. Esse equil\u00edbrio est\u00e1 associado a maior intelig\u00eancia, melhor coordena\u00e7\u00e3o entre mente e corpo, maior criatividade e menos estresse.<\/p>\n\n\n\n<div class=\"wp-block-uagb-advanced-heading uagb-block-892924a8\"><h2 class=\"uagb-heading-text\">O Poder do Ouro Monoat\u00f4mico<\/h2><\/div>\n\n\n\n<p>Nossas pesquisas no Instituto Alphalearning demonstraram que o Ouro Monoat\u00f4mico pode melhorar o equil\u00edbrio cerebral e a capacidade de aprendizagem. Em nossos estudos, observamos que os efeitos eram virtualmente instant\u00e2neos e id\u00eanticos em todos os participantes. Os principais resultados inclu\u00edram um maior equil\u00edbrio entre os hemisf\u00e9rios esquerdo e direito do c\u00e9rebro e uma tend\u00eancia \u00e0s frequ\u00eancias de ondas cerebrais em alfa, associadas a uma maior capacidade de aprendizagem.<\/p>\n\n\n\n<p>Al\u00e9m disso, acredita-se que o Ouro Monoat\u00f4mico potencialize as habilidades naturais de cura do organismo e contribua para o bem-estar geral. Ele tamb\u00e9m est\u00e1 associado a experi\u00eancias espirituais e m\u00edsticas, com alguns usu\u00e1rios relatando maior intui\u00e7\u00e3o, capacidades ps\u00edquicas e sensa\u00e7\u00f5es de esclarecimento.<\/p>\n\n\n\n<div class=\"wp-block-uagb-advanced-heading uagb-block-bb85af54\"><h2 class=\"uagb-heading-text\">Ouro Monoat\u00f4mico e Neurofeedback<\/h2><\/div>\n\n\n\n<p>Neurofeedback \u00e9 um tipo de biofeedback que utiliza exibi\u00e7\u00f5es em tempo real da atividade cerebral para ensinar a autorregula\u00e7\u00e3o das fun\u00e7\u00f5es do c\u00e9rebro. O Ouro Monoat\u00f4mico tem apresentado resultados promissores nessa \u00e1rea, com estudos indicando que ele pode ajudar o c\u00e9rebro a alcan\u00e7ar um estado de homeostase ou equil\u00edbrio.<\/p>\n\n\n\n<p>Com o uso do Ouro Monoat\u00f4mico, os indiv\u00edduos podem obter um controle mais eficiente de seus estados mentais, o que leva a melhorias no aprendizado, desempenho e bem-estar mental geral. Isso o torna uma ferramenta valiosa no campo do neurofeedback.<\/p>\n\n\n\n<div class=\"wp-block-uagb-advanced-heading uagb-block-a46719dd\"><h2 class=\"uagb-heading-text\">Explorando Mais<\/h2><\/div>\n\n\n\n<p>Nesta se\u00e7\u00e3o, voc\u00ea encontrar\u00e1 informa\u00e7\u00f5es detalhadas sobre o Ouro Monoat\u00f4mico, seus benef\u00edcios potenciais e seu papel em nossas pesquisas.<br>Convidamos voc\u00ea a explorar as seguintes p\u00e1ginas:<\/p>\n\n\n\n<ul class=\"wp-block-list\">\n<li><a href=\"https:\/\/alphalearning.com\/monatomic-gold\/what-is-monatomic-gold\/\">O que \u00e9 Ouro Monoat\u00f4mico?<\/a><\/li>\n\n\n\n<li><a href=\"https:\/\/alphalearning.com\/monatomic-gold\/research\/\">Pesquisas sobre Ouro Monoat\u00f4mico<\/a><ul class=\"wp-block-list\"><li><a href=\"https:\/\/alphalearning.com\/monatomic-gold\/research\/etherium-gold-study\/\">Estudo do Instituto Alphalearning<\/a><\/li><li><a href=\"https:\/\/alphalearning.com\/monatomic-gold\/research\/bio-neurological-effects-etherium-gold\/\">Efeitos Biol\u00f3gicos e Neurofisiol\u00f3gicos do Etherium Gold<\/a><\/li><\/ul><\/li>\n\n\n\n<li><a href=\"https:\/\/alphalearning.com\/monatomic-gold\/research\/benefits\/\">Benef\u00edcios do Ouro Monoat\u00f4mico<\/a><\/li>\n<\/ul>\n\n\n\n<p>Junte-se a n\u00f3s nesta jornada empolgante enquanto investigamos o mundo do Ouro Monoat\u00f4mico e seu potencial para aprimorar o aprendizado, o desempenho e o neurofeedback.<\/p>\n<\/div><\/div>\n\n\n\n<p><\/p>\n","protected":false},"excerpt":{"rendered":"<p>Ouro Monoat\u00f4mico: Aprimorando o Aprendizado, o Desempenho e o Neurofeedback Bem-vindo \u00e0 nossa se\u00e7\u00e3o abrangente dedicada ao Ouro Monoat\u00f4mico, uma [&hellip;]<\/p>\n","protected":false},"author":2,"featured_media":0,"parent":0,"menu_order":460,"comment_status":"closed","ping_status":"closed","template":"","meta":{"_uag_custom_page_level_css":"","site-sidebar-layout":"default","site-content-layout":"","ast-site-content-layout":"default","site-content-style":"default","site-sidebar-style":"default","ast-global-header-display":"","ast-banner-title-visibility":"","ast-main-header-display":"","ast-hfb-above-header-display":"","ast-hfb-below-header-display":"","ast-hfb-mobile-header-display":"","site-post-title":"disabled","ast-breadcrumbs-content":"","ast-featured-img":"","footer-sml-layout":"","ast-disable-related-posts":"","theme-transparent-header-meta":"","adv-header-id-meta":"","stick-header-meta":"","header-above-stick-meta":"","header-main-stick-meta":"","header-below-stick-meta":"","astra-migrate-meta-layouts":"default","ast-page-background-enabled":"default","ast-page-background-meta":{"desktop":{"background-color":"var(--ast-global-color-4)","background-image":"","background-repeat":"repeat","background-position":"center center","background-size":"auto","background-attachment":"scroll","background-type":"","background-media":"","overlay-type":"","overlay-color":"","overlay-opacity":"","overlay-gradient":""},"tablet":{"background-color":"","background-image":"","background-repeat":"repeat","background-position":"center center","background-size":"auto","background-attachment":"scroll","background-type":"","background-media":"","overlay-type":"","overlay-color":"","overlay-opacity":"","overlay-gradient":""},"mobile":{"background-color":"","background-image":"","background-repeat":"repeat","background-position":"center center","background-size":"auto","background-attachment":"scroll","background-type":"","background-media":"","overlay-type":"","overlay-color":"","overlay-opacity":"","overlay-gradient":""}},"ast-content-background-meta":{"desktop":{"background-color":"var(--ast-global-color-5)","background-image":"","background-repeat":"repeat","background-position":"center center","background-size":"auto","background-attachment":"scroll","background-type":"","background-media":"","overlay-type":"","overlay-color":"","overlay-opacity":"","overlay-gradient":""},"tablet":{"background-color":"var(--ast-global-color-5)","background-image":"","background-repeat":"repeat","background-position":"center center","background-size":"auto","background-attachment":"scroll","background-type":"","background-media":"","overlay-type":"","overlay-color":"","overlay-opacity":"","overlay-gradient":""},"mobile":{"background-color":"var(--ast-global-color-5)","background-image":"","background-repeat":"repeat","background-position":"center center","background-size":"auto","background-attachment":"scroll","background-type":"","background-media":"","overlay-type":"","overlay-color":"","overlay-opacity":"","overlay-gradient":""}},"footnotes":""},"class_list":["post-13192","page","type-page","status-publish","hentry"],"yoast_head":"<!-- This site is optimized with the Yoast SEO plugin v27.1.1 - https:\/\/yoast.com\/product\/yoast-seo-wordpress\/ -->\n<title>Guia Alphalearning para o Ouro Monoat\u00f4mico &amp; Neurofeedback<\/title>\n<meta name=\"description\" content=\"Descubra o poder do Ouro Monoat\u00f4mico com o Alphalearning. Veja como este elemento aumenta o aprendizado, equil\u00edbrio cerebral e bem-estar geral.\" \/>\n<meta name=\"robots\" content=\"index, follow, max-snippet:-1, max-image-preview:large, max-video-preview:-1\" \/>\n<link rel=\"canonical\" href=\"https:\/\/alphalearning.com\/pt\/ormus\/\" \/>\n<meta property=\"og:locale\" content=\"pt_PT\" \/>\n<meta property=\"og:type\" content=\"article\" \/>\n<meta property=\"og:title\" content=\"Guia Alphalearning para o Ouro Monoat\u00f4mico &amp; Neurofeedback\" \/>\n<meta property=\"og:description\" content=\"Descubra o poder do Ouro Monoat\u00f4mico com o Alphalearning. Veja como este elemento aumenta o aprendizado, equil\u00edbrio cerebral e bem-estar geral.\" \/>\n<meta property=\"og:url\" content=\"https:\/\/alphalearning.com\/pt\/ormus\/\" \/>\n<meta property=\"og:site_name\" content=\"Alphalearning International\" \/>\n<meta property=\"article:modified_time\" content=\"2025-04-27T15:42:26+00:00\" \/>\n<meta property=\"og:image\" content=\"https:\/\/alphalearning.com\/wp-content\/uploads\/2024\/04\/alphalearning-logo_red_1200x675px.png\" \/>\n\t<meta property=\"og:image:width\" content=\"1200\" \/>\n\t<meta property=\"og:image:height\" content=\"675\" \/>\n\t<meta property=\"og:image:type\" content=\"image\/png\" \/>\n<meta name=\"twitter:card\" content=\"summary_large_image\" \/>\n<meta name=\"twitter:label1\" content=\"Est. reading time\" \/>\n\t<meta name=\"twitter:data1\" content=\"2 minutes\" \/>\n<!-- \/ Yoast SEO plugin. -->","yoast_head_json":{"title":"Guia Alphalearning para o Ouro Monoat\u00f4mico & Neurofeedback","description":"Descubra o poder do Ouro Monoat\u00f4mico com o Alphalearning. Veja como este elemento aumenta o aprendizado, equil\u00edbrio cerebral e bem-estar geral.","robots":{"index":"index","follow":"follow","max-snippet":"max-snippet:-1","max-image-preview":"max-image-preview:large","max-video-preview":"max-video-preview:-1"},"canonical":"https:\/\/alphalearning.com\/pt\/ormus\/","og_locale":"pt_PT","og_type":"article","og_title":"Guia Alphalearning para o Ouro Monoat\u00f4mico & Neurofeedback","og_description":"Descubra o poder do Ouro Monoat\u00f4mico com o Alphalearning. Veja como este elemento aumenta o aprendizado, equil\u00edbrio cerebral e bem-estar geral.","og_url":"https:\/\/alphalearning.com\/pt\/ormus\/","og_site_name":"Alphalearning International","article_modified_time":"2025-04-27T15:42:26+00:00","og_image":[{"width":1200,"height":675,"url":"https:\/\/alphalearning.com\/wp-content\/uploads\/2024\/04\/alphalearning-logo_red_1200x675px.png","type":"image\/png"}],"twitter_card":"summary_large_image","twitter_misc":{"Est. reading time":"2 minutes"},"schema":{"@context":"https:\/\/schema.org","@graph":[{"@type":"WebPage","@id":"https:\/\/alphalearning.com\/pt\/ormus\/","url":"https:\/\/alphalearning.com\/pt\/ormus\/","name":"Guia Alphalearning para o Ouro Monoat\u00f4mico & Neurofeedback","isPartOf":{"@id":"https:\/\/alphalearning.com\/pt\/#website"},"datePublished":"2024-03-27T16:35:41+00:00","dateModified":"2025-04-27T15:42:26+00:00","description":"Descubra o poder do Ouro Monoat\u00f4mico com o Alphalearning. Veja como este elemento aumenta o aprendizado, equil\u00edbrio cerebral e bem-estar geral.","breadcrumb":{"@id":"https:\/\/alphalearning.com\/pt\/ormus\/#breadcrumb"},"inLanguage":"pt","potentialAction":[{"@type":"ReadAction","target":["https:\/\/alphalearning.com\/pt\/ormus\/"]}]},{"@type":"BreadcrumbList","@id":"https:\/\/alphalearning.com\/pt\/ormus\/#breadcrumb","itemListElement":[{"@type":"ListItem","position":1,"name":"Home","item":"https:\/\/alphalearning.com\/pt\/"},{"@type":"ListItem","position":2,"name":"Ouro Monoat\u00f4mico"}]},{"@type":"WebSite","@id":"https:\/\/alphalearning.com\/pt\/#website","url":"https:\/\/alphalearning.com\/pt\/","name":"Alphalearning International","description":"the brain training institute","publisher":{"@id":"https:\/\/alphalearning.com\/pt\/#organization"},"potentialAction":[{"@type":"SearchAction","target":{"@type":"EntryPoint","urlTemplate":"https:\/\/alphalearning.com\/pt\/?s={search_term_string}"},"query-input":{"@type":"PropertyValueSpecification","valueRequired":true,"valueName":"search_term_string"}}],"inLanguage":"pt"},{"@type":"Organization","@id":"https:\/\/alphalearning.com\/pt\/#organization","name":"Alphalearning International","url":"https:\/\/alphalearning.com\/pt\/","logo":{"@type":"ImageObject","inLanguage":"pt","@id":"https:\/\/alphalearning.com\/pt\/#\/schema\/logo\/image\/","url":"https:\/\/alphalearning.com\/wp-content\/uploads\/2024\/03\/alphalearning_ico2_512px.png","contentUrl":"https:\/\/alphalearning.com\/wp-content\/uploads\/2024\/03\/alphalearning_ico2_512px.png","width":512,"height":512,"caption":"Alphalearning International"},"image":{"@id":"https:\/\/alphalearning.com\/pt\/#\/schema\/logo\/image\/"}}]}},"uagb_featured_image_src":{"full":false,"thumbnail":false,"medium":false,"medium_large":false,"large":false,"1536x1536":false,"2048x2048":false,"gform-image-choice-sm":false,"gform-image-choice-md":false,"gform-image-choice-lg":false},"uagb_author_info":{"display_name":"Julio Machado","author_link":"https:\/\/alphalearning.com\/pt\/author\/julio-machado\/"},"uagb_comment_info":0,"uagb_excerpt":"Ouro Monoat\u00f4mico: Aprimorando o Aprendizado, o Desempenho e o Neurofeedback Bem-vindo \u00e0 nossa se\u00e7\u00e3o abrangente dedicada ao Ouro Monoat\u00f4mico, uma [&hellip;]","_links":{"self":[{"href":"https:\/\/alphalearning.com\/pt\/wp-json\/wp\/v2\/pages\/13192","targetHints":{"allow":["GET"]}}],"collection":[{"href":"https:\/\/alphalearning.com\/pt\/wp-json\/wp\/v2\/pages"}],"about":[{"href":"https:\/\/alphalearning.com\/pt\/wp-json\/wp\/v2\/types\/page"}],"author":[{"embeddable":true,"href":"https:\/\/alphalearning.com\/pt\/wp-json\/wp\/v2\/users\/2"}],"replies":[{"embeddable":true,"href":"https:\/\/alphalearning.com\/pt\/wp-json\/wp\/v2\/comments?post=13192"}],"version-history":[{"count":5,"href":"https:\/\/alphalearning.com\/pt\/wp-json\/wp\/v2\/pages\/13192\/revisions"}],"predecessor-version":[{"id":15156,"href":"https:\/\/alphalearning.com\/pt\/wp-json\/wp\/v2\/pages\/13192\/revisions\/15156"}],"wp:attachment":[{"href":"https:\/\/alphalearning.com\/pt\/wp-json\/wp\/v2\/media?parent=13192"}],"curies":[{"name":"wp","href":"https:\/\/api.w.org\/{rel}","templated":true}]}}