{"id":13182,"date":"2024-03-27T16:34:13","date_gmt":"2024-03-27T16:34:13","guid":{"rendered":"https:\/\/alphalearning.com\/introduction-to-brain-balance\/"},"modified":"2025-02-10T06:15:33","modified_gmt":"2025-02-10T06:15:33","slug":"introducao-ao-equilibrio-cerebral","status":"publish","type":"page","link":"https:\/\/alphalearning.com\/pt\/introducao-ao-equilibrio-cerebral\/","title":{"rendered":"Introdu\u00e7\u00e3o ao Equil\u00edbrio Cerebral"},"content":{"rendered":"\n<div class=\"wp-block-uagb-advanced-heading uagb-block-a27d8860\"><h1 class=\"uagb-heading-text\">Introdu\u00e7\u00e3o ao Equil\u00edbrio Cerebral<\/h1><\/div>\n\n\n\n<div class=\"wp-block-uagb-container uagb-block-f8732ec0 alignfull uagb-is-root-container\"><div class=\"uagb-container-inner-blocks-wrap\">\n<p><strong>Introdu\u00e7\u00e3o ao Equil\u00edbrio Cerebral<\/strong><\/p>\n\n\n\n<p>O objetivo de religiosos, praticantes de artes marciais e curadores, por pelo menos 5.400 anos, tem sido equilibrar o c\u00e9rebro. A cren\u00e7a era de que o c\u00e9rebro, o corpo, a mente e as emo\u00e7\u00f5es estavam todos interconectados e que, ao equilibrar qualquer um deles, todos os outros tamb\u00e9m se tornariam mais equilibrados.<\/p>\n\n\n\n<p>Diversas t\u00e9cnicas (alguns livros afirmam que existem mais de 100) foram desenvolvidas e ensinadas ao longo dos anos. O Tai Chi \u00e9 um exemplo cl\u00e1ssico de concentrar-se em equilibrar o corpo para alcan\u00e7ar harmonia f\u00edsica e mental.<\/p>\n<\/div><\/div>\n\n\n\n<figure class=\"wp-block-image alignleft size-full\"><img loading=\"lazy\" decoding=\"async\" width=\"192\" height=\"179\" src=\"https:\/\/alphalearning.com\/wp-content\/uploads\/2024\/04\/introbalance.jpg\" alt=\"\" class=\"wp-image-622\"\/><\/figure>\n\n\n\n<p>Com o uso do Sistema Brainwave III, um novo aluno de Tai Chi pode obter o progresso de 3 meses em apenas 3 dias. O Aikido \u00e9 outro exemplo de aliar habilidades f\u00edsicas \u00e0 inten\u00e7\u00e3o mental. Aqui tamb\u00e9m o objetivo principal \u00e9 o equil\u00edbrio, inicialmente f\u00edsico, que leva \u00e0 estabilidade mental e emocional.<\/p>\n\n\n\n<p>Outras t\u00e9cnicas foram desenvolvidas, como mantras (repeti\u00e7\u00e3o de um som \u2014 ou de uma combina\u00e7\u00e3o de cores \u2014 como em uma mandala, estacion\u00e1ria ou em movimento). Varia\u00e7\u00f5es dessas t\u00e9cnicas b\u00e1sicas s\u00e3o utilizadas em todo o mundo, geralmente associadas a costumes e cren\u00e7as religiosas locais.<\/p>\n\n\n\n<p>Portanto, o conceito de um c\u00e9rebro equilibrado e um corpo equilibrado que se influenciam mutuamente existe h\u00e1 pelo menos 5.000 anos. Ao longo dos s\u00e9culos, milhares de \u201cnovas ideias\u201d foram testadas \u2014 com n\u00edveis de sucesso bastante variados. Um livro indiano lista 108 m\u00e9todos. As freiras de Wisconsin utilizavam de 10 a 15 varia\u00e7\u00f5es. Com tanta variedade para escolher, qualquer pessoa pode selecionar a(s) t\u00e9cnica(s) de sua prefer\u00eancia. Desde o Aikido ou o Tai Chi, que exigem esfor\u00e7o (e s\u00e3o altamente eficientes), at\u00e9 as medita\u00e7\u00f5es de mantra mais passivas, todas funcionam.<\/p>\n\n\n\n<p>Todas elas direcionam a conex\u00e3o c\u00e9rebro\/corpo para o equil\u00edbrio e a estabilidade. Assim, h\u00e1 milhares de anos, os benef\u00edcios dos exerc\u00edcios de equil\u00edbrio cerebral t\u00eam sido evidentes.<\/p>\n\n\n\n<p>As perguntas, por\u00e9m, eram:<\/p>\n\n\n\n<div class=\"wp-block-uagb-container uagb-block-e7a363a4 alignfull uagb-is-root-container\"><div class=\"uagb-container-inner-blocks-wrap\">\n<ul class=\"wp-block-list\">\n<li>Como essas t\u00e9cnicas funcionavam?<\/li>\n\n\n\n<li>Por que as t\u00e9cnicas funcionavam?<\/li>\n\n\n\n<li>Qual era a teoria?<\/li>\n\n\n\n<li>O que realmente estava acontecendo?<\/li>\n<\/ul>\n\n\n\n<p>Ningu\u00e9m sabia.<\/p>\n\n\n\n<p>Em 1992, o Alphalearning iniciou experimentos com um novo tipo de eletroencefalograma (EEG), dezenas de milhares de vezes mais sens\u00edvel do que ondas sem amplifica\u00e7\u00e3o. O sistema conseguia avaliar o equil\u00edbrio (grau de coopera\u00e7\u00e3o) entre os hemisf\u00e9rios esquerdo e direito do c\u00e9rebro enquanto o indiv\u00edduo realizava diversas tarefas mentais e f\u00edsicas. Foi organizado um experimento para testar ao menos 100 executivos seniores, pessoas de sucesso comprovado, para verificar se existia alguma diferen\u00e7a em suas fun\u00e7\u00f5es de EEG. No total, 147 executivos foram analisados.<\/p>\n\n\n\n<p>As evid\u00eancias foram absolutamente contundentes: quanto mais equilibrado o c\u00e9rebro, mais bem-sucedido era o executivo \u2014 em todos os aspectos. Cargos mais altos, maior responsabilidade, lealdade das equipes: todos os sinais de sucesso e todos possu\u00edam c\u00e9rebros mais equilibrados. Havia uma teoria de 1976, do Prof. Mintzberg em Harvard, de que a diferen\u00e7a entre os hemisf\u00e9rios esquerdo e direito do c\u00e9rebro era v\u00e1lida.<\/p>\n\n\n\n<p>O estudo do Alphalearning provou isso de forma incontest\u00e1vel. Os advogados\/contadores s\u00e3o realmente \u201cc\u00e9rebro esquerdo\u201d e os diretores de pesquisa s\u00e3o mesmo \u201cc\u00e9rebro direito\u201d. J\u00e1 os CEOs, profissionais de marketing, vendas etc. utilizam ambos os lados.<\/p>\n\n\n\n<p>Em seguida, o Alphalearning testou o EEG em atletas: iniciantes, de n\u00edvel intermedi\u00e1rio e profissionais. O mesmo resultado: quanto maior o equil\u00edbrio (c\u00e9rebro e corpo) durante a pr\u00e1tica, melhor o desempenho.<\/p>\n\n\n\n<p>Isso aparece at\u00e9 na linguagem cotidiana: \u201cele est\u00e1 realmente desequilibrado\u201d, \u201cesse \u00e9 um sujeito equilibrado\u201d.<\/p>\n\n\n\n<p>A evid\u00eancia realmente surgiu em 1994, quando a Scientific American publicou as primeiras fotos em cores da atividade cerebral. Ficou claro onde, no c\u00e9rebro, o pensamento ocorria. Os principais pesquisadores da \u00e1rea acreditam que a ci\u00eancia ocidental poderia usar a introspec\u00e7\u00e3o oriental, ou t\u00e9cnicas de medita\u00e7\u00e3o, para aprofundar seu entendimento sobre como o c\u00e9rebro funciona e oferecer ajuda pr\u00e1tica a pessoas em dificuldade. Em diversas \u00e1reas, as pr\u00e1ticas tibetanas foram posteriormente comprovadas quando a ci\u00eancia finalmente desenvolveu tecnologia sofisticada o suficiente para test\u00e1-las.<\/p>\n\n\n\n<p>O Alphalearning enfim desenvolveu e testou os sistemas antigos e descobriu que eles eram eficazes, por\u00e9m muito lentos. S\u00e3o necess\u00e1rios muitos anos \u2014 at\u00e9 d\u00e9cadas \u2014 para alcan\u00e7ar o equil\u00edbrio. Era preciso algo mais r\u00e1pido. Os executivos de grandes empresas n\u00e3o queriam sentar em uma rocha e entoar c\u00e2nticos por 15 a 20 anos, muito menos fazer 3 ou 4 horas semanais de Aikido, suado e cansativo, por 3 ou 4 anos.<\/p>\n\n\n\n<p>Os executivos desejavam uma solu\u00e7\u00e3o eletr\u00f4nica de alta velocidade. Foram necess\u00e1rios 5 milh\u00f5es de d\u00f3lares e 3 anos, at\u00e9 que o Alphalearning entregou o sistema \u2014 o Brainwave I. Trata-se de uma combina\u00e7\u00e3o de EEG e sistema de condicionamento \u00f3ptico-ac\u00fastico para treinar o equil\u00edbrio cerebral em 30 a 35 horas.<\/p>\n\n\n\n<p>O cliente ainda recebe, como benef\u00edcio adicional, controle das ondas Alfa e Teta, maior capacidade de leitura e mem\u00f3ria etc. Por\u00e9m, o objetivo \u00e9 o equil\u00edbrio cerebral. Agora isso \u00e9 poss\u00edvel em dias, em vez de anos. Sem diferen\u00e7a no resultado, apenas no tempo necess\u00e1rio para atingi-lo.<\/p>\n\n\n\n<p class=\"has-text-align-right\"><a href=\"https:\/\/alphalearning.com\/what-are-alpha-and-theta-brain-waves\/\">O que s\u00e3o as Ondas Cerebrais Alfa e Teta?<\/a><\/p>\n<\/div><\/div>\n","protected":false},"excerpt":{"rendered":"<p>Introdu\u00e7\u00e3o ao Equil\u00edbrio Cerebral Introdu\u00e7\u00e3o ao Equil\u00edbrio Cerebral O objetivo de religiosos, praticantes de artes marciais e curadores, por pelo [&hellip;]<\/p>\n","protected":false},"author":2,"featured_media":0,"parent":0,"menu_order":452,"comment_status":"closed","ping_status":"closed","template":"","meta":{"_uag_custom_page_level_css":"","site-sidebar-layout":"default","site-content-layout":"","ast-site-content-layout":"default","site-content-style":"default","site-sidebar-style":"default","ast-global-header-display":"","ast-banner-title-visibility":"","ast-main-header-display":"","ast-hfb-above-header-display":"","ast-hfb-below-header-display":"","ast-hfb-mobile-header-display":"","site-post-title":"disabled","ast-breadcrumbs-content":"","ast-featured-img":"","footer-sml-layout":"","ast-disable-related-posts":"","theme-transparent-header-meta":"","adv-header-id-meta":"","stick-header-meta":"","header-above-stick-meta":"","header-main-stick-meta":"","header-below-stick-meta":"","astra-migrate-meta-layouts":"default","ast-page-background-enabled":"default","ast-page-background-meta":{"desktop":{"background-color":"var(--ast-global-color-4)","background-image":"","background-repeat":"repeat","background-position":"center center","background-size":"auto","background-attachment":"scroll","background-type":"","background-media":"","overlay-type":"","overlay-color":"","overlay-opacity":"","overlay-gradient":""},"tablet":{"background-color":"","background-image":"","background-repeat":"repeat","background-position":"center center","background-size":"auto","background-attachment":"scroll","background-type":"","background-media":"","overlay-type":"","overlay-color":"","overlay-opacity":"","overlay-gradient":""},"mobile":{"background-color":"","background-image":"","background-repeat":"repeat","background-position":"center center","background-size":"auto","background-attachment":"scroll","background-type":"","background-media":"","overlay-type":"","overlay-color":"","overlay-opacity":"","overlay-gradient":""}},"ast-content-background-meta":{"desktop":{"background-color":"var(--ast-global-color-5)","background-image":"","background-repeat":"repeat","background-position":"center center","background-size":"auto","background-attachment":"scroll","background-type":"","background-media":"","overlay-type":"","overlay-color":"","overlay-opacity":"","overlay-gradient":""},"tablet":{"background-color":"var(--ast-global-color-5)","background-image":"","background-repeat":"repeat","background-position":"center center","background-size":"auto","background-attachment":"scroll","background-type":"","background-media":"","overlay-type":"","overlay-color":"","overlay-opacity":"","overlay-gradient":""},"mobile":{"background-color":"var(--ast-global-color-5)","background-image":"","background-repeat":"repeat","background-position":"center center","background-size":"auto","background-attachment":"scroll","background-type":"","background-media":"","overlay-type":"","overlay-color":"","overlay-opacity":"","overlay-gradient":""}},"footnotes":""},"class_list":["post-13182","page","type-page","status-publish","hentry"],"yoast_head":"<!-- This site is optimized with the Yoast SEO plugin v27.1.1 - https:\/\/yoast.com\/product\/yoast-seo-wordpress\/ -->\n<title>Introdu\u00e7\u00e3o ao Equil\u00edbrio Cerebral: M\u00e9todo Alphalearning<\/title>\n<meta name=\"description\" content=\"Descubra como as pesquisas do Alphalearning International sobre equil\u00edbrio cerebral em executivos revelam o v\u00ednculo entre mente equilibrada e sucesso duradouro.\" \/>\n<meta name=\"robots\" content=\"index, follow, max-snippet:-1, max-image-preview:large, max-video-preview:-1\" \/>\n<link rel=\"canonical\" href=\"https:\/\/alphalearning.com\/pt\/introducao-ao-equilibrio-cerebral\/\" \/>\n<meta property=\"og:locale\" content=\"pt_PT\" \/>\n<meta property=\"og:type\" content=\"article\" \/>\n<meta property=\"og:title\" content=\"Introdu\u00e7\u00e3o ao Equil\u00edbrio Cerebral: M\u00e9todo Alphalearning\" \/>\n<meta property=\"og:description\" content=\"Descubra como as pesquisas do Alphalearning International sobre equil\u00edbrio cerebral em executivos revelam o v\u00ednculo entre mente equilibrada e sucesso duradouro.\" \/>\n<meta property=\"og:url\" content=\"https:\/\/alphalearning.com\/pt\/introducao-ao-equilibrio-cerebral\/\" \/>\n<meta property=\"og:site_name\" content=\"Alphalearning International\" \/>\n<meta property=\"article:modified_time\" content=\"2025-02-10T06:15:33+00:00\" \/>\n<meta property=\"og:image\" content=\"https:\/\/alphalearning.com\/wp-content\/uploads\/2024\/04\/introbalance.jpg\" \/>\n\t<meta property=\"og:image:width\" content=\"192\" \/>\n\t<meta property=\"og:image:height\" content=\"179\" \/>\n\t<meta property=\"og:image:type\" content=\"image\/jpeg\" \/>\n<meta name=\"twitter:card\" content=\"summary_large_image\" \/>\n<meta name=\"twitter:label1\" content=\"Est. reading time\" \/>\n\t<meta name=\"twitter:data1\" content=\"4 minutes\" \/>\n<!-- \/ Yoast SEO plugin. -->","yoast_head_json":{"title":"Introdu\u00e7\u00e3o ao Equil\u00edbrio Cerebral: M\u00e9todo Alphalearning","description":"Descubra como as pesquisas do Alphalearning International sobre equil\u00edbrio cerebral em executivos revelam o v\u00ednculo entre mente equilibrada e sucesso duradouro.","robots":{"index":"index","follow":"follow","max-snippet":"max-snippet:-1","max-image-preview":"max-image-preview:large","max-video-preview":"max-video-preview:-1"},"canonical":"https:\/\/alphalearning.com\/pt\/introducao-ao-equilibrio-cerebral\/","og_locale":"pt_PT","og_type":"article","og_title":"Introdu\u00e7\u00e3o ao Equil\u00edbrio Cerebral: M\u00e9todo Alphalearning","og_description":"Descubra como as pesquisas do Alphalearning International sobre equil\u00edbrio cerebral em executivos revelam o v\u00ednculo entre mente equilibrada e sucesso duradouro.","og_url":"https:\/\/alphalearning.com\/pt\/introducao-ao-equilibrio-cerebral\/","og_site_name":"Alphalearning International","article_modified_time":"2025-02-10T06:15:33+00:00","og_image":[{"width":192,"height":179,"url":"https:\/\/alphalearning.com\/wp-content\/uploads\/2024\/04\/introbalance.jpg","type":"image\/jpeg"}],"twitter_card":"summary_large_image","twitter_misc":{"Est. reading time":"4 minutes"},"schema":{"@context":"https:\/\/schema.org","@graph":[{"@type":"WebPage","@id":"https:\/\/alphalearning.com\/pt\/introducao-ao-equilibrio-cerebral\/","url":"https:\/\/alphalearning.com\/pt\/introducao-ao-equilibrio-cerebral\/","name":"Introdu\u00e7\u00e3o ao Equil\u00edbrio Cerebral: M\u00e9todo Alphalearning","isPartOf":{"@id":"https:\/\/alphalearning.com\/pt\/#website"},"primaryImageOfPage":{"@id":"https:\/\/alphalearning.com\/pt\/introducao-ao-equilibrio-cerebral\/#primaryimage"},"image":{"@id":"https:\/\/alphalearning.com\/pt\/introducao-ao-equilibrio-cerebral\/#primaryimage"},"thumbnailUrl":"https:\/\/alphalearning.com\/wp-content\/uploads\/2024\/04\/introbalance.jpg","datePublished":"2024-03-27T16:34:13+00:00","dateModified":"2025-02-10T06:15:33+00:00","description":"Descubra como as pesquisas do Alphalearning International sobre equil\u00edbrio cerebral em executivos revelam o v\u00ednculo entre mente equilibrada e sucesso duradouro.","breadcrumb":{"@id":"https:\/\/alphalearning.com\/pt\/introducao-ao-equilibrio-cerebral\/#breadcrumb"},"inLanguage":"pt","potentialAction":[{"@type":"ReadAction","target":["https:\/\/alphalearning.com\/pt\/introducao-ao-equilibrio-cerebral\/"]}]},{"@type":"ImageObject","inLanguage":"pt","@id":"https:\/\/alphalearning.com\/pt\/introducao-ao-equilibrio-cerebral\/#primaryimage","url":"https:\/\/alphalearning.com\/wp-content\/uploads\/2024\/04\/introbalance.jpg","contentUrl":"https:\/\/alphalearning.com\/wp-content\/uploads\/2024\/04\/introbalance.jpg"},{"@type":"BreadcrumbList","@id":"https:\/\/alphalearning.com\/pt\/introducao-ao-equilibrio-cerebral\/#breadcrumb","itemListElement":[{"@type":"ListItem","position":1,"name":"Home","item":"https:\/\/alphalearning.com\/pt\/"},{"@type":"ListItem","position":2,"name":"Introdu\u00e7\u00e3o ao Equil\u00edbrio Cerebral"}]},{"@type":"WebSite","@id":"https:\/\/alphalearning.com\/pt\/#website","url":"https:\/\/alphalearning.com\/pt\/","name":"Alphalearning International","description":"the brain training institute","publisher":{"@id":"https:\/\/alphalearning.com\/pt\/#organization"},"potentialAction":[{"@type":"SearchAction","target":{"@type":"EntryPoint","urlTemplate":"https:\/\/alphalearning.com\/pt\/?s={search_term_string}"},"query-input":{"@type":"PropertyValueSpecification","valueRequired":true,"valueName":"search_term_string"}}],"inLanguage":"pt"},{"@type":"Organization","@id":"https:\/\/alphalearning.com\/pt\/#organization","name":"Alphalearning International","url":"https:\/\/alphalearning.com\/pt\/","logo":{"@type":"ImageObject","inLanguage":"pt","@id":"https:\/\/alphalearning.com\/pt\/#\/schema\/logo\/image\/","url":"https:\/\/alphalearning.com\/wp-content\/uploads\/2024\/03\/alphalearning_ico2_512px.png","contentUrl":"https:\/\/alphalearning.com\/wp-content\/uploads\/2024\/03\/alphalearning_ico2_512px.png","width":512,"height":512,"caption":"Alphalearning International"},"image":{"@id":"https:\/\/alphalearning.com\/pt\/#\/schema\/logo\/image\/"}}]}},"uagb_featured_image_src":{"full":false,"thumbnail":false,"medium":false,"medium_large":false,"large":false,"1536x1536":false,"2048x2048":false,"gform-image-choice-sm":false,"gform-image-choice-md":false,"gform-image-choice-lg":false},"uagb_author_info":{"display_name":"Julio Machado","author_link":"https:\/\/alphalearning.com\/pt\/author\/julio-machado\/"},"uagb_comment_info":0,"uagb_excerpt":"Introdu\u00e7\u00e3o ao Equil\u00edbrio Cerebral Introdu\u00e7\u00e3o ao Equil\u00edbrio Cerebral O objetivo de religiosos, praticantes de artes marciais e curadores, por pelo [&hellip;]","_links":{"self":[{"href":"https:\/\/alphalearning.com\/pt\/wp-json\/wp\/v2\/pages\/13182","targetHints":{"allow":["GET"]}}],"collection":[{"href":"https:\/\/alphalearning.com\/pt\/wp-json\/wp\/v2\/pages"}],"about":[{"href":"https:\/\/alphalearning.com\/pt\/wp-json\/wp\/v2\/types\/page"}],"author":[{"embeddable":true,"href":"https:\/\/alphalearning.com\/pt\/wp-json\/wp\/v2\/users\/2"}],"replies":[{"embeddable":true,"href":"https:\/\/alphalearning.com\/pt\/wp-json\/wp\/v2\/comments?post=13182"}],"version-history":[{"count":5,"href":"https:\/\/alphalearning.com\/pt\/wp-json\/wp\/v2\/pages\/13182\/revisions"}],"predecessor-version":[{"id":15240,"href":"https:\/\/alphalearning.com\/pt\/wp-json\/wp\/v2\/pages\/13182\/revisions\/15240"}],"wp:attachment":[{"href":"https:\/\/alphalearning.com\/pt\/wp-json\/wp\/v2\/media?parent=13182"}],"curies":[{"name":"wp","href":"https:\/\/api.w.org\/{rel}","templated":true}]}}