{"id":13118,"date":"2024-03-27T16:32:36","date_gmt":"2024-03-27T16:32:36","guid":{"rendered":"https:\/\/alphalearning.com\/comentarios-de-clientes-alphalearning\/familias-e-individuos\/veronica-newton\/"},"modified":"2025-01-26T11:43:16","modified_gmt":"2025-01-26T11:43:16","slug":"veronica-newton","status":"publish","type":"page","link":"https:\/\/alphalearning.com\/pt\/comentarios-de-clientes-alphalearning\/familias-e-individuos\/veronica-newton\/","title":{"rendered":"Veronica Newton"},"content":{"rendered":"\n<div class=\"wp-block-uagb-advanced-heading uagb-block-2564667e\"><h1 class=\"uagb-heading-text\">Depoimento de Veronica Newton ao Alphalearning<\/h1><\/div>\n\n\n\n<div class=\"wp-block-uagb-container uagb-block-3ee8cfe9 alignfull uagb-is-root-container\"><div class=\"uagb-container-inner-blocks-wrap\">\n<p>Para o Alphalearning,<\/p>\n\n\n\n<p>Aqui est\u00e1 o resumo da minha condi\u00e7\u00e3o anterior e da sua cura fant\u00e1stica!<\/p>\n\n\n\n<p>H\u00e1 alguns anos, trabalhei em uma casa para pessoas com graves problemas de comportamento e dificuldades de aprendizagem.<\/p>\n\n\n\n<p>Ao lidar com um incidente entre dois clientes, levei um chute no joelho esquerdo. Continuei a trabalhar e descansei no meu dia de folga. Por fim, procurei o m\u00e9dico e o quiropr\u00e1tico, que me informaram que meu joelho estava deslocado, assim como minha pelve e minhas costas, em decorr\u00eancia de ter levantado peso enquanto o joelho estava fora do lugar. Recebi tratamento e fui orientada a repousar; ent\u00e3o desenvolvi TVP (Trombose Venosa Profunda) na perna esquerda e precisei ser hospitalizada. Durante o tratamento, tive uma rea\u00e7\u00e3o grave \u00e0 heparina.<\/p>\n\n\n\n<p>Por cerca de cinco meses, n\u00e3o conseguia ficar em p\u00e9 ou andar sem grande dificuldade. Eu estava sob os cuidados do Dr. Wallington, em Bristol, que diagnosticou vasculite e S\u00edndrome de Raynaud. Nessa altura, minhas m\u00e3os e bra\u00e7os tamb\u00e9m foram afetados, mas, com doses cada vez maiores de analg\u00e9sicos e anti-inflamat\u00f3rios, conseguia me movimentar.<\/p>\n\n\n\n<p>Tentei muitas alternativas, incluindo uma dieta r\u00edgida em que eliminei todos os \u00e1cidos, a\u00e7\u00facares, latic\u00ednios, gr\u00e3os e a maioria das frutas; aromaterapia, cura de chakras, imposi\u00e7\u00e3o de m\u00e3os, psicoterapia, medita\u00e7\u00e3o, visualiza\u00e7\u00e3o etc. Algumas dessas abordagens proporcionaram al\u00edvio tempor\u00e1rio, mas nada duradouro.<\/p>\n\n\n\n<p>Durante uma palestra dos instrutores do Alphalearning, fiquei impressionada com a frase: \u201cSe o c\u00e9rebro est\u00e1 em desequil\u00edbrio, isso afeta o corpo.\u201d Questionei se tamb\u00e9m seria verdadeiro o inverso, ou seja, se meu corpo estava em desequil\u00edbrio, isso se refletiria no meu c\u00e9rebro. Testes no eletroencefal\u00f3grafo do Alphalearning mostraram que eu apresentava um alto n\u00edvel de conflito interno. Com o uso do Brainwave I e de uma t\u00e9cnica de visualiza\u00e7\u00e3o, fui levada a um ponto de equil\u00edbrio em meu corpo que antes s\u00f3 havia alcan\u00e7ado ap\u00f3s horas de medita\u00e7\u00e3o. Ao manter esse foco, consegui racionalizar minha experi\u00eancia em palavras e imagens.<\/p>\n\n\n\n<p>Essa vis\u00e3o geral me permitiu fazer escolhas. Agora estou mudando meu foco da doen\u00e7a para a minha vida, e isso me faz sentir bem.<\/p>\n\n\n\n<p>Por favor, veja o Mapa Mental em anexo para conferir a explos\u00e3o de criatividade ocorrida no dia seguinte.<\/p>\n\n\n\n<p>Com cordialidade e profunda gratid\u00e3o,<\/p>\n\n\n\n<p>Veronica Newton, Inglaterra<\/p>\n<\/div><\/div>\n","protected":false},"excerpt":{"rendered":"<p>Depoimento de Veronica Newton ao Alphalearning Para o Alphalearning, Aqui est\u00e1 o resumo da minha condi\u00e7\u00e3o anterior e da sua [&hellip;]<\/p>\n","protected":false},"author":2,"featured_media":0,"parent":13063,"menu_order":0,"comment_status":"closed","ping_status":"closed","template":"","meta":{"_uag_custom_page_level_css":"","site-sidebar-layout":"default","site-content-layout":"","ast-site-content-layout":"default","site-content-style":"default","site-sidebar-style":"default","ast-global-header-display":"","ast-banner-title-visibility":"","ast-main-header-display":"","ast-hfb-above-header-display":"","ast-hfb-below-header-display":"","ast-hfb-mobile-header-display":"","site-post-title":"disabled","ast-breadcrumbs-content":"","ast-featured-img":"","footer-sml-layout":"","ast-disable-related-posts":"","theme-transparent-header-meta":"","adv-header-id-meta":"","stick-header-meta":"","header-above-stick-meta":"","header-main-stick-meta":"","header-below-stick-meta":"","astra-migrate-meta-layouts":"default","ast-page-background-enabled":"default","ast-page-background-meta":{"desktop":{"background-color":"var(--ast-global-color-4)","background-image":"","background-repeat":"repeat","background-position":"center center","background-size":"auto","background-attachment":"scroll","background-type":"","background-media":"","overlay-type":"","overlay-color":"","overlay-opacity":"","overlay-gradient":""},"tablet":{"background-color":"","background-image":"","background-repeat":"repeat","background-position":"center center","background-size":"auto","background-attachment":"scroll","background-type":"","background-media":"","overlay-type":"","overlay-color":"","overlay-opacity":"","overlay-gradient":""},"mobile":{"background-color":"","background-image":"","background-repeat":"repeat","background-position":"center center","background-size":"auto","background-attachment":"scroll","background-type":"","background-media":"","overlay-type":"","overlay-color":"","overlay-opacity":"","overlay-gradient":""}},"ast-content-background-meta":{"desktop":{"background-color":"var(--ast-global-color-5)","background-image":"","background-repeat":"repeat","background-position":"center center","background-size":"auto","background-attachment":"scroll","background-type":"","background-media":"","overlay-type":"","overlay-color":"","overlay-opacity":"","overlay-gradient":""},"tablet":{"background-color":"var(--ast-global-color-5)","background-image":"","background-repeat":"repeat","background-position":"center center","background-size":"auto","background-attachment":"scroll","background-type":"","background-media":"","overlay-type":"","overlay-color":"","overlay-opacity":"","overlay-gradient":""},"mobile":{"background-color":"var(--ast-global-color-5)","background-image":"","background-repeat":"repeat","background-position":"center center","background-size":"auto","background-attachment":"scroll","background-type":"","background-media":"","overlay-type":"","overlay-color":"","overlay-opacity":"","overlay-gradient":""}},"footnotes":""},"class_list":["post-13118","page","type-page","status-publish","hentry"],"yoast_head":"<!-- This site is optimized with the Yoast SEO plugin v27.1.1 - https:\/\/yoast.com\/product\/yoast-seo-wordpress\/ -->\n<title>Veronica Newton: Do Acidente ao Equil\u00edbrio Corporal<\/title>\n<meta name=\"description\" content=\"Saiba como a tecnologia Brainwave ajudou Veronica a superar dores e conquistar um equil\u00edbrio profundo, trocando horas de medita\u00e7\u00e3o por minutos.\" \/>\n<meta name=\"robots\" content=\"index, follow, max-snippet:-1, max-image-preview:large, max-video-preview:-1\" \/>\n<link rel=\"canonical\" href=\"https:\/\/alphalearning.com\/pt\/comentarios-de-clientes-alphalearning\/familias-e-individuos\/veronica-newton\/\" \/>\n<meta property=\"og:locale\" content=\"pt_PT\" \/>\n<meta property=\"og:type\" content=\"article\" \/>\n<meta property=\"og:title\" content=\"Veronica Newton: Do Acidente ao Equil\u00edbrio Corporal\" \/>\n<meta property=\"og:description\" content=\"Saiba como a tecnologia Brainwave ajudou Veronica a superar dores e conquistar um equil\u00edbrio profundo, trocando horas de medita\u00e7\u00e3o por minutos.\" \/>\n<meta property=\"og:url\" content=\"https:\/\/alphalearning.com\/pt\/comentarios-de-clientes-alphalearning\/familias-e-individuos\/veronica-newton\/\" \/>\n<meta property=\"og:site_name\" content=\"Alphalearning International\" \/>\n<meta property=\"article:modified_time\" content=\"2025-01-26T11:43:16+00:00\" \/>\n<meta property=\"og:image\" content=\"https:\/\/alphalearning.com\/wp-content\/uploads\/2024\/04\/alphalearning-logo_red_1200x675px.png\" \/>\n\t<meta property=\"og:image:width\" content=\"1200\" \/>\n\t<meta property=\"og:image:height\" content=\"675\" \/>\n\t<meta property=\"og:image:type\" content=\"image\/png\" \/>\n<meta name=\"twitter:card\" content=\"summary_large_image\" \/>\n<meta name=\"twitter:label1\" content=\"Est. reading time\" \/>\n\t<meta name=\"twitter:data1\" content=\"2 minutes\" \/>\n<!-- \/ Yoast SEO plugin. -->","yoast_head_json":{"title":"Veronica Newton: Do Acidente ao Equil\u00edbrio Corporal","description":"Saiba como a tecnologia Brainwave ajudou Veronica a superar dores e conquistar um equil\u00edbrio profundo, trocando horas de medita\u00e7\u00e3o por minutos.","robots":{"index":"index","follow":"follow","max-snippet":"max-snippet:-1","max-image-preview":"max-image-preview:large","max-video-preview":"max-video-preview:-1"},"canonical":"https:\/\/alphalearning.com\/pt\/comentarios-de-clientes-alphalearning\/familias-e-individuos\/veronica-newton\/","og_locale":"pt_PT","og_type":"article","og_title":"Veronica Newton: Do Acidente ao Equil\u00edbrio Corporal","og_description":"Saiba como a tecnologia Brainwave ajudou Veronica a superar dores e conquistar um equil\u00edbrio profundo, trocando horas de medita\u00e7\u00e3o por minutos.","og_url":"https:\/\/alphalearning.com\/pt\/comentarios-de-clientes-alphalearning\/familias-e-individuos\/veronica-newton\/","og_site_name":"Alphalearning International","article_modified_time":"2025-01-26T11:43:16+00:00","og_image":[{"width":1200,"height":675,"url":"https:\/\/alphalearning.com\/wp-content\/uploads\/2024\/04\/alphalearning-logo_red_1200x675px.png","type":"image\/png"}],"twitter_card":"summary_large_image","twitter_misc":{"Est. reading time":"2 minutes"},"schema":{"@context":"https:\/\/schema.org","@graph":[{"@type":"WebPage","@id":"https:\/\/alphalearning.com\/pt\/comentarios-de-clientes-alphalearning\/familias-e-individuos\/veronica-newton\/","url":"https:\/\/alphalearning.com\/pt\/comentarios-de-clientes-alphalearning\/familias-e-individuos\/veronica-newton\/","name":"Veronica Newton: Do Acidente ao Equil\u00edbrio Corporal","isPartOf":{"@id":"https:\/\/alphalearning.com\/pt\/#website"},"datePublished":"2024-03-27T16:32:36+00:00","dateModified":"2025-01-26T11:43:16+00:00","description":"Saiba como a tecnologia Brainwave ajudou Veronica a superar dores e conquistar um equil\u00edbrio profundo, trocando horas de medita\u00e7\u00e3o por minutos.","breadcrumb":{"@id":"https:\/\/alphalearning.com\/pt\/comentarios-de-clientes-alphalearning\/familias-e-individuos\/veronica-newton\/#breadcrumb"},"inLanguage":"pt","potentialAction":[{"@type":"ReadAction","target":["https:\/\/alphalearning.com\/pt\/comentarios-de-clientes-alphalearning\/familias-e-individuos\/veronica-newton\/"]}]},{"@type":"BreadcrumbList","@id":"https:\/\/alphalearning.com\/pt\/comentarios-de-clientes-alphalearning\/familias-e-individuos\/veronica-newton\/#breadcrumb","itemListElement":[{"@type":"ListItem","position":1,"name":"Home","item":"https:\/\/alphalearning.com\/pt\/"},{"@type":"ListItem","position":2,"name":"Coment\u00e1rios de Clientes Alphalearning","item":"https:\/\/alphalearning.com\/pt\/comentarios-de-clientes-alphalearning\/"},{"@type":"ListItem","position":3,"name":"Fam\u00edlias","item":"https:\/\/alphalearning.com\/pt\/comentarios-de-clientes-alphalearning\/familias-e-individuos\/"},{"@type":"ListItem","position":4,"name":"Veronica Newton"}]},{"@type":"WebSite","@id":"https:\/\/alphalearning.com\/pt\/#website","url":"https:\/\/alphalearning.com\/pt\/","name":"Alphalearning International","description":"the brain training institute","publisher":{"@id":"https:\/\/alphalearning.com\/pt\/#organization"},"potentialAction":[{"@type":"SearchAction","target":{"@type":"EntryPoint","urlTemplate":"https:\/\/alphalearning.com\/pt\/?s={search_term_string}"},"query-input":{"@type":"PropertyValueSpecification","valueRequired":true,"valueName":"search_term_string"}}],"inLanguage":"pt"},{"@type":"Organization","@id":"https:\/\/alphalearning.com\/pt\/#organization","name":"Alphalearning International","url":"https:\/\/alphalearning.com\/pt\/","logo":{"@type":"ImageObject","inLanguage":"pt","@id":"https:\/\/alphalearning.com\/pt\/#\/schema\/logo\/image\/","url":"https:\/\/alphalearning.com\/wp-content\/uploads\/2024\/03\/alphalearning_ico2_512px.png","contentUrl":"https:\/\/alphalearning.com\/wp-content\/uploads\/2024\/03\/alphalearning_ico2_512px.png","width":512,"height":512,"caption":"Alphalearning International"},"image":{"@id":"https:\/\/alphalearning.com\/pt\/#\/schema\/logo\/image\/"}}]}},"uagb_featured_image_src":{"full":false,"thumbnail":false,"medium":false,"medium_large":false,"large":false,"1536x1536":false,"2048x2048":false,"gform-image-choice-sm":false,"gform-image-choice-md":false,"gform-image-choice-lg":false},"uagb_author_info":{"display_name":"Julio Machado","author_link":"https:\/\/alphalearning.com\/pt\/author\/julio-machado\/"},"uagb_comment_info":0,"uagb_excerpt":"Depoimento de Veronica Newton ao Alphalearning Para o Alphalearning, Aqui est\u00e1 o resumo da minha condi\u00e7\u00e3o anterior e da sua [&hellip;]","_links":{"self":[{"href":"https:\/\/alphalearning.com\/pt\/wp-json\/wp\/v2\/pages\/13118","targetHints":{"allow":["GET"]}}],"collection":[{"href":"https:\/\/alphalearning.com\/pt\/wp-json\/wp\/v2\/pages"}],"about":[{"href":"https:\/\/alphalearning.com\/pt\/wp-json\/wp\/v2\/types\/page"}],"author":[{"embeddable":true,"href":"https:\/\/alphalearning.com\/pt\/wp-json\/wp\/v2\/users\/2"}],"replies":[{"embeddable":true,"href":"https:\/\/alphalearning.com\/pt\/wp-json\/wp\/v2\/comments?post=13118"}],"version-history":[{"count":2,"href":"https:\/\/alphalearning.com\/pt\/wp-json\/wp\/v2\/pages\/13118\/revisions"}],"predecessor-version":[{"id":14397,"href":"https:\/\/alphalearning.com\/pt\/wp-json\/wp\/v2\/pages\/13118\/revisions\/14397"}],"up":[{"embeddable":true,"href":"https:\/\/alphalearning.com\/pt\/wp-json\/wp\/v2\/pages\/13063"}],"wp:attachment":[{"href":"https:\/\/alphalearning.com\/pt\/wp-json\/wp\/v2\/media?parent=13118"}],"curies":[{"name":"wp","href":"https:\/\/api.w.org\/{rel}","templated":true}]}}