{"id":13114,"date":"2024-03-27T16:32:15","date_gmt":"2024-03-27T16:32:15","guid":{"rendered":"https:\/\/alphalearning.com\/comentarios-de-clientes-alphalearning\/familias-e-individuos\/richard-hanbury\/"},"modified":"2025-01-26T11:28:14","modified_gmt":"2025-01-26T11:28:14","slug":"richard-hanbury","status":"publish","type":"page","link":"https:\/\/alphalearning.com\/pt\/comentarios-de-clientes-alphalearning\/familias-e-individuos\/richard-hanbury\/","title":{"rendered":"Richard Hanbury"},"content":{"rendered":"\n<div class=\"wp-block-uagb-advanced-heading uagb-block-acc30e3e\"><h1 class=\"uagb-heading-text\">Depoimento de Richard Hanbury ao Alphalearning<\/h1><\/div>\n\n\n\n<div class=\"wp-block-uagb-container uagb-block-ff820d71 alignfull uagb-is-root-container\"><div class=\"uagb-container-inner-blocks-wrap\">\n<p>Para o Alphalearning,<\/p>\n\n\n\n<p>Esta \u00e9 uma carta de agradecimento por tudo o que aprendi com voc\u00eas e com o sistema do Alphalearning. A \u00fanica forma adequada de agradecer por uma ajuda t\u00e3o inestim\u00e1vel \u00e9 coloc\u00e1-la em pr\u00e1tica, ent\u00e3o seguem alguns detalhes sobre os benef\u00edcios que obtive.<\/p>\n\n\n\n<p>Meu objetivo original ao procurar o Instituto Alphalearning foi o atrativo de \u201ctreinar a atividade das ondas cerebrais\u201d. Eu acreditava que isso ofereceria uma boa chance de ter controle da dor \u201cao simples toque de um bot\u00e3o\u201d. Quando finalmente tive meu pr\u00f3prio conjunto de equipamentos em funcionamento, isso de fato se concretizou. Antes de come\u00e7ar a usar o Lotus para combater a dor, eu perdia, em m\u00e9dia, cerca de um dia e meio por semana. Isso, obviamente, me fazia duvidar se eu poderia ser empregado e foi provavelmente a consequ\u00eancia mais \u201cincapacitante\u201d do meu acidente de carro em 22\/01\/92, no I\u00eamen, que resultou em paraplegia. Em circunst\u00e2ncias normais, dez minutos de \u201cdelta 4-ways\u201d no sistema Lotus me proporcionam al\u00edvio por at\u00e9 seis horas. Essa dura\u00e7\u00e3o varia conforme as condi\u00e7\u00f5es de estresse do momento e foi menor conforme se aproximava o per\u00edodo dos meus exames, mas ainda assim \u00e9 uma enorme vantagem psicol\u00f3gica, pois sempre tenho essa op\u00e7\u00e3o dispon\u00edvel.<\/p>\n\n\n\n<p>A minha velocidade de leitura melhorou em 300%, conforme prometido, e isso tem sido de grande valia. Nos \u00faltimos anos, precisei fazer a maior parte do trabalho equivalente a quatro anos de curso para minha gradua\u00e7\u00e3o em \u00c1rabe. No \u00faltimo ano, meu ano final, consegui recuperar a maior parte desse atraso \u2014 algo que teria sido imposs\u00edvel sem as t\u00e9cnicas que aprendi no Instituto e tudo o mais que voc\u00eas me ensinaram desde ent\u00e3o. Minha \u00faltima revis\u00e3o para os exames de l\u00edngua foi ler todo o dicion\u00e1rio e todas as minhas anota\u00e7\u00f5es; com a velocidade de leitura que eu tinha antes do curso, isso teria sido imposs\u00edvel, e se mostrou um exerc\u00edcio muito \u00fatil quando finalmente fiz a prova.<\/p>\n\n\n\n<p>Minha velocidade de leitura e de absor\u00e7\u00e3o de informa\u00e7\u00f5es tamb\u00e9m me permitiu focar mais nos cursos de l\u00edngua (meu ponto fraco) e deixar os cursos de ci\u00eancias sociais (pol\u00edtica, hist\u00f3ria etc.) para os \u00faltimos dias, seguro de que conseguiria cobrir todo o conte\u00fado necess\u00e1rio no tempo que me dei. Em termos de rapidez de racioc\u00ednio, sinto como se tivesse feito o equivalente mental de atualizar um PC desktop 386 para um processador Pentium. Vou fazer outro teste de QI para confirmar o que sinto ter acontecido. Com a aplica\u00e7\u00e3o das t\u00e9cnicas de treino de Brainwave, estou definitivamente mais capaz de resolver problemas de forma \u00e1gil, e outro indicador de maior velocidade \u00e9 que meu corpo queima a\u00e7\u00facar mais rapidamente enquanto fa\u00e7o exerc\u00edcios mentais do que antes.<\/p>\n\n\n\n<p>Com o uso do EEG, descobri que, quando sinto dor em um dos lados do est\u00f4mago, isso pode desequilibrar meu c\u00e9rebro \u2014 um efeito que parece durar mais do que a pr\u00f3pria dor \u2014 e o meu uso di\u00e1rio do programa Wavemeter tamb\u00e9m resolve esse problema. Al\u00e9m disso, usei o Lotus quando tive dificuldade para dormir, assim como minha irm\u00e3, e descobri que esse recurso \u00e9 extremamente \u00fatil.<\/p>\n\n\n\n<p>A \u00faltima e, potencialmente, mais empolgante aplica\u00e7\u00e3o que tenho dado ao sistema Lotus \u00e9 estimular a regenera\u00e7\u00e3o dos nervos na minha medula espinhal. Tive algum sucesso inicial ao reativar dois m\u00fasculos muito pequenos, o que surpreendeu e alegrou meu neurologista. Agora continuo trabalhando nesse objetivo, o que tem efeitos colaterais positivos, como o aumento da minha capacidade de visualizar de forma v\u00edvida, al\u00e9m da convic\u00e7\u00e3o de que, ao tornar o ambiente ao redor do local da les\u00e3o menos hostil ao crescimento nervoso, poderei ter progressos mais r\u00e1pidos.<\/p>\n\n\n\n<p>Quaisquer benef\u00edcios futuros ser\u00e3o, naturalmente, acr\u00e9scimos bem-vindos, mas tudo o que j\u00e1 aprendi melhorou minha vida de forma incomensur\u00e1vel. Eu sempre acreditei que tinha um c\u00e9rebro poderoso, mas tamb\u00e9m tinha consci\u00eancia de que n\u00e3o sabia ao certo como utiliz\u00e1-lo plenamente. Agora estou aprendendo cada vez mais, e o maior n\u00edvel de controle que desenvolvi \u00e9 de valor inestim\u00e1vel para mim; s\u00f3 posso dizer: muito obrigado!<\/p>\n\n\n\n<p>Atenciosamente,<\/p>\n\n\n\n<p>Richard Hanbury, Inglaterra<\/p>\n<\/div><\/div>\n","protected":false},"excerpt":{"rendered":"<p>Depoimento de Richard Hanbury ao Alphalearning Para o Alphalearning, Esta \u00e9 uma carta de agradecimento por tudo o que aprendi [&hellip;]<\/p>\n","protected":false},"author":2,"featured_media":0,"parent":13063,"menu_order":0,"comment_status":"closed","ping_status":"closed","template":"","meta":{"_uag_custom_page_level_css":"","site-sidebar-layout":"default","site-content-layout":"","ast-site-content-layout":"default","site-content-style":"default","site-sidebar-style":"default","ast-global-header-display":"","ast-banner-title-visibility":"","ast-main-header-display":"","ast-hfb-above-header-display":"","ast-hfb-below-header-display":"","ast-hfb-mobile-header-display":"","site-post-title":"disabled","ast-breadcrumbs-content":"","ast-featured-img":"","footer-sml-layout":"","ast-disable-related-posts":"","theme-transparent-header-meta":"","adv-header-id-meta":"","stick-header-meta":"","header-above-stick-meta":"","header-main-stick-meta":"","header-below-stick-meta":"","astra-migrate-meta-layouts":"default","ast-page-background-enabled":"default","ast-page-background-meta":{"desktop":{"background-color":"var(--ast-global-color-4)","background-image":"","background-repeat":"repeat","background-position":"center center","background-size":"auto","background-attachment":"scroll","background-type":"","background-media":"","overlay-type":"","overlay-color":"","overlay-opacity":"","overlay-gradient":""},"tablet":{"background-color":"","background-image":"","background-repeat":"repeat","background-position":"center center","background-size":"auto","background-attachment":"scroll","background-type":"","background-media":"","overlay-type":"","overlay-color":"","overlay-opacity":"","overlay-gradient":""},"mobile":{"background-color":"","background-image":"","background-repeat":"repeat","background-position":"center center","background-size":"auto","background-attachment":"scroll","background-type":"","background-media":"","overlay-type":"","overlay-color":"","overlay-opacity":"","overlay-gradient":""}},"ast-content-background-meta":{"desktop":{"background-color":"var(--ast-global-color-5)","background-image":"","background-repeat":"repeat","background-position":"center center","background-size":"auto","background-attachment":"scroll","background-type":"","background-media":"","overlay-type":"","overlay-color":"","overlay-opacity":"","overlay-gradient":""},"tablet":{"background-color":"var(--ast-global-color-5)","background-image":"","background-repeat":"repeat","background-position":"center center","background-size":"auto","background-attachment":"scroll","background-type":"","background-media":"","overlay-type":"","overlay-color":"","overlay-opacity":"","overlay-gradient":""},"mobile":{"background-color":"var(--ast-global-color-5)","background-image":"","background-repeat":"repeat","background-position":"center center","background-size":"auto","background-attachment":"scroll","background-type":"","background-media":"","overlay-type":"","overlay-color":"","overlay-opacity":"","overlay-gradient":""}},"footnotes":""},"class_list":["post-13114","page","type-page","status-publish","hentry"],"yoast_head":"<!-- This site is optimized with the Yoast SEO plugin v27.1.1 - https:\/\/yoast.com\/product\/yoast-seo-wordpress\/ -->\n<title>Al\u00edvio de Dor e 300% Maior Rapidez de Leitura: Alphalearning &amp; R. Hanbury<\/title>\n<meta name=\"description\" content=\"Descubra como o Alphalearning ajudou Richard Hanbury a obter at\u00e9 seis horas de al\u00edvio da dor e aumentar sua velocidade de leitura em 300%.\" \/>\n<meta name=\"robots\" content=\"index, follow, max-snippet:-1, max-image-preview:large, max-video-preview:-1\" \/>\n<link rel=\"canonical\" href=\"https:\/\/alphalearning.com\/pt\/comentarios-de-clientes-alphalearning\/familias-e-individuos\/richard-hanbury\/\" \/>\n<meta property=\"og:locale\" content=\"pt_PT\" \/>\n<meta property=\"og:type\" content=\"article\" \/>\n<meta property=\"og:title\" content=\"Al\u00edvio de Dor e 300% Maior Rapidez de Leitura: Alphalearning &amp; R. Hanbury\" \/>\n<meta property=\"og:description\" content=\"Descubra como o Alphalearning ajudou Richard Hanbury a obter at\u00e9 seis horas de al\u00edvio da dor e aumentar sua velocidade de leitura em 300%.\" \/>\n<meta property=\"og:url\" content=\"https:\/\/alphalearning.com\/pt\/comentarios-de-clientes-alphalearning\/familias-e-individuos\/richard-hanbury\/\" \/>\n<meta property=\"og:site_name\" content=\"Alphalearning International\" \/>\n<meta property=\"article:modified_time\" content=\"2025-01-26T11:28:14+00:00\" \/>\n<meta property=\"og:image\" content=\"https:\/\/alphalearning.com\/wp-content\/uploads\/2024\/04\/alphalearning-logo_red_1200x675px.png\" \/>\n\t<meta property=\"og:image:width\" content=\"1200\" \/>\n\t<meta property=\"og:image:height\" content=\"675\" \/>\n\t<meta property=\"og:image:type\" content=\"image\/png\" \/>\n<meta name=\"twitter:card\" content=\"summary_large_image\" \/>\n<meta name=\"twitter:label1\" content=\"Est. reading time\" \/>\n\t<meta name=\"twitter:data1\" content=\"3 minutes\" \/>\n<!-- \/ Yoast SEO plugin. -->","yoast_head_json":{"title":"Al\u00edvio de Dor e 300% Maior Rapidez de Leitura: Alphalearning & R. Hanbury","description":"Descubra como o Alphalearning ajudou Richard Hanbury a obter at\u00e9 seis horas de al\u00edvio da dor e aumentar sua velocidade de leitura em 300%.","robots":{"index":"index","follow":"follow","max-snippet":"max-snippet:-1","max-image-preview":"max-image-preview:large","max-video-preview":"max-video-preview:-1"},"canonical":"https:\/\/alphalearning.com\/pt\/comentarios-de-clientes-alphalearning\/familias-e-individuos\/richard-hanbury\/","og_locale":"pt_PT","og_type":"article","og_title":"Al\u00edvio de Dor e 300% Maior Rapidez de Leitura: Alphalearning & R. Hanbury","og_description":"Descubra como o Alphalearning ajudou Richard Hanbury a obter at\u00e9 seis horas de al\u00edvio da dor e aumentar sua velocidade de leitura em 300%.","og_url":"https:\/\/alphalearning.com\/pt\/comentarios-de-clientes-alphalearning\/familias-e-individuos\/richard-hanbury\/","og_site_name":"Alphalearning International","article_modified_time":"2025-01-26T11:28:14+00:00","og_image":[{"width":1200,"height":675,"url":"https:\/\/alphalearning.com\/wp-content\/uploads\/2024\/04\/alphalearning-logo_red_1200x675px.png","type":"image\/png"}],"twitter_card":"summary_large_image","twitter_misc":{"Est. reading time":"3 minutes"},"schema":{"@context":"https:\/\/schema.org","@graph":[{"@type":"WebPage","@id":"https:\/\/alphalearning.com\/pt\/comentarios-de-clientes-alphalearning\/familias-e-individuos\/richard-hanbury\/","url":"https:\/\/alphalearning.com\/pt\/comentarios-de-clientes-alphalearning\/familias-e-individuos\/richard-hanbury\/","name":"Al\u00edvio de Dor e 300% Maior Rapidez de Leitura: Alphalearning & R. Hanbury","isPartOf":{"@id":"https:\/\/alphalearning.com\/pt\/#website"},"datePublished":"2024-03-27T16:32:15+00:00","dateModified":"2025-01-26T11:28:14+00:00","description":"Descubra como o Alphalearning ajudou Richard Hanbury a obter at\u00e9 seis horas de al\u00edvio da dor e aumentar sua velocidade de leitura em 300%.","breadcrumb":{"@id":"https:\/\/alphalearning.com\/pt\/comentarios-de-clientes-alphalearning\/familias-e-individuos\/richard-hanbury\/#breadcrumb"},"inLanguage":"pt","potentialAction":[{"@type":"ReadAction","target":["https:\/\/alphalearning.com\/pt\/comentarios-de-clientes-alphalearning\/familias-e-individuos\/richard-hanbury\/"]}]},{"@type":"BreadcrumbList","@id":"https:\/\/alphalearning.com\/pt\/comentarios-de-clientes-alphalearning\/familias-e-individuos\/richard-hanbury\/#breadcrumb","itemListElement":[{"@type":"ListItem","position":1,"name":"Home","item":"https:\/\/alphalearning.com\/pt\/"},{"@type":"ListItem","position":2,"name":"Coment\u00e1rios de Clientes Alphalearning","item":"https:\/\/alphalearning.com\/pt\/comentarios-de-clientes-alphalearning\/"},{"@type":"ListItem","position":3,"name":"Fam\u00edlias","item":"https:\/\/alphalearning.com\/pt\/comentarios-de-clientes-alphalearning\/familias-e-individuos\/"},{"@type":"ListItem","position":4,"name":"Richard Hanbury"}]},{"@type":"WebSite","@id":"https:\/\/alphalearning.com\/pt\/#website","url":"https:\/\/alphalearning.com\/pt\/","name":"Alphalearning International","description":"the brain training institute","publisher":{"@id":"https:\/\/alphalearning.com\/pt\/#organization"},"potentialAction":[{"@type":"SearchAction","target":{"@type":"EntryPoint","urlTemplate":"https:\/\/alphalearning.com\/pt\/?s={search_term_string}"},"query-input":{"@type":"PropertyValueSpecification","valueRequired":true,"valueName":"search_term_string"}}],"inLanguage":"pt"},{"@type":"Organization","@id":"https:\/\/alphalearning.com\/pt\/#organization","name":"Alphalearning International","url":"https:\/\/alphalearning.com\/pt\/","logo":{"@type":"ImageObject","inLanguage":"pt","@id":"https:\/\/alphalearning.com\/pt\/#\/schema\/logo\/image\/","url":"https:\/\/alphalearning.com\/wp-content\/uploads\/2024\/03\/alphalearning_ico2_512px.png","contentUrl":"https:\/\/alphalearning.com\/wp-content\/uploads\/2024\/03\/alphalearning_ico2_512px.png","width":512,"height":512,"caption":"Alphalearning International"},"image":{"@id":"https:\/\/alphalearning.com\/pt\/#\/schema\/logo\/image\/"}}]}},"uagb_featured_image_src":{"full":false,"thumbnail":false,"medium":false,"medium_large":false,"large":false,"1536x1536":false,"2048x2048":false,"gform-image-choice-sm":false,"gform-image-choice-md":false,"gform-image-choice-lg":false},"uagb_author_info":{"display_name":"Julio Machado","author_link":"https:\/\/alphalearning.com\/pt\/author\/julio-machado\/"},"uagb_comment_info":0,"uagb_excerpt":"Depoimento de Richard Hanbury ao Alphalearning Para o Alphalearning, Esta \u00e9 uma carta de agradecimento por tudo o que aprendi [&hellip;]","_links":{"self":[{"href":"https:\/\/alphalearning.com\/pt\/wp-json\/wp\/v2\/pages\/13114","targetHints":{"allow":["GET"]}}],"collection":[{"href":"https:\/\/alphalearning.com\/pt\/wp-json\/wp\/v2\/pages"}],"about":[{"href":"https:\/\/alphalearning.com\/pt\/wp-json\/wp\/v2\/types\/page"}],"author":[{"embeddable":true,"href":"https:\/\/alphalearning.com\/pt\/wp-json\/wp\/v2\/users\/2"}],"replies":[{"embeddable":true,"href":"https:\/\/alphalearning.com\/pt\/wp-json\/wp\/v2\/comments?post=13114"}],"version-history":[{"count":2,"href":"https:\/\/alphalearning.com\/pt\/wp-json\/wp\/v2\/pages\/13114\/revisions"}],"predecessor-version":[{"id":14392,"href":"https:\/\/alphalearning.com\/pt\/wp-json\/wp\/v2\/pages\/13114\/revisions\/14392"}],"up":[{"embeddable":true,"href":"https:\/\/alphalearning.com\/pt\/wp-json\/wp\/v2\/pages\/13063"}],"wp:attachment":[{"href":"https:\/\/alphalearning.com\/pt\/wp-json\/wp\/v2\/media?parent=13114"}],"curies":[{"name":"wp","href":"https:\/\/api.w.org\/{rel}","templated":true}]}}