{"id":13110,"date":"2024-03-27T16:31:57","date_gmt":"2024-03-27T16:31:57","guid":{"rendered":"https:\/\/alphalearning.com\/comentarios-de-clientes-alphalearning\/familias-e-individuos\/mrs-wendy-lees\/"},"modified":"2025-04-26T11:39:49","modified_gmt":"2025-04-26T10:39:49","slug":"mrs-wendy-lees","status":"publish","type":"page","link":"https:\/\/alphalearning.com\/pt\/comentarios-de-clientes-alphalearning\/familias-e-individuos\/mrs-wendy-lees\/","title":{"rendered":"Mrs. Wendy Lees"},"content":{"rendered":"\n<div class=\"wp-block-uagb-advanced-heading uagb-block-c01ab12a\"><h1 class=\"uagb-heading-text\">Depoimento da Sra. Wendy Lees ao Alphalearning<\/h1><\/div>\n\n\n\n<div class=\"wp-block-uagb-container uagb-block-8a2ab762 alignfull uagb-is-root-container\"><div class=\"uagb-container-inner-blocks-wrap\">\n<p>Ao Alphalearning,<\/p>\n\n\n\n<p>Os resultados do sistema Brainwave I foram t\u00e3o incr\u00edveis que estou escrevendo esta carta na esperan\u00e7a de que mais fam\u00edlias possam ser ajudadas, assim como n\u00f3s fomos.<\/p>\n\n\n\n<p>Nosso segundo filho, James, nasceu no Zimb\u00e1bue em abril de 1963. Ele teve, conforme o m\u00e9dico disse ao meu marido, uma passagem muito dif\u00edcil. T\u00e3o dif\u00edcil, na verdade, que havia sangue saindo de seu nariz e ouvidos, e havia uma depress\u00e3o em um dos lados de sua cabe\u00e7a. Seu rosto estava inchado e machucado. Ele veio em apresenta\u00e7\u00e3o de face e ficou preso atr\u00e1s da minha p\u00e9lvis.<\/p>\n\n\n\n<p>Quando tive nosso primeiro filho, est\u00e1vamos morando no Malawi e fiz uma episiotomia que precisou de 26 pontos para ajud\u00e1-lo a nascer, e ele ficou completamente bem. Nosso beb\u00ea seria entregue por cesariana, mas, devido a problemas no pa\u00eds onde ele nasceu, quando o ginecologista chegou ao hospital j\u00e1 era tarde demais para realizar o procedimento.<\/p>\n\n\n\n<p>Meu excelente ginecologista americano me deu uma carta para que, caso a empresa do meu marido, John, nos transferisse antes de meu pr\u00f3ximo beb\u00ea nascer, o especialista para onde f\u00f4ssemos pudesse v\u00ea-la primeiro. Fomos transferidos para o Zimb\u00e1bue um ano antes do nascimento de James e, quando fiquei gr\u00e1vida, levei a carta comigo ao m\u00e9dico da empresa. Ele me disse que, no que lhe dizia respeito, j\u00e1 havia feito centenas de partos sem complica\u00e7\u00f5es e, portanto, tinha certeza de que poderia fazer o meu. Eu tinha ent\u00e3o 23 anos e n\u00e3o questionei, algo de que me arrependo profundamente desde ent\u00e3o.<\/p>\n\n\n\n<p>Quando retornamos \u00e0 Gr\u00e3-Bretanha, levamos James ao Wolfson Centre, pois ele era fisicamente fraco, muito sens\u00edvel e aparentava ser um pouco atrasado mentalmente. Disseram-nos que a parte motora de seu c\u00e9rebro havia sido danificada e que ele teve sorte de n\u00e3o ter perdido a vis\u00e3o, devido ao dano estar muito pr\u00f3ximo do nervo \u00f3ptico. Um dos especialistas disse que um dia, e ele n\u00e3o fazia ideia de quando, algu\u00e9m certamente inventaria uma m\u00e1quina capaz de corrigir esse tipo de dano. Que vision\u00e1rio!<\/p>\n\n\n\n<p>Os anos se passaram com algumas dificuldades, sobretudo no que dizia respeito aos problemas emocionais. James nunca conseguiu aceitar que tinha uma defici\u00eancia e ficava muito constrangido com seu jeito de andar um tanto desequilibrado, sua fala arrastada e sua dificuldade de melhorar suas habilidades motoras, como a escrita. Ele passou anos sendo alvo de provoca\u00e7\u00f5es e, dependendo de como era tratado, \u00e0s vezes sa\u00eda sozinho, \u00e0s vezes n\u00e3o. Era fisicamente fraco, o que n\u00e3o ajudava na hora de encontrar trabalho, e tudo o que parecia conseguir fazer era erguer ou carregar objetos \u2014 algo para o qual n\u00e3o estava preparado. No fim das contas, foi aceito em um centro de apoio diurno para pessoas com v\u00e1rios n\u00edveis de defici\u00eancia e, embora tenha gostado de parte do que vivenciou l\u00e1, n\u00e3o estava exatamente feliz. O \u00fanico lugar onde ele foi plenamente aceito foi em uma Igreja Batista, onde muitos membros se tornaram seus amigos e continuam a ser at\u00e9 hoje. Sem eles, a vida dele teria sido ainda mais dif\u00edcil.<\/p>\n\n\n\n<p>Um dia, o presidente da nossa empresa me convidou para almo\u00e7ar. Foi uma refei\u00e7\u00e3o marcante porque conheci a pessoa que, sem querer, mudou nossas vidas. Ela falava sobre o tratamento que seu neto estava fazendo no Instituto Alphalearning, para um leve dano cerebral. Pedi mais detalhes e ela me deu o telefone do filho e da nora. Levamos James ao Instituto depois de muitos telefonemas e correspond\u00eancias com o Instituto Alphalearning antes de sua visita.<\/p>\n\n\n\n<p>No Instituto Alphalearning, eles inventaram uma m\u00e1quina chamada \u201cBrainwave I\u201d, com um programa de luz e som que ajuda a sincronizar e equilibrar o c\u00e9rebro.<\/p>\n\n\n\n<p>Disseram-nos que, se houvesse alguma melhora, ela seria percept\u00edvel em poucas horas. No primeiro dia, sa\u00edmos do Instituto no in\u00edcio da noite, observando James. Mais tarde, fomos a um restaurante com alguns amigos que tinham ido ao Centro conosco, juntamente com o filho deles, Nick. Yvonne comentou que achava que a fala de James estava mais clara. John e eu tamb\u00e9m notamos isso e ficamos entusiasmados por outra pessoa ter apontado primeiro. Mas n\u00e3o demorou para termos uma prova conclusiva: no dia seguinte, ap\u00f3s tratamentos adicionais, est\u00e1vamos no Aeroporto de Schiphol e nos aproximamos de uma escada rolante com uma descida bem \u00edngreme. Como de costume, \u00edamos segurar James para dar apoio, quando, sem dizer nada, ele subiu na escada por conta pr\u00f3pria, como se fizesse aquilo a vida toda. Vale ressaltar que ele ainda carregava sua mala. John e eu quase ca\u00edmos de susto. James seguiu na nossa frente e desceu uma escadaria de m\u00e1rmore muito \u00edngreme, novamente sem ajuda. Ali mesmo percebemos que os tratamentos tinham funcionado. Em cerca de uma semana, nosso pr\u00f3prio Brainwave 1 chegou \u00e0 nossa casa e, junto com um computador compat\u00edvel, foi instalado no quarto de James.<\/p>\n\n\n\n<p>Eles nos disseram que James tinha um QI alto e que seu c\u00e9rebro poderia ser restaurado. Isso vem se tornando cada vez mais evidente. N\u00e3o h\u00e1 mais repeti\u00e7\u00e3o em sua fala, e ele j\u00e1 consegue lidar com problemas que, para outras pessoas, podem ser simples, mas que antes eram enormes para ele. Por exemplo, carregar uma bandeja por cima de um obst\u00e1culo lhe causava grande frustra\u00e7\u00e3o e ansiedade, mas agora ele simplesmente faz isso.<\/p>\n\n\n\n<p>James acabou de entrar no meu escrit\u00f3rio com uma bebida gelada para mim e leu este texto por cima do meu ombro. Perguntei-lhe como se sentia agora, e ele disse que estava muito mais alerta e menos assustado de fazer as coisas por conta pr\u00f3pria. Ficou satisfeito por conseguir falar mais r\u00e1pido e percebeu que as pessoas agora entendem sua fala com facilidade, havendo menos necessidade de se repetir.<\/p>\n\n\n\n<p>Sua apar\u00eancia f\u00edsica tamb\u00e9m mudou. Perguntei ao instrutor do Alphalearning o que estava acontecendo, pois v\u00e1rias pessoas comentaram que James estava mudando de apar\u00eancia e parecia muito bem. Ele explicou que a circula\u00e7\u00e3o de James tinha melhorado e isso aparecia n\u00e3o s\u00f3 no tom de pele, mas tamb\u00e9m ajudava a eliminar as olheiras ao redor dos olhos.<\/p>\n\n\n\n<p>James sempre pareceu magro e com bra\u00e7os e m\u00e3os pouco desenvolvidos, mas agora tamb\u00e9m houve uma enorme melhora nessas \u00e1reas. Seus dedos dos p\u00e9s, que eram curvados, est\u00e3o se endireitando. Antes, quando levantava qualquer tipo de peso, ficava com dores nas costas por muito tempo depois. Isso n\u00e3o acontece mais, e precisamos nos lembrar de que foi apenas h\u00e1 poucas semanas que ele recebeu o primeiro tratamento. James tem uma curvatura na coluna e sempre teve dores nas costas, mas h\u00e1 pelo menos 3 semanas n\u00e3o sente mais esse inc\u00f4modo.<\/p>\n\n\n\n<p>O pai de James, John, entrou em uma das nossas lojas locais, e uma vendedora que conhecia James h\u00e1 anos disse a John que, se ela mesma n\u00e3o tivesse visto, n\u00e3o acreditaria que essa transforma\u00e7\u00e3o pudesse ter ocorrido. Essa inven\u00e7\u00e3o certamente deve ser uma das maiores conquistas dos tempos modernos. Concordamos plenamente com isso.<\/p>\n\n\n\n<p>Acabei de receber um telefonema da minha amiga Yvonne, que disse estar muito entusiasmada com as mudan\u00e7as em James e comentou que a fala dele est\u00e1 cada vez melhor, acrescentando: \u201cE ele est\u00e1 com uma apar\u00eancia \u00f3tima tamb\u00e9m.\u201d<\/p>\n\n\n\n<p>James agora trabalha diariamente em seu computador e temos certeza de que, com o tempo, ele encontrar\u00e1 um emprego. No passado, antes do tratamento no Instituto Alphalearning, tanto John quanto eu viv\u00edamos com aquela preocupa\u00e7\u00e3o constante de como seria a vida de James depois que j\u00e1 n\u00e3o estiv\u00e9ssemos mais aqui. Isso n\u00e3o nos aflige mais, pois agora James tem um futuro, gra\u00e7as \u00e0s habilidades da extraordin\u00e1ria equipe do Alphalearning. N\u00e3o hesitar\u00edamos em recomendar o Instituto Alphalearning.<\/p>\n\n\n\n<p>Wendy Lees, Inglaterra<\/p>\n<\/div><\/div>\n","protected":false},"excerpt":{"rendered":"<p>Depoimento da Sra. Wendy Lees ao Alphalearning Ao Alphalearning, Os resultados do sistema Brainwave I foram t\u00e3o incr\u00edveis que estou [&hellip;]<\/p>\n","protected":false},"author":2,"featured_media":0,"parent":13063,"menu_order":0,"comment_status":"closed","ping_status":"closed","template":"","meta":{"_uag_custom_page_level_css":"","site-sidebar-layout":"default","site-content-layout":"","ast-site-content-layout":"default","site-content-style":"default","site-sidebar-style":"default","ast-global-header-display":"","ast-banner-title-visibility":"","ast-main-header-display":"","ast-hfb-above-header-display":"","ast-hfb-below-header-display":"","ast-hfb-mobile-header-display":"","site-post-title":"disabled","ast-breadcrumbs-content":"","ast-featured-img":"","footer-sml-layout":"","ast-disable-related-posts":"","theme-transparent-header-meta":"","adv-header-id-meta":"","stick-header-meta":"","header-above-stick-meta":"","header-main-stick-meta":"","header-below-stick-meta":"","astra-migrate-meta-layouts":"default","ast-page-background-enabled":"default","ast-page-background-meta":{"desktop":{"background-color":"var(--ast-global-color-4)","background-image":"","background-repeat":"repeat","background-position":"center center","background-size":"auto","background-attachment":"scroll","background-type":"","background-media":"","overlay-type":"","overlay-color":"","overlay-opacity":"","overlay-gradient":""},"tablet":{"background-color":"","background-image":"","background-repeat":"repeat","background-position":"center center","background-size":"auto","background-attachment":"scroll","background-type":"","background-media":"","overlay-type":"","overlay-color":"","overlay-opacity":"","overlay-gradient":""},"mobile":{"background-color":"","background-image":"","background-repeat":"repeat","background-position":"center center","background-size":"auto","background-attachment":"scroll","background-type":"","background-media":"","overlay-type":"","overlay-color":"","overlay-opacity":"","overlay-gradient":""}},"ast-content-background-meta":{"desktop":{"background-color":"var(--ast-global-color-5)","background-image":"","background-repeat":"repeat","background-position":"center center","background-size":"auto","background-attachment":"scroll","background-type":"","background-media":"","overlay-type":"","overlay-color":"","overlay-opacity":"","overlay-gradient":""},"tablet":{"background-color":"var(--ast-global-color-5)","background-image":"","background-repeat":"repeat","background-position":"center center","background-size":"auto","background-attachment":"scroll","background-type":"","background-media":"","overlay-type":"","overlay-color":"","overlay-opacity":"","overlay-gradient":""},"mobile":{"background-color":"var(--ast-global-color-5)","background-image":"","background-repeat":"repeat","background-position":"center center","background-size":"auto","background-attachment":"scroll","background-type":"","background-media":"","overlay-type":"","overlay-color":"","overlay-opacity":"","overlay-gradient":""}},"footnotes":""},"class_list":["post-13110","page","type-page","status-publish","hentry"],"yoast_head":"<!-- This site is optimized with the Yoast SEO plugin v27.1.1 - https:\/\/yoast.com\/product\/yoast-seo-wordpress\/ -->\n<title>Sra. Wendy Lees: Superando Trauma de Parto e Falta de Oxig\u00eanio<\/title>\n<meta name=\"description\" content=\"Descubra como James superou um parto traum\u00e1tico e falta de oxig\u00eanio com o sistema Brainwave I do Alphalearning, recuperando mobilidade e fala.\" \/>\n<meta name=\"robots\" content=\"noindex, nofollow\" \/>\n<meta property=\"og:locale\" content=\"pt_PT\" \/>\n<meta property=\"og:type\" content=\"article\" \/>\n<meta property=\"og:title\" content=\"Sra. Wendy Lees: Superando Trauma de Parto e Falta de Oxig\u00eanio\" \/>\n<meta property=\"og:description\" content=\"Descubra como James superou um parto traum\u00e1tico e falta de oxig\u00eanio com o sistema Brainwave I do Alphalearning, recuperando mobilidade e fala.\" \/>\n<meta property=\"og:url\" content=\"https:\/\/alphalearning.com\/pt\/problemas-de-nascimento-e-neurofeedback\/\" \/>\n<meta property=\"og:site_name\" content=\"Alphalearning International\" \/>\n<meta property=\"article:modified_time\" content=\"2025-04-26T10:39:49+00:00\" \/>\n<meta property=\"og:image\" content=\"https:\/\/alphalearning.com\/wp-content\/uploads\/2024\/04\/alphalearning-logo_red_1200x675px.png\" \/>\n\t<meta property=\"og:image:width\" content=\"1200\" \/>\n\t<meta property=\"og:image:height\" content=\"675\" \/>\n\t<meta property=\"og:image:type\" content=\"image\/png\" \/>\n<meta name=\"twitter:card\" content=\"summary_large_image\" \/>\n<meta name=\"twitter:label1\" content=\"Est. reading time\" \/>\n\t<meta name=\"twitter:data1\" content=\"6 minutes\" \/>\n<!-- \/ Yoast SEO plugin. -->","yoast_head_json":{"title":"Sra. Wendy Lees: Superando Trauma de Parto e Falta de Oxig\u00eanio","description":"Descubra como James superou um parto traum\u00e1tico e falta de oxig\u00eanio com o sistema Brainwave I do Alphalearning, recuperando mobilidade e fala.","robots":{"index":"noindex","follow":"nofollow"},"og_locale":"pt_PT","og_type":"article","og_title":"Sra. Wendy Lees: Superando Trauma de Parto e Falta de Oxig\u00eanio","og_description":"Descubra como James superou um parto traum\u00e1tico e falta de oxig\u00eanio com o sistema Brainwave I do Alphalearning, recuperando mobilidade e fala.","og_url":"https:\/\/alphalearning.com\/pt\/problemas-de-nascimento-e-neurofeedback\/","og_site_name":"Alphalearning International","article_modified_time":"2025-04-26T10:39:49+00:00","og_image":[{"width":1200,"height":675,"url":"https:\/\/alphalearning.com\/wp-content\/uploads\/2024\/04\/alphalearning-logo_red_1200x675px.png","type":"image\/png"}],"twitter_card":"summary_large_image","twitter_misc":{"Est. reading time":"6 minutes"},"schema":{"@context":"https:\/\/schema.org","@graph":[{"@type":"WebPage","@id":"https:\/\/alphalearning.com\/pt\/comentarios-de-clientes-alphalearning\/familias-e-individuos\/mrs-wendy-lees\/","url":"https:\/\/alphalearning.com\/pt\/problemas-de-nascimento-e-neurofeedback\/","name":"Sra. Wendy Lees: Superando Trauma de Parto e Falta de Oxig\u00eanio","isPartOf":{"@id":"https:\/\/alphalearning.com\/pt\/#website"},"datePublished":"2024-03-27T16:31:57+00:00","dateModified":"2025-04-26T10:39:49+00:00","description":"Descubra como James superou um parto traum\u00e1tico e falta de oxig\u00eanio com o sistema Brainwave I do Alphalearning, recuperando mobilidade e fala.","breadcrumb":{"@id":"https:\/\/alphalearning.com\/pt\/problemas-de-nascimento-e-neurofeedback\/#breadcrumb"},"inLanguage":"pt","potentialAction":[{"@type":"ReadAction","target":["https:\/\/alphalearning.com\/pt\/problemas-de-nascimento-e-neurofeedback\/"]}]},{"@type":"BreadcrumbList","@id":"https:\/\/alphalearning.com\/pt\/problemas-de-nascimento-e-neurofeedback\/#breadcrumb","itemListElement":[{"@type":"ListItem","position":1,"name":"Home","item":"https:\/\/alphalearning.com\/pt\/"},{"@type":"ListItem","position":2,"name":"Coment\u00e1rios de Clientes Alphalearning","item":"https:\/\/alphalearning.com\/pt\/comentarios-de-clientes-alphalearning\/"},{"@type":"ListItem","position":3,"name":"Fam\u00edlias","item":"https:\/\/alphalearning.com\/pt\/comentarios-de-clientes-alphalearning\/familias-e-individuos\/"},{"@type":"ListItem","position":4,"name":"Mrs. Wendy Lees"}]},{"@type":"WebSite","@id":"https:\/\/alphalearning.com\/pt\/#website","url":"https:\/\/alphalearning.com\/pt\/","name":"Alphalearning International","description":"the brain training institute","publisher":{"@id":"https:\/\/alphalearning.com\/pt\/#organization"},"potentialAction":[{"@type":"SearchAction","target":{"@type":"EntryPoint","urlTemplate":"https:\/\/alphalearning.com\/pt\/?s={search_term_string}"},"query-input":{"@type":"PropertyValueSpecification","valueRequired":true,"valueName":"search_term_string"}}],"inLanguage":"pt"},{"@type":"Organization","@id":"https:\/\/alphalearning.com\/pt\/#organization","name":"Alphalearning International","url":"https:\/\/alphalearning.com\/pt\/","logo":{"@type":"ImageObject","inLanguage":"pt","@id":"https:\/\/alphalearning.com\/pt\/#\/schema\/logo\/image\/","url":"https:\/\/alphalearning.com\/wp-content\/uploads\/2024\/03\/alphalearning_ico2_512px.png","contentUrl":"https:\/\/alphalearning.com\/wp-content\/uploads\/2024\/03\/alphalearning_ico2_512px.png","width":512,"height":512,"caption":"Alphalearning International"},"image":{"@id":"https:\/\/alphalearning.com\/pt\/#\/schema\/logo\/image\/"}}]}},"uagb_featured_image_src":{"full":false,"thumbnail":false,"medium":false,"medium_large":false,"large":false,"1536x1536":false,"2048x2048":false,"gform-image-choice-sm":false,"gform-image-choice-md":false,"gform-image-choice-lg":false},"uagb_author_info":{"display_name":"Julio Machado","author_link":"https:\/\/alphalearning.com\/pt\/author\/julio-machado\/"},"uagb_comment_info":0,"uagb_excerpt":"Depoimento da Sra. Wendy Lees ao Alphalearning Ao Alphalearning, Os resultados do sistema Brainwave I foram t\u00e3o incr\u00edveis que estou [&hellip;]","_links":{"self":[{"href":"https:\/\/alphalearning.com\/pt\/wp-json\/wp\/v2\/pages\/13110","targetHints":{"allow":["GET"]}}],"collection":[{"href":"https:\/\/alphalearning.com\/pt\/wp-json\/wp\/v2\/pages"}],"about":[{"href":"https:\/\/alphalearning.com\/pt\/wp-json\/wp\/v2\/types\/page"}],"author":[{"embeddable":true,"href":"https:\/\/alphalearning.com\/pt\/wp-json\/wp\/v2\/users\/2"}],"replies":[{"embeddable":true,"href":"https:\/\/alphalearning.com\/pt\/wp-json\/wp\/v2\/comments?post=13110"}],"version-history":[{"count":2,"href":"https:\/\/alphalearning.com\/pt\/wp-json\/wp\/v2\/pages\/13110\/revisions"}],"predecessor-version":[{"id":14387,"href":"https:\/\/alphalearning.com\/pt\/wp-json\/wp\/v2\/pages\/13110\/revisions\/14387"}],"up":[{"embeddable":true,"href":"https:\/\/alphalearning.com\/pt\/wp-json\/wp\/v2\/pages\/13063"}],"wp:attachment":[{"href":"https:\/\/alphalearning.com\/pt\/wp-json\/wp\/v2\/media?parent=13110"}],"curies":[{"name":"wp","href":"https:\/\/api.w.org\/{rel}","templated":true}]}}