{"id":13106,"date":"2024-03-27T16:31:37","date_gmt":"2024-03-27T16:31:37","guid":{"rendered":"https:\/\/alphalearning.com\/comentarios-de-clientes-alphalearning\/familias-e-individuos\/mrs-p-douglas\/"},"modified":"2025-01-26T11:03:47","modified_gmt":"2025-01-26T11:03:47","slug":"mrs-p-douglas","status":"publish","type":"page","link":"https:\/\/alphalearning.com\/pt\/comentarios-de-clientes-alphalearning\/familias-e-individuos\/mrs-p-douglas\/","title":{"rendered":"Mrs. P. Douglas"},"content":{"rendered":"\n<div class=\"wp-block-uagb-advanced-heading uagb-block-dcd4f789\"><h1 class=\"uagb-heading-text\">Depoimento da Sra. P. Douglas ao Alphalearning<\/h1><\/div>\n\n\n\n<div class=\"wp-block-uagb-container uagb-block-c0c1152b alignfull uagb-is-root-container\"><div class=\"uagb-container-inner-blocks-wrap\">\n<p>Ao Alphalearning,<\/p>\n\n\n\n<p>Segue o relato da minha experi\u00eancia com o Alphalearning e o Brainwave I na segunda-feira. Agora s\u00e3o 21h30 de quarta-feira e continuo completamente livre de dor.<\/p>\n\n\n\n<p>A dor surda na regi\u00e3o onde minha coluna est\u00e1 em hiperextens\u00e3o desapareceu. Estou com rigidez na \u00e1rea lombar, mas os espasmos musculares ainda n\u00e3o retornaram. Considero cada hora uma b\u00ean\u00e7\u00e3o. J\u00e1 consegui duas noites inteiras de sono. Deixei de usar o colete com hastes r\u00edgidas que vestia dia e noite, e minha coluna est\u00e1 se sustentando sozinha. Isso \u00e9 maravilhoso.<\/p>\n\n\n\n<p>Tenho uma condi\u00e7\u00e3o chamada <a href=\"https:\/\/pt.wikipedia.org\/wiki\/Espondilolistese\" target=\"_blank\" rel=\"noreferrer noopener\">espondilolistese<\/a>. \u00c9 um dist\u00farbio cong\u00eanito, mas, apesar de ter fraturado a coluna na adolesc\u00eancia e sofrido problemas recorrentes nas costas, s\u00f3 foi diagnosticada em 1992. As facetas das v\u00e9rtebras nos n\u00edveis lombares 4 e 5 se romperam. Minha coluna ficou livre para se mover \u00e0 vontade, desgastando os dois discos. Isso causou espasmos musculares constantes e cheguei ao ponto de mal conseguir andar, com uma dor quase insuport\u00e1vel. Sob os cuidados de um cirurgi\u00e3o renomado, passei por uma cirurgia de grande porte, anterior e posterior, n\u00e3o apenas para fundir as v\u00e9rtebras, mas tamb\u00e9m para colocar uma estrutura de parafusos de tit\u00e2nio em torno da coluna, estabilizando-a. Apesar de ter sido uma opera\u00e7\u00e3o muito dif\u00edcil, foi um grande sucesso e, seis meses depois, pude retomar uma vida normal, livre de qualquer dor e de medicamentos analg\u00e9sicos.<\/p>\n\n\n\n<p>Um ano depois, um carro colidiu na traseira do meu ve\u00edculo em alta velocidade. Foi um acidente de pequena propor\u00e7\u00e3o, mas o forte impacto na minha coluna danificou a v\u00e9rtebra em L3. Os m\u00fasculos entraram em espasmo imediatamente, causando dores constantes n\u00e3o apenas na coluna, mas tamb\u00e9m em ambas as pernas e bra\u00e7os. Nos meses seguintes, minhas costas come\u00e7aram a hiperestender, e a curva acima da fus\u00e3o est\u00e1 bem vis\u00edvel. Me recuso a tomar mais analg\u00e9sicos e n\u00e3o posso fazer fisioterapia. Controlo a dor aplicando \u201ca mente sobre a mat\u00e9ria\u201d e sustento minha coluna enfraquecida com o colete dia e noite. Estou fisicamente arrasada, mas tenho de continuar por causa de quatro filhos. Vivo cansada e produzo muito pouco.<\/p>\n\n\n\n<p>Eu faria qualquer coisa para evitar outra cirurgia, e no momento seria imposs\u00edvel enfrentar seis meses de convalescen\u00e7a. Preciso do Brainwave I e de muito Delta! <strong>Estou me sentindo \u00f3tima e fiz mais nos \u00faltimos dois dias do que h\u00e1 muito tempo.<\/strong><\/p>\n\n\n\n<p>Hoje liguei para o psic\u00f3logo educacional do James. Achei que ele pudesse ser c\u00e9tico, mas, em vez disso, mostrou-se bastante interessado e solid\u00e1rio.<\/p>\n\n\n\n<p>Entrarei em contato assim que houver mais mudan\u00e7as, mas, enquanto isso, obrigada do fundo do meu cora\u00e7\u00e3o.<\/p>\n\n\n\n<p>Sra. P. Douglas, Inglaterra<\/p>\n<\/div><\/div>\n","protected":false},"excerpt":{"rendered":"<p>Depoimento da Sra. P. Douglas ao Alphalearning Ao Alphalearning, Segue o relato da minha experi\u00eancia com o Alphalearning e o [&hellip;]<\/p>\n","protected":false},"author":2,"featured_media":0,"parent":13063,"menu_order":0,"comment_status":"closed","ping_status":"closed","template":"","meta":{"_uag_custom_page_level_css":"","site-sidebar-layout":"default","site-content-layout":"","ast-site-content-layout":"default","site-content-style":"default","site-sidebar-style":"default","ast-global-header-display":"","ast-banner-title-visibility":"","ast-main-header-display":"","ast-hfb-above-header-display":"","ast-hfb-below-header-display":"","ast-hfb-mobile-header-display":"","site-post-title":"disabled","ast-breadcrumbs-content":"","ast-featured-img":"","footer-sml-layout":"","ast-disable-related-posts":"","theme-transparent-header-meta":"","adv-header-id-meta":"","stick-header-meta":"","header-above-stick-meta":"","header-main-stick-meta":"","header-below-stick-meta":"","astra-migrate-meta-layouts":"default","ast-page-background-enabled":"default","ast-page-background-meta":{"desktop":{"background-color":"var(--ast-global-color-4)","background-image":"","background-repeat":"repeat","background-position":"center center","background-size":"auto","background-attachment":"scroll","background-type":"","background-media":"","overlay-type":"","overlay-color":"","overlay-opacity":"","overlay-gradient":""},"tablet":{"background-color":"","background-image":"","background-repeat":"repeat","background-position":"center center","background-size":"auto","background-attachment":"scroll","background-type":"","background-media":"","overlay-type":"","overlay-color":"","overlay-opacity":"","overlay-gradient":""},"mobile":{"background-color":"","background-image":"","background-repeat":"repeat","background-position":"center center","background-size":"auto","background-attachment":"scroll","background-type":"","background-media":"","overlay-type":"","overlay-color":"","overlay-opacity":"","overlay-gradient":""}},"ast-content-background-meta":{"desktop":{"background-color":"var(--ast-global-color-5)","background-image":"","background-repeat":"repeat","background-position":"center center","background-size":"auto","background-attachment":"scroll","background-type":"","background-media":"","overlay-type":"","overlay-color":"","overlay-opacity":"","overlay-gradient":""},"tablet":{"background-color":"var(--ast-global-color-5)","background-image":"","background-repeat":"repeat","background-position":"center center","background-size":"auto","background-attachment":"scroll","background-type":"","background-media":"","overlay-type":"","overlay-color":"","overlay-opacity":"","overlay-gradient":""},"mobile":{"background-color":"var(--ast-global-color-5)","background-image":"","background-repeat":"repeat","background-position":"center center","background-size":"auto","background-attachment":"scroll","background-type":"","background-media":"","overlay-type":"","overlay-color":"","overlay-opacity":"","overlay-gradient":""}},"footnotes":""},"class_list":["post-13106","page","type-page","status-publish","hentry"],"yoast_head":"<!-- This site is optimized with the Yoast SEO plugin v27.1.1 - https:\/\/yoast.com\/product\/yoast-seo-wordpress\/ -->\n<title>Sra. P. Douglas: Superando a Dor e a Espondilolistese<\/title>\n<meta name=\"description\" content=\"Descubra como o Alphalearning ajudou a Sra. Douglas a se libertar da dor cr\u00f4nica e a recuperar sua mobilidade, realizando mais em dois dias do que em anos.\" \/>\n<meta name=\"robots\" content=\"index, follow, max-snippet:-1, max-image-preview:large, max-video-preview:-1\" \/>\n<link rel=\"canonical\" href=\"https:\/\/alphalearning.com\/pt\/comentarios-de-clientes-alphalearning\/familias-e-individuos\/mrs-p-douglas\/\" \/>\n<meta property=\"og:locale\" content=\"pt_PT\" \/>\n<meta property=\"og:type\" content=\"article\" \/>\n<meta property=\"og:title\" content=\"Sra. P. Douglas: Superando a Dor e a Espondilolistese\" \/>\n<meta property=\"og:description\" content=\"Descubra como o Alphalearning ajudou a Sra. Douglas a se libertar da dor cr\u00f4nica e a recuperar sua mobilidade, realizando mais em dois dias do que em anos.\" \/>\n<meta property=\"og:url\" content=\"https:\/\/alphalearning.com\/pt\/comentarios-de-clientes-alphalearning\/familias-e-individuos\/mrs-p-douglas\/\" \/>\n<meta property=\"og:site_name\" content=\"Alphalearning International\" \/>\n<meta property=\"article:modified_time\" content=\"2025-01-26T11:03:47+00:00\" \/>\n<meta property=\"og:image\" content=\"https:\/\/alphalearning.com\/wp-content\/uploads\/2024\/04\/alphalearning-logo_red_1200x675px.png\" \/>\n\t<meta property=\"og:image:width\" content=\"1200\" \/>\n\t<meta property=\"og:image:height\" content=\"675\" \/>\n\t<meta property=\"og:image:type\" content=\"image\/png\" \/>\n<meta name=\"twitter:card\" content=\"summary_large_image\" \/>\n<meta name=\"twitter:label1\" content=\"Est. reading time\" \/>\n\t<meta name=\"twitter:data1\" content=\"2 minutes\" \/>\n<!-- \/ Yoast SEO plugin. -->","yoast_head_json":{"title":"Sra. P. Douglas: Superando a Dor e a Espondilolistese","description":"Descubra como o Alphalearning ajudou a Sra. Douglas a se libertar da dor cr\u00f4nica e a recuperar sua mobilidade, realizando mais em dois dias do que em anos.","robots":{"index":"index","follow":"follow","max-snippet":"max-snippet:-1","max-image-preview":"max-image-preview:large","max-video-preview":"max-video-preview:-1"},"canonical":"https:\/\/alphalearning.com\/pt\/comentarios-de-clientes-alphalearning\/familias-e-individuos\/mrs-p-douglas\/","og_locale":"pt_PT","og_type":"article","og_title":"Sra. P. Douglas: Superando a Dor e a Espondilolistese","og_description":"Descubra como o Alphalearning ajudou a Sra. Douglas a se libertar da dor cr\u00f4nica e a recuperar sua mobilidade, realizando mais em dois dias do que em anos.","og_url":"https:\/\/alphalearning.com\/pt\/comentarios-de-clientes-alphalearning\/familias-e-individuos\/mrs-p-douglas\/","og_site_name":"Alphalearning International","article_modified_time":"2025-01-26T11:03:47+00:00","og_image":[{"width":1200,"height":675,"url":"https:\/\/alphalearning.com\/wp-content\/uploads\/2024\/04\/alphalearning-logo_red_1200x675px.png","type":"image\/png"}],"twitter_card":"summary_large_image","twitter_misc":{"Est. reading time":"2 minutes"},"schema":{"@context":"https:\/\/schema.org","@graph":[{"@type":"WebPage","@id":"https:\/\/alphalearning.com\/pt\/comentarios-de-clientes-alphalearning\/familias-e-individuos\/mrs-p-douglas\/","url":"https:\/\/alphalearning.com\/pt\/comentarios-de-clientes-alphalearning\/familias-e-individuos\/mrs-p-douglas\/","name":"Sra. P. Douglas: Superando a Dor e a Espondilolistese","isPartOf":{"@id":"https:\/\/alphalearning.com\/pt\/#website"},"datePublished":"2024-03-27T16:31:37+00:00","dateModified":"2025-01-26T11:03:47+00:00","description":"Descubra como o Alphalearning ajudou a Sra. Douglas a se libertar da dor cr\u00f4nica e a recuperar sua mobilidade, realizando mais em dois dias do que em anos.","breadcrumb":{"@id":"https:\/\/alphalearning.com\/pt\/comentarios-de-clientes-alphalearning\/familias-e-individuos\/mrs-p-douglas\/#breadcrumb"},"inLanguage":"pt","potentialAction":[{"@type":"ReadAction","target":["https:\/\/alphalearning.com\/pt\/comentarios-de-clientes-alphalearning\/familias-e-individuos\/mrs-p-douglas\/"]}]},{"@type":"BreadcrumbList","@id":"https:\/\/alphalearning.com\/pt\/comentarios-de-clientes-alphalearning\/familias-e-individuos\/mrs-p-douglas\/#breadcrumb","itemListElement":[{"@type":"ListItem","position":1,"name":"Home","item":"https:\/\/alphalearning.com\/pt\/"},{"@type":"ListItem","position":2,"name":"Coment\u00e1rios de Clientes Alphalearning","item":"https:\/\/alphalearning.com\/pt\/comentarios-de-clientes-alphalearning\/"},{"@type":"ListItem","position":3,"name":"Fam\u00edlias","item":"https:\/\/alphalearning.com\/pt\/comentarios-de-clientes-alphalearning\/familias-e-individuos\/"},{"@type":"ListItem","position":4,"name":"Mrs. P. Douglas"}]},{"@type":"WebSite","@id":"https:\/\/alphalearning.com\/pt\/#website","url":"https:\/\/alphalearning.com\/pt\/","name":"Alphalearning International","description":"the brain training institute","publisher":{"@id":"https:\/\/alphalearning.com\/pt\/#organization"},"potentialAction":[{"@type":"SearchAction","target":{"@type":"EntryPoint","urlTemplate":"https:\/\/alphalearning.com\/pt\/?s={search_term_string}"},"query-input":{"@type":"PropertyValueSpecification","valueRequired":true,"valueName":"search_term_string"}}],"inLanguage":"pt"},{"@type":"Organization","@id":"https:\/\/alphalearning.com\/pt\/#organization","name":"Alphalearning International","url":"https:\/\/alphalearning.com\/pt\/","logo":{"@type":"ImageObject","inLanguage":"pt","@id":"https:\/\/alphalearning.com\/pt\/#\/schema\/logo\/image\/","url":"https:\/\/alphalearning.com\/wp-content\/uploads\/2024\/03\/alphalearning_ico2_512px.png","contentUrl":"https:\/\/alphalearning.com\/wp-content\/uploads\/2024\/03\/alphalearning_ico2_512px.png","width":512,"height":512,"caption":"Alphalearning International"},"image":{"@id":"https:\/\/alphalearning.com\/pt\/#\/schema\/logo\/image\/"}}]}},"uagb_featured_image_src":{"full":false,"thumbnail":false,"medium":false,"medium_large":false,"large":false,"1536x1536":false,"2048x2048":false,"gform-image-choice-sm":false,"gform-image-choice-md":false,"gform-image-choice-lg":false},"uagb_author_info":{"display_name":"Julio Machado","author_link":"https:\/\/alphalearning.com\/pt\/author\/julio-machado\/"},"uagb_comment_info":0,"uagb_excerpt":"Depoimento da Sra. P. Douglas ao Alphalearning Ao Alphalearning, Segue o relato da minha experi\u00eancia com o Alphalearning e o [&hellip;]","_links":{"self":[{"href":"https:\/\/alphalearning.com\/pt\/wp-json\/wp\/v2\/pages\/13106","targetHints":{"allow":["GET"]}}],"collection":[{"href":"https:\/\/alphalearning.com\/pt\/wp-json\/wp\/v2\/pages"}],"about":[{"href":"https:\/\/alphalearning.com\/pt\/wp-json\/wp\/v2\/types\/page"}],"author":[{"embeddable":true,"href":"https:\/\/alphalearning.com\/pt\/wp-json\/wp\/v2\/users\/2"}],"replies":[{"embeddable":true,"href":"https:\/\/alphalearning.com\/pt\/wp-json\/wp\/v2\/comments?post=13106"}],"version-history":[{"count":2,"href":"https:\/\/alphalearning.com\/pt\/wp-json\/wp\/v2\/pages\/13106\/revisions"}],"predecessor-version":[{"id":14380,"href":"https:\/\/alphalearning.com\/pt\/wp-json\/wp\/v2\/pages\/13106\/revisions\/14380"}],"up":[{"embeddable":true,"href":"https:\/\/alphalearning.com\/pt\/wp-json\/wp\/v2\/pages\/13063"}],"wp:attachment":[{"href":"https:\/\/alphalearning.com\/pt\/wp-json\/wp\/v2\/media?parent=13106"}],"curies":[{"name":"wp","href":"https:\/\/api.w.org\/{rel}","templated":true}]}}