{"id":13087,"date":"2024-03-27T16:30:24","date_gmt":"2024-03-27T16:30:24","guid":{"rendered":"https:\/\/alphalearning.com\/comentarios-de-clientes-alphalearning\/familias-e-individuos\/james-douglas\/"},"modified":"2025-01-26T09:51:22","modified_gmt":"2025-01-26T09:51:22","slug":"james-douglas","status":"publish","type":"page","link":"https:\/\/alphalearning.com\/pt\/comentarios-de-clientes-alphalearning\/familias-e-individuos\/james-douglas\/","title":{"rendered":"James Douglas"},"content":{"rendered":"\n<div class=\"wp-block-uagb-advanced-heading uagb-block-4ea4a7c8\"><h1 class=\"uagb-heading-text\">Depoimento da Sra. Douglas sobre seu filho, James Douglas<\/h1><\/div>\n\n\n\n<div class=\"wp-block-uagb-container uagb-block-b0073948 alignfull uagb-is-root-container\"><div class=\"uagb-container-inner-blocks-wrap\">\n<p>Para o Alphalearning<\/p>\n\n\n\n<p>A seguir apresentamos a hist\u00f3ria de nosso filho James.<\/p>\n\n\n\n<p>James foi diagnosticado com dislexia aos oito anos de idade. Ao longo de toda a sua vida, ele nos causou grande preocupa\u00e7\u00e3o e, em certas ocasi\u00f5es, levou a n\u00f3s e a seus professores ao ponto de desespero. Seu fracasso na escola era apenas parte do problema; conviver com sua frustra\u00e7\u00e3o era outra. Apesar de sua falta de sucesso acad\u00eamico, ele tinha momentos de pensamento original que me convenceram de que, um dia, ele aprenderia e se realizaria. Para encontrar a ajuda de que precis\u00e1vamos para James, levamos treze anos batendo \u00e0s portas dos \u201cespecialistas\u201d \u2014 e ela veio de uma fonte totalmente inesperada: o Instituto Alphalearning.<\/p>\n\n\n\n<p>James nasceu em 1982. Foi uma gravidez normal seguida de um parto normal. Nos primeiros dois anos de sua vida, ap\u00f3s uma gripe sofrida quando tinha apenas duas semanas, ele passou por um per\u00edodo muito dif\u00edcil. Raramente dormia e, quando o fazia, roncava como um trem e depois ficava em completo sil\u00eancio. Esse sil\u00eancio nos assustava tanto que cheg\u00e1vamos a acord\u00e1-lo daquele estado de sono anormal. Ele n\u00e3o conseguia mamar, e n\u00f3s o aliment\u00e1vamos com leite usando uma colher de ch\u00e1 at\u00e9 que tivesse idade suficiente para comer alimentos s\u00f3lidos. Seu desenvolvimento era lento, e ele era pequeno para a idade. Chorava o tempo todo. Vivia doente e, embora andasse, n\u00e3o falava.<\/p>\n\n\n\n<p>Como receb\u00edamos pouca ajuda dos m\u00e9dicos locais, levamos James a um pediatra londrino chamado David Morris. Ele diagnosticou a S\u00edndrome da Apneia do Sono \u2014 uma condi\u00e7\u00e3o em que, durante o sono, o c\u00e9rebro pode esquecer de avisar o corpo para respirar, resultando em inconsci\u00eancia (e \u00e0s vezes em morte). Ficou claro para n\u00f3s que, em diversas ocasi\u00f5es, ao longo dos dois anos anteriores, n\u00f3s hav\u00edamos reanimado James e evitado uma trag\u00e9dia. Morris recomendou a remo\u00e7\u00e3o imediata das am\u00edgdalas e aden\u00f3ides de James para melhorar sua respira\u00e7\u00e3o e pediu que continu\u00e1ssemos a acompanhar seu sono. James come\u00e7ou a crescer e iniciou a fala aos tr\u00eas anos, mas s\u00f3 aos seis passou a dormir a noite inteira, e ent\u00e3o pudemos finalmente relaxar.<\/p>\n\n\n\n<p>Mas nossos problemas estavam longe de terminar. James era extremamente agitado e n\u00e3o conseguia se concentrar por muito tempo. Ele come\u00e7ou a frequentar a escola aos quatro anos, mas aprendia devagar. Costumava chegar em casa muito tenso, batia portas, dava cabe\u00e7adas na parede, gritava e deixava todos loucos. Testamos sua toler\u00e2ncia a aditivos alimentares e alergias, mas os resultados foram sempre negativos.<\/p>\n\n\n\n<p>Como James n\u00e3o estava tendo bom desempenho na escola prim\u00e1ria local, decidimos envi\u00e1-lo para estudar com a irm\u00e3 em um col\u00e9gio preparat\u00f3rio. Ele estava, ent\u00e3o, com 8 anos e meio. Adaptou-se rapidamente ao regime de internato e \u00e0 vida social, mas fracassou de forma desastrosa na sala de aula e passou a ser muito desordeiro. Ap\u00f3s o primeiro trimestre, levamos James para consultar-se com Anthony Glasberg, um psic\u00f3logo educacional do Instituto Beve Hornsby. Ele diagnosticou dislexia, mas afirmou que James era muito inteligente. Seu QI era 132 (n\u00e3o verbal), 103 (verbal) e 119 (geral). Contudo, por causa das grandes varia\u00e7\u00f5es, ele teria dificuldades consider\u00e1veis para superar. Eu sempre associei os problemas de aprendizagem dele \u00e0 apneia, mas nos informaram que se tratava de uma condi\u00e7\u00e3o heredit\u00e1ria.<\/p>\n\n\n\n<p>Ele continuou no col\u00e9gio preparat\u00f3rio com o aux\u00edlio de um professor de refor\u00e7o, mas seu desempenho n\u00e3o progrediu e seu comportamento piorou rapidamente. Em 1991, enviamos James para outro col\u00e9gio preparat\u00f3rio, reconhecido por ter a melhor unidade para disl\u00e9xicos do pa\u00eds. Os tutores eram altamente capacitados e demonstravam muita compreens\u00e3o em rela\u00e7\u00e3o \u00e0s necessidades dele. Com essa orienta\u00e7\u00e3o especializada, James come\u00e7ou a ler e escrever, mas seu comportamento era intoler\u00e1vel e ele estava muito infeliz. A essa altura, ele tinha plena consci\u00eancia do quanto estava fracassando e chegou a escrever: \u201cMeu c\u00e9rebro \u00e9 como um balde com furos no fundo. Tudo o que coloco dentro escorre para fora\u201d. O tutor de James admitiu derrota. Ele j\u00e1 havia consultado diversos pediatras, psic\u00f3logos, psiquiatras, terapeutas etc., mas sem resultados. Decidimos ent\u00e3o traz\u00ea-lo de volta para casa e matricul\u00e1-lo na escola secund\u00e1ria local para podermos ajud\u00e1-lo diariamente.<\/p>\n\n\n\n<p>Nos dois anos seguintes, James n\u00e3o teve grande progresso e continuou sendo muito desordeiro. Ele \u00e9 uma crian\u00e7a inteligente, mas sua incapacidade de aprender o frustrava profundamente, e ele extravasava essa frustra\u00e7\u00e3o por meio de seu temperamento explosivo. Era como um estrangeiro que n\u00e3o dominava totalmente nossa l\u00edngua; seus conceitos eram diferentes. Muitas vezes tive vontade de \u201ctraduzir\u201d o que ele dizia, pois ele poderia soar tolo, apesar de ocasionalmente demonstrar uma sabedoria acima de sua idade. Ele estava sempre tenso e nunca conseguia manter o olhar fixo em algo por muito tempo.<\/p>\n\n\n\n<p>Quando pediam a James que lesse, seus olhos percorriam a p\u00e1gina de forma desordenada. Era visivelmente doloroso para ele. Embora conviver com James fosse muito dif\u00edcil, ainda n\u00e3o havia mencionado que ele \u00e9 muito amoroso e gentil. Ele se d\u00e1 muito bem com crian\u00e7as pequenas, mas n\u00e3o consegue manter amizades com crian\u00e7as da sua idade. \u00c9 grande, forte e um artista talentoso.<\/p>\n\n\n\n<p>Disseram-nos que havia algu\u00e9m que poderia ajudar James. Com um conhecimento muito superficial e sem nenhum material sobre o trabalho do Instituto Alphalearning (tudo foi organizado de forma muito r\u00e1pida), levamos James para conhec\u00ea-los sem ter ideia do que esperar. Naturalmente, est\u00e1vamos c\u00e9ticos, mas o que ocorreu em seguida foi not\u00e1vel.<\/p>\n\n\n\n<p>Depois de dar ao Alphalearning algumas informa\u00e7\u00f5es b\u00e1sicas sobre o problema de James, ele passou por um teste de leitura. Era dolorosamente lento. Durante todo esse tempo, eles o observavam. Notaram a tens\u00e3o nos ombros, pesco\u00e7o e cabe\u00e7a de James e, ap\u00f3s pedir que ele girasse os bra\u00e7os, liberaram toda essa tens\u00e3o. James adotou uma postura completamente diferente e parecia relaxado. Em seguida, pediram que ele se levantasse e tocasse a ponta do nariz com o dedo m\u00e9dio. Enquanto trazia lentamente o bra\u00e7o direito, errou a ponta do nariz por cerca de cinco cent\u00edmetros e teve de trazer o dedo de volta. Um teste neurol\u00f3gico simples, indicando dano na parte esquerda posterior do c\u00e9rebro, mas que, pelo que sei, jamais havia sido feito antes. Esse dano ficou evidente no EEG que foi realizado em seguida: havia pouqu\u00edssima atividade no hemisf\u00e9rio esquerdo. Fiquei bastante alarmada. Parecia que James fora privado de oxig\u00eanio em algum momento durante a apneia.<\/p>\n\n\n\n<p>James ent\u00e3o se sentou ao lado da m\u00e1quina Brainwave 1 e foi instru\u00eddo a colocar \u00f3culos e fones de ouvido. Pelos doze minutos seguintes, ele ouviu sons sincronizados com luzes piscantes. Embora eles tivessem o cuidado de explicar o procedimento, n\u00e3o t\u00ednhamos certeza do que estava acontecendo, pois tudo era muito novo para n\u00f3s. Em seguida, James fez um segundo EEG e foi convidado a ler novamente. Ele aumentou a velocidade de leitura. Havia muito mais atividade no monitor, com o hemisf\u00e9rio esquerdo e o direito equilibrados, e pudemos ver as ondas alfa. Fomos embora sem ter clareza do que aquilo significava. Tr\u00eas horas depois, perguntamos a James o que ele havia lido. Ele n\u00e3o conseguia se lembrar do primeiro texto, lido antes do tratamento, mas citou o segundo na \u00edntegra. Ficamos espantados, pois ele nunca antes conseguira memorizar nem mesmo uma rima infantil.<\/p>\n\n\n\n<p>Ao longo da semana seguinte, notamos muitas mudan\u00e7as. Ele mant\u00e9m a postura relaxada e consegue fixar o olhar. A cada dia, aumenta sua velocidade de leitura e seus olhos j\u00e1 n\u00e3o se movem de forma desordenada. Ele produziu reda\u00e7\u00f5es para a escola que n\u00e3o lembram em nada seu trabalho anterior. Agora faz sentido e, como comentou a irm\u00e3, est\u00e1 \u201cusando todo tipo de palavra complicada\u201d! Ele diz sentir-se mais coordenado e consegue se concentrar por muito mais tempo.<\/p>\n\n\n\n<p>Nove dias ap\u00f3s sua primeira experi\u00eancia com o Brainwave 1, James fez outro EEG e novos testes, antes de passar por mais uma sess\u00e3o no Brainwave 1 e ent\u00e3o realizar outro EEG. Pude ver pessoalmente as melhorias not\u00e1veis e a rapidez com que o c\u00e9rebro de James est\u00e1 se ajustando. Ele consegue entrar em estado alfa por conta pr\u00f3pria \u2014 que conquista!<\/p>\n\n\n\n<p>Ainda \u00e9 muito cedo, e James tem muito a aprender, precisando mudar h\u00e1bitos de toda uma vida. Mas j\u00e1 cresceu quase dois metros em confian\u00e7a, sabendo que agora conseguir\u00e1 atingir as notas necess\u00e1rias e n\u00e3o ser\u00e1 mais visto como \u201co \u00faltimo da classe\u201d.<\/p>\n\n\n\n<p>Eu, pessoalmente, serei eternamente grata ao Instituto Alphalearning por, literalmente, ter dado uma vida a James.<\/p>\n\n\n\n<p>Sra. P. Douglas, Inglaterra<\/p>\n\n\n\n<p class=\"has-text-align-right\"><a href=\"https:\/\/alphalearning.com\/pt\/dislexia-pode-ser-curada\/dislexia-e-neurofeedback\/\">Neurofeedback e Dislexia \u2013 O dia a dia de um curso<\/a><br><a href=\"https:\/\/alphalearning.com\/pt\/dislexia-pode-ser-curada\/dislexia-estudo-duplo-cego\/\">Estudo Duplo-Cego<\/a><br><a href=\"https:\/\/alphalearning.com\/pt\/dislexia-pode-ser-curada\/dislexia-estudo-de-caso\/\">Estudo de Caso<\/a><br><a href=\"https:\/\/alphalearning.com\/comments-from-alphalearning-clients\/quotes-from-families\/julia-lowes\/\">Julia Lowes \u2013 A hist\u00f3ria de uma disl\u00e9xica<\/a><br><a href=\"https:\/\/alphalearning.com\/pt\/comentarios-de-clientes-alphalearning\/familias-e-individuos\/dr-h-j-h-richards\/\">Dr. H. J. H. Richards<\/a><br><a href=\"https:\/\/alphalearning.com\/pt\/dislexia-pode-ser-curada\/\">A dislexia pode ser curada?<\/a><\/p>\n<\/div><\/div>\n","protected":false},"excerpt":{"rendered":"<p>Depoimento da Sra. Douglas sobre seu filho, James Douglas Para o Alphalearning A seguir apresentamos a hist\u00f3ria de nosso filho [&hellip;]<\/p>\n","protected":false},"author":2,"featured_media":0,"parent":13063,"menu_order":0,"comment_status":"closed","ping_status":"closed","template":"","meta":{"_uag_custom_page_level_css":"","site-sidebar-layout":"default","site-content-layout":"","ast-site-content-layout":"default","site-content-style":"default","site-sidebar-style":"default","ast-global-header-display":"","ast-banner-title-visibility":"","ast-main-header-display":"","ast-hfb-above-header-display":"","ast-hfb-below-header-display":"","ast-hfb-mobile-header-display":"","site-post-title":"disabled","ast-breadcrumbs-content":"","ast-featured-img":"","footer-sml-layout":"","ast-disable-related-posts":"","theme-transparent-header-meta":"","adv-header-id-meta":"","stick-header-meta":"","header-above-stick-meta":"","header-main-stick-meta":"","header-below-stick-meta":"","astra-migrate-meta-layouts":"default","ast-page-background-enabled":"default","ast-page-background-meta":{"desktop":{"background-color":"var(--ast-global-color-4)","background-image":"","background-repeat":"repeat","background-position":"center center","background-size":"auto","background-attachment":"scroll","background-type":"","background-media":"","overlay-type":"","overlay-color":"","overlay-opacity":"","overlay-gradient":""},"tablet":{"background-color":"","background-image":"","background-repeat":"repeat","background-position":"center center","background-size":"auto","background-attachment":"scroll","background-type":"","background-media":"","overlay-type":"","overlay-color":"","overlay-opacity":"","overlay-gradient":""},"mobile":{"background-color":"","background-image":"","background-repeat":"repeat","background-position":"center center","background-size":"auto","background-attachment":"scroll","background-type":"","background-media":"","overlay-type":"","overlay-color":"","overlay-opacity":"","overlay-gradient":""}},"ast-content-background-meta":{"desktop":{"background-color":"var(--ast-global-color-5)","background-image":"","background-repeat":"repeat","background-position":"center center","background-size":"auto","background-attachment":"scroll","background-type":"","background-media":"","overlay-type":"","overlay-color":"","overlay-opacity":"","overlay-gradient":""},"tablet":{"background-color":"var(--ast-global-color-5)","background-image":"","background-repeat":"repeat","background-position":"center center","background-size":"auto","background-attachment":"scroll","background-type":"","background-media":"","overlay-type":"","overlay-color":"","overlay-opacity":"","overlay-gradient":""},"mobile":{"background-color":"var(--ast-global-color-5)","background-image":"","background-repeat":"repeat","background-position":"center center","background-size":"auto","background-attachment":"scroll","background-type":"","background-media":"","overlay-type":"","overlay-color":"","overlay-opacity":"","overlay-gradient":""}},"footnotes":""},"class_list":["post-13087","page","type-page","status-publish","hentry"],"yoast_head":"<!-- This site is optimized with the Yoast SEO plugin v27.1.1 - https:\/\/yoast.com\/product\/yoast-seo-wordpress\/ -->\n<title>Superando a Dislexia e a Apneia do Sono | Alphalearning<\/title>\n<meta name=\"description\" content=\"Neste depoimento emocionante, a Sra. Douglas mostra como o m\u00e9todo Brainwave do Alphalearning ajudou seu filho, James, a superar a dislexia e a apneia do sono.\" \/>\n<meta name=\"robots\" content=\"index, follow, max-snippet:-1, max-image-preview:large, max-video-preview:-1\" \/>\n<link rel=\"canonical\" href=\"https:\/\/alphalearning.com\/pt\/comentarios-de-clientes-alphalearning\/familias-e-individuos\/james-douglas\/\" \/>\n<meta property=\"og:locale\" content=\"pt_PT\" \/>\n<meta property=\"og:type\" content=\"article\" \/>\n<meta property=\"og:title\" content=\"Superando a Dislexia e a Apneia do Sono | Alphalearning\" \/>\n<meta property=\"og:description\" content=\"Neste depoimento emocionante, a Sra. Douglas mostra como o m\u00e9todo Brainwave do Alphalearning ajudou seu filho, James, a superar a dislexia e a apneia do sono.\" \/>\n<meta property=\"og:url\" content=\"https:\/\/alphalearning.com\/pt\/comentarios-de-clientes-alphalearning\/familias-e-individuos\/james-douglas\/\" \/>\n<meta property=\"og:site_name\" content=\"Alphalearning International\" \/>\n<meta property=\"article:modified_time\" content=\"2025-01-26T09:51:22+00:00\" \/>\n<meta property=\"og:image\" content=\"https:\/\/alphalearning.com\/wp-content\/uploads\/2024\/04\/alphalearning-logo_red_1200x675px.png\" \/>\n\t<meta property=\"og:image:width\" content=\"1200\" \/>\n\t<meta property=\"og:image:height\" content=\"675\" \/>\n\t<meta property=\"og:image:type\" content=\"image\/png\" \/>\n<meta name=\"twitter:card\" content=\"summary_large_image\" \/>\n<meta name=\"twitter:label1\" content=\"Est. reading time\" \/>\n\t<meta name=\"twitter:data1\" content=\"7 minutes\" \/>\n<!-- \/ Yoast SEO plugin. -->","yoast_head_json":{"title":"Superando a Dislexia e a Apneia do Sono | Alphalearning","description":"Neste depoimento emocionante, a Sra. Douglas mostra como o m\u00e9todo Brainwave do Alphalearning ajudou seu filho, James, a superar a dislexia e a apneia do sono.","robots":{"index":"index","follow":"follow","max-snippet":"max-snippet:-1","max-image-preview":"max-image-preview:large","max-video-preview":"max-video-preview:-1"},"canonical":"https:\/\/alphalearning.com\/pt\/comentarios-de-clientes-alphalearning\/familias-e-individuos\/james-douglas\/","og_locale":"pt_PT","og_type":"article","og_title":"Superando a Dislexia e a Apneia do Sono | Alphalearning","og_description":"Neste depoimento emocionante, a Sra. Douglas mostra como o m\u00e9todo Brainwave do Alphalearning ajudou seu filho, James, a superar a dislexia e a apneia do sono.","og_url":"https:\/\/alphalearning.com\/pt\/comentarios-de-clientes-alphalearning\/familias-e-individuos\/james-douglas\/","og_site_name":"Alphalearning International","article_modified_time":"2025-01-26T09:51:22+00:00","og_image":[{"width":1200,"height":675,"url":"https:\/\/alphalearning.com\/wp-content\/uploads\/2024\/04\/alphalearning-logo_red_1200x675px.png","type":"image\/png"}],"twitter_card":"summary_large_image","twitter_misc":{"Est. reading time":"7 minutes"},"schema":{"@context":"https:\/\/schema.org","@graph":[{"@type":"WebPage","@id":"https:\/\/alphalearning.com\/pt\/comentarios-de-clientes-alphalearning\/familias-e-individuos\/james-douglas\/","url":"https:\/\/alphalearning.com\/pt\/comentarios-de-clientes-alphalearning\/familias-e-individuos\/james-douglas\/","name":"Superando a Dislexia e a Apneia do Sono | Alphalearning","isPartOf":{"@id":"https:\/\/alphalearning.com\/pt\/#website"},"datePublished":"2024-03-27T16:30:24+00:00","dateModified":"2025-01-26T09:51:22+00:00","description":"Neste depoimento emocionante, a Sra. Douglas mostra como o m\u00e9todo Brainwave do Alphalearning ajudou seu filho, James, a superar a dislexia e a apneia do sono.","breadcrumb":{"@id":"https:\/\/alphalearning.com\/pt\/comentarios-de-clientes-alphalearning\/familias-e-individuos\/james-douglas\/#breadcrumb"},"inLanguage":"pt","potentialAction":[{"@type":"ReadAction","target":["https:\/\/alphalearning.com\/pt\/comentarios-de-clientes-alphalearning\/familias-e-individuos\/james-douglas\/"]}]},{"@type":"BreadcrumbList","@id":"https:\/\/alphalearning.com\/pt\/comentarios-de-clientes-alphalearning\/familias-e-individuos\/james-douglas\/#breadcrumb","itemListElement":[{"@type":"ListItem","position":1,"name":"Home","item":"https:\/\/alphalearning.com\/pt\/"},{"@type":"ListItem","position":2,"name":"Coment\u00e1rios de Clientes Alphalearning","item":"https:\/\/alphalearning.com\/pt\/comentarios-de-clientes-alphalearning\/"},{"@type":"ListItem","position":3,"name":"Fam\u00edlias","item":"https:\/\/alphalearning.com\/pt\/comentarios-de-clientes-alphalearning\/familias-e-individuos\/"},{"@type":"ListItem","position":4,"name":"James Douglas"}]},{"@type":"WebSite","@id":"https:\/\/alphalearning.com\/pt\/#website","url":"https:\/\/alphalearning.com\/pt\/","name":"Alphalearning International","description":"the brain training institute","publisher":{"@id":"https:\/\/alphalearning.com\/pt\/#organization"},"potentialAction":[{"@type":"SearchAction","target":{"@type":"EntryPoint","urlTemplate":"https:\/\/alphalearning.com\/pt\/?s={search_term_string}"},"query-input":{"@type":"PropertyValueSpecification","valueRequired":true,"valueName":"search_term_string"}}],"inLanguage":"pt"},{"@type":"Organization","@id":"https:\/\/alphalearning.com\/pt\/#organization","name":"Alphalearning International","url":"https:\/\/alphalearning.com\/pt\/","logo":{"@type":"ImageObject","inLanguage":"pt","@id":"https:\/\/alphalearning.com\/pt\/#\/schema\/logo\/image\/","url":"https:\/\/alphalearning.com\/wp-content\/uploads\/2024\/03\/alphalearning_ico2_512px.png","contentUrl":"https:\/\/alphalearning.com\/wp-content\/uploads\/2024\/03\/alphalearning_ico2_512px.png","width":512,"height":512,"caption":"Alphalearning International"},"image":{"@id":"https:\/\/alphalearning.com\/pt\/#\/schema\/logo\/image\/"}}]}},"uagb_featured_image_src":{"full":false,"thumbnail":false,"medium":false,"medium_large":false,"large":false,"1536x1536":false,"2048x2048":false,"gform-image-choice-sm":false,"gform-image-choice-md":false,"gform-image-choice-lg":false},"uagb_author_info":{"display_name":"Julio Machado","author_link":"https:\/\/alphalearning.com\/pt\/author\/julio-machado\/"},"uagb_comment_info":0,"uagb_excerpt":"Depoimento da Sra. Douglas sobre seu filho, James Douglas Para o Alphalearning A seguir apresentamos a hist\u00f3ria de nosso filho [&hellip;]","_links":{"self":[{"href":"https:\/\/alphalearning.com\/pt\/wp-json\/wp\/v2\/pages\/13087","targetHints":{"allow":["GET"]}}],"collection":[{"href":"https:\/\/alphalearning.com\/pt\/wp-json\/wp\/v2\/pages"}],"about":[{"href":"https:\/\/alphalearning.com\/pt\/wp-json\/wp\/v2\/types\/page"}],"author":[{"embeddable":true,"href":"https:\/\/alphalearning.com\/pt\/wp-json\/wp\/v2\/users\/2"}],"replies":[{"embeddable":true,"href":"https:\/\/alphalearning.com\/pt\/wp-json\/wp\/v2\/comments?post=13087"}],"version-history":[{"count":3,"href":"https:\/\/alphalearning.com\/pt\/wp-json\/wp\/v2\/pages\/13087\/revisions"}],"predecessor-version":[{"id":14354,"href":"https:\/\/alphalearning.com\/pt\/wp-json\/wp\/v2\/pages\/13087\/revisions\/14354"}],"up":[{"embeddable":true,"href":"https:\/\/alphalearning.com\/pt\/wp-json\/wp\/v2\/pages\/13063"}],"wp:attachment":[{"href":"https:\/\/alphalearning.com\/pt\/wp-json\/wp\/v2\/media?parent=13087"}],"curies":[{"name":"wp","href":"https:\/\/api.w.org\/{rel}","templated":true}]}}