{"id":13079,"date":"2024-03-27T16:29:11","date_gmt":"2024-03-27T16:29:11","guid":{"rendered":"https:\/\/alphalearning.com\/comentarios-de-clientes-alphalearning\/familias-e-individuos\/dra-tania-and-barbara-valery\/"},"modified":"2025-01-25T19:43:59","modified_gmt":"2025-01-25T19:43:59","slug":"dra-tania-and-barbara-valery","status":"publish","type":"page","link":"https:\/\/alphalearning.com\/pt\/comentarios-de-clientes-alphalearning\/familias-e-individuos\/dra-tania-and-barbara-valery\/","title":{"rendered":"Dr. Tania and Barbara Valery"},"content":{"rendered":"\n<div class=\"wp-block-uagb-advanced-heading uagb-block-43c14b46\"><h1 class=\"uagb-heading-text\">Depoimentos da Dra. Tania e de Barbara Valery<\/h1><\/div>\n\n\n\n<p>Este v\u00eddeo apresenta os depoimentos da Dra. Tania e de Barbara Valery sobre dislexia, ap\u00f3s sua participa\u00e7\u00e3o em nosso Curso Saber Aprender. Para a Dra. Tania Valery, advogada, e sua filha, Barbara Valery, estudante, somente em rela\u00e7\u00e3o \u00e0 leitura, houve um ganho de velocidade e compreens\u00e3o na ordem de 600%. Com a pr\u00e1tica do treinamento, outras habilidades ir\u00e3o surgir, e todo o conjunto do que se percebe como \u201cdislexia\u201d simplesmente deixa de existir.<\/p>\n\n\n\n<div style=\"text-align: center;\">\n<iframe loading=\"lazy\" width=\"560\" height=\"315\" src=\"https:\/\/www.youtube.com\/embed\/oIS29XQo7VI?si=xZFZqboY3QSn06-T&#038;cc_lang_pref=en&#038;cc_load_policy=1&#038;hl=en&#038;rel=0\" title=\"YouTube video player\" frameborder=\"0\" allow=\"accelerometer; autoplay; clipboard-write; encrypted-media; gyroscope; picture-in-picture; web-share\" allowfullscreen><\/iframe>\n<\/div>\n\n\n\n<div class=\"wp-block-uagb-container uagb-block-648b58d7 alignfull uagb-is-root-container\"><div class=\"uagb-container-inner-blocks-wrap\">\n<p><strong>Conclus\u00e3o<\/strong><\/p>\n\n\n\n<p>\u201cLer \u00e9 o \u00e1pice do que os seres humanos podem fazer. \u00c9 a fun\u00e7\u00e3o mais complexa do ser humano.\u201d Essas s\u00e3o as palavras que concluem o trabalho da neurologista Dra. Sally Shaywitz, da Escola de Medicina da Universidade de Yale, EUA.<\/p>\n\n\n\n<p>Devido \u00e0 sua complexidade, a leitura exige trabalho em equipe entre os hemisf\u00e9rios cerebrais esquerdo e direito. Quando esse equil\u00edbrio se altera, a leitura torna-se dif\u00edcil, lenta e sem sentido. Brainwave station, indo direto ao cerne da quest\u00e3o da dislexia, ensina o c\u00e9rebro a atingir e manter esse estado de equil\u00edbrio.<\/p>\n\n\n\n<p>\u00c9 claro que a dislexia \u00e9 um problema mais amplo do que uma dificuldade de leitura, mas propusemos, no Alphalearning, que se pud\u00e9ssemos melhorar a leitura de uma pessoa, poder\u00edamos melhorar qualquer outro aspecto. E alcan\u00e7amos isso em 100% dos cursos.<\/p>\n\n\n\n<p>V\u00e1rias linhas de estudo comentam que o problema do disl\u00e9xico \u00e9 a falta de mem\u00f3ria de curto e longo prazos. Certamente. Se n\u00e3o h\u00e1 assimila\u00e7\u00e3o da informa\u00e7\u00e3o, seja ela lida, ouvida, sentida ou percebida, evidentemente n\u00e3o se pode memoriz\u00e1-la. Simplesmente n\u00e3o existe informa\u00e7\u00e3o para o c\u00e9rebro memorizar. O campo das ondas cerebrais lida com esse problema porque a pessoa passa a comandar o que o c\u00e9rebro deve fazer: decidir e ser l\u00f3gico, aprender, ser criativo, lembrar, evocar ou descansar.<\/p>\n\n\n\n<p>Neste curso, apenas no quesito leitura, memoriza\u00e7\u00e3o e compreens\u00e3o, Barbara passou de 168 ppm para 840 ppm, e Tania, depois da \u00faltima entrevista, de 143 ppm para 1.420 ppm. O n\u00edvel de compreens\u00e3o tamb\u00e9m aumentou e, com a pr\u00e1tica desse treinamento, outras habilidades surgir\u00e3o. Tudo isso foi conquistado em 5 dias.<\/p>\n\n\n\n<p>\u00c9 tudo uma quest\u00e3o de equil\u00edbrio entre os hemisf\u00e9rios cerebrais e de controle das ondas cerebrais.<\/p>\n\n\n\n<p>Se voc\u00ea controla suas ondas cerebrais, controla suas emo\u00e7\u00f5es. No controle das emo\u00e7\u00f5es, voc\u00ea reduz o estresse e, reduzindo o estresse, consegue ler e aprender melhor.<\/p>\n\n\n\n<p>Esta \u00e9 a maior descoberta de todos os tempos na hist\u00f3ria do aprendizado desde a inven\u00e7\u00e3o da escrita.<\/p>\n\n\n\n<p>Se tiver alguma d\u00favida sobre o seu caso espec\u00edfico, <a href=\"https:\/\/alphalearning.com\/pt\/contato\/\">entre em contato conosco<\/a>.<\/p>\n\n\n\n<p class=\"has-text-align-right\"><a href=\"https:\/\/alphalearning.com\/pt\/dislexia-pode-ser-curada\/dislexia-e-neurofeedback\/\">EEGs e atividades e conquistas do dia a dia deste curso<\/a><\/p>\n<\/div><\/div>\n","protected":false},"excerpt":{"rendered":"<p>Depoimentos da Dra. Tania e de Barbara Valery Este v\u00eddeo apresenta os depoimentos da Dra. Tania e de Barbara Valery [&hellip;]<\/p>\n","protected":false},"author":2,"featured_media":0,"parent":13063,"menu_order":0,"comment_status":"closed","ping_status":"closed","template":"","meta":{"_uag_custom_page_level_css":"","site-sidebar-layout":"default","site-content-layout":"","ast-site-content-layout":"default","site-content-style":"default","site-sidebar-style":"default","ast-global-header-display":"","ast-banner-title-visibility":"","ast-main-header-display":"","ast-hfb-above-header-display":"","ast-hfb-below-header-display":"","ast-hfb-mobile-header-display":"","site-post-title":"disabled","ast-breadcrumbs-content":"","ast-featured-img":"","footer-sml-layout":"","ast-disable-related-posts":"","theme-transparent-header-meta":"","adv-header-id-meta":"","stick-header-meta":"","header-above-stick-meta":"","header-main-stick-meta":"","header-below-stick-meta":"","astra-migrate-meta-layouts":"default","ast-page-background-enabled":"default","ast-page-background-meta":{"desktop":{"background-color":"var(--ast-global-color-4)","background-image":"","background-repeat":"repeat","background-position":"center center","background-size":"auto","background-attachment":"scroll","background-type":"","background-media":"","overlay-type":"","overlay-color":"","overlay-opacity":"","overlay-gradient":""},"tablet":{"background-color":"","background-image":"","background-repeat":"repeat","background-position":"center center","background-size":"auto","background-attachment":"scroll","background-type":"","background-media":"","overlay-type":"","overlay-color":"","overlay-opacity":"","overlay-gradient":""},"mobile":{"background-color":"","background-image":"","background-repeat":"repeat","background-position":"center center","background-size":"auto","background-attachment":"scroll","background-type":"","background-media":"","overlay-type":"","overlay-color":"","overlay-opacity":"","overlay-gradient":""}},"ast-content-background-meta":{"desktop":{"background-color":"var(--ast-global-color-5)","background-image":"","background-repeat":"repeat","background-position":"center center","background-size":"auto","background-attachment":"scroll","background-type":"","background-media":"","overlay-type":"","overlay-color":"","overlay-opacity":"","overlay-gradient":""},"tablet":{"background-color":"var(--ast-global-color-5)","background-image":"","background-repeat":"repeat","background-position":"center center","background-size":"auto","background-attachment":"scroll","background-type":"","background-media":"","overlay-type":"","overlay-color":"","overlay-opacity":"","overlay-gradient":""},"mobile":{"background-color":"var(--ast-global-color-5)","background-image":"","background-repeat":"repeat","background-position":"center center","background-size":"auto","background-attachment":"scroll","background-type":"","background-media":"","overlay-type":"","overlay-color":"","overlay-opacity":"","overlay-gradient":""}},"footnotes":""},"class_list":["post-13079","page","type-page","status-publish","hentry"],"yoast_head":"<!-- This site is optimized with the Yoast SEO plugin v27.1.1 - https:\/\/yoast.com\/product\/yoast-seo-wordpress\/ -->\n<title>Dra. Tania &amp; Barbara: Avan\u00e7o na Dislexia \u2013 Alphalearning<\/title>\n<meta name=\"description\" content=\"Descubra como Dra. Tania e Barbara superaram a dislexia, aumentando sua velocidade e compreens\u00e3o de leitura em at\u00e9 600% com Alphalearning.\" \/>\n<meta name=\"robots\" content=\"index, follow, max-snippet:-1, max-image-preview:large, max-video-preview:-1\" \/>\n<link rel=\"canonical\" href=\"https:\/\/alphalearning.com\/pt\/comentarios-de-clientes-alphalearning\/familias-e-individuos\/dra-tania-and-barbara-valery\/\" \/>\n<meta property=\"og:locale\" content=\"pt_PT\" \/>\n<meta property=\"og:type\" content=\"article\" \/>\n<meta property=\"og:title\" content=\"Dra. Tania &amp; Barbara: Avan\u00e7o na Dislexia \u2013 Alphalearning\" \/>\n<meta property=\"og:description\" content=\"Descubra como Dra. Tania e Barbara superaram a dislexia, aumentando sua velocidade e compreens\u00e3o de leitura em at\u00e9 600% com Alphalearning.\" \/>\n<meta property=\"og:url\" content=\"https:\/\/alphalearning.com\/pt\/comentarios-de-clientes-alphalearning\/familias-e-individuos\/dra-tania-and-barbara-valery\/\" \/>\n<meta property=\"og:site_name\" content=\"Alphalearning International\" \/>\n<meta property=\"article:modified_time\" content=\"2025-01-25T19:43:59+00:00\" \/>\n<meta property=\"og:image\" content=\"https:\/\/alphalearning.com\/wp-content\/uploads\/2024\/04\/alphalearning-logo_red_1200x675px.png\" \/>\n\t<meta property=\"og:image:width\" content=\"1200\" \/>\n\t<meta property=\"og:image:height\" content=\"675\" \/>\n\t<meta property=\"og:image:type\" content=\"image\/png\" \/>\n<meta name=\"twitter:card\" content=\"summary_large_image\" \/>\n<meta name=\"twitter:label1\" content=\"Est. reading time\" \/>\n\t<meta name=\"twitter:data1\" content=\"2 minutes\" \/>\n<!-- \/ Yoast SEO plugin. -->","yoast_head_json":{"title":"Dra. Tania & Barbara: Avan\u00e7o na Dislexia \u2013 Alphalearning","description":"Descubra como Dra. Tania e Barbara superaram a dislexia, aumentando sua velocidade e compreens\u00e3o de leitura em at\u00e9 600% com Alphalearning.","robots":{"index":"index","follow":"follow","max-snippet":"max-snippet:-1","max-image-preview":"max-image-preview:large","max-video-preview":"max-video-preview:-1"},"canonical":"https:\/\/alphalearning.com\/pt\/comentarios-de-clientes-alphalearning\/familias-e-individuos\/dra-tania-and-barbara-valery\/","og_locale":"pt_PT","og_type":"article","og_title":"Dra. Tania & Barbara: Avan\u00e7o na Dislexia \u2013 Alphalearning","og_description":"Descubra como Dra. Tania e Barbara superaram a dislexia, aumentando sua velocidade e compreens\u00e3o de leitura em at\u00e9 600% com Alphalearning.","og_url":"https:\/\/alphalearning.com\/pt\/comentarios-de-clientes-alphalearning\/familias-e-individuos\/dra-tania-and-barbara-valery\/","og_site_name":"Alphalearning International","article_modified_time":"2025-01-25T19:43:59+00:00","og_image":[{"width":1200,"height":675,"url":"https:\/\/alphalearning.com\/wp-content\/uploads\/2024\/04\/alphalearning-logo_red_1200x675px.png","type":"image\/png"}],"twitter_card":"summary_large_image","twitter_misc":{"Est. reading time":"2 minutes"},"schema":{"@context":"https:\/\/schema.org","@graph":[{"@type":"WebPage","@id":"https:\/\/alphalearning.com\/pt\/comentarios-de-clientes-alphalearning\/familias-e-individuos\/dra-tania-and-barbara-valery\/","url":"https:\/\/alphalearning.com\/pt\/comentarios-de-clientes-alphalearning\/familias-e-individuos\/dra-tania-and-barbara-valery\/","name":"Dra. Tania & Barbara: Avan\u00e7o na Dislexia \u2013 Alphalearning","isPartOf":{"@id":"https:\/\/alphalearning.com\/pt\/#website"},"datePublished":"2024-03-27T16:29:11+00:00","dateModified":"2025-01-25T19:43:59+00:00","description":"Descubra como Dra. Tania e Barbara superaram a dislexia, aumentando sua velocidade e compreens\u00e3o de leitura em at\u00e9 600% com Alphalearning.","breadcrumb":{"@id":"https:\/\/alphalearning.com\/pt\/comentarios-de-clientes-alphalearning\/familias-e-individuos\/dra-tania-and-barbara-valery\/#breadcrumb"},"inLanguage":"pt","potentialAction":[{"@type":"ReadAction","target":["https:\/\/alphalearning.com\/pt\/comentarios-de-clientes-alphalearning\/familias-e-individuos\/dra-tania-and-barbara-valery\/"]}]},{"@type":"BreadcrumbList","@id":"https:\/\/alphalearning.com\/pt\/comentarios-de-clientes-alphalearning\/familias-e-individuos\/dra-tania-and-barbara-valery\/#breadcrumb","itemListElement":[{"@type":"ListItem","position":1,"name":"Home","item":"https:\/\/alphalearning.com\/pt\/"},{"@type":"ListItem","position":2,"name":"Coment\u00e1rios de Clientes Alphalearning","item":"https:\/\/alphalearning.com\/pt\/comentarios-de-clientes-alphalearning\/"},{"@type":"ListItem","position":3,"name":"Fam\u00edlias","item":"https:\/\/alphalearning.com\/pt\/comentarios-de-clientes-alphalearning\/familias-e-individuos\/"},{"@type":"ListItem","position":4,"name":"Dr. Tania and Barbara Valery"}]},{"@type":"WebSite","@id":"https:\/\/alphalearning.com\/pt\/#website","url":"https:\/\/alphalearning.com\/pt\/","name":"Alphalearning International","description":"the brain training institute","publisher":{"@id":"https:\/\/alphalearning.com\/pt\/#organization"},"potentialAction":[{"@type":"SearchAction","target":{"@type":"EntryPoint","urlTemplate":"https:\/\/alphalearning.com\/pt\/?s={search_term_string}"},"query-input":{"@type":"PropertyValueSpecification","valueRequired":true,"valueName":"search_term_string"}}],"inLanguage":"pt"},{"@type":"Organization","@id":"https:\/\/alphalearning.com\/pt\/#organization","name":"Alphalearning International","url":"https:\/\/alphalearning.com\/pt\/","logo":{"@type":"ImageObject","inLanguage":"pt","@id":"https:\/\/alphalearning.com\/pt\/#\/schema\/logo\/image\/","url":"https:\/\/alphalearning.com\/wp-content\/uploads\/2024\/03\/alphalearning_ico2_512px.png","contentUrl":"https:\/\/alphalearning.com\/wp-content\/uploads\/2024\/03\/alphalearning_ico2_512px.png","width":512,"height":512,"caption":"Alphalearning International"},"image":{"@id":"https:\/\/alphalearning.com\/pt\/#\/schema\/logo\/image\/"}}]}},"uagb_featured_image_src":{"full":false,"thumbnail":false,"medium":false,"medium_large":false,"large":false,"1536x1536":false,"2048x2048":false,"gform-image-choice-sm":false,"gform-image-choice-md":false,"gform-image-choice-lg":false},"uagb_author_info":{"display_name":"Julio Machado","author_link":"https:\/\/alphalearning.com\/pt\/author\/julio-machado\/"},"uagb_comment_info":0,"uagb_excerpt":"Depoimentos da Dra. Tania e de Barbara Valery Este v\u00eddeo apresenta os depoimentos da Dra. Tania e de Barbara Valery [&hellip;]","_links":{"self":[{"href":"https:\/\/alphalearning.com\/pt\/wp-json\/wp\/v2\/pages\/13079","targetHints":{"allow":["GET"]}}],"collection":[{"href":"https:\/\/alphalearning.com\/pt\/wp-json\/wp\/v2\/pages"}],"about":[{"href":"https:\/\/alphalearning.com\/pt\/wp-json\/wp\/v2\/types\/page"}],"author":[{"embeddable":true,"href":"https:\/\/alphalearning.com\/pt\/wp-json\/wp\/v2\/users\/2"}],"replies":[{"embeddable":true,"href":"https:\/\/alphalearning.com\/pt\/wp-json\/wp\/v2\/comments?post=13079"}],"version-history":[{"count":2,"href":"https:\/\/alphalearning.com\/pt\/wp-json\/wp\/v2\/pages\/13079\/revisions"}],"predecessor-version":[{"id":14338,"href":"https:\/\/alphalearning.com\/pt\/wp-json\/wp\/v2\/pages\/13079\/revisions\/14338"}],"up":[{"embeddable":true,"href":"https:\/\/alphalearning.com\/pt\/wp-json\/wp\/v2\/pages\/13063"}],"wp:attachment":[{"href":"https:\/\/alphalearning.com\/pt\/wp-json\/wp\/v2\/media?parent=13079"}],"curies":[{"name":"wp","href":"https:\/\/api.w.org\/{rel}","templated":true}]}}