{"id":13071,"date":"2024-03-27T16:28:50","date_gmt":"2024-03-27T16:28:50","guid":{"rendered":"https:\/\/alphalearning.com\/comentarios-de-clientes-alphalearning\/familias-e-individuos\/daniella-batham\/"},"modified":"2025-04-27T18:28:50","modified_gmt":"2025-04-27T17:28:50","slug":"daniella-batham","status":"publish","type":"page","link":"https:\/\/alphalearning.com\/pt\/comentarios-de-clientes-alphalearning\/familias-e-individuos\/daniella-batham\/","title":{"rendered":"Daniella Batham"},"content":{"rendered":"\n<div class=\"wp-block-uagb-advanced-heading uagb-block-6bf8d436\"><h1 class=\"uagb-heading-text\">Depoimento de Daniella Batham ao Alphalearning<\/h1><\/div>\n\n\n\n<div class=\"wp-block-uagb-container uagb-block-5212cd42 alignfull uagb-is-root-container\"><div class=\"uagb-container-inner-blocks-wrap\">\n<p>Ao tentar reunir meus pensamentos e sentimentos ap\u00f3s o curso em Braga, Portugal, uma frase me vem \u00e0 mente\u2026 e \u00e9: \u201cGra\u00e7as a Deus que escolhi fazer este curso e investir em mim.\u201d<\/p>\n\n\n\n<p>A pr\u00e1tica di\u00e1ria com a m\u00e1quina Brainwave me mant\u00e9m firme, focada e equilibrada. Na verdade, consegui realizar a postura de cabe\u00e7a na minha pr\u00e1tica de ioga pela primeira vez desde a inf\u00e2ncia, encerrada h\u00e1 muitas d\u00e9cadas. Isso demonstra que o treino das ondas cerebrais atua de modo profundamente equilibrador e que valoriza a vida.<\/p>\n\n\n\n<p>Os 5 dias que passei na presen\u00e7a do Julio foram iluminadores e intrigantes, pois aprendi muito. O curso foi conduzido de forma impec\u00e1vel, com pontualidade e totalmente focado nas minhas necessidades e nos motivos que me levaram a participar. Julio foi muito gentil, profissional, extremamente conhecedor de sua \u00e1rea de especializa\u00e7\u00e3o e claramente dedicado a ajudar pessoas com diversos problemas ligados ao c\u00e9rebro e \u00e0 capacidade de aprendizagem. Por exemplo, eu me considerava uma leitora lenta e, embora o foco n\u00e3o fosse leitura din\u00e2mica, o que aprendi sobre t\u00e9cnicas de leitura r\u00e1pida me ser\u00e1 extremamente \u00fatil em estudos futuros. Julio foi extremamente compreensivo e acolheu meus v\u00e1rios momentos de \u201cAha!\u201d, \u00e0 medida que muitas quest\u00f5es se conectavam para mim, como a revers\u00e3o do cortisol e as ondas cerebrais de alta Beta. Julio identificou um tipo de dano, desequil\u00edbrio e disfun\u00e7\u00e3o no meu c\u00e9rebro, o que me causava problemas de sono, mem\u00f3ria etc. A pr\u00e1tica di\u00e1ria \u00e9 necess\u00e1ria, e \u00e9 o que estou fazendo neste caminho de recupera\u00e7\u00e3o.<\/p>\n\n\n\n<p>As entrevistas antes do in\u00edcio do curso tamb\u00e9m foram muito \u00fateis. Senti-me ouvida e reconhecida, e mantive grandes expectativas de que esse curso transformaria minha vida de forma positiva. A inven\u00e7\u00e3o da m\u00e1quina Brainwave, fruto do trabalho que Julio e sua equipe desenvolveram ao longo dos anos, traz esperan\u00e7a a todos n\u00f3s que desejamos economizar 20 anos para alcan\u00e7ar estados profundos de medita\u00e7\u00e3o.<\/p>\n\n\n\n<p>Recomendo fortemente a participa\u00e7\u00e3o neste curso, pois \u00e9 praticamente garantido que se aprende muito, se aprimora e se aplica o conhecimento obtido no Curso Saber Aprender do Alphalearning. Meus sinceros votos de sucesso ao Julio e \u00e0 equipe em todos os futuros empreendimentos incr\u00edveis!<\/p>\n\n\n\n<p>Daniella Batham, MA Psychotherapy (Reino Unido)<\/p>\n\n\n\n<p class=\"has-text-align-right\"><a href=\"https:\/\/alphalearning.com\/pt\/comentarios-de-clientes-alphalearning\/familias-e-individuos\/\">Descubra mais hist\u00f3rias inspiradoras como a de Daniella em nossa p\u00e1gina de depoimentos<\/a><\/p>\n<\/div><\/div>\n","protected":false},"excerpt":{"rendered":"<p>Depoimento de Daniella Batham ao Alphalearning Ao tentar reunir meus pensamentos e sentimentos ap\u00f3s o curso em Braga, Portugal, uma [&hellip;]<\/p>\n","protected":false},"author":2,"featured_media":0,"parent":13063,"menu_order":0,"comment_status":"closed","ping_status":"closed","template":"","meta":{"_uag_custom_page_level_css":"","site-sidebar-layout":"default","site-content-layout":"","ast-site-content-layout":"default","site-content-style":"default","site-sidebar-style":"default","ast-global-header-display":"","ast-banner-title-visibility":"","ast-main-header-display":"","ast-hfb-above-header-display":"","ast-hfb-below-header-display":"","ast-hfb-mobile-header-display":"","site-post-title":"disabled","ast-breadcrumbs-content":"","ast-featured-img":"","footer-sml-layout":"","ast-disable-related-posts":"","theme-transparent-header-meta":"","adv-header-id-meta":"","stick-header-meta":"","header-above-stick-meta":"","header-main-stick-meta":"","header-below-stick-meta":"","astra-migrate-meta-layouts":"default","ast-page-background-enabled":"default","ast-page-background-meta":{"desktop":{"background-color":"var(--ast-global-color-4)","background-image":"","background-repeat":"repeat","background-position":"center center","background-size":"auto","background-attachment":"scroll","background-type":"","background-media":"","overlay-type":"","overlay-color":"","overlay-opacity":"","overlay-gradient":""},"tablet":{"background-color":"","background-image":"","background-repeat":"repeat","background-position":"center center","background-size":"auto","background-attachment":"scroll","background-type":"","background-media":"","overlay-type":"","overlay-color":"","overlay-opacity":"","overlay-gradient":""},"mobile":{"background-color":"","background-image":"","background-repeat":"repeat","background-position":"center center","background-size":"auto","background-attachment":"scroll","background-type":"","background-media":"","overlay-type":"","overlay-color":"","overlay-opacity":"","overlay-gradient":""}},"ast-content-background-meta":{"desktop":{"background-color":"var(--ast-global-color-5)","background-image":"","background-repeat":"repeat","background-position":"center center","background-size":"auto","background-attachment":"scroll","background-type":"","background-media":"","overlay-type":"","overlay-color":"","overlay-opacity":"","overlay-gradient":""},"tablet":{"background-color":"var(--ast-global-color-5)","background-image":"","background-repeat":"repeat","background-position":"center center","background-size":"auto","background-attachment":"scroll","background-type":"","background-media":"","overlay-type":"","overlay-color":"","overlay-opacity":"","overlay-gradient":""},"mobile":{"background-color":"var(--ast-global-color-5)","background-image":"","background-repeat":"repeat","background-position":"center center","background-size":"auto","background-attachment":"scroll","background-type":"","background-media":"","overlay-type":"","overlay-color":"","overlay-opacity":"","overlay-gradient":""}},"footnotes":""},"class_list":["post-13071","page","type-page","status-publish","hentry"],"yoast_head":"<!-- This site is optimized with the Yoast SEO plugin v27.1.1 - https:\/\/yoast.com\/product\/yoast-seo-wordpress\/ -->\n<title>Jornada Transformadora de Daniella | Curso Alphalearning<\/title>\n<meta name=\"description\" content=\"Daniella conta como o \u2018Curso Saber Aprender\u2019 do Alphalearning aumentou seu foco, mem\u00f3ria e bem-estar, proporcionando uma transforma\u00e7\u00e3o duradoura.\" \/>\n<meta name=\"robots\" content=\"index, follow, max-snippet:-1, max-image-preview:large, max-video-preview:-1\" \/>\n<link rel=\"canonical\" href=\"https:\/\/alphalearning.com\/pt\/comentarios-de-clientes-alphalearning\/familias-e-individuos\/daniella-batham\/\" \/>\n<meta property=\"og:locale\" content=\"pt_PT\" \/>\n<meta property=\"og:type\" content=\"article\" \/>\n<meta property=\"og:title\" content=\"Jornada Transformadora de Daniella | Curso Alphalearning\" \/>\n<meta property=\"og:description\" content=\"Daniella conta como o \u2018Curso Saber Aprender\u2019 do Alphalearning aumentou seu foco, mem\u00f3ria e bem-estar, proporcionando uma transforma\u00e7\u00e3o duradoura.\" \/>\n<meta property=\"og:url\" content=\"https:\/\/alphalearning.com\/pt\/comentarios-de-clientes-alphalearning\/familias-e-individuos\/daniella-batham\/\" \/>\n<meta property=\"og:site_name\" content=\"Alphalearning International\" \/>\n<meta property=\"article:modified_time\" content=\"2025-04-27T17:28:50+00:00\" \/>\n<meta property=\"og:image\" content=\"https:\/\/alphalearning.com\/wp-content\/uploads\/2024\/04\/alphalearning-logo_red_1200x675px.png\" \/>\n\t<meta property=\"og:image:width\" content=\"1200\" \/>\n\t<meta property=\"og:image:height\" content=\"675\" \/>\n\t<meta property=\"og:image:type\" content=\"image\/png\" \/>\n<meta name=\"twitter:card\" content=\"summary_large_image\" \/>\n<meta name=\"twitter:label1\" content=\"Est. reading time\" \/>\n\t<meta name=\"twitter:data1\" content=\"2 minutes\" \/>\n<!-- \/ Yoast SEO plugin. -->","yoast_head_json":{"title":"Jornada Transformadora de Daniella | Curso Alphalearning","description":"Daniella conta como o \u2018Curso Saber Aprender\u2019 do Alphalearning aumentou seu foco, mem\u00f3ria e bem-estar, proporcionando uma transforma\u00e7\u00e3o duradoura.","robots":{"index":"index","follow":"follow","max-snippet":"max-snippet:-1","max-image-preview":"max-image-preview:large","max-video-preview":"max-video-preview:-1"},"canonical":"https:\/\/alphalearning.com\/pt\/comentarios-de-clientes-alphalearning\/familias-e-individuos\/daniella-batham\/","og_locale":"pt_PT","og_type":"article","og_title":"Jornada Transformadora de Daniella | Curso Alphalearning","og_description":"Daniella conta como o \u2018Curso Saber Aprender\u2019 do Alphalearning aumentou seu foco, mem\u00f3ria e bem-estar, proporcionando uma transforma\u00e7\u00e3o duradoura.","og_url":"https:\/\/alphalearning.com\/pt\/comentarios-de-clientes-alphalearning\/familias-e-individuos\/daniella-batham\/","og_site_name":"Alphalearning International","article_modified_time":"2025-04-27T17:28:50+00:00","og_image":[{"width":1200,"height":675,"url":"https:\/\/alphalearning.com\/wp-content\/uploads\/2024\/04\/alphalearning-logo_red_1200x675px.png","type":"image\/png"}],"twitter_card":"summary_large_image","twitter_misc":{"Est. reading time":"2 minutes"},"schema":{"@context":"https:\/\/schema.org","@graph":[{"@type":"WebPage","@id":"https:\/\/alphalearning.com\/pt\/comentarios-de-clientes-alphalearning\/familias-e-individuos\/daniella-batham\/","url":"https:\/\/alphalearning.com\/pt\/comentarios-de-clientes-alphalearning\/familias-e-individuos\/daniella-batham\/","name":"Jornada Transformadora de Daniella | Curso Alphalearning","isPartOf":{"@id":"https:\/\/alphalearning.com\/pt\/#website"},"datePublished":"2024-03-27T16:28:50+00:00","dateModified":"2025-04-27T17:28:50+00:00","description":"Daniella conta como o \u2018Curso Saber Aprender\u2019 do Alphalearning aumentou seu foco, mem\u00f3ria e bem-estar, proporcionando uma transforma\u00e7\u00e3o duradoura.","breadcrumb":{"@id":"https:\/\/alphalearning.com\/pt\/comentarios-de-clientes-alphalearning\/familias-e-individuos\/daniella-batham\/#breadcrumb"},"inLanguage":"pt","potentialAction":[{"@type":"ReadAction","target":["https:\/\/alphalearning.com\/pt\/comentarios-de-clientes-alphalearning\/familias-e-individuos\/daniella-batham\/"]}]},{"@type":"BreadcrumbList","@id":"https:\/\/alphalearning.com\/pt\/comentarios-de-clientes-alphalearning\/familias-e-individuos\/daniella-batham\/#breadcrumb","itemListElement":[{"@type":"ListItem","position":1,"name":"Home","item":"https:\/\/alphalearning.com\/pt\/"},{"@type":"ListItem","position":2,"name":"Coment\u00e1rios de Clientes Alphalearning","item":"https:\/\/alphalearning.com\/pt\/comentarios-de-clientes-alphalearning\/"},{"@type":"ListItem","position":3,"name":"Fam\u00edlias","item":"https:\/\/alphalearning.com\/pt\/comentarios-de-clientes-alphalearning\/familias-e-individuos\/"},{"@type":"ListItem","position":4,"name":"Daniella Batham"}]},{"@type":"WebSite","@id":"https:\/\/alphalearning.com\/pt\/#website","url":"https:\/\/alphalearning.com\/pt\/","name":"Alphalearning International","description":"the brain training institute","publisher":{"@id":"https:\/\/alphalearning.com\/pt\/#organization"},"potentialAction":[{"@type":"SearchAction","target":{"@type":"EntryPoint","urlTemplate":"https:\/\/alphalearning.com\/pt\/?s={search_term_string}"},"query-input":{"@type":"PropertyValueSpecification","valueRequired":true,"valueName":"search_term_string"}}],"inLanguage":"pt"},{"@type":"Organization","@id":"https:\/\/alphalearning.com\/pt\/#organization","name":"Alphalearning International","url":"https:\/\/alphalearning.com\/pt\/","logo":{"@type":"ImageObject","inLanguage":"pt","@id":"https:\/\/alphalearning.com\/pt\/#\/schema\/logo\/image\/","url":"https:\/\/alphalearning.com\/wp-content\/uploads\/2024\/03\/alphalearning_ico2_512px.png","contentUrl":"https:\/\/alphalearning.com\/wp-content\/uploads\/2024\/03\/alphalearning_ico2_512px.png","width":512,"height":512,"caption":"Alphalearning International"},"image":{"@id":"https:\/\/alphalearning.com\/pt\/#\/schema\/logo\/image\/"}}]}},"uagb_featured_image_src":{"full":false,"thumbnail":false,"medium":false,"medium_large":false,"large":false,"1536x1536":false,"2048x2048":false,"gform-image-choice-sm":false,"gform-image-choice-md":false,"gform-image-choice-lg":false},"uagb_author_info":{"display_name":"Julio Machado","author_link":"https:\/\/alphalearning.com\/pt\/author\/julio-machado\/"},"uagb_comment_info":0,"uagb_excerpt":"Depoimento de Daniella Batham ao Alphalearning Ao tentar reunir meus pensamentos e sentimentos ap\u00f3s o curso em Braga, Portugal, uma [&hellip;]","_links":{"self":[{"href":"https:\/\/alphalearning.com\/pt\/wp-json\/wp\/v2\/pages\/13071","targetHints":{"allow":["GET"]}}],"collection":[{"href":"https:\/\/alphalearning.com\/pt\/wp-json\/wp\/v2\/pages"}],"about":[{"href":"https:\/\/alphalearning.com\/pt\/wp-json\/wp\/v2\/types\/page"}],"author":[{"embeddable":true,"href":"https:\/\/alphalearning.com\/pt\/wp-json\/wp\/v2\/users\/2"}],"replies":[{"embeddable":true,"href":"https:\/\/alphalearning.com\/pt\/wp-json\/wp\/v2\/comments?post=13071"}],"version-history":[{"count":2,"href":"https:\/\/alphalearning.com\/pt\/wp-json\/wp\/v2\/pages\/13071\/revisions"}],"predecessor-version":[{"id":14328,"href":"https:\/\/alphalearning.com\/pt\/wp-json\/wp\/v2\/pages\/13071\/revisions\/14328"}],"up":[{"embeddable":true,"href":"https:\/\/alphalearning.com\/pt\/wp-json\/wp\/v2\/pages\/13063"}],"wp:attachment":[{"href":"https:\/\/alphalearning.com\/pt\/wp-json\/wp\/v2\/media?parent=13071"}],"curies":[{"name":"wp","href":"https:\/\/api.w.org\/{rel}","templated":true}]}}