{"id":13063,"date":"2024-03-27T16:28:30","date_gmt":"2024-03-27T16:28:30","guid":{"rendered":"https:\/\/alphalearning.com\/comentarios-de-clientes-alphalearning\/quotes-from-families\/"},"modified":"2025-01-25T18:34:41","modified_gmt":"2025-01-25T18:34:41","slug":"familias-e-individuos","status":"publish","type":"page","link":"https:\/\/alphalearning.com\/pt\/comentarios-de-clientes-alphalearning\/familias-e-individuos\/","title":{"rendered":"Fam\u00edlias"},"content":{"rendered":"\n<div class=\"wp-block-uagb-advanced-heading uagb-block-40238cd0\"><h1 class=\"uagb-heading-text\">Alguns Depoimentos de Clientes do Alphalearning<\/h1><\/div>\n\n\n\n<div class=\"wp-block-uagb-container uagb-block-ffbfd498 alignfull uagb-is-root-container\"><div class=\"uagb-container-inner-blocks-wrap\">\n<p><strong>Coment\u00e1rios detalhados est\u00e3o dispon\u00edveis nas p\u00e1ginas a seguir:<\/strong><\/p>\n\n\n\n<ul class=\"wp-block-list\">\n<li><a href=\"https:\/\/alphalearning.com\/comments-from-alphalearning-clients\/quotes-from-families\/daniella-batham\/\">Daniella Batham, MA Psychotherapy<\/a>\n<ul class=\"wp-block-list\">\n<li><em>\u201cGra\u00e7as a Deus eu escolhi fazer este curso\u2026 A m\u00e1quina Brainwave me mant\u00e9m firme, concentrada e equilibrada.\u201d<\/em><\/li>\n<\/ul>\n<\/li>\n\n\n\n<li><a href=\"https:\/\/alphalearning.com\/comments-from-alphalearning-clients\/quotes-from-families\/dra-tania-and-barbara-valery\/\">Dra. Tania and Barbara Valery<\/a>\n<ul class=\"wp-block-list\">\n<li><em>\u201cEsta semana aprendi muito, bem mais do que em anos e anos de escola e alguns anos de terapia.\u201d<\/em><\/li>\n<\/ul>\n<\/li>\n\n\n\n<li><a href=\"https:\/\/alphalearning.com\/comments-from-alphalearning-clients\/quotes-from-families\/richard-hanbury\/\">Richard Hanbury<\/a>\n<ul class=\"wp-block-list\">\n<li><em>\u201cOs benef\u00edcios futuros ser\u00e3o, naturalmente, b\u00f4nus adicionais, mas o que aprendi at\u00e9 agora j\u00e1 melhorou imensamente a minha vida.\u201d<\/em><\/li>\n<\/ul>\n<\/li>\n\n\n\n<li><a href=\"https:\/\/alphalearning.com\/comments-from-alphalearning-clients\/quotes-from-families\/julia-lowes\/\">Julia Lowes<\/a>\n<ul class=\"wp-block-list\">\n<li><em>\u201cImediatamente e pela primeira vez na vida, percebi que podia relaxar meu c\u00e9rebro o suficiente para enxergar as palavras.\u201d<\/em><\/li>\n<\/ul>\n<\/li>\n\n\n\n<li><a href=\"https:\/\/alphalearning.com\/comments-from-alphalearning-clients\/quotes-from-families\/inez-de-heer-koots\/\">Inez de Heer Koots<\/a>\n<ul class=\"wp-block-list\">\n<li><em>\u201cCom descren\u00e7a e l\u00e1grimas nos olhos, observo Maarten se levantar sobre a perna esquerda de uma s\u00f3 vez \u2013 algo que ele nunca havia conseguido fazer\u2026\u201d<\/em><\/li>\n<\/ul>\n<\/li>\n\n\n\n<li><a href=\"https:\/\/alphalearning.com\/comments-from-alphalearning-clients\/quotes-from-families\/james-douglas\/\">James Douglas<\/a>\n<ul class=\"wp-block-list\">\n<li>\u201cNaturalmente, n\u00f3s ficamos bastante c\u00e9ticos, mas o que se seguiu foi not\u00e1vel.\u201d<\/li>\n<\/ul>\n<\/li>\n\n\n\n<li><a href=\"https:\/\/alphalearning.com\/comments-from-alphalearning-clients\/quotes-from-families\/veronica-newton\/\">Veronica Newton<\/a>\n<ul class=\"wp-block-list\">\n<li><em>\u201cFui levada a um ponto de equil\u00edbrio em meu corpo que antes s\u00f3 atingia ap\u00f3s horas de medita\u00e7\u00e3o.\u201d<\/em><\/li>\n<\/ul>\n<\/li>\n\n\n\n<li><a href=\"https:\/\/alphalearning.com\/comments-from-alphalearning-clients\/quotes-from-families\/dr-h-j-h-richards\/\">Dr. H. J. H. Richards<\/a>\n<ul class=\"wp-block-list\">\n<li><em>\u201cA experi\u00eancia pessoal me convenceu de que TDA (Transtorno de D\u00e9ficit de Aten\u00e7\u00e3o) e dislexia podem ser superados de forma f\u00e1cil e r\u00e1pida, e n\u00e3o precisam ser o flagelo dos jovens no futuro como foram no passado.\u201d<\/em><\/li>\n<\/ul>\n<\/li>\n\n\n\n<li><a href=\"https:\/\/alphalearning.com\/comments-from-alphalearning-clients\/quotes-from-families\/mrs-p-douglas\/\">Sra. P. Douglas<\/a><br><ul class=\"wp-block-list\"><li><em>\u201cEstou me sentindo \u00f3tima e alcancei mais nos \u00faltimos dois dias do que vinha conseguindo h\u00e1 muito tempo.\u201d<\/em><\/li><\/ul><\/li>\n\n\n\n<li><a href=\"https:\/\/alphalearning.com\/comments-from-alphalearning-clients\/quotes-from-families\/jean-deschenes\/\">Jean Deschenes<\/a>\n<ul class=\"wp-block-list\">\n<li><em>\u201cO retorno \u00e0 escola foi um avan\u00e7o. Em primeiro lugar, seus terapeutas n\u00e3o podiam acreditar que este era o mesmo filho; tanto progresso em t\u00e3o pouco tempo simplesmente n\u00e3o se encaixava em seu referencial habitual.\u201d<\/em><\/li>\n<\/ul>\n<\/li>\n\n\n\n<li><a href=\"https:\/\/alphalearning.com\/comments-from-alphalearning-clients\/quotes-from-families\/mrs-wendy-lees\/\">Sra. Wendy Lees<\/a>\n<ul class=\"wp-block-list\">\n<li><em>\u201cOs resultados do Sistema Brainwave I foram t\u00e3o surpreendentes que estou escrevendo esta carta na esperan\u00e7a de que mais fam\u00edlias possam ser ajudadas assim como a nossa.\u201d<\/em><\/li>\n<\/ul>\n<\/li>\n\n\n\n<li><a href=\"https:\/\/alphalearning.com\/comments-from-alphalearning-clients\/quotes-from-families\/lindsay-lambert\/\">Lindsay Lambert<\/a>\n<ul class=\"wp-block-list\">\n<li><em>\u201cO padr\u00e3o de sono dele melhorou, passando a dormir a noite toda cerca de 85% do tempo, em compara\u00e7\u00e3o a cerca de 40% antes.\u201d<\/em><\/li>\n<\/ul>\n<\/li>\n<\/ul>\n\n\n\n<p class=\"has-text-align-right\"><a href=\"https:\/\/alphalearning.com\/pt\/comentarios-de-clientes-alphalearning\/corporacoes-e-executivos\/\">Alguns Depoimentos de Clientes Corporativos do Alphalearning<\/a><\/p>\n\n\n\n<p class=\"has-text-align-right\"><a href=\"https:\/\/alphalearning.com\/pt\/comentarios-de-clientes-alphalearning\/atletas\/\">Depoimentos de Atletas que Utilizam o Sistema Brainwave<\/a><\/p>\n\n\n\n<p><strong>Coment\u00e1rios adicionais:<\/strong><\/p>\n\n\n\n<p>\u201cAl\u00e9m do \u2018treinamento executivo\u2019, o potencial do Brainwave I para crian\u00e7as ou pessoas com danos cerebrais \u00e9 astron\u00f4mico. Fiquei comovido(a) e impressionado(a) com o ambiente especial de permiss\u00e3o criado para as crian\u00e7as. Obrigado(a) por uma semana incr\u00edvel.\u201d<\/p>\n\n\n\n<p>\u201cFica \u00f3bvio quando voc\u00ea v\u00ea \u2013 simplesmente o melhor e \u00fanico sistema dispon\u00edvel.\u201d<\/p>\n\n\n\n<p>\u201cTodos deveriam participar deste curso pelo menos uma vez na vida.\u201d<\/p>\n\n\n\n<p>\u201cAtendeu \u00e0s m\u00e1ximas expectativas \u2013 aprendi tantas coisas importantes de uma forma interessante que manteve meu interesse.\u201d<\/p>\n\n\n\n<p>\u201cSou realmente muito, muito grato(a) por ter sido aceito(a) neste curso. \u00c9 o melhor que j\u00e1 fiz, e j\u00e1 participei de v\u00e1rios.\u201d<\/p>\n\n\n\n<p>\u201cFerramentas e orienta\u00e7\u00f5es maravilhosas para o empoderamento, j\u00e1 me sinto diferente \u2013 relaxado(a) e focado(a).\u201d<\/p>\n\n\n\n<p>\u201cMuito agrad\u00e1vel e variado, boa educa\u00e7\u00e3o sobre o c\u00e9rebro, din\u00e2mico \u2013 inteligente e original.\u201d<\/p>\n\n\n\n<p>\u201cInteressante descobrir o que antes eu n\u00e3o conseguia acreditar.\u201d<\/p>\n\n\n\n<p>\u201c\u00c9 prazeroso aprender com tecnologia moderna.\u201d<\/p>\n\n\n\n<p>\u201cMais confiante do que antes.\u201d<\/p>\n\n\n\n<p>\u201cEm nenhum momento a palestra foi tediosa.\u201d<\/p>\n\n\n\n<p>\u201cO palestrante \u00e9 simplesmente excelente.\u201d<\/p>\n\n\n\n<p>\u201cMuito bom \u2013 estou satisfeito(a) por ter vindo.\u201d<\/p>\n\n\n\n<p>\u201cErudito, bem-humorado, p\u00e9-no-ch\u00e3o, com linguagem de f\u00e1cil compreens\u00e3o.\u201d<\/p>\n\n\n\n<p>\u201cTudo o que vi, ouvi e vivenciei me deixa t\u00e3o entusiasmado(a) quanto estava antes de fazer o treinamento.\u201d<\/p>\n\n\n\n<p>\u201cFoi mais interessante do que eu esperava. Foi conduzido de uma forma que mantinha o interesse.\u201d<\/p>\n\n\n\n<p>\u201cEnsinou-me algo novo e se conectou bem com o que eu j\u00e1 conhecia.\u201d<\/p>\n\n\n\n<p>\u201cDescontra\u00eddo e informal, mas sem fugir dos t\u00f3picos.\u201d<\/p>\n\n\n\n<p>\u201cMuita informa\u00e7\u00e3o interessante sobre o c\u00e9rebro, palestrante din\u00e2mico.\u201d<\/p>\n\n\n\n<p>\u201cMuito bem documentado.\u201d<\/p>\n\n\n\n<p>\u201cConte\u00fado fascinante, muito interessante \u2013 fontes de refer\u00eancia bem documentadas.\u201d<\/p>\n\n\n\n<p>\u201cValorizo a oportunidade de ter participado do curso.\u201d<\/p>\n\n\n\n<p>\u201cAbrangente, assunto importante \u2013 bem apresentado \u2013 o palestrante tinha \u00f3timas habilidades de comunica\u00e7\u00e3o.\u201d<\/p>\n\n\n\n<p>\u201cDe 10 crian\u00e7as que tratamos at\u00e9 agora, 8 apresentaram \u00f3timo progresso e houve algum com as outras 2.\u201d<\/p>\n\n\n\n<p>\u201cImpress\u00e3o maravilhosa \u2013 o melhor palestrante que j\u00e1 conheci.\u201d<\/p>\n\n\n\n<p>\u201cPr\u00e1tico e interessante \u2013 excelente trabalho de motiva\u00e7\u00e3o para o aprendizado \u2013 as crian\u00e7as est\u00e3o indo muito melhor na escola.\u201d<\/p>\n\n\n\n<p>\u201cUma inven\u00e7\u00e3o grandiosa para ajudar toda a humanidade a melhorar c\u00e9rebros saud\u00e1veis e reparar c\u00e9rebros danificados.\u201d<\/p>\n\n\n\n<p>\u201cO curso foi quase perfeito \u2013 claro e conciso.\u201d<\/p>\n\n\n\n<p>\u201cExcelente forma de aprender a relaxar enquanto se trabalha.\u201d<\/p>\n\n\n\n<p>\u201cSempre despertando a aten\u00e7\u00e3o do p\u00fablico, sem intervalos mon\u00f3tonos.\u201d<\/p>\n\n\n\n<p>\u201cAtendeu ao que prometia.\u201d<\/p>\n\n\n\n<p>\u201cMuito agrad\u00e1vel e estimulante \u2013 \u00f3tima perspectiva para o futuro.\u201d<\/p>\n\n\n\n<p>\u201cM\u00e1ximo efeito de aprendizado \u2013 bem explicado de forma v\u00edvida.\u201d<\/p>\n\n\n\n<p>\u201cInicialmente c\u00e9tico(a) \u2013 finalmente totalmente convencido(a).\u201d<\/p>\n\n\n\n<p>\u201cMuito \u00fatil para nossa fam\u00edlia, trouxe esperan\u00e7a e agora entendemos o que precisamos fazer para ajudar as crian\u00e7as \u2013 curso de f\u00e1cil compreens\u00e3o e mensagens claras.\u201d<br><\/p>\n<\/div><\/div>\n","protected":false},"excerpt":{"rendered":"<p>Alguns Depoimentos de Clientes do Alphalearning Coment\u00e1rios detalhados est\u00e3o dispon\u00edveis nas p\u00e1ginas a seguir: Alguns Depoimentos de Clientes Corporativos do [&hellip;]<\/p>\n","protected":false},"author":2,"featured_media":0,"parent":12980,"menu_order":230,"comment_status":"closed","ping_status":"closed","template":"","meta":{"_uag_custom_page_level_css":"","site-sidebar-layout":"default","site-content-layout":"","ast-site-content-layout":"default","site-content-style":"default","site-sidebar-style":"default","ast-global-header-display":"","ast-banner-title-visibility":"","ast-main-header-display":"","ast-hfb-above-header-display":"","ast-hfb-below-header-display":"","ast-hfb-mobile-header-display":"","site-post-title":"disabled","ast-breadcrumbs-content":"","ast-featured-img":"","footer-sml-layout":"","ast-disable-related-posts":"","theme-transparent-header-meta":"","adv-header-id-meta":"","stick-header-meta":"","header-above-stick-meta":"","header-main-stick-meta":"","header-below-stick-meta":"","astra-migrate-meta-layouts":"default","ast-page-background-enabled":"default","ast-page-background-meta":{"desktop":{"background-color":"var(--ast-global-color-4)","background-image":"","background-repeat":"repeat","background-position":"center center","background-size":"auto","background-attachment":"scroll","background-type":"","background-media":"","overlay-type":"","overlay-color":"","overlay-opacity":"","overlay-gradient":""},"tablet":{"background-color":"","background-image":"","background-repeat":"repeat","background-position":"center center","background-size":"auto","background-attachment":"scroll","background-type":"","background-media":"","overlay-type":"","overlay-color":"","overlay-opacity":"","overlay-gradient":""},"mobile":{"background-color":"","background-image":"","background-repeat":"repeat","background-position":"center center","background-size":"auto","background-attachment":"scroll","background-type":"","background-media":"","overlay-type":"","overlay-color":"","overlay-opacity":"","overlay-gradient":""}},"ast-content-background-meta":{"desktop":{"background-color":"var(--ast-global-color-5)","background-image":"","background-repeat":"repeat","background-position":"center center","background-size":"auto","background-attachment":"scroll","background-type":"","background-media":"","overlay-type":"","overlay-color":"","overlay-opacity":"","overlay-gradient":""},"tablet":{"background-color":"var(--ast-global-color-5)","background-image":"","background-repeat":"repeat","background-position":"center center","background-size":"auto","background-attachment":"scroll","background-type":"","background-media":"","overlay-type":"","overlay-color":"","overlay-opacity":"","overlay-gradient":""},"mobile":{"background-color":"var(--ast-global-color-5)","background-image":"","background-repeat":"repeat","background-position":"center center","background-size":"auto","background-attachment":"scroll","background-type":"","background-media":"","overlay-type":"","overlay-color":"","overlay-opacity":"","overlay-gradient":""}},"footnotes":""},"class_list":["post-13063","page","type-page","status-publish","hentry"],"yoast_head":"<!-- This site is optimized with the Yoast SEO plugin v27.1.1 - https:\/\/yoast.com\/product\/yoast-seo-wordpress\/ -->\n<title>Depoimentos sobre o Sistema Brainwave | Alphalearning<\/title>\n<meta name=\"description\" content=\"Hist\u00f3rias reais de pessoas, fam\u00edlias, executivos e atletas que alcan\u00e7aram avan\u00e7os em aprendizagem e bem-estar com o Sistema Brainwave do Alphalearning.\" \/>\n<meta name=\"robots\" content=\"index, follow, max-snippet:-1, max-image-preview:large, max-video-preview:-1\" \/>\n<link rel=\"canonical\" href=\"https:\/\/alphalearning.com\/pt\/comentarios-de-clientes-alphalearning\/familias-e-individuos\/\" \/>\n<meta property=\"og:locale\" content=\"pt_PT\" \/>\n<meta property=\"og:type\" content=\"article\" \/>\n<meta property=\"og:title\" content=\"Depoimentos sobre o Sistema Brainwave | Alphalearning\" \/>\n<meta property=\"og:description\" content=\"Hist\u00f3rias reais de pessoas, fam\u00edlias, executivos e atletas que alcan\u00e7aram avan\u00e7os em aprendizagem e bem-estar com o Sistema Brainwave do Alphalearning.\" \/>\n<meta property=\"og:url\" content=\"https:\/\/alphalearning.com\/pt\/comentarios-de-clientes-alphalearning\/familias-e-individuos\/\" \/>\n<meta property=\"og:site_name\" content=\"Alphalearning International\" \/>\n<meta property=\"article:modified_time\" content=\"2025-01-25T18:34:41+00:00\" \/>\n<meta property=\"og:image\" content=\"https:\/\/alphalearning.com\/wp-content\/uploads\/2024\/04\/alphalearning-logo_red_1200x675px.png\" \/>\n\t<meta property=\"og:image:width\" content=\"1200\" \/>\n\t<meta property=\"og:image:height\" content=\"675\" \/>\n\t<meta property=\"og:image:type\" content=\"image\/png\" \/>\n<meta name=\"twitter:card\" content=\"summary_large_image\" \/>\n<meta name=\"twitter:label1\" content=\"Est. reading time\" \/>\n\t<meta name=\"twitter:data1\" content=\"4 minutes\" \/>\n<!-- \/ Yoast SEO plugin. -->","yoast_head_json":{"title":"Depoimentos sobre o Sistema Brainwave | Alphalearning","description":"Hist\u00f3rias reais de pessoas, fam\u00edlias, executivos e atletas que alcan\u00e7aram avan\u00e7os em aprendizagem e bem-estar com o Sistema Brainwave do Alphalearning.","robots":{"index":"index","follow":"follow","max-snippet":"max-snippet:-1","max-image-preview":"max-image-preview:large","max-video-preview":"max-video-preview:-1"},"canonical":"https:\/\/alphalearning.com\/pt\/comentarios-de-clientes-alphalearning\/familias-e-individuos\/","og_locale":"pt_PT","og_type":"article","og_title":"Depoimentos sobre o Sistema Brainwave | Alphalearning","og_description":"Hist\u00f3rias reais de pessoas, fam\u00edlias, executivos e atletas que alcan\u00e7aram avan\u00e7os em aprendizagem e bem-estar com o Sistema Brainwave do Alphalearning.","og_url":"https:\/\/alphalearning.com\/pt\/comentarios-de-clientes-alphalearning\/familias-e-individuos\/","og_site_name":"Alphalearning International","article_modified_time":"2025-01-25T18:34:41+00:00","og_image":[{"width":1200,"height":675,"url":"https:\/\/alphalearning.com\/wp-content\/uploads\/2024\/04\/alphalearning-logo_red_1200x675px.png","type":"image\/png"}],"twitter_card":"summary_large_image","twitter_misc":{"Est. reading time":"4 minutes"},"schema":{"@context":"https:\/\/schema.org","@graph":[{"@type":"WebPage","@id":"https:\/\/alphalearning.com\/pt\/comentarios-de-clientes-alphalearning\/familias-e-individuos\/","url":"https:\/\/alphalearning.com\/pt\/comentarios-de-clientes-alphalearning\/familias-e-individuos\/","name":"Depoimentos sobre o Sistema Brainwave | Alphalearning","isPartOf":{"@id":"https:\/\/alphalearning.com\/pt\/#website"},"datePublished":"2024-03-27T16:28:30+00:00","dateModified":"2025-01-25T18:34:41+00:00","description":"Hist\u00f3rias reais de pessoas, fam\u00edlias, executivos e atletas que alcan\u00e7aram avan\u00e7os em aprendizagem e bem-estar com o Sistema Brainwave do Alphalearning.","breadcrumb":{"@id":"https:\/\/alphalearning.com\/pt\/comentarios-de-clientes-alphalearning\/familias-e-individuos\/#breadcrumb"},"inLanguage":"pt","potentialAction":[{"@type":"ReadAction","target":["https:\/\/alphalearning.com\/pt\/comentarios-de-clientes-alphalearning\/familias-e-individuos\/"]}]},{"@type":"BreadcrumbList","@id":"https:\/\/alphalearning.com\/pt\/comentarios-de-clientes-alphalearning\/familias-e-individuos\/#breadcrumb","itemListElement":[{"@type":"ListItem","position":1,"name":"Home","item":"https:\/\/alphalearning.com\/pt\/"},{"@type":"ListItem","position":2,"name":"Coment\u00e1rios de Clientes Alphalearning","item":"https:\/\/alphalearning.com\/pt\/comentarios-de-clientes-alphalearning\/"},{"@type":"ListItem","position":3,"name":"Fam\u00edlias"}]},{"@type":"WebSite","@id":"https:\/\/alphalearning.com\/pt\/#website","url":"https:\/\/alphalearning.com\/pt\/","name":"Alphalearning International","description":"the brain training institute","publisher":{"@id":"https:\/\/alphalearning.com\/pt\/#organization"},"potentialAction":[{"@type":"SearchAction","target":{"@type":"EntryPoint","urlTemplate":"https:\/\/alphalearning.com\/pt\/?s={search_term_string}"},"query-input":{"@type":"PropertyValueSpecification","valueRequired":true,"valueName":"search_term_string"}}],"inLanguage":"pt"},{"@type":"Organization","@id":"https:\/\/alphalearning.com\/pt\/#organization","name":"Alphalearning International","url":"https:\/\/alphalearning.com\/pt\/","logo":{"@type":"ImageObject","inLanguage":"pt","@id":"https:\/\/alphalearning.com\/pt\/#\/schema\/logo\/image\/","url":"https:\/\/alphalearning.com\/wp-content\/uploads\/2024\/03\/alphalearning_ico2_512px.png","contentUrl":"https:\/\/alphalearning.com\/wp-content\/uploads\/2024\/03\/alphalearning_ico2_512px.png","width":512,"height":512,"caption":"Alphalearning International"},"image":{"@id":"https:\/\/alphalearning.com\/pt\/#\/schema\/logo\/image\/"}}]}},"uagb_featured_image_src":{"full":false,"thumbnail":false,"medium":false,"medium_large":false,"large":false,"1536x1536":false,"2048x2048":false,"gform-image-choice-sm":false,"gform-image-choice-md":false,"gform-image-choice-lg":false},"uagb_author_info":{"display_name":"Julio Machado","author_link":"https:\/\/alphalearning.com\/pt\/author\/julio-machado\/"},"uagb_comment_info":0,"uagb_excerpt":"Alguns Depoimentos de Clientes do Alphalearning Coment\u00e1rios detalhados est\u00e3o dispon\u00edveis nas p\u00e1ginas a seguir: Alguns Depoimentos de Clientes Corporativos do [&hellip;]","_links":{"self":[{"href":"https:\/\/alphalearning.com\/pt\/wp-json\/wp\/v2\/pages\/13063","targetHints":{"allow":["GET"]}}],"collection":[{"href":"https:\/\/alphalearning.com\/pt\/wp-json\/wp\/v2\/pages"}],"about":[{"href":"https:\/\/alphalearning.com\/pt\/wp-json\/wp\/v2\/types\/page"}],"author":[{"embeddable":true,"href":"https:\/\/alphalearning.com\/pt\/wp-json\/wp\/v2\/users\/2"}],"replies":[{"embeddable":true,"href":"https:\/\/alphalearning.com\/pt\/wp-json\/wp\/v2\/comments?post=13063"}],"version-history":[{"count":2,"href":"https:\/\/alphalearning.com\/pt\/wp-json\/wp\/v2\/pages\/13063\/revisions"}],"predecessor-version":[{"id":14322,"href":"https:\/\/alphalearning.com\/pt\/wp-json\/wp\/v2\/pages\/13063\/revisions\/14322"}],"up":[{"embeddable":true,"href":"https:\/\/alphalearning.com\/pt\/wp-json\/wp\/v2\/pages\/12980"}],"wp:attachment":[{"href":"https:\/\/alphalearning.com\/pt\/wp-json\/wp\/v2\/media?parent=13063"}],"curies":[{"name":"wp","href":"https:\/\/api.w.org\/{rel}","templated":true}]}}