{"id":13049,"date":"2024-03-27T16:27:44","date_gmt":"2024-03-27T16:27:44","guid":{"rendered":"https:\/\/alphalearning.com\/comentarios-de-clientes-alphalearning\/corporacoes-e-executivos\/icl-fujitsu\/"},"modified":"2025-01-25T17:47:52","modified_gmt":"2025-01-25T17:47:52","slug":"icl-fujitsu","status":"publish","type":"page","link":"https:\/\/alphalearning.com\/pt\/comentarios-de-clientes-alphalearning\/corporacoes-e-executivos\/icl-fujitsu\/","title":{"rendered":"ICL Fujitsu"},"content":{"rendered":"\n<div class=\"wp-block-uagb-advanced-heading uagb-block-7638bd1c\"><h1 class=\"uagb-heading-text\">Coment\u00e1rios da ICL Fujitsu<\/h1><\/div>\n\n\n\n<p class=\"has-text-align-center\"><strong>ICL<\/strong><br><strong>International Computers Ltd.<\/strong><br><strong>ICL Benelux B.V.<\/strong><\/p>\n\n\n\n<div class=\"wp-block-uagb-container uagb-block-9615618d alignfull uagb-is-root-container\"><div class=\"uagb-container-inner-blocks-wrap\">\n<p>Para o Alphalearning.<\/p>\n\n\n\n<p>Parab\u00e9ns pelo seu artigo na Forbes.<\/p>\n\n\n\n<p>Segue a cita\u00e7\u00e3o para a revista Forbes sobre o treinamento do Alphalearning na ICL:<\/p>\n\n\n\n<p><em>\u201cA ICL acredita fortemente no desenvolvimento de seus colaboradores.<\/em><\/p>\n\n\n\n<p><em>Para esse fim, s\u00e3o investidos valores consider\u00e1veis em treinamento e educa\u00e7\u00e3o.<\/em><\/p>\n\n\n\n<p><em>Para acelerar o processo de aprendizagem, o Instituto Alphalearning conduziu diversos cursos-piloto de treinamento cerebral e leitura din\u00e2mica em nossa empresa. Toda a equipe de gest\u00e3o, incluindo o CEO, foi treinada. At\u00e9 o momento, o resultado tem sido positivo.<\/em><\/p>\n\n\n\n<p><em>Al\u00e9m disso, n\u00e3o s\u00f3 os instrutores do Alphalearning s\u00e3o recordistas em leitura din\u00e2mica, como tamb\u00e9m desenvolveram um m\u00e9todo \u00fanico para controlar as ondas cerebrais. Isso permite treinar o c\u00e9rebro visando a uma aprendizagem ideal, acelerar o processamento de informa\u00e7\u00f5es, reduzir o estresse e aumentar a criatividade.<\/em><\/p>\n\n\n\n<p><em>Planejamos prosseguir com essa forma de treinamento t\u00e3o radicalmente diferente.\u201d<\/em><\/p>\n\n\n\n<p>Se precisar de mais alguma ajuda, por favor, me avise.<\/p>\n\n\n\n<p>Atenciosamente,<\/p>\n\n\n\n<p><strong>Jan Willem van den Brandhof<\/strong><br><strong>Gerente de Recursos Humanos<\/strong><\/p>\n<\/div><\/div>\n","protected":false},"excerpt":{"rendered":"<p>Coment\u00e1rios da ICL Fujitsu ICLInternational Computers Ltd.ICL Benelux B.V. Para o Alphalearning. Parab\u00e9ns pelo seu artigo na Forbes. Segue a [&hellip;]<\/p>\n","protected":false},"author":2,"featured_media":0,"parent":13018,"menu_order":0,"comment_status":"closed","ping_status":"closed","template":"","meta":{"_uag_custom_page_level_css":"","site-sidebar-layout":"default","site-content-layout":"","ast-site-content-layout":"default","site-content-style":"default","site-sidebar-style":"default","ast-global-header-display":"","ast-banner-title-visibility":"","ast-main-header-display":"","ast-hfb-above-header-display":"","ast-hfb-below-header-display":"","ast-hfb-mobile-header-display":"","site-post-title":"disabled","ast-breadcrumbs-content":"","ast-featured-img":"","footer-sml-layout":"","ast-disable-related-posts":"","theme-transparent-header-meta":"","adv-header-id-meta":"","stick-header-meta":"","header-above-stick-meta":"","header-main-stick-meta":"","header-below-stick-meta":"","astra-migrate-meta-layouts":"default","ast-page-background-enabled":"default","ast-page-background-meta":{"desktop":{"background-color":"var(--ast-global-color-4)","background-image":"","background-repeat":"repeat","background-position":"center center","background-size":"auto","background-attachment":"scroll","background-type":"","background-media":"","overlay-type":"","overlay-color":"","overlay-opacity":"","overlay-gradient":""},"tablet":{"background-color":"","background-image":"","background-repeat":"repeat","background-position":"center center","background-size":"auto","background-attachment":"scroll","background-type":"","background-media":"","overlay-type":"","overlay-color":"","overlay-opacity":"","overlay-gradient":""},"mobile":{"background-color":"","background-image":"","background-repeat":"repeat","background-position":"center center","background-size":"auto","background-attachment":"scroll","background-type":"","background-media":"","overlay-type":"","overlay-color":"","overlay-opacity":"","overlay-gradient":""}},"ast-content-background-meta":{"desktop":{"background-color":"var(--ast-global-color-5)","background-image":"","background-repeat":"repeat","background-position":"center center","background-size":"auto","background-attachment":"scroll","background-type":"","background-media":"","overlay-type":"","overlay-color":"","overlay-opacity":"","overlay-gradient":""},"tablet":{"background-color":"var(--ast-global-color-5)","background-image":"","background-repeat":"repeat","background-position":"center center","background-size":"auto","background-attachment":"scroll","background-type":"","background-media":"","overlay-type":"","overlay-color":"","overlay-opacity":"","overlay-gradient":""},"mobile":{"background-color":"var(--ast-global-color-5)","background-image":"","background-repeat":"repeat","background-position":"center center","background-size":"auto","background-attachment":"scroll","background-type":"","background-media":"","overlay-type":"","overlay-color":"","overlay-opacity":"","overlay-gradient":""}},"footnotes":""},"class_list":["post-13049","page","type-page","status-publish","hentry"],"yoast_head":"<!-- This site is optimized with the Yoast SEO plugin v27.1.1 - https:\/\/yoast.com\/product\/yoast-seo-wordpress\/ -->\n<title>ICL Fujitsu Endossa Alphalearning: Aprendizagem Acelerada<\/title>\n<meta name=\"description\" content=\"ICL Fujitsu mostra como o treinamento cerebral do Alphalearning aprimora a leitura din\u00e2mica, reduz o estresse e impulsiona a criatividade da equipe.\" \/>\n<meta name=\"robots\" content=\"index, follow, max-snippet:-1, max-image-preview:large, max-video-preview:-1\" \/>\n<link rel=\"canonical\" href=\"https:\/\/alphalearning.com\/pt\/comentarios-de-clientes-alphalearning\/corporacoes-e-executivos\/icl-fujitsu\/\" \/>\n<meta property=\"og:locale\" content=\"pt_PT\" \/>\n<meta property=\"og:type\" content=\"article\" \/>\n<meta property=\"og:title\" content=\"ICL Fujitsu Endossa Alphalearning: Aprendizagem Acelerada\" \/>\n<meta property=\"og:description\" content=\"ICL Fujitsu mostra como o treinamento cerebral do Alphalearning aprimora a leitura din\u00e2mica, reduz o estresse e impulsiona a criatividade da equipe.\" \/>\n<meta property=\"og:url\" content=\"https:\/\/alphalearning.com\/pt\/comentarios-de-clientes-alphalearning\/corporacoes-e-executivos\/icl-fujitsu\/\" \/>\n<meta property=\"og:site_name\" content=\"Alphalearning International\" \/>\n<meta property=\"article:modified_time\" content=\"2025-01-25T17:47:52+00:00\" \/>\n<meta property=\"og:image\" content=\"https:\/\/alphalearning.com\/wp-content\/uploads\/2024\/04\/alphalearning-logo_red_1200x675px.png\" \/>\n\t<meta property=\"og:image:width\" content=\"1200\" \/>\n\t<meta property=\"og:image:height\" content=\"675\" \/>\n\t<meta property=\"og:image:type\" content=\"image\/png\" \/>\n<meta name=\"twitter:card\" content=\"summary_large_image\" \/>\n<meta name=\"twitter:label1\" content=\"Est. reading time\" \/>\n\t<meta name=\"twitter:data1\" content=\"1 minute\" \/>\n<!-- \/ Yoast SEO plugin. -->","yoast_head_json":{"title":"ICL Fujitsu Endossa Alphalearning: Aprendizagem Acelerada","description":"ICL Fujitsu mostra como o treinamento cerebral do Alphalearning aprimora a leitura din\u00e2mica, reduz o estresse e impulsiona a criatividade da equipe.","robots":{"index":"index","follow":"follow","max-snippet":"max-snippet:-1","max-image-preview":"max-image-preview:large","max-video-preview":"max-video-preview:-1"},"canonical":"https:\/\/alphalearning.com\/pt\/comentarios-de-clientes-alphalearning\/corporacoes-e-executivos\/icl-fujitsu\/","og_locale":"pt_PT","og_type":"article","og_title":"ICL Fujitsu Endossa Alphalearning: Aprendizagem Acelerada","og_description":"ICL Fujitsu mostra como o treinamento cerebral do Alphalearning aprimora a leitura din\u00e2mica, reduz o estresse e impulsiona a criatividade da equipe.","og_url":"https:\/\/alphalearning.com\/pt\/comentarios-de-clientes-alphalearning\/corporacoes-e-executivos\/icl-fujitsu\/","og_site_name":"Alphalearning International","article_modified_time":"2025-01-25T17:47:52+00:00","og_image":[{"width":1200,"height":675,"url":"https:\/\/alphalearning.com\/wp-content\/uploads\/2024\/04\/alphalearning-logo_red_1200x675px.png","type":"image\/png"}],"twitter_card":"summary_large_image","twitter_misc":{"Est. reading time":"1 minute"},"schema":{"@context":"https:\/\/schema.org","@graph":[{"@type":"WebPage","@id":"https:\/\/alphalearning.com\/pt\/comentarios-de-clientes-alphalearning\/corporacoes-e-executivos\/icl-fujitsu\/","url":"https:\/\/alphalearning.com\/pt\/comentarios-de-clientes-alphalearning\/corporacoes-e-executivos\/icl-fujitsu\/","name":"ICL Fujitsu Endossa Alphalearning: Aprendizagem Acelerada","isPartOf":{"@id":"https:\/\/alphalearning.com\/pt\/#website"},"datePublished":"2024-03-27T16:27:44+00:00","dateModified":"2025-01-25T17:47:52+00:00","description":"ICL Fujitsu mostra como o treinamento cerebral do Alphalearning aprimora a leitura din\u00e2mica, reduz o estresse e impulsiona a criatividade da equipe.","breadcrumb":{"@id":"https:\/\/alphalearning.com\/pt\/comentarios-de-clientes-alphalearning\/corporacoes-e-executivos\/icl-fujitsu\/#breadcrumb"},"inLanguage":"pt","potentialAction":[{"@type":"ReadAction","target":["https:\/\/alphalearning.com\/pt\/comentarios-de-clientes-alphalearning\/corporacoes-e-executivos\/icl-fujitsu\/"]}]},{"@type":"BreadcrumbList","@id":"https:\/\/alphalearning.com\/pt\/comentarios-de-clientes-alphalearning\/corporacoes-e-executivos\/icl-fujitsu\/#breadcrumb","itemListElement":[{"@type":"ListItem","position":1,"name":"Home","item":"https:\/\/alphalearning.com\/pt\/"},{"@type":"ListItem","position":2,"name":"Coment\u00e1rios de Clientes Alphalearning","item":"https:\/\/alphalearning.com\/pt\/comentarios-de-clientes-alphalearning\/"},{"@type":"ListItem","position":3,"name":"Corpora\u00e7\u00f5es","item":"https:\/\/alphalearning.com\/pt\/comentarios-de-clientes-alphalearning\/corporacoes-e-executivos\/"},{"@type":"ListItem","position":4,"name":"ICL Fujitsu"}]},{"@type":"WebSite","@id":"https:\/\/alphalearning.com\/pt\/#website","url":"https:\/\/alphalearning.com\/pt\/","name":"Alphalearning International","description":"the brain training institute","publisher":{"@id":"https:\/\/alphalearning.com\/pt\/#organization"},"potentialAction":[{"@type":"SearchAction","target":{"@type":"EntryPoint","urlTemplate":"https:\/\/alphalearning.com\/pt\/?s={search_term_string}"},"query-input":{"@type":"PropertyValueSpecification","valueRequired":true,"valueName":"search_term_string"}}],"inLanguage":"pt"},{"@type":"Organization","@id":"https:\/\/alphalearning.com\/pt\/#organization","name":"Alphalearning International","url":"https:\/\/alphalearning.com\/pt\/","logo":{"@type":"ImageObject","inLanguage":"pt","@id":"https:\/\/alphalearning.com\/pt\/#\/schema\/logo\/image\/","url":"https:\/\/alphalearning.com\/wp-content\/uploads\/2024\/03\/alphalearning_ico2_512px.png","contentUrl":"https:\/\/alphalearning.com\/wp-content\/uploads\/2024\/03\/alphalearning_ico2_512px.png","width":512,"height":512,"caption":"Alphalearning International"},"image":{"@id":"https:\/\/alphalearning.com\/pt\/#\/schema\/logo\/image\/"}}]}},"uagb_featured_image_src":{"full":false,"thumbnail":false,"medium":false,"medium_large":false,"large":false,"1536x1536":false,"2048x2048":false,"gform-image-choice-sm":false,"gform-image-choice-md":false,"gform-image-choice-lg":false},"uagb_author_info":{"display_name":"Julio Machado","author_link":"https:\/\/alphalearning.com\/pt\/author\/julio-machado\/"},"uagb_comment_info":0,"uagb_excerpt":"Coment\u00e1rios da ICL Fujitsu ICLInternational Computers Ltd.ICL Benelux B.V. Para o Alphalearning. Parab\u00e9ns pelo seu artigo na Forbes. Segue a [&hellip;]","_links":{"self":[{"href":"https:\/\/alphalearning.com\/pt\/wp-json\/wp\/v2\/pages\/13049","targetHints":{"allow":["GET"]}}],"collection":[{"href":"https:\/\/alphalearning.com\/pt\/wp-json\/wp\/v2\/pages"}],"about":[{"href":"https:\/\/alphalearning.com\/pt\/wp-json\/wp\/v2\/types\/page"}],"author":[{"embeddable":true,"href":"https:\/\/alphalearning.com\/pt\/wp-json\/wp\/v2\/users\/2"}],"replies":[{"embeddable":true,"href":"https:\/\/alphalearning.com\/pt\/wp-json\/wp\/v2\/comments?post=13049"}],"version-history":[{"count":2,"href":"https:\/\/alphalearning.com\/pt\/wp-json\/wp\/v2\/pages\/13049\/revisions"}],"predecessor-version":[{"id":14308,"href":"https:\/\/alphalearning.com\/pt\/wp-json\/wp\/v2\/pages\/13049\/revisions\/14308"}],"up":[{"embeddable":true,"href":"https:\/\/alphalearning.com\/pt\/wp-json\/wp\/v2\/pages\/13018"}],"wp:attachment":[{"href":"https:\/\/alphalearning.com\/pt\/wp-json\/wp\/v2\/media?parent=13049"}],"curies":[{"name":"wp","href":"https:\/\/api.w.org\/{rel}","templated":true}]}}