{"id":13041,"date":"2024-03-27T16:27:25","date_gmt":"2024-03-27T16:27:25","guid":{"rendered":"https:\/\/alphalearning.com\/comentarios-de-clientes-alphalearning\/corporacoes-e-executivos\/holland-parliament\/"},"modified":"2025-01-25T17:58:43","modified_gmt":"2025-01-25T17:58:43","slug":"parlamento-holandes","status":"publish","type":"page","link":"https:\/\/alphalearning.com\/pt\/comentarios-de-clientes-alphalearning\/corporacoes-e-executivos\/parlamento-holandes\/","title":{"rendered":"Parlamento Holand\u00eas"},"content":{"rendered":"\n<div class=\"wp-block-uagb-advanced-heading uagb-block-134b8a78\"><h1 class=\"uagb-heading-text\">Coment\u00e1rios do Parlamento Holand\u00eas<\/h1><\/div>\n\n\n\n<p class=\"has-text-align-center\"><strong>Sra. Monique Quint \u2013 Membro do Parlamento<\/strong><br><strong>Segunda C\u00e2mara dos Estados Gerais<\/strong><br><strong>Holanda<\/strong><\/p>\n\n\n\n<div class=\"wp-block-uagb-container uagb-block-8da828a7 alignfull uagb-is-root-container\"><div class=\"uagb-container-inner-blocks-wrap\">\n<p>Ao Alphalearning,<\/p>\n\n\n\n<p>Segue minha ideia de abordagem ao governo para estimular o interesse em habilidades de aprendizagem:<\/p>\n\n\n\n<p><em>\u201cIndo diretamente ao ponto: o conhecimento e a compet\u00eancia do Instituto Alphalearning s\u00e3o de import\u00e2ncia consider\u00e1vel para nossa sociedade e precisam ser amplamente divulgados.<\/em><\/p>\n\n\n\n<p><em>Gerenciar eficazmente a capacidade cerebral durante o estudo e a aprendizagem agora est\u00e1 ao alcance de todos \u2014 gra\u00e7as ao m\u00e9todo desenvolvido pelo Instituto. O c\u00e9rebro, como \u00f3rg\u00e3o central do corpo, pode ser treinado para melhorar seu desempenho e sua capacidade. Com o treinamento de ondas cerebrais \u2014 para o qual o Instituto desenvolveu software e equipamentos t\u00e9cnicos \u2014 as pessoas podem aprimorar sua forma de atuar tanto no trabalho quanto na vida particular.<\/em><\/p>\n\n\n\n<p><em>Durante o curso, percebi at\u00e9 que ponto isso \u00e9 poss\u00edvel, por meio de exemplos envolvendo adultos e crian\u00e7as. O potencial de aprendizagem e as habilidades de comunica\u00e7\u00e3o podem ser perceptivelmente influenciados pelo m\u00e9todo do Alphalearning. Transtornos decorrentes de danos cerebrais (assim como bloqueios emocionais que resultam em graves disfun\u00e7\u00f5es f\u00edsicas) podem ser visualizados e controlados gra\u00e7as ao conhecimento e aos recursos t\u00e9cnicos do Instituto. Desse modo, \u00e9 poss\u00edvel aprender a lidar com limita\u00e7\u00f5es f\u00edsicas por meio do treinamento do c\u00e9rebro e do gerenciamento das fun\u00e7\u00f5es cerebrais envolvidas, reduzindo consideravelmente a dor e o sofrimento habituais.<\/em><\/p>\n\n\n\n<p><em>Quem \u00e9 respons\u00e1vel pelo bem-estar de outras pessoas pode melhorar seu desempenho ao conhecer melhor o corpo e, principalmente, o c\u00e9rebro. Crian\u00e7as cujos resultados escolares ficam aqu\u00e9m do esperado ou que possuam defici\u00eancia mental podem agora \u2014 gra\u00e7as ao conhecimento espec\u00edfico do Instituto \u2014 ser examinadas e diagnosticadas a partir de um m\u00e9todo totalmente novo.<\/em><\/p>\n\n\n\n<p><em>O Instituto utiliza tratamentos e m\u00e9todos de diagn\u00f3stico diferentes dos convencionais \u2014 e testemunhei exemplos marcantes disso durante o curso. Tamb\u00e9m \u00e9 impressionante ver as ondas cerebrais sendo tornadas vis\u00edveis e percebidas. Com pr\u00e1tica e treinamento, o aluno aprende a control\u00e1-las.<\/em><\/p>\n\n\n\n<p><em>Avaliar como esse conhecimento pode ser aplicado a pessoas que sofrem as consequ\u00eancias de danos cerebrais ou a dist\u00farbios que afetam as habilidades mentais com o avan\u00e7o da idade j\u00e1 est\u00e1 mais do que atrasado. Eu diria que chegou a hora de um estudo aprofundado sobre o assunto.<\/em><\/p>\n\n\n\n<p><em>A vis\u00e3o fundamentada do Instituto \u2014 de que o c\u00e9rebro pode ser treinado e desenvolvido como qualquer outro \u00f3rg\u00e3o do corpo humano \u2014 oferece novas perspectivas a muitos de n\u00f3s, desde que se treine de forma eficaz. As implica\u00e7\u00f5es de um novo m\u00e9todo de aprendizagem para a educa\u00e7\u00e3o e sua efic\u00e1cia s\u00e3o imensas.<\/em><\/p>\n\n\n\n<p><em>Gra\u00e7as ao conhecimento do Instituto, alunos e professores podem agora descobrir a melhor maneira de estudar, concentrar-se e absorver informa\u00e7\u00f5es de forma eficaz. Qualquer pessoa envolvida em educa\u00e7\u00e3o deveria ter acesso a esse conhecimento.\u201d<\/em><\/p>\n\n\n\n<p><strong>Monique Quint, Membro da Segunda C\u00e2mara dos Estados Gerais \u2013 Holanda, ret<\/strong><\/p>\n<\/div><\/div>\n","protected":false},"excerpt":{"rendered":"<p>Coment\u00e1rios do Parlamento Holand\u00eas Sra. Monique Quint \u2013 Membro do ParlamentoSegunda C\u00e2mara dos Estados GeraisHolanda Ao Alphalearning, Segue minha ideia [&hellip;]<\/p>\n","protected":false},"author":2,"featured_media":0,"parent":13018,"menu_order":0,"comment_status":"closed","ping_status":"closed","template":"","meta":{"_uag_custom_page_level_css":"","site-sidebar-layout":"default","site-content-layout":"","ast-site-content-layout":"default","site-content-style":"default","site-sidebar-style":"default","ast-global-header-display":"","ast-banner-title-visibility":"","ast-main-header-display":"","ast-hfb-above-header-display":"","ast-hfb-below-header-display":"","ast-hfb-mobile-header-display":"","site-post-title":"disabled","ast-breadcrumbs-content":"","ast-featured-img":"","footer-sml-layout":"","ast-disable-related-posts":"","theme-transparent-header-meta":"","adv-header-id-meta":"","stick-header-meta":"","header-above-stick-meta":"","header-main-stick-meta":"","header-below-stick-meta":"","astra-migrate-meta-layouts":"default","ast-page-background-enabled":"default","ast-page-background-meta":{"desktop":{"background-color":"var(--ast-global-color-4)","background-image":"","background-repeat":"repeat","background-position":"center center","background-size":"auto","background-attachment":"scroll","background-type":"","background-media":"","overlay-type":"","overlay-color":"","overlay-opacity":"","overlay-gradient":""},"tablet":{"background-color":"","background-image":"","background-repeat":"repeat","background-position":"center center","background-size":"auto","background-attachment":"scroll","background-type":"","background-media":"","overlay-type":"","overlay-color":"","overlay-opacity":"","overlay-gradient":""},"mobile":{"background-color":"","background-image":"","background-repeat":"repeat","background-position":"center center","background-size":"auto","background-attachment":"scroll","background-type":"","background-media":"","overlay-type":"","overlay-color":"","overlay-opacity":"","overlay-gradient":""}},"ast-content-background-meta":{"desktop":{"background-color":"var(--ast-global-color-5)","background-image":"","background-repeat":"repeat","background-position":"center center","background-size":"auto","background-attachment":"scroll","background-type":"","background-media":"","overlay-type":"","overlay-color":"","overlay-opacity":"","overlay-gradient":""},"tablet":{"background-color":"var(--ast-global-color-5)","background-image":"","background-repeat":"repeat","background-position":"center center","background-size":"auto","background-attachment":"scroll","background-type":"","background-media":"","overlay-type":"","overlay-color":"","overlay-opacity":"","overlay-gradient":""},"mobile":{"background-color":"var(--ast-global-color-5)","background-image":"","background-repeat":"repeat","background-position":"center center","background-size":"auto","background-attachment":"scroll","background-type":"","background-media":"","overlay-type":"","overlay-color":"","overlay-opacity":"","overlay-gradient":""}},"footnotes":""},"class_list":["post-13041","page","type-page","status-publish","hentry"],"yoast_head":"<!-- This site is optimized with the Yoast SEO plugin v27.1.1 - https:\/\/yoast.com\/product\/yoast-seo-wordpress\/ -->\n<title>Endosso do Parlamento Holand\u00eas | Alphalearning Internacional<\/title>\n<meta name=\"description\" content=\"Descubra como o Parlamento Holand\u00eas reconhece a abordagem inovadora de ondas cerebrais do Alphalearning, promovendo solu\u00e7\u00f5es transformadoras.\" \/>\n<meta name=\"robots\" content=\"index, follow, max-snippet:-1, max-image-preview:large, max-video-preview:-1\" \/>\n<link rel=\"canonical\" href=\"https:\/\/alphalearning.com\/pt\/comentarios-de-clientes-alphalearning\/corporacoes-e-executivos\/parlamento-holandes\/\" \/>\n<meta property=\"og:locale\" content=\"pt_PT\" \/>\n<meta property=\"og:type\" content=\"article\" \/>\n<meta property=\"og:title\" content=\"Endosso do Parlamento Holand\u00eas | Alphalearning Internacional\" \/>\n<meta property=\"og:description\" content=\"Descubra como o Parlamento Holand\u00eas reconhece a abordagem inovadora de ondas cerebrais do Alphalearning, promovendo solu\u00e7\u00f5es transformadoras.\" \/>\n<meta property=\"og:url\" content=\"https:\/\/alphalearning.com\/pt\/comentarios-de-clientes-alphalearning\/corporacoes-e-executivos\/parlamento-holandes\/\" \/>\n<meta property=\"og:site_name\" content=\"Alphalearning International\" \/>\n<meta property=\"article:modified_time\" content=\"2025-01-25T17:58:43+00:00\" \/>\n<meta property=\"og:image\" content=\"https:\/\/alphalearning.com\/wp-content\/uploads\/2024\/04\/alphalearning-logo_red_1200x675px.png\" \/>\n\t<meta property=\"og:image:width\" content=\"1200\" \/>\n\t<meta property=\"og:image:height\" content=\"675\" \/>\n\t<meta property=\"og:image:type\" content=\"image\/png\" \/>\n<meta name=\"twitter:card\" content=\"summary_large_image\" \/>\n<meta name=\"twitter:label1\" content=\"Est. reading time\" \/>\n\t<meta name=\"twitter:data1\" content=\"3 minutes\" \/>\n<!-- \/ Yoast SEO plugin. -->","yoast_head_json":{"title":"Endosso do Parlamento Holand\u00eas | Alphalearning Internacional","description":"Descubra como o Parlamento Holand\u00eas reconhece a abordagem inovadora de ondas cerebrais do Alphalearning, promovendo solu\u00e7\u00f5es transformadoras.","robots":{"index":"index","follow":"follow","max-snippet":"max-snippet:-1","max-image-preview":"max-image-preview:large","max-video-preview":"max-video-preview:-1"},"canonical":"https:\/\/alphalearning.com\/pt\/comentarios-de-clientes-alphalearning\/corporacoes-e-executivos\/parlamento-holandes\/","og_locale":"pt_PT","og_type":"article","og_title":"Endosso do Parlamento Holand\u00eas | Alphalearning Internacional","og_description":"Descubra como o Parlamento Holand\u00eas reconhece a abordagem inovadora de ondas cerebrais do Alphalearning, promovendo solu\u00e7\u00f5es transformadoras.","og_url":"https:\/\/alphalearning.com\/pt\/comentarios-de-clientes-alphalearning\/corporacoes-e-executivos\/parlamento-holandes\/","og_site_name":"Alphalearning International","article_modified_time":"2025-01-25T17:58:43+00:00","og_image":[{"width":1200,"height":675,"url":"https:\/\/alphalearning.com\/wp-content\/uploads\/2024\/04\/alphalearning-logo_red_1200x675px.png","type":"image\/png"}],"twitter_card":"summary_large_image","twitter_misc":{"Est. reading time":"3 minutes"},"schema":{"@context":"https:\/\/schema.org","@graph":[{"@type":"WebPage","@id":"https:\/\/alphalearning.com\/pt\/comentarios-de-clientes-alphalearning\/corporacoes-e-executivos\/parlamento-holandes\/","url":"https:\/\/alphalearning.com\/pt\/comentarios-de-clientes-alphalearning\/corporacoes-e-executivos\/parlamento-holandes\/","name":"Endosso do Parlamento Holand\u00eas | Alphalearning Internacional","isPartOf":{"@id":"https:\/\/alphalearning.com\/pt\/#website"},"datePublished":"2024-03-27T16:27:25+00:00","dateModified":"2025-01-25T17:58:43+00:00","description":"Descubra como o Parlamento Holand\u00eas reconhece a abordagem inovadora de ondas cerebrais do Alphalearning, promovendo solu\u00e7\u00f5es transformadoras.","breadcrumb":{"@id":"https:\/\/alphalearning.com\/pt\/comentarios-de-clientes-alphalearning\/corporacoes-e-executivos\/parlamento-holandes\/#breadcrumb"},"inLanguage":"pt","potentialAction":[{"@type":"ReadAction","target":["https:\/\/alphalearning.com\/pt\/comentarios-de-clientes-alphalearning\/corporacoes-e-executivos\/parlamento-holandes\/"]}]},{"@type":"BreadcrumbList","@id":"https:\/\/alphalearning.com\/pt\/comentarios-de-clientes-alphalearning\/corporacoes-e-executivos\/parlamento-holandes\/#breadcrumb","itemListElement":[{"@type":"ListItem","position":1,"name":"Home","item":"https:\/\/alphalearning.com\/pt\/"},{"@type":"ListItem","position":2,"name":"Coment\u00e1rios de Clientes Alphalearning","item":"https:\/\/alphalearning.com\/pt\/comentarios-de-clientes-alphalearning\/"},{"@type":"ListItem","position":3,"name":"Corpora\u00e7\u00f5es","item":"https:\/\/alphalearning.com\/pt\/comentarios-de-clientes-alphalearning\/corporacoes-e-executivos\/"},{"@type":"ListItem","position":4,"name":"Parlamento Holand\u00eas"}]},{"@type":"WebSite","@id":"https:\/\/alphalearning.com\/pt\/#website","url":"https:\/\/alphalearning.com\/pt\/","name":"Alphalearning International","description":"the brain training institute","publisher":{"@id":"https:\/\/alphalearning.com\/pt\/#organization"},"potentialAction":[{"@type":"SearchAction","target":{"@type":"EntryPoint","urlTemplate":"https:\/\/alphalearning.com\/pt\/?s={search_term_string}"},"query-input":{"@type":"PropertyValueSpecification","valueRequired":true,"valueName":"search_term_string"}}],"inLanguage":"pt"},{"@type":"Organization","@id":"https:\/\/alphalearning.com\/pt\/#organization","name":"Alphalearning International","url":"https:\/\/alphalearning.com\/pt\/","logo":{"@type":"ImageObject","inLanguage":"pt","@id":"https:\/\/alphalearning.com\/pt\/#\/schema\/logo\/image\/","url":"https:\/\/alphalearning.com\/wp-content\/uploads\/2024\/03\/alphalearning_ico2_512px.png","contentUrl":"https:\/\/alphalearning.com\/wp-content\/uploads\/2024\/03\/alphalearning_ico2_512px.png","width":512,"height":512,"caption":"Alphalearning International"},"image":{"@id":"https:\/\/alphalearning.com\/pt\/#\/schema\/logo\/image\/"}}]}},"uagb_featured_image_src":{"full":false,"thumbnail":false,"medium":false,"medium_large":false,"large":false,"1536x1536":false,"2048x2048":false,"gform-image-choice-sm":false,"gform-image-choice-md":false,"gform-image-choice-lg":false},"uagb_author_info":{"display_name":"Julio Machado","author_link":"https:\/\/alphalearning.com\/pt\/author\/julio-machado\/"},"uagb_comment_info":0,"uagb_excerpt":"Coment\u00e1rios do Parlamento Holand\u00eas Sra. Monique Quint \u2013 Membro do ParlamentoSegunda C\u00e2mara dos Estados GeraisHolanda Ao Alphalearning, Segue minha ideia [&hellip;]","_links":{"self":[{"href":"https:\/\/alphalearning.com\/pt\/wp-json\/wp\/v2\/pages\/13041","targetHints":{"allow":["GET"]}}],"collection":[{"href":"https:\/\/alphalearning.com\/pt\/wp-json\/wp\/v2\/pages"}],"about":[{"href":"https:\/\/alphalearning.com\/pt\/wp-json\/wp\/v2\/types\/page"}],"author":[{"embeddable":true,"href":"https:\/\/alphalearning.com\/pt\/wp-json\/wp\/v2\/users\/2"}],"replies":[{"embeddable":true,"href":"https:\/\/alphalearning.com\/pt\/wp-json\/wp\/v2\/comments?post=13041"}],"version-history":[{"count":2,"href":"https:\/\/alphalearning.com\/pt\/wp-json\/wp\/v2\/pages\/13041\/revisions"}],"predecessor-version":[{"id":14310,"href":"https:\/\/alphalearning.com\/pt\/wp-json\/wp\/v2\/pages\/13041\/revisions\/14310"}],"up":[{"embeddable":true,"href":"https:\/\/alphalearning.com\/pt\/wp-json\/wp\/v2\/pages\/13018"}],"wp:attachment":[{"href":"https:\/\/alphalearning.com\/pt\/wp-json\/wp\/v2\/media?parent=13041"}],"curies":[{"name":"wp","href":"https:\/\/api.w.org\/{rel}","templated":true}]}}