{"id":13034,"date":"2024-03-27T16:27:07","date_gmt":"2024-03-27T16:27:07","guid":{"rendered":"https:\/\/alphalearning.com\/comentarios-de-clientes-alphalearning\/corporacoes-e-executivos\/henkel\/"},"modified":"2025-01-25T17:36:19","modified_gmt":"2025-01-25T17:36:19","slug":"henkel","status":"publish","type":"page","link":"https:\/\/alphalearning.com\/pt\/comentarios-de-clientes-alphalearning\/corporacoes-e-executivos\/henkel\/","title":{"rendered":"Henkel"},"content":{"rendered":"\n<div class=\"wp-block-uagb-advanced-heading uagb-block-837d31b9\"><h1 class=\"uagb-heading-text\">Coment\u00e1rios da Henkel<\/h1><\/div>\n\n\n\n<p class=\"has-text-align-center\"><strong>Henkel KGaA<\/strong><br><strong>Treinamento Internacional de Gest\u00e3o<\/strong><br><strong>Alemanha<\/strong><\/p>\n\n\n\n<div class=\"wp-block-uagb-container uagb-block-f0158ee3 alignfull uagb-is-root-container\"><div class=\"uagb-container-inner-blocks-wrap\">\n<p>Para o Alphalearning,<\/p>\n\n\n\n<p>A seguinte cita\u00e7\u00e3o foi fornecida \u00e0 revista Forbes para o artigo que est\u00e3o preparando sobre o sistema de treinamento Alphalearning e nossas experi\u00eancias aqui na Henkel.<\/p>\n\n\n\n<p>Espero que atenda \u00e0s suas expectativas.<br><\/p>\n\n\n\n<p><em>\u201cConvidamos o Instituto Alphalearning para apresentar uma demonstra\u00e7\u00e3o de seu m\u00e9todo.<\/em><\/p>\n\n\n\n<p><em>Isso foi motivado por um feedback excepcionalmente positivo de dois gerentes que participaram do treinamento.<\/em><\/p>\n\n\n\n<p><em>Tivemos a impress\u00e3o de que se tratava de um m\u00e9todo promissor para aumentar significativamente a velocidade de leitura dos executivos.<\/em><\/p>\n\n\n\n<p><em>Assim, poder\u00edamos contribuir para uma melhor gest\u00e3o de tempo, redu\u00e7\u00e3o de estresse e aumento de efici\u00eancia.<\/em><\/p>\n\n\n\n<p><em>Diante disso, organizamos com sucesso um semin\u00e1rio-piloto e diversos outros semin\u00e1rios.<\/em><\/p>\n\n\n\n<p><em>Os participantes conseguiram aumentar sua velocidade de leitura, \u00e0s vezes de forma consider\u00e1vel, com \u00edndices de 300% ou mais.<\/em><\/p>\n\n\n\n<p><em>E n\u00e3o foi um sucesso de curto prazo. Os semin\u00e1rios continuar\u00e3o ocorrendo.\u201d<\/em><\/p>\n\n\n\n<p>Obrigado pela assist\u00eancia que nos foi dada at\u00e9 agora e desejamos sucesso com o artigo da Forbes.<\/p>\n\n\n\n<p>Atenciosamente,<\/p>\n\n\n\n<p><strong>Vijay Kothari \u2013 Director of training<\/strong><\/p>\n<\/div><\/div>\n","protected":false},"excerpt":{"rendered":"<p>Coment\u00e1rios da Henkel Henkel KGaATreinamento Internacional de Gest\u00e3oAlemanha Para o Alphalearning, A seguinte cita\u00e7\u00e3o foi fornecida \u00e0 revista Forbes para [&hellip;]<\/p>\n","protected":false},"author":2,"featured_media":0,"parent":13018,"menu_order":0,"comment_status":"closed","ping_status":"closed","template":"","meta":{"_uag_custom_page_level_css":"","site-sidebar-layout":"default","site-content-layout":"","ast-site-content-layout":"default","site-content-style":"default","site-sidebar-style":"default","ast-global-header-display":"","ast-banner-title-visibility":"","ast-main-header-display":"","ast-hfb-above-header-display":"","ast-hfb-below-header-display":"","ast-hfb-mobile-header-display":"","site-post-title":"disabled","ast-breadcrumbs-content":"","ast-featured-img":"","footer-sml-layout":"","ast-disable-related-posts":"","theme-transparent-header-meta":"","adv-header-id-meta":"","stick-header-meta":"","header-above-stick-meta":"","header-main-stick-meta":"","header-below-stick-meta":"","astra-migrate-meta-layouts":"default","ast-page-background-enabled":"default","ast-page-background-meta":{"desktop":{"background-color":"var(--ast-global-color-4)","background-image":"","background-repeat":"repeat","background-position":"center center","background-size":"auto","background-attachment":"scroll","background-type":"","background-media":"","overlay-type":"","overlay-color":"","overlay-opacity":"","overlay-gradient":""},"tablet":{"background-color":"","background-image":"","background-repeat":"repeat","background-position":"center center","background-size":"auto","background-attachment":"scroll","background-type":"","background-media":"","overlay-type":"","overlay-color":"","overlay-opacity":"","overlay-gradient":""},"mobile":{"background-color":"","background-image":"","background-repeat":"repeat","background-position":"center center","background-size":"auto","background-attachment":"scroll","background-type":"","background-media":"","overlay-type":"","overlay-color":"","overlay-opacity":"","overlay-gradient":""}},"ast-content-background-meta":{"desktop":{"background-color":"var(--ast-global-color-5)","background-image":"","background-repeat":"repeat","background-position":"center center","background-size":"auto","background-attachment":"scroll","background-type":"","background-media":"","overlay-type":"","overlay-color":"","overlay-opacity":"","overlay-gradient":""},"tablet":{"background-color":"var(--ast-global-color-5)","background-image":"","background-repeat":"repeat","background-position":"center center","background-size":"auto","background-attachment":"scroll","background-type":"","background-media":"","overlay-type":"","overlay-color":"","overlay-opacity":"","overlay-gradient":""},"mobile":{"background-color":"var(--ast-global-color-5)","background-image":"","background-repeat":"repeat","background-position":"center center","background-size":"auto","background-attachment":"scroll","background-type":"","background-media":"","overlay-type":"","overlay-color":"","overlay-opacity":"","overlay-gradient":""}},"footnotes":""},"class_list":["post-13034","page","type-page","status-publish","hentry"],"yoast_head":"<!-- This site is optimized with the Yoast SEO plugin v27.1.1 - https:\/\/yoast.com\/product\/yoast-seo-wordpress\/ -->\n<title>Sucesso da Henkel com o Alphalearning: Aumento de 300% na Leitura<\/title>\n<meta name=\"description\" content=\"Descubra como gerentes da Henkel aumentaram a velocidade de leitura em 300% com o treinamento inovador do Alphalearning, garantindo resultados duradouros.\" \/>\n<meta name=\"robots\" content=\"index, follow, max-snippet:-1, max-image-preview:large, max-video-preview:-1\" \/>\n<link rel=\"canonical\" href=\"https:\/\/alphalearning.com\/pt\/comentarios-de-clientes-alphalearning\/corporacoes-e-executivos\/henkel\/\" \/>\n<meta property=\"og:locale\" content=\"pt_PT\" \/>\n<meta property=\"og:type\" content=\"article\" \/>\n<meta property=\"og:title\" content=\"Sucesso da Henkel com o Alphalearning: Aumento de 300% na Leitura\" \/>\n<meta property=\"og:description\" content=\"Descubra como gerentes da Henkel aumentaram a velocidade de leitura em 300% com o treinamento inovador do Alphalearning, garantindo resultados duradouros.\" \/>\n<meta property=\"og:url\" content=\"https:\/\/alphalearning.com\/pt\/comentarios-de-clientes-alphalearning\/corporacoes-e-executivos\/henkel\/\" \/>\n<meta property=\"og:site_name\" content=\"Alphalearning International\" \/>\n<meta property=\"article:modified_time\" content=\"2025-01-25T17:36:19+00:00\" \/>\n<meta property=\"og:image\" content=\"https:\/\/alphalearning.com\/wp-content\/uploads\/2024\/04\/alphalearning-logo_red_1200x675px.png\" \/>\n\t<meta property=\"og:image:width\" content=\"1200\" \/>\n\t<meta property=\"og:image:height\" content=\"675\" \/>\n\t<meta property=\"og:image:type\" content=\"image\/png\" \/>\n<meta name=\"twitter:card\" content=\"summary_large_image\" \/>\n<meta name=\"twitter:label1\" content=\"Est. reading time\" \/>\n\t<meta name=\"twitter:data1\" content=\"1 minute\" \/>\n<!-- \/ Yoast SEO plugin. -->","yoast_head_json":{"title":"Sucesso da Henkel com o Alphalearning: Aumento de 300% na Leitura","description":"Descubra como gerentes da Henkel aumentaram a velocidade de leitura em 300% com o treinamento inovador do Alphalearning, garantindo resultados duradouros.","robots":{"index":"index","follow":"follow","max-snippet":"max-snippet:-1","max-image-preview":"max-image-preview:large","max-video-preview":"max-video-preview:-1"},"canonical":"https:\/\/alphalearning.com\/pt\/comentarios-de-clientes-alphalearning\/corporacoes-e-executivos\/henkel\/","og_locale":"pt_PT","og_type":"article","og_title":"Sucesso da Henkel com o Alphalearning: Aumento de 300% na Leitura","og_description":"Descubra como gerentes da Henkel aumentaram a velocidade de leitura em 300% com o treinamento inovador do Alphalearning, garantindo resultados duradouros.","og_url":"https:\/\/alphalearning.com\/pt\/comentarios-de-clientes-alphalearning\/corporacoes-e-executivos\/henkel\/","og_site_name":"Alphalearning International","article_modified_time":"2025-01-25T17:36:19+00:00","og_image":[{"width":1200,"height":675,"url":"https:\/\/alphalearning.com\/wp-content\/uploads\/2024\/04\/alphalearning-logo_red_1200x675px.png","type":"image\/png"}],"twitter_card":"summary_large_image","twitter_misc":{"Est. reading time":"1 minute"},"schema":{"@context":"https:\/\/schema.org","@graph":[{"@type":"WebPage","@id":"https:\/\/alphalearning.com\/pt\/comentarios-de-clientes-alphalearning\/corporacoes-e-executivos\/henkel\/","url":"https:\/\/alphalearning.com\/pt\/comentarios-de-clientes-alphalearning\/corporacoes-e-executivos\/henkel\/","name":"Sucesso da Henkel com o Alphalearning: Aumento de 300% na Leitura","isPartOf":{"@id":"https:\/\/alphalearning.com\/pt\/#website"},"datePublished":"2024-03-27T16:27:07+00:00","dateModified":"2025-01-25T17:36:19+00:00","description":"Descubra como gerentes da Henkel aumentaram a velocidade de leitura em 300% com o treinamento inovador do Alphalearning, garantindo resultados duradouros.","breadcrumb":{"@id":"https:\/\/alphalearning.com\/pt\/comentarios-de-clientes-alphalearning\/corporacoes-e-executivos\/henkel\/#breadcrumb"},"inLanguage":"pt","potentialAction":[{"@type":"ReadAction","target":["https:\/\/alphalearning.com\/pt\/comentarios-de-clientes-alphalearning\/corporacoes-e-executivos\/henkel\/"]}]},{"@type":"BreadcrumbList","@id":"https:\/\/alphalearning.com\/pt\/comentarios-de-clientes-alphalearning\/corporacoes-e-executivos\/henkel\/#breadcrumb","itemListElement":[{"@type":"ListItem","position":1,"name":"Home","item":"https:\/\/alphalearning.com\/pt\/"},{"@type":"ListItem","position":2,"name":"Coment\u00e1rios de Clientes Alphalearning","item":"https:\/\/alphalearning.com\/pt\/comentarios-de-clientes-alphalearning\/"},{"@type":"ListItem","position":3,"name":"Corpora\u00e7\u00f5es","item":"https:\/\/alphalearning.com\/pt\/comentarios-de-clientes-alphalearning\/corporacoes-e-executivos\/"},{"@type":"ListItem","position":4,"name":"Henkel"}]},{"@type":"WebSite","@id":"https:\/\/alphalearning.com\/pt\/#website","url":"https:\/\/alphalearning.com\/pt\/","name":"Alphalearning International","description":"the brain training institute","publisher":{"@id":"https:\/\/alphalearning.com\/pt\/#organization"},"potentialAction":[{"@type":"SearchAction","target":{"@type":"EntryPoint","urlTemplate":"https:\/\/alphalearning.com\/pt\/?s={search_term_string}"},"query-input":{"@type":"PropertyValueSpecification","valueRequired":true,"valueName":"search_term_string"}}],"inLanguage":"pt"},{"@type":"Organization","@id":"https:\/\/alphalearning.com\/pt\/#organization","name":"Alphalearning International","url":"https:\/\/alphalearning.com\/pt\/","logo":{"@type":"ImageObject","inLanguage":"pt","@id":"https:\/\/alphalearning.com\/pt\/#\/schema\/logo\/image\/","url":"https:\/\/alphalearning.com\/wp-content\/uploads\/2024\/03\/alphalearning_ico2_512px.png","contentUrl":"https:\/\/alphalearning.com\/wp-content\/uploads\/2024\/03\/alphalearning_ico2_512px.png","width":512,"height":512,"caption":"Alphalearning International"},"image":{"@id":"https:\/\/alphalearning.com\/pt\/#\/schema\/logo\/image\/"}}]}},"uagb_featured_image_src":{"full":false,"thumbnail":false,"medium":false,"medium_large":false,"large":false,"1536x1536":false,"2048x2048":false,"gform-image-choice-sm":false,"gform-image-choice-md":false,"gform-image-choice-lg":false},"uagb_author_info":{"display_name":"Julio Machado","author_link":"https:\/\/alphalearning.com\/pt\/author\/julio-machado\/"},"uagb_comment_info":0,"uagb_excerpt":"Coment\u00e1rios da Henkel Henkel KGaATreinamento Internacional de Gest\u00e3oAlemanha Para o Alphalearning, A seguinte cita\u00e7\u00e3o foi fornecida \u00e0 revista Forbes para [&hellip;]","_links":{"self":[{"href":"https:\/\/alphalearning.com\/pt\/wp-json\/wp\/v2\/pages\/13034","targetHints":{"allow":["GET"]}}],"collection":[{"href":"https:\/\/alphalearning.com\/pt\/wp-json\/wp\/v2\/pages"}],"about":[{"href":"https:\/\/alphalearning.com\/pt\/wp-json\/wp\/v2\/types\/page"}],"author":[{"embeddable":true,"href":"https:\/\/alphalearning.com\/pt\/wp-json\/wp\/v2\/users\/2"}],"replies":[{"embeddable":true,"href":"https:\/\/alphalearning.com\/pt\/wp-json\/wp\/v2\/comments?post=13034"}],"version-history":[{"count":2,"href":"https:\/\/alphalearning.com\/pt\/wp-json\/wp\/v2\/pages\/13034\/revisions"}],"predecessor-version":[{"id":14300,"href":"https:\/\/alphalearning.com\/pt\/wp-json\/wp\/v2\/pages\/13034\/revisions\/14300"}],"up":[{"embeddable":true,"href":"https:\/\/alphalearning.com\/pt\/wp-json\/wp\/v2\/pages\/13018"}],"wp:attachment":[{"href":"https:\/\/alphalearning.com\/pt\/wp-json\/wp\/v2\/media?parent=13034"}],"curies":[{"name":"wp","href":"https:\/\/api.w.org\/{rel}","templated":true}]}}