{"id":13026,"date":"2024-03-27T16:26:51","date_gmt":"2024-03-27T16:26:51","guid":{"rendered":"https:\/\/alphalearning.com\/comentarios-de-clientes-alphalearning\/corporacoes-e-executivos\/abp-pension-fund\/"},"modified":"2025-06-14T10:05:00","modified_gmt":"2025-06-14T09:05:00","slug":"fundo-de-pensao-abp","status":"publish","type":"page","link":"https:\/\/alphalearning.com\/pt\/comentarios-de-clientes-alphalearning\/corporacoes-e-executivos\/fundo-de-pensao-abp\/","title":{"rendered":"Fundo de Pens\u00e3o ABP"},"content":{"rendered":"\n<div class=\"wp-block-uagb-advanced-heading uagb-block-2f65ddc0\"><h1 class=\"uagb-heading-text\">Coment\u00e1rios do Fundo de Pens\u00e3o ABP<\/h1><\/div>\n\n\n\n<p class=\"has-text-align-center\"><strong>Algemeen Burgerijk Pensioenfonds<\/strong><br><strong>Holanda<\/strong><\/p>\n\n\n\n<div class=\"wp-block-uagb-container uagb-block-9a87dc0b alignfull uagb-is-root-container\"><div class=\"uagb-container-inner-blocks-wrap\">\n<p>Para Alphalearning,<\/p>\n\n\n\n<p>Aqui est\u00e1 o texto da minha carta proposta \u00e0s partes interessadas para formar um sistema de treinamento holand\u00eas para o Instituto Alphalearning.<\/p>\n\n\n\n<p>No ano passado, um de meus colegas belgas me convidou para uma reuni\u00e3o da VOV (Sociedade Flamengo de Especialistas em Treinamento), em Gent, sobre controle de ondas cerebrais. Naquele dia, o Instituto Alphalearning fez uma demonstra\u00e7\u00e3o rel\u00e2mpago mostrando como as pessoas podiam efetivamente controlar suas pr\u00f3prias ondas cerebrais para melhorar a capacidade de estudo e aumentar consideravelmente a absor\u00e7\u00e3o de informa\u00e7\u00f5es.<\/p>\n\n\n\n<p>Foi not\u00e1vel observar como v\u00e1rios participantes foram conectados a um eletroencefal\u00f3grafo (EEG) para projetar suas ondas cerebrais (por meio de um PC em uma tela de proje\u00e7\u00e3o) e qu\u00e3o rapidamente aprenderam a usar esse m\u00e9todo de \u201cretroalimenta\u00e7\u00e3o por proje\u00e7\u00e3o\u201d para controlar o equil\u00edbrio entre a atividade dos hemisf\u00e9rios cerebrais esquerdo e direito. Em seguida, foi totalmente surpreendente ver como os participantes eram conectados n\u00e3o apenas a um EEG, mas tamb\u00e9m a uma m\u00e1quina para o c\u00e9rebro (estimulador \u00e1udio-ac\u00fastico).<\/p>\n\n\n\n<p>Durante essa demonstra\u00e7\u00e3o, a frequ\u00eancia das ondas cerebrais foi reduzida do n\u00edvel Beta \u201calerta\u201d (14 Hz) para o n\u00edvel Alpha \u201crelaxado de aprendizagem\u201d (7 Hz) e, por fim, para o n\u00edvel Theta \u201ccriativo e reconfortante\u201d (4 Hz) e o n\u00edvel Delta de \u201csono\u201d (2 Hz). Em seguida, a frequ\u00eancia cerebral foi elevada novamente para retornar o sujeito ao n\u00edvel Beta. A demonstra\u00e7\u00e3o veio carregada de uma infinidade de dados cient\u00edficos recentes nas \u00e1reas de fisiologia cerebral, neurologia e psicologia. Tudo isso foi bastante impressionante e despertou minha curiosidade \u2014 principalmente porque o Instituto Alphalearning garantiu que cada participante seria capaz de controlar permanentemente suas ondas cerebrais ap\u00f3s o curso de cinco dias.<\/p>\n\n\n\n<p>Mais tarde, quando descobri que o m\u00e9todo de treinamento tamb\u00e9m se baseava nas ideias de Tony Buzan (\u201cUse your brain\u201d), Edward DeBono (\u201cThinking Laterally\u201d) e John Grinder (\u201cNeurolinguistic Programming\u201d), fiquei muito interessado. Levei comigo grande interesse, mas tamb\u00e9m certo ceticismo, quando fui a Maastricht para participar do Curso Saber Aprender do Alphalearning.<br><\/p>\n\n\n\n<p>O curso foi empolgante e interessante \u2013 n\u00e3o h\u00e1 d\u00favida disso. Em alguns momentos foi confuso e surpreendente, mas sempre valeu a pena. Agora que participei e \u201cdigeri\u201d o curso, estou plenamente convencido de que qualquer pessoa que participe ser\u00e1 capaz de aprender a:<\/p>\n\n\n\n<ul class=\"wp-block-list\">\n<li>Aumentar permanentemente sua velocidade de leitura em 300%.<\/li>\n\n\n\n<li>Controlar e regular suas ondas cerebrais.<\/li>\n\n\n\n<li>Tomar notas de forma mais r\u00e1pida e eficiente (mapas mentais).<\/li>\n\n\n\n<li>Absorver informa\u00e7\u00f5es de maneira mais \u00e1gil e eficaz.<\/li>\n\n\n\n<li>Comunicar-se de forma mais eficiente e impactante.Increase his\/her reading speed permanently by 300%.<\/li>\n<\/ul>\n\n\n\n<p>Em suma, qualquer pessoa pode aprender a estudar mais r\u00e1pido, de modo mais flex\u00edvel e com menos estresse.<\/p>\n\n\n\n<p>E n\u00e3o se trata apenas da mais recente moda ou de algum tipo de conto de fadas contado por um guru. A abordagem \u00e9 baseada em novos insights cient\u00edficos trazidos \u00e0 luz pelos renomados cientistas mencionados acima. Pode-se considerar essa abordagem como uma \u201ctransi\u00e7\u00e3o de fase\u201d no desenvolvimento da educa\u00e7\u00e3o e da psicologia educacional. H\u00e1 apenas uma coisa \u2013 acredito que o Alphalearning ainda seja muito elitista. Somente os \u201cfelizardos\u201d podem pagar para participar das sess\u00f5es. Isso ter\u00e1 de mudar. Alterando a estrutura dos cursos e a abordagem de mercado, dever\u00e1 ser poss\u00edvel tornar os m\u00e9todos do Alphalearning acess\u00edveis a qualquer pessoa na Holanda e no exterior que deseje \u201caprender a aprender\u201d. O Alphalearning precisa se tornar um movimento, precisa se tornar uma escola.<\/p>\n\n\n\n<p>Agrade\u00e7o novamente por uma semana maravilhosa.<\/p>\n\n\n\n<p>Atenciosamente,<\/p>\n\n\n\n<p><strong>Rene Broekmeulen<\/strong><\/p>\n<\/div><\/div>\n","protected":false},"excerpt":{"rendered":"<p>Coment\u00e1rios do Fundo de Pens\u00e3o ABP Algemeen Burgerijk PensioenfondsHolanda Para Alphalearning, Aqui est\u00e1 o texto da minha carta proposta \u00e0s [&hellip;]<\/p>\n","protected":false},"author":2,"featured_media":0,"parent":13018,"menu_order":0,"comment_status":"closed","ping_status":"closed","template":"","meta":{"_uag_custom_page_level_css":"","site-sidebar-layout":"default","site-content-layout":"","ast-site-content-layout":"default","site-content-style":"default","site-sidebar-style":"default","ast-global-header-display":"","ast-banner-title-visibility":"","ast-main-header-display":"","ast-hfb-above-header-display":"","ast-hfb-below-header-display":"","ast-hfb-mobile-header-display":"","site-post-title":"disabled","ast-breadcrumbs-content":"","ast-featured-img":"","footer-sml-layout":"","ast-disable-related-posts":"","theme-transparent-header-meta":"","adv-header-id-meta":"","stick-header-meta":"","header-above-stick-meta":"","header-main-stick-meta":"","header-below-stick-meta":"","astra-migrate-meta-layouts":"default","ast-page-background-enabled":"default","ast-page-background-meta":{"desktop":{"background-color":"var(--ast-global-color-4)","background-image":"","background-repeat":"repeat","background-position":"center center","background-size":"auto","background-attachment":"scroll","background-type":"","background-media":"","overlay-type":"","overlay-color":"","overlay-opacity":"","overlay-gradient":""},"tablet":{"background-color":"","background-image":"","background-repeat":"repeat","background-position":"center center","background-size":"auto","background-attachment":"scroll","background-type":"","background-media":"","overlay-type":"","overlay-color":"","overlay-opacity":"","overlay-gradient":""},"mobile":{"background-color":"","background-image":"","background-repeat":"repeat","background-position":"center center","background-size":"auto","background-attachment":"scroll","background-type":"","background-media":"","overlay-type":"","overlay-color":"","overlay-opacity":"","overlay-gradient":""}},"ast-content-background-meta":{"desktop":{"background-color":"var(--ast-global-color-5)","background-image":"","background-repeat":"repeat","background-position":"center center","background-size":"auto","background-attachment":"scroll","background-type":"","background-media":"","overlay-type":"","overlay-color":"","overlay-opacity":"","overlay-gradient":""},"tablet":{"background-color":"var(--ast-global-color-5)","background-image":"","background-repeat":"repeat","background-position":"center center","background-size":"auto","background-attachment":"scroll","background-type":"","background-media":"","overlay-type":"","overlay-color":"","overlay-opacity":"","overlay-gradient":""},"mobile":{"background-color":"var(--ast-global-color-5)","background-image":"","background-repeat":"repeat","background-position":"center center","background-size":"auto","background-attachment":"scroll","background-type":"","background-media":"","overlay-type":"","overlay-color":"","overlay-opacity":"","overlay-gradient":""}},"footnotes":""},"class_list":["post-13026","page","type-page","status-publish","hentry"],"yoast_head":"<!-- This site is optimized with the Yoast SEO plugin v27.1.1 - https:\/\/yoast.com\/product\/yoast-seo-wordpress\/ -->\n<title>Fundo de Pens\u00e3o ABP &amp; Alphalearning: Treinamento Brainwave<\/title>\n<meta name=\"description\" content=\"A experi\u00eancia do Fundo de Pens\u00e3o ABP com o Alphalearning mostra como controlar ondas cerebrais, ler 300% mais r\u00e1pido e usar mind mapping transformam o aprendizado.\" \/>\n<meta name=\"robots\" content=\"index, follow, max-snippet:-1, max-image-preview:large, max-video-preview:-1\" \/>\n<link rel=\"canonical\" href=\"https:\/\/alphalearning.com\/pt\/comentarios-de-clientes-alphalearning\/corporacoes-e-executivos\/fundo-de-pensao-abp\/\" \/>\n<meta property=\"og:locale\" content=\"pt_PT\" \/>\n<meta property=\"og:type\" content=\"article\" \/>\n<meta property=\"og:title\" content=\"Fundo de Pens\u00e3o ABP &amp; Alphalearning: Treinamento Brainwave\" \/>\n<meta property=\"og:description\" content=\"A experi\u00eancia do Fundo de Pens\u00e3o ABP com o Alphalearning mostra como controlar ondas cerebrais, ler 300% mais r\u00e1pido e usar mind mapping transformam o aprendizado.\" \/>\n<meta property=\"og:url\" content=\"https:\/\/alphalearning.com\/pt\/comentarios-de-clientes-alphalearning\/corporacoes-e-executivos\/fundo-de-pensao-abp\/\" \/>\n<meta property=\"og:site_name\" content=\"Alphalearning International\" \/>\n<meta property=\"article:modified_time\" content=\"2025-06-14T09:05:00+00:00\" \/>\n<meta property=\"og:image\" content=\"https:\/\/alphalearning.com\/wp-content\/uploads\/2024\/04\/alphalearning-logo_red_1200x675px.png\" \/>\n\t<meta property=\"og:image:width\" content=\"1200\" \/>\n\t<meta property=\"og:image:height\" content=\"675\" \/>\n\t<meta property=\"og:image:type\" content=\"image\/png\" \/>\n<meta name=\"twitter:card\" content=\"summary_large_image\" \/>\n<meta name=\"twitter:label1\" content=\"Est. reading time\" \/>\n\t<meta name=\"twitter:data1\" content=\"3 minutes\" \/>\n<!-- \/ Yoast SEO plugin. -->","yoast_head_json":{"title":"Fundo de Pens\u00e3o ABP & Alphalearning: Treinamento Brainwave","description":"A experi\u00eancia do Fundo de Pens\u00e3o ABP com o Alphalearning mostra como controlar ondas cerebrais, ler 300% mais r\u00e1pido e usar mind mapping transformam o aprendizado.","robots":{"index":"index","follow":"follow","max-snippet":"max-snippet:-1","max-image-preview":"max-image-preview:large","max-video-preview":"max-video-preview:-1"},"canonical":"https:\/\/alphalearning.com\/pt\/comentarios-de-clientes-alphalearning\/corporacoes-e-executivos\/fundo-de-pensao-abp\/","og_locale":"pt_PT","og_type":"article","og_title":"Fundo de Pens\u00e3o ABP & Alphalearning: Treinamento Brainwave","og_description":"A experi\u00eancia do Fundo de Pens\u00e3o ABP com o Alphalearning mostra como controlar ondas cerebrais, ler 300% mais r\u00e1pido e usar mind mapping transformam o aprendizado.","og_url":"https:\/\/alphalearning.com\/pt\/comentarios-de-clientes-alphalearning\/corporacoes-e-executivos\/fundo-de-pensao-abp\/","og_site_name":"Alphalearning International","article_modified_time":"2025-06-14T09:05:00+00:00","og_image":[{"width":1200,"height":675,"url":"https:\/\/alphalearning.com\/wp-content\/uploads\/2024\/04\/alphalearning-logo_red_1200x675px.png","type":"image\/png"}],"twitter_card":"summary_large_image","twitter_misc":{"Est. reading time":"3 minutes"},"schema":{"@context":"https:\/\/schema.org","@graph":[{"@type":"WebPage","@id":"https:\/\/alphalearning.com\/pt\/comentarios-de-clientes-alphalearning\/corporacoes-e-executivos\/fundo-de-pensao-abp\/","url":"https:\/\/alphalearning.com\/pt\/comentarios-de-clientes-alphalearning\/corporacoes-e-executivos\/fundo-de-pensao-abp\/","name":"Fundo de Pens\u00e3o ABP & Alphalearning: Treinamento Brainwave","isPartOf":{"@id":"https:\/\/alphalearning.com\/pt\/#website"},"datePublished":"2024-03-27T16:26:51+00:00","dateModified":"2025-06-14T09:05:00+00:00","description":"A experi\u00eancia do Fundo de Pens\u00e3o ABP com o Alphalearning mostra como controlar ondas cerebrais, ler 300% mais r\u00e1pido e usar mind mapping transformam o aprendizado.","breadcrumb":{"@id":"https:\/\/alphalearning.com\/pt\/comentarios-de-clientes-alphalearning\/corporacoes-e-executivos\/fundo-de-pensao-abp\/#breadcrumb"},"inLanguage":"pt","potentialAction":[{"@type":"ReadAction","target":["https:\/\/alphalearning.com\/pt\/comentarios-de-clientes-alphalearning\/corporacoes-e-executivos\/fundo-de-pensao-abp\/"]}]},{"@type":"BreadcrumbList","@id":"https:\/\/alphalearning.com\/pt\/comentarios-de-clientes-alphalearning\/corporacoes-e-executivos\/fundo-de-pensao-abp\/#breadcrumb","itemListElement":[{"@type":"ListItem","position":1,"name":"Home","item":"https:\/\/alphalearning.com\/pt\/"},{"@type":"ListItem","position":2,"name":"Coment\u00e1rios de Clientes Alphalearning","item":"https:\/\/alphalearning.com\/pt\/comentarios-de-clientes-alphalearning\/"},{"@type":"ListItem","position":3,"name":"Corpora\u00e7\u00f5es","item":"https:\/\/alphalearning.com\/pt\/comentarios-de-clientes-alphalearning\/corporacoes-e-executivos\/"},{"@type":"ListItem","position":4,"name":"Fundo de Pens\u00e3o ABP"}]},{"@type":"WebSite","@id":"https:\/\/alphalearning.com\/pt\/#website","url":"https:\/\/alphalearning.com\/pt\/","name":"Alphalearning International","description":"the brain training institute","publisher":{"@id":"https:\/\/alphalearning.com\/pt\/#organization"},"potentialAction":[{"@type":"SearchAction","target":{"@type":"EntryPoint","urlTemplate":"https:\/\/alphalearning.com\/pt\/?s={search_term_string}"},"query-input":{"@type":"PropertyValueSpecification","valueRequired":true,"valueName":"search_term_string"}}],"inLanguage":"pt"},{"@type":"Organization","@id":"https:\/\/alphalearning.com\/pt\/#organization","name":"Alphalearning International","url":"https:\/\/alphalearning.com\/pt\/","logo":{"@type":"ImageObject","inLanguage":"pt","@id":"https:\/\/alphalearning.com\/pt\/#\/schema\/logo\/image\/","url":"https:\/\/alphalearning.com\/wp-content\/uploads\/2024\/03\/alphalearning_ico2_512px.png","contentUrl":"https:\/\/alphalearning.com\/wp-content\/uploads\/2024\/03\/alphalearning_ico2_512px.png","width":512,"height":512,"caption":"Alphalearning International"},"image":{"@id":"https:\/\/alphalearning.com\/pt\/#\/schema\/logo\/image\/"}}]}},"uagb_featured_image_src":{"full":false,"thumbnail":false,"medium":false,"medium_large":false,"large":false,"1536x1536":false,"2048x2048":false,"gform-image-choice-sm":false,"gform-image-choice-md":false,"gform-image-choice-lg":false},"uagb_author_info":{"display_name":"Julio Machado","author_link":"https:\/\/alphalearning.com\/pt\/author\/julio-machado\/"},"uagb_comment_info":0,"uagb_excerpt":"Coment\u00e1rios do Fundo de Pens\u00e3o ABP Algemeen Burgerijk PensioenfondsHolanda Para Alphalearning, Aqui est\u00e1 o texto da minha carta proposta \u00e0s [&hellip;]","_links":{"self":[{"href":"https:\/\/alphalearning.com\/pt\/wp-json\/wp\/v2\/pages\/13026","targetHints":{"allow":["GET"]}}],"collection":[{"href":"https:\/\/alphalearning.com\/pt\/wp-json\/wp\/v2\/pages"}],"about":[{"href":"https:\/\/alphalearning.com\/pt\/wp-json\/wp\/v2\/types\/page"}],"author":[{"embeddable":true,"href":"https:\/\/alphalearning.com\/pt\/wp-json\/wp\/v2\/users\/2"}],"replies":[{"embeddable":true,"href":"https:\/\/alphalearning.com\/pt\/wp-json\/wp\/v2\/comments?post=13026"}],"version-history":[{"count":4,"href":"https:\/\/alphalearning.com\/pt\/wp-json\/wp\/v2\/pages\/13026\/revisions"}],"predecessor-version":[{"id":16646,"href":"https:\/\/alphalearning.com\/pt\/wp-json\/wp\/v2\/pages\/13026\/revisions\/16646"}],"up":[{"embeddable":true,"href":"https:\/\/alphalearning.com\/pt\/wp-json\/wp\/v2\/pages\/13018"}],"wp:attachment":[{"href":"https:\/\/alphalearning.com\/pt\/wp-json\/wp\/v2\/media?parent=13026"}],"curies":[{"name":"wp","href":"https:\/\/api.w.org\/{rel}","templated":true}]}}