{"id":13018,"date":"2024-03-27T16:26:30","date_gmt":"2024-03-27T16:26:30","guid":{"rendered":"https:\/\/alphalearning.com\/comentarios-de-clientes-alphalearning\/quotes-from-corporate-executives\/"},"modified":"2025-01-25T17:21:52","modified_gmt":"2025-01-25T17:21:52","slug":"corporacoes-e-executivos","status":"publish","type":"page","link":"https:\/\/alphalearning.com\/pt\/comentarios-de-clientes-alphalearning\/corporacoes-e-executivos\/","title":{"rendered":"Corpora\u00e7\u00f5es"},"content":{"rendered":"\n<div class=\"wp-block-uagb-advanced-heading uagb-block-ba5b6fa0\"><h1 class=\"uagb-heading-text\">Alguns Depoimentos de Clientes Executivos Corporativos do Alphalearning<\/h1><\/div>\n\n\n\n<div class=\"wp-block-uagb-container uagb-block-57137a1c alignfull uagb-is-root-container\"><div class=\"uagb-container-inner-blocks-wrap\">\n<p><strong>Coment\u00e1rios detalhados est\u00e3o dispon\u00edveis nas p\u00e1ginas a seguir:<\/strong><\/p>\n\n\n\n<ul class=\"wp-block-list\">\n<li><a href=\"https:\/\/alphalearning.com\/comments-from-alphalearning-clients\/quotes-from-corporate-executives\/icl-fujitsu\/\">ICL Fujitsu<\/a>\n<ul class=\"wp-block-list\">\n<li><em>\u201cPretendemos seguir em frente com esta maneira radicalmente diferente de treinamento.\u201d<\/em><\/li>\n<\/ul>\n<\/li>\n\n\n\n<li><a href=\"https:\/\/alphalearning.com\/comments-from-alphalearning-clients\/quotes-from-corporate-executives\/henkel\/\">Henkel<\/a>\n<ul class=\"wp-block-list\">\n<li>\u201c(\u2026) E isso n\u00e3o foi um sucesso de curto prazo. Os semin\u00e1rios ter\u00e3o continuidade.\u201d<\/li>\n<\/ul>\n<\/li>\n\n\n\n<li><a href=\"https:\/\/alphalearning.com\/comments-from-alphalearning-clients\/quotes-from-corporate-executives\/raychem\/\">Raychem<\/a>\n<ul class=\"wp-block-list\">\n<li>\u201cA Raychem iniciou o semin\u00e1rio como um experimento. Depois das experi\u00eancias, tornou-se um experimento muito positivo.\u201d<\/li>\n<\/ul>\n<\/li>\n\n\n\n<li><a href=\"https:\/\/alphalearning.com\/pt\/comentarios-de-clientes-alphalearning\/corporacoes-e-executivos\/fundo-de-pensao-abp\/\">Fundo de Pens\u00e3o ABP<\/a><br><ul class=\"wp-block-list\"><li><em>&#8220;A demonstra\u00e7\u00e3o veio carregada de uma infinidade de dados cient\u00edficos recentes nas \u00e1reas de fisiologia cerebral, neurologia e psicologia.&#8221;<\/em><\/li><\/ul><\/li>\n\n\n\n<li><a href=\"https:\/\/alphalearning.com\/comments-from-alphalearning-clients\/quotes-from-corporate-executives\/holland-parliament\/\">Parlamento Holand\u00eas<\/a> <ul class=\"wp-block-list\"><li><em>\u201cIndo direto ao ponto: o conhecimento e a compet\u00eancia do Instituto Alphalearning s\u00e3o de import\u00e2ncia consider\u00e1vel para a nossa sociedade e precisam ser amplamente divulgados.\u201d<\/em><\/li><\/ul><\/li>\n<\/ul>\n\n\n\n<p class=\"has-text-align-right\"><a href=\"https:\/\/alphalearning.com\/comments-from-alphalearning-clients\/quotes-from-families\/\">Alguns Depoimentos de Clientes do Alphalearning<\/a><\/p>\n\n\n\n<p class=\"has-text-align-right\"><a href=\"https:\/\/alphalearning.com\/pt\/comentarios-de-clientes-alphalearning\/atletas\/\">Depoimentos de Atletas que Utilizam o Sistema Brainwave<\/a><\/p>\n\n\n\n<p class=\"has-text-align-center\"><strong>Uma lista de clientes corporativos \u00e9 apresentada ap\u00f3s o fim das cita\u00e7\u00f5es abaixo<\/strong><\/p>\n\n\n\n<p>\u201cObrigado por uma sess\u00e3o verdadeiramente energ\u00e9tica.\u201d<\/p>\n\n\n\n<p>\u201cAchei o assunto t\u00e3o interessante que fiquei ansioso pelo pr\u00f3ximo ponto.\u201d<\/p>\n\n\n\n<p>\u201cSurpreendente!\u201d<\/p>\n\n\n\n<p>\u201cExperi\u00eancia verdadeiramente maravilhosa.\u201d<\/p>\n\n\n\n<p>\u201cMuitos insights sobre o comportamento do c\u00e9rebro.\u201d<\/p>\n\n\n\n<p>\u201cEspero continuar acompanhando o seu trabalho.\u201d<\/p>\n\n\n\n<p>\u201cResultados positivos.\u201d<\/p>\n\n\n\n<p>\u201cAbriu nossas mentes para melhorias em n\u00f3s mesmos que antes talvez tiv\u00e9ssemos duvidado.\u201d<\/p>\n\n\n\n<p>\u201cBoa experi\u00eancia.\u201d<\/p>\n\n\n\n<p>\u201cUma inje\u00e7\u00e3o de confian\u00e7a ao tomar consci\u00eancia da capacidade de mudar a mente.\u201d<\/p>\n\n\n\n<p>\u201cApresentado de forma eficaz.\u201d<\/p>\n\n\n\n<p>\u201cExcelente de modo geral.\u201d<\/p>\n\n\n\n<p>\u201cPoderia ampliar a aplica\u00e7\u00e3o em t\u00e9cnicas de treinamento.\u201d<\/p>\n\n\n\n<p>\u201cAumentei minha velocidade de leitura em 100% em quest\u00e3o de minutos. Impressionante!\u201d<\/p>\n\n\n\n<p>\u201cExcelente. Conte\u00fado maravilhoso.\u201d<\/p>\n\n\n\n<p>\u201cFiquei claramente mais receptivo ao seu estilo.\u201d<\/p>\n\n\n\n<p>\u201cAbriu muitas novas perspectivas.\u201d<\/p>\n\n\n\n<p>\u201cO assunto me fascina e me estimula.\u201d<\/p>\n\n\n\n<p>\u201cMuito bom e interativo.\u201d<\/p>\n\n\n\n<p>\u201cCativante \u2013 e tamb\u00e9m engra\u00e7ado.\u201d<\/p>\n\n\n\n<p>\u201cUma verdadeira jornada pelo desconhecido.\u201d<\/p>\n\n\n\n<p>\u201cDivertido, \u00fatil e fascinante.\u201d<\/p>\n\n\n\n<p>\u201cFascinante.\u201d<\/p>\n\n\n\n<p>\u201cAgrad\u00e1vel e divertido.\u201d<\/p>\n\n\n\n<p>\u201cIncrivelmente inspirador.\u201d<\/p>\n\n\n\n<p>\u201cMuito interessante.\u201d<\/p>\n\n\n\n<p>\u201cExcelente, apresenta\u00e7\u00e3o muito direta e clara.\u201d<\/p>\n\n\n\n<p>\u201cBem apresentado e f\u00e1cil de acompanhar.\u201d<\/p>\n\n\n\n<p>\u201cMuito participativo.\u201d<\/p>\n\n\n\n<p>\u201cExtremamente \u00fatil.\u201d<\/p>\n\n\n\n<p>\u201cS\u00f3lido e claro.\u201d<\/p>\n\n\n\n<p>\u201cEu poderia facilmente ter escutado e aproveitado muito mais.\u201d<\/p>\n\n\n\n<p>\u201cMuito grato a ele por fornecer dicas e formas de ler mais r\u00e1pido e decompor dados.\u201d<\/p>\n\n\n\n<p>\u201cMuito bom em conquistar a plateia.\u201d<\/p>\n\n\n\n<p>\u201cExcelente apresenta\u00e7\u00e3o.\u201d<\/p>\n\n\n\n<p>\u201cSistema de treinamento valioso.\u201d<\/p>\n\n\n\n<p>\u201cValor direto para os colaboradores.\u201d<\/p>\n\n\n\n<p>\u201cTenho interesse em mais palestras.\u201d<\/p>\n\n\n\n<p>\u201cCertamente vou usar o estado Alfa.\u201d<\/p>\n\n\n\n<p>\u201cGra\u00e7as a Deus!\u201d<br><\/p>\n\n\n\n<p class=\"has-text-align-center\">\u2013<br><strong>Algumas das Empresas que j\u00e1 participaram dos Programas do Alphalearning incluem<\/strong><\/p>\n\n\n\n<p>ABB ASEA BROWN BOVERI LTD.<\/p>\n\n\n\n<p>ABB TRANSPORTATION GMBH<\/p>\n\n\n\n<p>ABBEY LIFE ASSURANCE IRELAND<\/p>\n\n\n\n<p>ABBEY NAT \u2018L PLC<\/p>\n\n\n\n<p>AER LINGUS<\/p>\n\n\n\n<p>AIB ALLIED IRISH BANK PLS<\/p>\n\n\n\n<p>AMDAHL UK LTD.<\/p>\n\n\n\n<p>APOTEKSBOLAGET AB<\/p>\n\n\n\n<p>APPLE EUROPE<\/p>\n\n\n\n<p>ARCS ASTRA RESEARCH CENTRE<\/p>\n\n\n\n<p>ASCOM HASLER<\/p>\n\n\n\n<p>AVANT<\/p>\n\n\n\n<p>AZZAWIYA OIL REFINING CO.<\/p>\n\n\n\n<p>BALTICA<\/p>\n\n\n\n<p>BANCA D\u2019AMERICA E D\u2019ITALIA<\/p>\n\n\n\n<p>BANCO SANTANDER<\/p>\n\n\n\n<p>BANK OF IRELAND<\/p>\n\n\n\n<p>BAC GASES<\/p>\n\n\n\n<p>BOFORS ELECTRONICS<\/p>\n\n\n\n<p>BRISTOL MYERS SQUIBB<\/p>\n\n\n\n<p>BRISTOL MYERS SQUIBB SPA<\/p>\n\n\n\n<p>BRITISH AIRWAYS<\/p>\n\n\n\n<p>BRITISH TELECOM INT\u2019 L<\/p>\n\n\n\n<p>BUSINESS COACHING EUROPE NV<\/p>\n\n\n\n<p>CAJA DE PENSIONES LA CAIXA<\/p>\n\n\n\n<p>CAPITAL HOUSE INVESTMENT MGMT.<\/p>\n\n\n\n<p>CATERPILLAR OVERSEAS SA<\/p>\n\n\n\n<p>CHRISTIANA BANK OG<\/p>\n\n\n\n<p>CIN MANAGEMENT LTD.<\/p>\n\n\n\n<p>CRH SA<\/p>\n\n\n\n<p>DANMARKS APOTEKERFORENING<\/p>\n\n\n\n<p>DE BAAK<\/p>\n\n\n\n<p>DEN DANSKE BANK<\/p>\n\n\n\n<p>DIGITAL EQUIPMENT CORP AG<\/p>\n\n\n\n<p>DOVEUROPE<\/p>\n\n\n\n<p>DOW EUROPE SA<\/p>\n\n\n\n<p>D.H.L. HEADQUARTERS<\/p>\n\n\n\n<p>EAGLE STAR<\/p>\n\n\n\n<p>EDF<\/p>\n\n\n\n<p>EIB-BEI EUROPEAN INVESTM. BANK<\/p>\n\n\n\n<p>EISAI EUROPE LTD.<\/p>\n\n\n\n<p>EMPREENDIMENTO AMOREIRAS<\/p>\n\n\n\n<p>ESA-ESRIN<\/p>\n\n\n\n<p>ESOC-EUROPEAN SPACE AGENCY<\/p>\n\n\n\n<p>ESTEC<\/p>\n\n\n\n<p>EUROPEAN PARLIMENT<\/p>\n\n\n\n<p>EVC INTERNATIONAL<\/p>\n\n\n\n<p>F. HOFFMANN-LA ROCHE LTD.<\/p>\n\n\n\n<p>FEDERAL EXPRESS<\/p>\n\n\n\n<p>FINNBOARD<\/p>\n\n\n\n<p>FIRST SAVINGS BANK<\/p>\n\n\n\n<p>FISONS PLC<\/p>\n\n\n\n<p>FORD MOTOR COMPANY<\/p>\n\n\n\n<p>FORD WERKE AG<\/p>\n\n\n\n<p>GENERAL MOTORS ESPANA<\/p>\n\n\n\n<p>GENERALE BANK<\/p>\n\n\n\n<p>GKN AUTOMOTIVE<\/p>\n\n\n\n<p>GLAXO GROUP RESEARCH LTD.<\/p>\n\n\n\n<p>GLAXO HOLDINGS PLC<\/p>\n\n\n\n<p>GRUPPO SYSTEMI SPAZIALI<\/p>\n\n\n\n<p>HARRISONS &amp; CROSFIELD PLC<\/p>\n\n\n\n<p>HAY MANAGEMENT CONSULTANTS<\/p>\n\n\n\n<p>HENKEL<\/p>\n\n\n\n<p>HONEYWELL EUROPE S A<\/p>\n\n\n\n<p>IBM NEDERLAND SA<\/p>\n\n\n\n<p>ICI FIBRES<\/p>\n\n\n\n<p>ICL<\/p>\n\n\n\n<p>IHG KG KHALID NATL GUARD HOSP<\/p>\n\n\n\n<p>INTERNATIONAL STOCK EXCHANGE<\/p>\n\n\n\n<p>INTL MOTORS LTD<\/p>\n\n\n\n<p>INTERMEDICS<\/p>\n\n\n\n<p>IRISH PEAT BOARD<\/p>\n\n\n\n<p>JOHNSON WAX SA<\/p>\n\n\n\n<p>KLM ROYAL DUTCH AIRLINES<\/p>\n\n\n\n<p>KPMG PEAT MARWICK MCLINTOCK<\/p>\n\n\n\n<p>KRAFT EUROPE GMBH<\/p>\n\n\n\n<p>LABORATOIRES SANDOZ SARL<\/p>\n\n\n\n<p>LEICA PLC<\/p>\n\n\n\n<p>LHOIST<\/p>\n\n\n\n<p>MANAGEMENT + RESOURCES<\/p>\n\n\n\n<p>MOBIL OIL AG<\/p>\n\n\n\n<p>MONSANTO EUROPE SA<\/p>\n\n\n\n<p>MONSANTO SERVICES INT L SA<\/p>\n\n\n\n<p>MOTOROLA INC<\/p>\n\n\n\n<p>MOTOROLA SA<\/p>\n\n\n\n<p>NATL WESTMINSTER BANK PLC<\/p>\n\n\n\n<p>NESTE CHEMICALS INT L<\/p>\n\n\n\n<p>NESTE CHEMICALS NV<\/p>\n\n\n\n<p>NESTLE SA<\/p>\n\n\n\n<p>NOFO<\/p>\n\n\n\n<p>NORSK HYDRO A S<\/p>\n\n\n\n<p>NORSKE SHELL<\/p>\n\n\n\n<p>NOVO-NORDISK A S<\/p>\n\n\n\n<p>NV SIDAL<\/p>\n\n\n\n<p>OCE NEDERLAND BV<\/p>\n\n\n\n<p>OEMV AKTIENGESELLSCHAFT<\/p>\n\n\n\n<p>OLIVETTI INT L EDUCATION CTR<\/p>\n\n\n\n<p>OSCO GROUP<\/p>\n\n\n\n<p>OWENS CORNING FIBERGLAS<\/p>\n\n\n\n<p>OXFORD MEDICAL LTD<\/p>\n\n\n\n<p>PA HARTMARK-IRAS<\/p>\n\n\n\n<p>PARTEK CORPORATION<\/p>\n\n\n\n<p>PHILIP MORRIS GMBH<\/p>\n\n\n\n<p>PHILIPS<\/p>\n\n\n\n<p>POHJOLA GROUP, THE<\/p>\n\n\n\n<p>PRICE WATERHOUSE<\/p>\n\n\n\n<p>PRICE WATERHOUSE EUROPE<\/p>\n\n\n\n<p>RAUFOSS A S<\/p>\n\n\n\n<p>RAYCHEM<\/p>\n\n\n\n<p>SANDOZ-WANDER PHARMA LTD<\/p>\n\n\n\n<p>SANOMA CORPORATION<\/p>\n\n\n\n<p>SCHLUMBERGER INDUSTRIES<\/p>\n\n\n\n<p>SIDAL NV<\/p>\n\n\n\n<p>SIFCO TURBINE COMPONENTS LTD<\/p>\n\n\n\n<p>SKOPBANK<\/p>\n\n\n\n<p>SMEETS<\/p>\n\n\n\n<p>SOGENAL<\/p>\n\n\n\n<p>STERLING-WINTHROP GROUP LGD<\/p>\n\n\n\n<p>STS BANK<\/p>\n\n\n\n<p>SWIFT SC<\/p>\n\n\n\n<p>TELERATE<\/p>\n\n\n\n<p>TETRA PAK INT L SA<\/p>\n\n\n\n<p>TEXAS INSTRUMENTS<\/p>\n\n\n\n<p>TEXAS INSTRUMENTS FRANCE<\/p>\n\n\n\n<p>TRUSTHOUSE FORTE CATERING<\/p>\n\n\n\n<p>UNION CARBIDE COATINGS<\/p>\n\n\n\n<p>UNITED DISTILLERS<\/p>\n\n\n\n<p>W H SMITH INC<\/p>\n\n\n\n<p>WELLCOME<\/p>\n\n\n\n<p>WOOLWORTHS PLC<\/p>\n<\/div><\/div>\n","protected":false},"excerpt":{"rendered":"<p>Alguns Depoimentos de Clientes Executivos Corporativos do Alphalearning Coment\u00e1rios detalhados est\u00e3o dispon\u00edveis nas p\u00e1ginas a seguir: Alguns Depoimentos de Clientes [&hellip;]<\/p>\n","protected":false},"author":2,"featured_media":0,"parent":12980,"menu_order":220,"comment_status":"closed","ping_status":"closed","template":"","meta":{"_uag_custom_page_level_css":"","site-sidebar-layout":"default","site-content-layout":"","ast-site-content-layout":"default","site-content-style":"default","site-sidebar-style":"default","ast-global-header-display":"","ast-banner-title-visibility":"","ast-main-header-display":"","ast-hfb-above-header-display":"","ast-hfb-below-header-display":"","ast-hfb-mobile-header-display":"","site-post-title":"disabled","ast-breadcrumbs-content":"","ast-featured-img":"","footer-sml-layout":"","ast-disable-related-posts":"","theme-transparent-header-meta":"","adv-header-id-meta":"","stick-header-meta":"","header-above-stick-meta":"","header-main-stick-meta":"","header-below-stick-meta":"","astra-migrate-meta-layouts":"default","ast-page-background-enabled":"default","ast-page-background-meta":{"desktop":{"background-color":"var(--ast-global-color-4)","background-image":"","background-repeat":"repeat","background-position":"center center","background-size":"auto","background-attachment":"scroll","background-type":"","background-media":"","overlay-type":"","overlay-color":"","overlay-opacity":"","overlay-gradient":""},"tablet":{"background-color":"","background-image":"","background-repeat":"repeat","background-position":"center center","background-size":"auto","background-attachment":"scroll","background-type":"","background-media":"","overlay-type":"","overlay-color":"","overlay-opacity":"","overlay-gradient":""},"mobile":{"background-color":"","background-image":"","background-repeat":"repeat","background-position":"center center","background-size":"auto","background-attachment":"scroll","background-type":"","background-media":"","overlay-type":"","overlay-color":"","overlay-opacity":"","overlay-gradient":""}},"ast-content-background-meta":{"desktop":{"background-color":"var(--ast-global-color-5)","background-image":"","background-repeat":"repeat","background-position":"center center","background-size":"auto","background-attachment":"scroll","background-type":"","background-media":"","overlay-type":"","overlay-color":"","overlay-opacity":"","overlay-gradient":""},"tablet":{"background-color":"var(--ast-global-color-5)","background-image":"","background-repeat":"repeat","background-position":"center center","background-size":"auto","background-attachment":"scroll","background-type":"","background-media":"","overlay-type":"","overlay-color":"","overlay-opacity":"","overlay-gradient":""},"mobile":{"background-color":"var(--ast-global-color-5)","background-image":"","background-repeat":"repeat","background-position":"center center","background-size":"auto","background-attachment":"scroll","background-type":"","background-media":"","overlay-type":"","overlay-color":"","overlay-opacity":"","overlay-gradient":""}},"footnotes":""},"class_list":["post-13018","page","type-page","status-publish","hentry"],"yoast_head":"<!-- This site is optimized with the Yoast SEO plugin v27.1.1 - https:\/\/yoast.com\/product\/yoast-seo-wordpress\/ -->\n<title>Alphalearning: Depoimentos Corporativos e Feedback<\/title>\n<meta name=\"description\" content=\"Descubra como o Alphalearning eleva a performance executiva com treinamento mental, impulsionando a leitura e apresentando depoimentos de grandes corpora\u00e7\u00f5es.\" \/>\n<meta name=\"robots\" content=\"index, follow, max-snippet:-1, max-image-preview:large, max-video-preview:-1\" \/>\n<link rel=\"canonical\" href=\"https:\/\/alphalearning.com\/pt\/comentarios-de-clientes-alphalearning\/corporacoes-e-executivos\/\" \/>\n<meta property=\"og:locale\" content=\"pt_PT\" \/>\n<meta property=\"og:type\" content=\"article\" \/>\n<meta property=\"og:title\" content=\"Alphalearning: Depoimentos Corporativos e Feedback\" \/>\n<meta property=\"og:description\" content=\"Descubra como o Alphalearning eleva a performance executiva com treinamento mental, impulsionando a leitura e apresentando depoimentos de grandes corpora\u00e7\u00f5es.\" \/>\n<meta property=\"og:url\" content=\"https:\/\/alphalearning.com\/pt\/comentarios-de-clientes-alphalearning\/corporacoes-e-executivos\/\" \/>\n<meta property=\"og:site_name\" content=\"Alphalearning International\" \/>\n<meta property=\"article:modified_time\" content=\"2025-01-25T17:21:52+00:00\" \/>\n<meta property=\"og:image\" content=\"https:\/\/alphalearning.com\/wp-content\/uploads\/2024\/04\/alphalearning-logo_red_1200x675px.png\" \/>\n\t<meta property=\"og:image:width\" content=\"1200\" \/>\n\t<meta property=\"og:image:height\" content=\"675\" \/>\n\t<meta property=\"og:image:type\" content=\"image\/png\" \/>\n<meta name=\"twitter:card\" content=\"summary_large_image\" \/>\n<meta name=\"twitter:label1\" content=\"Est. reading time\" \/>\n\t<meta name=\"twitter:data1\" content=\"4 minutes\" \/>\n<!-- \/ Yoast SEO plugin. -->","yoast_head_json":{"title":"Alphalearning: Depoimentos Corporativos e Feedback","description":"Descubra como o Alphalearning eleva a performance executiva com treinamento mental, impulsionando a leitura e apresentando depoimentos de grandes corpora\u00e7\u00f5es.","robots":{"index":"index","follow":"follow","max-snippet":"max-snippet:-1","max-image-preview":"max-image-preview:large","max-video-preview":"max-video-preview:-1"},"canonical":"https:\/\/alphalearning.com\/pt\/comentarios-de-clientes-alphalearning\/corporacoes-e-executivos\/","og_locale":"pt_PT","og_type":"article","og_title":"Alphalearning: Depoimentos Corporativos e Feedback","og_description":"Descubra como o Alphalearning eleva a performance executiva com treinamento mental, impulsionando a leitura e apresentando depoimentos de grandes corpora\u00e7\u00f5es.","og_url":"https:\/\/alphalearning.com\/pt\/comentarios-de-clientes-alphalearning\/corporacoes-e-executivos\/","og_site_name":"Alphalearning International","article_modified_time":"2025-01-25T17:21:52+00:00","og_image":[{"width":1200,"height":675,"url":"https:\/\/alphalearning.com\/wp-content\/uploads\/2024\/04\/alphalearning-logo_red_1200x675px.png","type":"image\/png"}],"twitter_card":"summary_large_image","twitter_misc":{"Est. reading time":"4 minutes"},"schema":{"@context":"https:\/\/schema.org","@graph":[{"@type":"WebPage","@id":"https:\/\/alphalearning.com\/pt\/comentarios-de-clientes-alphalearning\/corporacoes-e-executivos\/","url":"https:\/\/alphalearning.com\/pt\/comentarios-de-clientes-alphalearning\/corporacoes-e-executivos\/","name":"Alphalearning: Depoimentos Corporativos e Feedback","isPartOf":{"@id":"https:\/\/alphalearning.com\/pt\/#website"},"datePublished":"2024-03-27T16:26:30+00:00","dateModified":"2025-01-25T17:21:52+00:00","description":"Descubra como o Alphalearning eleva a performance executiva com treinamento mental, impulsionando a leitura e apresentando depoimentos de grandes corpora\u00e7\u00f5es.","breadcrumb":{"@id":"https:\/\/alphalearning.com\/pt\/comentarios-de-clientes-alphalearning\/corporacoes-e-executivos\/#breadcrumb"},"inLanguage":"pt","potentialAction":[{"@type":"ReadAction","target":["https:\/\/alphalearning.com\/pt\/comentarios-de-clientes-alphalearning\/corporacoes-e-executivos\/"]}]},{"@type":"BreadcrumbList","@id":"https:\/\/alphalearning.com\/pt\/comentarios-de-clientes-alphalearning\/corporacoes-e-executivos\/#breadcrumb","itemListElement":[{"@type":"ListItem","position":1,"name":"Home","item":"https:\/\/alphalearning.com\/pt\/"},{"@type":"ListItem","position":2,"name":"Coment\u00e1rios de Clientes Alphalearning","item":"https:\/\/alphalearning.com\/pt\/comentarios-de-clientes-alphalearning\/"},{"@type":"ListItem","position":3,"name":"Corpora\u00e7\u00f5es"}]},{"@type":"WebSite","@id":"https:\/\/alphalearning.com\/pt\/#website","url":"https:\/\/alphalearning.com\/pt\/","name":"Alphalearning International","description":"the brain training institute","publisher":{"@id":"https:\/\/alphalearning.com\/pt\/#organization"},"potentialAction":[{"@type":"SearchAction","target":{"@type":"EntryPoint","urlTemplate":"https:\/\/alphalearning.com\/pt\/?s={search_term_string}"},"query-input":{"@type":"PropertyValueSpecification","valueRequired":true,"valueName":"search_term_string"}}],"inLanguage":"pt"},{"@type":"Organization","@id":"https:\/\/alphalearning.com\/pt\/#organization","name":"Alphalearning International","url":"https:\/\/alphalearning.com\/pt\/","logo":{"@type":"ImageObject","inLanguage":"pt","@id":"https:\/\/alphalearning.com\/pt\/#\/schema\/logo\/image\/","url":"https:\/\/alphalearning.com\/wp-content\/uploads\/2024\/03\/alphalearning_ico2_512px.png","contentUrl":"https:\/\/alphalearning.com\/wp-content\/uploads\/2024\/03\/alphalearning_ico2_512px.png","width":512,"height":512,"caption":"Alphalearning International"},"image":{"@id":"https:\/\/alphalearning.com\/pt\/#\/schema\/logo\/image\/"}}]}},"uagb_featured_image_src":{"full":false,"thumbnail":false,"medium":false,"medium_large":false,"large":false,"1536x1536":false,"2048x2048":false,"gform-image-choice-sm":false,"gform-image-choice-md":false,"gform-image-choice-lg":false},"uagb_author_info":{"display_name":"Julio Machado","author_link":"https:\/\/alphalearning.com\/pt\/author\/julio-machado\/"},"uagb_comment_info":0,"uagb_excerpt":"Alguns Depoimentos de Clientes Executivos Corporativos do Alphalearning Coment\u00e1rios detalhados est\u00e3o dispon\u00edveis nas p\u00e1ginas a seguir: Alguns Depoimentos de Clientes [&hellip;]","_links":{"self":[{"href":"https:\/\/alphalearning.com\/pt\/wp-json\/wp\/v2\/pages\/13018","targetHints":{"allow":["GET"]}}],"collection":[{"href":"https:\/\/alphalearning.com\/pt\/wp-json\/wp\/v2\/pages"}],"about":[{"href":"https:\/\/alphalearning.com\/pt\/wp-json\/wp\/v2\/types\/page"}],"author":[{"embeddable":true,"href":"https:\/\/alphalearning.com\/pt\/wp-json\/wp\/v2\/users\/2"}],"replies":[{"embeddable":true,"href":"https:\/\/alphalearning.com\/pt\/wp-json\/wp\/v2\/comments?post=13018"}],"version-history":[{"count":4,"href":"https:\/\/alphalearning.com\/pt\/wp-json\/wp\/v2\/pages\/13018\/revisions"}],"predecessor-version":[{"id":14296,"href":"https:\/\/alphalearning.com\/pt\/wp-json\/wp\/v2\/pages\/13018\/revisions\/14296"}],"up":[{"embeddable":true,"href":"https:\/\/alphalearning.com\/pt\/wp-json\/wp\/v2\/pages\/12980"}],"wp:attachment":[{"href":"https:\/\/alphalearning.com\/pt\/wp-json\/wp\/v2\/media?parent=13018"}],"curies":[{"name":"wp","href":"https:\/\/api.w.org\/{rel}","templated":true}]}}