{"id":13004,"date":"2024-03-27T16:25:35","date_gmt":"2024-03-27T16:25:35","guid":{"rendered":"https:\/\/alphalearning.com\/comentarios-de-clientes-alphalearning\/atletas\/jan-verfaellie\/"},"modified":"2025-01-25T16:19:55","modified_gmt":"2025-01-25T16:19:55","slug":"jan-verfaellie","status":"publish","type":"page","link":"https:\/\/alphalearning.com\/pt\/comentarios-de-clientes-alphalearning\/atletas\/jan-verfaellie\/","title":{"rendered":"Jan Verfaellie"},"content":{"rendered":"\n<div class=\"wp-block-uagb-advanced-heading uagb-block-372334f6\"><h1 class=\"uagb-heading-text\">Depoimento de Jan Verfaellie para o Alphalearning<\/h1><\/div>\n\n\n\n<div class=\"wp-block-uagb-container uagb-block-3a017e33 alignfull uagb-is-root-container\"><div class=\"uagb-container-inner-blocks-wrap\">\n<p>Ao Alphalearning<\/p>\n\n\n\n<p>O texto a seguir \u00e9 para um artigo no Belgian Golf. Fiquem \u00e0 vontade para comentar.<\/p>\n\n\n\n<p>O Sistema Alphalearning funciona para tudo o que as pessoas fazem na vida.<\/p>\n\n\n\n<p>Tenho 18 anos de idade e meu hobby \u00e9 golfe. Gra\u00e7as ao Sistema Alphalearning, meu golfe melhorou rapidamente.<\/p>\n\n\n\n<p>Antes do Curso Saber Aprender, meu handicap era 14,2. Agora est\u00e1 em 7 e continua baixando depois de 3 meses de pr\u00e1tica com as t\u00e9cnicas do Instituto Alphalearning. Um golfista sabe que isso n\u00e3o \u00e9 nada mal. O Sistema Alphalearning n\u00e3o me ensinou um swing melhor; ele me ensinou como assimilar as li\u00e7\u00f5es do meu professor. Tamb\u00e9m me ensinou a ter mais controle sobre mim mesmo. A Alphalearning me mostrou que o c\u00e9rebro s\u00f3 consegue fazer duas coisas ao mesmo tempo.<\/p>\n\n\n\n<p>Agora, o que acontece em uma aula de golfe \u00e9 que o professor observa seu swing, aponta o que est\u00e1 errado e corrige. \u00c9 f\u00e1cil haver muitas coisas erradas. Por exemplo: abra mais as pernas, n\u00e3o fa\u00e7a uma pegada t\u00e3o forte, mova mais a m\u00e3o pelos joelhos. Nos primeiros dias ap\u00f3s a aula, voc\u00ea pode at\u00e9 jogar melhor, mas depois acabamos esquecendo o que aprendemos e voltamos ao swing antigo. O \u00fanico resultado \u00e9 dinheiro e tempo perdidos. Acho que essa n\u00e3o \u00e9 a ideia de uma aula de golfe.<\/p>\n\n\n\n<p>O que eu fa\u00e7o quando tenho uma aula de golfe \u00e9 focar em duas coisas importantes que estejam erradas no meu swing e me programar para n\u00e3o comet\u00ea-las mais. Depois disso, pratico at\u00e9 nunca mais repetir esses erros. E s\u00f3 ent\u00e3o marco uma nova aula.<\/p>\n\n\n\n<p>Outro ponto positivo para o golfe \u00e9 jogar abaixo do seu handicap mesmo com tacadas das quais normalmente n\u00e3o se sentiria satisfeito. Aprendi a me tranquilizar ap\u00f3s uma tacada ou buraco ruins. Por exemplo, quando este ano se aproximava o campeonato, meu objetivo era me tornar o campe\u00e3o do clube. Todos achavam que eu estava um pouco louco. O que eu poderia fazer com meu handicap de 14 contra todos aqueles handicaps de 4 ou 5 do meu clube? At\u00e9 meu pai riu quando eu disse que me tornaria o campe\u00e3o. Eu os deixei rir, pois eu tinha algo que eles n\u00e3o tinham: estava treinado em Alpha.<\/p>\n\n\n\n<p>Quando chegou o campeonato, joguei muito mal nos meus primeiros 18 buracos, fazendo 14 acima do par. Eu estava com dois bons amigos, rimos e nos divertimos; acredito que isso tenha sido a raz\u00e3o para eu jogar mal, e sei que um bom golfista precisa manter o controle. Foi exatamente o que fiz nos 18 buracos seguintes. Sa\u00ed dizendo que venceria, mesmo estando 6 tacadas atr\u00e1s do l\u00edder. Meus segundos 18 buracos foram lindos: joguei 4 acima do par e, devido ao mau tempo, \u00e0 chuva e \u00e0s m\u00e1s condi\u00e7\u00f5es do campo, o SSS passou a ser 74, o que significa que, na pr\u00e1tica, joguei no par do campo. Foram 11 tacadas abaixo do meu handicap. Agora fica a pergunta: como consegui isso?<\/p>\n\n\n\n<p>Bem, durante uma semana, cinco vezes ao dia, joguei mentalmente os 18 buracos do campo. Foi como praticar 20 horas de golfe em apenas 15 minutos. Eu visualizava cada tacada como perfeita, cada ferro caindo no green e cada putt entrando no buraco.<\/p>\n\n\n\n<p>Tenho certeza de que venci gra\u00e7as a isso. Por causa desse pequeno exerc\u00edcio, eu estava t\u00e3o convicto de que tinha de vencer!<\/p>\n\n\n\n<p>Meu pai me disse depois que nunca imaginou que eu venceria aos 17 anos, com t\u00e3o pouca experi\u00eancia em golfe.<\/p>\n\n\n\n<p>Ele tamb\u00e9m comentou: \u201c\u00c9 melhor voc\u00ea ligar para o Instituto Alphalearning e agradec\u00ea-los.\u201d<\/p>\n\n\n\n<p>Outra melhoria no golfe, gra\u00e7as \u00e0 Alphalearning, foi no match play. Neste ano, fiz parte de um time do meu clube que disputou match play contra outros clubes. Ao todo, joguei quatro vezes, \u00e0s vezes contra jogadores mais experientes e com handicaps melhores. Mesmo assim, venci todas s\u00f3 porque consigo me manter calmo e relaxado. Antes, quando eu fazia um buraco ruim ou tinha uma tacada ruim, havia 90% de chance de estragar todo o meu jogo. Agora isso n\u00e3o acontece mais.<\/p>\n\n\n\n<p>Lembre-se do campeonato do clube. Comecei com um 7 em um par 4 (tr\u00eas acima do par) e conclu\u00ed os 18 buracos com dois acima. Ou seja, nos 17 buracos seguintes, joguei um abaixo do par. Tenho certeza de que isso n\u00e3o teria acontecido sem a Alphalearning.<\/p>\n\n\n\n<p>Alguns dias antes do match play, liguei para a Alphalearning e perguntei se eu poderia fazer com que as ondas cerebrais do meu advers\u00e1rio ficassem mais intensas, para que ele se sentisse menos relaxado e fosse mais f\u00e1cil venc\u00ea-lo. Eles me falaram sobre a roda do karma, algo que se voc\u00ea fizer contra outra pessoa, acaba acontecendo com voc\u00ea mesmo.<\/p>\n\n\n\n<p>Por exemplo, participei recentemente de um grande torneio na Holanda chamado Tonandria. Joguei match play contra outro jogador. Eu sentia que ele desejava que eu mandasse a bola para fora. Percebo quando isso acontece. Ent\u00e3o n\u00e3o fiz nada a respeito. No sexto buraco, est\u00e1vamos empatados. No momento em que ele inicia o downswing, uma m\u00e1quina de cortar grama, bastante barulhenta, come\u00e7a a funcionar no buraco ao lado. Ele se perturbou, errou a tacada e ainda perdeu aquele buraco. Voc\u00ea pode achar que \u00e9 coincid\u00eancia, mas garanto que, se ficar atento, ver\u00e1 que isso acontece com frequ\u00eancia.<\/p>\n\n\n\n<p>Outra coisa que notei \u00e9 que agora consigo manter minha concentra\u00e7\u00e3o ao longo dos 18 buracos. Antes, quando eu estava jogando abaixo do meu handicap, frequentemente errava em alguns buracos e arruinava a partida. Agora que descobri essas vantagens, estou certo de que o sistema da Alphalearning funciona para golfe. Tenho certeza de que ningu\u00e9m gosta de ficar esperando em cada tee durante uma competi\u00e7\u00e3o porque o jogo est\u00e1 lento. Eu tamb\u00e9m n\u00e3o gosto, mas hoje, enquanto aguardo, \u201cjogo\u201d mentalmente 18 buracos. Assim, me sinto ainda mais confiante, pois \u00e9 como se eu tivesse acabado de jogar aqueles buracos minutos antes, ficando mais relaxado.<\/p>\n\n\n\n<p>Existe algo que voc\u00ea n\u00e3o pode esquecer: n\u00e3o posso prometer que voc\u00ea vai jogar bem todos os dias. Isso tamb\u00e9m acontece comigo. Acredito que aconte\u00e7a com todo mundo \u2014 at\u00e9 mesmo Faldo n\u00e3o joga bem todos os dias. O que posso prometer \u00e9 que, se voc\u00ea comparar sua m\u00e9dia de pontua\u00e7\u00e3o antes de um treinamento da Alphalearning com sua m\u00e9dia depois do treinamento, ficar\u00e1 impressionado.<\/p>\n\n\n\n<p>Jan Verfaellie, B\u00e9lgica<\/p>\n\n\n\n<p>P.S. Desculpem meu ingl\u00eas meio estranho; fiz o melhor que pude para traduzir do flamengo.<br><\/p>\n<\/div><\/div>\n","protected":false},"excerpt":{"rendered":"<p>Depoimento de Jan Verfaellie para o Alphalearning Ao Alphalearning O texto a seguir \u00e9 para um artigo no Belgian Golf. [&hellip;]<\/p>\n","protected":false},"author":2,"featured_media":0,"parent":12997,"menu_order":0,"comment_status":"closed","ping_status":"closed","template":"","meta":{"_uag_custom_page_level_css":"","site-sidebar-layout":"default","site-content-layout":"","ast-site-content-layout":"default","site-content-style":"default","site-sidebar-style":"default","ast-global-header-display":"","ast-banner-title-visibility":"","ast-main-header-display":"","ast-hfb-above-header-display":"","ast-hfb-below-header-display":"","ast-hfb-mobile-header-display":"","site-post-title":"disabled","ast-breadcrumbs-content":"","ast-featured-img":"","footer-sml-layout":"","ast-disable-related-posts":"","theme-transparent-header-meta":"","adv-header-id-meta":"","stick-header-meta":"","header-above-stick-meta":"","header-main-stick-meta":"","header-below-stick-meta":"","astra-migrate-meta-layouts":"default","ast-page-background-enabled":"default","ast-page-background-meta":{"desktop":{"background-color":"var(--ast-global-color-4)","background-image":"","background-repeat":"repeat","background-position":"center center","background-size":"auto","background-attachment":"scroll","background-type":"","background-media":"","overlay-type":"","overlay-color":"","overlay-opacity":"","overlay-gradient":""},"tablet":{"background-color":"","background-image":"","background-repeat":"repeat","background-position":"center center","background-size":"auto","background-attachment":"scroll","background-type":"","background-media":"","overlay-type":"","overlay-color":"","overlay-opacity":"","overlay-gradient":""},"mobile":{"background-color":"","background-image":"","background-repeat":"repeat","background-position":"center center","background-size":"auto","background-attachment":"scroll","background-type":"","background-media":"","overlay-type":"","overlay-color":"","overlay-opacity":"","overlay-gradient":""}},"ast-content-background-meta":{"desktop":{"background-color":"var(--ast-global-color-5)","background-image":"","background-repeat":"repeat","background-position":"center center","background-size":"auto","background-attachment":"scroll","background-type":"","background-media":"","overlay-type":"","overlay-color":"","overlay-opacity":"","overlay-gradient":""},"tablet":{"background-color":"var(--ast-global-color-5)","background-image":"","background-repeat":"repeat","background-position":"center center","background-size":"auto","background-attachment":"scroll","background-type":"","background-media":"","overlay-type":"","overlay-color":"","overlay-opacity":"","overlay-gradient":""},"mobile":{"background-color":"var(--ast-global-color-5)","background-image":"","background-repeat":"repeat","background-position":"center center","background-size":"auto","background-attachment":"scroll","background-type":"","background-media":"","overlay-type":"","overlay-color":"","overlay-opacity":"","overlay-gradient":""}},"footnotes":""},"class_list":["post-13004","page","type-page","status-publish","hentry"],"yoast_head":"<!-- This site is optimized with the Yoast SEO plugin v27.1.1 - https:\/\/yoast.com\/product\/yoast-seo-wordpress\/ -->\n<title>Como o Alphalearning Reduziu Meu Handicap de 14.2 para 7<\/title>\n<meta name=\"description\" content=\"Descubra como Jan Verfaellie reduziu seu handicap de golfe de 14.2 para 7 com as t\u00e9cnicas comprovadas do Alphalearning. Aprimore foco e confian\u00e7a.\" \/>\n<meta name=\"robots\" content=\"index, follow, max-snippet:-1, max-image-preview:large, max-video-preview:-1\" \/>\n<link rel=\"canonical\" href=\"https:\/\/alphalearning.com\/pt\/comentarios-de-clientes-alphalearning\/atletas\/jan-verfaellie\/\" \/>\n<meta property=\"og:locale\" content=\"pt_PT\" \/>\n<meta property=\"og:type\" content=\"article\" \/>\n<meta property=\"og:title\" content=\"Como o Alphalearning Reduziu Meu Handicap de 14.2 para 7\" \/>\n<meta property=\"og:description\" content=\"Descubra como Jan Verfaellie reduziu seu handicap de golfe de 14.2 para 7 com as t\u00e9cnicas comprovadas do Alphalearning. Aprimore foco e confian\u00e7a.\" \/>\n<meta property=\"og:url\" content=\"https:\/\/alphalearning.com\/pt\/comentarios-de-clientes-alphalearning\/atletas\/jan-verfaellie\/\" \/>\n<meta property=\"og:site_name\" content=\"Alphalearning International\" \/>\n<meta property=\"article:modified_time\" content=\"2025-01-25T16:19:55+00:00\" \/>\n<meta property=\"og:image\" content=\"https:\/\/alphalearning.com\/wp-content\/uploads\/2024\/04\/alphalearning-logo_red_1200x675px.png\" \/>\n\t<meta property=\"og:image:width\" content=\"1200\" \/>\n\t<meta property=\"og:image:height\" content=\"675\" \/>\n\t<meta property=\"og:image:type\" content=\"image\/png\" \/>\n<meta name=\"twitter:card\" content=\"summary_large_image\" \/>\n<meta name=\"twitter:label1\" content=\"Est. reading time\" \/>\n\t<meta name=\"twitter:data1\" content=\"5 minutes\" \/>\n<!-- \/ Yoast SEO plugin. -->","yoast_head_json":{"title":"Como o Alphalearning Reduziu Meu Handicap de 14.2 para 7","description":"Descubra como Jan Verfaellie reduziu seu handicap de golfe de 14.2 para 7 com as t\u00e9cnicas comprovadas do Alphalearning. Aprimore foco e confian\u00e7a.","robots":{"index":"index","follow":"follow","max-snippet":"max-snippet:-1","max-image-preview":"max-image-preview:large","max-video-preview":"max-video-preview:-1"},"canonical":"https:\/\/alphalearning.com\/pt\/comentarios-de-clientes-alphalearning\/atletas\/jan-verfaellie\/","og_locale":"pt_PT","og_type":"article","og_title":"Como o Alphalearning Reduziu Meu Handicap de 14.2 para 7","og_description":"Descubra como Jan Verfaellie reduziu seu handicap de golfe de 14.2 para 7 com as t\u00e9cnicas comprovadas do Alphalearning. Aprimore foco e confian\u00e7a.","og_url":"https:\/\/alphalearning.com\/pt\/comentarios-de-clientes-alphalearning\/atletas\/jan-verfaellie\/","og_site_name":"Alphalearning International","article_modified_time":"2025-01-25T16:19:55+00:00","og_image":[{"width":1200,"height":675,"url":"https:\/\/alphalearning.com\/wp-content\/uploads\/2024\/04\/alphalearning-logo_red_1200x675px.png","type":"image\/png"}],"twitter_card":"summary_large_image","twitter_misc":{"Est. reading time":"5 minutes"},"schema":{"@context":"https:\/\/schema.org","@graph":[{"@type":"WebPage","@id":"https:\/\/alphalearning.com\/pt\/comentarios-de-clientes-alphalearning\/atletas\/jan-verfaellie\/","url":"https:\/\/alphalearning.com\/pt\/comentarios-de-clientes-alphalearning\/atletas\/jan-verfaellie\/","name":"Como o Alphalearning Reduziu Meu Handicap de 14.2 para 7","isPartOf":{"@id":"https:\/\/alphalearning.com\/pt\/#website"},"datePublished":"2024-03-27T16:25:35+00:00","dateModified":"2025-01-25T16:19:55+00:00","description":"Descubra como Jan Verfaellie reduziu seu handicap de golfe de 14.2 para 7 com as t\u00e9cnicas comprovadas do Alphalearning. Aprimore foco e confian\u00e7a.","breadcrumb":{"@id":"https:\/\/alphalearning.com\/pt\/comentarios-de-clientes-alphalearning\/atletas\/jan-verfaellie\/#breadcrumb"},"inLanguage":"pt","potentialAction":[{"@type":"ReadAction","target":["https:\/\/alphalearning.com\/pt\/comentarios-de-clientes-alphalearning\/atletas\/jan-verfaellie\/"]}]},{"@type":"BreadcrumbList","@id":"https:\/\/alphalearning.com\/pt\/comentarios-de-clientes-alphalearning\/atletas\/jan-verfaellie\/#breadcrumb","itemListElement":[{"@type":"ListItem","position":1,"name":"Home","item":"https:\/\/alphalearning.com\/pt\/"},{"@type":"ListItem","position":2,"name":"Coment\u00e1rios de Clientes Alphalearning","item":"https:\/\/alphalearning.com\/pt\/comentarios-de-clientes-alphalearning\/"},{"@type":"ListItem","position":3,"name":"Atletas","item":"https:\/\/alphalearning.com\/pt\/comentarios-de-clientes-alphalearning\/atletas\/"},{"@type":"ListItem","position":4,"name":"Jan Verfaellie"}]},{"@type":"WebSite","@id":"https:\/\/alphalearning.com\/pt\/#website","url":"https:\/\/alphalearning.com\/pt\/","name":"Alphalearning International","description":"the brain training institute","publisher":{"@id":"https:\/\/alphalearning.com\/pt\/#organization"},"potentialAction":[{"@type":"SearchAction","target":{"@type":"EntryPoint","urlTemplate":"https:\/\/alphalearning.com\/pt\/?s={search_term_string}"},"query-input":{"@type":"PropertyValueSpecification","valueRequired":true,"valueName":"search_term_string"}}],"inLanguage":"pt"},{"@type":"Organization","@id":"https:\/\/alphalearning.com\/pt\/#organization","name":"Alphalearning International","url":"https:\/\/alphalearning.com\/pt\/","logo":{"@type":"ImageObject","inLanguage":"pt","@id":"https:\/\/alphalearning.com\/pt\/#\/schema\/logo\/image\/","url":"https:\/\/alphalearning.com\/wp-content\/uploads\/2024\/03\/alphalearning_ico2_512px.png","contentUrl":"https:\/\/alphalearning.com\/wp-content\/uploads\/2024\/03\/alphalearning_ico2_512px.png","width":512,"height":512,"caption":"Alphalearning International"},"image":{"@id":"https:\/\/alphalearning.com\/pt\/#\/schema\/logo\/image\/"}}]}},"uagb_featured_image_src":{"full":false,"thumbnail":false,"medium":false,"medium_large":false,"large":false,"1536x1536":false,"2048x2048":false,"gform-image-choice-sm":false,"gform-image-choice-md":false,"gform-image-choice-lg":false},"uagb_author_info":{"display_name":"Julio Machado","author_link":"https:\/\/alphalearning.com\/pt\/author\/julio-machado\/"},"uagb_comment_info":0,"uagb_excerpt":"Depoimento de Jan Verfaellie para o Alphalearning Ao Alphalearning O texto a seguir \u00e9 para um artigo no Belgian Golf. [&hellip;]","_links":{"self":[{"href":"https:\/\/alphalearning.com\/pt\/wp-json\/wp\/v2\/pages\/13004","targetHints":{"allow":["GET"]}}],"collection":[{"href":"https:\/\/alphalearning.com\/pt\/wp-json\/wp\/v2\/pages"}],"about":[{"href":"https:\/\/alphalearning.com\/pt\/wp-json\/wp\/v2\/types\/page"}],"author":[{"embeddable":true,"href":"https:\/\/alphalearning.com\/pt\/wp-json\/wp\/v2\/users\/2"}],"replies":[{"embeddable":true,"href":"https:\/\/alphalearning.com\/pt\/wp-json\/wp\/v2\/comments?post=13004"}],"version-history":[{"count":3,"href":"https:\/\/alphalearning.com\/pt\/wp-json\/wp\/v2\/pages\/13004\/revisions"}],"predecessor-version":[{"id":14274,"href":"https:\/\/alphalearning.com\/pt\/wp-json\/wp\/v2\/pages\/13004\/revisions\/14274"}],"up":[{"embeddable":true,"href":"https:\/\/alphalearning.com\/pt\/wp-json\/wp\/v2\/pages\/12997"}],"wp:attachment":[{"href":"https:\/\/alphalearning.com\/pt\/wp-json\/wp\/v2\/media?parent=13004"}],"curies":[{"name":"wp","href":"https:\/\/api.w.org\/{rel}","templated":true}]}}