{"id":12997,"date":"2024-03-27T16:25:19","date_gmt":"2024-03-27T16:25:19","guid":{"rendered":"https:\/\/alphalearning.com\/comentarios-de-clientes-alphalearning\/quotes-from-athletes\/"},"modified":"2025-01-25T15:54:12","modified_gmt":"2025-01-25T15:54:12","slug":"atletas","status":"publish","type":"page","link":"https:\/\/alphalearning.com\/pt\/comentarios-de-clientes-alphalearning\/atletas\/","title":{"rendered":"Atletas"},"content":{"rendered":"\n<div class=\"wp-block-uagb-advanced-heading uagb-block-73e390ad\"><h1 class=\"uagb-heading-text\">Testemunhos de Atletas e Desportistas que Usam o Sistema Brainwave<\/h1><\/div>\n\n\n\n<div class=\"wp-block-uagb-container uagb-block-ebba9b0a alignfull uagb-is-root-container\"><div class=\"uagb-container-inner-blocks-wrap\">\n<p>Londres, 24 de outubro de 2000:<\/p>\n\n\n\n<p><strong>O primeiro medalhista de ouro ol\u00edmpico a admitir o uso do equipamento Brainwave do Alphalearning<\/strong><\/p>\n\n\n\n<p><strong><a href=\"https:\/\/en.wikipedia.org\/wiki\/Richard_Faulds\" target=\"_blank\" rel=\"noreferrer noopener\">Richard Faulds<\/a><\/strong> declarou: \u201c O Alphalearning me ajudou a fazer a diferen\u00e7a vital entre a medalha de ouro e a de prata em Sydney. A habilidade de focalizar, concentrar e manter-se tranquilo sob press\u00e3o \u2013 s\u00e3o a chave do desempenho.\u201d Algumas semanas antes de Sydney, Richard Faulds treinou seu c\u00e9rebro eletronicamente para trocar instantaneamente de prontid\u00e3o para concentra\u00e7\u00e3o e para relaxamento. Funcionou? Ele diz: \u201cA <a href=\"https:\/\/alphalearning.com\/brainwave\/\">tecnologia Brainwave<\/a> \u00e9 o futuro dos esportes competitivos.\u201d<\/p>\n\n\n\n<p><a href=\"https:\/\/pt.wikipedia.org\/wiki\/Dominic_O%27Brien\" target=\"_blank\" rel=\"noreferrer noopener\"><strong>Dominic O\u2019Brien<\/strong><\/a> \u2013 campe\u00e3o mundial em mem\u00f3ria (7 vezes e atual), \u201cEu tenho usado o Brainwave I por 3 anos e continuo quebrando meus pr\u00f3prios recordes\u201d.<\/p>\n\n\n\n<p><strong><a href=\"https:\/\/alphalearning.com\/comments-from-alphalearning-clients\/quotes-from-athletes\/jan-verfaellie\/\">Jan Verfaellie<\/a><\/strong> \u2013 Campe\u00e3o junior belga de golfe, \u201cCom o treinamento Brainwave I, eu posso jogar 20 horas de golfe em 15 minutos \u2013 na minha cabe\u00e7a \u2013 perfeitamente\u201d.<\/p>\n\n\n\n<p><strong><a href=\"https:\/\/alphalearning.com\/pt\/comentarios-de-clientes-alphalearning\/atletas\/paul-verfaellie\/\">Paul Verfaellie<\/a><\/strong>&nbsp;\u2013 Alphalearning melhora o meu resultado e, a melhor parte, \u00e9 que faz o meu golf mais divertido!<\/p>\n\n\n\n<p>Outras aplica\u00e7\u00f5es ocorreram nas corridas de <strong>F\u00f3rmula I<\/strong>, com <a href=\"https:\/\/pt.wikipedia.org\/wiki\/David_Coulthard\"><strong>David <\/strong><\/a><a href=\"https:\/\/pt.wikipedia.org\/wiki\/David_Coulthard\" target=\"_blank\" rel=\"noreferrer noopener\"><strong>Coulthard<\/strong><\/a>; na corrida de bal\u00f5es, com <strong><a href=\"https:\/\/pt.wikipedia.org\/wiki\/Richard_Branson\" target=\"_blank\" rel=\"noreferrer noopener\">Sir Richard Branson<\/a><\/strong>; e com pilotos de jatos.<\/p>\n\n\n\n<p>O campe\u00e3o mundial de tiro ao prato <strong>Ben Brunton<\/strong> diz, \u201cO Alphalearning ensinou-me a focalizar e concentrar-me sob press\u00e3o. Sem d\u00favida, me ajudou a ser o mais jovem campe\u00e3o mundial do World FITASC da hist\u00f3ria\u201d.<\/p>\n\n\n\n<p><strong>Curt Selestam, Oslo, Noruega<\/strong><br>&#8220;Alpha realmente funciona para o golfe.<br>Quando me aflijo, agora tenho a habilidade de me acalmar e relaxar.&#8221;<\/p>\n\n\n\n<p><strong>Bert Talhoo, Utrecht, Holanda<\/strong><br>&#8220;O swing para o golfe funciona, Alpha me deu uma sensa\u00e7\u00e3o de alerta relaxado, sem tantos gritos internos.&#8221;<\/p>\n\n\n\n<p><strong>Cris van Aeken, Londres, Inglaterra<\/strong><br>&#8220;Antes do Alpha eu n\u00e3o podia manter meu bra\u00e7o esquerdo corretamente no swing.<br>Agora est\u00e1 perfeito. Fant\u00e1stico!&#8221;<\/p>\n\n\n\n<p><strong>Doug Ewing, Louvain, B\u00e9lgica<\/strong><br>&#8220;Ganhei o primeiro pr\u00eamio no torneio de clubes uma semana ap\u00f3s o curso utilizando o sistema Alphalearning. &#8216;Bola no buraco&#8217; funciona!&#8221;<\/p>\n<\/div><\/div>\n","protected":false},"excerpt":{"rendered":"<p>Testemunhos de Atletas e Desportistas que Usam o Sistema Brainwave Londres, 24 de outubro de 2000: O primeiro medalhista de [&hellip;]<\/p>\n","protected":false},"author":2,"featured_media":0,"parent":12980,"menu_order":210,"comment_status":"closed","ping_status":"closed","template":"","meta":{"_uag_custom_page_level_css":"","site-sidebar-layout":"default","site-content-layout":"","ast-site-content-layout":"default","site-content-style":"default","site-sidebar-style":"default","ast-global-header-display":"","ast-banner-title-visibility":"","ast-main-header-display":"","ast-hfb-above-header-display":"","ast-hfb-below-header-display":"","ast-hfb-mobile-header-display":"","site-post-title":"disabled","ast-breadcrumbs-content":"","ast-featured-img":"","footer-sml-layout":"","ast-disable-related-posts":"","theme-transparent-header-meta":"","adv-header-id-meta":"","stick-header-meta":"","header-above-stick-meta":"","header-main-stick-meta":"","header-below-stick-meta":"","astra-migrate-meta-layouts":"default","ast-page-background-enabled":"default","ast-page-background-meta":{"desktop":{"background-color":"var(--ast-global-color-4)","background-image":"","background-repeat":"repeat","background-position":"center center","background-size":"auto","background-attachment":"scroll","background-type":"","background-media":"","overlay-type":"","overlay-color":"","overlay-opacity":"","overlay-gradient":""},"tablet":{"background-color":"","background-image":"","background-repeat":"repeat","background-position":"center center","background-size":"auto","background-attachment":"scroll","background-type":"","background-media":"","overlay-type":"","overlay-color":"","overlay-opacity":"","overlay-gradient":""},"mobile":{"background-color":"","background-image":"","background-repeat":"repeat","background-position":"center center","background-size":"auto","background-attachment":"scroll","background-type":"","background-media":"","overlay-type":"","overlay-color":"","overlay-opacity":"","overlay-gradient":""}},"ast-content-background-meta":{"desktop":{"background-color":"var(--ast-global-color-5)","background-image":"","background-repeat":"repeat","background-position":"center center","background-size":"auto","background-attachment":"scroll","background-type":"","background-media":"","overlay-type":"","overlay-color":"","overlay-opacity":"","overlay-gradient":""},"tablet":{"background-color":"var(--ast-global-color-5)","background-image":"","background-repeat":"repeat","background-position":"center center","background-size":"auto","background-attachment":"scroll","background-type":"","background-media":"","overlay-type":"","overlay-color":"","overlay-opacity":"","overlay-gradient":""},"mobile":{"background-color":"var(--ast-global-color-5)","background-image":"","background-repeat":"repeat","background-position":"center center","background-size":"auto","background-attachment":"scroll","background-type":"","background-media":"","overlay-type":"","overlay-color":"","overlay-opacity":"","overlay-gradient":""}},"footnotes":""},"class_list":["post-12997","page","type-page","status-publish","hentry"],"yoast_head":"<!-- This site is optimized with the Yoast SEO plugin v27.1.1 - https:\/\/yoast.com\/product\/yoast-seo-wordpress\/ -->\n<title>Como Brainwave impulsiona o sucesso esportivo | Alphalearning<\/title>\n<meta name=\"description\" content=\"Richard Faulds, David Coulthard e outros mostram como o Brainwave da Alphalearning aumenta foco, calma e desempenho em atletas de alto n\u00edvel.\" \/>\n<meta name=\"robots\" content=\"index, follow, max-snippet:-1, max-image-preview:large, max-video-preview:-1\" \/>\n<link rel=\"canonical\" href=\"https:\/\/alphalearning.com\/pt\/comentarios-de-clientes-alphalearning\/atletas\/\" \/>\n<meta property=\"og:locale\" content=\"pt_PT\" \/>\n<meta property=\"og:type\" content=\"article\" \/>\n<meta property=\"og:title\" content=\"Como Brainwave impulsiona o sucesso esportivo | Alphalearning\" \/>\n<meta property=\"og:description\" content=\"Richard Faulds, David Coulthard e outros mostram como o Brainwave da Alphalearning aumenta foco, calma e desempenho em atletas de alto n\u00edvel.\" \/>\n<meta property=\"og:url\" content=\"https:\/\/alphalearning.com\/pt\/comentarios-de-clientes-alphalearning\/atletas\/\" \/>\n<meta property=\"og:site_name\" content=\"Alphalearning International\" \/>\n<meta property=\"article:modified_time\" content=\"2025-01-25T15:54:12+00:00\" \/>\n<meta property=\"og:image\" content=\"https:\/\/alphalearning.com\/wp-content\/uploads\/2024\/04\/alphalearning-logo_red_1200x675px.png\" \/>\n\t<meta property=\"og:image:width\" content=\"1200\" \/>\n\t<meta property=\"og:image:height\" content=\"675\" \/>\n\t<meta property=\"og:image:type\" content=\"image\/png\" \/>\n<meta name=\"twitter:card\" content=\"summary_large_image\" \/>\n<meta name=\"twitter:label1\" content=\"Est. reading time\" \/>\n\t<meta name=\"twitter:data1\" content=\"2 minutes\" \/>\n<!-- \/ Yoast SEO plugin. -->","yoast_head_json":{"title":"Como Brainwave impulsiona o sucesso esportivo | Alphalearning","description":"Richard Faulds, David Coulthard e outros mostram como o Brainwave da Alphalearning aumenta foco, calma e desempenho em atletas de alto n\u00edvel.","robots":{"index":"index","follow":"follow","max-snippet":"max-snippet:-1","max-image-preview":"max-image-preview:large","max-video-preview":"max-video-preview:-1"},"canonical":"https:\/\/alphalearning.com\/pt\/comentarios-de-clientes-alphalearning\/atletas\/","og_locale":"pt_PT","og_type":"article","og_title":"Como Brainwave impulsiona o sucesso esportivo | Alphalearning","og_description":"Richard Faulds, David Coulthard e outros mostram como o Brainwave da Alphalearning aumenta foco, calma e desempenho em atletas de alto n\u00edvel.","og_url":"https:\/\/alphalearning.com\/pt\/comentarios-de-clientes-alphalearning\/atletas\/","og_site_name":"Alphalearning International","article_modified_time":"2025-01-25T15:54:12+00:00","og_image":[{"width":1200,"height":675,"url":"https:\/\/alphalearning.com\/wp-content\/uploads\/2024\/04\/alphalearning-logo_red_1200x675px.png","type":"image\/png"}],"twitter_card":"summary_large_image","twitter_misc":{"Est. reading time":"2 minutes"},"schema":{"@context":"https:\/\/schema.org","@graph":[{"@type":"WebPage","@id":"https:\/\/alphalearning.com\/pt\/comentarios-de-clientes-alphalearning\/atletas\/","url":"https:\/\/alphalearning.com\/pt\/comentarios-de-clientes-alphalearning\/atletas\/","name":"Como Brainwave impulsiona o sucesso esportivo | Alphalearning","isPartOf":{"@id":"https:\/\/alphalearning.com\/pt\/#website"},"datePublished":"2024-03-27T16:25:19+00:00","dateModified":"2025-01-25T15:54:12+00:00","description":"Richard Faulds, David Coulthard e outros mostram como o Brainwave da Alphalearning aumenta foco, calma e desempenho em atletas de alto n\u00edvel.","breadcrumb":{"@id":"https:\/\/alphalearning.com\/pt\/comentarios-de-clientes-alphalearning\/atletas\/#breadcrumb"},"inLanguage":"pt","potentialAction":[{"@type":"ReadAction","target":["https:\/\/alphalearning.com\/pt\/comentarios-de-clientes-alphalearning\/atletas\/"]}]},{"@type":"BreadcrumbList","@id":"https:\/\/alphalearning.com\/pt\/comentarios-de-clientes-alphalearning\/atletas\/#breadcrumb","itemListElement":[{"@type":"ListItem","position":1,"name":"Home","item":"https:\/\/alphalearning.com\/pt\/"},{"@type":"ListItem","position":2,"name":"Coment\u00e1rios de Clientes Alphalearning","item":"https:\/\/alphalearning.com\/pt\/comentarios-de-clientes-alphalearning\/"},{"@type":"ListItem","position":3,"name":"Atletas"}]},{"@type":"WebSite","@id":"https:\/\/alphalearning.com\/pt\/#website","url":"https:\/\/alphalearning.com\/pt\/","name":"Alphalearning International","description":"the brain training institute","publisher":{"@id":"https:\/\/alphalearning.com\/pt\/#organization"},"potentialAction":[{"@type":"SearchAction","target":{"@type":"EntryPoint","urlTemplate":"https:\/\/alphalearning.com\/pt\/?s={search_term_string}"},"query-input":{"@type":"PropertyValueSpecification","valueRequired":true,"valueName":"search_term_string"}}],"inLanguage":"pt"},{"@type":"Organization","@id":"https:\/\/alphalearning.com\/pt\/#organization","name":"Alphalearning International","url":"https:\/\/alphalearning.com\/pt\/","logo":{"@type":"ImageObject","inLanguage":"pt","@id":"https:\/\/alphalearning.com\/pt\/#\/schema\/logo\/image\/","url":"https:\/\/alphalearning.com\/wp-content\/uploads\/2024\/03\/alphalearning_ico2_512px.png","contentUrl":"https:\/\/alphalearning.com\/wp-content\/uploads\/2024\/03\/alphalearning_ico2_512px.png","width":512,"height":512,"caption":"Alphalearning International"},"image":{"@id":"https:\/\/alphalearning.com\/pt\/#\/schema\/logo\/image\/"}}]}},"uagb_featured_image_src":{"full":false,"thumbnail":false,"medium":false,"medium_large":false,"large":false,"1536x1536":false,"2048x2048":false,"gform-image-choice-sm":false,"gform-image-choice-md":false,"gform-image-choice-lg":false},"uagb_author_info":{"display_name":"Julio Machado","author_link":"https:\/\/alphalearning.com\/pt\/author\/julio-machado\/"},"uagb_comment_info":0,"uagb_excerpt":"Testemunhos de Atletas e Desportistas que Usam o Sistema Brainwave Londres, 24 de outubro de 2000: O primeiro medalhista de [&hellip;]","_links":{"self":[{"href":"https:\/\/alphalearning.com\/pt\/wp-json\/wp\/v2\/pages\/12997","targetHints":{"allow":["GET"]}}],"collection":[{"href":"https:\/\/alphalearning.com\/pt\/wp-json\/wp\/v2\/pages"}],"about":[{"href":"https:\/\/alphalearning.com\/pt\/wp-json\/wp\/v2\/types\/page"}],"author":[{"embeddable":true,"href":"https:\/\/alphalearning.com\/pt\/wp-json\/wp\/v2\/users\/2"}],"replies":[{"embeddable":true,"href":"https:\/\/alphalearning.com\/pt\/wp-json\/wp\/v2\/comments?post=12997"}],"version-history":[{"count":4,"href":"https:\/\/alphalearning.com\/pt\/wp-json\/wp\/v2\/pages\/12997\/revisions"}],"predecessor-version":[{"id":14268,"href":"https:\/\/alphalearning.com\/pt\/wp-json\/wp\/v2\/pages\/12997\/revisions\/14268"}],"up":[{"embeddable":true,"href":"https:\/\/alphalearning.com\/pt\/wp-json\/wp\/v2\/pages\/12980"}],"wp:attachment":[{"href":"https:\/\/alphalearning.com\/pt\/wp-json\/wp\/v2\/media?parent=12997"}],"curies":[{"name":"wp","href":"https:\/\/api.w.org\/{rel}","templated":true}]}}