{"id":12927,"date":"2024-03-27T16:49:14","date_gmt":"2024-03-27T16:49:14","guid":{"rendered":"https:\/\/alphalearning.com\/imprensa-internacional\/forbes\/"},"modified":"2025-02-06T19:14:31","modified_gmt":"2025-02-06T19:14:31","slug":"forbes","status":"publish","type":"page","link":"https:\/\/alphalearning.com\/pt\/imprensa-internacional\/forbes\/","title":{"rendered":"Forbes"},"content":{"rendered":"\n<p><\/p>\n\n\n\n<div class=\"wp-block-uagb-advanced-heading uagb-block-a3ca61e0\"><h1 class=\"uagb-heading-text\">Forbes: Leitura Din\u00e2mica como um campe\u00e3o mundial<\/h1><\/div>\n\n\n\n<div class=\"wp-block-uagb-container uagb-block-6eedc9f7 alignfull uagb-is-root-container\"><div class=\"uagb-container-inner-blocks-wrap\">\n<p class=\"has-text-align-center\"><strong>FORBES<\/strong><\/p>\n\n\n\n<p class=\"has-text-align-center\"><strong>PETER JAITNER<\/strong><\/p>\n\n\n\n<p class=\"has-text-align-center\"><strong>&#8220;ARTIGO DE PESQUISA ORIGINAL&#8221;<\/strong><\/p>\n\n\n\n<p class=\"has-text-align-center\">Traduzido do texto original em alem\u00e3o.<\/p>\n\n\n\n<p class=\"has-text-align-center\"><strong>Leitura Din\u00e2mica como um campe\u00e3o mundial \u2013 e mais. Como um tomador de decis\u00f5es, em meio ao dil\u00favio de informa\u00e7\u00f5es, pode se tornar o mestre por meio de um treinamento cerebral apoiado eletronicamente.<\/strong><\/p>\n\n\n\n<p><strong>LEITURA DIN\u00c2MICA: DURANTE O SEMISSONO, CAPACIDADES ADORMECIDAS S\u00c3O DESPERTADAS.<\/strong><br>Como seu tempo \u00e9 mais limitado e valioso, executivos de alto escal\u00e3o recorrem a m\u00e9todos inovadores e pouco ortodoxos para aumentar a efici\u00eancia de suas habilidades mentais. A inven\u00e7\u00e3o mais recente no \u201cfisiculturismo mental\u201d \u00e9 o Alpha learning, com \u00eanfase principal em Leitura Din\u00e2mica. Esse m\u00e9todo \u00e9 ensinado pelo pr\u00f3prio mestre, o campe\u00e3o mundial de Leitura Din\u00e2mica, que tamb\u00e9m \u00e9 Diretor de Pesquisa do Instituto Alphalearning. No Instituto Alphalearning, eles chegam a ler 3.850 palavras por minuto; o limite superior situa-se em torno de 5.000 palavras por minuto. Mas isso pode mudar a qualquer momento.<\/p>\n\n\n\n<p>Embora muitas vezes leve apenas algumas horas, os resultados s\u00e3o incrivelmente animadores: a capacidade de concentra\u00e7\u00e3o dos executivos que passam pelo curso de treinamento cerebral do Instituto Alphalearning aumenta em at\u00e9 400%. Essa explos\u00e3o de poder mental fica mais evidente durante a \u201cLeitura Din\u00e2mica\u201d, um dos objetivos do curso. Para avaliar o desempenho de leitura ao final do programa, os participantes recebem amostras de literatura padr\u00e3o, amplamente conhecida no meio corporativo.<\/p>\n\n\n\n<p>Para quem tem pouco tempo, conta-se o n\u00famero de palavras memorizadas por minuto depois da leitura (com base na fala espont\u00e2nea \u2014 ou seja, perguntas feitas pelo avaliador e anota\u00e7\u00f5es mentais dos participantes que passaram pelo treinamento cerebral antes da verifica\u00e7\u00e3o).<\/p>\n\n\n\n<p>Ler sem conseguir se lembrar do conte\u00fado n\u00e3o serve de nada; por isso, quando o assunto \u00e9 leitura din\u00e2mica, a mem\u00f3ria \u00e9 o fator decisivo.<\/p>\n\n\n\n<p><strong>O c\u00e9rebro \u00e9 ajustado para a frequ\u00eancia correta.<\/strong><br>Para isso, o c\u00e9rebro \u2014 por meio de um programa de computador especial \u2014 \u00e9 \u201csintonizado\u201d em um estado de relaxamento profundo, indispens\u00e1vel para estudar. Tudo ocorre por meio de uma \u201ccaixa preta\u201d, chamada dispositivo de estimula\u00e7\u00e3o cerebral por luz e som, conectada ao computador pessoal. Ela emite pulsos de luz e som na frequ\u00eancia adequada, atrav\u00e9s de \u00f3culos com LEDs e fones de ouvido que os participantes utilizam durante o semin\u00e1rio.<\/p>\n\n\n\n<p>O princ\u00edpio \u00e9 chamado de Frequency Following Response. Al\u00e9m das instru\u00e7\u00f5es do Instituto Alphalearning sobre a postura correta ao se concentrar ou ler com t\u00e9cnicas de leitura mais eficazes, essa Frequency Following Response \u00e9 a base do curso de treinamento cerebral. H\u00e1 bons motivos para isso. As ondas cerebrais podem ser medidas por meio de EEG e, de acordo com sua faixa de frequ\u00eancia, s\u00e3o classificadas em quatro categorias principais:<\/p>\n\n\n\n<ul class=\"wp-block-list\">\n<li>Ondas Beta (faixa de frequ\u00eancia em torno de 14 Hertz): surgem durante o estado de vig\u00edlia, causando estresse e irrita\u00e7\u00e3o, mas ao mesmo tempo s\u00e3o a base do pensamento l\u00f3gico-anal\u00edtico.<\/li>\n\n\n\n<li>Ondas Alfa (aproximadamente 7 Hertz): especialmente ativas na fase de relaxamento entre o sono e a vig\u00edlia, possibilitando o pensamento e a aprendizagem.<\/li>\n\n\n\n<li>Ondas Teta (cerca de 4 Hertz): presentes durante o sono e em estados semelhantes de repouso (medita\u00e7\u00e3o); geram sonhos cheios de imagens, favorecendo inspira\u00e7\u00e3o, imagina\u00e7\u00e3o e criatividade.<\/li>\n\n\n\n<li>Ondas Delta (por volta de 2 Hertz): observadas durante o sono profundo e sem sonhos.<\/li>\n<\/ul>\n\n\n\n<p>Treinar as ondas Alfa e Teta \u00e9 o ponto central do curso de treinamento cerebral do Instituto Alphalearning, pois o poder de aprendizagem e a capacidade de concentra\u00e7\u00e3o atingem o m\u00e1ximo na faixa de frequ\u00eancia relativamente relaxada dos 7 Hertz, enquanto a mem\u00f3ria funciona melhor em 3 Hertz (logo antes da fase de sono).<\/p>\n\n\n\n<p>Esse estado \u2014 pr\u00f3ximo ao sonambulismo \u2014 \u00e9 caracterizado por baixas frequ\u00eancias cerebrais (3 Hertz ou menos), situa\u00e7\u00e3o que, ali\u00e1s, tamb\u00e9m \u00e9 explorada em t\u00e9cnicas de hipnose, embora nelas as ondas cerebrais n\u00e3o sejam medidas por EEG.<\/p>\n\n\n\n<p>Um cientista do Alphalearning (capaz de ler um livro de 300 p\u00e1ginas em 24 minutos) explica: \u201cNosso objetivo inicial era apenas dissuadir aquelas pessoas de fumar. Mas ao mesmo tempo descobrimos que os resultados de nossa pesquisa se aplicavam a outras \u00e1reas de aprendizagem e mudan\u00e7a de comportamento\u201d.<\/p>\n\n\n\n<p>Sob a orienta\u00e7\u00e3o do Alphalearning, foram registrados ganhos surpreendentes nas capacidades mentais dos participantes. Assim, os valores de leitura e memoriza\u00e7\u00e3o medidos em 350 executivos (de 100 diferentes empresas internacionais), que passaram pelo treinamento cerebral do Instituto Alphalearning nos \u00faltimos dois anos, aumentaram entre 200% e 400%.<\/p>\n\n\n\n<p>Aqueles que iniciaram o curso com uma taxa de leitura de 250 palavras por minuto, sa\u00edram com uma taxa m\u00e9dia de aproximadamente 750 palavras por minuto. E ler mais r\u00e1pido significa compreender melhor, manter-se mais concentrado e lembrar-se das informa\u00e7\u00f5es com mais facilidade. Tamb\u00e9m significa economizar tempo: quem consegue processar 750 palavras por minuto \u00e9 capaz de concluir um livro de 300 p\u00e1ginas em apenas duas horas (normalmente isso levaria cerca de 6,5 horas).<\/p>\n\n\n\n<p>Para o Alphalearning, nada disso \u00e9 motivo de surpresa: \u201cLer \u00e9 algo f\u00edsico. A coordena\u00e7\u00e3o dos olhos e do c\u00e9rebro \u00e9 a chave para a Leitura Din\u00e2mica\u201d.<\/p>\n\n\n\n<p>Melhor desempenho, menos tens\u00e3o gra\u00e7as a uma maior capacidade de concentra\u00e7\u00e3o<\/p>\n\n\n\n<p>Para executivos, a Leitura Din\u00e2mica n\u00e3o \u00e9 apenas uma modalidade de competi\u00e7\u00e3o: quem l\u00ea, absorve, processa e ret\u00e9m informa\u00e7\u00f5es mais rapidamente tem mais tempo para outras tarefas e, portanto, est\u00e1 mais preparado para receber novos conte\u00fados, reduzindo as chances de ficar \u201csobrecarregado\u201d. Como conhecimento \u00e9 poder \u2014 afirma\u00e7\u00e3o inquestion\u00e1vel em nossa era da informa\u00e7\u00e3o \u2014 a Leitura Din\u00e2mica \u00e9 sem d\u00favida um dos m\u00e9todos mais eficazes para alcan\u00e7ar decis\u00f5es mais r\u00e1pidas e seguras. Al\u00e9m disso, os m\u00e9todos de treinamento do Instituto Alphalearning trazem efeitos colaterais positivos, como redu\u00e7\u00e3o de estresse e aumento da autoconfian\u00e7a e da efici\u00eancia mental em geral.<\/p>\n\n\n\n<p>Fica claro, assim, o que j\u00e1 se dizia sobre problemas de aprendizagem: de acordo com o psic\u00f3logo, esses problemas est\u00e3o enraizados mais profundamente do que as quest\u00f5es sexuais. Como solu\u00e7\u00e3o, o Instituto Alphalearning apresenta um recurso eletr\u00f4nico \u2014 o dispositivo de estimula\u00e7\u00e3o cerebral por luz e som. Segundo eles, o aparelho conduz os participantes \u00e0 \u201cposi\u00e7\u00e3o mental\u201d adequada para aprender de forma eficaz.<\/p>\n\n\n\n<p class=\"has-text-align-center\"><strong>Saber Aprender<\/strong><\/p>\n\n\n\n<p class=\"has-text-align-center\"><strong>Para alguns executivos, isso significa uma abordagem um pouco nova.<\/strong><\/p>\n\n\n\n<p class=\"has-text-align-center\"><strong>Os gerentes de pessoal respons\u00e1veis pelo treinamento cerebral dos executivos da Henkel KGaA em D\u00fcsseldorf (Alemanha), da ICL na Holanda e da Raychem em Munique (Alemanha) relatam suas experi\u00eancias com o m\u00e9todo Alphalearning.<\/strong><\/p>\n\n\n\n<div style=\"height:15px\" aria-hidden=\"true\" class=\"wp-block-spacer\"><\/div>\n\n\n\n<p><strong>Vijay Kothari, Treinamento de Gest\u00e3o Internacional, Henkel KGaA, Alemanha:<\/strong><br><em>\u201cConvidamos o Instituto Alphalearning para demonstrar seu m\u00e9todo. Isso foi motivado por um retorno excepcionalmente positivo de dois gestores que j\u00e1 haviam participado do treinamento. Tivemos a impress\u00e3o de estar diante de uma metodologia promissora para aumentar consideravelmente a velocidade de leitura dos executivos. Assim, poder\u00edamos contribuir para uma melhor gest\u00e3o do tempo, redu\u00e7\u00e3o do estresse e aumento da efici\u00eancia. Com isso em mente, organizamos com sucesso um semin\u00e1rio-piloto e mais alguns outros. Os participantes conseguiram elevar sua velocidade de leitura \u2014 \u00e0s vezes de forma significativa, muitas vezes em 300% ou mais. E n\u00e3o foi um resultado de curto prazo. Pretendemos dar continuidade aos semin\u00e1rios.\u201d<\/em><\/p>\n\n\n\n<div style=\"height:15px\" aria-hidden=\"true\" class=\"wp-block-spacer\"><\/div>\n\n\n\n<p><strong>Jan Willem van den Brandhof, gerente de pessoal da ICL Holanda:<\/strong><br><em>\u201cA ICL acredita fortemente no desenvolvimento de seus funcion\u00e1rios.<\/em><\/p>\n\n\n\n<p><em>Para esse fim, investimos quantias consider\u00e1veis em treinamentos e educa\u00e7\u00e3o.<\/em><\/p>\n\n\n\n<p><em>Para acelerar o processo de aprendizagem, o Instituto Alphalearning conduziu diversos cursos-piloto de treinamento cerebral e Leitura Din\u00e2mica em nossa empresa. Toda a equipe de gest\u00e3o, incluindo o CEO (Diretor Executivo), foi treinada. At\u00e9 agora, o resultado tem sido positivo.<\/em><\/p>\n\n\n\n<p><em>Al\u00e9m de serem detentores de recordes em Leitura Din\u00e2mica, os cientistas do Alphalearning desenvolveram um m\u00e9todo \u00fanico de controle de ondas cerebrais. Isso possibilita treinar o c\u00e9rebro visando o aprendizado ideal, o processamento acelerado de informa\u00e7\u00f5es, a redu\u00e7\u00e3o do estresse e o aumento da criatividade.<\/em><\/p>\n\n\n\n<p><em>Planejamos continuar com essa maneira de treinar, que \u00e9 radicalmente diferente.\u201d<\/em><\/p>\n\n\n\n<div style=\"height:15px\" aria-hidden=\"true\" class=\"wp-block-spacer\"><\/div>\n\n\n\n<p><strong>Thomas Jahn, CEO da Raychem Alemanha:<\/strong><br><em>\u201cSete executivos da Raychem participaram de um semin\u00e1rio intitulado \u2018Saber Aprender\u2019, ministrado pelo Instituto Alphalearning.<\/em><\/p>\n\n\n\n<p><em>Uma parte do semin\u00e1rio abordou a \u2018Leitura Din\u00e2mica\u2019, um recurso importante para aumentar a produtividade em n\u00edvel gerencial \u2014 afinal, \u00e9 dif\u00edcil dar conta da enxurrada de informa\u00e7\u00f5es impressas. O sucesso obtido com esses exerc\u00edcios foi realmente impressionante: em m\u00e9dia, as velocidades de leitura dos participantes triplicaram. Usando as mesmas t\u00e9cnicas, eles puderam elevar ainda mais a velocidade de leitura ap\u00f3s o t\u00e9rmino do curso.<\/em><\/p>\n\n\n\n<p><em>Tamb\u00e9m impressiona a simplicidade que caracteriza tanto os exerc\u00edcios quanto os recursos utilizados. Para a Leitura Din\u00e2mica, s\u00e3o fundamentais: postura correta, respira\u00e7\u00e3o adequada, uso de uma caneta de feltro como apontador (durante a leitura) e a clara distin\u00e7\u00e3o entre absorver e processar as informa\u00e7\u00f5es. Exerc\u00edcios de concentra\u00e7\u00e3o e treino dos m\u00fasculos oculares tamb\u00e9m foram etapas importantes. A Raychem come\u00e7ou o semin\u00e1rio como um experimento e, ap\u00f3s as experi\u00eancias vivenciadas, tornou-se um experimento muito positivo.\u201d<\/em><\/p>\n\n\n\n<p class=\"has-text-align-right\"><strong>Leia abaixo o artigo original digitalizado na \u00edntegra<\/strong><\/p>\n\n\n\n<div class=\"wp-block-file\">\n    <object class=\"wp-block-file__embed\" \n            data=\"https:\/\/alphalearning.com\/servepdf.php?year=2024&#038;month=04&#038;file=alphalearning-forbes.pdf\" \n            type=\"application\/pdf\" \n            style=\"width:100%;height:600px\" \n            aria-label=\"Forbes - Alphalearning\">\n    <\/object>\n    <a id=\"wp-block-file--media-f8f137a1-9be9-481f-8541-bcdbeb2a3e99\" href=\"https:\/\/alphalearning.com\/servepdf.php?year=2024&#038;month=04&#038;file=alphalearning-forbes.pdf\" target=\"_blank\" rel=\"noopener\">\n        Forbes &#8211; Alphalearning\n    <\/a>\n<\/div>\n<\/div><\/div>\n","protected":false},"excerpt":{"rendered":"<p>Forbes: Leitura Din\u00e2mica como um campe\u00e3o mundial FORBES PETER JAITNER &#8220;ARTIGO DE PESQUISA ORIGINAL&#8221; Traduzido do texto original em alem\u00e3o. [&hellip;]<\/p>\n","protected":false},"author":2,"featured_media":0,"parent":12858,"menu_order":120,"comment_status":"closed","ping_status":"closed","template":"","meta":{"_uag_custom_page_level_css":"","site-sidebar-layout":"default","site-content-layout":"","ast-site-content-layout":"default","site-content-style":"default","site-sidebar-style":"default","ast-global-header-display":"","ast-banner-title-visibility":"","ast-main-header-display":"","ast-hfb-above-header-display":"","ast-hfb-below-header-display":"","ast-hfb-mobile-header-display":"","site-post-title":"disabled","ast-breadcrumbs-content":"","ast-featured-img":"","footer-sml-layout":"","ast-disable-related-posts":"","theme-transparent-header-meta":"","adv-header-id-meta":"","stick-header-meta":"","header-above-stick-meta":"","header-main-stick-meta":"","header-below-stick-meta":"","astra-migrate-meta-layouts":"default","ast-page-background-enabled":"default","ast-page-background-meta":{"desktop":{"background-color":"var(--ast-global-color-4)","background-image":"","background-repeat":"repeat","background-position":"center center","background-size":"auto","background-attachment":"scroll","background-type":"","background-media":"","overlay-type":"","overlay-color":"","overlay-opacity":"","overlay-gradient":""},"tablet":{"background-color":"","background-image":"","background-repeat":"repeat","background-position":"center center","background-size":"auto","background-attachment":"scroll","background-type":"","background-media":"","overlay-type":"","overlay-color":"","overlay-opacity":"","overlay-gradient":""},"mobile":{"background-color":"","background-image":"","background-repeat":"repeat","background-position":"center center","background-size":"auto","background-attachment":"scroll","background-type":"","background-media":"","overlay-type":"","overlay-color":"","overlay-opacity":"","overlay-gradient":""}},"ast-content-background-meta":{"desktop":{"background-color":"var(--ast-global-color-5)","background-image":"","background-repeat":"repeat","background-position":"center center","background-size":"auto","background-attachment":"scroll","background-type":"","background-media":"","overlay-type":"","overlay-color":"","overlay-opacity":"","overlay-gradient":""},"tablet":{"background-color":"var(--ast-global-color-5)","background-image":"","background-repeat":"repeat","background-position":"center center","background-size":"auto","background-attachment":"scroll","background-type":"","background-media":"","overlay-type":"","overlay-color":"","overlay-opacity":"","overlay-gradient":""},"mobile":{"background-color":"var(--ast-global-color-5)","background-image":"","background-repeat":"repeat","background-position":"center center","background-size":"auto","background-attachment":"scroll","background-type":"","background-media":"","overlay-type":"","overlay-color":"","overlay-opacity":"","overlay-gradient":""}},"footnotes":""},"class_list":["post-12927","page","type-page","status-publish","hentry"],"yoast_head":"<!-- This site is optimized with the Yoast SEO plugin v27.1.1 - https:\/\/yoast.com\/product\/yoast-seo-wordpress\/ -->\n<title>Forbes: Domine a Leitura Din\u00e2mica e Mem\u00f3ria \u2013 Alphalearning<\/title>\n<meta name=\"description\" content=\"Descubra como executivos globais aceleram a leitura e impulsionam mem\u00f3ria e concentra\u00e7\u00e3o em 400% com os m\u00e9todos avan\u00e7ados do Alphalearning.\" \/>\n<meta name=\"robots\" content=\"index, follow, max-snippet:-1, max-image-preview:large, max-video-preview:-1\" \/>\n<link rel=\"canonical\" href=\"https:\/\/alphalearning.com\/pt\/imprensa-internacional\/forbes\/\" \/>\n<meta property=\"og:locale\" content=\"pt_PT\" \/>\n<meta property=\"og:type\" content=\"article\" \/>\n<meta property=\"og:title\" content=\"Forbes: Domine a Leitura Din\u00e2mica e Mem\u00f3ria \u2013 Alphalearning\" \/>\n<meta property=\"og:description\" content=\"Descubra como executivos globais aceleram a leitura e impulsionam mem\u00f3ria e concentra\u00e7\u00e3o em 400% com os m\u00e9todos avan\u00e7ados do Alphalearning.\" \/>\n<meta property=\"og:url\" content=\"https:\/\/alphalearning.com\/pt\/imprensa-internacional\/forbes\/\" \/>\n<meta property=\"og:site_name\" content=\"Alphalearning International\" \/>\n<meta property=\"article:modified_time\" content=\"2025-02-06T19:14:31+00:00\" \/>\n<meta property=\"og:image\" content=\"https:\/\/alphalearning.com\/wp-content\/uploads\/2024\/04\/alphalearning-logo_red_1200x675px.png\" \/>\n\t<meta property=\"og:image:width\" content=\"1200\" \/>\n\t<meta property=\"og:image:height\" content=\"675\" \/>\n\t<meta property=\"og:image:type\" content=\"image\/png\" \/>\n<meta name=\"twitter:card\" content=\"summary_large_image\" \/>\n<meta name=\"twitter:label1\" content=\"Est. reading time\" \/>\n\t<meta name=\"twitter:data1\" content=\"7 minutes\" \/>\n<!-- \/ Yoast SEO plugin. -->","yoast_head_json":{"title":"Forbes: Domine a Leitura Din\u00e2mica e Mem\u00f3ria \u2013 Alphalearning","description":"Descubra como executivos globais aceleram a leitura e impulsionam mem\u00f3ria e concentra\u00e7\u00e3o em 400% com os m\u00e9todos avan\u00e7ados do Alphalearning.","robots":{"index":"index","follow":"follow","max-snippet":"max-snippet:-1","max-image-preview":"max-image-preview:large","max-video-preview":"max-video-preview:-1"},"canonical":"https:\/\/alphalearning.com\/pt\/imprensa-internacional\/forbes\/","og_locale":"pt_PT","og_type":"article","og_title":"Forbes: Domine a Leitura Din\u00e2mica e Mem\u00f3ria \u2013 Alphalearning","og_description":"Descubra como executivos globais aceleram a leitura e impulsionam mem\u00f3ria e concentra\u00e7\u00e3o em 400% com os m\u00e9todos avan\u00e7ados do Alphalearning.","og_url":"https:\/\/alphalearning.com\/pt\/imprensa-internacional\/forbes\/","og_site_name":"Alphalearning International","article_modified_time":"2025-02-06T19:14:31+00:00","og_image":[{"width":1200,"height":675,"url":"https:\/\/alphalearning.com\/wp-content\/uploads\/2024\/04\/alphalearning-logo_red_1200x675px.png","type":"image\/png"}],"twitter_card":"summary_large_image","twitter_misc":{"Est. reading time":"7 minutes"},"schema":{"@context":"https:\/\/schema.org","@graph":[{"@type":"WebPage","@id":"https:\/\/alphalearning.com\/pt\/imprensa-internacional\/forbes\/","url":"https:\/\/alphalearning.com\/pt\/imprensa-internacional\/forbes\/","name":"Forbes: Domine a Leitura Din\u00e2mica e Mem\u00f3ria \u2013 Alphalearning","isPartOf":{"@id":"https:\/\/alphalearning.com\/pt\/#website"},"datePublished":"2024-03-27T16:49:14+00:00","dateModified":"2025-02-06T19:14:31+00:00","description":"Descubra como executivos globais aceleram a leitura e impulsionam mem\u00f3ria e concentra\u00e7\u00e3o em 400% com os m\u00e9todos avan\u00e7ados do Alphalearning.","breadcrumb":{"@id":"https:\/\/alphalearning.com\/pt\/imprensa-internacional\/forbes\/#breadcrumb"},"inLanguage":"pt","potentialAction":[{"@type":"ReadAction","target":["https:\/\/alphalearning.com\/pt\/imprensa-internacional\/forbes\/"]}]},{"@type":"BreadcrumbList","@id":"https:\/\/alphalearning.com\/pt\/imprensa-internacional\/forbes\/#breadcrumb","itemListElement":[{"@type":"ListItem","position":1,"name":"Home","item":"https:\/\/alphalearning.com\/pt\/"},{"@type":"ListItem","position":2,"name":"Imprensa Internacional","item":"https:\/\/alphalearning.com\/pt\/imprensa-internacional\/"},{"@type":"ListItem","position":3,"name":"Forbes"}]},{"@type":"WebSite","@id":"https:\/\/alphalearning.com\/pt\/#website","url":"https:\/\/alphalearning.com\/pt\/","name":"Alphalearning International","description":"the brain training institute","publisher":{"@id":"https:\/\/alphalearning.com\/pt\/#organization"},"potentialAction":[{"@type":"SearchAction","target":{"@type":"EntryPoint","urlTemplate":"https:\/\/alphalearning.com\/pt\/?s={search_term_string}"},"query-input":{"@type":"PropertyValueSpecification","valueRequired":true,"valueName":"search_term_string"}}],"inLanguage":"pt"},{"@type":"Organization","@id":"https:\/\/alphalearning.com\/pt\/#organization","name":"Alphalearning International","url":"https:\/\/alphalearning.com\/pt\/","logo":{"@type":"ImageObject","inLanguage":"pt","@id":"https:\/\/alphalearning.com\/pt\/#\/schema\/logo\/image\/","url":"https:\/\/alphalearning.com\/wp-content\/uploads\/2024\/03\/alphalearning_ico2_512px.png","contentUrl":"https:\/\/alphalearning.com\/wp-content\/uploads\/2024\/03\/alphalearning_ico2_512px.png","width":512,"height":512,"caption":"Alphalearning International"},"image":{"@id":"https:\/\/alphalearning.com\/pt\/#\/schema\/logo\/image\/"}}]}},"uagb_featured_image_src":{"full":false,"thumbnail":false,"medium":false,"medium_large":false,"large":false,"1536x1536":false,"2048x2048":false,"gform-image-choice-sm":false,"gform-image-choice-md":false,"gform-image-choice-lg":false},"uagb_author_info":{"display_name":"Julio Machado","author_link":"https:\/\/alphalearning.com\/pt\/author\/julio-machado\/"},"uagb_comment_info":0,"uagb_excerpt":"Forbes: Leitura Din\u00e2mica como um campe\u00e3o mundial FORBES PETER JAITNER &#8220;ARTIGO DE PESQUISA ORIGINAL&#8221; Traduzido do texto original em alem\u00e3o. [&hellip;]","_links":{"self":[{"href":"https:\/\/alphalearning.com\/pt\/wp-json\/wp\/v2\/pages\/12927","targetHints":{"allow":["GET"]}}],"collection":[{"href":"https:\/\/alphalearning.com\/pt\/wp-json\/wp\/v2\/pages"}],"about":[{"href":"https:\/\/alphalearning.com\/pt\/wp-json\/wp\/v2\/types\/page"}],"author":[{"embeddable":true,"href":"https:\/\/alphalearning.com\/pt\/wp-json\/wp\/v2\/users\/2"}],"replies":[{"embeddable":true,"href":"https:\/\/alphalearning.com\/pt\/wp-json\/wp\/v2\/comments?post=12927"}],"version-history":[{"count":2,"href":"https:\/\/alphalearning.com\/pt\/wp-json\/wp\/v2\/pages\/12927\/revisions"}],"predecessor-version":[{"id":15035,"href":"https:\/\/alphalearning.com\/pt\/wp-json\/wp\/v2\/pages\/12927\/revisions\/15035"}],"up":[{"embeddable":true,"href":"https:\/\/alphalearning.com\/pt\/wp-json\/wp\/v2\/pages\/12858"}],"wp:attachment":[{"href":"https:\/\/alphalearning.com\/pt\/wp-json\/wp\/v2\/media?parent=12927"}],"curies":[{"name":"wp","href":"https:\/\/api.w.org\/{rel}","templated":true}]}}