{"id":12920,"date":"2024-03-27T16:48:58","date_gmt":"2024-03-27T16:48:58","guid":{"rendered":"https:\/\/alphalearning.com\/imprensa-internacional\/ego-2000\/"},"modified":"2025-02-06T18:37:47","modified_gmt":"2025-02-06T18:37:47","slug":"ego-2000","status":"publish","type":"page","link":"https:\/\/alphalearning.com\/pt\/imprensa-internacional\/ego-2000\/","title":{"rendered":"EGO 2000"},"content":{"rendered":"\n<div class=\"wp-block-uagb-advanced-heading uagb-block-d17a94a3\"><h1 class=\"uagb-heading-text\">Alphalearning na EGO 2000<\/h1><\/div>\n\n\n\n<div class=\"wp-block-uagb-container uagb-block-fde1c1e7 alignfull uagb-is-root-container\"><div class=\"uagb-container-inner-blocks-wrap\">\n<p class=\"has-text-align-center\"><strong>EGO 2000<\/strong><\/p>\n\n\n\n<p class=\"has-text-align-center\"><strong>(A principal revista sobre o c\u00e9rebro da Holanda)<\/strong><\/p>\n\n\n\n<p class=\"has-text-align-center\"><strong>Desempenhos m\u00e1ximos por meio de ondas cerebrais Alfa<\/strong><\/p>\n\n\n\n<p class=\"has-text-align-center\"><strong>Concentra\u00e7\u00e3o e mem\u00f3ria aprimoradas gra\u00e7as \u00e0 aplica\u00e7\u00e3o de um Dispositivo de Estimula\u00e7\u00e3o Cerebral por Luz e Som<\/strong><\/p>\n\n\n\n<p>Ao combinar um dispositivo de estimula\u00e7\u00e3o cerebral por luz e som com bio-feedback, \u00e9 poss\u00edvel obter resultados surpreendentes. O Brainwave I \u00e9 um dispositivo que funciona em conjunto com um PC. Ele foi desenvolvido pelo Instituto Alphalearning, que possui seu escrit\u00f3rio de pesquisa na Su\u00ed\u00e7a. O Instituto organiza cursos e tamb\u00e9m fornece o equipamento para empresas e escolas. Os resultados dessa tecnologia incluem um n\u00edvel mais alto de concentra\u00e7\u00e3o, um QI aprimorado e melhores resultados esportivos. O Instituto chega a afirmar ser poss\u00edvel reverter danos cerebrais.<\/p>\n\n\n\n<div class=\"wp-block-uagb-advanced-heading uagb-block-0c5594a1\"><h2 class=\"uagb-heading-text\">Saber Aprender<\/h2><\/div>\n\n\n\n<p>O lema do Instituto Alphalearning \u00e9 \u201cSaber Aprender\u201d, uma atividade que eles consideram amplamente subestimada em nossa sociedade. \u201cNas escolas e universidades, recebemos pilhas e pilhas de informa\u00e7\u00f5es, mas ningu\u00e9m realmente nos ensina a melhor forma de aprender, muito menos como desenvolver nossas \u2018habilidades mentais\u2019.\u201d<\/p>\n\n\n\n<p>As pessoas que participam dos semin\u00e1rios do Instituto Alphalearning n\u00e3o apenas aprimoram sua mem\u00f3ria e capacidade de concentra\u00e7\u00e3o \u2013 em m\u00e9dia, sua velocidade de leitura aumenta em 300% \u2013, mas tamb\u00e9m sua flexibilidade mental. Portanto, o \u201cCurso Saber Aprender\u201d n\u00e3o \u00e9 apenas para estudantes \u2013 a maioria dos participantes vem do mundo dos neg\u00f3cios. Ter seus tomadores de decis\u00e3o aprimorando seu desempenho vale muito para muitas grandes empresas.<\/p>\n\n\n\n<p>A leitura din\u00e2mica, mantendo a memoriza\u00e7\u00e3o do conte\u00fado, \u00e9 considerada uma vantagem em muitos tipos de neg\u00f3cios. Al\u00e9m disso, o participante t\u00edpico do curso vivencia um aumento de QI de 10% a 30%, e o estresse mental tamb\u00e9m \u00e9 reduzido.<\/p>\n\n\n\n<div class=\"wp-block-uagb-advanced-heading uagb-block-f84d29f2\"><h2 class=\"uagb-heading-text\">Medita\u00e7\u00e3o<\/h2><\/div>\n\n\n\n<p>Um dispositivo not\u00e1vel, esse Brainwave I. \u00c9 a combina\u00e7\u00e3o que faz a diferen\u00e7a \u2013 primeiro, as ondas cerebrais da pessoa s\u00e3o medidas usando um eletroencefal\u00f3grafo e, em seguida, ocorre a estimula\u00e7\u00e3o cerebral pelo Brainwave I. Essa \u00e9 uma abordagem mais precisa do que a obtida pelos dispositivos de estimula\u00e7\u00e3o cerebral por luz e som convencionais dispon\u00edveis no mercado, que utilizam um programa padr\u00e3o.<\/p>\n\n\n\n<p>Resultados espetaculares j\u00e1 foram alcan\u00e7ados com o uso de dispositivos de estimula\u00e7\u00e3o cerebral por luz e som e\/ou bio-feedback (por exemplo, no tratamento do alcoolismo, na melhora da mem\u00f3ria ou no al\u00edvio da dor), e gra\u00e7as exatamente a essa combina\u00e7\u00e3o de um dispositivo de estimula\u00e7\u00e3o cerebral por luz e som e bio-feedback, o Brainwave I parece acelerar o processo de controle cerebral e a harmoniza\u00e7\u00e3o dos dois hemisf\u00e9rios.<\/p>\n\n\n\n<p>No cerne de muitos m\u00e9todos de autodesenvolvimento, medita\u00e7\u00e3o e relaxamento controlado, encontra-se o estado Alfa. Quem utiliza tecnologia cerebral est\u00e1 familiarizado com esse conceito \u2013 ele indica o estado mental em que o corpo est\u00e1 relaxado enquanto a mente permanece desperta. Quando as ondas cerebrais de uma pessoa nesse estado meditativo, por\u00e9m mentalmente concentrado, s\u00e3o medidas, o monitor mostra as ondas cerebrais Alfa, relativamente lentas.<\/p>\n\n\n\n<div class=\"wp-block-uagb-advanced-heading uagb-block-c4f69fe1\"><h2 class=\"uagb-heading-text\">Alfa<\/h2><\/div>\n\n\n\n<p>Esse estado Alfa est\u00e1 h\u00e1 bastante tempo associado a uma melhora na capacidade de concentra\u00e7\u00e3o, nas habilidades de aprendizagem e na resist\u00eancia ao estresse. Durante as d\u00e9cadas de 1960 e 1970 \u2013 a Idade de Ouro no que diz respeito \u00e0 pesquisa de ondas cerebrais \u2013, foram descobertas as vantagens de se gerar ondas Alfa regularmente. Livrar-se de maus h\u00e1bitos e adquirir novos h\u00e1bitos \u00e9 mais f\u00e1cil durante o estado Alfa do que em circunst\u00e2ncias normais.<\/p>\n\n\n\n<p>Al\u00e9m disso, o c\u00e9rebro se recupera mais rapidamente do cansa\u00e7o e de danos decorrentes de estresse mental ou do uso de \u00e1lcool ou drogas. Tamb\u00e9m contribui para maior resist\u00eancia e engenhosidade. Pessoas que meditam regularmente conseguem gerar essas ondas Alfa sozinhas com bastante facilidade. Isso levou \u00e0 conclus\u00e3o de que as vantagens da medita\u00e7\u00e3o t\u00eam tudo a ver com o estado Alfa.<\/p>\n\n\n\n<div class=\"wp-block-uagb-advanced-heading uagb-block-626ef020\"><h2 class=\"uagb-heading-text\">Sincronia<\/h2><\/div>\n\n\n\n<p>Al\u00e9m do estado Alfa, a sincroniza\u00e7\u00e3o do c\u00e9rebro desempenha um papel fundamental. A atividade nos hemisf\u00e9rios esquerdo e direito do c\u00e9rebro raramente \u00e9 igual. Isso geralmente indica que os dois componentes centrais do c\u00e9rebro \u2013 um sendo o centro da linguagem e da l\u00f3gica, o outro o centro da intui\u00e7\u00e3o e das emo\u00e7\u00f5es \u2013 n\u00e3o est\u00e3o devidamente interconectados. Quando as duas metades do c\u00e9rebro s\u00e3o harmonizadas por meio do tipo adequado de estimula\u00e7\u00e3o, ocorre uma melhoria na sincronicidade, fazendo com que as ondas cerebrais em ambas as metades se correspondam. Assim, o c\u00e9rebro passa a funcionar como um todo, em vez de dois componentes separados. Essa \u00e9 uma situa\u00e7\u00e3o ideal que leva a desempenhos de pico, at\u00e9 mesmo no mundo dos esportes.<\/p>\n\n\n\n<p>Al\u00e9m das regi\u00f5es esquerda e direita, tamb\u00e9m \u00e9 poss\u00edvel distinguir as regi\u00f5es frontal e posterior do c\u00e9rebro. A regi\u00e3o posterior controla a percep\u00e7\u00e3o visual (reconhecimento de formas, dimens\u00f5es e movimento), enquanto a regi\u00e3o frontal lida com os outros sentidos (som, paladar etc.). Essas duas regi\u00f5es tamb\u00e9m podem estar \u201cfora de sincronia\u201d, situa\u00e7\u00e3o que leva, nesse caso, a um senso perturbado de equil\u00edbrio e coordena\u00e7\u00e3o f\u00edsica, que s\u00f3 pode ser corrigido pelo uso do tipo certo de estimula\u00e7\u00e3o \u00f3ptico-ac\u00fastica eletr\u00f4nica.<\/p>\n\n\n\n<div class=\"wp-block-uagb-advanced-heading uagb-block-10bb9224\"><h2 class=\"uagb-heading-text\">Cura milagrosa<\/h2><\/div>\n\n\n\n<p>Al\u00e9m da \u201cmuscula\u00e7\u00e3o mental\u201d para executivos, o sistema Brainwave tamb\u00e9m est\u00e1 sendo cada vez mais utilizado em hospitais para tratar danos cerebrais. Em certa medida, praticamente todas as pessoas sofrem de danos cerebrais, que podem ter sido causados por falta de oxig\u00eanio ou por um golpe na cabe\u00e7a. Especialmente em uma idade precoce, isso pode ter consequ\u00eancias graves para a aprendizagem e a leitura ou para manter o corpo em equil\u00edbrio. Com a estimula\u00e7\u00e3o adequada \u2013 que s\u00f3 \u00e9 poss\u00edvel ap\u00f3s um exame minucioso de uma varredura cerebral do indiv\u00edduo \u2013, \u00e9 poss\u00edvel curar essas condi\u00e7\u00f5es, \u00e0s vezes depois de apenas uma sess\u00e3o.<\/p>\n\n\n\n<p>As hist\u00f3rias contadas por quem participou dessas sess\u00f5es de treinamento poderiam facilmente ser confundidas com aquelas relacionadas a uma das curas milagrosas de Jomanda.<\/p>\n\n\n\n<p>Existe, por\u00e9m, uma exce\u00e7\u00e3o \u2013 o m\u00e9todo do Alphalearning n\u00e3o tem nada a ver com milagres, pois possui uma base s\u00f3lida de pesquisa cient\u00edfica.<\/p>\n\n\n\n<p>O Instituto Alphalearning chama esse m\u00e9todo de uma nova forma de neurocirurgia. Em casos em que medicamentos ou cirurgias eram as \u00fanicas solu\u00e7\u00f5es poss\u00edveis, agora pode-se usar o Brainwave I. E essa \u00e9 uma op\u00e7\u00e3o mais limpa e possivelmente mais saud\u00e1vel tamb\u00e9m.<\/p>\n\n\n\n<p>O futuro nessa \u00e1rea realmente parece muito promissor. Ideias sobre o uso de uma combina\u00e7\u00e3o de bio-feedback e dispositivos de estimula\u00e7\u00e3o cerebral por luz e som j\u00e1 existem h\u00e1 algum tempo, mas agora encontraram comprova\u00e7\u00e3o nas atividades do Instituto Alphalearning.<\/p>\n\n\n\n<p>\u00c9 bom ver que n\u00e3o se trata simplesmente do dispositivo eletr\u00f4nico em si, mas sim de sua implementa\u00e7\u00e3o cuidadosa por parte de uma equipe bem treinada. Afinal, a estimula\u00e7\u00e3o fornecida pelo dispositivo de etimula\u00e7\u00e3o cerebral por luz e som \u00e9 cuidadosamente ajustada de acordo com a atividade cerebral do indiv\u00edduo. O dispositivo de estimula\u00e7\u00e3o cerebral por luz e som \u00e9 simplesmente o ve\u00edculo conduzido por aqueles que o operam.<\/p>\n<\/div><\/div>\n","protected":false},"excerpt":{"rendered":"<p>Alphalearning na EGO 2000 EGO 2000 (A principal revista sobre o c\u00e9rebro da Holanda) Desempenhos m\u00e1ximos por meio de ondas [&hellip;]<\/p>\n","protected":false},"author":2,"featured_media":0,"parent":12858,"menu_order":115,"comment_status":"closed","ping_status":"closed","template":"","meta":{"_uag_custom_page_level_css":"","site-sidebar-layout":"default","site-content-layout":"","ast-site-content-layout":"default","site-content-style":"default","site-sidebar-style":"default","ast-global-header-display":"","ast-banner-title-visibility":"","ast-main-header-display":"","ast-hfb-above-header-display":"","ast-hfb-below-header-display":"","ast-hfb-mobile-header-display":"","site-post-title":"disabled","ast-breadcrumbs-content":"","ast-featured-img":"","footer-sml-layout":"","ast-disable-related-posts":"","theme-transparent-header-meta":"","adv-header-id-meta":"","stick-header-meta":"","header-above-stick-meta":"","header-main-stick-meta":"","header-below-stick-meta":"","astra-migrate-meta-layouts":"default","ast-page-background-enabled":"default","ast-page-background-meta":{"desktop":{"background-color":"var(--ast-global-color-4)","background-image":"","background-repeat":"repeat","background-position":"center center","background-size":"auto","background-attachment":"scroll","background-type":"","background-media":"","overlay-type":"","overlay-color":"","overlay-opacity":"","overlay-gradient":""},"tablet":{"background-color":"","background-image":"","background-repeat":"repeat","background-position":"center center","background-size":"auto","background-attachment":"scroll","background-type":"","background-media":"","overlay-type":"","overlay-color":"","overlay-opacity":"","overlay-gradient":""},"mobile":{"background-color":"","background-image":"","background-repeat":"repeat","background-position":"center center","background-size":"auto","background-attachment":"scroll","background-type":"","background-media":"","overlay-type":"","overlay-color":"","overlay-opacity":"","overlay-gradient":""}},"ast-content-background-meta":{"desktop":{"background-color":"var(--ast-global-color-5)","background-image":"","background-repeat":"repeat","background-position":"center center","background-size":"auto","background-attachment":"scroll","background-type":"","background-media":"","overlay-type":"","overlay-color":"","overlay-opacity":"","overlay-gradient":""},"tablet":{"background-color":"var(--ast-global-color-5)","background-image":"","background-repeat":"repeat","background-position":"center center","background-size":"auto","background-attachment":"scroll","background-type":"","background-media":"","overlay-type":"","overlay-color":"","overlay-opacity":"","overlay-gradient":""},"mobile":{"background-color":"var(--ast-global-color-5)","background-image":"","background-repeat":"repeat","background-position":"center center","background-size":"auto","background-attachment":"scroll","background-type":"","background-media":"","overlay-type":"","overlay-color":"","overlay-opacity":"","overlay-gradient":""}},"footnotes":""},"class_list":["post-12920","page","type-page","status-publish","hentry"],"yoast_head":"<!-- This site is optimized with the Yoast SEO plugin v27.1.1 - https:\/\/yoast.com\/product\/yoast-seo-wordpress\/ -->\n<title>Alphalearning &amp; EGO 2000: Desempenho M\u00e1ximo com Ondas Alfa<\/title>\n<meta name=\"description\" content=\"EGO 2000 - Descubra o Sistema Brainwave do Alphalearning e use ondas alfa para desempenho m\u00e1ximo, mem\u00f3ria, leitura mais r\u00e1pida e melhor fun\u00e7\u00e3o cerebral.\" \/>\n<meta name=\"robots\" content=\"index, follow, max-snippet:-1, max-image-preview:large, max-video-preview:-1\" \/>\n<link rel=\"canonical\" href=\"https:\/\/alphalearning.com\/pt\/imprensa-internacional\/ego-2000\/\" \/>\n<meta property=\"og:locale\" content=\"pt_PT\" \/>\n<meta property=\"og:type\" content=\"article\" \/>\n<meta property=\"og:title\" content=\"Alphalearning &amp; EGO 2000: Desempenho M\u00e1ximo com Ondas Alfa\" \/>\n<meta property=\"og:description\" content=\"EGO 2000 - Descubra o Sistema Brainwave do Alphalearning e use ondas alfa para desempenho m\u00e1ximo, mem\u00f3ria, leitura mais r\u00e1pida e melhor fun\u00e7\u00e3o cerebral.\" \/>\n<meta property=\"og:url\" content=\"https:\/\/alphalearning.com\/pt\/imprensa-internacional\/ego-2000\/\" \/>\n<meta property=\"og:site_name\" content=\"Alphalearning International\" \/>\n<meta property=\"article:modified_time\" content=\"2025-02-06T18:37:47+00:00\" \/>\n<meta property=\"og:image\" content=\"https:\/\/alphalearning.com\/wp-content\/uploads\/2024\/04\/alphalearning-logo_red_1200x675px.png\" \/>\n\t<meta property=\"og:image:width\" content=\"1200\" \/>\n\t<meta property=\"og:image:height\" content=\"675\" \/>\n\t<meta property=\"og:image:type\" content=\"image\/png\" \/>\n<meta name=\"twitter:card\" content=\"summary_large_image\" \/>\n<meta name=\"twitter:label1\" content=\"Est. reading time\" \/>\n\t<meta name=\"twitter:data1\" content=\"5 minutes\" \/>\n<!-- \/ Yoast SEO plugin. -->","yoast_head_json":{"title":"Alphalearning & EGO 2000: Desempenho M\u00e1ximo com Ondas Alfa","description":"EGO 2000 - Descubra o Sistema Brainwave do Alphalearning e use ondas alfa para desempenho m\u00e1ximo, mem\u00f3ria, leitura mais r\u00e1pida e melhor fun\u00e7\u00e3o cerebral.","robots":{"index":"index","follow":"follow","max-snippet":"max-snippet:-1","max-image-preview":"max-image-preview:large","max-video-preview":"max-video-preview:-1"},"canonical":"https:\/\/alphalearning.com\/pt\/imprensa-internacional\/ego-2000\/","og_locale":"pt_PT","og_type":"article","og_title":"Alphalearning & EGO 2000: Desempenho M\u00e1ximo com Ondas Alfa","og_description":"EGO 2000 - Descubra o Sistema Brainwave do Alphalearning e use ondas alfa para desempenho m\u00e1ximo, mem\u00f3ria, leitura mais r\u00e1pida e melhor fun\u00e7\u00e3o cerebral.","og_url":"https:\/\/alphalearning.com\/pt\/imprensa-internacional\/ego-2000\/","og_site_name":"Alphalearning International","article_modified_time":"2025-02-06T18:37:47+00:00","og_image":[{"width":1200,"height":675,"url":"https:\/\/alphalearning.com\/wp-content\/uploads\/2024\/04\/alphalearning-logo_red_1200x675px.png","type":"image\/png"}],"twitter_card":"summary_large_image","twitter_misc":{"Est. reading time":"5 minutes"},"schema":{"@context":"https:\/\/schema.org","@graph":[{"@type":"WebPage","@id":"https:\/\/alphalearning.com\/pt\/imprensa-internacional\/ego-2000\/","url":"https:\/\/alphalearning.com\/pt\/imprensa-internacional\/ego-2000\/","name":"Alphalearning & EGO 2000: Desempenho M\u00e1ximo com Ondas Alfa","isPartOf":{"@id":"https:\/\/alphalearning.com\/pt\/#website"},"datePublished":"2024-03-27T16:48:58+00:00","dateModified":"2025-02-06T18:37:47+00:00","description":"EGO 2000 - Descubra o Sistema Brainwave do Alphalearning e use ondas alfa para desempenho m\u00e1ximo, mem\u00f3ria, leitura mais r\u00e1pida e melhor fun\u00e7\u00e3o cerebral.","breadcrumb":{"@id":"https:\/\/alphalearning.com\/pt\/imprensa-internacional\/ego-2000\/#breadcrumb"},"inLanguage":"pt","potentialAction":[{"@type":"ReadAction","target":["https:\/\/alphalearning.com\/pt\/imprensa-internacional\/ego-2000\/"]}]},{"@type":"BreadcrumbList","@id":"https:\/\/alphalearning.com\/pt\/imprensa-internacional\/ego-2000\/#breadcrumb","itemListElement":[{"@type":"ListItem","position":1,"name":"Home","item":"https:\/\/alphalearning.com\/pt\/"},{"@type":"ListItem","position":2,"name":"Imprensa Internacional","item":"https:\/\/alphalearning.com\/pt\/imprensa-internacional\/"},{"@type":"ListItem","position":3,"name":"EGO 2000"}]},{"@type":"WebSite","@id":"https:\/\/alphalearning.com\/pt\/#website","url":"https:\/\/alphalearning.com\/pt\/","name":"Alphalearning International","description":"the brain training institute","publisher":{"@id":"https:\/\/alphalearning.com\/pt\/#organization"},"potentialAction":[{"@type":"SearchAction","target":{"@type":"EntryPoint","urlTemplate":"https:\/\/alphalearning.com\/pt\/?s={search_term_string}"},"query-input":{"@type":"PropertyValueSpecification","valueRequired":true,"valueName":"search_term_string"}}],"inLanguage":"pt"},{"@type":"Organization","@id":"https:\/\/alphalearning.com\/pt\/#organization","name":"Alphalearning International","url":"https:\/\/alphalearning.com\/pt\/","logo":{"@type":"ImageObject","inLanguage":"pt","@id":"https:\/\/alphalearning.com\/pt\/#\/schema\/logo\/image\/","url":"https:\/\/alphalearning.com\/wp-content\/uploads\/2024\/03\/alphalearning_ico2_512px.png","contentUrl":"https:\/\/alphalearning.com\/wp-content\/uploads\/2024\/03\/alphalearning_ico2_512px.png","width":512,"height":512,"caption":"Alphalearning International"},"image":{"@id":"https:\/\/alphalearning.com\/pt\/#\/schema\/logo\/image\/"}}]}},"uagb_featured_image_src":{"full":false,"thumbnail":false,"medium":false,"medium_large":false,"large":false,"1536x1536":false,"2048x2048":false,"gform-image-choice-sm":false,"gform-image-choice-md":false,"gform-image-choice-lg":false},"uagb_author_info":{"display_name":"Julio Machado","author_link":"https:\/\/alphalearning.com\/pt\/author\/julio-machado\/"},"uagb_comment_info":0,"uagb_excerpt":"Alphalearning na EGO 2000 EGO 2000 (A principal revista sobre o c\u00e9rebro da Holanda) Desempenhos m\u00e1ximos por meio de ondas [&hellip;]","_links":{"self":[{"href":"https:\/\/alphalearning.com\/pt\/wp-json\/wp\/v2\/pages\/12920","targetHints":{"allow":["GET"]}}],"collection":[{"href":"https:\/\/alphalearning.com\/pt\/wp-json\/wp\/v2\/pages"}],"about":[{"href":"https:\/\/alphalearning.com\/pt\/wp-json\/wp\/v2\/types\/page"}],"author":[{"embeddable":true,"href":"https:\/\/alphalearning.com\/pt\/wp-json\/wp\/v2\/users\/2"}],"replies":[{"embeddable":true,"href":"https:\/\/alphalearning.com\/pt\/wp-json\/wp\/v2\/comments?post=12920"}],"version-history":[{"count":3,"href":"https:\/\/alphalearning.com\/pt\/wp-json\/wp\/v2\/pages\/12920\/revisions"}],"predecessor-version":[{"id":15033,"href":"https:\/\/alphalearning.com\/pt\/wp-json\/wp\/v2\/pages\/12920\/revisions\/15033"}],"up":[{"embeddable":true,"href":"https:\/\/alphalearning.com\/pt\/wp-json\/wp\/v2\/pages\/12858"}],"wp:attachment":[{"href":"https:\/\/alphalearning.com\/pt\/wp-json\/wp\/v2\/media?parent=12920"}],"curies":[{"name":"wp","href":"https:\/\/api.w.org\/{rel}","templated":true}]}}