{"id":12847,"date":"2024-03-27T16:21:07","date_gmt":"2024-03-27T16:21:07","guid":{"rendered":"https:\/\/alphalearning.com\/transtornos-do-espectro-autista\/neurofeedback-improves-executive-functioning\/"},"modified":"2025-01-27T10:40:45","modified_gmt":"2025-01-27T10:40:45","slug":"neurofeedback-aperfeicoa-funcoes-executivas","status":"publish","type":"page","link":"https:\/\/alphalearning.com\/pt\/transtornos-do-espectro-autista\/neurofeedback-aperfeicoa-funcoes-executivas\/","title":{"rendered":"Neurofeedback Aperfei\u00e7oa Fun\u00e7\u00f5es Executivas em Crian\u00e7as no Espectro Autista"},"content":{"rendered":"\n<div class=\"wp-block-uagb-advanced-heading uagb-block-ff258fe4\"><h1 class=\"uagb-heading-text\">Neurofeedback melhora o funcionamento executivo em crian\u00e7as com transtornos do espectro do autismo<\/h1><\/div>\n\n\n\n<p>Resumo.<\/p>\n\n\n\n<p>Sete crian\u00e7as autistas diagnosticadas com transtornos do espectro do autismo (TEA) receberam um tratamento de neurofeedback com o objetivo de melhorar seu n\u00edvel de controle executivo. O neurofeedback reduziu com sucesso a elevada raz\u00e3o teta\/beta das crian\u00e7as ao inibir a ativa\u00e7\u00e3o de teta e aumentar a ativa\u00e7\u00e3o de beta ao longo das sess\u00f5es. Ap\u00f3s o tratamento, verificou-se que as capacidades executivas das crian\u00e7as apresentaram grande melhora em rela\u00e7\u00e3o \u00e0 avalia\u00e7\u00e3o pr\u00e9-tratamento em uma variedade de tarefas de fun\u00e7\u00e3o executiva. Adicionalmente, observaram-se melhorias no comportamento social, comunicativo e t\u00edpico das crian\u00e7as, em compara\u00e7\u00e3o a um grupo de controle em lista de espera. Esses achados sugerem que h\u00e1 um comprometimento b\u00e1sico de fun\u00e7\u00e3o executiva em TEA, o qual pode ser amenizado por meio de tratamento espec\u00edfico de neurofeedback. Tamb\u00e9m s\u00e3o discutidos poss\u00edveis mecanismos neurais que podem estar subjacentes \u00e0 melhora do funcionamento executivo mediada pelo neurofeedback em crian\u00e7as autistas.<\/p>\n\n\n\n<p>Em conclus\u00e3o, a aplica\u00e7\u00e3o de um protocolo t\u00edpico de neurofeedback para TDAH em um grupo de crian\u00e7as diagnosticadas com TEA demonstrou ser altamente eficaz. O tratamento com neurofeedback resultou em melhorias claras no funcionamento executivo dessas crian\u00e7as, evidenciadas em uma ampla gama de tarefas de fun\u00e7\u00e3o executiva. Esses achados fornecem evid\u00eancias adicionais de um comprometimento b\u00e1sico de fun\u00e7\u00e3o executiva em TEA e sugerem uma rela\u00e7\u00e3o entre a raz\u00e3o teta\/beta elevada nessas crian\u00e7as e a hipoativa\u00e7\u00e3o do ACC (c\u00f3rtex cingulado anterior) como poss\u00edvel origem neural desse comprometimento.<\/p>\n\n\n\n<p><a href=\"https:\/\/alphalearning.com\/pt\/transtornos-do-espectro-autista\/#NeurofeedbackTraining\">Saiba como alcan\u00e7ar esses resultados por meio do curso Alphalearning Internacional<\/a><\/p>\n\n\n\n<p class=\"has-text-align-right\"><a href=\"https:\/\/alphalearning.com\/servepdf.php?year=2024&amp;month=03&amp;file=alphalearning-neurofeedback-improves-executive-functioning-in-children-with-autism-spectrum-disorders.pdf\" target=\"_blank\" rel=\"noreferrer noopener nofollow\">Baixe o artigo completo em formato PDF<\/a><\/p>\n","protected":false},"excerpt":{"rendered":"<p>Neurofeedback melhora o funcionamento executivo em crian\u00e7as com transtornos do espectro do autismo Resumo. Sete crian\u00e7as autistas diagnosticadas com transtornos [&hellip;]<\/p>\n","protected":false},"author":2,"featured_media":0,"parent":12601,"menu_order":316,"comment_status":"closed","ping_status":"closed","template":"","meta":{"_uag_custom_page_level_css":"","site-sidebar-layout":"default","site-content-layout":"","ast-site-content-layout":"default","site-content-style":"default","site-sidebar-style":"default","ast-global-header-display":"","ast-banner-title-visibility":"","ast-main-header-display":"","ast-hfb-above-header-display":"","ast-hfb-below-header-display":"","ast-hfb-mobile-header-display":"","site-post-title":"disabled","ast-breadcrumbs-content":"","ast-featured-img":"","footer-sml-layout":"","ast-disable-related-posts":"","theme-transparent-header-meta":"","adv-header-id-meta":"","stick-header-meta":"","header-above-stick-meta":"","header-main-stick-meta":"","header-below-stick-meta":"","astra-migrate-meta-layouts":"default","ast-page-background-enabled":"default","ast-page-background-meta":{"desktop":{"background-color":"var(--ast-global-color-4)","background-image":"","background-repeat":"repeat","background-position":"center center","background-size":"auto","background-attachment":"scroll","background-type":"","background-media":"","overlay-type":"","overlay-color":"","overlay-opacity":"","overlay-gradient":""},"tablet":{"background-color":"","background-image":"","background-repeat":"repeat","background-position":"center center","background-size":"auto","background-attachment":"scroll","background-type":"","background-media":"","overlay-type":"","overlay-color":"","overlay-opacity":"","overlay-gradient":""},"mobile":{"background-color":"","background-image":"","background-repeat":"repeat","background-position":"center center","background-size":"auto","background-attachment":"scroll","background-type":"","background-media":"","overlay-type":"","overlay-color":"","overlay-opacity":"","overlay-gradient":""}},"ast-content-background-meta":{"desktop":{"background-color":"var(--ast-global-color-5)","background-image":"","background-repeat":"repeat","background-position":"center center","background-size":"auto","background-attachment":"scroll","background-type":"","background-media":"","overlay-type":"","overlay-color":"","overlay-opacity":"","overlay-gradient":""},"tablet":{"background-color":"var(--ast-global-color-5)","background-image":"","background-repeat":"repeat","background-position":"center center","background-size":"auto","background-attachment":"scroll","background-type":"","background-media":"","overlay-type":"","overlay-color":"","overlay-opacity":"","overlay-gradient":""},"mobile":{"background-color":"var(--ast-global-color-5)","background-image":"","background-repeat":"repeat","background-position":"center center","background-size":"auto","background-attachment":"scroll","background-type":"","background-media":"","overlay-type":"","overlay-color":"","overlay-opacity":"","overlay-gradient":""}},"footnotes":""},"class_list":["post-12847","page","type-page","status-publish","hentry"],"yoast_head":"<!-- This site is optimized with the Yoast SEO plugin v27.1.1 - https:\/\/yoast.com\/product\/yoast-seo-wordpress\/ -->\n<title>Neurofeedback melhora a fun\u00e7\u00e3o executiva em crian\u00e7as com TEA<\/title>\n<meta name=\"description\" content=\"Descubra como o neurofeedback melhora eficazmente a fun\u00e7\u00e3o executiva e os comportamentos sociais em crian\u00e7as com transtornos do espectro do autismo (TEA).\" \/>\n<meta name=\"robots\" content=\"index, follow, max-snippet:-1, max-image-preview:large, max-video-preview:-1\" \/>\n<link rel=\"canonical\" href=\"https:\/\/alphalearning.com\/pt\/transtornos-do-espectro-autista\/neurofeedback-aperfeicoa-funcoes-executivas\/\" \/>\n<meta property=\"og:locale\" content=\"pt_PT\" \/>\n<meta property=\"og:type\" content=\"article\" \/>\n<meta property=\"og:title\" content=\"Neurofeedback melhora a fun\u00e7\u00e3o executiva em crian\u00e7as com TEA\" \/>\n<meta property=\"og:description\" content=\"Descubra como o neurofeedback melhora eficazmente a fun\u00e7\u00e3o executiva e os comportamentos sociais em crian\u00e7as com transtornos do espectro do autismo (TEA).\" \/>\n<meta property=\"og:url\" content=\"https:\/\/alphalearning.com\/pt\/transtornos-do-espectro-autista\/neurofeedback-aperfeicoa-funcoes-executivas\/\" \/>\n<meta property=\"og:site_name\" content=\"Alphalearning International\" \/>\n<meta property=\"article:modified_time\" content=\"2025-01-27T10:40:45+00:00\" \/>\n<meta property=\"og:image\" content=\"https:\/\/alphalearning.com\/wp-content\/uploads\/2024\/04\/alphalearning-logo_red_1200x675px.png\" \/>\n\t<meta property=\"og:image:width\" content=\"1200\" \/>\n\t<meta property=\"og:image:height\" content=\"675\" \/>\n\t<meta property=\"og:image:type\" content=\"image\/png\" \/>\n<meta name=\"twitter:card\" content=\"summary_large_image\" \/>\n<meta name=\"twitter:label1\" content=\"Est. reading time\" \/>\n\t<meta name=\"twitter:data1\" content=\"2 minutes\" \/>\n<!-- \/ Yoast SEO plugin. -->","yoast_head_json":{"title":"Neurofeedback melhora a fun\u00e7\u00e3o executiva em crian\u00e7as com TEA","description":"Descubra como o neurofeedback melhora eficazmente a fun\u00e7\u00e3o executiva e os comportamentos sociais em crian\u00e7as com transtornos do espectro do autismo (TEA).","robots":{"index":"index","follow":"follow","max-snippet":"max-snippet:-1","max-image-preview":"max-image-preview:large","max-video-preview":"max-video-preview:-1"},"canonical":"https:\/\/alphalearning.com\/pt\/transtornos-do-espectro-autista\/neurofeedback-aperfeicoa-funcoes-executivas\/","og_locale":"pt_PT","og_type":"article","og_title":"Neurofeedback melhora a fun\u00e7\u00e3o executiva em crian\u00e7as com TEA","og_description":"Descubra como o neurofeedback melhora eficazmente a fun\u00e7\u00e3o executiva e os comportamentos sociais em crian\u00e7as com transtornos do espectro do autismo (TEA).","og_url":"https:\/\/alphalearning.com\/pt\/transtornos-do-espectro-autista\/neurofeedback-aperfeicoa-funcoes-executivas\/","og_site_name":"Alphalearning International","article_modified_time":"2025-01-27T10:40:45+00:00","og_image":[{"width":1200,"height":675,"url":"https:\/\/alphalearning.com\/wp-content\/uploads\/2024\/04\/alphalearning-logo_red_1200x675px.png","type":"image\/png"}],"twitter_card":"summary_large_image","twitter_misc":{"Est. reading time":"2 minutes"},"schema":{"@context":"https:\/\/schema.org","@graph":[{"@type":"WebPage","@id":"https:\/\/alphalearning.com\/pt\/transtornos-do-espectro-autista\/neurofeedback-aperfeicoa-funcoes-executivas\/","url":"https:\/\/alphalearning.com\/pt\/transtornos-do-espectro-autista\/neurofeedback-aperfeicoa-funcoes-executivas\/","name":"Neurofeedback melhora a fun\u00e7\u00e3o executiva em crian\u00e7as com TEA","isPartOf":{"@id":"https:\/\/alphalearning.com\/pt\/#website"},"datePublished":"2024-03-27T16:21:07+00:00","dateModified":"2025-01-27T10:40:45+00:00","description":"Descubra como o neurofeedback melhora eficazmente a fun\u00e7\u00e3o executiva e os comportamentos sociais em crian\u00e7as com transtornos do espectro do autismo (TEA).","breadcrumb":{"@id":"https:\/\/alphalearning.com\/pt\/transtornos-do-espectro-autista\/neurofeedback-aperfeicoa-funcoes-executivas\/#breadcrumb"},"inLanguage":"pt","potentialAction":[{"@type":"ReadAction","target":["https:\/\/alphalearning.com\/pt\/transtornos-do-espectro-autista\/neurofeedback-aperfeicoa-funcoes-executivas\/"]}]},{"@type":"BreadcrumbList","@id":"https:\/\/alphalearning.com\/pt\/transtornos-do-espectro-autista\/neurofeedback-aperfeicoa-funcoes-executivas\/#breadcrumb","itemListElement":[{"@type":"ListItem","position":1,"name":"Home","item":"https:\/\/alphalearning.com\/pt\/"},{"@type":"ListItem","position":2,"name":"Transtornos do Espectro Autista","item":"https:\/\/alphalearning.com\/pt\/transtornos-do-espectro-autista\/"},{"@type":"ListItem","position":3,"name":"Neurofeedback Aperfei\u00e7oa Fun\u00e7\u00f5es Executivas em Crian\u00e7as no Espectro Autista"}]},{"@type":"WebSite","@id":"https:\/\/alphalearning.com\/pt\/#website","url":"https:\/\/alphalearning.com\/pt\/","name":"Alphalearning International","description":"the brain training institute","publisher":{"@id":"https:\/\/alphalearning.com\/pt\/#organization"},"potentialAction":[{"@type":"SearchAction","target":{"@type":"EntryPoint","urlTemplate":"https:\/\/alphalearning.com\/pt\/?s={search_term_string}"},"query-input":{"@type":"PropertyValueSpecification","valueRequired":true,"valueName":"search_term_string"}}],"inLanguage":"pt"},{"@type":"Organization","@id":"https:\/\/alphalearning.com\/pt\/#organization","name":"Alphalearning International","url":"https:\/\/alphalearning.com\/pt\/","logo":{"@type":"ImageObject","inLanguage":"pt","@id":"https:\/\/alphalearning.com\/pt\/#\/schema\/logo\/image\/","url":"https:\/\/alphalearning.com\/wp-content\/uploads\/2024\/03\/alphalearning_ico2_512px.png","contentUrl":"https:\/\/alphalearning.com\/wp-content\/uploads\/2024\/03\/alphalearning_ico2_512px.png","width":512,"height":512,"caption":"Alphalearning International"},"image":{"@id":"https:\/\/alphalearning.com\/pt\/#\/schema\/logo\/image\/"}}]}},"uagb_featured_image_src":{"full":false,"thumbnail":false,"medium":false,"medium_large":false,"large":false,"1536x1536":false,"2048x2048":false,"gform-image-choice-sm":false,"gform-image-choice-md":false,"gform-image-choice-lg":false},"uagb_author_info":{"display_name":"Julio Machado","author_link":"https:\/\/alphalearning.com\/pt\/author\/julio-machado\/"},"uagb_comment_info":0,"uagb_excerpt":"Neurofeedback melhora o funcionamento executivo em crian\u00e7as com transtornos do espectro do autismo Resumo. Sete crian\u00e7as autistas diagnosticadas com transtornos [&hellip;]","_links":{"self":[{"href":"https:\/\/alphalearning.com\/pt\/wp-json\/wp\/v2\/pages\/12847","targetHints":{"allow":["GET"]}}],"collection":[{"href":"https:\/\/alphalearning.com\/pt\/wp-json\/wp\/v2\/pages"}],"about":[{"href":"https:\/\/alphalearning.com\/pt\/wp-json\/wp\/v2\/types\/page"}],"author":[{"embeddable":true,"href":"https:\/\/alphalearning.com\/pt\/wp-json\/wp\/v2\/users\/2"}],"replies":[{"embeddable":true,"href":"https:\/\/alphalearning.com\/pt\/wp-json\/wp\/v2\/comments?post=12847"}],"version-history":[{"count":2,"href":"https:\/\/alphalearning.com\/pt\/wp-json\/wp\/v2\/pages\/12847\/revisions"}],"predecessor-version":[{"id":14437,"href":"https:\/\/alphalearning.com\/pt\/wp-json\/wp\/v2\/pages\/12847\/revisions\/14437"}],"up":[{"embeddable":true,"href":"https:\/\/alphalearning.com\/pt\/wp-json\/wp\/v2\/pages\/12601"}],"wp:attachment":[{"href":"https:\/\/alphalearning.com\/pt\/wp-json\/wp\/v2\/media?parent=12847"}],"curies":[{"name":"wp","href":"https:\/\/api.w.org\/{rel}","templated":true}]}}