{"id":12839,"date":"2024-03-27T16:20:48","date_gmt":"2024-03-27T16:20:48","guid":{"rendered":"https:\/\/alphalearning.com\/transtornos-do-espectro-autista\/long-term-effects-of-neurofeedback-treatment-in-autism\/"},"modified":"2025-02-10T07:01:55","modified_gmt":"2025-02-10T07:01:55","slug":"efeitos-de-longo-prazo-neurofeedback-para-autismo","status":"publish","type":"page","link":"https:\/\/alphalearning.com\/pt\/transtornos-do-espectro-autista\/efeitos-de-longo-prazo-neurofeedback-para-autismo\/","title":{"rendered":"Efeitos de Longo Prazo do Neurofeedback Para o Autismo"},"content":{"rendered":"\n<div class=\"wp-block-uagb-advanced-heading uagb-block-27def308\"><h1 class=\"uagb-heading-text\">Efeitos de longo prazo do tratamento com neurofeedback no autismo<\/h1><\/div>\n\n\n\n<p>Resumo.<\/p>\n\n\n\n<p>Anteriormente, demonstramos uma melhora significativa nas fun\u00e7\u00f5es executivas e no comportamento social em crian\u00e7as com transtornos do espectro do autismo (TEA), tratadas com 40 sess\u00f5es de neurofeedback de EEG, em um modelo de grupo de controle com lista de espera n\u00e3o randomizado. Neste artigo, ampliamos esses achados ao apresentar os resultados de longo prazo do tratamento com neurofeedback no mesmo grupo de crian\u00e7as com ASD, ap\u00f3s 12 meses. O presente estudo indica que a melhora das fun\u00e7\u00f5es executivas e do comportamento social se mant\u00e9m ap\u00f3s 12 meses, em compara\u00e7\u00e3o com os resultados imediatos. A supress\u00e3o da pot\u00eancia de ondas theta mediada pelo neurofeedback supostamente promove um funcionamento mais flex\u00edvel do c\u00e9rebro ao aumentar a ativa\u00e7\u00e3o no c\u00f3rtex pr\u00e9-frontal medial e melhorar a flexibilidade da ativa\u00e7\u00e3o na rede de modo padr\u00e3o, o que apoia a melhora das fun\u00e7\u00f5es executivas e da teoria da mente em TEA.<\/p>\n\n\n\n<p><a href=\"https:\/\/alphalearning.com\/pt\/transtornos-do-espectro-autista\/#NeurofeedbackTraining\">Saiba como alcan\u00e7ar esses resultados por meio do curso Alphalearning Internacional<\/a>.<\/p>\n\n\n\n<p class=\"has-text-align-right\"><a href=\"https:\/\/alphalearning.com\/servepdf.php?year=2024&amp;month=03&amp;file=alphalearning-long-term-effects-of-neurofeedback-treatment-in-autism.pdf\" target=\"_blank\" rel=\"noreferrer noopener nofollow\">Baixe o artigo completo em formato PDF<\/a><\/p>\n","protected":false},"excerpt":{"rendered":"<p>Efeitos de longo prazo do tratamento com neurofeedback no autismo Resumo. Anteriormente, demonstramos uma melhora significativa nas fun\u00e7\u00f5es executivas e [&hellip;]<\/p>\n","protected":false},"author":2,"featured_media":0,"parent":12601,"menu_order":314,"comment_status":"closed","ping_status":"closed","template":"","meta":{"_uag_custom_page_level_css":"","site-sidebar-layout":"default","site-content-layout":"","ast-site-content-layout":"default","site-content-style":"default","site-sidebar-style":"default","ast-global-header-display":"","ast-banner-title-visibility":"","ast-main-header-display":"","ast-hfb-above-header-display":"","ast-hfb-below-header-display":"","ast-hfb-mobile-header-display":"","site-post-title":"disabled","ast-breadcrumbs-content":"","ast-featured-img":"","footer-sml-layout":"","ast-disable-related-posts":"","theme-transparent-header-meta":"","adv-header-id-meta":"","stick-header-meta":"","header-above-stick-meta":"","header-main-stick-meta":"","header-below-stick-meta":"","astra-migrate-meta-layouts":"default","ast-page-background-enabled":"default","ast-page-background-meta":{"desktop":{"background-color":"var(--ast-global-color-4)","background-image":"","background-repeat":"repeat","background-position":"center center","background-size":"auto","background-attachment":"scroll","background-type":"","background-media":"","overlay-type":"","overlay-color":"","overlay-opacity":"","overlay-gradient":""},"tablet":{"background-color":"","background-image":"","background-repeat":"repeat","background-position":"center center","background-size":"auto","background-attachment":"scroll","background-type":"","background-media":"","overlay-type":"","overlay-color":"","overlay-opacity":"","overlay-gradient":""},"mobile":{"background-color":"","background-image":"","background-repeat":"repeat","background-position":"center center","background-size":"auto","background-attachment":"scroll","background-type":"","background-media":"","overlay-type":"","overlay-color":"","overlay-opacity":"","overlay-gradient":""}},"ast-content-background-meta":{"desktop":{"background-color":"var(--ast-global-color-5)","background-image":"","background-repeat":"repeat","background-position":"center center","background-size":"auto","background-attachment":"scroll","background-type":"","background-media":"","overlay-type":"","overlay-color":"","overlay-opacity":"","overlay-gradient":""},"tablet":{"background-color":"var(--ast-global-color-5)","background-image":"","background-repeat":"repeat","background-position":"center center","background-size":"auto","background-attachment":"scroll","background-type":"","background-media":"","overlay-type":"","overlay-color":"","overlay-opacity":"","overlay-gradient":""},"mobile":{"background-color":"var(--ast-global-color-5)","background-image":"","background-repeat":"repeat","background-position":"center center","background-size":"auto","background-attachment":"scroll","background-type":"","background-media":"","overlay-type":"","overlay-color":"","overlay-opacity":"","overlay-gradient":""}},"footnotes":""},"class_list":["post-12839","page","type-page","status-publish","hentry"],"yoast_head":"<!-- This site is optimized with the Yoast SEO plugin v27.1.1 - https:\/\/yoast.com\/product\/yoast-seo-wordpress\/ -->\n<title>Impacto Duradouro do Neurofeedback no Autismo | Alphalearning<\/title>\n<meta name=\"description\" content=\"O neurofeedback promove melhorias duradouras nas fun\u00e7\u00f5es executivas e no comportamento social em crian\u00e7as com autismo. Leia o estudo disponibilizado aqui pelo Alphalearning.\" \/>\n<meta name=\"robots\" content=\"index, follow, max-snippet:-1, max-image-preview:large, max-video-preview:-1\" \/>\n<link rel=\"canonical\" href=\"https:\/\/alphalearning.com\/pt\/transtornos-do-espectro-autista\/efeitos-de-longo-prazo-neurofeedback-para-autismo\/\" \/>\n<meta property=\"og:locale\" content=\"pt_PT\" \/>\n<meta property=\"og:type\" content=\"article\" \/>\n<meta property=\"og:title\" content=\"Impacto Duradouro do Neurofeedback no Autismo | Alphalearning\" \/>\n<meta property=\"og:description\" content=\"O neurofeedback promove melhorias duradouras nas fun\u00e7\u00f5es executivas e no comportamento social em crian\u00e7as com autismo. Leia o estudo disponibilizado aqui pelo Alphalearning.\" \/>\n<meta property=\"og:url\" content=\"https:\/\/alphalearning.com\/pt\/transtornos-do-espectro-autista\/efeitos-de-longo-prazo-neurofeedback-para-autismo\/\" \/>\n<meta property=\"og:site_name\" content=\"Alphalearning International\" \/>\n<meta property=\"article:modified_time\" content=\"2025-02-10T07:01:55+00:00\" \/>\n<meta property=\"og:image\" content=\"https:\/\/alphalearning.com\/wp-content\/uploads\/2024\/04\/alphalearning-logo_red_1200x675px.png\" \/>\n\t<meta property=\"og:image:width\" content=\"1200\" \/>\n\t<meta property=\"og:image:height\" content=\"675\" \/>\n\t<meta property=\"og:image:type\" content=\"image\/png\" \/>\n<meta name=\"twitter:card\" content=\"summary_large_image\" \/>\n<meta name=\"twitter:label1\" content=\"Est. reading time\" \/>\n\t<meta name=\"twitter:data1\" content=\"1 minute\" \/>\n<!-- \/ Yoast SEO plugin. -->","yoast_head_json":{"title":"Impacto Duradouro do Neurofeedback no Autismo | Alphalearning","description":"O neurofeedback promove melhorias duradouras nas fun\u00e7\u00f5es executivas e no comportamento social em crian\u00e7as com autismo. Leia o estudo disponibilizado aqui pelo Alphalearning.","robots":{"index":"index","follow":"follow","max-snippet":"max-snippet:-1","max-image-preview":"max-image-preview:large","max-video-preview":"max-video-preview:-1"},"canonical":"https:\/\/alphalearning.com\/pt\/transtornos-do-espectro-autista\/efeitos-de-longo-prazo-neurofeedback-para-autismo\/","og_locale":"pt_PT","og_type":"article","og_title":"Impacto Duradouro do Neurofeedback no Autismo | Alphalearning","og_description":"O neurofeedback promove melhorias duradouras nas fun\u00e7\u00f5es executivas e no comportamento social em crian\u00e7as com autismo. Leia o estudo disponibilizado aqui pelo Alphalearning.","og_url":"https:\/\/alphalearning.com\/pt\/transtornos-do-espectro-autista\/efeitos-de-longo-prazo-neurofeedback-para-autismo\/","og_site_name":"Alphalearning International","article_modified_time":"2025-02-10T07:01:55+00:00","og_image":[{"width":1200,"height":675,"url":"https:\/\/alphalearning.com\/wp-content\/uploads\/2024\/04\/alphalearning-logo_red_1200x675px.png","type":"image\/png"}],"twitter_card":"summary_large_image","twitter_misc":{"Est. reading time":"1 minute"},"schema":{"@context":"https:\/\/schema.org","@graph":[{"@type":"WebPage","@id":"https:\/\/alphalearning.com\/pt\/transtornos-do-espectro-autista\/efeitos-de-longo-prazo-neurofeedback-para-autismo\/","url":"https:\/\/alphalearning.com\/pt\/transtornos-do-espectro-autista\/efeitos-de-longo-prazo-neurofeedback-para-autismo\/","name":"Impacto Duradouro do Neurofeedback no Autismo | Alphalearning","isPartOf":{"@id":"https:\/\/alphalearning.com\/pt\/#website"},"datePublished":"2024-03-27T16:20:48+00:00","dateModified":"2025-02-10T07:01:55+00:00","description":"O neurofeedback promove melhorias duradouras nas fun\u00e7\u00f5es executivas e no comportamento social em crian\u00e7as com autismo. Leia o estudo disponibilizado aqui pelo Alphalearning.","breadcrumb":{"@id":"https:\/\/alphalearning.com\/pt\/transtornos-do-espectro-autista\/efeitos-de-longo-prazo-neurofeedback-para-autismo\/#breadcrumb"},"inLanguage":"pt","potentialAction":[{"@type":"ReadAction","target":["https:\/\/alphalearning.com\/pt\/transtornos-do-espectro-autista\/efeitos-de-longo-prazo-neurofeedback-para-autismo\/"]}]},{"@type":"BreadcrumbList","@id":"https:\/\/alphalearning.com\/pt\/transtornos-do-espectro-autista\/efeitos-de-longo-prazo-neurofeedback-para-autismo\/#breadcrumb","itemListElement":[{"@type":"ListItem","position":1,"name":"Home","item":"https:\/\/alphalearning.com\/pt\/"},{"@type":"ListItem","position":2,"name":"Transtornos do Espectro Autista","item":"https:\/\/alphalearning.com\/pt\/transtornos-do-espectro-autista\/"},{"@type":"ListItem","position":3,"name":"Efeitos de Longo Prazo do Neurofeedback Para o Autismo"}]},{"@type":"WebSite","@id":"https:\/\/alphalearning.com\/pt\/#website","url":"https:\/\/alphalearning.com\/pt\/","name":"Alphalearning International","description":"the brain training institute","publisher":{"@id":"https:\/\/alphalearning.com\/pt\/#organization"},"potentialAction":[{"@type":"SearchAction","target":{"@type":"EntryPoint","urlTemplate":"https:\/\/alphalearning.com\/pt\/?s={search_term_string}"},"query-input":{"@type":"PropertyValueSpecification","valueRequired":true,"valueName":"search_term_string"}}],"inLanguage":"pt"},{"@type":"Organization","@id":"https:\/\/alphalearning.com\/pt\/#organization","name":"Alphalearning International","url":"https:\/\/alphalearning.com\/pt\/","logo":{"@type":"ImageObject","inLanguage":"pt","@id":"https:\/\/alphalearning.com\/pt\/#\/schema\/logo\/image\/","url":"https:\/\/alphalearning.com\/wp-content\/uploads\/2024\/03\/alphalearning_ico2_512px.png","contentUrl":"https:\/\/alphalearning.com\/wp-content\/uploads\/2024\/03\/alphalearning_ico2_512px.png","width":512,"height":512,"caption":"Alphalearning International"},"image":{"@id":"https:\/\/alphalearning.com\/pt\/#\/schema\/logo\/image\/"}}]}},"uagb_featured_image_src":{"full":false,"thumbnail":false,"medium":false,"medium_large":false,"large":false,"1536x1536":false,"2048x2048":false,"gform-image-choice-sm":false,"gform-image-choice-md":false,"gform-image-choice-lg":false},"uagb_author_info":{"display_name":"Julio Machado","author_link":"https:\/\/alphalearning.com\/pt\/author\/julio-machado\/"},"uagb_comment_info":0,"uagb_excerpt":"Efeitos de longo prazo do tratamento com neurofeedback no autismo Resumo. Anteriormente, demonstramos uma melhora significativa nas fun\u00e7\u00f5es executivas e [&hellip;]","_links":{"self":[{"href":"https:\/\/alphalearning.com\/pt\/wp-json\/wp\/v2\/pages\/12839","targetHints":{"allow":["GET"]}}],"collection":[{"href":"https:\/\/alphalearning.com\/pt\/wp-json\/wp\/v2\/pages"}],"about":[{"href":"https:\/\/alphalearning.com\/pt\/wp-json\/wp\/v2\/types\/page"}],"author":[{"embeddable":true,"href":"https:\/\/alphalearning.com\/pt\/wp-json\/wp\/v2\/users\/2"}],"replies":[{"embeddable":true,"href":"https:\/\/alphalearning.com\/pt\/wp-json\/wp\/v2\/comments?post=12839"}],"version-history":[{"count":3,"href":"https:\/\/alphalearning.com\/pt\/wp-json\/wp\/v2\/pages\/12839\/revisions"}],"predecessor-version":[{"id":15249,"href":"https:\/\/alphalearning.com\/pt\/wp-json\/wp\/v2\/pages\/12839\/revisions\/15249"}],"up":[{"embeddable":true,"href":"https:\/\/alphalearning.com\/pt\/wp-json\/wp\/v2\/pages\/12601"}],"wp:attachment":[{"href":"https:\/\/alphalearning.com\/pt\/wp-json\/wp\/v2\/media?parent=12839"}],"curies":[{"name":"wp","href":"https:\/\/api.w.org\/{rel}","templated":true}]}}