{"id":12831,"date":"2024-03-27T16:20:25","date_gmt":"2024-03-27T16:20:25","guid":{"rendered":"https:\/\/alphalearning.com\/transtornos-do-espectro-autista\/application-of-neurofeedback-for-autism-spectrum\/"},"modified":"2025-01-27T11:11:29","modified_gmt":"2025-01-27T11:11:29","slug":"aplicacao-neurofeedback-para-espectro-autista","status":"publish","type":"page","link":"https:\/\/alphalearning.com\/pt\/transtornos-do-espectro-autista\/aplicacao-neurofeedback-para-espectro-autista\/","title":{"rendered":"Aplica\u00e7\u00e3o do Neurofeedback para as Desordens do Espectro Autista"},"content":{"rendered":"\n<div class=\"wp-block-uagb-advanced-heading uagb-block-5d5307e5\"><h1 class=\"uagb-heading-text\">Aplica\u00e7\u00e3o de neurofeedback para o espectro do autismo<\/h1><\/div>\n\n\n\n<div class=\"wp-block-uagb-advanced-heading uagb-block-8de368b3\"><h3 class=\"uagb-heading-text\">Neurofeedback orientado por avalia\u00e7\u00e3o para Transtorno do Espectro Autista<\/h3><\/div>\n\n\n\n<p>Pesquisas que revisaram a epidemiologia do autismo (Medical Research Council, 2001) indicaram que aproximadamente 60 em cada 10.000 crian\u00e7as (1\/166) recebem diagn\u00f3stico de Transtorno do Espectro Autista (TEA). Jarusiewicz (2002) publicou o \u00fanico estudo controlado que documenta a efic\u00e1cia do neurofeedback para autismo com base em uma \u00fanica medida de resultado. O presente estudo ampliou esses achados com um tamanho de amostra maior, uma variedade mais ampla de avalia\u00e7\u00f5es e medidas fisiol\u00f3gicas do funcionamento cerebral.<\/p>\n\n\n\n<div class=\"wp-block-uagb-container uagb-block-669697d5 alignfull uagb-is-root-container\"><div class=\"uagb-container-inner-blocks-wrap\">\n<div class=\"wp-block-uagb-container uagb-block-2ed806c5\">\n<table id=\"tablepress-20\" class=\"tablepress tablepress-id-20\">\n<thead>\n<tr class=\"row-1\">\n\t<th class=\"column-1\">Tratamentos<\/th><th class=\"column-2\">Raz\u00f5es<\/th>\n<\/tr>\n<\/thead>\n<tbody class=\"row-striping row-hover\">\n<tr class=\"row-2\">\n\t<td class=\"column-1\">Neurofeedback<\/td><td class=\"column-2\">89:1<\/td>\n<\/tr>\n<tr class=\"row-3\">\n\t<td class=\"column-1\">Quela\u00e7\u00e3o<\/td><td class=\"column-2\">35:1<\/td>\n<\/tr>\n<tr class=\"row-4\">\n\t<td class=\"column-1\">Dieta sem gl\u00faten e sem case\u00edna<\/td><td class=\"column-2\">20:1<\/td>\n<\/tr>\n<tr class=\"row-5\">\n\t<td class=\"column-1\">Enzimas digestivas<\/td><td class=\"column-2\">20:1<\/td>\n<\/tr>\n<tr class=\"row-6\">\n\t<td class=\"column-1\">Vitamina B6 com magn\u00e9sio<\/td><td class=\"column-2\">10:1<\/td>\n<\/tr>\n<tr class=\"row-7\">\n\t<td class=\"column-1\">Secretina intravenosa<\/td><td class=\"column-2\">6.7:1<\/td>\n<\/tr>\n<tr class=\"row-8\">\n\t<td class=\"column-1\">Risperdal<\/td><td class=\"column-2\">3.0:1<\/td>\n<\/tr>\n<tr class=\"row-9\">\n\t<td class=\"column-1\">Haldol<\/td><td class=\"column-2\">0.9:1<\/td>\n<\/tr>\n<tr class=\"row-10\">\n\t<td class=\"column-1\">Ritalina<\/td><td class=\"column-2\">0.7:1<\/td>\n<\/tr>\n<tr class=\"row-11\">\n\t<td class=\"column-1\">Amplictil<\/td><td class=\"column-2\">0.7:1<\/td>\n<\/tr>\n<\/tbody>\n<tfoot>\n<tr class=\"row-12\">\n\t<th colspan=\"2\" class=\"column-1\">As raz\u00f5es benef\u00edcio\/dano s\u00e3o de Rimland (2005) e deste estudo.<\/th>\n<\/tr>\n<\/tfoot>\n<\/table>\n<!-- #tablepress-20 from cache --><\/div>\n\n\n\n<div class=\"wp-block-uagb-container uagb-block-aa063186\">\n<p>Os principais achados deste estudo inclu\u00edram uma taxa de sucesso de 89%, com redu\u00e7\u00e3o de 40% nos sintomas centrais do TEA, resultante de treinamento de neurofeedback orientado por avalia\u00e7\u00e3o ao longo de 20 sess\u00f5es. Foi observada melhora significativa para o grupo experimental em medidas de aten\u00e7\u00e3o, fun\u00e7\u00f5es executivas, percep\u00e7\u00e3o visual e linguagem. A imagem por infravermelho (IR) confirmou atividade metab\u00f3lica elevada j\u00e1 na sess\u00e3o inicial de tratamento. Houve evid\u00eancia de mudan\u00e7a duradoura por meio do aumento da atividade metab\u00f3lica, regula\u00e7\u00e3o de respostas e manuten\u00e7\u00e3o dessas altera\u00e7\u00f5es dentro e ao longo da 20\u00aa sess\u00e3o de tratamento. A raz\u00e3o benef\u00edcio\/dano de 89:1 superou todos os tratamentos correntes para TEA pesquisados por Rimland (2005). Setenta e seis por cento do grupo experimental apresentou diminui\u00e7\u00e3o nos padr\u00f5es de hiperconectividade. A redu\u00e7\u00e3o da hiperconectividade, bem como a mudan\u00e7a sustentada na atividade metab\u00f3lica, confirmou a altera\u00e7\u00e3o neurofisiol\u00f3gica ap\u00f3s o neurofeedback.<\/p>\n\n\n\n<p>Evid\u00eancias de m\u00faltiplas medidas demonstraram que o neurofeedback pode ser um tratamento eficaz para o TEA. Nesta popula\u00e7\u00e3o, um fator crucial para explicar a melhora dos resultados cl\u00ednicos observados no grupo experimental pode ser o uso de neurofeedback orientado por avalia\u00e7\u00e3o para reduzir a hiperconectividade cerebral. As implica\u00e7\u00f5es desses achados s\u00e3o discutidas.<\/p>\n\n\n\n<p><a href=\"https:\/\/alphalearning.com\/pt\/transtornos-do-espectro-autista\/#NeurofeedbackTraining\">Saiba como alcan\u00e7ar esses resultados por meio do curso do Alphalearning Internacional<\/a><\/p>\n\n\n\n<p class=\"has-text-align-right\"><a href=\"https:\/\/alphalearning.com\/servepdf.php?year=2024&amp;month=03&amp;file=alphalearning-assessment-guided_neurofeedback_autism_journal_neuropathy.pdf\" target=\"_blank\" rel=\"noreferrer noopener nofollow\">Baixe o artigo completo em formato PDF<\/a><\/p>\n<\/div>\n<\/div><\/div>\n","protected":false},"excerpt":{"rendered":"<p>Aplica\u00e7\u00e3o de neurofeedback para o espectro do autismo Neurofeedback orientado por avalia\u00e7\u00e3o para Transtorno do Espectro Autista Pesquisas que revisaram [&hellip;]<\/p>\n","protected":false},"author":2,"featured_media":0,"parent":12601,"menu_order":312,"comment_status":"closed","ping_status":"closed","template":"","meta":{"_uag_custom_page_level_css":"","site-sidebar-layout":"default","site-content-layout":"","ast-site-content-layout":"default","site-content-style":"default","site-sidebar-style":"default","ast-global-header-display":"","ast-banner-title-visibility":"","ast-main-header-display":"","ast-hfb-above-header-display":"","ast-hfb-below-header-display":"","ast-hfb-mobile-header-display":"","site-post-title":"disabled","ast-breadcrumbs-content":"","ast-featured-img":"","footer-sml-layout":"","ast-disable-related-posts":"","theme-transparent-header-meta":"","adv-header-id-meta":"","stick-header-meta":"","header-above-stick-meta":"","header-main-stick-meta":"","header-below-stick-meta":"","astra-migrate-meta-layouts":"default","ast-page-background-enabled":"default","ast-page-background-meta":{"desktop":{"background-color":"var(--ast-global-color-4)","background-image":"","background-repeat":"repeat","background-position":"center center","background-size":"auto","background-attachment":"scroll","background-type":"","background-media":"","overlay-type":"","overlay-color":"","overlay-opacity":"","overlay-gradient":""},"tablet":{"background-color":"","background-image":"","background-repeat":"repeat","background-position":"center center","background-size":"auto","background-attachment":"scroll","background-type":"","background-media":"","overlay-type":"","overlay-color":"","overlay-opacity":"","overlay-gradient":""},"mobile":{"background-color":"","background-image":"","background-repeat":"repeat","background-position":"center center","background-size":"auto","background-attachment":"scroll","background-type":"","background-media":"","overlay-type":"","overlay-color":"","overlay-opacity":"","overlay-gradient":""}},"ast-content-background-meta":{"desktop":{"background-color":"var(--ast-global-color-5)","background-image":"","background-repeat":"repeat","background-position":"center center","background-size":"auto","background-attachment":"scroll","background-type":"","background-media":"","overlay-type":"","overlay-color":"","overlay-opacity":"","overlay-gradient":""},"tablet":{"background-color":"var(--ast-global-color-5)","background-image":"","background-repeat":"repeat","background-position":"center center","background-size":"auto","background-attachment":"scroll","background-type":"","background-media":"","overlay-type":"","overlay-color":"","overlay-opacity":"","overlay-gradient":""},"mobile":{"background-color":"var(--ast-global-color-5)","background-image":"","background-repeat":"repeat","background-position":"center center","background-size":"auto","background-attachment":"scroll","background-type":"","background-media":"","overlay-type":"","overlay-color":"","overlay-opacity":"","overlay-gradient":""}},"footnotes":""},"class_list":["post-12831","page","type-page","status-publish","hentry"],"yoast_head":"<!-- This site is optimized with the Yoast SEO plugin v27.1.1 - https:\/\/yoast.com\/product\/yoast-seo-wordpress\/ -->\n<title>Neurofeedback para Autismo: 89:1 Benef\u00edcio\u2013Dano \u2013 Alphalearning<\/title>\n<meta name=\"description\" content=\"Neurofeedback orientado por avalia\u00e7\u00e3o mostra redu\u00e7\u00e3o de 40% nos sintomas e uma raz\u00e3o benef\u00edcio\u2013dano de 89:1, superando todos os tratamentos atuais para Autismo.\" \/>\n<meta name=\"robots\" content=\"index, follow, max-snippet:-1, max-image-preview:large, max-video-preview:-1\" \/>\n<link rel=\"canonical\" href=\"https:\/\/alphalearning.com\/pt\/transtornos-do-espectro-autista\/aplicacao-neurofeedback-para-espectro-autista\/\" \/>\n<meta property=\"og:locale\" content=\"pt_PT\" \/>\n<meta property=\"og:type\" content=\"article\" \/>\n<meta property=\"og:title\" content=\"Neurofeedback para Autismo: 89:1 Benef\u00edcio\u2013Dano \u2013 Alphalearning\" \/>\n<meta property=\"og:description\" content=\"Neurofeedback orientado por avalia\u00e7\u00e3o mostra redu\u00e7\u00e3o de 40% nos sintomas e uma raz\u00e3o benef\u00edcio\u2013dano de 89:1, superando todos os tratamentos atuais para Autismo.\" \/>\n<meta property=\"og:url\" content=\"https:\/\/alphalearning.com\/pt\/transtornos-do-espectro-autista\/aplicacao-neurofeedback-para-espectro-autista\/\" \/>\n<meta property=\"og:site_name\" content=\"Alphalearning International\" \/>\n<meta property=\"article:modified_time\" content=\"2025-01-27T11:11:29+00:00\" \/>\n<meta property=\"og:image\" content=\"https:\/\/alphalearning.com\/wp-content\/uploads\/2024\/04\/alphalearning-logo_red_1200x675px.png\" \/>\n\t<meta property=\"og:image:width\" content=\"1200\" \/>\n\t<meta property=\"og:image:height\" content=\"675\" \/>\n\t<meta property=\"og:image:type\" content=\"image\/png\" \/>\n<meta name=\"twitter:card\" content=\"summary_large_image\" \/>\n<meta name=\"twitter:label1\" content=\"Est. reading time\" \/>\n\t<meta name=\"twitter:data1\" content=\"2 minutes\" \/>\n<!-- \/ Yoast SEO plugin. -->","yoast_head_json":{"title":"Neurofeedback para Autismo: 89:1 Benef\u00edcio\u2013Dano \u2013 Alphalearning","description":"Neurofeedback orientado por avalia\u00e7\u00e3o mostra redu\u00e7\u00e3o de 40% nos sintomas e uma raz\u00e3o benef\u00edcio\u2013dano de 89:1, superando todos os tratamentos atuais para Autismo.","robots":{"index":"index","follow":"follow","max-snippet":"max-snippet:-1","max-image-preview":"max-image-preview:large","max-video-preview":"max-video-preview:-1"},"canonical":"https:\/\/alphalearning.com\/pt\/transtornos-do-espectro-autista\/aplicacao-neurofeedback-para-espectro-autista\/","og_locale":"pt_PT","og_type":"article","og_title":"Neurofeedback para Autismo: 89:1 Benef\u00edcio\u2013Dano \u2013 Alphalearning","og_description":"Neurofeedback orientado por avalia\u00e7\u00e3o mostra redu\u00e7\u00e3o de 40% nos sintomas e uma raz\u00e3o benef\u00edcio\u2013dano de 89:1, superando todos os tratamentos atuais para Autismo.","og_url":"https:\/\/alphalearning.com\/pt\/transtornos-do-espectro-autista\/aplicacao-neurofeedback-para-espectro-autista\/","og_site_name":"Alphalearning International","article_modified_time":"2025-01-27T11:11:29+00:00","og_image":[{"width":1200,"height":675,"url":"https:\/\/alphalearning.com\/wp-content\/uploads\/2024\/04\/alphalearning-logo_red_1200x675px.png","type":"image\/png"}],"twitter_card":"summary_large_image","twitter_misc":{"Est. reading time":"2 minutes"},"schema":{"@context":"https:\/\/schema.org","@graph":[{"@type":"WebPage","@id":"https:\/\/alphalearning.com\/pt\/transtornos-do-espectro-autista\/aplicacao-neurofeedback-para-espectro-autista\/","url":"https:\/\/alphalearning.com\/pt\/transtornos-do-espectro-autista\/aplicacao-neurofeedback-para-espectro-autista\/","name":"Neurofeedback para Autismo: 89:1 Benef\u00edcio\u2013Dano \u2013 Alphalearning","isPartOf":{"@id":"https:\/\/alphalearning.com\/pt\/#website"},"datePublished":"2024-03-27T16:20:25+00:00","dateModified":"2025-01-27T11:11:29+00:00","description":"Neurofeedback orientado por avalia\u00e7\u00e3o mostra redu\u00e7\u00e3o de 40% nos sintomas e uma raz\u00e3o benef\u00edcio\u2013dano de 89:1, superando todos os tratamentos atuais para Autismo.","breadcrumb":{"@id":"https:\/\/alphalearning.com\/pt\/transtornos-do-espectro-autista\/aplicacao-neurofeedback-para-espectro-autista\/#breadcrumb"},"inLanguage":"pt","potentialAction":[{"@type":"ReadAction","target":["https:\/\/alphalearning.com\/pt\/transtornos-do-espectro-autista\/aplicacao-neurofeedback-para-espectro-autista\/"]}]},{"@type":"BreadcrumbList","@id":"https:\/\/alphalearning.com\/pt\/transtornos-do-espectro-autista\/aplicacao-neurofeedback-para-espectro-autista\/#breadcrumb","itemListElement":[{"@type":"ListItem","position":1,"name":"Home","item":"https:\/\/alphalearning.com\/pt\/"},{"@type":"ListItem","position":2,"name":"Transtornos do Espectro Autista","item":"https:\/\/alphalearning.com\/pt\/transtornos-do-espectro-autista\/"},{"@type":"ListItem","position":3,"name":"Aplica\u00e7\u00e3o do Neurofeedback para as Desordens do Espectro Autista"}]},{"@type":"WebSite","@id":"https:\/\/alphalearning.com\/pt\/#website","url":"https:\/\/alphalearning.com\/pt\/","name":"Alphalearning International","description":"the brain training institute","publisher":{"@id":"https:\/\/alphalearning.com\/pt\/#organization"},"potentialAction":[{"@type":"SearchAction","target":{"@type":"EntryPoint","urlTemplate":"https:\/\/alphalearning.com\/pt\/?s={search_term_string}"},"query-input":{"@type":"PropertyValueSpecification","valueRequired":true,"valueName":"search_term_string"}}],"inLanguage":"pt"},{"@type":"Organization","@id":"https:\/\/alphalearning.com\/pt\/#organization","name":"Alphalearning International","url":"https:\/\/alphalearning.com\/pt\/","logo":{"@type":"ImageObject","inLanguage":"pt","@id":"https:\/\/alphalearning.com\/pt\/#\/schema\/logo\/image\/","url":"https:\/\/alphalearning.com\/wp-content\/uploads\/2024\/03\/alphalearning_ico2_512px.png","contentUrl":"https:\/\/alphalearning.com\/wp-content\/uploads\/2024\/03\/alphalearning_ico2_512px.png","width":512,"height":512,"caption":"Alphalearning International"},"image":{"@id":"https:\/\/alphalearning.com\/pt\/#\/schema\/logo\/image\/"}}]}},"uagb_featured_image_src":{"full":false,"thumbnail":false,"medium":false,"medium_large":false,"large":false,"1536x1536":false,"2048x2048":false,"gform-image-choice-sm":false,"gform-image-choice-md":false,"gform-image-choice-lg":false},"uagb_author_info":{"display_name":"Julio Machado","author_link":"https:\/\/alphalearning.com\/pt\/author\/julio-machado\/"},"uagb_comment_info":0,"uagb_excerpt":"Aplica\u00e7\u00e3o de neurofeedback para o espectro do autismo Neurofeedback orientado por avalia\u00e7\u00e3o para Transtorno do Espectro Autista Pesquisas que revisaram [&hellip;]","_links":{"self":[{"href":"https:\/\/alphalearning.com\/pt\/wp-json\/wp\/v2\/pages\/12831","targetHints":{"allow":["GET"]}}],"collection":[{"href":"https:\/\/alphalearning.com\/pt\/wp-json\/wp\/v2\/pages"}],"about":[{"href":"https:\/\/alphalearning.com\/pt\/wp-json\/wp\/v2\/types\/page"}],"author":[{"embeddable":true,"href":"https:\/\/alphalearning.com\/pt\/wp-json\/wp\/v2\/users\/2"}],"replies":[{"embeddable":true,"href":"https:\/\/alphalearning.com\/pt\/wp-json\/wp\/v2\/comments?post=12831"}],"version-history":[{"count":3,"href":"https:\/\/alphalearning.com\/pt\/wp-json\/wp\/v2\/pages\/12831\/revisions"}],"predecessor-version":[{"id":14477,"href":"https:\/\/alphalearning.com\/pt\/wp-json\/wp\/v2\/pages\/12831\/revisions\/14477"}],"up":[{"embeddable":true,"href":"https:\/\/alphalearning.com\/pt\/wp-json\/wp\/v2\/pages\/12601"}],"wp:attachment":[{"href":"https:\/\/alphalearning.com\/pt\/wp-json\/wp\/v2\/media?parent=12831"}],"curies":[{"name":"wp","href":"https:\/\/api.w.org\/{rel}","templated":true}]}}