{"id":12596,"date":"2024-03-27T16:19:43","date_gmt":"2024-03-27T16:19:43","guid":{"rendered":"https:\/\/alphalearning.com\/academic-performance\/"},"modified":"2025-08-11T09:55:06","modified_gmt":"2025-08-11T08:55:06","slug":"desempenho-academico","status":"publish","type":"page","link":"https:\/\/alphalearning.com\/pt\/desempenho-academico\/","title":{"rendered":"Desempenho Acad\u00eamico com Neurofeedback e Treinamento Cerebral"},"content":{"rendered":"\n<div class=\"wp-block-uagb-advanced-heading uagb-block-fdb4404c\"><h1 class=\"uagb-heading-text\">Aprendizagem Acelerada e Desempenho Acad\u00eamico<\/h1><\/div>\n\n\n\n<p>Para saber mais sobre este assunto, gostar\u00edamos de convid\u00e1-lo a ler um trecho do livro \u201cHow to Pass Exams\u201d, de <a href=\"https:\/\/pt.wikipedia.org\/wiki\/Dominic_O%27Brien\" target=\"_blank\" rel=\"noreferrer noopener\">Dominic O\u2019Brien<\/a>, Campe\u00e3o Mundial de Mem\u00f3ria e formado pelo Instituto Alphalearning.<\/p>\n\n\n\n<div class=\"wp-block-uagb-container uagb-block-ae15e6f3 alignfull uagb-is-root-container\"><div class=\"uagb-container-inner-blocks-wrap\">\n<p class=\"has-text-align-center\"><strong>\u201cHOW TO PASS EXAMS\u201d<\/strong><\/p>\n\n\n\n<p class=\"has-text-align-center\"><strong>por&nbsp;<a href=\"https:\/\/pt.wikipedia.org\/wiki\/Dominic_O%27Brien\" target=\"_blank\" rel=\"noreferrer noopener\">Dominic O\u2019Brien<\/a>&nbsp;(Campe\u00e3o Mundial de Mem\u00f3ria)<\/strong><br><strong>um graduado do Instituto Alphalearning<\/strong><\/p>\n\n\n\n<p class=\"has-text-align-center\"><strong>Copyright 1995 Dominic O\u2019Brien<\/strong><\/p>\n\n\n\n<p class=\"has-text-align-center\"><strong>Primeira publica\u00e7\u00e3o em 1995 pela HEADLINE BOOK PUBLISHING<\/strong><\/p>\n\n\n\n<div class=\"wp-block-uagb-advanced-heading uagb-block-8942d832\"><h2 class=\"uagb-heading-text\">O empolgante trabalho do Instituto Alphalearning<\/h2><\/div>\n\n\n\n<p>As implica\u00e7\u00f5es da tecnologia desenvolvida pelo Instituto Alphalearning na Su\u00ed\u00e7a s\u00e3o enormes.<\/p>\n\n\n\n<p>Acredito que o trabalho deles seja um grande avan\u00e7o na evolu\u00e7\u00e3o da intelig\u00eancia humana. E prevejo que, at\u00e9 a virada do s\u00e9culo, todas as escolas, faculdades e universidades do mundo desenvolvido ter\u00e3o acesso a essa tecnologia e que a ind\u00fastria exigir\u00e1 que sua for\u00e7a de trabalho a utilize.<\/p>\n\n\n\n<div class=\"wp-block-uagb-advanced-heading uagb-block-1ae9bcc8\"><h2 class=\"uagb-heading-text\">The Lawnmower Man Cometh<\/h2><\/div>\n\n\n\n<p>Quem descarta o filme The Lawnmower Man como pura fantasia de fic\u00e7\u00e3o cient\u00edfica deve ficar atento. Nele, um jovem com dificuldades de aprendizagem torna-se objeto de um experimento para elevar os n\u00edveis de intelig\u00eancia por meio de uma m\u00e1quina de realidade virtual. A tecnologia se mostra t\u00e3o eficaz que o rapaz, cujo \u00fanico talento anterior era cortar grama, fica t\u00e3o inteligente que evolui a ponto de se tornar praticamente um semideus, causando devasta\u00e7\u00e3o em escala mundial.<\/p>\n\n\n\n<p>Enquanto o p\u00fablico assistia \u00e0 estreia do filme, os instrutores do Instituto Alphalearning j\u00e1 estavam dando os retoques finais no Brainwave I, apelidado de \u201cdispositivo de estimula\u00e7\u00e3o cerebral por luz e som\u201d (Mind Machine). Trata-se de uma caixa preta conectada a um computador pessoal, emitindo pulsos de luz e som atrav\u00e9s de \u00f3culos com LEDs e um headset que o usu\u00e1rio utiliza. Emprega-se ainda um eletroencefal\u00f3grafo especial para ler as ondas cerebrais do indiv\u00edduo. Por meio de um programa de computador espec\u00edfico, o c\u00e9rebro \u00e9 sintonizado no estado de relaxamento profundo necess\u00e1rio para estudar.<\/p>\n\n\n\n<p>Os resultados a seguir, reunidos de mais de 500 participantes, s\u00e3o impressionantes:<\/p>\n\n\n\n<ol class=\"wp-block-list\">\n<li>A velocidade de aprendizado aumenta em 300% \u2013 em qualquer disciplina.<\/li>\n\n\n\n<li>A mem\u00f3ria melhora em 300% \u2013 por exemplo, no aprendizado de idiomas.<\/li>\n\n\n\n<li>Redu\u00e7\u00e3o do estresse, queda na press\u00e3o arterial.<\/li>\n\n\n\n<li>O QI aumenta de 10% a 30%.<\/li>\n\n\n\n<li>A velocidade de leitura sobe de 250 para 750 palavras por minuto.<\/li>\n\n\n\n<li>As notas dos estudantes nos exames sobem dois n\u00edveis, por exemplo, de C para A.<\/li>\n<\/ol>\n\n\n\n<p>O Instituto Alphalearning administra um curso de \u201ctreinamento cerebral\u201d, que ensina o aluno a sintonizar as ondas Alfa e Teta do c\u00e9rebro, as frequ\u00eancias ideais de aprendizagem.<\/p>\n\n\n\n<p>Normalmente, alcan\u00e7ar uma frequ\u00eancia Alfa de nove hertz exigiria de dois a cinco anos de experi\u00eancia em medita\u00e7\u00e3o. Conseguir chegar a sete hertz pode levar at\u00e9 vinte anos de pr\u00e1tica. Por\u00e9m, com o Brainwave I, um estudante pode atingir nove Hz ou menos em apenas doze minutos, e sete Hz entre cinco e dez horas. Como dizem no Alphalearning, \u201cVoc\u00ea n\u00e3o precisa mais deixar o cabelo crescer, usar t\u00fanicas, sentar em pedras duras ou contratar um guru; o computador \u00e9 o novo guru.\u201d O mais not\u00e1vel \u00e9 que todos os graduados mantiveram \u2014 e, na maioria dos casos, at\u00e9 melhoraram \u2014 seu controle cerebral ao serem testados um ano depois.<\/p>\n\n\n\n<p>O Brainwave I j\u00e1 foi descrito como o mais moderno aparelho de exerc\u00edcios e treinamento para o c\u00e9rebro e como \u201cneurocirurgia com ondas de luz e som\u201d. Mas n\u00e3o foi inventado da noite para o dia. Foram necess\u00e1rios dezenove anos de pesquisa e um investimento de US$ 5 milh\u00f5es para descobrir que as pessoas podiam ser treinadas a controlar suas pr\u00f3prias ondas cerebrais, al\u00e9m de mais quatro anos para aperfei\u00e7oar o software de treinamento, a ponto de permitir que elas alcan\u00e7assem esse controle rapidamente.<\/p>\n\n\n\n<p>Al\u00e9m dos benef\u00edcios evidentes que essa tecnologia oferece ao aumentar a capacidade de aprendizagem, houve outro efeito que ningu\u00e9m previu: o impacto dram\u00e1tico em diversas v\u00edtimas de danos cerebrais. Embora ainda seja cedo para afirmar que o Brainwave I seja uma panaceia universal, existem evid\u00eancias impressionantes de que ele pode reverter o que antes se considerava dano cerebral permanente. <a href=\"https:\/\/alphalearning.com\/pt\/imprensa-internacional\/synapsia\/\">Vejamos o caso de Sofie, por exemplo<\/a>. Dois dias ap\u00f3s nascer, ela sofreu um colapso pulmonar e ficou sem oxig\u00eanio no hemisf\u00e9rio direito do c\u00e9rebro. Como consequ\u00eancia, seu lado esquerdo foi paralisado e surgiram convuls\u00f5es em seu bra\u00e7o esquerdo. Sofie passou dezesseis anos confinada a uma cadeira de rodas. Seu pai, ao saber do tratamento do Alphalearning com Pyotr, resolveu experimentar o Brainwave I em Sofie.<\/p>\n\n\n\n<p>Depois da primeira sess\u00e3o, de apenas doze minutos, as convuls\u00f5es foram controladas. Em menos de um m\u00eas, ela j\u00e1 conseguia sair e voltar para a cadeira de rodas e p\u00f4de ir ao banheiro sozinha pela primeira vez na vida. Um ano se passou e ela continua progredindo. <a href=\"https:\/\/alphalearning.com\/pt\/imprensa-internacional\/synapsia\/\">Incrivelmente, n\u00e3o \u00e9 apenas a for\u00e7a f\u00edsica que est\u00e1 melhorando: seu QI aumentou de 85 para 135!<\/a><\/p>\n<\/div><\/div>\n","protected":false},"excerpt":{"rendered":"<p>Aprendizagem Acelerada e Desempenho Acad\u00eamico Para saber mais sobre este assunto, gostar\u00edamos de convid\u00e1-lo a ler um trecho do livro [&hellip;]<\/p>\n","protected":false},"author":2,"featured_media":0,"parent":0,"menu_order":350,"comment_status":"closed","ping_status":"closed","template":"","meta":{"_uag_custom_page_level_css":"","site-sidebar-layout":"default","site-content-layout":"","ast-site-content-layout":"default","site-content-style":"default","site-sidebar-style":"default","ast-global-header-display":"","ast-banner-title-visibility":"","ast-main-header-display":"","ast-hfb-above-header-display":"","ast-hfb-below-header-display":"","ast-hfb-mobile-header-display":"","site-post-title":"disabled","ast-breadcrumbs-content":"","ast-featured-img":"","footer-sml-layout":"","ast-disable-related-posts":"","theme-transparent-header-meta":"","adv-header-id-meta":"","stick-header-meta":"","header-above-stick-meta":"","header-main-stick-meta":"","header-below-stick-meta":"","astra-migrate-meta-layouts":"default","ast-page-background-enabled":"default","ast-page-background-meta":{"desktop":{"background-color":"var(--ast-global-color-4)","background-image":"","background-repeat":"repeat","background-position":"center center","background-size":"auto","background-attachment":"scroll","background-type":"","background-media":"","overlay-type":"","overlay-color":"","overlay-opacity":"","overlay-gradient":""},"tablet":{"background-color":"","background-image":"","background-repeat":"repeat","background-position":"center center","background-size":"auto","background-attachment":"scroll","background-type":"","background-media":"","overlay-type":"","overlay-color":"","overlay-opacity":"","overlay-gradient":""},"mobile":{"background-color":"","background-image":"","background-repeat":"repeat","background-position":"center center","background-size":"auto","background-attachment":"scroll","background-type":"","background-media":"","overlay-type":"","overlay-color":"","overlay-opacity":"","overlay-gradient":""}},"ast-content-background-meta":{"desktop":{"background-color":"var(--ast-global-color-5)","background-image":"","background-repeat":"repeat","background-position":"center center","background-size":"auto","background-attachment":"scroll","background-type":"","background-media":"","overlay-type":"","overlay-color":"","overlay-opacity":"","overlay-gradient":""},"tablet":{"background-color":"var(--ast-global-color-5)","background-image":"","background-repeat":"repeat","background-position":"center center","background-size":"auto","background-attachment":"scroll","background-type":"","background-media":"","overlay-type":"","overlay-color":"","overlay-opacity":"","overlay-gradient":""},"mobile":{"background-color":"var(--ast-global-color-5)","background-image":"","background-repeat":"repeat","background-position":"center center","background-size":"auto","background-attachment":"scroll","background-type":"","background-media":"","overlay-type":"","overlay-color":"","overlay-opacity":"","overlay-gradient":""}},"footnotes":""},"class_list":["post-12596","page","type-page","status-publish","hentry"],"yoast_head":"<!-- This site is optimized with the Yoast SEO plugin v27.1.1 - https:\/\/yoast.com\/product\/yoast-seo-wordpress\/ -->\n<title>Alphalearning: Transformando a Aprendizagem e o Desempenho<\/title>\n<meta name=\"description\" content=\"Conhe\u00e7a o revolucion\u00e1rio sistema Brainwave do Alphalearning, elogiado por Dominic O\u2019Brien, que potencializa mem\u00f3ria, QI e leitura de forma r\u00e1pida.\" \/>\n<meta name=\"robots\" content=\"index, follow, max-snippet:-1, max-image-preview:large, max-video-preview:-1\" \/>\n<link rel=\"canonical\" href=\"https:\/\/alphalearning.com\/pt\/imprensa-internacional\/how-to-pass-exams\/\" \/>\n<meta property=\"og:locale\" content=\"pt_PT\" \/>\n<meta property=\"og:type\" content=\"article\" \/>\n<meta property=\"og:title\" content=\"Alphalearning: Transformando a Aprendizagem e o Desempenho\" \/>\n<meta property=\"og:description\" content=\"Conhe\u00e7a o revolucion\u00e1rio sistema Brainwave do Alphalearning, elogiado por Dominic O\u2019Brien, que potencializa mem\u00f3ria, QI e leitura de forma r\u00e1pida.\" \/>\n<meta property=\"og:url\" content=\"https:\/\/alphalearning.com\/pt\/imprensa-internacional\/how-to-pass-exams\/\" \/>\n<meta property=\"og:site_name\" content=\"Alphalearning International\" \/>\n<meta property=\"article:modified_time\" content=\"2025-08-11T08:55:06+00:00\" \/>\n<meta property=\"og:image\" content=\"https:\/\/alphalearning.com\/wp-content\/uploads\/2024\/04\/alphalearning-logo_red_1200x675px.png\" \/>\n\t<meta property=\"og:image:width\" content=\"1200\" \/>\n\t<meta property=\"og:image:height\" content=\"675\" \/>\n\t<meta property=\"og:image:type\" content=\"image\/png\" \/>\n<meta name=\"twitter:card\" content=\"summary_large_image\" \/>\n<meta name=\"twitter:label1\" content=\"Est. reading time\" \/>\n\t<meta name=\"twitter:data1\" content=\"4 minutes\" \/>\n<!-- \/ Yoast SEO plugin. -->","yoast_head_json":{"title":"Alphalearning: Transformando a Aprendizagem e o Desempenho","description":"Conhe\u00e7a o revolucion\u00e1rio sistema Brainwave do Alphalearning, elogiado por Dominic O\u2019Brien, que potencializa mem\u00f3ria, QI e leitura de forma r\u00e1pida.","robots":{"index":"index","follow":"follow","max-snippet":"max-snippet:-1","max-image-preview":"max-image-preview:large","max-video-preview":"max-video-preview:-1"},"canonical":"https:\/\/alphalearning.com\/pt\/imprensa-internacional\/how-to-pass-exams\/","og_locale":"pt_PT","og_type":"article","og_title":"Alphalearning: Transformando a Aprendizagem e o Desempenho","og_description":"Conhe\u00e7a o revolucion\u00e1rio sistema Brainwave do Alphalearning, elogiado por Dominic O\u2019Brien, que potencializa mem\u00f3ria, QI e leitura de forma r\u00e1pida.","og_url":"https:\/\/alphalearning.com\/pt\/imprensa-internacional\/how-to-pass-exams\/","og_site_name":"Alphalearning International","article_modified_time":"2025-08-11T08:55:06+00:00","og_image":[{"width":1200,"height":675,"url":"https:\/\/alphalearning.com\/wp-content\/uploads\/2024\/04\/alphalearning-logo_red_1200x675px.png","type":"image\/png"}],"twitter_card":"summary_large_image","twitter_misc":{"Est. reading time":"4 minutes"},"schema":{"@context":"https:\/\/schema.org","@graph":[{"@type":"WebPage","@id":"https:\/\/alphalearning.com\/pt\/desempenho-academico\/","url":"https:\/\/alphalearning.com\/pt\/imprensa-internacional\/how-to-pass-exams\/","name":"Alphalearning: Transformando a Aprendizagem e o Desempenho","isPartOf":{"@id":"https:\/\/alphalearning.com\/pt\/#website"},"datePublished":"2024-03-27T16:19:43+00:00","dateModified":"2025-08-11T08:55:06+00:00","description":"Conhe\u00e7a o revolucion\u00e1rio sistema Brainwave do Alphalearning, elogiado por Dominic O\u2019Brien, que potencializa mem\u00f3ria, QI e leitura de forma r\u00e1pida.","breadcrumb":{"@id":"https:\/\/alphalearning.com\/pt\/imprensa-internacional\/how-to-pass-exams\/#breadcrumb"},"inLanguage":"pt","potentialAction":[{"@type":"ReadAction","target":["https:\/\/alphalearning.com\/pt\/imprensa-internacional\/how-to-pass-exams\/"]}]},{"@type":"BreadcrumbList","@id":"https:\/\/alphalearning.com\/pt\/imprensa-internacional\/how-to-pass-exams\/#breadcrumb","itemListElement":[{"@type":"ListItem","position":1,"name":"Home","item":"https:\/\/alphalearning.com\/pt\/"},{"@type":"ListItem","position":2,"name":"Desempenho Acad\u00eamico com Neurofeedback e Treinamento Cerebral"}]},{"@type":"WebSite","@id":"https:\/\/alphalearning.com\/pt\/#website","url":"https:\/\/alphalearning.com\/pt\/","name":"Alphalearning International","description":"the brain training institute","publisher":{"@id":"https:\/\/alphalearning.com\/pt\/#organization"},"potentialAction":[{"@type":"SearchAction","target":{"@type":"EntryPoint","urlTemplate":"https:\/\/alphalearning.com\/pt\/?s={search_term_string}"},"query-input":{"@type":"PropertyValueSpecification","valueRequired":true,"valueName":"search_term_string"}}],"inLanguage":"pt"},{"@type":"Organization","@id":"https:\/\/alphalearning.com\/pt\/#organization","name":"Alphalearning International","url":"https:\/\/alphalearning.com\/pt\/","logo":{"@type":"ImageObject","inLanguage":"pt","@id":"https:\/\/alphalearning.com\/pt\/#\/schema\/logo\/image\/","url":"https:\/\/alphalearning.com\/wp-content\/uploads\/2024\/03\/alphalearning_ico2_512px.png","contentUrl":"https:\/\/alphalearning.com\/wp-content\/uploads\/2024\/03\/alphalearning_ico2_512px.png","width":512,"height":512,"caption":"Alphalearning International"},"image":{"@id":"https:\/\/alphalearning.com\/pt\/#\/schema\/logo\/image\/"}}]}},"uagb_featured_image_src":{"full":false,"thumbnail":false,"medium":false,"medium_large":false,"large":false,"1536x1536":false,"2048x2048":false,"gform-image-choice-sm":false,"gform-image-choice-md":false,"gform-image-choice-lg":false},"uagb_author_info":{"display_name":"Julio Machado","author_link":"https:\/\/alphalearning.com\/pt\/author\/julio-machado\/"},"uagb_comment_info":0,"uagb_excerpt":"Aprendizagem Acelerada e Desempenho Acad\u00eamico Para saber mais sobre este assunto, gostar\u00edamos de convid\u00e1-lo a ler um trecho do livro [&hellip;]","_links":{"self":[{"href":"https:\/\/alphalearning.com\/pt\/wp-json\/wp\/v2\/pages\/12596","targetHints":{"allow":["GET"]}}],"collection":[{"href":"https:\/\/alphalearning.com\/pt\/wp-json\/wp\/v2\/pages"}],"about":[{"href":"https:\/\/alphalearning.com\/pt\/wp-json\/wp\/v2\/types\/page"}],"author":[{"embeddable":true,"href":"https:\/\/alphalearning.com\/pt\/wp-json\/wp\/v2\/users\/2"}],"replies":[{"embeddable":true,"href":"https:\/\/alphalearning.com\/pt\/wp-json\/wp\/v2\/comments?post=12596"}],"version-history":[{"count":7,"href":"https:\/\/alphalearning.com\/pt\/wp-json\/wp\/v2\/pages\/12596\/revisions"}],"predecessor-version":[{"id":16881,"href":"https:\/\/alphalearning.com\/pt\/wp-json\/wp\/v2\/pages\/12596\/revisions\/16881"}],"wp:attachment":[{"href":"https:\/\/alphalearning.com\/pt\/wp-json\/wp\/v2\/media?parent=12596"}],"curies":[{"name":"wp","href":"https:\/\/api.w.org\/{rel}","templated":true}]}}