{"id":12592,"date":"2024-03-27T16:22:52","date_gmt":"2024-03-27T16:22:52","guid":{"rendered":"https:\/\/alphalearning.com\/can-dyslexia-be-cured\/"},"modified":"2025-02-08T17:40:36","modified_gmt":"2025-02-08T17:40:36","slug":"dislexia-pode-ser-curada","status":"publish","type":"page","link":"https:\/\/alphalearning.com\/pt\/dislexia-pode-ser-curada\/","title":{"rendered":"Dislexia Pode Ser Curada?"},"content":{"rendered":"\n<div class=\"wp-block-uagb-advanced-heading uagb-block-e58a12a6\"><h1 class=\"uagb-heading-text\">A dislexia pode ser curada?<\/h1><\/div>\n\n\n\n<p>Este trecho prov\u00e9m do artigo \u201cAlphalearning Revolution\u201d, de Jules Marshall, ap\u00f3s tr\u00eas anos de entrevistas com clientes do Alphalearning.<\/p>\n\n\n\n<p><em>\u201c(\u2026) \u00c0 medida que ficava mais claro que o que havia come\u00e7ado apenas como uma maneira de ensinar executivos a ler mais r\u00e1pido estava se transformando em uma verdadeira revolu\u00e7\u00e3o m\u00e9dica, o Alphalearning precisou decidir qual seria seu prop\u00f3sito de neg\u00f3cio. \u2018Existem 200.000 pessoas que atuam no setor de dislexia somente nos EUA\u2019, dizem eles. \u2018O que elas v\u00e3o dizer quando contarmos que isso n\u00e3o existe?\u2019<br>Depois de apresentarem um primeiro relato de algumas de suas descobertas em uma reuni\u00e3o fechada de psic\u00f3logos de transe nos Estados Unidos, em 1990, foram alertados de que teriam de comprovar suas alega\u00e7\u00f5es antes de torn\u00e1-las p\u00fablicas, \u2018ou seriam crucificados\u2019.\u201d<\/em><\/p>\n\n\n\n<p>O Alphalearning comprometeu-se a testar o sistema em mais de 500 pessoas, com pelo menos 1.000 EEGs, antes de qualquer an\u00fancio p\u00fablico. A 500\u00aa pessoa foi testada no ver\u00e3o de 1995, pouco antes de o Alphalearning \u201cvir a p\u00fablico\u201d.<\/p>\n\n\n\n<p>Em 1996, quando o Alphalearning realizou uma palestra na Confer\u00eancia Internacional de EEG e Neurofeedback, foram apresentadas provas conclusivas de que a dislexia poderia ser curada em 10 a 30 horas de treinamento.<\/p>\n\n\n\n<p>Por meio dos links abaixo, voc\u00ea pode se informar e entender como e por que a dislexia pode ser curada em at\u00e9 cinco dias, sem qualquer medicamento e com efeitos ben\u00e9ficos adicionais:<\/p>\n\n\n\n<ul class=\"wp-block-list\">\n<li><a href=\"https:\/\/alphalearning.com\/can-dyslexia-be-cured\/neurofeedback-and-dyslexia\/\">Neurofeedback e Dislexia \u2013 o dia a dia de um curso<\/a><\/li>\n\n\n\n<li><a href=\"https:\/\/alphalearning.com\/can-dyslexia-be-cured\/dyslexia-double-blind-study\/\">Dislexia: Estudo Duplo-Cego<\/a><\/li>\n\n\n\n<li><a href=\"https:\/\/alphalearning.com\/can-dyslexia-be-cured\/dyslexia-case-study\/\">Dislexia: Estudo de Caso<\/a><\/li>\n\n\n\n<li><a href=\"https:\/\/alphalearning.com\/comments-from-alphalearning-clients\/quotes-from-families\/julia-lowes\/\">Julia Lowes, a hist\u00f3ria de uma ex-disl\u00e9xica<\/a><\/li>\n\n\n\n<li><a href=\"https:\/\/alphalearning.com\/comments-from-alphalearning-clients\/quotes-from-families\/james-douglas\/\">James Douglas<\/a><\/li>\n\n\n\n<li><a href=\"https:\/\/alphalearning.com\/comments-from-alphalearning-clients\/quotes-from-families\/dr-h-j-h-richards\/\">Dr. H. J. H. Richards<\/a><\/li>\n<\/ul>\n\n\n\n<p>Se voc\u00ea tiver qualquer d\u00favida sobre o seu caso espec\u00edfico, por favor, <a href=\"https:\/\/alphalearning.com\/pt\/contato\/\">entre em contato conosco<\/a>.<\/p>\n","protected":false},"excerpt":{"rendered":"<p>A dislexia pode ser curada? Este trecho prov\u00e9m do artigo \u201cAlphalearning Revolution\u201d, de Jules Marshall, ap\u00f3s tr\u00eas anos de entrevistas [&hellip;]<\/p>\n","protected":false},"author":2,"featured_media":0,"parent":0,"menu_order":330,"comment_status":"closed","ping_status":"closed","template":"","meta":{"_uag_custom_page_level_css":"","site-sidebar-layout":"default","site-content-layout":"","ast-site-content-layout":"default","site-content-style":"default","site-sidebar-style":"default","ast-global-header-display":"","ast-banner-title-visibility":"","ast-main-header-display":"","ast-hfb-above-header-display":"","ast-hfb-below-header-display":"","ast-hfb-mobile-header-display":"","site-post-title":"disabled","ast-breadcrumbs-content":"","ast-featured-img":"","footer-sml-layout":"","ast-disable-related-posts":"","theme-transparent-header-meta":"","adv-header-id-meta":"","stick-header-meta":"","header-above-stick-meta":"","header-main-stick-meta":"","header-below-stick-meta":"","astra-migrate-meta-layouts":"default","ast-page-background-enabled":"default","ast-page-background-meta":{"desktop":{"background-color":"var(--ast-global-color-4)","background-image":"","background-repeat":"repeat","background-position":"center center","background-size":"auto","background-attachment":"scroll","background-type":"","background-media":"","overlay-type":"","overlay-color":"","overlay-opacity":"","overlay-gradient":""},"tablet":{"background-color":"","background-image":"","background-repeat":"repeat","background-position":"center center","background-size":"auto","background-attachment":"scroll","background-type":"","background-media":"","overlay-type":"","overlay-color":"","overlay-opacity":"","overlay-gradient":""},"mobile":{"background-color":"","background-image":"","background-repeat":"repeat","background-position":"center center","background-size":"auto","background-attachment":"scroll","background-type":"","background-media":"","overlay-type":"","overlay-color":"","overlay-opacity":"","overlay-gradient":""}},"ast-content-background-meta":{"desktop":{"background-color":"var(--ast-global-color-5)","background-image":"","background-repeat":"repeat","background-position":"center center","background-size":"auto","background-attachment":"scroll","background-type":"","background-media":"","overlay-type":"","overlay-color":"","overlay-opacity":"","overlay-gradient":""},"tablet":{"background-color":"var(--ast-global-color-5)","background-image":"","background-repeat":"repeat","background-position":"center center","background-size":"auto","background-attachment":"scroll","background-type":"","background-media":"","overlay-type":"","overlay-color":"","overlay-opacity":"","overlay-gradient":""},"mobile":{"background-color":"var(--ast-global-color-5)","background-image":"","background-repeat":"repeat","background-position":"center center","background-size":"auto","background-attachment":"scroll","background-type":"","background-media":"","overlay-type":"","overlay-color":"","overlay-opacity":"","overlay-gradient":""}},"footnotes":""},"class_list":["post-12592","page","type-page","status-publish","hentry"],"yoast_head":"<!-- This site is optimized with the Yoast SEO plugin v27.1.1 - https:\/\/yoast.com\/product\/yoast-seo-wordpress\/ -->\n<title>Dislexia curada em 10\u201330 horas: a prova do Alphalearning<\/title>\n<meta name=\"description\" content=\"Veja provas de 500 casos confirmando ser poss\u00edvel curar a dislexia em 10\u201330 horas\u2014o Alphalearning apresentou resultados em uma Confer\u00eancia de EEG.\" \/>\n<meta name=\"robots\" content=\"index, follow, max-snippet:-1, max-image-preview:large, max-video-preview:-1\" \/>\n<link rel=\"canonical\" href=\"https:\/\/alphalearning.com\/pt\/dislexia-pode-ser-curada\/\" \/>\n<meta property=\"og:locale\" content=\"pt_PT\" \/>\n<meta property=\"og:type\" content=\"article\" \/>\n<meta property=\"og:title\" content=\"Dislexia curada em 10\u201330 horas: a prova do Alphalearning\" \/>\n<meta property=\"og:description\" content=\"Veja provas de 500 casos confirmando ser poss\u00edvel curar a dislexia em 10\u201330 horas\u2014o Alphalearning apresentou resultados em uma Confer\u00eancia de EEG.\" \/>\n<meta property=\"og:url\" content=\"https:\/\/alphalearning.com\/pt\/dislexia-pode-ser-curada\/\" \/>\n<meta property=\"og:site_name\" content=\"Alphalearning International\" \/>\n<meta property=\"article:modified_time\" content=\"2025-02-08T17:40:36+00:00\" \/>\n<meta property=\"og:image\" content=\"https:\/\/alphalearning.com\/wp-content\/uploads\/2024\/04\/alphalearning-logo_red_1200x675px.png\" \/>\n\t<meta property=\"og:image:width\" content=\"1200\" \/>\n\t<meta property=\"og:image:height\" content=\"675\" \/>\n\t<meta property=\"og:image:type\" content=\"image\/png\" \/>\n<meta name=\"twitter:card\" content=\"summary_large_image\" \/>\n<meta name=\"twitter:label1\" content=\"Est. reading time\" \/>\n\t<meta name=\"twitter:data1\" content=\"2 minutes\" \/>\n<!-- \/ Yoast SEO plugin. -->","yoast_head_json":{"title":"Dislexia curada em 10\u201330 horas: a prova do Alphalearning","description":"Veja provas de 500 casos confirmando ser poss\u00edvel curar a dislexia em 10\u201330 horas\u2014o Alphalearning apresentou resultados em uma Confer\u00eancia de EEG.","robots":{"index":"index","follow":"follow","max-snippet":"max-snippet:-1","max-image-preview":"max-image-preview:large","max-video-preview":"max-video-preview:-1"},"canonical":"https:\/\/alphalearning.com\/pt\/dislexia-pode-ser-curada\/","og_locale":"pt_PT","og_type":"article","og_title":"Dislexia curada em 10\u201330 horas: a prova do Alphalearning","og_description":"Veja provas de 500 casos confirmando ser poss\u00edvel curar a dislexia em 10\u201330 horas\u2014o Alphalearning apresentou resultados em uma Confer\u00eancia de EEG.","og_url":"https:\/\/alphalearning.com\/pt\/dislexia-pode-ser-curada\/","og_site_name":"Alphalearning International","article_modified_time":"2025-02-08T17:40:36+00:00","og_image":[{"width":1200,"height":675,"url":"https:\/\/alphalearning.com\/wp-content\/uploads\/2024\/04\/alphalearning-logo_red_1200x675px.png","type":"image\/png"}],"twitter_card":"summary_large_image","twitter_misc":{"Est. reading time":"2 minutes"},"schema":{"@context":"https:\/\/schema.org","@graph":[{"@type":"WebPage","@id":"https:\/\/alphalearning.com\/pt\/dislexia-pode-ser-curada\/","url":"https:\/\/alphalearning.com\/pt\/dislexia-pode-ser-curada\/","name":"Dislexia curada em 10\u201330 horas: a prova do Alphalearning","isPartOf":{"@id":"https:\/\/alphalearning.com\/pt\/#website"},"datePublished":"2024-03-27T16:22:52+00:00","dateModified":"2025-02-08T17:40:36+00:00","description":"Veja provas de 500 casos confirmando ser poss\u00edvel curar a dislexia em 10\u201330 horas\u2014o Alphalearning apresentou resultados em uma Confer\u00eancia de EEG.","breadcrumb":{"@id":"https:\/\/alphalearning.com\/pt\/dislexia-pode-ser-curada\/#breadcrumb"},"inLanguage":"pt","potentialAction":[{"@type":"ReadAction","target":["https:\/\/alphalearning.com\/pt\/dislexia-pode-ser-curada\/"]}]},{"@type":"BreadcrumbList","@id":"https:\/\/alphalearning.com\/pt\/dislexia-pode-ser-curada\/#breadcrumb","itemListElement":[{"@type":"ListItem","position":1,"name":"Home","item":"https:\/\/alphalearning.com\/pt\/"},{"@type":"ListItem","position":2,"name":"Dislexia Pode Ser Curada?"}]},{"@type":"WebSite","@id":"https:\/\/alphalearning.com\/pt\/#website","url":"https:\/\/alphalearning.com\/pt\/","name":"Alphalearning International","description":"the brain training institute","publisher":{"@id":"https:\/\/alphalearning.com\/pt\/#organization"},"potentialAction":[{"@type":"SearchAction","target":{"@type":"EntryPoint","urlTemplate":"https:\/\/alphalearning.com\/pt\/?s={search_term_string}"},"query-input":{"@type":"PropertyValueSpecification","valueRequired":true,"valueName":"search_term_string"}}],"inLanguage":"pt"},{"@type":"Organization","@id":"https:\/\/alphalearning.com\/pt\/#organization","name":"Alphalearning International","url":"https:\/\/alphalearning.com\/pt\/","logo":{"@type":"ImageObject","inLanguage":"pt","@id":"https:\/\/alphalearning.com\/pt\/#\/schema\/logo\/image\/","url":"https:\/\/alphalearning.com\/wp-content\/uploads\/2024\/03\/alphalearning_ico2_512px.png","contentUrl":"https:\/\/alphalearning.com\/wp-content\/uploads\/2024\/03\/alphalearning_ico2_512px.png","width":512,"height":512,"caption":"Alphalearning International"},"image":{"@id":"https:\/\/alphalearning.com\/pt\/#\/schema\/logo\/image\/"}}]}},"uagb_featured_image_src":{"full":false,"thumbnail":false,"medium":false,"medium_large":false,"large":false,"1536x1536":false,"2048x2048":false,"gform-image-choice-sm":false,"gform-image-choice-md":false,"gform-image-choice-lg":false},"uagb_author_info":{"display_name":"Julio Machado","author_link":"https:\/\/alphalearning.com\/pt\/author\/julio-machado\/"},"uagb_comment_info":0,"uagb_excerpt":"A dislexia pode ser curada? Este trecho prov\u00e9m do artigo \u201cAlphalearning Revolution\u201d, de Jules Marshall, ap\u00f3s tr\u00eas anos de entrevistas [&hellip;]","_links":{"self":[{"href":"https:\/\/alphalearning.com\/pt\/wp-json\/wp\/v2\/pages\/12592","targetHints":{"allow":["GET"]}}],"collection":[{"href":"https:\/\/alphalearning.com\/pt\/wp-json\/wp\/v2\/pages"}],"about":[{"href":"https:\/\/alphalearning.com\/pt\/wp-json\/wp\/v2\/types\/page"}],"author":[{"embeddable":true,"href":"https:\/\/alphalearning.com\/pt\/wp-json\/wp\/v2\/users\/2"}],"replies":[{"embeddable":true,"href":"https:\/\/alphalearning.com\/pt\/wp-json\/wp\/v2\/comments?post=12592"}],"version-history":[{"count":5,"href":"https:\/\/alphalearning.com\/pt\/wp-json\/wp\/v2\/pages\/12592\/revisions"}],"predecessor-version":[{"id":15089,"href":"https:\/\/alphalearning.com\/pt\/wp-json\/wp\/v2\/pages\/12592\/revisions\/15089"}],"wp:attachment":[{"href":"https:\/\/alphalearning.com\/pt\/wp-json\/wp\/v2\/media?parent=12592"}],"curies":[{"name":"wp","href":"https:\/\/api.w.org\/{rel}","templated":true}]}}