{"id":12590,"date":"2024-03-27T16:19:14","date_gmt":"2024-03-27T16:19:14","guid":{"rendered":"https:\/\/alphalearning.com\/?page_id=12590"},"modified":"2025-02-25T18:30:21","modified_gmt":"2025-02-25T18:30:21","slug":"sobre","status":"publish","type":"page","link":"https:\/\/alphalearning.com\/pt\/sobre\/","title":{"rendered":"Sobre"},"content":{"rendered":"\n<div class=\"wp-block-uagb-container uagb-block-aaf393b5 alignfull uagb-is-root-container\"><div class=\"uagb-container-inner-blocks-wrap\">\n<div class=\"wp-block-uagb-container uagb-block-eb10d365\"><\/div>\n\n\n\n<div class=\"wp-block-uagb-container uagb-block-504b4bc0\">\n<div class=\"wp-block-uagb-advanced-heading uagb-block-30b4c75d\"><h1 class=\"uagb-heading-text\">Hist\u00f3ria do Alphalearning Internacional<\/h1><\/div>\n<\/div>\n<\/div><\/div>\n\n\n\n<div class=\"wp-block-uagb-container uagb-block-13fbed97 alignfull uagb-is-root-container\"><div class=\"uagb-container-inner-blocks-wrap\">\n<div class=\"wp-block-uagb-container uagb-block-3182611c\">\n<div class=\"wp-block-uagb-advanced-heading uagb-block-c6fa4740\"><h3 class=\"uagb-heading-text\">Alphalearning na<br>Imprensa Internacional<\/h3><\/div>\n\n\n\n<ul class=\"wp-block-list\">\n<li><a href=\"https:\/\/alphalearning.com\/pt\/imprensa-internacional\/revolucao-alphalearning\/\">Alphalearning Revolution<\/a>, por Jules Marshall. Texto escrito ap\u00f3s tr\u00eas anos de entrevistas com executivos, cientistas e fam\u00edlias que participaram do curso.<\/li>\n\n\n\n<li><a href=\"https:\/\/alphalearning.com\/pt\/imprensa-internacional\/revolucao-alphalearning-ii\/\">Alphalearning Revolution II<\/a>, por Jules Marshall. Segunda edi\u00e7\u00e3o do texto ap\u00f3s 10 anos de pesquisa e entrevistas.<\/li>\n\n\n\n<li><a href=\"https:\/\/alphalearning.com\/pt\/imprensa-internacional\/synapsia\/\">Synapsia<\/a> \u2013 \u201c\u2026 A neurocirurgia com ondas de luz e som agora \u00e9 uma realidade.\u201d<\/li>\n\n\n\n<li><a href=\"https:\/\/alphalearning.com\/pt\/imprensa-internacional\/forbes\/\">Forbes<\/a> \u2013 \u201cLer sem conseguir se lembrar do que se leu \u00e9 in\u00fatil; portanto, quando se trata de leitura din\u00e2mica, a mem\u00f3ria \u00e9 o fator decisivo.\u201d<\/li>\n\n\n\n<li><a href=\"https:\/\/alphalearning.com\/pt\/imprensa-internacional\/ego-2000\/\">Ego 2000<\/a> \u2013 \u201cOs resultados desta tecnologia s\u00e3o um n\u00edvel mais elevado de concentra\u00e7\u00e3o, um QI aprimorado e melhores resultados esportivos.\u201d<\/li>\n\n\n\n<li><a href=\"https:\/\/alphalearning.com\/pt\/imprensa-internacional\/how-to-pass-exams\/\">How to pass exams<\/a>, por Dominic O\u2019Brien \u2013 \u201cAcredito que o trabalho deles (este trabalho) seja um grande avan\u00e7o na evolu\u00e7\u00e3o da intelig\u00eancia humana.\u201d<\/li>\n\n\n\n<li><a href=\"https:\/\/alphalearning.com\/pt\/imprensa-internacional\/\">Cita\u00e7\u00f5es da Imprensa Internacional \u2013 lista completa<\/a><\/li>\n<\/ul>\n\n\n\n<div class=\"wp-block-uagb-advanced-heading uagb-block-3c9cef1e\"><h3 class=\"uagb-heading-text\">Coment\u00e1rios de participantes do Curso Saber Aprender<\/h3><\/div>\n\n\n\n<ul class=\"wp-block-list\">\n<li><a data-type=\"page\" data-id=\"81\" href=\"https:\/\/alphalearning.com\/pt\/comentarios-de-clientes-alphalearning\/\">Lista de clientes<\/a><\/li>\n\n\n\n<li><a href=\"https:\/\/alphalearning.com\/pt\/comentarios-de-clientes-alphalearning\/corporacoes-e-executivos\/\" data-type=\"page\" data-id=\"90\">Corpora\u00e7\u00f5es<\/a><\/li>\n\n\n\n<li><a href=\"https:\/\/alphalearning.com\/pt\/comentarios-de-clientes-alphalearning\/familias-e-individuos\/\" data-type=\"page\" data-id=\"102\">Fam\u00edlias<\/a><\/li>\n\n\n\n<li><a href=\"https:\/\/alphalearning.com\/pt\/comentarios-de-clientes-alphalearning\/atletas\/\" data-type=\"page\" data-id=\"83\">Atletismo e Esportes<\/a><\/li>\n<\/ul>\n<\/div>\n\n\n\n<div class=\"wp-block-uagb-container uagb-block-cd0bd388\">\n<div class=\"wp-block-uagb-advanced-heading uagb-block-4a95acd0\"><h2 class=\"uagb-heading-text\">Do Instituto Alphalearning ao Alphalearning Internacional<\/h2><\/div>\n\n\n\n<p>O Alphalearning Internacional \u00e9 o resultado de d\u00e9cadas de pesquisa e pr\u00e1tica em treinamento cerebral. Dessa pesquisa, desenvolveu-se o conceito de controle das frequ\u00eancias cerebrais para uma ampla variedade de usos, como aprimoramento da aprendizagem e tratamento de dist\u00farbios como TDAH e Dislexia. Atualizamos a tecnologia original ao adotar novos equipamentos e softwares de eletroencefalografia e neurofeedback, al\u00e9m de aperfei\u00e7oar a fabrica\u00e7\u00e3o do Sinergizador Neuronal \u00d3ptico-Ac\u00fastico, o que resultou no Sistema Brainwave III.<\/p>\n\n\n\n<p>O Curso Saber Aprender foi criado originalmente para um grupo cultural espec\u00edfico (empreendedores europeus dos anos 90) e, por isso, era extremamente seletivo em sua abordagem e tinha um p\u00fablico-alvo muito limitado. Conscientes de quanto o mundo mudou e a tecnologia evoluiu ao longo das \u00faltimas duas d\u00e9cadas, o curso precisava se transformar. Uma nova vis\u00e3o internacional e intercultural possibilitou esse desenvolvimento, que levou ao surgimento do Alphalearning Internacional.<\/p>\n\n\n\n<p>Essa moderniza\u00e7\u00e3o segue em andamento e ser\u00e1 constante, pois estamos atentos ao desenvolvimento de novas tecnologias e \u00e0 diversidade de novas situa\u00e7\u00f5es que nossos clientes trazem a cada curso. Tanto na parte tecnol\u00f3gica quanto nas t\u00e9cnicas de comunica\u00e7\u00e3o pessoal, estaremos sempre aliados \u00e0s grandes empresas e pesquisadores para garantir o sucesso de cada curso.<\/p>\n\n\n\n<div class=\"wp-block-uagb-advanced-heading uagb-block-a574bd91\"><h2 class=\"uagb-heading-text\">Instrutores do Alphalearning<\/h2><\/div>\n\n\n\n<p>Os instrutores do Alphalearning Internacional se formaram no Instituto Alphalearning, na Esc\u00f3cia, em 2010 e, nos anos seguintes, conclu\u00edram um treinamento intensivo. Eles come\u00e7aram a coletar dados sobre a aplica\u00e7\u00e3o do controle das frequ\u00eancias cerebrais em diversas \u00e1reas, realizaram seus pr\u00f3prios estudos e pesquisas, e desenvolveram um sistema espec\u00edfico para performance musical. Paralelamente, ministraram diversos cursos de treinamento, sess\u00f5es de avalia\u00e7\u00e3o e orienta\u00e7\u00f5es personalizadas.<\/p>\n\n\n\n<p>Membros de associa\u00e7\u00f5es de alto QI e prest\u00edgio internacional, como Mensa, Triple Nine, Prometheus e Olympiq Societies, os instrutores do Alphalearning Internacional conseguem aliar objetividade extrema \u00e0 intui\u00e7\u00e3o necess\u00e1ria para orientar os clientes no desenvolvimento das compet\u00eancias indispens\u00e1veis para alcan\u00e7ar seus objetivos. Compet\u00eancias t\u00e3o diversas quanto alto desempenho acad\u00eamico e art\u00edstico, t\u00e9cnicas de medita\u00e7\u00e3o, dom\u00ednio de estados alterados de consci\u00eancia, estrat\u00e9gia e sistemas automatizados de investimentos em mercados financeiros internacionais, al\u00e9m de relacionamentos interpessoais (dentro e fora do ambiente corporativo), s\u00e3o apenas algumas das dominadas pelos instrutores do Alphalearning Internacional, que podem ser oferecidas aos nossos clientes.<\/p>\n\n\n\n<p>Aliada \u00e0 ampla forma\u00e7\u00e3o e experi\u00eancia na \u00e1rea de treinamento cerebral\/neurofeedback e \u00e0s diversas habilidades desenvolvidas pelos instrutores\u2014ambas essenciais \u00e0 abordagem do Alphalearning Internacional\u2014h\u00e1 ainda uma vasta e rica bagagem cultural. Essa bagagem foi adquirida por meio do contato direto com pa\u00edses e culturas do Oriente, como China, Jap\u00e3o, \u00cdndia, Nepal, Tail\u00e2ndia e Camboja, do mundo mu\u00e7ulmano, como Egito, Jord\u00e2nia, Turquia e Mal\u00e1sia, al\u00e9m de grande parte da Europa, dos Estados Unidos e da Am\u00e9rica do Sul.<br>O Alphalearning Internacional oferece ao cliente a certeza de estar em m\u00e3os de instrutores plenamente qualificados e dedicados, capazes de perceber o momento e se adaptar para oferecer um curso profissional e sob medida.<\/p>\n<\/div>\n<\/div><\/div>\n","protected":false},"excerpt":{"rendered":"<p>Hist\u00f3ria do Alphalearning Internacional Alphalearning naImprensa Internacional Coment\u00e1rios de participantes do Curso Saber Aprender Do Instituto Alphalearning ao Alphalearning Internacional [&hellip;]<\/p>\n","protected":false},"author":2,"featured_media":0,"parent":0,"menu_order":700,"comment_status":"closed","ping_status":"closed","template":"","meta":{"_uag_custom_page_level_css":"","site-sidebar-layout":"default","site-content-layout":"","ast-site-content-layout":"default","site-content-style":"default","site-sidebar-style":"default","ast-global-header-display":"","ast-banner-title-visibility":"","ast-main-header-display":"","ast-hfb-above-header-display":"","ast-hfb-below-header-display":"","ast-hfb-mobile-header-display":"","site-post-title":"disabled","ast-breadcrumbs-content":"","ast-featured-img":"","footer-sml-layout":"","ast-disable-related-posts":"","theme-transparent-header-meta":"","adv-header-id-meta":"","stick-header-meta":"","header-above-stick-meta":"","header-main-stick-meta":"","header-below-stick-meta":"","astra-migrate-meta-layouts":"default","ast-page-background-enabled":"default","ast-page-background-meta":{"desktop":{"background-color":"var(--ast-global-color-4)","background-image":"","background-repeat":"repeat","background-position":"center center","background-size":"auto","background-attachment":"scroll","background-type":"","background-media":"","overlay-type":"","overlay-color":"","overlay-opacity":"","overlay-gradient":""},"tablet":{"background-color":"","background-image":"","background-repeat":"repeat","background-position":"center center","background-size":"auto","background-attachment":"scroll","background-type":"","background-media":"","overlay-type":"","overlay-color":"","overlay-opacity":"","overlay-gradient":""},"mobile":{"background-color":"","background-image":"","background-repeat":"repeat","background-position":"center center","background-size":"auto","background-attachment":"scroll","background-type":"","background-media":"","overlay-type":"","overlay-color":"","overlay-opacity":"","overlay-gradient":""}},"ast-content-background-meta":{"desktop":{"background-color":"var(--ast-global-color-5)","background-image":"","background-repeat":"repeat","background-position":"center center","background-size":"auto","background-attachment":"scroll","background-type":"","background-media":"","overlay-type":"","overlay-color":"","overlay-opacity":"","overlay-gradient":""},"tablet":{"background-color":"var(--ast-global-color-5)","background-image":"","background-repeat":"repeat","background-position":"center center","background-size":"auto","background-attachment":"scroll","background-type":"","background-media":"","overlay-type":"","overlay-color":"","overlay-opacity":"","overlay-gradient":""},"mobile":{"background-color":"var(--ast-global-color-5)","background-image":"","background-repeat":"repeat","background-position":"center center","background-size":"auto","background-attachment":"scroll","background-type":"","background-media":"","overlay-type":"","overlay-color":"","overlay-opacity":"","overlay-gradient":""}},"footnotes":""},"class_list":["post-12590","page","type-page","status-publish","hentry"],"yoast_head":"<!-- This site is optimized with the Yoast SEO plugin v27.1.1 - https:\/\/yoast.com\/product\/yoast-seo-wordpress\/ -->\n<title>Alphalearning International History - 35 Years of Research<\/title>\n<meta name=\"description\" content=\"Alphalearning International is the result of decades of research with brain frequencies control for a wide range of uses, acting directly in the brain.\" \/>\n<meta name=\"robots\" content=\"index, follow, max-snippet:-1, max-image-preview:large, max-video-preview:-1\" \/>\n<link rel=\"canonical\" href=\"https:\/\/alphalearning.com\/pt\/sobre\/\" \/>\n<meta property=\"og:locale\" content=\"pt_PT\" \/>\n<meta property=\"og:type\" content=\"article\" \/>\n<meta property=\"og:title\" content=\"Alphalearning International History - 35 Years of Research\" \/>\n<meta property=\"og:description\" content=\"Alphalearning International is the result of decades of research with brain frequencies control for a wide range of uses, acting directly in the brain.\" \/>\n<meta property=\"og:url\" content=\"https:\/\/alphalearning.com\/pt\/sobre\/\" \/>\n<meta property=\"og:site_name\" content=\"Alphalearning International\" \/>\n<meta property=\"article:modified_time\" content=\"2025-02-25T18:30:21+00:00\" \/>\n<meta property=\"og:image\" content=\"https:\/\/alphalearning.com\/wp-content\/uploads\/2024\/04\/alphalearning-logo_red_1200x675px.png\" \/>\n\t<meta property=\"og:image:width\" content=\"1200\" \/>\n\t<meta property=\"og:image:height\" content=\"675\" \/>\n\t<meta property=\"og:image:type\" content=\"image\/png\" \/>\n<meta name=\"twitter:card\" content=\"summary_large_image\" \/>\n<meta name=\"twitter:label1\" content=\"Est. reading time\" \/>\n\t<meta name=\"twitter:data1\" content=\"3 minutes\" \/>\n<!-- \/ Yoast SEO plugin. -->","yoast_head_json":{"title":"Alphalearning International History - 35 Years of Research","description":"Alphalearning International is the result of decades of research with brain frequencies control for a wide range of uses, acting directly in the brain.","robots":{"index":"index","follow":"follow","max-snippet":"max-snippet:-1","max-image-preview":"max-image-preview:large","max-video-preview":"max-video-preview:-1"},"canonical":"https:\/\/alphalearning.com\/pt\/sobre\/","og_locale":"pt_PT","og_type":"article","og_title":"Alphalearning International History - 35 Years of Research","og_description":"Alphalearning International is the result of decades of research with brain frequencies control for a wide range of uses, acting directly in the brain.","og_url":"https:\/\/alphalearning.com\/pt\/sobre\/","og_site_name":"Alphalearning International","article_modified_time":"2025-02-25T18:30:21+00:00","og_image":[{"width":1200,"height":675,"url":"https:\/\/alphalearning.com\/wp-content\/uploads\/2024\/04\/alphalearning-logo_red_1200x675px.png","type":"image\/png"}],"twitter_card":"summary_large_image","twitter_misc":{"Est. reading time":"3 minutes"},"schema":{"@context":"https:\/\/schema.org","@graph":[{"@type":"WebPage","@id":"https:\/\/alphalearning.com\/pt\/sobre\/","url":"https:\/\/alphalearning.com\/pt\/sobre\/","name":"Alphalearning International History - 35 Years of Research","isPartOf":{"@id":"https:\/\/alphalearning.com\/pt\/#website"},"datePublished":"2024-03-27T16:19:14+00:00","dateModified":"2025-02-25T18:30:21+00:00","description":"Alphalearning International is the result of decades of research with brain frequencies control for a wide range of uses, acting directly in the brain.","breadcrumb":{"@id":"https:\/\/alphalearning.com\/pt\/sobre\/#breadcrumb"},"inLanguage":"pt","potentialAction":[{"@type":"ReadAction","target":["https:\/\/alphalearning.com\/pt\/sobre\/"]}]},{"@type":"BreadcrumbList","@id":"https:\/\/alphalearning.com\/pt\/sobre\/#breadcrumb","itemListElement":[{"@type":"ListItem","position":1,"name":"Home","item":"https:\/\/alphalearning.com\/pt\/"},{"@type":"ListItem","position":2,"name":"Sobre"}]},{"@type":"WebSite","@id":"https:\/\/alphalearning.com\/pt\/#website","url":"https:\/\/alphalearning.com\/pt\/","name":"Alphalearning International","description":"the brain training institute","publisher":{"@id":"https:\/\/alphalearning.com\/pt\/#organization"},"potentialAction":[{"@type":"SearchAction","target":{"@type":"EntryPoint","urlTemplate":"https:\/\/alphalearning.com\/pt\/?s={search_term_string}"},"query-input":{"@type":"PropertyValueSpecification","valueRequired":true,"valueName":"search_term_string"}}],"inLanguage":"pt"},{"@type":"Organization","@id":"https:\/\/alphalearning.com\/pt\/#organization","name":"Alphalearning International","url":"https:\/\/alphalearning.com\/pt\/","logo":{"@type":"ImageObject","inLanguage":"pt","@id":"https:\/\/alphalearning.com\/pt\/#\/schema\/logo\/image\/","url":"https:\/\/alphalearning.com\/wp-content\/uploads\/2024\/03\/alphalearning_ico2_512px.png","contentUrl":"https:\/\/alphalearning.com\/wp-content\/uploads\/2024\/03\/alphalearning_ico2_512px.png","width":512,"height":512,"caption":"Alphalearning International"},"image":{"@id":"https:\/\/alphalearning.com\/pt\/#\/schema\/logo\/image\/"}}]}},"uagb_featured_image_src":{"full":false,"thumbnail":false,"medium":false,"medium_large":false,"large":false,"1536x1536":false,"2048x2048":false,"gform-image-choice-sm":false,"gform-image-choice-md":false,"gform-image-choice-lg":false},"uagb_author_info":{"display_name":"Julio Machado","author_link":"https:\/\/alphalearning.com\/pt\/author\/julio-machado\/"},"uagb_comment_info":0,"uagb_excerpt":"Hist\u00f3ria do Alphalearning Internacional Alphalearning naImprensa Internacional Coment\u00e1rios de participantes do Curso Saber Aprender Do Instituto Alphalearning ao Alphalearning Internacional [&hellip;]","_links":{"self":[{"href":"https:\/\/alphalearning.com\/pt\/wp-json\/wp\/v2\/pages\/12590","targetHints":{"allow":["GET"]}}],"collection":[{"href":"https:\/\/alphalearning.com\/pt\/wp-json\/wp\/v2\/pages"}],"about":[{"href":"https:\/\/alphalearning.com\/pt\/wp-json\/wp\/v2\/types\/page"}],"author":[{"embeddable":true,"href":"https:\/\/alphalearning.com\/pt\/wp-json\/wp\/v2\/users\/2"}],"replies":[{"embeddable":true,"href":"https:\/\/alphalearning.com\/pt\/wp-json\/wp\/v2\/comments?post=12590"}],"version-history":[{"count":4,"href":"https:\/\/alphalearning.com\/pt\/wp-json\/wp\/v2\/pages\/12590\/revisions"}],"predecessor-version":[{"id":15350,"href":"https:\/\/alphalearning.com\/pt\/wp-json\/wp\/v2\/pages\/12590\/revisions\/15350"}],"wp:attachment":[{"href":"https:\/\/alphalearning.com\/pt\/wp-json\/wp\/v2\/media?parent=12590"}],"curies":[{"name":"wp","href":"https:\/\/api.w.org\/{rel}","templated":true}]}}