{"id":13617,"date":"2024-03-27T16:46:34","date_gmt":"2024-03-27T16:46:34","guid":{"rendered":"https:\/\/alphalearning.com\/tarification\/evaluation-session\/"},"modified":"2025-03-02T08:57:19","modified_gmt":"2025-03-02T08:57:19","slug":"session-evaluation","status":"publish","type":"page","link":"https:\/\/alphalearning.com\/fr\/tarification\/session-evaluation\/","title":{"rendered":"Prix de la Session d&#8217;\u00c9valuation"},"content":{"rendered":"\n<div class=\"wp-block-uagb-advanced-heading uagb-block-0a84867a\"><h1 class=\"uagb-heading-text\">Tarification de la Session d\u2019\u00c9valuation Alphalearning<\/h1><\/div>\n\n\n\n<div class=\"wp-block-uagb-container uagb-block-6c2dfd9c alignfull uagb-is-root-container\"><div class=\"uagb-container-inner-blocks-wrap\">\n<div class=\"wp-block-uagb-advanced-heading uagb-block-d49668b1\"><h2 class=\"uagb-heading-text\">Session d\u2019\u00c9valuation \u2013 1 500 \u20ac<\/h2><\/div>\n\n\n\n<p>La Session d\u2019\u00c9valuation dure environ quatre heures et constitue une version condens\u00e9e du premier jour de notre cours Apprendre \u00e0 Apprendre. Elle se compose de quatre \u00e9l\u00e9ments centraux :<\/p>\n\n\n\n<ol class=\"wp-block-list\">\n<li>Elle d\u00e9bute par une s\u00e9rie de tests neurologiques et de relev\u00e9s EEG (\u00e9lectroenc\u00e9phalogramme) afin d\u2019\u00e9valuer l\u2019activit\u00e9 c\u00e9r\u00e9brale avant la stimulation.<\/li>\n\n\n\n<li>Apr\u00e8s ces premiers relev\u00e9s, nous param\u00e9trons le Brainwave III avec des programmes sp\u00e9cifiques pour diffuser des stimuli lumineux et sonores, tout en enregistrant en continu les ondes c\u00e9r\u00e9brales gr\u00e2ce \u00e0 l\u2019\u00e9quipement EEG.<\/li>\n\n\n\n<li>Une fois la stimulation effectu\u00e9e, les m\u00eames tests neurologiques et relev\u00e9s EEG sont r\u00e9p\u00e9t\u00e9s comme au d\u00e9but.<\/li>\n\n\n\n<li>Les r\u00e9sultats des tests et de l\u2019EEG sont ensuite expliqu\u00e9s en d\u00e9tail, en mettant l\u2019accent sur les solutions possibles aux probl\u00e8mes ou objectifs du client, ainsi que sur la mani\u00e8re de les atteindre gr\u00e2ce aux techniques d\u2019Alphalearning et \u00e0 l\u2019entra\u00eenement avec le Brainwave III.<\/li>\n<\/ol>\n\n\n\n<p>Les diff\u00e9rentes options pour la Session d\u2019\u00c9valuation, selon l\u2019utilisation de l\u2019\u00e9quipement Brainwave III, sont les suivantes :<\/p>\n\n\n\n<ul class=\"wp-block-list\">\n<li>Le client se rend \u00e0 Braga (Portugal), o\u00f9 Alphalearning met \u00e0 disposition son bureau pour la Session d\u2019\u00c9valuation.<\/li>\n\n\n\n<li>Si le client conna\u00eet quelqu\u2019un ayant acc\u00e8s au Brainwave III, la session peut se d\u00e9rouler \u00e0 distance par visioconf\u00e9rence, avec la participation active de ce tiers.<\/li>\n\n\n\n<li>Les clients peuvent contacter Alphalearning pour trouver un professionnel utilisant la technologie Brainwave dans leur pays. La session peut alors \u00eatre effectu\u00e9e \u00e0 distance par visioconf\u00e9rence, avec la participation active de ce professionnel.<\/li>\n\n\n\n<li>Une option valable partout dans le monde est \u00e9galement disponible\u202f: le client prend en charge les frais de d\u00e9placement et d\u2019h\u00e9bergement de l\u2019instructeur, fournit un lieu pour la Session d\u2019\u00c9valuation, et acquitte un suppl\u00e9ment de 1 500 \u20ac par jour d\u2019absence de l\u2019instructeur de son bureau.<\/li>\n<\/ul>\n\n\n\n<p>Si vous n\u2019\u00eates toujours pas certain de la mani\u00e8re dont Alphalearning peut vous aider, <a href=\"https:\/\/alphalearning.com\/contact\/\">posez vos questions ici<\/a>.<\/p>\n\n\n\n<div class=\"wp-block-uagb-advanced-heading uagb-block-19912766\"><h3 class=\"uagb-heading-text\">Conditions de paiement<\/h3><\/div>\n\n\n\n<ul class=\"wp-block-list\">\n<li>La r\u00e9servation d\u2019une Session d\u2019\u00c9valuation requiert un acompte de 30\u202f% pour garantir votre cr\u00e9neau. Le solde doit \u00eatre r\u00e9gl\u00e9 au plus tard 45\u202fjours avant le d\u00e9but de votre Session.<\/li>\n\n\n\n<li>Nous proposons diff\u00e9rents modes de paiement en fonction de votre localisation. Alphalearning dispose de comptes bancaires dans la r\u00e9gion SEPA en Europe, au Royaume-Uni, aux \u00c9tats-Unis et en Australie. Nous acceptons \u00e9galement les stablecoins (USDt et USDc) et, dans certaines circonstances sp\u00e9cifiques, PayPal\/cartes de cr\u00e9dit, Bitcoin et Ethereum. Les m\u00e9thodes de paiement applicables seront d\u00e9taill\u00e9es dans votre contrat.<\/li>\n<\/ul>\n\n\n\n<p class=\"has-text-align-center\"><a href=\"https:\/\/alphalearning.com\/contact\/\">Contactez-nous pour planifier un entretien en visioconf\u00e9rence et entamer votre processus de candidature<\/a>.<\/p>\n\n\n\n<p class=\"has-text-align-center\"><strong>ALPHALEARNING INTERNATIONAL<\/strong><br>Royaume-Uni\u202f: +44 20 8638 5321 :: Portugal\u202f: +351 253 193 321<\/p>\n\n\n\n<p class=\"has-text-align-center\">D\u00e9couvrez-en plus sur&nbsp;<a href=\"https:\/\/alphalearning.com\/fr\/\">Alphalearning.com\/fr\/<\/a><\/p>\n<\/div><\/div>\n","protected":false},"excerpt":{"rendered":"<p>Tarification de la Session d\u2019\u00c9valuation Alphalearning Session d\u2019\u00c9valuation \u2013 1 500 \u20ac La Session d\u2019\u00c9valuation dure environ quatre heures et [&hellip;]<\/p>\n","protected":false},"author":2,"featured_media":0,"parent":13594,"menu_order":603,"comment_status":"closed","ping_status":"closed","template":"","meta":{"_uag_custom_page_level_css":"","site-sidebar-layout":"default","site-content-layout":"","ast-site-content-layout":"default","site-content-style":"default","site-sidebar-style":"default","ast-global-header-display":"","ast-banner-title-visibility":"","ast-main-header-display":"","ast-hfb-above-header-display":"","ast-hfb-below-header-display":"","ast-hfb-mobile-header-display":"","site-post-title":"disabled","ast-breadcrumbs-content":"","ast-featured-img":"","footer-sml-layout":"","ast-disable-related-posts":"","theme-transparent-header-meta":"","adv-header-id-meta":"","stick-header-meta":"","header-above-stick-meta":"","header-main-stick-meta":"","header-below-stick-meta":"","astra-migrate-meta-layouts":"default","ast-page-background-enabled":"default","ast-page-background-meta":{"desktop":{"background-color":"var(--ast-global-color-4)","background-image":"","background-repeat":"repeat","background-position":"center center","background-size":"auto","background-attachment":"scroll","background-type":"","background-media":"","overlay-type":"","overlay-color":"","overlay-opacity":"","overlay-gradient":""},"tablet":{"background-color":"","background-image":"","background-repeat":"repeat","background-position":"center center","background-size":"auto","background-attachment":"scroll","background-type":"","background-media":"","overlay-type":"","overlay-color":"","overlay-opacity":"","overlay-gradient":""},"mobile":{"background-color":"","background-image":"","background-repeat":"repeat","background-position":"center center","background-size":"auto","background-attachment":"scroll","background-type":"","background-media":"","overlay-type":"","overlay-color":"","overlay-opacity":"","overlay-gradient":""}},"ast-content-background-meta":{"desktop":{"background-color":"var(--ast-global-color-5)","background-image":"","background-repeat":"repeat","background-position":"center center","background-size":"auto","background-attachment":"scroll","background-type":"","background-media":"","overlay-type":"","overlay-color":"","overlay-opacity":"","overlay-gradient":""},"tablet":{"background-color":"var(--ast-global-color-5)","background-image":"","background-repeat":"repeat","background-position":"center center","background-size":"auto","background-attachment":"scroll","background-type":"","background-media":"","overlay-type":"","overlay-color":"","overlay-opacity":"","overlay-gradient":""},"mobile":{"background-color":"var(--ast-global-color-5)","background-image":"","background-repeat":"repeat","background-position":"center center","background-size":"auto","background-attachment":"scroll","background-type":"","background-media":"","overlay-type":"","overlay-color":"","overlay-opacity":"","overlay-gradient":""}},"footnotes":""},"class_list":["post-13617","page","type-page","status-publish","hentry"],"yoast_head":"<!-- This site is optimized with the Yoast SEO plugin v27.1.1 - https:\/\/yoast.com\/product\/yoast-seo-wordpress\/ -->\n<title>Session d\u2019\u00c9valuation Alphalearning\u00a0: Tarifs et Avantages<\/title>\n<meta name=\"description\" content=\"D\u00e9couvrez comment la Session d\u2019\u00c9valuation d\u2019Alphalearning utilise le Brainwave III pour personnaliser votre formation et optimiser vos r\u00e9sultats.\" \/>\n<meta name=\"robots\" content=\"index, follow, max-snippet:-1, max-image-preview:large, max-video-preview:-1\" \/>\n<link rel=\"canonical\" href=\"https:\/\/alphalearning.com\/fr\/tarification\/session-evaluation\/\" \/>\n<meta property=\"og:locale\" content=\"fr_FR\" \/>\n<meta property=\"og:type\" content=\"article\" \/>\n<meta property=\"og:title\" content=\"Session d\u2019\u00c9valuation Alphalearning\u00a0: Tarifs et Avantages\" \/>\n<meta property=\"og:description\" content=\"D\u00e9couvrez comment la Session d\u2019\u00c9valuation d\u2019Alphalearning utilise le Brainwave III pour personnaliser votre formation et optimiser vos r\u00e9sultats.\" \/>\n<meta property=\"og:url\" content=\"https:\/\/alphalearning.com\/fr\/tarification\/session-evaluation\/\" \/>\n<meta property=\"og:site_name\" content=\"Alphalearning International\" \/>\n<meta property=\"article:modified_time\" content=\"2025-03-02T08:57:19+00:00\" \/>\n<meta property=\"og:image\" content=\"https:\/\/alphalearning.com\/wp-content\/uploads\/2024\/04\/alphalearning-logo_red_1200x675px.png\" \/>\n\t<meta property=\"og:image:width\" content=\"1200\" \/>\n\t<meta property=\"og:image:height\" content=\"675\" \/>\n\t<meta property=\"og:image:type\" content=\"image\/png\" \/>\n<meta name=\"twitter:card\" content=\"summary_large_image\" \/>\n<meta name=\"twitter:label1\" content=\"Est. reading time\" \/>\n\t<meta name=\"twitter:data1\" content=\"2 minutes\" \/>\n<!-- \/ Yoast SEO plugin. -->","yoast_head_json":{"title":"Session d\u2019\u00c9valuation Alphalearning\u00a0: Tarifs et Avantages","description":"D\u00e9couvrez comment la Session d\u2019\u00c9valuation d\u2019Alphalearning utilise le Brainwave III pour personnaliser votre formation et optimiser vos r\u00e9sultats.","robots":{"index":"index","follow":"follow","max-snippet":"max-snippet:-1","max-image-preview":"max-image-preview:large","max-video-preview":"max-video-preview:-1"},"canonical":"https:\/\/alphalearning.com\/fr\/tarification\/session-evaluation\/","og_locale":"fr_FR","og_type":"article","og_title":"Session d\u2019\u00c9valuation Alphalearning\u00a0: Tarifs et Avantages","og_description":"D\u00e9couvrez comment la Session d\u2019\u00c9valuation d\u2019Alphalearning utilise le Brainwave III pour personnaliser votre formation et optimiser vos r\u00e9sultats.","og_url":"https:\/\/alphalearning.com\/fr\/tarification\/session-evaluation\/","og_site_name":"Alphalearning International","article_modified_time":"2025-03-02T08:57:19+00:00","og_image":[{"width":1200,"height":675,"url":"https:\/\/alphalearning.com\/wp-content\/uploads\/2024\/04\/alphalearning-logo_red_1200x675px.png","type":"image\/png"}],"twitter_card":"summary_large_image","twitter_misc":{"Est. reading time":"2 minutes"},"schema":{"@context":"https:\/\/schema.org","@graph":[{"@type":"WebPage","@id":"https:\/\/alphalearning.com\/fr\/tarification\/session-evaluation\/","url":"https:\/\/alphalearning.com\/fr\/tarification\/session-evaluation\/","name":"Session d\u2019\u00c9valuation Alphalearning\u00a0: Tarifs et Avantages","isPartOf":{"@id":"https:\/\/alphalearning.com\/fr\/#website"},"datePublished":"2024-03-27T16:46:34+00:00","dateModified":"2025-03-02T08:57:19+00:00","description":"D\u00e9couvrez comment la Session d\u2019\u00c9valuation d\u2019Alphalearning utilise le Brainwave III pour personnaliser votre formation et optimiser vos r\u00e9sultats.","breadcrumb":{"@id":"https:\/\/alphalearning.com\/fr\/tarification\/session-evaluation\/#breadcrumb"},"inLanguage":"fr","potentialAction":[{"@type":"ReadAction","target":["https:\/\/alphalearning.com\/fr\/tarification\/session-evaluation\/"]}]},{"@type":"BreadcrumbList","@id":"https:\/\/alphalearning.com\/fr\/tarification\/session-evaluation\/#breadcrumb","itemListElement":[{"@type":"ListItem","position":1,"name":"Home","item":"https:\/\/alphalearning.com\/fr\/"},{"@type":"ListItem","position":2,"name":"Liste de Prix","item":"https:\/\/alphalearning.com\/fr\/tarification\/"},{"@type":"ListItem","position":3,"name":"Prix de la Session d&#8217;\u00c9valuation"}]},{"@type":"WebSite","@id":"https:\/\/alphalearning.com\/fr\/#website","url":"https:\/\/alphalearning.com\/fr\/","name":"Alphalearning International","description":"the brain training institute","publisher":{"@id":"https:\/\/alphalearning.com\/fr\/#organization"},"potentialAction":[{"@type":"SearchAction","target":{"@type":"EntryPoint","urlTemplate":"https:\/\/alphalearning.com\/fr\/?s={search_term_string}"},"query-input":{"@type":"PropertyValueSpecification","valueRequired":true,"valueName":"search_term_string"}}],"inLanguage":"fr"},{"@type":"Organization","@id":"https:\/\/alphalearning.com\/fr\/#organization","name":"Alphalearning International","url":"https:\/\/alphalearning.com\/fr\/","logo":{"@type":"ImageObject","inLanguage":"fr","@id":"https:\/\/alphalearning.com\/fr\/#\/schema\/logo\/image\/","url":"https:\/\/alphalearning.com\/wp-content\/uploads\/2024\/03\/alphalearning_ico2_512px.png","contentUrl":"https:\/\/alphalearning.com\/wp-content\/uploads\/2024\/03\/alphalearning_ico2_512px.png","width":512,"height":512,"caption":"Alphalearning International"},"image":{"@id":"https:\/\/alphalearning.com\/fr\/#\/schema\/logo\/image\/"}}]}},"uagb_featured_image_src":{"full":false,"thumbnail":false,"medium":false,"medium_large":false,"large":false,"1536x1536":false,"2048x2048":false,"gform-image-choice-sm":false,"gform-image-choice-md":false,"gform-image-choice-lg":false},"uagb_author_info":{"display_name":"Julio Machado","author_link":"https:\/\/alphalearning.com\/fr\/author\/julio-machado\/"},"uagb_comment_info":0,"uagb_excerpt":"Tarification de la Session d\u2019\u00c9valuation Alphalearning Session d\u2019\u00c9valuation \u2013 1 500 \u20ac La Session d\u2019\u00c9valuation dure environ quatre heures et [&hellip;]","_links":{"self":[{"href":"https:\/\/alphalearning.com\/fr\/wp-json\/wp\/v2\/pages\/13617","targetHints":{"allow":["GET"]}}],"collection":[{"href":"https:\/\/alphalearning.com\/fr\/wp-json\/wp\/v2\/pages"}],"about":[{"href":"https:\/\/alphalearning.com\/fr\/wp-json\/wp\/v2\/types\/page"}],"author":[{"embeddable":true,"href":"https:\/\/alphalearning.com\/fr\/wp-json\/wp\/v2\/users\/2"}],"replies":[{"embeddable":true,"href":"https:\/\/alphalearning.com\/fr\/wp-json\/wp\/v2\/comments?post=13617"}],"version-history":[{"count":3,"href":"https:\/\/alphalearning.com\/fr\/wp-json\/wp\/v2\/pages\/13617\/revisions"}],"predecessor-version":[{"id":15415,"href":"https:\/\/alphalearning.com\/fr\/wp-json\/wp\/v2\/pages\/13617\/revisions\/15415"}],"up":[{"embeddable":true,"href":"https:\/\/alphalearning.com\/fr\/wp-json\/wp\/v2\/pages\/13594"}],"wp:attachment":[{"href":"https:\/\/alphalearning.com\/fr\/wp-json\/wp\/v2\/media?parent=13617"}],"curies":[{"name":"wp","href":"https:\/\/api.w.org\/{rel}","templated":true}]}}